{"id":98821,"date":"2024-04-29T15:23:47","date_gmt":"2024-04-29T13:23:47","guid":{"rendered":"https:\/\/letrame.com\/catalogo\/producto\/nacido-de-un-error-volumen-1\/"},"modified":"2024-04-29T15:23:50","modified_gmt":"2024-04-29T13:23:50","slug":"nacido-de-un-error-volumen-1","status":"publish","type":"product","link":"https:\/\/letrame.com\/catalogo\/producto\/nacido-de-un-error-volumen-1\/","title":{"rendered":"Nacido de un error. Volumen 1"},"content":{"rendered":"<p><strong>ISBN<\/strong>: 978-84-1144-734-8<\/p>\n<p><strong>T\u00edtulo<\/strong>: Nacido de un error. Volumen 1<br \/>\n<strong>Fecha<\/strong>: 2023<br \/>\n<strong>P\u00e1ginas<\/strong>: 812<\/p>\n<p><strong>SINOPSIS<\/strong><\/p>\n<p>Los hechos que se narran, como exposici\u00f3n de acontecimientos pasados, tuvieron su arranque en un pueblo de Extremadura, a\u00f1os despu\u00e9s de haber dejado atr\u00e1s la \u201cgran verg\u00fcenza\u201d, insuficientes a\u00fan para dejar limpias las respectivas conciencias.<\/p>\n<p>Fueron ciertos, como la vida misma, si bien con aportes de fantas\u00eda y buen humor de los que el autor no quiso desprenderse, al plasmar sobre el papel una historia que a la gente que la conoci\u00f3 no dej\u00f3 en nada indiferente.<\/p>\n<p>Paca, Paquita la llamaban, por ese h\u00e1bito tan com\u00fan en muchos lugares de empeque\u00f1ecer lo natural, como si con ello lo hicieran m\u00e1s pr\u00f3ximo, fue la v\u00edctima propiciatoria que le toc\u00f3 padecer la acci\u00f3n vil nacida al socaire de la irracionalidad. Y, para m\u00e1s inri, tuvo que sufrir en sus propias carnes la incomprensi\u00f3n de una sociedad aldeana, anclada en el pasado m\u00e1s rancio, fruto de la \u201ceducaci\u00f3n\u201d impuesta por el color de moda, el azul, en comuni\u00f3n diaria con el p\u00farpura, cual patricio romano, bajo el palio ganador.<\/p>\n<p>Igual que a una yegua la mont\u00f3, sin pedir permiso a nadie, tan solo a la inhumana conciencia. Y, al final, lo que no debi\u00f3 ser, se convirti\u00f3 en triste realidad; y, con esta, la mala fama la acompa\u00f1\u00f3 para no separarse jam\u00e1s, extendi\u00e9ndose a los dos: a la madre, sin tener culpa de nada y, al hijo, por la misma sinraz\u00f3n.<\/p>\n<p>\u00bfAh&#8230;! la maledicencia\u2026, la m\u00e1s veloz de las plagas, que en su expansi\u00f3n ensucia a la inocencia sin que esta pueda hacer nada, mientras el causante del mal campa libre y a sus anchas.<\/p>\n<p>Al final, el amor pudo borrar la \u201cmancha\u201d, y lo que antes fue negro, se convirti\u00f3, como por arte de magia, en blancura inmaculada. C\u00f3mo si no pod\u00eda ser aquel amor generoso, de entrega total hacia aquella poquita cosa, cuando con su mirada transparente, de pura inocencia, parec\u00eda querer decirle: \u201cy, yo, \u00bfqu\u00e9 culpa tengo\u2026?\u201d<\/p>\n","protected":false},"excerpt":{"rendered":"<p><strong>ISBN<\/strong>: 978-84-1144-734-8<\/p>\n<p><strong>SINOPSIS<\/strong><\/p>\n<p>Los hechos que se narran, como exposici\u00f3n de acontecimientos pasados, tuvieron su arranque en un pueblo de Extremadura, a\u00f1os despu\u00e9s de haber dejado atr\u00e1s la \u201cgran verg\u00fcenza\u201d, insuficientes a\u00fan para dejar limpias las respectivas conciencias.<\/p>\n<p>Fueron ciertos, como la vida misma, si bien con aportes de fantas\u00eda y buen humor de los que el autor no quiso desprenderse, al plasmar sobre el papel una historia que a la gente que la conoci\u00f3 no dej\u00f3 en nada indiferente.<\/p>\n<p>Paca, Paquita la llamaban, por ese h\u00e1bito tan com\u00fan en muchos lugares de empeque\u00f1ecer lo natural, como si con ello lo hicieran m\u00e1s pr\u00f3ximo, fue la v\u00edctima propiciatoria que le toc\u00f3 padecer la acci\u00f3n vil nacida al socaire de la irracionalidad. Y, para m\u00e1s inri, tuvo que sufrir en sus propias carnes la incomprensi\u00f3n de una sociedad aldeana, anclada en el pasado m\u00e1s rancio, fruto de la \u201ceducaci\u00f3n\u201d impuesta por el color de moda, el azul, en comuni\u00f3n diaria con el p\u00farpura, cual patricio romano, bajo el palio ganador.<\/p>\n<p>Igual que a una yegua la mont\u00f3, sin pedir permiso a nadie, tan solo a la inhumana conciencia. Y, al final, lo que no debi\u00f3 ser, se convirti\u00f3 en triste realidad; y, con esta, la mala fama la acompa\u00f1\u00f3 para no separarse jam\u00e1s, extendi\u00e9ndose a los dos: a la madre, sin tener culpa de nada y, al hijo, por la misma sinraz\u00f3n.<\/p>\n<p>\u00bfAh&#8230;! la maledicencia\u2026, la m\u00e1s veloz de las plagas, que en su expansi\u00f3n ensucia a la inocencia sin que esta pueda hacer nada, mientras el causante del mal campa libre y a sus anchas.<\/p>\n<p>Al final, el amor pudo borrar la \u201cmancha\u201d, y lo que antes fue negro, se convirti\u00f3, como por arte de magia, en blancura inmaculada. C\u00f3mo si no pod\u00eda ser aquel amor generoso, de entrega total hacia aquella poquita cosa, cuando con su mirada transparente, de pura inocencia, parec\u00eda querer decirle: \u201cy, yo, \u00bfqu\u00e9 culpa tengo\u2026?\u201d<\/p>\n","protected":false},"featured_media":98822,"comment_status":"closed","ping_status":"open","template":"","meta":{"_acf_changed":false},"libro":[],"product_brand":[],"product_cat":[26],"product_tag":[],"class_list":{"0":"post-98821","1":"product","2":"type-product","3":"status-publish","4":"has-post-thumbnail","6":"product_cat-sin-categoria","8":"first","9":"instock","10":"product-type-simple"},"acf":{"autor":[77239],"enlace_de_compra":""},"yoast_head":"<!-- This site is optimized with the Yoast SEO plugin v27.4 - https:\/\/yoast.com\/product\/yoast-seo-wordpress\/ -->\n<title>Nacido de un error. Volumen 1 - Catalogo | Letrame Grupo Editorial<\/title>\n<meta name=\"robots\" content=\"index, follow, max-snippet:-1, max-image-preview:large, max-video-preview:-1\" \/>\n<link rel=\"canonical\" href=\"https:\/\/letrame.com\/catalogo\/producto\/nacido-de-un-error-volumen-1\/\" \/>\n<meta property=\"og:locale\" content=\"es_ES\" \/>\n<meta property=\"og:type\" content=\"article\" \/>\n<meta property=\"og:title\" content=\"Nacido de un error. Volumen 1 - Catalogo | Letrame Grupo Editorial\" \/>\n<meta property=\"og:description\" content=\"ISBN: 978-84-1144-734-8 SINOPSIS Los hechos que se narran, como exposici\u00f3n de acontecimientos pasados, tuvieron su arranque en un pueblo de Extremadura, a\u00f1os despu\u00e9s de haber dejado atr\u00e1s la \u201cgran verg\u00fcenza\u201d, insuficientes a\u00fan para dejar limpias las respectivas conciencias. Fueron ciertos, como la vida misma, si bien con aportes de fantas\u00eda y buen humor de los que el autor no quiso desprenderse, al plasmar sobre el papel una historia que a la gente que la conoci\u00f3 no dej\u00f3 en nada indiferente. Paca, Paquita la llamaban, por ese h\u00e1bito tan com\u00fan en muchos lugares de empeque\u00f1ecer lo natural, como si con ello lo hicieran m\u00e1s pr\u00f3ximo, fue la v\u00edctima propiciatoria que le toc\u00f3 padecer la acci\u00f3n vil nacida al socaire de la irracionalidad. Y, para m\u00e1s inri, tuvo que sufrir en sus propias carnes la incomprensi\u00f3n de una sociedad aldeana, anclada en el pasado m\u00e1s rancio, fruto de la \u201ceducaci\u00f3n\u201d impuesta por el color de moda, el azul, en comuni\u00f3n diaria con el p\u00farpura, cual patricio romano, bajo el palio ganador. Igual que a una yegua la mont\u00f3, sin pedir permiso a nadie, tan solo a la inhumana conciencia. Y, al final, lo que no debi\u00f3 ser, se convirti\u00f3 en triste realidad; y, con esta, la mala fama la acompa\u00f1\u00f3 para no separarse jam\u00e1s, extendi\u00e9ndose a los dos: a la madre, sin tener culpa de nada y, al hijo, por la misma sinraz\u00f3n. \u00bfAh...! la maledicencia\u2026, la m\u00e1s veloz de las plagas, que en su expansi\u00f3n ensucia a la inocencia sin que esta pueda hacer nada, mientras el causante del mal campa libre y a sus anchas. Al final, el amor pudo borrar la \u201cmancha\u201d, y lo que antes fue negro, se convirti\u00f3, como por arte de magia, en blancura inmaculada. C\u00f3mo si no pod\u00eda ser aquel amor generoso, de entrega total hacia aquella poquita cosa, cuando con su mirada transparente, de pura inocencia, parec\u00eda querer decirle: \u201cy, yo, \u00bfqu\u00e9 culpa tengo\u2026?\u201d\" \/>\n<meta property=\"og:url\" content=\"https:\/\/letrame.com\/catalogo\/producto\/nacido-de-un-error-volumen-1\/\" \/>\n<meta property=\"og:site_name\" content=\"Catalogo | Letrame Grupo Editorial\" \/>\n<meta property=\"article:modified_time\" content=\"2024-04-29T13:23:50+00:00\" \/>\n<meta property=\"og:image\" content=\"https:\/\/letrame.com\/catalogo\/wp-content\/uploads\/2024\/04\/WEBPORTADAnacidodeunerror_3852mm-compressed-1.jpg\" \/>\n\t<meta property=\"og:image:width\" content=\"601\" \/>\n\t<meta property=\"og:image:height\" content=\"881\" \/>\n\t<meta property=\"og:image:type\" content=\"image\/jpeg\" \/>\n<meta name=\"twitter:card\" content=\"summary_large_image\" \/>\n<meta name=\"twitter:label1\" content=\"Tiempo de lectura\" \/>\n\t<meta name=\"twitter:data1\" content=\"2 minutos\" \/>\n<script type=\"application\/ld+json\" class=\"yoast-schema-graph\">{\"@context\":\"https:\\\/\\\/schema.org\",\"@graph\":[{\"@type\":\"WebPage\",\"@id\":\"https:\\\/\\\/letrame.com\\\/catalogo\\\/producto\\\/nacido-de-un-error-volumen-1\\\/\",\"url\":\"https:\\\/\\\/letrame.com\\\/catalogo\\\/producto\\\/nacido-de-un-error-volumen-1\\\/\",\"name\":\"Nacido de un error. Volumen 1 - Catalogo | Letrame Grupo Editorial\",\"isPartOf\":{\"@id\":\"https:\\\/\\\/letrame.com\\\/catalogo\\\/#website\"},\"primaryImageOfPage\":{\"@id\":\"https:\\\/\\\/letrame.com\\\/catalogo\\\/producto\\\/nacido-de-un-error-volumen-1\\\/#primaryimage\"},\"image\":{\"@id\":\"https:\\\/\\\/letrame.com\\\/catalogo\\\/producto\\\/nacido-de-un-error-volumen-1\\\/#primaryimage\"},\"thumbnailUrl\":\"https:\\\/\\\/letrame.com\\\/catalogo\\\/wp-content\\\/uploads\\\/2024\\\/04\\\/WEBPORTADAnacidodeunerror_3852mm-compressed-1.jpg\",\"datePublished\":\"2024-04-29T13:23:47+00:00\",\"dateModified\":\"2024-04-29T13:23:50+00:00\",\"breadcrumb\":{\"@id\":\"https:\\\/\\\/letrame.com\\\/catalogo\\\/producto\\\/nacido-de-un-error-volumen-1\\\/#breadcrumb\"},\"inLanguage\":\"es\",\"potentialAction\":[{\"@type\":\"ReadAction\",\"target\":[\"https:\\\/\\\/letrame.com\\\/catalogo\\\/producto\\\/nacido-de-un-error-volumen-1\\\/\"]}]},{\"@type\":\"ImageObject\",\"inLanguage\":\"es\",\"@id\":\"https:\\\/\\\/letrame.com\\\/catalogo\\\/producto\\\/nacido-de-un-error-volumen-1\\\/#primaryimage\",\"url\":\"https:\\\/\\\/letrame.com\\\/catalogo\\\/wp-content\\\/uploads\\\/2024\\\/04\\\/WEBPORTADAnacidodeunerror_3852mm-compressed-1.jpg\",\"contentUrl\":\"https:\\\/\\\/letrame.com\\\/catalogo\\\/wp-content\\\/uploads\\\/2024\\\/04\\\/WEBPORTADAnacidodeunerror_3852mm-compressed-1.jpg\",\"width\":601,\"height\":881},{\"@type\":\"BreadcrumbList\",\"@id\":\"https:\\\/\\\/letrame.com\\\/catalogo\\\/producto\\\/nacido-de-un-error-volumen-1\\\/#breadcrumb\",\"itemListElement\":[{\"@type\":\"ListItem\",\"position\":1,\"name\":\"Portada\",\"item\":\"https:\\\/\\\/letrame.com\\\/catalogo\\\/\"},{\"@type\":\"ListItem\",\"position\":2,\"name\":\"Cat\u00e1logo\",\"item\":\"https:\\\/\\\/letrame.com\\\/catalogo\\\/\"},{\"@type\":\"ListItem\",\"position\":3,\"name\":\"Nacido de un error. Volumen 1\"}]},{\"@type\":\"WebSite\",\"@id\":\"https:\\\/\\\/letrame.com\\\/catalogo\\\/#website\",\"url\":\"https:\\\/\\\/letrame.com\\\/catalogo\\\/\",\"name\":\"Catalogo | Letrame Grupo Editorial\",\"description\":\"\",\"publisher\":{\"@id\":\"https:\\\/\\\/letrame.com\\\/catalogo\\\/#organization\"},\"potentialAction\":[{\"@type\":\"SearchAction\",\"target\":{\"@type\":\"EntryPoint\",\"urlTemplate\":\"https:\\\/\\\/letrame.com\\\/catalogo\\\/?s={search_term_string}\"},\"query-input\":{\"@type\":\"PropertyValueSpecification\",\"valueRequired\":true,\"valueName\":\"search_term_string\"}}],\"inLanguage\":\"es\"},{\"@type\":\"Organization\",\"@id\":\"https:\\\/\\\/letrame.com\\\/catalogo\\\/#organization\",\"name\":\"Catalogo | Letrame Grupo Editorial\",\"url\":\"https:\\\/\\\/letrame.com\\\/catalogo\\\/\",\"logo\":{\"@type\":\"ImageObject\",\"inLanguage\":\"es\",\"@id\":\"https:\\\/\\\/letrame.com\\\/catalogo\\\/#\\\/schema\\\/logo\\\/image\\\/\",\"url\":\"https:\\\/\\\/letrame.com\\\/catalogo\\\/wp-content\\\/uploads\\\/2024\\\/03\\\/logo2.webp\",\"contentUrl\":\"https:\\\/\\\/letrame.com\\\/catalogo\\\/wp-content\\\/uploads\\\/2024\\\/03\\\/logo2.webp\",\"width\":394,\"height\":128,\"caption\":\"Catalogo | Letrame Grupo Editorial\"},\"image\":{\"@id\":\"https:\\\/\\\/letrame.com\\\/catalogo\\\/#\\\/schema\\\/logo\\\/image\\\/\"}}]}<\/script>\n<!-- \/ Yoast SEO plugin. -->","yoast_head_json":{"title":"Nacido de un error. Volumen 1 - Catalogo | Letrame Grupo Editorial","robots":{"index":"index","follow":"follow","max-snippet":"max-snippet:-1","max-image-preview":"max-image-preview:large","max-video-preview":"max-video-preview:-1"},"canonical":"https:\/\/letrame.com\/catalogo\/producto\/nacido-de-un-error-volumen-1\/","og_locale":"es_ES","og_type":"article","og_title":"Nacido de un error. Volumen 1 - Catalogo | Letrame Grupo Editorial","og_description":"ISBN: 978-84-1144-734-8 SINOPSIS Los hechos que se narran, como exposici\u00f3n de acontecimientos pasados, tuvieron su arranque en un pueblo de Extremadura, a\u00f1os despu\u00e9s de haber dejado atr\u00e1s la \u201cgran verg\u00fcenza\u201d, insuficientes a\u00fan para dejar limpias las respectivas conciencias. Fueron ciertos, como la vida misma, si bien con aportes de fantas\u00eda y buen humor de los que el autor no quiso desprenderse, al plasmar sobre el papel una historia que a la gente que la conoci\u00f3 no dej\u00f3 en nada indiferente. Paca, Paquita la llamaban, por ese h\u00e1bito tan com\u00fan en muchos lugares de empeque\u00f1ecer lo natural, como si con ello lo hicieran m\u00e1s pr\u00f3ximo, fue la v\u00edctima propiciatoria que le toc\u00f3 padecer la acci\u00f3n vil nacida al socaire de la irracionalidad. Y, para m\u00e1s inri, tuvo que sufrir en sus propias carnes la incomprensi\u00f3n de una sociedad aldeana, anclada en el pasado m\u00e1s rancio, fruto de la \u201ceducaci\u00f3n\u201d impuesta por el color de moda, el azul, en comuni\u00f3n diaria con el p\u00farpura, cual patricio romano, bajo el palio ganador. Igual que a una yegua la mont\u00f3, sin pedir permiso a nadie, tan solo a la inhumana conciencia. Y, al final, lo que no debi\u00f3 ser, se convirti\u00f3 en triste realidad; y, con esta, la mala fama la acompa\u00f1\u00f3 para no separarse jam\u00e1s, extendi\u00e9ndose a los dos: a la madre, sin tener culpa de nada y, al hijo, por la misma sinraz\u00f3n. \u00bfAh...! la maledicencia\u2026, la m\u00e1s veloz de las plagas, que en su expansi\u00f3n ensucia a la inocencia sin que esta pueda hacer nada, mientras el causante del mal campa libre y a sus anchas. Al final, el amor pudo borrar la \u201cmancha\u201d, y lo que antes fue negro, se convirti\u00f3, como por arte de magia, en blancura inmaculada. C\u00f3mo si no pod\u00eda ser aquel amor generoso, de entrega total hacia aquella poquita cosa, cuando con su mirada transparente, de pura inocencia, parec\u00eda querer decirle: \u201cy, yo, \u00bfqu\u00e9 culpa tengo\u2026?\u201d","og_url":"https:\/\/letrame.com\/catalogo\/producto\/nacido-de-un-error-volumen-1\/","og_site_name":"Catalogo | Letrame Grupo Editorial","article_modified_time":"2024-04-29T13:23:50+00:00","og_image":[{"width":601,"height":881,"url":"https:\/\/letrame.com\/catalogo\/wp-content\/uploads\/2024\/04\/WEBPORTADAnacidodeunerror_3852mm-compressed-1.jpg","type":"image\/jpeg"}],"twitter_card":"summary_large_image","twitter_misc":{"Tiempo de lectura":"2 minutos"},"schema":{"@context":"https:\/\/schema.org","@graph":[{"@type":"WebPage","@id":"https:\/\/letrame.com\/catalogo\/producto\/nacido-de-un-error-volumen-1\/","url":"https:\/\/letrame.com\/catalogo\/producto\/nacido-de-un-error-volumen-1\/","name":"Nacido de un error. Volumen 1 - Catalogo | Letrame Grupo Editorial","isPartOf":{"@id":"https:\/\/letrame.com\/catalogo\/#website"},"primaryImageOfPage":{"@id":"https:\/\/letrame.com\/catalogo\/producto\/nacido-de-un-error-volumen-1\/#primaryimage"},"image":{"@id":"https:\/\/letrame.com\/catalogo\/producto\/nacido-de-un-error-volumen-1\/#primaryimage"},"thumbnailUrl":"https:\/\/letrame.com\/catalogo\/wp-content\/uploads\/2024\/04\/WEBPORTADAnacidodeunerror_3852mm-compressed-1.jpg","datePublished":"2024-04-29T13:23:47+00:00","dateModified":"2024-04-29T13:23:50+00:00","breadcrumb":{"@id":"https:\/\/letrame.com\/catalogo\/producto\/nacido-de-un-error-volumen-1\/#breadcrumb"},"inLanguage":"es","potentialAction":[{"@type":"ReadAction","target":["https:\/\/letrame.com\/catalogo\/producto\/nacido-de-un-error-volumen-1\/"]}]},{"@type":"ImageObject","inLanguage":"es","@id":"https:\/\/letrame.com\/catalogo\/producto\/nacido-de-un-error-volumen-1\/#primaryimage","url":"https:\/\/letrame.com\/catalogo\/wp-content\/uploads\/2024\/04\/WEBPORTADAnacidodeunerror_3852mm-compressed-1.jpg","contentUrl":"https:\/\/letrame.com\/catalogo\/wp-content\/uploads\/2024\/04\/WEBPORTADAnacidodeunerror_3852mm-compressed-1.jpg","width":601,"height":881},{"@type":"BreadcrumbList","@id":"https:\/\/letrame.com\/catalogo\/producto\/nacido-de-un-error-volumen-1\/#breadcrumb","itemListElement":[{"@type":"ListItem","position":1,"name":"Portada","item":"https:\/\/letrame.com\/catalogo\/"},{"@type":"ListItem","position":2,"name":"Cat\u00e1logo","item":"https:\/\/letrame.com\/catalogo\/"},{"@type":"ListItem","position":3,"name":"Nacido de un error. Volumen 1"}]},{"@type":"WebSite","@id":"https:\/\/letrame.com\/catalogo\/#website","url":"https:\/\/letrame.com\/catalogo\/","name":"Catalogo | Letrame Grupo Editorial","description":"","publisher":{"@id":"https:\/\/letrame.com\/catalogo\/#organization"},"potentialAction":[{"@type":"SearchAction","target":{"@type":"EntryPoint","urlTemplate":"https:\/\/letrame.com\/catalogo\/?s={search_term_string}"},"query-input":{"@type":"PropertyValueSpecification","valueRequired":true,"valueName":"search_term_string"}}],"inLanguage":"es"},{"@type":"Organization","@id":"https:\/\/letrame.com\/catalogo\/#organization","name":"Catalogo | Letrame Grupo Editorial","url":"https:\/\/letrame.com\/catalogo\/","logo":{"@type":"ImageObject","inLanguage":"es","@id":"https:\/\/letrame.com\/catalogo\/#\/schema\/logo\/image\/","url":"https:\/\/letrame.com\/catalogo\/wp-content\/uploads\/2024\/03\/logo2.webp","contentUrl":"https:\/\/letrame.com\/catalogo\/wp-content\/uploads\/2024\/03\/logo2.webp","width":394,"height":128,"caption":"Catalogo | Letrame Grupo Editorial"},"image":{"@id":"https:\/\/letrame.com\/catalogo\/#\/schema\/logo\/image\/"}}]}},"_links":{"self":[{"href":"https:\/\/letrame.com\/catalogo\/wp-json\/wp\/v2\/product\/98821","targetHints":{"allow":["GET"]}}],"collection":[{"href":"https:\/\/letrame.com\/catalogo\/wp-json\/wp\/v2\/product"}],"about":[{"href":"https:\/\/letrame.com\/catalogo\/wp-json\/wp\/v2\/types\/product"}],"replies":[{"embeddable":true,"href":"https:\/\/letrame.com\/catalogo\/wp-json\/wp\/v2\/comments?post=98821"}],"acf:post":[{"embeddable":true,"href":"https:\/\/letrame.com\/catalogo\/wp-json\/wp\/v2\/author_book\/77239"}],"wp:featuredmedia":[{"embeddable":true,"href":"https:\/\/letrame.com\/catalogo\/wp-json\/wp\/v2\/media\/98822"}],"wp:attachment":[{"href":"https:\/\/letrame.com\/catalogo\/wp-json\/wp\/v2\/media?parent=98821"}],"wp:term":[{"taxonomy":"libro","embeddable":true,"href":"https:\/\/letrame.com\/catalogo\/wp-json\/wp\/v2\/libro?post=98821"},{"taxonomy":"product_brand","embeddable":true,"href":"https:\/\/letrame.com\/catalogo\/wp-json\/wp\/v2\/product_brand?post=98821"},{"taxonomy":"product_cat","embeddable":true,"href":"https:\/\/letrame.com\/catalogo\/wp-json\/wp\/v2\/product_cat?post=98821"},{"taxonomy":"product_tag","embeddable":true,"href":"https:\/\/letrame.com\/catalogo\/wp-json\/wp\/v2\/product_tag?post=98821"}],"curies":[{"name":"wp","href":"https:\/\/api.w.org\/{rel}","templated":true}]}}