{"id":98817,"date":"2024-04-29T15:23:36","date_gmt":"2024-04-29T13:23:36","guid":{"rendered":"https:\/\/letrame.com\/catalogo\/producto\/locura\/"},"modified":"2024-04-29T15:23:43","modified_gmt":"2024-04-29T13:23:43","slug":"locura","status":"publish","type":"product","link":"https:\/\/letrame.com\/catalogo\/producto\/locura\/","title":{"rendered":"\u00bfLocura?"},"content":{"rendered":"<p><strong>ISBN<\/strong>: 978-84-1144-728-7<\/p>\n<p><strong>T\u00edtulo<\/strong>: \u00bfLocura?<br \/>\n<strong>Fecha<\/strong>: 2023<br \/>\n<strong>P\u00e1ginas<\/strong>: 318<\/p>\n<p><strong>SINOPSIS<\/strong><\/p>\n<p>\u00bfLOCURA? Un tratamiento justo para personas con problemas mentales y para los sanos o que no saben que lo requieren.\u00a0 Hacer una historia, un cuento basado en an\u00e9cdotas y sue\u00f1os que reflejan sentimientos que todos a lo largo de la vida tenemos, dolor, ilusi\u00f3n, miedo, inseguridades, alegr\u00eda y risas.<\/p>\n<p>Respetando los aciertos y debilidades de ambas partes, se tiende un fino hilo entre personas neurodivergentes, neurot\u00edpicos y no diagnosticados.\u00a0 De haber un prop\u00f3sito diferente al del puro entretenimiento ser\u00eda la consideraci\u00f3n hacia las diversas realidades de la humanidad.\u00a0 Tolerancia y la firme creencia de que nuestro principio es la bondad.<\/p>\n<p>Un relato de la vida de personajes ficticios del Psiqui\u00e1trico de Santa Mar\u00eda de los \u00c1ngeles internos y externos con un personaje m\u00edtico como centro de la historia sin nombre, sin origen ni destino certero y que le han llamado El Mago.\u00a0 Lo cierto es que se antoja como una presencia especial y deseada en la vida de cualquiera.<\/p>\n<p>Un poco de dolor, un poco de iron\u00eda y a la vez divertido.<\/p>\n","protected":false},"excerpt":{"rendered":"<p><strong>ISBN<\/strong>: 978-84-1144-728-7<\/p>\n<p><strong>SINOPSIS<\/strong><\/p>\n<p>\u00bfLOCURA? Un tratamiento justo para personas con problemas mentales y para los sanos o que no saben que lo requieren.\u00a0 Hacer una historia, un cuento basado en an\u00e9cdotas y sue\u00f1os que reflejan sentimientos que todos a lo largo de la vida tenemos, dolor, ilusi\u00f3n, miedo, inseguridades, alegr\u00eda y risas.<\/p>\n<p>Respetando los aciertos y debilidades de ambas partes, se tiende un fino hilo entre personas neurodivergentes, neurot\u00edpicos y no diagnosticados.\u00a0 De haber un prop\u00f3sito diferente al del puro entretenimiento ser\u00eda la consideraci\u00f3n hacia las diversas realidades de la humanidad.\u00a0 Tolerancia y la firme creencia de que nuestro principio es la bondad.<\/p>\n<p>Un relato de la vida de personajes ficticios del Psiqui\u00e1trico de Santa Mar\u00eda de los \u00c1ngeles internos y externos con un personaje m\u00edtico como centro de la historia sin nombre, sin origen ni destino certero y que le han llamado El Mago.\u00a0 Lo cierto es que se antoja como una presencia especial y deseada en la vida de cualquiera.<\/p>\n<p>Un poco de dolor, un poco de iron\u00eda y a la vez divertido.<\/p>\n<p>&nbsp;<\/p>\n","protected":false},"featured_media":98818,"comment_status":"closed","ping_status":"open","template":"","meta":{"_acf_changed":false},"libro":[],"product_brand":[],"product_cat":[26],"product_tag":[],"class_list":{"0":"post-98817","1":"product","2":"type-product","3":"status-publish","4":"has-post-thumbnail","6":"product_cat-sin-categoria","8":"first","9":"instock","10":"product-type-simple"},"acf":{"autor":[77236],"enlace_de_compra":""},"yoast_head":"<!-- This site is optimized with the Yoast SEO plugin v26.6 - https:\/\/yoast.com\/wordpress\/plugins\/seo\/ -->\n<title>\u00bfLocura? - Catalogo | Letrame Grupo Editorial<\/title>\n<meta name=\"robots\" content=\"index, follow, max-snippet:-1, max-image-preview:large, max-video-preview:-1\" \/>\n<link rel=\"canonical\" href=\"https:\/\/letrame.com\/catalogo\/producto\/locura\/\" \/>\n<meta property=\"og:locale\" content=\"es_ES\" \/>\n<meta property=\"og:type\" content=\"article\" \/>\n<meta property=\"og:title\" content=\"\u00bfLocura? - Catalogo | Letrame Grupo Editorial\" \/>\n<meta property=\"og:description\" content=\"ISBN: 978-84-1144-728-7 SINOPSIS \u00bfLOCURA? Un tratamiento justo para personas con problemas mentales y para los sanos o que no saben que lo requieren.\u00a0 Hacer una historia, un cuento basado en an\u00e9cdotas y sue\u00f1os que reflejan sentimientos que todos a lo largo de la vida tenemos, dolor, ilusi\u00f3n, miedo, inseguridades, alegr\u00eda y risas. Respetando los aciertos y debilidades de ambas partes, se tiende un fino hilo entre personas neurodivergentes, neurot\u00edpicos y no diagnosticados.\u00a0 De haber un prop\u00f3sito diferente al del puro entretenimiento ser\u00eda la consideraci\u00f3n hacia las diversas realidades de la humanidad.\u00a0 Tolerancia y la firme creencia de que nuestro principio es la bondad. Un relato de la vida de personajes ficticios del Psiqui\u00e1trico de Santa Mar\u00eda de los \u00c1ngeles internos y externos con un personaje m\u00edtico como centro de la historia sin nombre, sin origen ni destino certero y que le han llamado El Mago.\u00a0 Lo cierto es que se antoja como una presencia especial y deseada en la vida de cualquiera. Un poco de dolor, un poco de iron\u00eda y a la vez divertido. &nbsp;\" \/>\n<meta property=\"og:url\" content=\"https:\/\/letrame.com\/catalogo\/producto\/locura\/\" \/>\n<meta property=\"og:site_name\" content=\"Catalogo | Letrame Grupo Editorial\" \/>\n<meta property=\"article:modified_time\" content=\"2024-04-29T13:23:43+00:00\" \/>\n<meta property=\"og:image\" content=\"https:\/\/letrame.com\/catalogo\/wp-content\/uploads\/2024\/04\/web_portada\u00bflocura-_1574mm-compressed.jpg\" \/>\n\t<meta property=\"og:image:width\" content=\"601\" \/>\n\t<meta property=\"og:image:height\" content=\"881\" \/>\n\t<meta property=\"og:image:type\" content=\"image\/jpeg\" \/>\n<meta name=\"twitter:card\" content=\"summary_large_image\" \/>\n<meta name=\"twitter:label1\" content=\"Tiempo de lectura\" \/>\n\t<meta name=\"twitter:data1\" content=\"1 minuto\" \/>\n<script type=\"application\/ld+json\" class=\"yoast-schema-graph\">{\"@context\":\"https:\/\/schema.org\",\"@graph\":[{\"@type\":\"WebPage\",\"@id\":\"https:\/\/letrame.com\/catalogo\/producto\/locura\/\",\"url\":\"https:\/\/letrame.com\/catalogo\/producto\/locura\/\",\"name\":\"\u00bfLocura? - Catalogo | Letrame Grupo Editorial\",\"isPartOf\":{\"@id\":\"https:\/\/letrame.com\/catalogo\/#website\"},\"primaryImageOfPage\":{\"@id\":\"https:\/\/letrame.com\/catalogo\/producto\/locura\/#primaryimage\"},\"image\":{\"@id\":\"https:\/\/letrame.com\/catalogo\/producto\/locura\/#primaryimage\"},\"thumbnailUrl\":\"https:\/\/letrame.com\/catalogo\/wp-content\/uploads\/2024\/04\/web_portada\u00bflocura-_1574mm-compressed.jpg\",\"datePublished\":\"2024-04-29T13:23:36+00:00\",\"dateModified\":\"2024-04-29T13:23:43+00:00\",\"breadcrumb\":{\"@id\":\"https:\/\/letrame.com\/catalogo\/producto\/locura\/#breadcrumb\"},\"inLanguage\":\"es\",\"potentialAction\":[{\"@type\":\"ReadAction\",\"target\":[\"https:\/\/letrame.com\/catalogo\/producto\/locura\/\"]}]},{\"@type\":\"ImageObject\",\"inLanguage\":\"es\",\"@id\":\"https:\/\/letrame.com\/catalogo\/producto\/locura\/#primaryimage\",\"url\":\"https:\/\/letrame.com\/catalogo\/wp-content\/uploads\/2024\/04\/web_portada\u00bflocura-_1574mm-compressed.jpg\",\"contentUrl\":\"https:\/\/letrame.com\/catalogo\/wp-content\/uploads\/2024\/04\/web_portada\u00bflocura-_1574mm-compressed.jpg\",\"width\":601,\"height\":881},{\"@type\":\"BreadcrumbList\",\"@id\":\"https:\/\/letrame.com\/catalogo\/producto\/locura\/#breadcrumb\",\"itemListElement\":[{\"@type\":\"ListItem\",\"position\":1,\"name\":\"Portada\",\"item\":\"https:\/\/letrame.com\/catalogo\/\"},{\"@type\":\"ListItem\",\"position\":2,\"name\":\"Cat\u00e1logo\",\"item\":\"https:\/\/letrame.com\/catalogo\/\"},{\"@type\":\"ListItem\",\"position\":3,\"name\":\"\u00bfLocura?\"}]},{\"@type\":\"WebSite\",\"@id\":\"https:\/\/letrame.com\/catalogo\/#website\",\"url\":\"https:\/\/letrame.com\/catalogo\/\",\"name\":\"Catalogo | Letrame Grupo Editorial\",\"description\":\"\",\"publisher\":{\"@id\":\"https:\/\/letrame.com\/catalogo\/#organization\"},\"potentialAction\":[{\"@type\":\"SearchAction\",\"target\":{\"@type\":\"EntryPoint\",\"urlTemplate\":\"https:\/\/letrame.com\/catalogo\/?s={search_term_string}\"},\"query-input\":{\"@type\":\"PropertyValueSpecification\",\"valueRequired\":true,\"valueName\":\"search_term_string\"}}],\"inLanguage\":\"es\"},{\"@type\":\"Organization\",\"@id\":\"https:\/\/letrame.com\/catalogo\/#organization\",\"name\":\"Catalogo | Letrame Grupo Editorial\",\"url\":\"https:\/\/letrame.com\/catalogo\/\",\"logo\":{\"@type\":\"ImageObject\",\"inLanguage\":\"es\",\"@id\":\"https:\/\/letrame.com\/catalogo\/#\/schema\/logo\/image\/\",\"url\":\"https:\/\/letrame.com\/catalogo\/wp-content\/uploads\/2024\/03\/logo2.webp\",\"contentUrl\":\"https:\/\/letrame.com\/catalogo\/wp-content\/uploads\/2024\/03\/logo2.webp\",\"width\":394,\"height\":128,\"caption\":\"Catalogo | Letrame Grupo Editorial\"},\"image\":{\"@id\":\"https:\/\/letrame.com\/catalogo\/#\/schema\/logo\/image\/\"}}]}<\/script>\n<!-- \/ Yoast SEO plugin. -->","yoast_head_json":{"title":"\u00bfLocura? - Catalogo | Letrame Grupo Editorial","robots":{"index":"index","follow":"follow","max-snippet":"max-snippet:-1","max-image-preview":"max-image-preview:large","max-video-preview":"max-video-preview:-1"},"canonical":"https:\/\/letrame.com\/catalogo\/producto\/locura\/","og_locale":"es_ES","og_type":"article","og_title":"\u00bfLocura? - Catalogo | Letrame Grupo Editorial","og_description":"ISBN: 978-84-1144-728-7 SINOPSIS \u00bfLOCURA? Un tratamiento justo para personas con problemas mentales y para los sanos o que no saben que lo requieren.\u00a0 Hacer una historia, un cuento basado en an\u00e9cdotas y sue\u00f1os que reflejan sentimientos que todos a lo largo de la vida tenemos, dolor, ilusi\u00f3n, miedo, inseguridades, alegr\u00eda y risas. Respetando los aciertos y debilidades de ambas partes, se tiende un fino hilo entre personas neurodivergentes, neurot\u00edpicos y no diagnosticados.\u00a0 De haber un prop\u00f3sito diferente al del puro entretenimiento ser\u00eda la consideraci\u00f3n hacia las diversas realidades de la humanidad.\u00a0 Tolerancia y la firme creencia de que nuestro principio es la bondad. Un relato de la vida de personajes ficticios del Psiqui\u00e1trico de Santa Mar\u00eda de los \u00c1ngeles internos y externos con un personaje m\u00edtico como centro de la historia sin nombre, sin origen ni destino certero y que le han llamado El Mago.\u00a0 Lo cierto es que se antoja como una presencia especial y deseada en la vida de cualquiera. Un poco de dolor, un poco de iron\u00eda y a la vez divertido. &nbsp;","og_url":"https:\/\/letrame.com\/catalogo\/producto\/locura\/","og_site_name":"Catalogo | Letrame Grupo Editorial","article_modified_time":"2024-04-29T13:23:43+00:00","og_image":[{"width":601,"height":881,"url":"https:\/\/letrame.com\/catalogo\/wp-content\/uploads\/2024\/04\/web_portada\u00bflocura-_1574mm-compressed.jpg","type":"image\/jpeg"}],"twitter_card":"summary_large_image","twitter_misc":{"Tiempo de lectura":"1 minuto"},"schema":{"@context":"https:\/\/schema.org","@graph":[{"@type":"WebPage","@id":"https:\/\/letrame.com\/catalogo\/producto\/locura\/","url":"https:\/\/letrame.com\/catalogo\/producto\/locura\/","name":"\u00bfLocura? - Catalogo | Letrame Grupo Editorial","isPartOf":{"@id":"https:\/\/letrame.com\/catalogo\/#website"},"primaryImageOfPage":{"@id":"https:\/\/letrame.com\/catalogo\/producto\/locura\/#primaryimage"},"image":{"@id":"https:\/\/letrame.com\/catalogo\/producto\/locura\/#primaryimage"},"thumbnailUrl":"https:\/\/letrame.com\/catalogo\/wp-content\/uploads\/2024\/04\/web_portada\u00bflocura-_1574mm-compressed.jpg","datePublished":"2024-04-29T13:23:36+00:00","dateModified":"2024-04-29T13:23:43+00:00","breadcrumb":{"@id":"https:\/\/letrame.com\/catalogo\/producto\/locura\/#breadcrumb"},"inLanguage":"es","potentialAction":[{"@type":"ReadAction","target":["https:\/\/letrame.com\/catalogo\/producto\/locura\/"]}]},{"@type":"ImageObject","inLanguage":"es","@id":"https:\/\/letrame.com\/catalogo\/producto\/locura\/#primaryimage","url":"https:\/\/letrame.com\/catalogo\/wp-content\/uploads\/2024\/04\/web_portada\u00bflocura-_1574mm-compressed.jpg","contentUrl":"https:\/\/letrame.com\/catalogo\/wp-content\/uploads\/2024\/04\/web_portada\u00bflocura-_1574mm-compressed.jpg","width":601,"height":881},{"@type":"BreadcrumbList","@id":"https:\/\/letrame.com\/catalogo\/producto\/locura\/#breadcrumb","itemListElement":[{"@type":"ListItem","position":1,"name":"Portada","item":"https:\/\/letrame.com\/catalogo\/"},{"@type":"ListItem","position":2,"name":"Cat\u00e1logo","item":"https:\/\/letrame.com\/catalogo\/"},{"@type":"ListItem","position":3,"name":"\u00bfLocura?"}]},{"@type":"WebSite","@id":"https:\/\/letrame.com\/catalogo\/#website","url":"https:\/\/letrame.com\/catalogo\/","name":"Catalogo | Letrame Grupo Editorial","description":"","publisher":{"@id":"https:\/\/letrame.com\/catalogo\/#organization"},"potentialAction":[{"@type":"SearchAction","target":{"@type":"EntryPoint","urlTemplate":"https:\/\/letrame.com\/catalogo\/?s={search_term_string}"},"query-input":{"@type":"PropertyValueSpecification","valueRequired":true,"valueName":"search_term_string"}}],"inLanguage":"es"},{"@type":"Organization","@id":"https:\/\/letrame.com\/catalogo\/#organization","name":"Catalogo | Letrame Grupo Editorial","url":"https:\/\/letrame.com\/catalogo\/","logo":{"@type":"ImageObject","inLanguage":"es","@id":"https:\/\/letrame.com\/catalogo\/#\/schema\/logo\/image\/","url":"https:\/\/letrame.com\/catalogo\/wp-content\/uploads\/2024\/03\/logo2.webp","contentUrl":"https:\/\/letrame.com\/catalogo\/wp-content\/uploads\/2024\/03\/logo2.webp","width":394,"height":128,"caption":"Catalogo | Letrame Grupo Editorial"},"image":{"@id":"https:\/\/letrame.com\/catalogo\/#\/schema\/logo\/image\/"}}]}},"_links":{"self":[{"href":"https:\/\/letrame.com\/catalogo\/wp-json\/wp\/v2\/product\/98817","targetHints":{"allow":["GET"]}}],"collection":[{"href":"https:\/\/letrame.com\/catalogo\/wp-json\/wp\/v2\/product"}],"about":[{"href":"https:\/\/letrame.com\/catalogo\/wp-json\/wp\/v2\/types\/product"}],"replies":[{"embeddable":true,"href":"https:\/\/letrame.com\/catalogo\/wp-json\/wp\/v2\/comments?post=98817"}],"acf:post":[{"embeddable":true,"href":"https:\/\/letrame.com\/catalogo\/wp-json\/wp\/v2\/author_book\/77236"}],"wp:featuredmedia":[{"embeddable":true,"href":"https:\/\/letrame.com\/catalogo\/wp-json\/wp\/v2\/media\/98818"}],"wp:attachment":[{"href":"https:\/\/letrame.com\/catalogo\/wp-json\/wp\/v2\/media?parent=98817"}],"wp:term":[{"taxonomy":"libro","embeddable":true,"href":"https:\/\/letrame.com\/catalogo\/wp-json\/wp\/v2\/libro?post=98817"},{"taxonomy":"product_brand","embeddable":true,"href":"https:\/\/letrame.com\/catalogo\/wp-json\/wp\/v2\/product_brand?post=98817"},{"taxonomy":"product_cat","embeddable":true,"href":"https:\/\/letrame.com\/catalogo\/wp-json\/wp\/v2\/product_cat?post=98817"},{"taxonomy":"product_tag","embeddable":true,"href":"https:\/\/letrame.com\/catalogo\/wp-json\/wp\/v2\/product_tag?post=98817"}],"curies":[{"name":"wp","href":"https:\/\/api.w.org\/{rel}","templated":true}]}}