{"id":98809,"date":"2024-04-29T15:23:25","date_gmt":"2024-04-29T13:23:25","guid":{"rendered":"https:\/\/letrame.com\/catalogo\/producto\/200-respuestas-del-selenio\/"},"modified":"2024-04-29T15:23:29","modified_gmt":"2024-04-29T13:23:29","slug":"200-respuestas-del-selenio","status":"publish","type":"product","link":"https:\/\/letrame.com\/catalogo\/producto\/200-respuestas-del-selenio\/","title":{"rendered":"200 + RESPUESTAS del SELENIO"},"content":{"rendered":"<p><strong>ISBN<\/strong>:978-84-1144-798-0<\/p>\n<p><strong>T\u00edtulo<\/strong>: 200 + RESPUESTAS del SELENIO<br \/>\n<strong>Fecha<\/strong>: 2023<br \/>\n<strong>P\u00e1ginas<\/strong>: 158<\/p>\n<p><strong>SINOPSIS<\/strong><\/p>\n<p>Con la pr\u00e1ctica m\u00e9dica se adquiere experiencia, pero tambi\u00e9n muchas dudas.<\/p>\n<p>Este es el primer libro en b\u00fasqueda de respuestas, evidencias de los suplementos que s\u00ed mejoran la salud. Los m\u00e9dicos no cuidamos tu salud, cuidamos la enfermedad.<\/p>\n<p>Sabemos que la adecuada micronutrici\u00f3n es vital para mantener la salud. Este texto otorga respuestas de por qu\u00e9, qu\u00e9 dosis, qu\u00e9 tiempo suplementar, cu\u00e1l utilizar y aportar a tu cuerpo micronutrientes necesarios para su propia restauraci\u00f3n, regeneraci\u00f3n y mantenimiento.<\/p>\n<p>Por qu\u00e9 necesitas Selenio + 200 respuestas. Forma parte de una serie de manuales de suplementaci\u00f3n,\u00a0 con preguntas y respuestas breves presentadas de una manera clara con un seguimiento que facilita su compresi\u00f3n para personal m\u00e9dico y no m\u00e9dico.<\/p>\n","protected":false},"excerpt":{"rendered":"<p><strong>ISBN<\/strong>:978-84-1144-798-0<\/p>\n<p><strong>SINOPSIS<\/strong><\/p>\n<p>Con la pr\u00e1ctica m\u00e9dica se adquiere experiencia, pero tambi\u00e9n muchas dudas.<\/p>\n<p>Este es el primer libro en b\u00fasqueda de respuestas, evidencias de los suplementos que s\u00ed mejoran la salud. Los m\u00e9dicos no cuidamos tu salud, cuidamos la enfermedad.<\/p>\n<p>Sabemos que la adecuada micronutrici\u00f3n es vital para mantener la salud. Este texto otorga respuestas de por qu\u00e9, qu\u00e9 dosis, qu\u00e9 tiempo suplementar, cu\u00e1l utilizar y aportar a tu cuerpo micronutrientes necesarios para su propia restauraci\u00f3n, regeneraci\u00f3n y mantenimiento.<\/p>\n<p>Por qu\u00e9 necesitas Selenio + 200 respuestas. Forma parte de una serie de manuales de suplementaci\u00f3n,\u00a0 con preguntas y respuestas breves presentadas de una manera clara con un seguimiento que facilita su compresi\u00f3n para personal m\u00e9dico y no m\u00e9dico.<\/p>\n","protected":false},"featured_media":98810,"comment_status":"closed","ping_status":"open","template":"","meta":{"_acf_changed":false},"libro":[],"product_brand":[],"product_cat":[26],"product_tag":[],"class_list":{"0":"post-98809","1":"product","2":"type-product","3":"status-publish","4":"has-post-thumbnail","6":"product_cat-sin-categoria","8":"first","9":"instock","10":"product-type-simple"},"acf":{"autor":[77228],"enlace_de_compra":""},"yoast_head":"<!-- This site is optimized with the Yoast SEO plugin v27.4 - https:\/\/yoast.com\/product\/yoast-seo-wordpress\/ -->\n<title>200 + RESPUESTAS del SELENIO - Catalogo | Letrame Grupo Editorial<\/title>\n<meta name=\"robots\" content=\"index, follow, max-snippet:-1, max-image-preview:large, max-video-preview:-1\" \/>\n<link rel=\"canonical\" href=\"https:\/\/letrame.com\/catalogo\/producto\/200-respuestas-del-selenio\/\" \/>\n<meta property=\"og:locale\" content=\"es_ES\" \/>\n<meta property=\"og:type\" content=\"article\" \/>\n<meta property=\"og:title\" content=\"200 + RESPUESTAS del SELENIO - Catalogo | Letrame Grupo Editorial\" \/>\n<meta property=\"og:description\" content=\"ISBN:978-84-1144-798-0 SINOPSIS Con la pr\u00e1ctica m\u00e9dica se adquiere experiencia, pero tambi\u00e9n muchas dudas. Este es el primer libro en b\u00fasqueda de respuestas, evidencias de los suplementos que s\u00ed mejoran la salud. Los m\u00e9dicos no cuidamos tu salud, cuidamos la enfermedad. Sabemos que la adecuada micronutrici\u00f3n es vital para mantener la salud. Este texto otorga respuestas de por qu\u00e9, qu\u00e9 dosis, qu\u00e9 tiempo suplementar, cu\u00e1l utilizar y aportar a tu cuerpo micronutrientes necesarios para su propia restauraci\u00f3n, regeneraci\u00f3n y mantenimiento. Por qu\u00e9 necesitas Selenio + 200 respuestas. Forma parte de una serie de manuales de suplementaci\u00f3n,\u00a0 con preguntas y respuestas breves presentadas de una manera clara con un seguimiento que facilita su compresi\u00f3n para personal m\u00e9dico y no m\u00e9dico.\" \/>\n<meta property=\"og:url\" content=\"https:\/\/letrame.com\/catalogo\/producto\/200-respuestas-del-selenio\/\" \/>\n<meta property=\"og:site_name\" content=\"Catalogo | Letrame Grupo Editorial\" \/>\n<meta property=\"article:modified_time\" content=\"2024-04-29T13:23:29+00:00\" \/>\n<meta property=\"og:image\" content=\"https:\/\/letrame.com\/catalogo\/wp-content\/uploads\/2024\/04\/webportadaselenio_827mm-compressed.jpg\" \/>\n\t<meta property=\"og:image:width\" content=\"601\" \/>\n\t<meta property=\"og:image:height\" content=\"881\" \/>\n\t<meta property=\"og:image:type\" content=\"image\/jpeg\" \/>\n<meta name=\"twitter:card\" content=\"summary_large_image\" \/>\n<meta name=\"twitter:label1\" content=\"Tiempo de lectura\" \/>\n\t<meta name=\"twitter:data1\" content=\"1 minuto\" \/>\n<script type=\"application\/ld+json\" class=\"yoast-schema-graph\">{\"@context\":\"https:\\\/\\\/schema.org\",\"@graph\":[{\"@type\":\"WebPage\",\"@id\":\"https:\\\/\\\/letrame.com\\\/catalogo\\\/producto\\\/200-respuestas-del-selenio\\\/\",\"url\":\"https:\\\/\\\/letrame.com\\\/catalogo\\\/producto\\\/200-respuestas-del-selenio\\\/\",\"name\":\"200 + RESPUESTAS del SELENIO - Catalogo | Letrame Grupo Editorial\",\"isPartOf\":{\"@id\":\"https:\\\/\\\/letrame.com\\\/catalogo\\\/#website\"},\"primaryImageOfPage\":{\"@id\":\"https:\\\/\\\/letrame.com\\\/catalogo\\\/producto\\\/200-respuestas-del-selenio\\\/#primaryimage\"},\"image\":{\"@id\":\"https:\\\/\\\/letrame.com\\\/catalogo\\\/producto\\\/200-respuestas-del-selenio\\\/#primaryimage\"},\"thumbnailUrl\":\"https:\\\/\\\/letrame.com\\\/catalogo\\\/wp-content\\\/uploads\\\/2024\\\/04\\\/webportadaselenio_827mm-compressed.jpg\",\"datePublished\":\"2024-04-29T13:23:25+00:00\",\"dateModified\":\"2024-04-29T13:23:29+00:00\",\"breadcrumb\":{\"@id\":\"https:\\\/\\\/letrame.com\\\/catalogo\\\/producto\\\/200-respuestas-del-selenio\\\/#breadcrumb\"},\"inLanguage\":\"es\",\"potentialAction\":[{\"@type\":\"ReadAction\",\"target\":[\"https:\\\/\\\/letrame.com\\\/catalogo\\\/producto\\\/200-respuestas-del-selenio\\\/\"]}]},{\"@type\":\"ImageObject\",\"inLanguage\":\"es\",\"@id\":\"https:\\\/\\\/letrame.com\\\/catalogo\\\/producto\\\/200-respuestas-del-selenio\\\/#primaryimage\",\"url\":\"https:\\\/\\\/letrame.com\\\/catalogo\\\/wp-content\\\/uploads\\\/2024\\\/04\\\/webportadaselenio_827mm-compressed.jpg\",\"contentUrl\":\"https:\\\/\\\/letrame.com\\\/catalogo\\\/wp-content\\\/uploads\\\/2024\\\/04\\\/webportadaselenio_827mm-compressed.jpg\",\"width\":601,\"height\":881},{\"@type\":\"BreadcrumbList\",\"@id\":\"https:\\\/\\\/letrame.com\\\/catalogo\\\/producto\\\/200-respuestas-del-selenio\\\/#breadcrumb\",\"itemListElement\":[{\"@type\":\"ListItem\",\"position\":1,\"name\":\"Portada\",\"item\":\"https:\\\/\\\/letrame.com\\\/catalogo\\\/\"},{\"@type\":\"ListItem\",\"position\":2,\"name\":\"Cat\u00e1logo\",\"item\":\"https:\\\/\\\/letrame.com\\\/catalogo\\\/\"},{\"@type\":\"ListItem\",\"position\":3,\"name\":\"200 + RESPUESTAS del SELENIO\"}]},{\"@type\":\"WebSite\",\"@id\":\"https:\\\/\\\/letrame.com\\\/catalogo\\\/#website\",\"url\":\"https:\\\/\\\/letrame.com\\\/catalogo\\\/\",\"name\":\"Catalogo | Letrame Grupo Editorial\",\"description\":\"\",\"publisher\":{\"@id\":\"https:\\\/\\\/letrame.com\\\/catalogo\\\/#organization\"},\"potentialAction\":[{\"@type\":\"SearchAction\",\"target\":{\"@type\":\"EntryPoint\",\"urlTemplate\":\"https:\\\/\\\/letrame.com\\\/catalogo\\\/?s={search_term_string}\"},\"query-input\":{\"@type\":\"PropertyValueSpecification\",\"valueRequired\":true,\"valueName\":\"search_term_string\"}}],\"inLanguage\":\"es\"},{\"@type\":\"Organization\",\"@id\":\"https:\\\/\\\/letrame.com\\\/catalogo\\\/#organization\",\"name\":\"Catalogo | Letrame Grupo Editorial\",\"url\":\"https:\\\/\\\/letrame.com\\\/catalogo\\\/\",\"logo\":{\"@type\":\"ImageObject\",\"inLanguage\":\"es\",\"@id\":\"https:\\\/\\\/letrame.com\\\/catalogo\\\/#\\\/schema\\\/logo\\\/image\\\/\",\"url\":\"https:\\\/\\\/letrame.com\\\/catalogo\\\/wp-content\\\/uploads\\\/2024\\\/03\\\/logo2.webp\",\"contentUrl\":\"https:\\\/\\\/letrame.com\\\/catalogo\\\/wp-content\\\/uploads\\\/2024\\\/03\\\/logo2.webp\",\"width\":394,\"height\":128,\"caption\":\"Catalogo | Letrame Grupo Editorial\"},\"image\":{\"@id\":\"https:\\\/\\\/letrame.com\\\/catalogo\\\/#\\\/schema\\\/logo\\\/image\\\/\"}}]}<\/script>\n<!-- \/ Yoast SEO plugin. -->","yoast_head_json":{"title":"200 + RESPUESTAS del SELENIO - Catalogo | Letrame Grupo Editorial","robots":{"index":"index","follow":"follow","max-snippet":"max-snippet:-1","max-image-preview":"max-image-preview:large","max-video-preview":"max-video-preview:-1"},"canonical":"https:\/\/letrame.com\/catalogo\/producto\/200-respuestas-del-selenio\/","og_locale":"es_ES","og_type":"article","og_title":"200 + RESPUESTAS del SELENIO - Catalogo | Letrame Grupo Editorial","og_description":"ISBN:978-84-1144-798-0 SINOPSIS Con la pr\u00e1ctica m\u00e9dica se adquiere experiencia, pero tambi\u00e9n muchas dudas. Este es el primer libro en b\u00fasqueda de respuestas, evidencias de los suplementos que s\u00ed mejoran la salud. Los m\u00e9dicos no cuidamos tu salud, cuidamos la enfermedad. Sabemos que la adecuada micronutrici\u00f3n es vital para mantener la salud. Este texto otorga respuestas de por qu\u00e9, qu\u00e9 dosis, qu\u00e9 tiempo suplementar, cu\u00e1l utilizar y aportar a tu cuerpo micronutrientes necesarios para su propia restauraci\u00f3n, regeneraci\u00f3n y mantenimiento. Por qu\u00e9 necesitas Selenio + 200 respuestas. Forma parte de una serie de manuales de suplementaci\u00f3n,\u00a0 con preguntas y respuestas breves presentadas de una manera clara con un seguimiento que facilita su compresi\u00f3n para personal m\u00e9dico y no m\u00e9dico.","og_url":"https:\/\/letrame.com\/catalogo\/producto\/200-respuestas-del-selenio\/","og_site_name":"Catalogo | Letrame Grupo Editorial","article_modified_time":"2024-04-29T13:23:29+00:00","og_image":[{"width":601,"height":881,"url":"https:\/\/letrame.com\/catalogo\/wp-content\/uploads\/2024\/04\/webportadaselenio_827mm-compressed.jpg","type":"image\/jpeg"}],"twitter_card":"summary_large_image","twitter_misc":{"Tiempo de lectura":"1 minuto"},"schema":{"@context":"https:\/\/schema.org","@graph":[{"@type":"WebPage","@id":"https:\/\/letrame.com\/catalogo\/producto\/200-respuestas-del-selenio\/","url":"https:\/\/letrame.com\/catalogo\/producto\/200-respuestas-del-selenio\/","name":"200 + RESPUESTAS del SELENIO - Catalogo | Letrame Grupo Editorial","isPartOf":{"@id":"https:\/\/letrame.com\/catalogo\/#website"},"primaryImageOfPage":{"@id":"https:\/\/letrame.com\/catalogo\/producto\/200-respuestas-del-selenio\/#primaryimage"},"image":{"@id":"https:\/\/letrame.com\/catalogo\/producto\/200-respuestas-del-selenio\/#primaryimage"},"thumbnailUrl":"https:\/\/letrame.com\/catalogo\/wp-content\/uploads\/2024\/04\/webportadaselenio_827mm-compressed.jpg","datePublished":"2024-04-29T13:23:25+00:00","dateModified":"2024-04-29T13:23:29+00:00","breadcrumb":{"@id":"https:\/\/letrame.com\/catalogo\/producto\/200-respuestas-del-selenio\/#breadcrumb"},"inLanguage":"es","potentialAction":[{"@type":"ReadAction","target":["https:\/\/letrame.com\/catalogo\/producto\/200-respuestas-del-selenio\/"]}]},{"@type":"ImageObject","inLanguage":"es","@id":"https:\/\/letrame.com\/catalogo\/producto\/200-respuestas-del-selenio\/#primaryimage","url":"https:\/\/letrame.com\/catalogo\/wp-content\/uploads\/2024\/04\/webportadaselenio_827mm-compressed.jpg","contentUrl":"https:\/\/letrame.com\/catalogo\/wp-content\/uploads\/2024\/04\/webportadaselenio_827mm-compressed.jpg","width":601,"height":881},{"@type":"BreadcrumbList","@id":"https:\/\/letrame.com\/catalogo\/producto\/200-respuestas-del-selenio\/#breadcrumb","itemListElement":[{"@type":"ListItem","position":1,"name":"Portada","item":"https:\/\/letrame.com\/catalogo\/"},{"@type":"ListItem","position":2,"name":"Cat\u00e1logo","item":"https:\/\/letrame.com\/catalogo\/"},{"@type":"ListItem","position":3,"name":"200 + RESPUESTAS del SELENIO"}]},{"@type":"WebSite","@id":"https:\/\/letrame.com\/catalogo\/#website","url":"https:\/\/letrame.com\/catalogo\/","name":"Catalogo | Letrame Grupo Editorial","description":"","publisher":{"@id":"https:\/\/letrame.com\/catalogo\/#organization"},"potentialAction":[{"@type":"SearchAction","target":{"@type":"EntryPoint","urlTemplate":"https:\/\/letrame.com\/catalogo\/?s={search_term_string}"},"query-input":{"@type":"PropertyValueSpecification","valueRequired":true,"valueName":"search_term_string"}}],"inLanguage":"es"},{"@type":"Organization","@id":"https:\/\/letrame.com\/catalogo\/#organization","name":"Catalogo | Letrame Grupo Editorial","url":"https:\/\/letrame.com\/catalogo\/","logo":{"@type":"ImageObject","inLanguage":"es","@id":"https:\/\/letrame.com\/catalogo\/#\/schema\/logo\/image\/","url":"https:\/\/letrame.com\/catalogo\/wp-content\/uploads\/2024\/03\/logo2.webp","contentUrl":"https:\/\/letrame.com\/catalogo\/wp-content\/uploads\/2024\/03\/logo2.webp","width":394,"height":128,"caption":"Catalogo | Letrame Grupo Editorial"},"image":{"@id":"https:\/\/letrame.com\/catalogo\/#\/schema\/logo\/image\/"}}]}},"_links":{"self":[{"href":"https:\/\/letrame.com\/catalogo\/wp-json\/wp\/v2\/product\/98809","targetHints":{"allow":["GET"]}}],"collection":[{"href":"https:\/\/letrame.com\/catalogo\/wp-json\/wp\/v2\/product"}],"about":[{"href":"https:\/\/letrame.com\/catalogo\/wp-json\/wp\/v2\/types\/product"}],"replies":[{"embeddable":true,"href":"https:\/\/letrame.com\/catalogo\/wp-json\/wp\/v2\/comments?post=98809"}],"acf:post":[{"embeddable":true,"href":"https:\/\/letrame.com\/catalogo\/wp-json\/wp\/v2\/author_book\/77228"}],"wp:featuredmedia":[{"embeddable":true,"href":"https:\/\/letrame.com\/catalogo\/wp-json\/wp\/v2\/media\/98810"}],"wp:attachment":[{"href":"https:\/\/letrame.com\/catalogo\/wp-json\/wp\/v2\/media?parent=98809"}],"wp:term":[{"taxonomy":"libro","embeddable":true,"href":"https:\/\/letrame.com\/catalogo\/wp-json\/wp\/v2\/libro?post=98809"},{"taxonomy":"product_brand","embeddable":true,"href":"https:\/\/letrame.com\/catalogo\/wp-json\/wp\/v2\/product_brand?post=98809"},{"taxonomy":"product_cat","embeddable":true,"href":"https:\/\/letrame.com\/catalogo\/wp-json\/wp\/v2\/product_cat?post=98809"},{"taxonomy":"product_tag","embeddable":true,"href":"https:\/\/letrame.com\/catalogo\/wp-json\/wp\/v2\/product_tag?post=98809"}],"curies":[{"name":"wp","href":"https:\/\/api.w.org\/{rel}","templated":true}]}}