{"id":98805,"date":"2024-04-29T15:23:03","date_gmt":"2024-04-29T13:23:03","guid":{"rendered":"https:\/\/letrame.com\/catalogo\/producto\/hectameron\/"},"modified":"2024-11-04T11:03:05","modified_gmt":"2024-11-04T10:03:05","slug":"hectameron","status":"publish","type":"product","link":"https:\/\/letrame.com\/catalogo\/producto\/hectameron\/","title":{"rendered":"Hectamer\u00f3n"},"content":{"rendered":"<p><strong>ISBN<\/strong>: 978-84-1144-717-1<\/p>\n<p><strong>T\u00edtulo<\/strong>: Hectamer\u00f3n<br \/>\n<strong>Fecha<\/strong>: 2022<br \/>\n<strong>P\u00e1ginas<\/strong>: 658<\/p>\n<p><strong>SINOPSIS<\/strong><\/p>\n<p>En la presente obra el autor, a trav\u00e9s de una narrativa autobiogr\u00e1fica, procura cumplir con tres objetivos, a saber: ilustraci\u00f3n, amenidad y reflexi\u00f3n. La presenta bajo un esquema de cien cap\u00edtulos \u2014Emulando a Bocaccio\u2014 en siete partes delimitadas por etapas claramente marcadas a lo largo de las primeras siete d\u00e9cadas de su vida.<\/p>\n<p>Eva, Marcela, Carmen, Virginia, Alicia\u2026 Elma, Sally, Brenda, Victoria\u2026 El <em>Hectamer\u00f3n<\/em> se desborda en nombres de mujeres: ciento setenta y cinco personajes femeninos ir\u00e1n y vendr\u00e1n en torno a Mauro, un protagonista desvergonzado e incansable, cuya memoria reposar\u00e1, sobre todo, en enredos, camas y desenga\u00f1os.<\/p>\n","protected":false},"excerpt":{"rendered":"<p><strong>ISBN<\/strong>: 978-84-1144-717-1<\/p>\n<p><strong>SINOPSIS<\/strong><\/p>\n<p>En la presente obra el autor, a trav\u00e9s de una narrativa autobiogr\u00e1fica, procura cumplir con tres objetivos, a saber: ilustraci\u00f3n, amenidad y reflexi\u00f3n. La presenta bajo un esquema de cien cap\u00edtulos \u2014Emulando a Bocaccio\u2014 en siete partes delimitadas por etapas claramente marcadas a lo largo de las primeras siete d\u00e9cadas de su vida.<\/p>\n<p>Eva, Marcela, Carmen, Virginia, Alicia\u2026 Elma, Sally, Brenda, Victoria\u2026 El <em>Hectamer\u00f3n<\/em> se desborda en nombres de mujeres: ciento setenta y cinco personajes femeninos ir\u00e1n y vendr\u00e1n en torno a Mauro, un protagonista desvergonzado e incansable, cuya memoria reposar\u00e1, sobre todo, en enredos, camas y desenga\u00f1os.<\/p>\n","protected":false},"featured_media":98806,"comment_status":"closed","ping_status":"closed","template":"","meta":{"_acf_changed":false},"libro":[],"product_brand":[],"product_cat":[102],"product_tag":[],"class_list":{"0":"post-98805","1":"product","2":"type-product","3":"status-publish","4":"has-post-thumbnail","6":"product_cat-biografia","8":"first","9":"instock","10":"product-type-simple"},"acf":{"autor":[77226],"enlace_de_compra":"https:\/\/amzn.to\/48xvx48"},"yoast_head":"<!-- This site is optimized with the Yoast SEO plugin v26.6 - https:\/\/yoast.com\/wordpress\/plugins\/seo\/ -->\n<title>Hectamer\u00f3n - Catalogo | Letrame Grupo Editorial<\/title>\n<meta name=\"robots\" content=\"index, follow, max-snippet:-1, max-image-preview:large, max-video-preview:-1\" \/>\n<link rel=\"canonical\" href=\"https:\/\/letrame.com\/catalogo\/producto\/hectameron\/\" \/>\n<meta property=\"og:locale\" content=\"es_ES\" \/>\n<meta property=\"og:type\" content=\"article\" \/>\n<meta property=\"og:title\" content=\"Hectamer\u00f3n - Catalogo | Letrame Grupo Editorial\" \/>\n<meta property=\"og:description\" content=\"ISBN: 978-84-1144-717-1  SINOPSIS  En la presente obra el autor, a trav\u00e9s de una narrativa autobiogr\u00e1fica, procura cumplir con tres objetivos, a saber: ilustraci\u00f3n, amenidad y reflexi\u00f3n. La presenta bajo un esquema de cien cap\u00edtulos \u2014Emulando a Bocaccio\u2014 en siete partes delimitadas por etapas claramente marcadas a lo largo de las primeras siete d\u00e9cadas de su vida.  Eva, Marcela, Carmen, Virginia, Alicia\u2026 Elma, Sally, Brenda, Victoria\u2026 El Hectamer\u00f3n se desborda en nombres de mujeres: ciento setenta y cinco personajes femeninos ir\u00e1n y vendr\u00e1n en torno a Mauro, un protagonista desvergonzado e incansable, cuya memoria reposar\u00e1, sobre todo, en enredos, camas y desenga\u00f1os.\" \/>\n<meta property=\"og:url\" content=\"https:\/\/letrame.com\/catalogo\/producto\/hectameron\/\" \/>\n<meta property=\"og:site_name\" content=\"Catalogo | Letrame Grupo Editorial\" \/>\n<meta property=\"article:modified_time\" content=\"2024-11-04T10:03:05+00:00\" \/>\n<meta property=\"og:image\" content=\"https:\/\/letrame.com\/catalogo\/wp-content\/uploads\/2024\/04\/WEBPORTADAhectameron_3141mm-compressed.jpg\" \/>\n\t<meta property=\"og:image:width\" content=\"601\" \/>\n\t<meta property=\"og:image:height\" content=\"881\" \/>\n\t<meta property=\"og:image:type\" content=\"image\/jpeg\" \/>\n<meta name=\"twitter:card\" content=\"summary_large_image\" \/>\n<meta name=\"twitter:label1\" content=\"Tiempo de lectura\" \/>\n\t<meta name=\"twitter:data1\" content=\"1 minuto\" \/>\n<script type=\"application\/ld+json\" class=\"yoast-schema-graph\">{\"@context\":\"https:\/\/schema.org\",\"@graph\":[{\"@type\":\"WebPage\",\"@id\":\"https:\/\/letrame.com\/catalogo\/producto\/hectameron\/\",\"url\":\"https:\/\/letrame.com\/catalogo\/producto\/hectameron\/\",\"name\":\"Hectamer\u00f3n - Catalogo | Letrame Grupo Editorial\",\"isPartOf\":{\"@id\":\"https:\/\/letrame.com\/catalogo\/#website\"},\"primaryImageOfPage\":{\"@id\":\"https:\/\/letrame.com\/catalogo\/producto\/hectameron\/#primaryimage\"},\"image\":{\"@id\":\"https:\/\/letrame.com\/catalogo\/producto\/hectameron\/#primaryimage\"},\"thumbnailUrl\":\"https:\/\/letrame.com\/catalogo\/wp-content\/uploads\/2024\/04\/WEBPORTADAhectameron_3141mm-compressed.jpg\",\"datePublished\":\"2024-04-29T13:23:03+00:00\",\"dateModified\":\"2024-11-04T10:03:05+00:00\",\"breadcrumb\":{\"@id\":\"https:\/\/letrame.com\/catalogo\/producto\/hectameron\/#breadcrumb\"},\"inLanguage\":\"es\",\"potentialAction\":[{\"@type\":\"ReadAction\",\"target\":[\"https:\/\/letrame.com\/catalogo\/producto\/hectameron\/\"]}]},{\"@type\":\"ImageObject\",\"inLanguage\":\"es\",\"@id\":\"https:\/\/letrame.com\/catalogo\/producto\/hectameron\/#primaryimage\",\"url\":\"https:\/\/letrame.com\/catalogo\/wp-content\/uploads\/2024\/04\/WEBPORTADAhectameron_3141mm-compressed.jpg\",\"contentUrl\":\"https:\/\/letrame.com\/catalogo\/wp-content\/uploads\/2024\/04\/WEBPORTADAhectameron_3141mm-compressed.jpg\",\"width\":601,\"height\":881},{\"@type\":\"BreadcrumbList\",\"@id\":\"https:\/\/letrame.com\/catalogo\/producto\/hectameron\/#breadcrumb\",\"itemListElement\":[{\"@type\":\"ListItem\",\"position\":1,\"name\":\"Portada\",\"item\":\"https:\/\/letrame.com\/catalogo\/\"},{\"@type\":\"ListItem\",\"position\":2,\"name\":\"Cat\u00e1logo\",\"item\":\"https:\/\/letrame.com\/catalogo\/\"},{\"@type\":\"ListItem\",\"position\":3,\"name\":\"Hectamer\u00f3n\"}]},{\"@type\":\"WebSite\",\"@id\":\"https:\/\/letrame.com\/catalogo\/#website\",\"url\":\"https:\/\/letrame.com\/catalogo\/\",\"name\":\"Catalogo | Letrame Grupo Editorial\",\"description\":\"\",\"publisher\":{\"@id\":\"https:\/\/letrame.com\/catalogo\/#organization\"},\"potentialAction\":[{\"@type\":\"SearchAction\",\"target\":{\"@type\":\"EntryPoint\",\"urlTemplate\":\"https:\/\/letrame.com\/catalogo\/?s={search_term_string}\"},\"query-input\":{\"@type\":\"PropertyValueSpecification\",\"valueRequired\":true,\"valueName\":\"search_term_string\"}}],\"inLanguage\":\"es\"},{\"@type\":\"Organization\",\"@id\":\"https:\/\/letrame.com\/catalogo\/#organization\",\"name\":\"Catalogo | Letrame Grupo Editorial\",\"url\":\"https:\/\/letrame.com\/catalogo\/\",\"logo\":{\"@type\":\"ImageObject\",\"inLanguage\":\"es\",\"@id\":\"https:\/\/letrame.com\/catalogo\/#\/schema\/logo\/image\/\",\"url\":\"https:\/\/letrame.com\/catalogo\/wp-content\/uploads\/2024\/03\/logo2.webp\",\"contentUrl\":\"https:\/\/letrame.com\/catalogo\/wp-content\/uploads\/2024\/03\/logo2.webp\",\"width\":394,\"height\":128,\"caption\":\"Catalogo | Letrame Grupo Editorial\"},\"image\":{\"@id\":\"https:\/\/letrame.com\/catalogo\/#\/schema\/logo\/image\/\"}}]}<\/script>\n<!-- \/ Yoast SEO plugin. -->","yoast_head_json":{"title":"Hectamer\u00f3n - Catalogo | Letrame Grupo Editorial","robots":{"index":"index","follow":"follow","max-snippet":"max-snippet:-1","max-image-preview":"max-image-preview:large","max-video-preview":"max-video-preview:-1"},"canonical":"https:\/\/letrame.com\/catalogo\/producto\/hectameron\/","og_locale":"es_ES","og_type":"article","og_title":"Hectamer\u00f3n - Catalogo | Letrame Grupo Editorial","og_description":"ISBN: 978-84-1144-717-1  SINOPSIS  En la presente obra el autor, a trav\u00e9s de una narrativa autobiogr\u00e1fica, procura cumplir con tres objetivos, a saber: ilustraci\u00f3n, amenidad y reflexi\u00f3n. La presenta bajo un esquema de cien cap\u00edtulos \u2014Emulando a Bocaccio\u2014 en siete partes delimitadas por etapas claramente marcadas a lo largo de las primeras siete d\u00e9cadas de su vida.  Eva, Marcela, Carmen, Virginia, Alicia\u2026 Elma, Sally, Brenda, Victoria\u2026 El Hectamer\u00f3n se desborda en nombres de mujeres: ciento setenta y cinco personajes femeninos ir\u00e1n y vendr\u00e1n en torno a Mauro, un protagonista desvergonzado e incansable, cuya memoria reposar\u00e1, sobre todo, en enredos, camas y desenga\u00f1os.","og_url":"https:\/\/letrame.com\/catalogo\/producto\/hectameron\/","og_site_name":"Catalogo | Letrame Grupo Editorial","article_modified_time":"2024-11-04T10:03:05+00:00","og_image":[{"width":601,"height":881,"url":"https:\/\/letrame.com\/catalogo\/wp-content\/uploads\/2024\/04\/WEBPORTADAhectameron_3141mm-compressed.jpg","type":"image\/jpeg"}],"twitter_card":"summary_large_image","twitter_misc":{"Tiempo de lectura":"1 minuto"},"schema":{"@context":"https:\/\/schema.org","@graph":[{"@type":"WebPage","@id":"https:\/\/letrame.com\/catalogo\/producto\/hectameron\/","url":"https:\/\/letrame.com\/catalogo\/producto\/hectameron\/","name":"Hectamer\u00f3n - Catalogo | Letrame Grupo Editorial","isPartOf":{"@id":"https:\/\/letrame.com\/catalogo\/#website"},"primaryImageOfPage":{"@id":"https:\/\/letrame.com\/catalogo\/producto\/hectameron\/#primaryimage"},"image":{"@id":"https:\/\/letrame.com\/catalogo\/producto\/hectameron\/#primaryimage"},"thumbnailUrl":"https:\/\/letrame.com\/catalogo\/wp-content\/uploads\/2024\/04\/WEBPORTADAhectameron_3141mm-compressed.jpg","datePublished":"2024-04-29T13:23:03+00:00","dateModified":"2024-11-04T10:03:05+00:00","breadcrumb":{"@id":"https:\/\/letrame.com\/catalogo\/producto\/hectameron\/#breadcrumb"},"inLanguage":"es","potentialAction":[{"@type":"ReadAction","target":["https:\/\/letrame.com\/catalogo\/producto\/hectameron\/"]}]},{"@type":"ImageObject","inLanguage":"es","@id":"https:\/\/letrame.com\/catalogo\/producto\/hectameron\/#primaryimage","url":"https:\/\/letrame.com\/catalogo\/wp-content\/uploads\/2024\/04\/WEBPORTADAhectameron_3141mm-compressed.jpg","contentUrl":"https:\/\/letrame.com\/catalogo\/wp-content\/uploads\/2024\/04\/WEBPORTADAhectameron_3141mm-compressed.jpg","width":601,"height":881},{"@type":"BreadcrumbList","@id":"https:\/\/letrame.com\/catalogo\/producto\/hectameron\/#breadcrumb","itemListElement":[{"@type":"ListItem","position":1,"name":"Portada","item":"https:\/\/letrame.com\/catalogo\/"},{"@type":"ListItem","position":2,"name":"Cat\u00e1logo","item":"https:\/\/letrame.com\/catalogo\/"},{"@type":"ListItem","position":3,"name":"Hectamer\u00f3n"}]},{"@type":"WebSite","@id":"https:\/\/letrame.com\/catalogo\/#website","url":"https:\/\/letrame.com\/catalogo\/","name":"Catalogo | Letrame Grupo Editorial","description":"","publisher":{"@id":"https:\/\/letrame.com\/catalogo\/#organization"},"potentialAction":[{"@type":"SearchAction","target":{"@type":"EntryPoint","urlTemplate":"https:\/\/letrame.com\/catalogo\/?s={search_term_string}"},"query-input":{"@type":"PropertyValueSpecification","valueRequired":true,"valueName":"search_term_string"}}],"inLanguage":"es"},{"@type":"Organization","@id":"https:\/\/letrame.com\/catalogo\/#organization","name":"Catalogo | Letrame Grupo Editorial","url":"https:\/\/letrame.com\/catalogo\/","logo":{"@type":"ImageObject","inLanguage":"es","@id":"https:\/\/letrame.com\/catalogo\/#\/schema\/logo\/image\/","url":"https:\/\/letrame.com\/catalogo\/wp-content\/uploads\/2024\/03\/logo2.webp","contentUrl":"https:\/\/letrame.com\/catalogo\/wp-content\/uploads\/2024\/03\/logo2.webp","width":394,"height":128,"caption":"Catalogo | Letrame Grupo Editorial"},"image":{"@id":"https:\/\/letrame.com\/catalogo\/#\/schema\/logo\/image\/"}}]}},"_links":{"self":[{"href":"https:\/\/letrame.com\/catalogo\/wp-json\/wp\/v2\/product\/98805","targetHints":{"allow":["GET"]}}],"collection":[{"href":"https:\/\/letrame.com\/catalogo\/wp-json\/wp\/v2\/product"}],"about":[{"href":"https:\/\/letrame.com\/catalogo\/wp-json\/wp\/v2\/types\/product"}],"replies":[{"embeddable":true,"href":"https:\/\/letrame.com\/catalogo\/wp-json\/wp\/v2\/comments?post=98805"}],"acf:post":[{"embeddable":true,"href":"https:\/\/letrame.com\/catalogo\/wp-json\/wp\/v2\/author_book\/77226"}],"wp:featuredmedia":[{"embeddable":true,"href":"https:\/\/letrame.com\/catalogo\/wp-json\/wp\/v2\/media\/98806"}],"wp:attachment":[{"href":"https:\/\/letrame.com\/catalogo\/wp-json\/wp\/v2\/media?parent=98805"}],"wp:term":[{"taxonomy":"libro","embeddable":true,"href":"https:\/\/letrame.com\/catalogo\/wp-json\/wp\/v2\/libro?post=98805"},{"taxonomy":"product_brand","embeddable":true,"href":"https:\/\/letrame.com\/catalogo\/wp-json\/wp\/v2\/product_brand?post=98805"},{"taxonomy":"product_cat","embeddable":true,"href":"https:\/\/letrame.com\/catalogo\/wp-json\/wp\/v2\/product_cat?post=98805"},{"taxonomy":"product_tag","embeddable":true,"href":"https:\/\/letrame.com\/catalogo\/wp-json\/wp\/v2\/product_tag?post=98805"}],"curies":[{"name":"wp","href":"https:\/\/api.w.org\/{rel}","templated":true}]}}