{"id":98803,"date":"2024-04-29T15:23:03","date_gmt":"2024-04-29T13:23:03","guid":{"rendered":"https:\/\/letrame.com\/catalogo\/producto\/perderte-para-aprender-a-encontrarte\/"},"modified":"2024-04-29T15:23:18","modified_gmt":"2024-04-29T13:23:18","slug":"perderte-para-aprender-a-encontrarte","status":"publish","type":"product","link":"https:\/\/letrame.com\/catalogo\/producto\/perderte-para-aprender-a-encontrarte\/","title":{"rendered":"Perderte para aprender a encontrarte"},"content":{"rendered":"<p><strong>ISBN<\/strong>: 978-84-1144-747-8<\/p>\n<p><strong>T\u00edtulo<\/strong>: Perderte para aprender a encontrarte<br \/>\n<strong>Fecha<\/strong>: 2023<br \/>\n<strong>P\u00e1ginas<\/strong>: 344<\/p>\n<p><strong>SINOPSIS<\/strong><\/p>\n<p>SUPERARTE Y CAMBIAR TU REALIDAD ES POSIBLE<br \/>\nTENIENDO LA GU\u00cdA Y LAS HERRAMIENTAS ADECUADAS<\/p>\n<p>DESCUBRE TU POTENCIAL A TRAV\u00c9S<br \/>\nDEL APRENDIZAJE Y LA ACCI\u00d3N<\/p>\n<p>PARA TRANSFORMARTE Y ADQUIRIR CLARIDAD,<br \/>\nPARA VIVIR DESDE LA CONSCIENCIA, DESDE LAS CREENCIAS<br \/>\nPOTENCIADORAS.<u><br \/>\n<\/u><br \/>\nLa comprensi\u00f3n de nuestras emociones nos hacen libres. Por ello, este libro se enfoca en dar soporte a personas de cualquier car\u00e1cter e ideolog\u00eda en alg\u00fan momento de su vida, en el que no est\u00e9n sabiendo vivir con seguridad, autoconocimiento y amor propio.<\/p>\n<p>Ofrece profundizar en situaciones o emociones que quiz\u00e1s no est\u00e9n pudiendo controlar de forma aut\u00f3noma, aportando reflexiones y orientaci\u00f3n que ayudan a dirigir cada una de ellas hacia el desarrollo de la inteligencia emocional. Adem\u00e1s, incluye consejos que ofrecen tomar la decisi\u00f3n de actuar para vivir con plenitud.<\/p>\n<p>Trata temas experimentados, sufridos, trabajados y superados. Los cuales a d\u00eda de hoy son comprendidos como necesarios para la evoluci\u00f3n y el equilibrio. Los acompa\u00f1an tambi\u00e9n ejercicios que podr\u00e1s aplicar para poner en pr\u00e1ctica lo aprendido.<\/p>\n<p>Mi intenci\u00f3n es aportarte herramientas para salir de donde sientas que no es tu lugar, para reconocer el valor de tu vida y para poner nombre a aquello que te bloquea y dejarlo ir. Sin duda, algo necesario para emprender el camino del autodescubrimiento, del despertar personal.<\/p>\n","protected":false},"excerpt":{"rendered":"<p><strong>ISBN<\/strong>: 978-84-1144-747-8<\/p>\n<p><strong>SINOPSIS<\/strong><\/p>\n<p>SUPERARTE Y CAMBIAR TU REALIDAD ES POSIBLE<br \/>\nTENIENDO LA GU\u00cdA Y LAS HERRAMIENTAS ADECUADAS<\/p>\n<p>DESCUBRE TU POTENCIAL A TRAV\u00c9S<br \/>\nDEL APRENDIZAJE Y LA ACCI\u00d3N<\/p>\n<p>PARA TRANSFORMARTE Y ADQUIRIR CLARIDAD,<br \/>\nPARA VIVIR DESDE LA CONSCIENCIA, DESDE LAS CREENCIAS<br \/>\nPOTENCIADORAS.<u><br \/>\n<\/u><br \/>\nLa comprensi\u00f3n de nuestras emociones nos hacen libres. Por ello, este libro se enfoca en dar soporte a personas de cualquier car\u00e1cter e ideolog\u00eda en alg\u00fan momento de su vida, en el que no est\u00e9n sabiendo vivir con seguridad, autoconocimiento y amor propio.<\/p>\n<p>Ofrece profundizar en situaciones o emociones que quiz\u00e1s no est\u00e9n pudiendo controlar de forma aut\u00f3noma, aportando reflexiones y orientaci\u00f3n que ayudan a dirigir cada una de ellas hacia el desarrollo de la inteligencia emocional. Adem\u00e1s, incluye consejos que ofrecen tomar la decisi\u00f3n de actuar para vivir con plenitud.<\/p>\n<p>Trata temas experimentados, sufridos, trabajados y superados. Los cuales a d\u00eda de hoy son comprendidos como necesarios para la evoluci\u00f3n y el equilibrio. Los acompa\u00f1an tambi\u00e9n ejercicios que podr\u00e1s aplicar para poner en pr\u00e1ctica lo aprendido.<\/p>\n<p>Mi intenci\u00f3n es aportarte herramientas para salir de donde sientas que no es tu lugar, para reconocer el valor de tu vida y para poner nombre a aquello que te bloquea y dejarlo ir. Sin duda, algo necesario para emprender el camino del autodescubrimiento, del despertar personal.<\/p>\n","protected":false},"featured_media":98804,"comment_status":"closed","ping_status":"open","template":"","meta":{"_acf_changed":false},"libro":[],"product_brand":[],"product_cat":[16],"product_tag":[],"class_list":{"0":"post-98803","1":"product","2":"type-product","3":"status-publish","4":"has-post-thumbnail","6":"product_cat-novela","8":"first","9":"instock","10":"product-type-simple"},"acf":{"autor":[77224],"enlace_de_compra":"https:\/\/www.amazon.es\/Perderte-para-aprender-encontrarte-Novela\/dp\/8411447472\/"},"yoast_head":"<!-- This site is optimized with the Yoast SEO plugin v27.4 - https:\/\/yoast.com\/product\/yoast-seo-wordpress\/ -->\n<title>Perderte para aprender a encontrarte - Catalogo | Letrame Grupo Editorial<\/title>\n<meta name=\"robots\" content=\"index, follow, max-snippet:-1, max-image-preview:large, max-video-preview:-1\" \/>\n<link rel=\"canonical\" href=\"https:\/\/letrame.com\/catalogo\/producto\/perderte-para-aprender-a-encontrarte\/\" \/>\n<meta property=\"og:locale\" content=\"es_ES\" \/>\n<meta property=\"og:type\" content=\"article\" \/>\n<meta property=\"og:title\" content=\"Perderte para aprender a encontrarte - Catalogo | Letrame Grupo Editorial\" \/>\n<meta property=\"og:description\" content=\"ISBN: 978-84-1144-747-8 SINOPSIS SUPERARTE Y CAMBIAR TU REALIDAD ES POSIBLE TENIENDO LA GU\u00cdA Y LAS HERRAMIENTAS ADECUADAS DESCUBRE TU POTENCIAL A TRAV\u00c9S DEL APRENDIZAJE Y LA ACCI\u00d3N PARA TRANSFORMARTE Y ADQUIRIR CLARIDAD, PARA VIVIR DESDE LA CONSCIENCIA, DESDE LAS CREENCIAS POTENCIADORAS. La comprensi\u00f3n de nuestras emociones nos hacen libres. Por ello, este libro se enfoca en dar soporte a personas de cualquier car\u00e1cter e ideolog\u00eda en alg\u00fan momento de su vida, en el que no est\u00e9n sabiendo vivir con seguridad, autoconocimiento y amor propio. Ofrece profundizar en situaciones o emociones que quiz\u00e1s no est\u00e9n pudiendo controlar de forma aut\u00f3noma, aportando reflexiones y orientaci\u00f3n que ayudan a dirigir cada una de ellas hacia el desarrollo de la inteligencia emocional. Adem\u00e1s, incluye consejos que ofrecen tomar la decisi\u00f3n de actuar para vivir con plenitud. Trata temas experimentados, sufridos, trabajados y superados. Los cuales a d\u00eda de hoy son comprendidos como necesarios para la evoluci\u00f3n y el equilibrio. Los acompa\u00f1an tambi\u00e9n ejercicios que podr\u00e1s aplicar para poner en pr\u00e1ctica lo aprendido. Mi intenci\u00f3n es aportarte herramientas para salir de donde sientas que no es tu lugar, para reconocer el valor de tu vida y para poner nombre a aquello que te bloquea y dejarlo ir. Sin duda, algo necesario para emprender el camino del autodescubrimiento, del despertar personal.\" \/>\n<meta property=\"og:url\" content=\"https:\/\/letrame.com\/catalogo\/producto\/perderte-para-aprender-a-encontrarte\/\" \/>\n<meta property=\"og:site_name\" content=\"Catalogo | Letrame Grupo Editorial\" \/>\n<meta property=\"article:modified_time\" content=\"2024-04-29T13:23:18+00:00\" \/>\n<meta property=\"og:image\" content=\"https:\/\/letrame.com\/catalogo\/wp-content\/uploads\/2024\/04\/webportadaperderteparaencontrarte_1694mm-compressed.jpg\" \/>\n\t<meta property=\"og:image:width\" content=\"601\" \/>\n\t<meta property=\"og:image:height\" content=\"881\" \/>\n\t<meta property=\"og:image:type\" content=\"image\/jpeg\" \/>\n<meta name=\"twitter:card\" content=\"summary_large_image\" \/>\n<meta name=\"twitter:label1\" content=\"Tiempo de lectura\" \/>\n\t<meta name=\"twitter:data1\" content=\"1 minuto\" \/>\n<script type=\"application\/ld+json\" class=\"yoast-schema-graph\">{\"@context\":\"https:\\\/\\\/schema.org\",\"@graph\":[{\"@type\":\"WebPage\",\"@id\":\"https:\\\/\\\/letrame.com\\\/catalogo\\\/producto\\\/perderte-para-aprender-a-encontrarte\\\/\",\"url\":\"https:\\\/\\\/letrame.com\\\/catalogo\\\/producto\\\/perderte-para-aprender-a-encontrarte\\\/\",\"name\":\"Perderte para aprender a encontrarte - Catalogo | Letrame Grupo Editorial\",\"isPartOf\":{\"@id\":\"https:\\\/\\\/letrame.com\\\/catalogo\\\/#website\"},\"primaryImageOfPage\":{\"@id\":\"https:\\\/\\\/letrame.com\\\/catalogo\\\/producto\\\/perderte-para-aprender-a-encontrarte\\\/#primaryimage\"},\"image\":{\"@id\":\"https:\\\/\\\/letrame.com\\\/catalogo\\\/producto\\\/perderte-para-aprender-a-encontrarte\\\/#primaryimage\"},\"thumbnailUrl\":\"https:\\\/\\\/letrame.com\\\/catalogo\\\/wp-content\\\/uploads\\\/2024\\\/04\\\/webportadaperderteparaencontrarte_1694mm-compressed.jpg\",\"datePublished\":\"2024-04-29T13:23:03+00:00\",\"dateModified\":\"2024-04-29T13:23:18+00:00\",\"breadcrumb\":{\"@id\":\"https:\\\/\\\/letrame.com\\\/catalogo\\\/producto\\\/perderte-para-aprender-a-encontrarte\\\/#breadcrumb\"},\"inLanguage\":\"es\",\"potentialAction\":[{\"@type\":\"ReadAction\",\"target\":[\"https:\\\/\\\/letrame.com\\\/catalogo\\\/producto\\\/perderte-para-aprender-a-encontrarte\\\/\"]}]},{\"@type\":\"ImageObject\",\"inLanguage\":\"es\",\"@id\":\"https:\\\/\\\/letrame.com\\\/catalogo\\\/producto\\\/perderte-para-aprender-a-encontrarte\\\/#primaryimage\",\"url\":\"https:\\\/\\\/letrame.com\\\/catalogo\\\/wp-content\\\/uploads\\\/2024\\\/04\\\/webportadaperderteparaencontrarte_1694mm-compressed.jpg\",\"contentUrl\":\"https:\\\/\\\/letrame.com\\\/catalogo\\\/wp-content\\\/uploads\\\/2024\\\/04\\\/webportadaperderteparaencontrarte_1694mm-compressed.jpg\",\"width\":601,\"height\":881},{\"@type\":\"BreadcrumbList\",\"@id\":\"https:\\\/\\\/letrame.com\\\/catalogo\\\/producto\\\/perderte-para-aprender-a-encontrarte\\\/#breadcrumb\",\"itemListElement\":[{\"@type\":\"ListItem\",\"position\":1,\"name\":\"Portada\",\"item\":\"https:\\\/\\\/letrame.com\\\/catalogo\\\/\"},{\"@type\":\"ListItem\",\"position\":2,\"name\":\"Cat\u00e1logo\",\"item\":\"https:\\\/\\\/letrame.com\\\/catalogo\\\/\"},{\"@type\":\"ListItem\",\"position\":3,\"name\":\"Perderte para aprender a encontrarte\"}]},{\"@type\":\"WebSite\",\"@id\":\"https:\\\/\\\/letrame.com\\\/catalogo\\\/#website\",\"url\":\"https:\\\/\\\/letrame.com\\\/catalogo\\\/\",\"name\":\"Catalogo | Letrame Grupo Editorial\",\"description\":\"\",\"publisher\":{\"@id\":\"https:\\\/\\\/letrame.com\\\/catalogo\\\/#organization\"},\"potentialAction\":[{\"@type\":\"SearchAction\",\"target\":{\"@type\":\"EntryPoint\",\"urlTemplate\":\"https:\\\/\\\/letrame.com\\\/catalogo\\\/?s={search_term_string}\"},\"query-input\":{\"@type\":\"PropertyValueSpecification\",\"valueRequired\":true,\"valueName\":\"search_term_string\"}}],\"inLanguage\":\"es\"},{\"@type\":\"Organization\",\"@id\":\"https:\\\/\\\/letrame.com\\\/catalogo\\\/#organization\",\"name\":\"Catalogo | Letrame Grupo Editorial\",\"url\":\"https:\\\/\\\/letrame.com\\\/catalogo\\\/\",\"logo\":{\"@type\":\"ImageObject\",\"inLanguage\":\"es\",\"@id\":\"https:\\\/\\\/letrame.com\\\/catalogo\\\/#\\\/schema\\\/logo\\\/image\\\/\",\"url\":\"https:\\\/\\\/letrame.com\\\/catalogo\\\/wp-content\\\/uploads\\\/2024\\\/03\\\/logo2.webp\",\"contentUrl\":\"https:\\\/\\\/letrame.com\\\/catalogo\\\/wp-content\\\/uploads\\\/2024\\\/03\\\/logo2.webp\",\"width\":394,\"height\":128,\"caption\":\"Catalogo | Letrame Grupo Editorial\"},\"image\":{\"@id\":\"https:\\\/\\\/letrame.com\\\/catalogo\\\/#\\\/schema\\\/logo\\\/image\\\/\"}}]}<\/script>\n<!-- \/ Yoast SEO plugin. -->","yoast_head_json":{"title":"Perderte para aprender a encontrarte - Catalogo | Letrame Grupo Editorial","robots":{"index":"index","follow":"follow","max-snippet":"max-snippet:-1","max-image-preview":"max-image-preview:large","max-video-preview":"max-video-preview:-1"},"canonical":"https:\/\/letrame.com\/catalogo\/producto\/perderte-para-aprender-a-encontrarte\/","og_locale":"es_ES","og_type":"article","og_title":"Perderte para aprender a encontrarte - Catalogo | Letrame Grupo Editorial","og_description":"ISBN: 978-84-1144-747-8 SINOPSIS SUPERARTE Y CAMBIAR TU REALIDAD ES POSIBLE TENIENDO LA GU\u00cdA Y LAS HERRAMIENTAS ADECUADAS DESCUBRE TU POTENCIAL A TRAV\u00c9S DEL APRENDIZAJE Y LA ACCI\u00d3N PARA TRANSFORMARTE Y ADQUIRIR CLARIDAD, PARA VIVIR DESDE LA CONSCIENCIA, DESDE LAS CREENCIAS POTENCIADORAS. La comprensi\u00f3n de nuestras emociones nos hacen libres. Por ello, este libro se enfoca en dar soporte a personas de cualquier car\u00e1cter e ideolog\u00eda en alg\u00fan momento de su vida, en el que no est\u00e9n sabiendo vivir con seguridad, autoconocimiento y amor propio. Ofrece profundizar en situaciones o emociones que quiz\u00e1s no est\u00e9n pudiendo controlar de forma aut\u00f3noma, aportando reflexiones y orientaci\u00f3n que ayudan a dirigir cada una de ellas hacia el desarrollo de la inteligencia emocional. Adem\u00e1s, incluye consejos que ofrecen tomar la decisi\u00f3n de actuar para vivir con plenitud. Trata temas experimentados, sufridos, trabajados y superados. Los cuales a d\u00eda de hoy son comprendidos como necesarios para la evoluci\u00f3n y el equilibrio. Los acompa\u00f1an tambi\u00e9n ejercicios que podr\u00e1s aplicar para poner en pr\u00e1ctica lo aprendido. Mi intenci\u00f3n es aportarte herramientas para salir de donde sientas que no es tu lugar, para reconocer el valor de tu vida y para poner nombre a aquello que te bloquea y dejarlo ir. Sin duda, algo necesario para emprender el camino del autodescubrimiento, del despertar personal.","og_url":"https:\/\/letrame.com\/catalogo\/producto\/perderte-para-aprender-a-encontrarte\/","og_site_name":"Catalogo | Letrame Grupo Editorial","article_modified_time":"2024-04-29T13:23:18+00:00","og_image":[{"width":601,"height":881,"url":"https:\/\/letrame.com\/catalogo\/wp-content\/uploads\/2024\/04\/webportadaperderteparaencontrarte_1694mm-compressed.jpg","type":"image\/jpeg"}],"twitter_card":"summary_large_image","twitter_misc":{"Tiempo de lectura":"1 minuto"},"schema":{"@context":"https:\/\/schema.org","@graph":[{"@type":"WebPage","@id":"https:\/\/letrame.com\/catalogo\/producto\/perderte-para-aprender-a-encontrarte\/","url":"https:\/\/letrame.com\/catalogo\/producto\/perderte-para-aprender-a-encontrarte\/","name":"Perderte para aprender a encontrarte - Catalogo | Letrame Grupo Editorial","isPartOf":{"@id":"https:\/\/letrame.com\/catalogo\/#website"},"primaryImageOfPage":{"@id":"https:\/\/letrame.com\/catalogo\/producto\/perderte-para-aprender-a-encontrarte\/#primaryimage"},"image":{"@id":"https:\/\/letrame.com\/catalogo\/producto\/perderte-para-aprender-a-encontrarte\/#primaryimage"},"thumbnailUrl":"https:\/\/letrame.com\/catalogo\/wp-content\/uploads\/2024\/04\/webportadaperderteparaencontrarte_1694mm-compressed.jpg","datePublished":"2024-04-29T13:23:03+00:00","dateModified":"2024-04-29T13:23:18+00:00","breadcrumb":{"@id":"https:\/\/letrame.com\/catalogo\/producto\/perderte-para-aprender-a-encontrarte\/#breadcrumb"},"inLanguage":"es","potentialAction":[{"@type":"ReadAction","target":["https:\/\/letrame.com\/catalogo\/producto\/perderte-para-aprender-a-encontrarte\/"]}]},{"@type":"ImageObject","inLanguage":"es","@id":"https:\/\/letrame.com\/catalogo\/producto\/perderte-para-aprender-a-encontrarte\/#primaryimage","url":"https:\/\/letrame.com\/catalogo\/wp-content\/uploads\/2024\/04\/webportadaperderteparaencontrarte_1694mm-compressed.jpg","contentUrl":"https:\/\/letrame.com\/catalogo\/wp-content\/uploads\/2024\/04\/webportadaperderteparaencontrarte_1694mm-compressed.jpg","width":601,"height":881},{"@type":"BreadcrumbList","@id":"https:\/\/letrame.com\/catalogo\/producto\/perderte-para-aprender-a-encontrarte\/#breadcrumb","itemListElement":[{"@type":"ListItem","position":1,"name":"Portada","item":"https:\/\/letrame.com\/catalogo\/"},{"@type":"ListItem","position":2,"name":"Cat\u00e1logo","item":"https:\/\/letrame.com\/catalogo\/"},{"@type":"ListItem","position":3,"name":"Perderte para aprender a encontrarte"}]},{"@type":"WebSite","@id":"https:\/\/letrame.com\/catalogo\/#website","url":"https:\/\/letrame.com\/catalogo\/","name":"Catalogo | Letrame Grupo Editorial","description":"","publisher":{"@id":"https:\/\/letrame.com\/catalogo\/#organization"},"potentialAction":[{"@type":"SearchAction","target":{"@type":"EntryPoint","urlTemplate":"https:\/\/letrame.com\/catalogo\/?s={search_term_string}"},"query-input":{"@type":"PropertyValueSpecification","valueRequired":true,"valueName":"search_term_string"}}],"inLanguage":"es"},{"@type":"Organization","@id":"https:\/\/letrame.com\/catalogo\/#organization","name":"Catalogo | Letrame Grupo Editorial","url":"https:\/\/letrame.com\/catalogo\/","logo":{"@type":"ImageObject","inLanguage":"es","@id":"https:\/\/letrame.com\/catalogo\/#\/schema\/logo\/image\/","url":"https:\/\/letrame.com\/catalogo\/wp-content\/uploads\/2024\/03\/logo2.webp","contentUrl":"https:\/\/letrame.com\/catalogo\/wp-content\/uploads\/2024\/03\/logo2.webp","width":394,"height":128,"caption":"Catalogo | Letrame Grupo Editorial"},"image":{"@id":"https:\/\/letrame.com\/catalogo\/#\/schema\/logo\/image\/"}}]}},"_links":{"self":[{"href":"https:\/\/letrame.com\/catalogo\/wp-json\/wp\/v2\/product\/98803","targetHints":{"allow":["GET"]}}],"collection":[{"href":"https:\/\/letrame.com\/catalogo\/wp-json\/wp\/v2\/product"}],"about":[{"href":"https:\/\/letrame.com\/catalogo\/wp-json\/wp\/v2\/types\/product"}],"replies":[{"embeddable":true,"href":"https:\/\/letrame.com\/catalogo\/wp-json\/wp\/v2\/comments?post=98803"}],"acf:post":[{"embeddable":true,"href":"https:\/\/letrame.com\/catalogo\/wp-json\/wp\/v2\/author_book\/77224"}],"wp:featuredmedia":[{"embeddable":true,"href":"https:\/\/letrame.com\/catalogo\/wp-json\/wp\/v2\/media\/98804"}],"wp:attachment":[{"href":"https:\/\/letrame.com\/catalogo\/wp-json\/wp\/v2\/media?parent=98803"}],"wp:term":[{"taxonomy":"libro","embeddable":true,"href":"https:\/\/letrame.com\/catalogo\/wp-json\/wp\/v2\/libro?post=98803"},{"taxonomy":"product_brand","embeddable":true,"href":"https:\/\/letrame.com\/catalogo\/wp-json\/wp\/v2\/product_brand?post=98803"},{"taxonomy":"product_cat","embeddable":true,"href":"https:\/\/letrame.com\/catalogo\/wp-json\/wp\/v2\/product_cat?post=98803"},{"taxonomy":"product_tag","embeddable":true,"href":"https:\/\/letrame.com\/catalogo\/wp-json\/wp\/v2\/product_tag?post=98803"}],"curies":[{"name":"wp","href":"https:\/\/api.w.org\/{rel}","templated":true}]}}