{"id":98796,"date":"2024-04-29T15:22:39","date_gmt":"2024-04-29T13:22:39","guid":{"rendered":"https:\/\/letrame.com\/catalogo\/producto\/blue-sea-registro-limassol\/"},"modified":"2024-08-08T15:02:16","modified_gmt":"2024-08-08T13:02:16","slug":"blue-sea-registro-limassol","status":"publish","type":"product","link":"https:\/\/letrame.com\/catalogo\/producto\/blue-sea-registro-limassol\/","title":{"rendered":"\u00abBLUE SEA\u00bb Registro Limassol"},"content":{"rendered":"<p><strong>ISBN<\/strong>: 978-84-1144-760-7<\/p>\n<p><strong>T\u00edtulo<\/strong>: \u00abBLUE SEA\u00bb Registro Limassol<br \/>\n<strong>Fecha<\/strong>: 2023<br \/>\n<strong>P\u00e1ginas<\/strong>: 344<\/p>\n<p><strong>SINOPSIS<\/strong><\/p>\n<p>Un relato que intenta en su narraci\u00f3n reflejar las impresiones de un marino que le ha tocado vivir una relativamente larga \u00e9poca de transici\u00f3n entre los tranquilos y sosegados tiempos de navegaci\u00f3n con aguja y sextante y su evoluci\u00f3n hacia los vertiginosos tiempos del sat\u00e9lite y la computaci\u00f3n.<\/p>\n<p>Cuando corr\u00edan los no tan lejanos tiempos de aguja, sextante y cronometro, todav\u00eda viv\u00eda en la imaginaci\u00f3n de las gentes de secano ese supuesto romanticismo que se atribu\u00eda a los viajes por mar a bordo de unos atemporales buques, que tan solo con la magn\u00e9tica y el sextante y muy pocos con el adelanto de un moderno radiogoni\u00f3metro y un radar muy elemental, nos enfrent\u00e1bamos a las incertidumbres y a la fascinaci\u00f3n que supon\u00eda adentrarse en la inmensidad de la mar, esconderse tras el horizonte y descubrir un mundo mil veces imaginado o por lo menos sorprendidos por la visi\u00f3n de otras costumbres algo diferentes a las que hasta ahora hab\u00edamos vivido sobre el firme de nuestro asfalto, el que nos hab\u00eda tocado vivir, antes de haber descubierto y padecido las alegr\u00edas y adversidades de la amarga llanura de la mar.<\/p>\n<p>Sin darnos apenas cuenta llegaron los tiempos en que furtivamente y sin freno ni descanso se fueron integrando en el alma de los nuevos buques las tecnolog\u00edas que acabaron con el sentir de navegante que sobreviv\u00eda en los verdaderos hombres de la mar. Marinos de ley, que, en su soledad y desamparo, afrontaban tan solo con su oficio y sus escasos recursos las adversidades con que la aventura mar\u00edtima les sorprend\u00eda.<\/p>\n<p>A lo largo de la narraci\u00f3n, recurro en contadas ocasiones al tiempo presente, como queriendo establecer esa distancia que marca el paso del tiempo, con sus adelantos y mejoras, que no hicieron m\u00e1s que enterrar en el olvido aquellas practicas marineras que nos ense\u00f1aron nuestros ancestros, cargados de tanta sabidur\u00eda marinera y que hoy un sat\u00e9lite te resuelve y hasta se anticipa a cualquier adversidad.<\/p>\n<p>El progreso acaba con un oficio adquirido a base de golpes de mar que las nuevas tecnolog\u00edas en su supervivencia como canto de sirena nos embaucan y nos transforman en meros transportistas de mercanc\u00edas por mar.<\/p>\n<p>&nbsp;<\/p>\n<p>El Autor<\/p>\n<p>Fernando Santos Saiz Vaamonde<\/p>\n<p>&nbsp;<\/p>\n<p>&nbsp;<\/p>\n","protected":false},"excerpt":{"rendered":"<p><strong>ISBN<\/strong>: 978-84-1144-760-7<\/p>\n<p><strong>T\u00edtulo<\/strong>: \u00abBLUE SEA\u00bb Registro Limassol<\/p>\n<p><strong>SINOPSIS<\/strong><\/p>\n<p>Un relato que intenta en su narraci\u00f3n reflejar las impresiones de un marino que le ha tocado vivir una relativamente larga \u00e9poca de transici\u00f3n entre los tranquilos y sosegados tiempos de navegaci\u00f3n con aguja y sextante y su evoluci\u00f3n hacia los vertiginosos tiempos del sat\u00e9lite y la computaci\u00f3n.<\/p>\n<p>Cuando corr\u00edan los no tan lejanos tiempos de aguja, sextante y cronometro, todav\u00eda viv\u00eda en la imaginaci\u00f3n de las gentes de secano ese supuesto romanticismo que se atribu\u00eda a los viajes por mar a bordo de unos atemporales buques, que tan solo con la magn\u00e9tica y el sextante y muy pocos con el adelanto de un moderno radiogoni\u00f3metro y un radar muy elemental, nos enfrent\u00e1bamos a las incertidumbres y a la fascinaci\u00f3n que supon\u00eda adentrarse en la inmensidad de la mar, esconderse tras el horizonte y descubrir un mundo mil veces imaginado o por lo menos sorprendidos por la visi\u00f3n de otras costumbres algo diferentes a las que hasta ahora hab\u00edamos vivido sobre el firme de nuestro asfalto, el que nos hab\u00eda tocado vivir, antes de haber descubierto y padecido las alegr\u00edas y adversidades de la amarga llanura de la mar.<\/p>\n<p>Sin darnos apenas cuenta llegaron los tiempos en que furtivamente y sin freno ni descanso se fueron integrando en el alma de los nuevos buques las tecnolog\u00edas que acabaron con el sentir de navegante que sobreviv\u00eda en los verdaderos hombres de la mar. Marinos de ley, que, en su soledad y desamparo, afrontaban tan solo con su oficio y sus escasos recursos las adversidades con que la aventura mar\u00edtima les sorprend\u00eda.<\/p>\n<p>A lo largo de la narraci\u00f3n, recurro en contadas ocasiones al tiempo presente, como queriendo establecer esa distancia que marca el paso del tiempo, con sus adelantos y mejoras, que no hicieron m\u00e1s que enterrar en el olvido aquellas practicas marineras que nos ense\u00f1aron nuestros ancestros, cargados de tanta sabidur\u00eda marinera y que hoy un sat\u00e9lite te resuelve y hasta se anticipa a cualquier adversidad.<\/p>\n<p>El progreso acaba con un oficio adquirido a base de golpes de mar que las nuevas tecnolog\u00edas en su supervivencia como canto de sirena nos embaucan y nos transforman en meros transportistas de mercanc\u00edas por mar.<\/p>\n<p>&nbsp;<\/p>\n<p>El Autor<\/p>\n<p>Fernando Santos Saiz Vaamonde<\/p>\n<p>&nbsp;<\/p>\n","protected":false},"featured_media":98797,"comment_status":"closed","ping_status":"closed","template":"","meta":{"_acf_changed":false},"libro":[],"product_brand":[],"product_cat":[21],"product_tag":[],"class_list":{"0":"post-98796","1":"product","2":"type-product","3":"status-publish","4":"has-post-thumbnail","6":"product_cat-relato","8":"first","9":"instock","10":"product-type-simple"},"acf":{"autor":[77218],"enlace_de_compra":"https:\/\/amzn.to\/3WSoj6K"},"yoast_head":"<!-- This site is optimized with the Yoast SEO plugin v26.6 - https:\/\/yoast.com\/wordpress\/plugins\/seo\/ -->\n<title>&quot;BLUE SEA&quot; Registro Limassol - Catalogo | Letrame Grupo Editorial<\/title>\n<meta name=\"robots\" content=\"index, follow, max-snippet:-1, max-image-preview:large, max-video-preview:-1\" \/>\n<link rel=\"canonical\" href=\"https:\/\/letrame.com\/catalogo\/producto\/blue-sea-registro-limassol\/\" \/>\n<meta property=\"og:locale\" content=\"es_ES\" \/>\n<meta property=\"og:type\" content=\"article\" \/>\n<meta property=\"og:title\" content=\"&quot;BLUE SEA&quot; Registro Limassol - Catalogo | Letrame Grupo Editorial\" \/>\n<meta property=\"og:description\" content=\"ISBN: 978-84-1144-760-7  T\u00edtulo: &quot;BLUE SEA&quot; Registro Limassol  SINOPSIS  Un relato que intenta en su narraci\u00f3n reflejar las impresiones de un marino que le ha tocado vivir una relativamente larga \u00e9poca de transici\u00f3n entre los tranquilos y sosegados tiempos de navegaci\u00f3n con aguja y sextante y su evoluci\u00f3n hacia los vertiginosos tiempos del sat\u00e9lite y la computaci\u00f3n.  Cuando corr\u00edan los no tan lejanos tiempos de aguja, sextante y cronometro, todav\u00eda viv\u00eda en la imaginaci\u00f3n de las gentes de secano ese supuesto romanticismo que se atribu\u00eda a los viajes por mar a bordo de unos atemporales buques, que tan solo con la magn\u00e9tica y el sextante y muy pocos con el adelanto de un moderno radiogoni\u00f3metro y un radar muy elemental, nos enfrent\u00e1bamos a las incertidumbres y a la fascinaci\u00f3n que supon\u00eda adentrarse en la inmensidad de la mar, esconderse tras el horizonte y descubrir un mundo mil veces imaginado o por lo menos sorprendidos por la visi\u00f3n de otras costumbres algo diferentes a las que hasta ahora hab\u00edamos vivido sobre el firme de nuestro asfalto, el que nos hab\u00eda tocado vivir, antes de haber descubierto y padecido las alegr\u00edas y adversidades de la amarga llanura de la mar.  Sin darnos apenas cuenta llegaron los tiempos en que furtivamente y sin freno ni descanso se fueron integrando en el alma de los nuevos buques las tecnolog\u00edas que acabaron con el sentir de navegante que sobreviv\u00eda en los verdaderos hombres de la mar. Marinos de ley, que, en su soledad y desamparo, afrontaban tan solo con su oficio y sus escasos recursos las adversidades con que la aventura mar\u00edtima les sorprend\u00eda.  A lo largo de la narraci\u00f3n, recurro en contadas ocasiones al tiempo presente, como queriendo establecer esa distancia que marca el paso del tiempo, con sus adelantos y mejoras, que no hicieron m\u00e1s que enterrar en el olvido aquellas practicas marineras que nos ense\u00f1aron nuestros ancestros, cargados de tanta sabidur\u00eda marinera y que hoy un sat\u00e9lite te resuelve y hasta se anticipa a cualquier adversidad.  El progreso acaba con un oficio adquirido a base de golpes de mar que las nuevas tecnolog\u00edas en su supervivencia como canto de sirena nos embaucan y nos transforman en meros transportistas de mercanc\u00edas por mar.  &nbsp;  El Autor  Fernando Santos Saiz Vaamonde  &nbsp;\" \/>\n<meta property=\"og:url\" content=\"https:\/\/letrame.com\/catalogo\/producto\/blue-sea-registro-limassol\/\" \/>\n<meta property=\"og:site_name\" content=\"Catalogo | Letrame Grupo Editorial\" \/>\n<meta property=\"article:modified_time\" content=\"2024-08-08T13:02:16+00:00\" \/>\n<meta property=\"og:image\" content=\"https:\/\/letrame.com\/catalogo\/wp-content\/uploads\/2024\/04\/webportadabluesea_1694mm-compressed.jpg\" \/>\n\t<meta property=\"og:image:width\" content=\"601\" \/>\n\t<meta property=\"og:image:height\" content=\"881\" \/>\n\t<meta property=\"og:image:type\" content=\"image\/jpeg\" \/>\n<meta name=\"twitter:card\" content=\"summary_large_image\" \/>\n<meta name=\"twitter:label1\" content=\"Tiempo de lectura\" \/>\n\t<meta name=\"twitter:data1\" content=\"2 minutos\" \/>\n<script type=\"application\/ld+json\" class=\"yoast-schema-graph\">{\"@context\":\"https:\/\/schema.org\",\"@graph\":[{\"@type\":\"WebPage\",\"@id\":\"https:\/\/letrame.com\/catalogo\/producto\/blue-sea-registro-limassol\/\",\"url\":\"https:\/\/letrame.com\/catalogo\/producto\/blue-sea-registro-limassol\/\",\"name\":\"\\\"BLUE SEA\\\" Registro Limassol - Catalogo | Letrame Grupo Editorial\",\"isPartOf\":{\"@id\":\"https:\/\/letrame.com\/catalogo\/#website\"},\"primaryImageOfPage\":{\"@id\":\"https:\/\/letrame.com\/catalogo\/producto\/blue-sea-registro-limassol\/#primaryimage\"},\"image\":{\"@id\":\"https:\/\/letrame.com\/catalogo\/producto\/blue-sea-registro-limassol\/#primaryimage\"},\"thumbnailUrl\":\"https:\/\/letrame.com\/catalogo\/wp-content\/uploads\/2024\/04\/webportadabluesea_1694mm-compressed.jpg\",\"datePublished\":\"2024-04-29T13:22:39+00:00\",\"dateModified\":\"2024-08-08T13:02:16+00:00\",\"breadcrumb\":{\"@id\":\"https:\/\/letrame.com\/catalogo\/producto\/blue-sea-registro-limassol\/#breadcrumb\"},\"inLanguage\":\"es\",\"potentialAction\":[{\"@type\":\"ReadAction\",\"target\":[\"https:\/\/letrame.com\/catalogo\/producto\/blue-sea-registro-limassol\/\"]}]},{\"@type\":\"ImageObject\",\"inLanguage\":\"es\",\"@id\":\"https:\/\/letrame.com\/catalogo\/producto\/blue-sea-registro-limassol\/#primaryimage\",\"url\":\"https:\/\/letrame.com\/catalogo\/wp-content\/uploads\/2024\/04\/webportadabluesea_1694mm-compressed.jpg\",\"contentUrl\":\"https:\/\/letrame.com\/catalogo\/wp-content\/uploads\/2024\/04\/webportadabluesea_1694mm-compressed.jpg\",\"width\":601,\"height\":881},{\"@type\":\"BreadcrumbList\",\"@id\":\"https:\/\/letrame.com\/catalogo\/producto\/blue-sea-registro-limassol\/#breadcrumb\",\"itemListElement\":[{\"@type\":\"ListItem\",\"position\":1,\"name\":\"Portada\",\"item\":\"https:\/\/letrame.com\/catalogo\/\"},{\"@type\":\"ListItem\",\"position\":2,\"name\":\"Cat\u00e1logo\",\"item\":\"https:\/\/letrame.com\/catalogo\/\"},{\"@type\":\"ListItem\",\"position\":3,\"name\":\"\u00abBLUE SEA\u00bb Registro Limassol\"}]},{\"@type\":\"WebSite\",\"@id\":\"https:\/\/letrame.com\/catalogo\/#website\",\"url\":\"https:\/\/letrame.com\/catalogo\/\",\"name\":\"Catalogo | Letrame Grupo Editorial\",\"description\":\"\",\"publisher\":{\"@id\":\"https:\/\/letrame.com\/catalogo\/#organization\"},\"potentialAction\":[{\"@type\":\"SearchAction\",\"target\":{\"@type\":\"EntryPoint\",\"urlTemplate\":\"https:\/\/letrame.com\/catalogo\/?s={search_term_string}\"},\"query-input\":{\"@type\":\"PropertyValueSpecification\",\"valueRequired\":true,\"valueName\":\"search_term_string\"}}],\"inLanguage\":\"es\"},{\"@type\":\"Organization\",\"@id\":\"https:\/\/letrame.com\/catalogo\/#organization\",\"name\":\"Catalogo | Letrame Grupo Editorial\",\"url\":\"https:\/\/letrame.com\/catalogo\/\",\"logo\":{\"@type\":\"ImageObject\",\"inLanguage\":\"es\",\"@id\":\"https:\/\/letrame.com\/catalogo\/#\/schema\/logo\/image\/\",\"url\":\"https:\/\/letrame.com\/catalogo\/wp-content\/uploads\/2024\/03\/logo2.webp\",\"contentUrl\":\"https:\/\/letrame.com\/catalogo\/wp-content\/uploads\/2024\/03\/logo2.webp\",\"width\":394,\"height\":128,\"caption\":\"Catalogo | Letrame Grupo Editorial\"},\"image\":{\"@id\":\"https:\/\/letrame.com\/catalogo\/#\/schema\/logo\/image\/\"}}]}<\/script>\n<!-- \/ Yoast SEO plugin. -->","yoast_head_json":{"title":"\"BLUE SEA\" Registro Limassol - Catalogo | Letrame Grupo Editorial","robots":{"index":"index","follow":"follow","max-snippet":"max-snippet:-1","max-image-preview":"max-image-preview:large","max-video-preview":"max-video-preview:-1"},"canonical":"https:\/\/letrame.com\/catalogo\/producto\/blue-sea-registro-limassol\/","og_locale":"es_ES","og_type":"article","og_title":"\"BLUE SEA\" Registro Limassol - Catalogo | Letrame Grupo Editorial","og_description":"ISBN: 978-84-1144-760-7  T\u00edtulo: \"BLUE SEA\" Registro Limassol  SINOPSIS  Un relato que intenta en su narraci\u00f3n reflejar las impresiones de un marino que le ha tocado vivir una relativamente larga \u00e9poca de transici\u00f3n entre los tranquilos y sosegados tiempos de navegaci\u00f3n con aguja y sextante y su evoluci\u00f3n hacia los vertiginosos tiempos del sat\u00e9lite y la computaci\u00f3n.  Cuando corr\u00edan los no tan lejanos tiempos de aguja, sextante y cronometro, todav\u00eda viv\u00eda en la imaginaci\u00f3n de las gentes de secano ese supuesto romanticismo que se atribu\u00eda a los viajes por mar a bordo de unos atemporales buques, que tan solo con la magn\u00e9tica y el sextante y muy pocos con el adelanto de un moderno radiogoni\u00f3metro y un radar muy elemental, nos enfrent\u00e1bamos a las incertidumbres y a la fascinaci\u00f3n que supon\u00eda adentrarse en la inmensidad de la mar, esconderse tras el horizonte y descubrir un mundo mil veces imaginado o por lo menos sorprendidos por la visi\u00f3n de otras costumbres algo diferentes a las que hasta ahora hab\u00edamos vivido sobre el firme de nuestro asfalto, el que nos hab\u00eda tocado vivir, antes de haber descubierto y padecido las alegr\u00edas y adversidades de la amarga llanura de la mar.  Sin darnos apenas cuenta llegaron los tiempos en que furtivamente y sin freno ni descanso se fueron integrando en el alma de los nuevos buques las tecnolog\u00edas que acabaron con el sentir de navegante que sobreviv\u00eda en los verdaderos hombres de la mar. Marinos de ley, que, en su soledad y desamparo, afrontaban tan solo con su oficio y sus escasos recursos las adversidades con que la aventura mar\u00edtima les sorprend\u00eda.  A lo largo de la narraci\u00f3n, recurro en contadas ocasiones al tiempo presente, como queriendo establecer esa distancia que marca el paso del tiempo, con sus adelantos y mejoras, que no hicieron m\u00e1s que enterrar en el olvido aquellas practicas marineras que nos ense\u00f1aron nuestros ancestros, cargados de tanta sabidur\u00eda marinera y que hoy un sat\u00e9lite te resuelve y hasta se anticipa a cualquier adversidad.  El progreso acaba con un oficio adquirido a base de golpes de mar que las nuevas tecnolog\u00edas en su supervivencia como canto de sirena nos embaucan y nos transforman en meros transportistas de mercanc\u00edas por mar.  &nbsp;  El Autor  Fernando Santos Saiz Vaamonde  &nbsp;","og_url":"https:\/\/letrame.com\/catalogo\/producto\/blue-sea-registro-limassol\/","og_site_name":"Catalogo | Letrame Grupo Editorial","article_modified_time":"2024-08-08T13:02:16+00:00","og_image":[{"width":601,"height":881,"url":"https:\/\/letrame.com\/catalogo\/wp-content\/uploads\/2024\/04\/webportadabluesea_1694mm-compressed.jpg","type":"image\/jpeg"}],"twitter_card":"summary_large_image","twitter_misc":{"Tiempo de lectura":"2 minutos"},"schema":{"@context":"https:\/\/schema.org","@graph":[{"@type":"WebPage","@id":"https:\/\/letrame.com\/catalogo\/producto\/blue-sea-registro-limassol\/","url":"https:\/\/letrame.com\/catalogo\/producto\/blue-sea-registro-limassol\/","name":"\"BLUE SEA\" Registro Limassol - Catalogo | Letrame Grupo Editorial","isPartOf":{"@id":"https:\/\/letrame.com\/catalogo\/#website"},"primaryImageOfPage":{"@id":"https:\/\/letrame.com\/catalogo\/producto\/blue-sea-registro-limassol\/#primaryimage"},"image":{"@id":"https:\/\/letrame.com\/catalogo\/producto\/blue-sea-registro-limassol\/#primaryimage"},"thumbnailUrl":"https:\/\/letrame.com\/catalogo\/wp-content\/uploads\/2024\/04\/webportadabluesea_1694mm-compressed.jpg","datePublished":"2024-04-29T13:22:39+00:00","dateModified":"2024-08-08T13:02:16+00:00","breadcrumb":{"@id":"https:\/\/letrame.com\/catalogo\/producto\/blue-sea-registro-limassol\/#breadcrumb"},"inLanguage":"es","potentialAction":[{"@type":"ReadAction","target":["https:\/\/letrame.com\/catalogo\/producto\/blue-sea-registro-limassol\/"]}]},{"@type":"ImageObject","inLanguage":"es","@id":"https:\/\/letrame.com\/catalogo\/producto\/blue-sea-registro-limassol\/#primaryimage","url":"https:\/\/letrame.com\/catalogo\/wp-content\/uploads\/2024\/04\/webportadabluesea_1694mm-compressed.jpg","contentUrl":"https:\/\/letrame.com\/catalogo\/wp-content\/uploads\/2024\/04\/webportadabluesea_1694mm-compressed.jpg","width":601,"height":881},{"@type":"BreadcrumbList","@id":"https:\/\/letrame.com\/catalogo\/producto\/blue-sea-registro-limassol\/#breadcrumb","itemListElement":[{"@type":"ListItem","position":1,"name":"Portada","item":"https:\/\/letrame.com\/catalogo\/"},{"@type":"ListItem","position":2,"name":"Cat\u00e1logo","item":"https:\/\/letrame.com\/catalogo\/"},{"@type":"ListItem","position":3,"name":"\u00abBLUE SEA\u00bb Registro Limassol"}]},{"@type":"WebSite","@id":"https:\/\/letrame.com\/catalogo\/#website","url":"https:\/\/letrame.com\/catalogo\/","name":"Catalogo | Letrame Grupo Editorial","description":"","publisher":{"@id":"https:\/\/letrame.com\/catalogo\/#organization"},"potentialAction":[{"@type":"SearchAction","target":{"@type":"EntryPoint","urlTemplate":"https:\/\/letrame.com\/catalogo\/?s={search_term_string}"},"query-input":{"@type":"PropertyValueSpecification","valueRequired":true,"valueName":"search_term_string"}}],"inLanguage":"es"},{"@type":"Organization","@id":"https:\/\/letrame.com\/catalogo\/#organization","name":"Catalogo | Letrame Grupo Editorial","url":"https:\/\/letrame.com\/catalogo\/","logo":{"@type":"ImageObject","inLanguage":"es","@id":"https:\/\/letrame.com\/catalogo\/#\/schema\/logo\/image\/","url":"https:\/\/letrame.com\/catalogo\/wp-content\/uploads\/2024\/03\/logo2.webp","contentUrl":"https:\/\/letrame.com\/catalogo\/wp-content\/uploads\/2024\/03\/logo2.webp","width":394,"height":128,"caption":"Catalogo | Letrame Grupo Editorial"},"image":{"@id":"https:\/\/letrame.com\/catalogo\/#\/schema\/logo\/image\/"}}]}},"_links":{"self":[{"href":"https:\/\/letrame.com\/catalogo\/wp-json\/wp\/v2\/product\/98796","targetHints":{"allow":["GET"]}}],"collection":[{"href":"https:\/\/letrame.com\/catalogo\/wp-json\/wp\/v2\/product"}],"about":[{"href":"https:\/\/letrame.com\/catalogo\/wp-json\/wp\/v2\/types\/product"}],"replies":[{"embeddable":true,"href":"https:\/\/letrame.com\/catalogo\/wp-json\/wp\/v2\/comments?post=98796"}],"acf:post":[{"embeddable":true,"href":"https:\/\/letrame.com\/catalogo\/wp-json\/wp\/v2\/author_book\/77218"}],"wp:featuredmedia":[{"embeddable":true,"href":"https:\/\/letrame.com\/catalogo\/wp-json\/wp\/v2\/media\/98797"}],"wp:attachment":[{"href":"https:\/\/letrame.com\/catalogo\/wp-json\/wp\/v2\/media?parent=98796"}],"wp:term":[{"taxonomy":"libro","embeddable":true,"href":"https:\/\/letrame.com\/catalogo\/wp-json\/wp\/v2\/libro?post=98796"},{"taxonomy":"product_brand","embeddable":true,"href":"https:\/\/letrame.com\/catalogo\/wp-json\/wp\/v2\/product_brand?post=98796"},{"taxonomy":"product_cat","embeddable":true,"href":"https:\/\/letrame.com\/catalogo\/wp-json\/wp\/v2\/product_cat?post=98796"},{"taxonomy":"product_tag","embeddable":true,"href":"https:\/\/letrame.com\/catalogo\/wp-json\/wp\/v2\/product_tag?post=98796"}],"curies":[{"name":"wp","href":"https:\/\/api.w.org\/{rel}","templated":true}]}}