{"id":98786,"date":"2024-04-29T15:22:07","date_gmt":"2024-04-29T13:22:07","guid":{"rendered":"https:\/\/letrame.com\/catalogo\/producto\/gente-de-barrio\/"},"modified":"2024-04-29T15:22:10","modified_gmt":"2024-04-29T13:22:10","slug":"gente-de-barrio","status":"publish","type":"product","link":"https:\/\/letrame.com\/catalogo\/producto\/gente-de-barrio\/","title":{"rendered":"Gente de barrio"},"content":{"rendered":"<p><strong>ISBN<\/strong>:978-84-1144-786-7<\/p>\n<p><strong>T\u00edtulo<\/strong>: Gente de barrio<br \/>\n<strong>Fecha<\/strong>: 2023<br \/>\n<strong>P\u00e1ginas<\/strong>: 210<\/p>\n<p><strong>SINOPSIS<\/strong><\/p>\n<p>GENTE DE BARRIO, continuaci\u00f3n de HISTORIAS DE BARRIO,\u00a0 textos para teatro, que el autor ha reunido en estos \u00faltimos cinco a\u00f1os.<\/p>\n<p>Los primeros textos eran para comedias de microteatros, despu\u00e9s han sido textos para obras de casi una hora de duraci\u00f3n.<\/p>\n<p>Quiz\u00e1 este segundo libro no sea tan c\u00f3mico como el primero pero el autor ha madurado dejando un mensaje (moraleja) en cada historia.<\/p>\n<p>Algunas de estas historias ya se han representado en algunos teatros y locales. Cualquiera de estos personajes pueden\u00a0 ser ustedes.<\/p>\n","protected":false},"excerpt":{"rendered":"<p><strong>ISBN<\/strong>:978-84-1144-786-7<\/p>\n<p><strong>SINOPSIS<\/strong><\/p>\n<p>GENTE DE BARRIO, continuaci\u00f3n de HISTORIAS DE BARRIO,\u00a0 textos para teatro, que el autor ha reunido en estos \u00faltimos cinco a\u00f1os.<\/p>\n<p>Los primeros textos eran para comedias de microteatros, despu\u00e9s han sido textos para obras de casi una hora de duraci\u00f3n.<\/p>\n<p>Quiz\u00e1 este segundo libro no sea tan c\u00f3mico como el primero pero el autor ha madurado dejando un mensaje (moraleja) en cada historia.<\/p>\n<p>Algunas de estas historias ya se han representado en algunos teatros y locales. Cualquiera de estos personajes pueden\u00a0 ser ustedes.<\/p>\n","protected":false},"featured_media":98787,"comment_status":"closed","ping_status":"open","template":"","meta":{"_acf_changed":false},"libro":[],"product_brand":[],"product_cat":[16],"product_tag":[],"class_list":{"0":"post-98786","1":"product","2":"type-product","3":"status-publish","4":"has-post-thumbnail","6":"product_cat-novela","8":"first","9":"instock","10":"product-type-simple"},"acf":{"autor":[77207],"enlace_de_compra":"https:\/\/www.amazon.es\/Gente-barrio-Francisco-Javier-Lucas\/dp\/8411447863\/"},"yoast_head":"<!-- This site is optimized with the Yoast SEO plugin v26.6 - https:\/\/yoast.com\/wordpress\/plugins\/seo\/ -->\n<title>Gente de barrio - Catalogo | Letrame Grupo Editorial<\/title>\n<meta name=\"robots\" content=\"index, follow, max-snippet:-1, max-image-preview:large, max-video-preview:-1\" \/>\n<link rel=\"canonical\" href=\"https:\/\/letrame.com\/catalogo\/producto\/gente-de-barrio\/\" \/>\n<meta property=\"og:locale\" content=\"es_ES\" \/>\n<meta property=\"og:type\" content=\"article\" \/>\n<meta property=\"og:title\" content=\"Gente de barrio - Catalogo | Letrame Grupo Editorial\" \/>\n<meta property=\"og:description\" content=\"ISBN:978-84-1144-786-7 SINOPSIS GENTE DE BARRIO, continuaci\u00f3n de HISTORIAS DE BARRIO,\u00a0 textos para teatro, que el autor ha reunido en estos \u00faltimos cinco a\u00f1os. Los primeros textos eran para comedias de microteatros, despu\u00e9s han sido textos para obras de casi una hora de duraci\u00f3n. Quiz\u00e1 este segundo libro no sea tan c\u00f3mico como el primero pero el autor ha madurado dejando un mensaje (moraleja) en cada historia. Algunas de estas historias ya se han representado en algunos teatros y locales. Cualquiera de estos personajes pueden\u00a0 ser ustedes.\" \/>\n<meta property=\"og:url\" content=\"https:\/\/letrame.com\/catalogo\/producto\/gente-de-barrio\/\" \/>\n<meta property=\"og:site_name\" content=\"Catalogo | Letrame Grupo Editorial\" \/>\n<meta property=\"article:modified_time\" content=\"2024-04-29T13:22:10+00:00\" \/>\n<meta property=\"og:image\" content=\"https:\/\/letrame.com\/catalogo\/wp-content\/uploads\/2024\/04\/webPortadagentedebarrio_1076mm-compressed.jpg\" \/>\n\t<meta property=\"og:image:width\" content=\"601\" \/>\n\t<meta property=\"og:image:height\" content=\"881\" \/>\n\t<meta property=\"og:image:type\" content=\"image\/jpeg\" \/>\n<meta name=\"twitter:card\" content=\"summary_large_image\" \/>\n<meta name=\"twitter:label1\" content=\"Tiempo de lectura\" \/>\n\t<meta name=\"twitter:data1\" content=\"1 minuto\" \/>\n<script type=\"application\/ld+json\" class=\"yoast-schema-graph\">{\"@context\":\"https:\/\/schema.org\",\"@graph\":[{\"@type\":\"WebPage\",\"@id\":\"https:\/\/letrame.com\/catalogo\/producto\/gente-de-barrio\/\",\"url\":\"https:\/\/letrame.com\/catalogo\/producto\/gente-de-barrio\/\",\"name\":\"Gente de barrio - Catalogo | Letrame Grupo Editorial\",\"isPartOf\":{\"@id\":\"https:\/\/letrame.com\/catalogo\/#website\"},\"primaryImageOfPage\":{\"@id\":\"https:\/\/letrame.com\/catalogo\/producto\/gente-de-barrio\/#primaryimage\"},\"image\":{\"@id\":\"https:\/\/letrame.com\/catalogo\/producto\/gente-de-barrio\/#primaryimage\"},\"thumbnailUrl\":\"https:\/\/letrame.com\/catalogo\/wp-content\/uploads\/2024\/04\/webPortadagentedebarrio_1076mm-compressed.jpg\",\"datePublished\":\"2024-04-29T13:22:07+00:00\",\"dateModified\":\"2024-04-29T13:22:10+00:00\",\"breadcrumb\":{\"@id\":\"https:\/\/letrame.com\/catalogo\/producto\/gente-de-barrio\/#breadcrumb\"},\"inLanguage\":\"es\",\"potentialAction\":[{\"@type\":\"ReadAction\",\"target\":[\"https:\/\/letrame.com\/catalogo\/producto\/gente-de-barrio\/\"]}]},{\"@type\":\"ImageObject\",\"inLanguage\":\"es\",\"@id\":\"https:\/\/letrame.com\/catalogo\/producto\/gente-de-barrio\/#primaryimage\",\"url\":\"https:\/\/letrame.com\/catalogo\/wp-content\/uploads\/2024\/04\/webPortadagentedebarrio_1076mm-compressed.jpg\",\"contentUrl\":\"https:\/\/letrame.com\/catalogo\/wp-content\/uploads\/2024\/04\/webPortadagentedebarrio_1076mm-compressed.jpg\",\"width\":601,\"height\":881},{\"@type\":\"BreadcrumbList\",\"@id\":\"https:\/\/letrame.com\/catalogo\/producto\/gente-de-barrio\/#breadcrumb\",\"itemListElement\":[{\"@type\":\"ListItem\",\"position\":1,\"name\":\"Portada\",\"item\":\"https:\/\/letrame.com\/catalogo\/\"},{\"@type\":\"ListItem\",\"position\":2,\"name\":\"Cat\u00e1logo\",\"item\":\"https:\/\/letrame.com\/catalogo\/\"},{\"@type\":\"ListItem\",\"position\":3,\"name\":\"Gente de barrio\"}]},{\"@type\":\"WebSite\",\"@id\":\"https:\/\/letrame.com\/catalogo\/#website\",\"url\":\"https:\/\/letrame.com\/catalogo\/\",\"name\":\"Catalogo | Letrame Grupo Editorial\",\"description\":\"\",\"publisher\":{\"@id\":\"https:\/\/letrame.com\/catalogo\/#organization\"},\"potentialAction\":[{\"@type\":\"SearchAction\",\"target\":{\"@type\":\"EntryPoint\",\"urlTemplate\":\"https:\/\/letrame.com\/catalogo\/?s={search_term_string}\"},\"query-input\":{\"@type\":\"PropertyValueSpecification\",\"valueRequired\":true,\"valueName\":\"search_term_string\"}}],\"inLanguage\":\"es\"},{\"@type\":\"Organization\",\"@id\":\"https:\/\/letrame.com\/catalogo\/#organization\",\"name\":\"Catalogo | Letrame Grupo Editorial\",\"url\":\"https:\/\/letrame.com\/catalogo\/\",\"logo\":{\"@type\":\"ImageObject\",\"inLanguage\":\"es\",\"@id\":\"https:\/\/letrame.com\/catalogo\/#\/schema\/logo\/image\/\",\"url\":\"https:\/\/letrame.com\/catalogo\/wp-content\/uploads\/2024\/03\/logo2.webp\",\"contentUrl\":\"https:\/\/letrame.com\/catalogo\/wp-content\/uploads\/2024\/03\/logo2.webp\",\"width\":394,\"height\":128,\"caption\":\"Catalogo | Letrame Grupo Editorial\"},\"image\":{\"@id\":\"https:\/\/letrame.com\/catalogo\/#\/schema\/logo\/image\/\"}}]}<\/script>\n<!-- \/ Yoast SEO plugin. -->","yoast_head_json":{"title":"Gente de barrio - Catalogo | Letrame Grupo Editorial","robots":{"index":"index","follow":"follow","max-snippet":"max-snippet:-1","max-image-preview":"max-image-preview:large","max-video-preview":"max-video-preview:-1"},"canonical":"https:\/\/letrame.com\/catalogo\/producto\/gente-de-barrio\/","og_locale":"es_ES","og_type":"article","og_title":"Gente de barrio - Catalogo | Letrame Grupo Editorial","og_description":"ISBN:978-84-1144-786-7 SINOPSIS GENTE DE BARRIO, continuaci\u00f3n de HISTORIAS DE BARRIO,\u00a0 textos para teatro, que el autor ha reunido en estos \u00faltimos cinco a\u00f1os. Los primeros textos eran para comedias de microteatros, despu\u00e9s han sido textos para obras de casi una hora de duraci\u00f3n. Quiz\u00e1 este segundo libro no sea tan c\u00f3mico como el primero pero el autor ha madurado dejando un mensaje (moraleja) en cada historia. Algunas de estas historias ya se han representado en algunos teatros y locales. Cualquiera de estos personajes pueden\u00a0 ser ustedes.","og_url":"https:\/\/letrame.com\/catalogo\/producto\/gente-de-barrio\/","og_site_name":"Catalogo | Letrame Grupo Editorial","article_modified_time":"2024-04-29T13:22:10+00:00","og_image":[{"width":601,"height":881,"url":"https:\/\/letrame.com\/catalogo\/wp-content\/uploads\/2024\/04\/webPortadagentedebarrio_1076mm-compressed.jpg","type":"image\/jpeg"}],"twitter_card":"summary_large_image","twitter_misc":{"Tiempo de lectura":"1 minuto"},"schema":{"@context":"https:\/\/schema.org","@graph":[{"@type":"WebPage","@id":"https:\/\/letrame.com\/catalogo\/producto\/gente-de-barrio\/","url":"https:\/\/letrame.com\/catalogo\/producto\/gente-de-barrio\/","name":"Gente de barrio - Catalogo | Letrame Grupo Editorial","isPartOf":{"@id":"https:\/\/letrame.com\/catalogo\/#website"},"primaryImageOfPage":{"@id":"https:\/\/letrame.com\/catalogo\/producto\/gente-de-barrio\/#primaryimage"},"image":{"@id":"https:\/\/letrame.com\/catalogo\/producto\/gente-de-barrio\/#primaryimage"},"thumbnailUrl":"https:\/\/letrame.com\/catalogo\/wp-content\/uploads\/2024\/04\/webPortadagentedebarrio_1076mm-compressed.jpg","datePublished":"2024-04-29T13:22:07+00:00","dateModified":"2024-04-29T13:22:10+00:00","breadcrumb":{"@id":"https:\/\/letrame.com\/catalogo\/producto\/gente-de-barrio\/#breadcrumb"},"inLanguage":"es","potentialAction":[{"@type":"ReadAction","target":["https:\/\/letrame.com\/catalogo\/producto\/gente-de-barrio\/"]}]},{"@type":"ImageObject","inLanguage":"es","@id":"https:\/\/letrame.com\/catalogo\/producto\/gente-de-barrio\/#primaryimage","url":"https:\/\/letrame.com\/catalogo\/wp-content\/uploads\/2024\/04\/webPortadagentedebarrio_1076mm-compressed.jpg","contentUrl":"https:\/\/letrame.com\/catalogo\/wp-content\/uploads\/2024\/04\/webPortadagentedebarrio_1076mm-compressed.jpg","width":601,"height":881},{"@type":"BreadcrumbList","@id":"https:\/\/letrame.com\/catalogo\/producto\/gente-de-barrio\/#breadcrumb","itemListElement":[{"@type":"ListItem","position":1,"name":"Portada","item":"https:\/\/letrame.com\/catalogo\/"},{"@type":"ListItem","position":2,"name":"Cat\u00e1logo","item":"https:\/\/letrame.com\/catalogo\/"},{"@type":"ListItem","position":3,"name":"Gente de barrio"}]},{"@type":"WebSite","@id":"https:\/\/letrame.com\/catalogo\/#website","url":"https:\/\/letrame.com\/catalogo\/","name":"Catalogo | Letrame Grupo Editorial","description":"","publisher":{"@id":"https:\/\/letrame.com\/catalogo\/#organization"},"potentialAction":[{"@type":"SearchAction","target":{"@type":"EntryPoint","urlTemplate":"https:\/\/letrame.com\/catalogo\/?s={search_term_string}"},"query-input":{"@type":"PropertyValueSpecification","valueRequired":true,"valueName":"search_term_string"}}],"inLanguage":"es"},{"@type":"Organization","@id":"https:\/\/letrame.com\/catalogo\/#organization","name":"Catalogo | Letrame Grupo Editorial","url":"https:\/\/letrame.com\/catalogo\/","logo":{"@type":"ImageObject","inLanguage":"es","@id":"https:\/\/letrame.com\/catalogo\/#\/schema\/logo\/image\/","url":"https:\/\/letrame.com\/catalogo\/wp-content\/uploads\/2024\/03\/logo2.webp","contentUrl":"https:\/\/letrame.com\/catalogo\/wp-content\/uploads\/2024\/03\/logo2.webp","width":394,"height":128,"caption":"Catalogo | Letrame Grupo Editorial"},"image":{"@id":"https:\/\/letrame.com\/catalogo\/#\/schema\/logo\/image\/"}}]}},"_links":{"self":[{"href":"https:\/\/letrame.com\/catalogo\/wp-json\/wp\/v2\/product\/98786","targetHints":{"allow":["GET"]}}],"collection":[{"href":"https:\/\/letrame.com\/catalogo\/wp-json\/wp\/v2\/product"}],"about":[{"href":"https:\/\/letrame.com\/catalogo\/wp-json\/wp\/v2\/types\/product"}],"replies":[{"embeddable":true,"href":"https:\/\/letrame.com\/catalogo\/wp-json\/wp\/v2\/comments?post=98786"}],"acf:post":[{"embeddable":true,"href":"https:\/\/letrame.com\/catalogo\/wp-json\/wp\/v2\/author_book\/77207"}],"wp:featuredmedia":[{"embeddable":true,"href":"https:\/\/letrame.com\/catalogo\/wp-json\/wp\/v2\/media\/98787"}],"wp:attachment":[{"href":"https:\/\/letrame.com\/catalogo\/wp-json\/wp\/v2\/media?parent=98786"}],"wp:term":[{"taxonomy":"libro","embeddable":true,"href":"https:\/\/letrame.com\/catalogo\/wp-json\/wp\/v2\/libro?post=98786"},{"taxonomy":"product_brand","embeddable":true,"href":"https:\/\/letrame.com\/catalogo\/wp-json\/wp\/v2\/product_brand?post=98786"},{"taxonomy":"product_cat","embeddable":true,"href":"https:\/\/letrame.com\/catalogo\/wp-json\/wp\/v2\/product_cat?post=98786"},{"taxonomy":"product_tag","embeddable":true,"href":"https:\/\/letrame.com\/catalogo\/wp-json\/wp\/v2\/product_tag?post=98786"}],"curies":[{"name":"wp","href":"https:\/\/api.w.org\/{rel}","templated":true}]}}