{"id":98778,"date":"2024-04-29T15:21:45","date_gmt":"2024-04-29T13:21:45","guid":{"rendered":"https:\/\/letrame.com\/catalogo\/producto\/esclerosis-multiple\/"},"modified":"2024-04-29T15:21:45","modified_gmt":"2024-04-29T13:21:45","slug":"esclerosis-multiple","status":"publish","type":"product","link":"https:\/\/letrame.com\/catalogo\/producto\/esclerosis-multiple\/","title":{"rendered":"Esclerosis m\u00faltiple"},"content":{"rendered":"<p><strong>ISBN<\/strong>: 978-84-1144-182-7<\/p>\n<p><strong>T\u00edtulo<\/strong>: Esclerosis m\u00faltiple<br \/>\n<strong>Fecha<\/strong>: 2022<br \/>\n<strong>P\u00e1ginas<\/strong>: 228<\/p>\n<p><strong>SINOPSIS\u00a0<\/strong><\/p>\n<p>La esclerosis m\u00faltiple es una enfermedad cr\u00f3nica, adquirida y discapacitante que afecta de modo espec\u00edfico al sistema nervioso central. Se caracteriza por la aparici\u00f3n de inflamaci\u00f3n, desmielinizaci\u00f3n y neurodegeneraci\u00f3n que se desarrolla en individuos gen\u00e9ticamente susceptibles bajo la influencia de determinados agentes.<\/p>\n<p>Se trata de una enfermedad heterog\u00e9nea con manifestaciones cl\u00ednicas diversas y pron\u00f3stico impredecible con una amplia variabilidad interindividual. No existen hallazgos patognom\u00f3nicos desde un punto de vista cl\u00ednico, radiol\u00f3gico o anal\u00edtico que ayuden al diagn\u00f3stico de esta enfermedad y uno de los principios fundamentales que lo rigen es la diseminaci\u00f3n a lo largo del tiempo y el espacio.<\/p>\n<p>Existen multitud de f\u00e1rmacos modificadores de la enfermedad que, si bien no curan la enfermedad, previenen la aparici\u00f3n de nuevos brotes, hacen que estos sean m\u00e1s leves y retrasan la aparici\u00f3n de discapacidad.<\/p>\n<p>En esta obra se abordar\u00e1n aspectos como la patogenia de la enfermedad, manifestaciones cl\u00ednicas, criterios diagn\u00f3sticos, test y escalas de disfunci\u00f3n neurol\u00f3gica en esclerosis m\u00faltiple, pruebas complementarias, tratamientos modificadores de la enfermedad y sintom\u00e1ticos, as\u00ed como otras consideraciones, tales como embarazo y recomendaciones de vacunaci\u00f3n.<\/p>\n<p>&nbsp;<\/p>\n","protected":false},"excerpt":{"rendered":"<p><strong>ISBN<\/strong>: 978-84-1144-182-7<\/p>\n<p><strong>SINOPSIS\u00a0<\/strong><\/p>\n<p>La esclerosis m\u00faltiple es una enfermedad cr\u00f3nica, adquirida y discapacitante que afecta de modo espec\u00edfico al sistema nervioso central. Se caracteriza por la aparici\u00f3n de inflamaci\u00f3n, desmielinizaci\u00f3n y neurodegeneraci\u00f3n que se desarrolla en individuos gen\u00e9ticamente susceptibles bajo la influencia de determinados agentes.<\/p>\n<p>Se trata de una enfermedad heterog\u00e9nea con manifestaciones cl\u00ednicas diversas y pron\u00f3stico impredecible con una amplia variabilidad interindividual. No existen hallazgos patognom\u00f3nicos desde un punto de vista cl\u00ednico, radiol\u00f3gico o anal\u00edtico que ayuden al diagn\u00f3stico de esta enfermedad y uno de los principios fundamentales que lo rigen es la diseminaci\u00f3n a lo largo del tiempo y el espacio.<\/p>\n<p>Existen multitud de f\u00e1rmacos modificadores de la enfermedad que, si bien no curan la enfermedad, previenen la aparici\u00f3n de nuevos brotes, hacen que estos sean m\u00e1s leves y retrasan la aparici\u00f3n de discapacidad.<\/p>\n<p>En esta obra se abordar\u00e1n aspectos como la patogenia de la enfermedad, manifestaciones cl\u00ednicas, criterios diagn\u00f3sticos, test y escalas de disfunci\u00f3n neurol\u00f3gica en esclerosis m\u00faltiple, pruebas complementarias, tratamientos modificadores de la enfermedad y sintom\u00e1ticos, as\u00ed como otras consideraciones, tales como embarazo y recomendaciones de vacunaci\u00f3n.<\/p>\n<p>&nbsp;<\/p>\n","protected":false},"featured_media":98779,"comment_status":"closed","ping_status":"open","template":"","meta":{"_acf_changed":false},"libro":[],"product_brand":[],"product_cat":[26],"product_tag":[],"class_list":{"0":"post-98778","1":"product","2":"type-product","3":"status-publish","4":"has-post-thumbnail","6":"product_cat-sin-categoria","8":"first","9":"instock","10":"product-type-simple"},"acf":{"autor":[77201],"enlace_de_compra":""},"yoast_head":"<!-- This site is optimized with the Yoast SEO plugin v27.4 - https:\/\/yoast.com\/product\/yoast-seo-wordpress\/ -->\n<title>Esclerosis m\u00faltiple - Catalogo | Letrame Grupo Editorial<\/title>\n<meta name=\"robots\" content=\"index, follow, max-snippet:-1, max-image-preview:large, max-video-preview:-1\" \/>\n<link rel=\"canonical\" href=\"https:\/\/letrame.com\/catalogo\/producto\/esclerosis-multiple\/\" \/>\n<meta property=\"og:locale\" content=\"es_ES\" \/>\n<meta property=\"og:type\" content=\"article\" \/>\n<meta property=\"og:title\" content=\"Esclerosis m\u00faltiple - Catalogo | Letrame Grupo Editorial\" \/>\n<meta property=\"og:description\" content=\"ISBN: 978-84-1144-182-7 SINOPSIS\u00a0 La esclerosis m\u00faltiple es una enfermedad cr\u00f3nica, adquirida y discapacitante que afecta de modo espec\u00edfico al sistema nervioso central. Se caracteriza por la aparici\u00f3n de inflamaci\u00f3n, desmielinizaci\u00f3n y neurodegeneraci\u00f3n que se desarrolla en individuos gen\u00e9ticamente susceptibles bajo la influencia de determinados agentes. Se trata de una enfermedad heterog\u00e9nea con manifestaciones cl\u00ednicas diversas y pron\u00f3stico impredecible con una amplia variabilidad interindividual. No existen hallazgos patognom\u00f3nicos desde un punto de vista cl\u00ednico, radiol\u00f3gico o anal\u00edtico que ayuden al diagn\u00f3stico de esta enfermedad y uno de los principios fundamentales que lo rigen es la diseminaci\u00f3n a lo largo del tiempo y el espacio. Existen multitud de f\u00e1rmacos modificadores de la enfermedad que, si bien no curan la enfermedad, previenen la aparici\u00f3n de nuevos brotes, hacen que estos sean m\u00e1s leves y retrasan la aparici\u00f3n de discapacidad. En esta obra se abordar\u00e1n aspectos como la patogenia de la enfermedad, manifestaciones cl\u00ednicas, criterios diagn\u00f3sticos, test y escalas de disfunci\u00f3n neurol\u00f3gica en esclerosis m\u00faltiple, pruebas complementarias, tratamientos modificadores de la enfermedad y sintom\u00e1ticos, as\u00ed como otras consideraciones, tales como embarazo y recomendaciones de vacunaci\u00f3n. &nbsp;\" \/>\n<meta property=\"og:url\" content=\"https:\/\/letrame.com\/catalogo\/producto\/esclerosis-multiple\/\" \/>\n<meta property=\"og:site_name\" content=\"Catalogo | Letrame Grupo Editorial\" \/>\n<meta property=\"og:image\" content=\"https:\/\/letrame.com\/catalogo\/wp-content\/uploads\/2024\/04\/redportada_esclerosis_1149mm-compressed.jpg\" \/>\n\t<meta property=\"og:image:width\" content=\"601\" \/>\n\t<meta property=\"og:image:height\" content=\"881\" \/>\n\t<meta property=\"og:image:type\" content=\"image\/jpeg\" \/>\n<meta name=\"twitter:card\" content=\"summary_large_image\" \/>\n<meta name=\"twitter:label1\" content=\"Tiempo de lectura\" \/>\n\t<meta name=\"twitter:data1\" content=\"1 minuto\" \/>\n<script type=\"application\/ld+json\" class=\"yoast-schema-graph\">{\"@context\":\"https:\\\/\\\/schema.org\",\"@graph\":[{\"@type\":\"WebPage\",\"@id\":\"https:\\\/\\\/letrame.com\\\/catalogo\\\/producto\\\/esclerosis-multiple\\\/\",\"url\":\"https:\\\/\\\/letrame.com\\\/catalogo\\\/producto\\\/esclerosis-multiple\\\/\",\"name\":\"Esclerosis m\u00faltiple - Catalogo | Letrame Grupo Editorial\",\"isPartOf\":{\"@id\":\"https:\\\/\\\/letrame.com\\\/catalogo\\\/#website\"},\"primaryImageOfPage\":{\"@id\":\"https:\\\/\\\/letrame.com\\\/catalogo\\\/producto\\\/esclerosis-multiple\\\/#primaryimage\"},\"image\":{\"@id\":\"https:\\\/\\\/letrame.com\\\/catalogo\\\/producto\\\/esclerosis-multiple\\\/#primaryimage\"},\"thumbnailUrl\":\"https:\\\/\\\/letrame.com\\\/catalogo\\\/wp-content\\\/uploads\\\/2024\\\/04\\\/redportada_esclerosis_1149mm-compressed.jpg\",\"datePublished\":\"2024-04-29T13:21:45+00:00\",\"breadcrumb\":{\"@id\":\"https:\\\/\\\/letrame.com\\\/catalogo\\\/producto\\\/esclerosis-multiple\\\/#breadcrumb\"},\"inLanguage\":\"es\",\"potentialAction\":[{\"@type\":\"ReadAction\",\"target\":[\"https:\\\/\\\/letrame.com\\\/catalogo\\\/producto\\\/esclerosis-multiple\\\/\"]}]},{\"@type\":\"ImageObject\",\"inLanguage\":\"es\",\"@id\":\"https:\\\/\\\/letrame.com\\\/catalogo\\\/producto\\\/esclerosis-multiple\\\/#primaryimage\",\"url\":\"https:\\\/\\\/letrame.com\\\/catalogo\\\/wp-content\\\/uploads\\\/2024\\\/04\\\/redportada_esclerosis_1149mm-compressed.jpg\",\"contentUrl\":\"https:\\\/\\\/letrame.com\\\/catalogo\\\/wp-content\\\/uploads\\\/2024\\\/04\\\/redportada_esclerosis_1149mm-compressed.jpg\",\"width\":601,\"height\":881},{\"@type\":\"BreadcrumbList\",\"@id\":\"https:\\\/\\\/letrame.com\\\/catalogo\\\/producto\\\/esclerosis-multiple\\\/#breadcrumb\",\"itemListElement\":[{\"@type\":\"ListItem\",\"position\":1,\"name\":\"Portada\",\"item\":\"https:\\\/\\\/letrame.com\\\/catalogo\\\/\"},{\"@type\":\"ListItem\",\"position\":2,\"name\":\"Cat\u00e1logo\",\"item\":\"https:\\\/\\\/letrame.com\\\/catalogo\\\/\"},{\"@type\":\"ListItem\",\"position\":3,\"name\":\"Esclerosis m\u00faltiple\"}]},{\"@type\":\"WebSite\",\"@id\":\"https:\\\/\\\/letrame.com\\\/catalogo\\\/#website\",\"url\":\"https:\\\/\\\/letrame.com\\\/catalogo\\\/\",\"name\":\"Catalogo | Letrame Grupo Editorial\",\"description\":\"\",\"publisher\":{\"@id\":\"https:\\\/\\\/letrame.com\\\/catalogo\\\/#organization\"},\"potentialAction\":[{\"@type\":\"SearchAction\",\"target\":{\"@type\":\"EntryPoint\",\"urlTemplate\":\"https:\\\/\\\/letrame.com\\\/catalogo\\\/?s={search_term_string}\"},\"query-input\":{\"@type\":\"PropertyValueSpecification\",\"valueRequired\":true,\"valueName\":\"search_term_string\"}}],\"inLanguage\":\"es\"},{\"@type\":\"Organization\",\"@id\":\"https:\\\/\\\/letrame.com\\\/catalogo\\\/#organization\",\"name\":\"Catalogo | Letrame Grupo Editorial\",\"url\":\"https:\\\/\\\/letrame.com\\\/catalogo\\\/\",\"logo\":{\"@type\":\"ImageObject\",\"inLanguage\":\"es\",\"@id\":\"https:\\\/\\\/letrame.com\\\/catalogo\\\/#\\\/schema\\\/logo\\\/image\\\/\",\"url\":\"https:\\\/\\\/letrame.com\\\/catalogo\\\/wp-content\\\/uploads\\\/2024\\\/03\\\/logo2.webp\",\"contentUrl\":\"https:\\\/\\\/letrame.com\\\/catalogo\\\/wp-content\\\/uploads\\\/2024\\\/03\\\/logo2.webp\",\"width\":394,\"height\":128,\"caption\":\"Catalogo | Letrame Grupo Editorial\"},\"image\":{\"@id\":\"https:\\\/\\\/letrame.com\\\/catalogo\\\/#\\\/schema\\\/logo\\\/image\\\/\"}}]}<\/script>\n<!-- \/ Yoast SEO plugin. -->","yoast_head_json":{"title":"Esclerosis m\u00faltiple - Catalogo | Letrame Grupo Editorial","robots":{"index":"index","follow":"follow","max-snippet":"max-snippet:-1","max-image-preview":"max-image-preview:large","max-video-preview":"max-video-preview:-1"},"canonical":"https:\/\/letrame.com\/catalogo\/producto\/esclerosis-multiple\/","og_locale":"es_ES","og_type":"article","og_title":"Esclerosis m\u00faltiple - Catalogo | Letrame Grupo Editorial","og_description":"ISBN: 978-84-1144-182-7 SINOPSIS\u00a0 La esclerosis m\u00faltiple es una enfermedad cr\u00f3nica, adquirida y discapacitante que afecta de modo espec\u00edfico al sistema nervioso central. Se caracteriza por la aparici\u00f3n de inflamaci\u00f3n, desmielinizaci\u00f3n y neurodegeneraci\u00f3n que se desarrolla en individuos gen\u00e9ticamente susceptibles bajo la influencia de determinados agentes. Se trata de una enfermedad heterog\u00e9nea con manifestaciones cl\u00ednicas diversas y pron\u00f3stico impredecible con una amplia variabilidad interindividual. No existen hallazgos patognom\u00f3nicos desde un punto de vista cl\u00ednico, radiol\u00f3gico o anal\u00edtico que ayuden al diagn\u00f3stico de esta enfermedad y uno de los principios fundamentales que lo rigen es la diseminaci\u00f3n a lo largo del tiempo y el espacio. Existen multitud de f\u00e1rmacos modificadores de la enfermedad que, si bien no curan la enfermedad, previenen la aparici\u00f3n de nuevos brotes, hacen que estos sean m\u00e1s leves y retrasan la aparici\u00f3n de discapacidad. En esta obra se abordar\u00e1n aspectos como la patogenia de la enfermedad, manifestaciones cl\u00ednicas, criterios diagn\u00f3sticos, test y escalas de disfunci\u00f3n neurol\u00f3gica en esclerosis m\u00faltiple, pruebas complementarias, tratamientos modificadores de la enfermedad y sintom\u00e1ticos, as\u00ed como otras consideraciones, tales como embarazo y recomendaciones de vacunaci\u00f3n. &nbsp;","og_url":"https:\/\/letrame.com\/catalogo\/producto\/esclerosis-multiple\/","og_site_name":"Catalogo | Letrame Grupo Editorial","og_image":[{"width":601,"height":881,"url":"https:\/\/letrame.com\/catalogo\/wp-content\/uploads\/2024\/04\/redportada_esclerosis_1149mm-compressed.jpg","type":"image\/jpeg"}],"twitter_card":"summary_large_image","twitter_misc":{"Tiempo de lectura":"1 minuto"},"schema":{"@context":"https:\/\/schema.org","@graph":[{"@type":"WebPage","@id":"https:\/\/letrame.com\/catalogo\/producto\/esclerosis-multiple\/","url":"https:\/\/letrame.com\/catalogo\/producto\/esclerosis-multiple\/","name":"Esclerosis m\u00faltiple - Catalogo | Letrame Grupo Editorial","isPartOf":{"@id":"https:\/\/letrame.com\/catalogo\/#website"},"primaryImageOfPage":{"@id":"https:\/\/letrame.com\/catalogo\/producto\/esclerosis-multiple\/#primaryimage"},"image":{"@id":"https:\/\/letrame.com\/catalogo\/producto\/esclerosis-multiple\/#primaryimage"},"thumbnailUrl":"https:\/\/letrame.com\/catalogo\/wp-content\/uploads\/2024\/04\/redportada_esclerosis_1149mm-compressed.jpg","datePublished":"2024-04-29T13:21:45+00:00","breadcrumb":{"@id":"https:\/\/letrame.com\/catalogo\/producto\/esclerosis-multiple\/#breadcrumb"},"inLanguage":"es","potentialAction":[{"@type":"ReadAction","target":["https:\/\/letrame.com\/catalogo\/producto\/esclerosis-multiple\/"]}]},{"@type":"ImageObject","inLanguage":"es","@id":"https:\/\/letrame.com\/catalogo\/producto\/esclerosis-multiple\/#primaryimage","url":"https:\/\/letrame.com\/catalogo\/wp-content\/uploads\/2024\/04\/redportada_esclerosis_1149mm-compressed.jpg","contentUrl":"https:\/\/letrame.com\/catalogo\/wp-content\/uploads\/2024\/04\/redportada_esclerosis_1149mm-compressed.jpg","width":601,"height":881},{"@type":"BreadcrumbList","@id":"https:\/\/letrame.com\/catalogo\/producto\/esclerosis-multiple\/#breadcrumb","itemListElement":[{"@type":"ListItem","position":1,"name":"Portada","item":"https:\/\/letrame.com\/catalogo\/"},{"@type":"ListItem","position":2,"name":"Cat\u00e1logo","item":"https:\/\/letrame.com\/catalogo\/"},{"@type":"ListItem","position":3,"name":"Esclerosis m\u00faltiple"}]},{"@type":"WebSite","@id":"https:\/\/letrame.com\/catalogo\/#website","url":"https:\/\/letrame.com\/catalogo\/","name":"Catalogo | Letrame Grupo Editorial","description":"","publisher":{"@id":"https:\/\/letrame.com\/catalogo\/#organization"},"potentialAction":[{"@type":"SearchAction","target":{"@type":"EntryPoint","urlTemplate":"https:\/\/letrame.com\/catalogo\/?s={search_term_string}"},"query-input":{"@type":"PropertyValueSpecification","valueRequired":true,"valueName":"search_term_string"}}],"inLanguage":"es"},{"@type":"Organization","@id":"https:\/\/letrame.com\/catalogo\/#organization","name":"Catalogo | Letrame Grupo Editorial","url":"https:\/\/letrame.com\/catalogo\/","logo":{"@type":"ImageObject","inLanguage":"es","@id":"https:\/\/letrame.com\/catalogo\/#\/schema\/logo\/image\/","url":"https:\/\/letrame.com\/catalogo\/wp-content\/uploads\/2024\/03\/logo2.webp","contentUrl":"https:\/\/letrame.com\/catalogo\/wp-content\/uploads\/2024\/03\/logo2.webp","width":394,"height":128,"caption":"Catalogo | Letrame Grupo Editorial"},"image":{"@id":"https:\/\/letrame.com\/catalogo\/#\/schema\/logo\/image\/"}}]}},"_links":{"self":[{"href":"https:\/\/letrame.com\/catalogo\/wp-json\/wp\/v2\/product\/98778","targetHints":{"allow":["GET"]}}],"collection":[{"href":"https:\/\/letrame.com\/catalogo\/wp-json\/wp\/v2\/product"}],"about":[{"href":"https:\/\/letrame.com\/catalogo\/wp-json\/wp\/v2\/types\/product"}],"replies":[{"embeddable":true,"href":"https:\/\/letrame.com\/catalogo\/wp-json\/wp\/v2\/comments?post=98778"}],"acf:post":[{"embeddable":true,"href":"https:\/\/letrame.com\/catalogo\/wp-json\/wp\/v2\/author_book\/77201"}],"wp:featuredmedia":[{"embeddable":true,"href":"https:\/\/letrame.com\/catalogo\/wp-json\/wp\/v2\/media\/98779"}],"wp:attachment":[{"href":"https:\/\/letrame.com\/catalogo\/wp-json\/wp\/v2\/media?parent=98778"}],"wp:term":[{"taxonomy":"libro","embeddable":true,"href":"https:\/\/letrame.com\/catalogo\/wp-json\/wp\/v2\/libro?post=98778"},{"taxonomy":"product_brand","embeddable":true,"href":"https:\/\/letrame.com\/catalogo\/wp-json\/wp\/v2\/product_brand?post=98778"},{"taxonomy":"product_cat","embeddable":true,"href":"https:\/\/letrame.com\/catalogo\/wp-json\/wp\/v2\/product_cat?post=98778"},{"taxonomy":"product_tag","embeddable":true,"href":"https:\/\/letrame.com\/catalogo\/wp-json\/wp\/v2\/product_tag?post=98778"}],"curies":[{"name":"wp","href":"https:\/\/api.w.org\/{rel}","templated":true}]}}