{"id":98764,"date":"2024-04-29T15:21:13","date_gmt":"2024-04-29T13:21:13","guid":{"rendered":"https:\/\/letrame.com\/catalogo\/producto\/entre-todos-me-acabareis-matando\/"},"modified":"2024-04-29T15:21:19","modified_gmt":"2024-04-29T13:21:19","slug":"entre-todos-me-acabareis-matando","status":"publish","type":"product","link":"https:\/\/letrame.com\/catalogo\/producto\/entre-todos-me-acabareis-matando\/","title":{"rendered":"ENTRE TODOS ME ACABAREIS MATANDO"},"content":{"rendered":"<p><strong>ISBN<\/strong>: 978-84-1144-768-3<\/p>\n<p><strong>T\u00edtulo<\/strong>: ENTRE TODOS ME ACABAREIS MATANDO<br \/>\n<strong>Fecha<\/strong>: 2023<br \/>\n<strong>P\u00e1ginas<\/strong>: 168<\/p>\n<p><strong>SINOPSIS<\/strong><\/p>\n<p><em>Entre todos me acabar\u00e9is matando<\/em>. Me llamo Marta y hoy es el d\u00eda de mi muerte. As\u00ed empieza esta aventura po\u00e9tica de intriga y suspense. Marta se da cuenta de que tiene que morir para volver a nacer. Tras una vida de mentiras, enga\u00f1os y mala suerte\u2026 Marta desde el m\u00e1s all\u00e1 te cuenta toda su vida, con la cual todos nos sentiremos identificados por sus problemas. Mientras la poes\u00eda metaf\u00f3rica nos abraza tendremos que ir descubriendo si se trata de un suicidio, un asesinato e incluso si t\u00fa mismo o t\u00fa misma tienes algo que ver con la muerte de Marta.<\/p>\n","protected":false},"excerpt":{"rendered":"<p><strong>ISBN<\/strong>: 978-84-1144-768-3<\/p>\n<p><strong>SINOPSIS<\/strong><\/p>\n<p><em>Entre todos me acabar\u00e9is matando<\/em>. Me llamo Marta y hoy es el d\u00eda de mi muerte. As\u00ed empieza esta aventura po\u00e9tica de intriga y suspense. Marta se da cuenta de que tiene que morir para volver a nacer. Tras una vida de mentiras, enga\u00f1os y mala suerte\u2026 Marta desde el m\u00e1s all\u00e1 te cuenta toda su vida, con la cual todos nos sentiremos identificados por sus problemas. Mientras la poes\u00eda metaf\u00f3rica nos abraza tendremos que ir descubriendo si se trata de un suicidio, un asesinato e incluso si t\u00fa mismo o t\u00fa misma tienes algo que ver con la muerte de Marta.<\/p>\n","protected":false},"featured_media":98765,"comment_status":"closed","ping_status":"open","template":"","meta":{"_acf_changed":false},"libro":[],"product_brand":[],"product_cat":[16],"product_tag":[],"class_list":{"0":"post-98764","1":"product","2":"type-product","3":"status-publish","4":"has-post-thumbnail","6":"product_cat-novela","8":"first","9":"instock","10":"product-type-simple"},"acf":{"autor":[77192],"enlace_de_compra":"https:\/\/www.amazon.es\/Entre-todos-me-acabar%C3%A9is-matando\/dp\/8411447685\/"},"yoast_head":"<!-- This site is optimized with the Yoast SEO plugin v27.4 - https:\/\/yoast.com\/product\/yoast-seo-wordpress\/ -->\n<title>ENTRE TODOS ME ACABAREIS MATANDO - Catalogo | Letrame Grupo Editorial<\/title>\n<meta name=\"robots\" content=\"index, follow, max-snippet:-1, max-image-preview:large, max-video-preview:-1\" \/>\n<link rel=\"canonical\" href=\"https:\/\/letrame.com\/catalogo\/producto\/entre-todos-me-acabareis-matando\/\" \/>\n<meta property=\"og:locale\" content=\"es_ES\" \/>\n<meta property=\"og:type\" content=\"article\" \/>\n<meta property=\"og:title\" content=\"ENTRE TODOS ME ACABAREIS MATANDO - Catalogo | Letrame Grupo Editorial\" \/>\n<meta property=\"og:description\" content=\"ISBN: 978-84-1144-768-3 SINOPSIS Entre todos me acabar\u00e9is matando. Me llamo Marta y hoy es el d\u00eda de mi muerte. As\u00ed empieza esta aventura po\u00e9tica de intriga y suspense. Marta se da cuenta de que tiene que morir para volver a nacer. Tras una vida de mentiras, enga\u00f1os y mala suerte\u2026 Marta desde el m\u00e1s all\u00e1 te cuenta toda su vida, con la cual todos nos sentiremos identificados por sus problemas. Mientras la poes\u00eda metaf\u00f3rica nos abraza tendremos que ir descubriendo si se trata de un suicidio, un asesinato e incluso si t\u00fa mismo o t\u00fa misma tienes algo que ver con la muerte de Marta.\" \/>\n<meta property=\"og:url\" content=\"https:\/\/letrame.com\/catalogo\/producto\/entre-todos-me-acabareis-matando\/\" \/>\n<meta property=\"og:site_name\" content=\"Catalogo | Letrame Grupo Editorial\" \/>\n<meta property=\"article:modified_time\" content=\"2024-04-29T13:21:19+00:00\" \/>\n<meta property=\"og:image\" content=\"https:\/\/letrame.com\/catalogo\/wp-content\/uploads\/2024\/04\/webportadaentretodosmeacaberies_882mm-compressed.jpg\" \/>\n\t<meta property=\"og:image:width\" content=\"601\" \/>\n\t<meta property=\"og:image:height\" content=\"868\" \/>\n\t<meta property=\"og:image:type\" content=\"image\/jpeg\" \/>\n<meta name=\"twitter:card\" content=\"summary_large_image\" \/>\n<meta name=\"twitter:label1\" content=\"Tiempo de lectura\" \/>\n\t<meta name=\"twitter:data1\" content=\"1 minuto\" \/>\n<script type=\"application\/ld+json\" class=\"yoast-schema-graph\">{\"@context\":\"https:\\\/\\\/schema.org\",\"@graph\":[{\"@type\":\"WebPage\",\"@id\":\"https:\\\/\\\/letrame.com\\\/catalogo\\\/producto\\\/entre-todos-me-acabareis-matando\\\/\",\"url\":\"https:\\\/\\\/letrame.com\\\/catalogo\\\/producto\\\/entre-todos-me-acabareis-matando\\\/\",\"name\":\"ENTRE TODOS ME ACABAREIS MATANDO - Catalogo | Letrame Grupo Editorial\",\"isPartOf\":{\"@id\":\"https:\\\/\\\/letrame.com\\\/catalogo\\\/#website\"},\"primaryImageOfPage\":{\"@id\":\"https:\\\/\\\/letrame.com\\\/catalogo\\\/producto\\\/entre-todos-me-acabareis-matando\\\/#primaryimage\"},\"image\":{\"@id\":\"https:\\\/\\\/letrame.com\\\/catalogo\\\/producto\\\/entre-todos-me-acabareis-matando\\\/#primaryimage\"},\"thumbnailUrl\":\"https:\\\/\\\/letrame.com\\\/catalogo\\\/wp-content\\\/uploads\\\/2024\\\/04\\\/webportadaentretodosmeacaberies_882mm-compressed.jpg\",\"datePublished\":\"2024-04-29T13:21:13+00:00\",\"dateModified\":\"2024-04-29T13:21:19+00:00\",\"breadcrumb\":{\"@id\":\"https:\\\/\\\/letrame.com\\\/catalogo\\\/producto\\\/entre-todos-me-acabareis-matando\\\/#breadcrumb\"},\"inLanguage\":\"es\",\"potentialAction\":[{\"@type\":\"ReadAction\",\"target\":[\"https:\\\/\\\/letrame.com\\\/catalogo\\\/producto\\\/entre-todos-me-acabareis-matando\\\/\"]}]},{\"@type\":\"ImageObject\",\"inLanguage\":\"es\",\"@id\":\"https:\\\/\\\/letrame.com\\\/catalogo\\\/producto\\\/entre-todos-me-acabareis-matando\\\/#primaryimage\",\"url\":\"https:\\\/\\\/letrame.com\\\/catalogo\\\/wp-content\\\/uploads\\\/2024\\\/04\\\/webportadaentretodosmeacaberies_882mm-compressed.jpg\",\"contentUrl\":\"https:\\\/\\\/letrame.com\\\/catalogo\\\/wp-content\\\/uploads\\\/2024\\\/04\\\/webportadaentretodosmeacaberies_882mm-compressed.jpg\",\"width\":601,\"height\":868},{\"@type\":\"BreadcrumbList\",\"@id\":\"https:\\\/\\\/letrame.com\\\/catalogo\\\/producto\\\/entre-todos-me-acabareis-matando\\\/#breadcrumb\",\"itemListElement\":[{\"@type\":\"ListItem\",\"position\":1,\"name\":\"Portada\",\"item\":\"https:\\\/\\\/letrame.com\\\/catalogo\\\/\"},{\"@type\":\"ListItem\",\"position\":2,\"name\":\"Cat\u00e1logo\",\"item\":\"https:\\\/\\\/letrame.com\\\/catalogo\\\/\"},{\"@type\":\"ListItem\",\"position\":3,\"name\":\"ENTRE TODOS ME ACABAREIS MATANDO\"}]},{\"@type\":\"WebSite\",\"@id\":\"https:\\\/\\\/letrame.com\\\/catalogo\\\/#website\",\"url\":\"https:\\\/\\\/letrame.com\\\/catalogo\\\/\",\"name\":\"Catalogo | Letrame Grupo Editorial\",\"description\":\"\",\"publisher\":{\"@id\":\"https:\\\/\\\/letrame.com\\\/catalogo\\\/#organization\"},\"potentialAction\":[{\"@type\":\"SearchAction\",\"target\":{\"@type\":\"EntryPoint\",\"urlTemplate\":\"https:\\\/\\\/letrame.com\\\/catalogo\\\/?s={search_term_string}\"},\"query-input\":{\"@type\":\"PropertyValueSpecification\",\"valueRequired\":true,\"valueName\":\"search_term_string\"}}],\"inLanguage\":\"es\"},{\"@type\":\"Organization\",\"@id\":\"https:\\\/\\\/letrame.com\\\/catalogo\\\/#organization\",\"name\":\"Catalogo | Letrame Grupo Editorial\",\"url\":\"https:\\\/\\\/letrame.com\\\/catalogo\\\/\",\"logo\":{\"@type\":\"ImageObject\",\"inLanguage\":\"es\",\"@id\":\"https:\\\/\\\/letrame.com\\\/catalogo\\\/#\\\/schema\\\/logo\\\/image\\\/\",\"url\":\"https:\\\/\\\/letrame.com\\\/catalogo\\\/wp-content\\\/uploads\\\/2024\\\/03\\\/logo2.webp\",\"contentUrl\":\"https:\\\/\\\/letrame.com\\\/catalogo\\\/wp-content\\\/uploads\\\/2024\\\/03\\\/logo2.webp\",\"width\":394,\"height\":128,\"caption\":\"Catalogo | Letrame Grupo Editorial\"},\"image\":{\"@id\":\"https:\\\/\\\/letrame.com\\\/catalogo\\\/#\\\/schema\\\/logo\\\/image\\\/\"}}]}<\/script>\n<!-- \/ Yoast SEO plugin. -->","yoast_head_json":{"title":"ENTRE TODOS ME ACABAREIS MATANDO - Catalogo | Letrame Grupo Editorial","robots":{"index":"index","follow":"follow","max-snippet":"max-snippet:-1","max-image-preview":"max-image-preview:large","max-video-preview":"max-video-preview:-1"},"canonical":"https:\/\/letrame.com\/catalogo\/producto\/entre-todos-me-acabareis-matando\/","og_locale":"es_ES","og_type":"article","og_title":"ENTRE TODOS ME ACABAREIS MATANDO - Catalogo | Letrame Grupo Editorial","og_description":"ISBN: 978-84-1144-768-3 SINOPSIS Entre todos me acabar\u00e9is matando. Me llamo Marta y hoy es el d\u00eda de mi muerte. As\u00ed empieza esta aventura po\u00e9tica de intriga y suspense. Marta se da cuenta de que tiene que morir para volver a nacer. Tras una vida de mentiras, enga\u00f1os y mala suerte\u2026 Marta desde el m\u00e1s all\u00e1 te cuenta toda su vida, con la cual todos nos sentiremos identificados por sus problemas. Mientras la poes\u00eda metaf\u00f3rica nos abraza tendremos que ir descubriendo si se trata de un suicidio, un asesinato e incluso si t\u00fa mismo o t\u00fa misma tienes algo que ver con la muerte de Marta.","og_url":"https:\/\/letrame.com\/catalogo\/producto\/entre-todos-me-acabareis-matando\/","og_site_name":"Catalogo | Letrame Grupo Editorial","article_modified_time":"2024-04-29T13:21:19+00:00","og_image":[{"width":601,"height":868,"url":"https:\/\/letrame.com\/catalogo\/wp-content\/uploads\/2024\/04\/webportadaentretodosmeacaberies_882mm-compressed.jpg","type":"image\/jpeg"}],"twitter_card":"summary_large_image","twitter_misc":{"Tiempo de lectura":"1 minuto"},"schema":{"@context":"https:\/\/schema.org","@graph":[{"@type":"WebPage","@id":"https:\/\/letrame.com\/catalogo\/producto\/entre-todos-me-acabareis-matando\/","url":"https:\/\/letrame.com\/catalogo\/producto\/entre-todos-me-acabareis-matando\/","name":"ENTRE TODOS ME ACABAREIS MATANDO - Catalogo | Letrame Grupo Editorial","isPartOf":{"@id":"https:\/\/letrame.com\/catalogo\/#website"},"primaryImageOfPage":{"@id":"https:\/\/letrame.com\/catalogo\/producto\/entre-todos-me-acabareis-matando\/#primaryimage"},"image":{"@id":"https:\/\/letrame.com\/catalogo\/producto\/entre-todos-me-acabareis-matando\/#primaryimage"},"thumbnailUrl":"https:\/\/letrame.com\/catalogo\/wp-content\/uploads\/2024\/04\/webportadaentretodosmeacaberies_882mm-compressed.jpg","datePublished":"2024-04-29T13:21:13+00:00","dateModified":"2024-04-29T13:21:19+00:00","breadcrumb":{"@id":"https:\/\/letrame.com\/catalogo\/producto\/entre-todos-me-acabareis-matando\/#breadcrumb"},"inLanguage":"es","potentialAction":[{"@type":"ReadAction","target":["https:\/\/letrame.com\/catalogo\/producto\/entre-todos-me-acabareis-matando\/"]}]},{"@type":"ImageObject","inLanguage":"es","@id":"https:\/\/letrame.com\/catalogo\/producto\/entre-todos-me-acabareis-matando\/#primaryimage","url":"https:\/\/letrame.com\/catalogo\/wp-content\/uploads\/2024\/04\/webportadaentretodosmeacaberies_882mm-compressed.jpg","contentUrl":"https:\/\/letrame.com\/catalogo\/wp-content\/uploads\/2024\/04\/webportadaentretodosmeacaberies_882mm-compressed.jpg","width":601,"height":868},{"@type":"BreadcrumbList","@id":"https:\/\/letrame.com\/catalogo\/producto\/entre-todos-me-acabareis-matando\/#breadcrumb","itemListElement":[{"@type":"ListItem","position":1,"name":"Portada","item":"https:\/\/letrame.com\/catalogo\/"},{"@type":"ListItem","position":2,"name":"Cat\u00e1logo","item":"https:\/\/letrame.com\/catalogo\/"},{"@type":"ListItem","position":3,"name":"ENTRE TODOS ME ACABAREIS MATANDO"}]},{"@type":"WebSite","@id":"https:\/\/letrame.com\/catalogo\/#website","url":"https:\/\/letrame.com\/catalogo\/","name":"Catalogo | Letrame Grupo Editorial","description":"","publisher":{"@id":"https:\/\/letrame.com\/catalogo\/#organization"},"potentialAction":[{"@type":"SearchAction","target":{"@type":"EntryPoint","urlTemplate":"https:\/\/letrame.com\/catalogo\/?s={search_term_string}"},"query-input":{"@type":"PropertyValueSpecification","valueRequired":true,"valueName":"search_term_string"}}],"inLanguage":"es"},{"@type":"Organization","@id":"https:\/\/letrame.com\/catalogo\/#organization","name":"Catalogo | Letrame Grupo Editorial","url":"https:\/\/letrame.com\/catalogo\/","logo":{"@type":"ImageObject","inLanguage":"es","@id":"https:\/\/letrame.com\/catalogo\/#\/schema\/logo\/image\/","url":"https:\/\/letrame.com\/catalogo\/wp-content\/uploads\/2024\/03\/logo2.webp","contentUrl":"https:\/\/letrame.com\/catalogo\/wp-content\/uploads\/2024\/03\/logo2.webp","width":394,"height":128,"caption":"Catalogo | Letrame Grupo Editorial"},"image":{"@id":"https:\/\/letrame.com\/catalogo\/#\/schema\/logo\/image\/"}}]}},"_links":{"self":[{"href":"https:\/\/letrame.com\/catalogo\/wp-json\/wp\/v2\/product\/98764","targetHints":{"allow":["GET"]}}],"collection":[{"href":"https:\/\/letrame.com\/catalogo\/wp-json\/wp\/v2\/product"}],"about":[{"href":"https:\/\/letrame.com\/catalogo\/wp-json\/wp\/v2\/types\/product"}],"replies":[{"embeddable":true,"href":"https:\/\/letrame.com\/catalogo\/wp-json\/wp\/v2\/comments?post=98764"}],"acf:post":[{"embeddable":true,"href":"https:\/\/letrame.com\/catalogo\/wp-json\/wp\/v2\/author_book\/77192"}],"wp:featuredmedia":[{"embeddable":true,"href":"https:\/\/letrame.com\/catalogo\/wp-json\/wp\/v2\/media\/98765"}],"wp:attachment":[{"href":"https:\/\/letrame.com\/catalogo\/wp-json\/wp\/v2\/media?parent=98764"}],"wp:term":[{"taxonomy":"libro","embeddable":true,"href":"https:\/\/letrame.com\/catalogo\/wp-json\/wp\/v2\/libro?post=98764"},{"taxonomy":"product_brand","embeddable":true,"href":"https:\/\/letrame.com\/catalogo\/wp-json\/wp\/v2\/product_brand?post=98764"},{"taxonomy":"product_cat","embeddable":true,"href":"https:\/\/letrame.com\/catalogo\/wp-json\/wp\/v2\/product_cat?post=98764"},{"taxonomy":"product_tag","embeddable":true,"href":"https:\/\/letrame.com\/catalogo\/wp-json\/wp\/v2\/product_tag?post=98764"}],"curies":[{"name":"wp","href":"https:\/\/api.w.org\/{rel}","templated":true}]}}