{"id":98762,"date":"2024-04-29T15:21:13","date_gmt":"2024-04-29T13:21:13","guid":{"rendered":"https:\/\/letrame.com\/catalogo\/producto\/fragilidad\/"},"modified":"2024-08-08T15:33:22","modified_gmt":"2024-08-08T13:33:22","slug":"fragilidad","status":"publish","type":"product","link":"https:\/\/letrame.com\/catalogo\/producto\/fragilidad\/","title":{"rendered":"Fragilidad"},"content":{"rendered":"<p><strong>ISBN<\/strong>: 978-84-1144-763-8<\/p>\n<p><strong>T\u00edtulo<\/strong>: Fragilidad<br \/>\n<strong>Fecha<\/strong>: 2023<br \/>\n<strong>P\u00e1ginas<\/strong>: 170<\/p>\n<p><strong>SINOPSIS<\/strong><\/p>\n<p>Siempre con la combinaci\u00f3n de poes\u00eda con relato corto, cuento y prosa po\u00e9tica, la autora va desgranando una tras otra situaciones, sensaciones y emociones que hacen sentir la fragilidad y al mismo tiempo la fortaleza del ser humano.<\/p>\n<p>Despu\u00e9s de <em>Contradanza, cuentos, relatos y un pu\u00f1ado de poemas<\/em> y <em>Piel de mar<\/em> \u00e9ste, su tercer libro <em>Fragilidad<\/em> nos sumerge dentro del alma humana, tan castigada o m\u00e1s que el cuerpo por esta dif\u00edcil situaci\u00f3n que nos ha tocado vivir.<\/p>\n<p>Todo esto, sin renunciar a la esperanza de un mundo mejor.<\/p>\n<p>&nbsp;<\/p>\n<p>&nbsp;<\/p>\n","protected":false},"excerpt":{"rendered":"<p><strong>ISBN<\/strong>: 978-84-1144-763-8<\/p>\n<p><strong>SINOPSIS<\/strong><\/p>\n<p>Siempre con la combinaci\u00f3n de poes\u00eda con relato corto, cuento y prosa po\u00e9tica, la autora va desgranando una tras otra situaciones, sensaciones y emociones que hacen sentir la fragilidad y al mismo tiempo la fortaleza del ser humano.<\/p>\n<p>Despu\u00e9s de <em>Contradanza, cuentos, relatos y un pu\u00f1ado de poemas<\/em> y <em>Piel de mar<\/em> \u00e9ste, su tercer libro <em>Fragilidad<\/em> nos sumerge dentro del alma humana, tan castigada o m\u00e1s que el cuerpo por esta dif\u00edcil situaci\u00f3n que nos ha tocado vivir.<\/p>\n<p>Todo esto, sin renunciar a la esperanza de un mundo mejor.<\/p>\n<p>&nbsp;<\/p>\n","protected":false},"featured_media":98763,"comment_status":"closed","ping_status":"closed","template":"","meta":{"_acf_changed":false},"libro":[],"product_brand":[],"product_cat":[33,21],"product_tag":[],"class_list":{"0":"post-98762","1":"product","2":"type-product","3":"status-publish","4":"has-post-thumbnail","6":"product_cat-cuento","7":"product_cat-relato","9":"first","10":"instock","11":"product-type-simple"},"acf":{"autor":[77188],"enlace_de_compra":""},"yoast_head":"<!-- This site is optimized with the Yoast SEO plugin v26.6 - https:\/\/yoast.com\/wordpress\/plugins\/seo\/ -->\n<title>Fragilidad - Catalogo | Letrame Grupo Editorial<\/title>\n<meta name=\"robots\" content=\"index, follow, max-snippet:-1, max-image-preview:large, max-video-preview:-1\" \/>\n<link rel=\"canonical\" href=\"https:\/\/letrame.com\/catalogo\/producto\/fragilidad\/\" \/>\n<meta property=\"og:locale\" content=\"es_ES\" \/>\n<meta property=\"og:type\" content=\"article\" \/>\n<meta property=\"og:title\" content=\"Fragilidad - Catalogo | Letrame Grupo Editorial\" \/>\n<meta property=\"og:description\" content=\"ISBN: 978-84-1144-763-8  SINOPSIS  Siempre con la combinaci\u00f3n de poes\u00eda con relato corto, cuento y prosa po\u00e9tica, la autora va desgranando una tras otra situaciones, sensaciones y emociones que hacen sentir la fragilidad y al mismo tiempo la fortaleza del ser humano.  Despu\u00e9s de Contradanza, cuentos, relatos y un pu\u00f1ado de poemas y Piel de mar \u00e9ste, su tercer libro Fragilidad nos sumerge dentro del alma humana, tan castigada o m\u00e1s que el cuerpo por esta dif\u00edcil situaci\u00f3n que nos ha tocado vivir.  Todo esto, sin renunciar a la esperanza de un mundo mejor.  &nbsp;\" \/>\n<meta property=\"og:url\" content=\"https:\/\/letrame.com\/catalogo\/producto\/fragilidad\/\" \/>\n<meta property=\"og:site_name\" content=\"Catalogo | Letrame Grupo Editorial\" \/>\n<meta property=\"article:modified_time\" content=\"2024-08-08T13:33:22+00:00\" \/>\n<meta property=\"og:image\" content=\"https:\/\/letrame.com\/catalogo\/wp-content\/uploads\/2024\/04\/webfragilidad_891mm-compressed.jpg\" \/>\n\t<meta property=\"og:image:width\" content=\"601\" \/>\n\t<meta property=\"og:image:height\" content=\"841\" \/>\n\t<meta property=\"og:image:type\" content=\"image\/jpeg\" \/>\n<meta name=\"twitter:card\" content=\"summary_large_image\" \/>\n<meta name=\"twitter:label1\" content=\"Tiempo de lectura\" \/>\n\t<meta name=\"twitter:data1\" content=\"1 minuto\" \/>\n<script type=\"application\/ld+json\" class=\"yoast-schema-graph\">{\"@context\":\"https:\/\/schema.org\",\"@graph\":[{\"@type\":\"WebPage\",\"@id\":\"https:\/\/letrame.com\/catalogo\/producto\/fragilidad\/\",\"url\":\"https:\/\/letrame.com\/catalogo\/producto\/fragilidad\/\",\"name\":\"Fragilidad - Catalogo | Letrame Grupo Editorial\",\"isPartOf\":{\"@id\":\"https:\/\/letrame.com\/catalogo\/#website\"},\"primaryImageOfPage\":{\"@id\":\"https:\/\/letrame.com\/catalogo\/producto\/fragilidad\/#primaryimage\"},\"image\":{\"@id\":\"https:\/\/letrame.com\/catalogo\/producto\/fragilidad\/#primaryimage\"},\"thumbnailUrl\":\"https:\/\/letrame.com\/catalogo\/wp-content\/uploads\/2024\/04\/webfragilidad_891mm-compressed.jpg\",\"datePublished\":\"2024-04-29T13:21:13+00:00\",\"dateModified\":\"2024-08-08T13:33:22+00:00\",\"breadcrumb\":{\"@id\":\"https:\/\/letrame.com\/catalogo\/producto\/fragilidad\/#breadcrumb\"},\"inLanguage\":\"es\",\"potentialAction\":[{\"@type\":\"ReadAction\",\"target\":[\"https:\/\/letrame.com\/catalogo\/producto\/fragilidad\/\"]}]},{\"@type\":\"ImageObject\",\"inLanguage\":\"es\",\"@id\":\"https:\/\/letrame.com\/catalogo\/producto\/fragilidad\/#primaryimage\",\"url\":\"https:\/\/letrame.com\/catalogo\/wp-content\/uploads\/2024\/04\/webfragilidad_891mm-compressed.jpg\",\"contentUrl\":\"https:\/\/letrame.com\/catalogo\/wp-content\/uploads\/2024\/04\/webfragilidad_891mm-compressed.jpg\",\"width\":601,\"height\":841},{\"@type\":\"BreadcrumbList\",\"@id\":\"https:\/\/letrame.com\/catalogo\/producto\/fragilidad\/#breadcrumb\",\"itemListElement\":[{\"@type\":\"ListItem\",\"position\":1,\"name\":\"Portada\",\"item\":\"https:\/\/letrame.com\/catalogo\/\"},{\"@type\":\"ListItem\",\"position\":2,\"name\":\"Cat\u00e1logo\",\"item\":\"https:\/\/letrame.com\/catalogo\/\"},{\"@type\":\"ListItem\",\"position\":3,\"name\":\"Fragilidad\"}]},{\"@type\":\"WebSite\",\"@id\":\"https:\/\/letrame.com\/catalogo\/#website\",\"url\":\"https:\/\/letrame.com\/catalogo\/\",\"name\":\"Catalogo | Letrame Grupo Editorial\",\"description\":\"\",\"publisher\":{\"@id\":\"https:\/\/letrame.com\/catalogo\/#organization\"},\"potentialAction\":[{\"@type\":\"SearchAction\",\"target\":{\"@type\":\"EntryPoint\",\"urlTemplate\":\"https:\/\/letrame.com\/catalogo\/?s={search_term_string}\"},\"query-input\":{\"@type\":\"PropertyValueSpecification\",\"valueRequired\":true,\"valueName\":\"search_term_string\"}}],\"inLanguage\":\"es\"},{\"@type\":\"Organization\",\"@id\":\"https:\/\/letrame.com\/catalogo\/#organization\",\"name\":\"Catalogo | Letrame Grupo Editorial\",\"url\":\"https:\/\/letrame.com\/catalogo\/\",\"logo\":{\"@type\":\"ImageObject\",\"inLanguage\":\"es\",\"@id\":\"https:\/\/letrame.com\/catalogo\/#\/schema\/logo\/image\/\",\"url\":\"https:\/\/letrame.com\/catalogo\/wp-content\/uploads\/2024\/03\/logo2.webp\",\"contentUrl\":\"https:\/\/letrame.com\/catalogo\/wp-content\/uploads\/2024\/03\/logo2.webp\",\"width\":394,\"height\":128,\"caption\":\"Catalogo | Letrame Grupo Editorial\"},\"image\":{\"@id\":\"https:\/\/letrame.com\/catalogo\/#\/schema\/logo\/image\/\"}}]}<\/script>\n<!-- \/ Yoast SEO plugin. -->","yoast_head_json":{"title":"Fragilidad - Catalogo | Letrame Grupo Editorial","robots":{"index":"index","follow":"follow","max-snippet":"max-snippet:-1","max-image-preview":"max-image-preview:large","max-video-preview":"max-video-preview:-1"},"canonical":"https:\/\/letrame.com\/catalogo\/producto\/fragilidad\/","og_locale":"es_ES","og_type":"article","og_title":"Fragilidad - Catalogo | Letrame Grupo Editorial","og_description":"ISBN: 978-84-1144-763-8  SINOPSIS  Siempre con la combinaci\u00f3n de poes\u00eda con relato corto, cuento y prosa po\u00e9tica, la autora va desgranando una tras otra situaciones, sensaciones y emociones que hacen sentir la fragilidad y al mismo tiempo la fortaleza del ser humano.  Despu\u00e9s de Contradanza, cuentos, relatos y un pu\u00f1ado de poemas y Piel de mar \u00e9ste, su tercer libro Fragilidad nos sumerge dentro del alma humana, tan castigada o m\u00e1s que el cuerpo por esta dif\u00edcil situaci\u00f3n que nos ha tocado vivir.  Todo esto, sin renunciar a la esperanza de un mundo mejor.  &nbsp;","og_url":"https:\/\/letrame.com\/catalogo\/producto\/fragilidad\/","og_site_name":"Catalogo | Letrame Grupo Editorial","article_modified_time":"2024-08-08T13:33:22+00:00","og_image":[{"width":601,"height":841,"url":"https:\/\/letrame.com\/catalogo\/wp-content\/uploads\/2024\/04\/webfragilidad_891mm-compressed.jpg","type":"image\/jpeg"}],"twitter_card":"summary_large_image","twitter_misc":{"Tiempo de lectura":"1 minuto"},"schema":{"@context":"https:\/\/schema.org","@graph":[{"@type":"WebPage","@id":"https:\/\/letrame.com\/catalogo\/producto\/fragilidad\/","url":"https:\/\/letrame.com\/catalogo\/producto\/fragilidad\/","name":"Fragilidad - Catalogo | Letrame Grupo Editorial","isPartOf":{"@id":"https:\/\/letrame.com\/catalogo\/#website"},"primaryImageOfPage":{"@id":"https:\/\/letrame.com\/catalogo\/producto\/fragilidad\/#primaryimage"},"image":{"@id":"https:\/\/letrame.com\/catalogo\/producto\/fragilidad\/#primaryimage"},"thumbnailUrl":"https:\/\/letrame.com\/catalogo\/wp-content\/uploads\/2024\/04\/webfragilidad_891mm-compressed.jpg","datePublished":"2024-04-29T13:21:13+00:00","dateModified":"2024-08-08T13:33:22+00:00","breadcrumb":{"@id":"https:\/\/letrame.com\/catalogo\/producto\/fragilidad\/#breadcrumb"},"inLanguage":"es","potentialAction":[{"@type":"ReadAction","target":["https:\/\/letrame.com\/catalogo\/producto\/fragilidad\/"]}]},{"@type":"ImageObject","inLanguage":"es","@id":"https:\/\/letrame.com\/catalogo\/producto\/fragilidad\/#primaryimage","url":"https:\/\/letrame.com\/catalogo\/wp-content\/uploads\/2024\/04\/webfragilidad_891mm-compressed.jpg","contentUrl":"https:\/\/letrame.com\/catalogo\/wp-content\/uploads\/2024\/04\/webfragilidad_891mm-compressed.jpg","width":601,"height":841},{"@type":"BreadcrumbList","@id":"https:\/\/letrame.com\/catalogo\/producto\/fragilidad\/#breadcrumb","itemListElement":[{"@type":"ListItem","position":1,"name":"Portada","item":"https:\/\/letrame.com\/catalogo\/"},{"@type":"ListItem","position":2,"name":"Cat\u00e1logo","item":"https:\/\/letrame.com\/catalogo\/"},{"@type":"ListItem","position":3,"name":"Fragilidad"}]},{"@type":"WebSite","@id":"https:\/\/letrame.com\/catalogo\/#website","url":"https:\/\/letrame.com\/catalogo\/","name":"Catalogo | Letrame Grupo Editorial","description":"","publisher":{"@id":"https:\/\/letrame.com\/catalogo\/#organization"},"potentialAction":[{"@type":"SearchAction","target":{"@type":"EntryPoint","urlTemplate":"https:\/\/letrame.com\/catalogo\/?s={search_term_string}"},"query-input":{"@type":"PropertyValueSpecification","valueRequired":true,"valueName":"search_term_string"}}],"inLanguage":"es"},{"@type":"Organization","@id":"https:\/\/letrame.com\/catalogo\/#organization","name":"Catalogo | Letrame Grupo Editorial","url":"https:\/\/letrame.com\/catalogo\/","logo":{"@type":"ImageObject","inLanguage":"es","@id":"https:\/\/letrame.com\/catalogo\/#\/schema\/logo\/image\/","url":"https:\/\/letrame.com\/catalogo\/wp-content\/uploads\/2024\/03\/logo2.webp","contentUrl":"https:\/\/letrame.com\/catalogo\/wp-content\/uploads\/2024\/03\/logo2.webp","width":394,"height":128,"caption":"Catalogo | Letrame Grupo Editorial"},"image":{"@id":"https:\/\/letrame.com\/catalogo\/#\/schema\/logo\/image\/"}}]}},"_links":{"self":[{"href":"https:\/\/letrame.com\/catalogo\/wp-json\/wp\/v2\/product\/98762","targetHints":{"allow":["GET"]}}],"collection":[{"href":"https:\/\/letrame.com\/catalogo\/wp-json\/wp\/v2\/product"}],"about":[{"href":"https:\/\/letrame.com\/catalogo\/wp-json\/wp\/v2\/types\/product"}],"replies":[{"embeddable":true,"href":"https:\/\/letrame.com\/catalogo\/wp-json\/wp\/v2\/comments?post=98762"}],"acf:post":[{"embeddable":true,"href":"https:\/\/letrame.com\/catalogo\/wp-json\/wp\/v2\/author_book\/77188"}],"wp:featuredmedia":[{"embeddable":true,"href":"https:\/\/letrame.com\/catalogo\/wp-json\/wp\/v2\/media\/98763"}],"wp:attachment":[{"href":"https:\/\/letrame.com\/catalogo\/wp-json\/wp\/v2\/media?parent=98762"}],"wp:term":[{"taxonomy":"libro","embeddable":true,"href":"https:\/\/letrame.com\/catalogo\/wp-json\/wp\/v2\/libro?post=98762"},{"taxonomy":"product_brand","embeddable":true,"href":"https:\/\/letrame.com\/catalogo\/wp-json\/wp\/v2\/product_brand?post=98762"},{"taxonomy":"product_cat","embeddable":true,"href":"https:\/\/letrame.com\/catalogo\/wp-json\/wp\/v2\/product_cat?post=98762"},{"taxonomy":"product_tag","embeddable":true,"href":"https:\/\/letrame.com\/catalogo\/wp-json\/wp\/v2\/product_tag?post=98762"}],"curies":[{"name":"wp","href":"https:\/\/api.w.org\/{rel}","templated":true}]}}