{"id":98758,"date":"2024-04-29T15:21:03","date_gmt":"2024-04-29T13:21:03","guid":{"rendered":"https:\/\/letrame.com\/catalogo\/producto\/las-palabras-vuelan\/"},"modified":"2024-04-29T15:21:09","modified_gmt":"2024-04-29T13:21:09","slug":"las-palabras-vuelan","status":"publish","type":"product","link":"https:\/\/letrame.com\/catalogo\/producto\/las-palabras-vuelan\/","title":{"rendered":"Las palabras vuelan"},"content":{"rendered":"<p><strong>ISBN<\/strong>: 978-84-1144-928-1<\/p>\n<p><strong>T\u00edtulo<\/strong>: Las palabras vuelan<br \/>\n<strong>Fecha<\/strong>: 2023<br \/>\n<strong>P\u00e1ginas<\/strong>: 204<\/p>\n<p><strong>SINOPSIS<\/strong><\/p>\n<p>Esta es una obra literaria de principios y valores desde la \u00f3ptica de un profesional del Derecho, un abogado, que adem\u00e1s es Cristiano y creyente. La obra se sustenta principalmente en la experiencia profesional y personal, adem\u00e1s en antecedentes literarios, principalmente poes\u00eda. Tambi\u00e9n\u00a0 se proponen t\u00edtulos de pel\u00edculas que ilustran cada tema tratado y facilita la comprensi\u00f3n del mismo.<\/p>\n<p>Es una obra de f\u00e1cil comprensi\u00f3n pues est\u00e1 compuesta de 15 cap\u00edtulos que se pueden leer indistintamente unos de otros, no tienen nexo de uni\u00f3n, cada uno trata de un tema concreto y diferenciado. Constan aspectos personales en el tratamiento que otorgan originalidad e ingenio contado conversando con el interlocutor llegando a conclusiones a veces sorprendentes. Creo que es un libro que aparte de leer y distraer con su lectura, ofrece un aspecto did\u00e1ctico que le puede resultar atractivo al lector.<\/p>\n","protected":false},"excerpt":{"rendered":"<p><strong>ISBN<\/strong>: 978-84-1144-928-1<\/p>\n<p><strong>SINOPSIS<\/strong><\/p>\n<p>Esta es una obra literaria de principios y valores desde la \u00f3ptica de un profesional del Derecho, un abogado, que adem\u00e1s es Cristiano y creyente. La obra se sustenta principalmente en la experiencia profesional y personal, adem\u00e1s en antecedentes literarios, principalmente poes\u00eda. Tambi\u00e9n\u00a0 se proponen t\u00edtulos de pel\u00edculas que ilustran cada tema tratado y facilita la comprensi\u00f3n del mismo.<\/p>\n<p>Es una obra de f\u00e1cil comprensi\u00f3n pues est\u00e1 compuesta de 15 cap\u00edtulos que se pueden leer indistintamente unos de otros, no tienen nexo de uni\u00f3n, cada uno trata de un tema concreto y diferenciado. Constan aspectos personales en el tratamiento que otorgan originalidad e ingenio contado conversando con el interlocutor llegando a conclusiones a veces sorprendentes. Creo que es un libro que aparte de leer y distraer con su lectura, ofrece un aspecto did\u00e1ctico que le puede resultar atractivo al lector.<\/p>\n","protected":false},"featured_media":98759,"comment_status":"closed","ping_status":"open","template":"","meta":{"_acf_changed":false},"libro":[],"product_brand":[],"product_cat":[26],"product_tag":[],"class_list":{"0":"post-98758","1":"product","2":"type-product","3":"status-publish","4":"has-post-thumbnail","6":"product_cat-sin-categoria","8":"first","9":"instock","10":"product-type-simple"},"acf":{"autor":[77185],"enlace_de_compra":"https:\/\/www.amazon.es\/Las-palabras-vuelan-escrito-permanece\/dp\/8411449289\/"},"yoast_head":"<!-- This site is optimized with the Yoast SEO plugin v26.6 - https:\/\/yoast.com\/wordpress\/plugins\/seo\/ -->\n<title>Las palabras vuelan - Catalogo | Letrame Grupo Editorial<\/title>\n<meta name=\"robots\" content=\"index, follow, max-snippet:-1, max-image-preview:large, max-video-preview:-1\" \/>\n<link rel=\"canonical\" href=\"https:\/\/letrame.com\/catalogo\/producto\/las-palabras-vuelan\/\" \/>\n<meta property=\"og:locale\" content=\"es_ES\" \/>\n<meta property=\"og:type\" content=\"article\" \/>\n<meta property=\"og:title\" content=\"Las palabras vuelan - Catalogo | Letrame Grupo Editorial\" \/>\n<meta property=\"og:description\" content=\"ISBN: 978-84-1144-928-1 SINOPSIS Esta es una obra literaria de principios y valores desde la \u00f3ptica de un profesional del Derecho, un abogado, que adem\u00e1s es Cristiano y creyente. La obra se sustenta principalmente en la experiencia profesional y personal, adem\u00e1s en antecedentes literarios, principalmente poes\u00eda. Tambi\u00e9n\u00a0 se proponen t\u00edtulos de pel\u00edculas que ilustran cada tema tratado y facilita la comprensi\u00f3n del mismo. Es una obra de f\u00e1cil comprensi\u00f3n pues est\u00e1 compuesta de 15 cap\u00edtulos que se pueden leer indistintamente unos de otros, no tienen nexo de uni\u00f3n, cada uno trata de un tema concreto y diferenciado. Constan aspectos personales en el tratamiento que otorgan originalidad e ingenio contado conversando con el interlocutor llegando a conclusiones a veces sorprendentes. Creo que es un libro que aparte de leer y distraer con su lectura, ofrece un aspecto did\u00e1ctico que le puede resultar atractivo al lector.\" \/>\n<meta property=\"og:url\" content=\"https:\/\/letrame.com\/catalogo\/producto\/las-palabras-vuelan\/\" \/>\n<meta property=\"og:site_name\" content=\"Catalogo | Letrame Grupo Editorial\" \/>\n<meta property=\"article:modified_time\" content=\"2024-04-29T13:21:09+00:00\" \/>\n<meta property=\"og:image\" content=\"https:\/\/letrame.com\/catalogo\/wp-content\/uploads\/2024\/04\/web_portadalaspalabrasvuelan_1048mm.jpg\" \/>\n\t<meta property=\"og:image:width\" content=\"601\" \/>\n\t<meta property=\"og:image:height\" content=\"881\" \/>\n\t<meta property=\"og:image:type\" content=\"image\/jpeg\" \/>\n<meta name=\"twitter:card\" content=\"summary_large_image\" \/>\n<meta name=\"twitter:label1\" content=\"Tiempo de lectura\" \/>\n\t<meta name=\"twitter:data1\" content=\"1 minuto\" \/>\n<script type=\"application\/ld+json\" class=\"yoast-schema-graph\">{\"@context\":\"https:\/\/schema.org\",\"@graph\":[{\"@type\":\"WebPage\",\"@id\":\"https:\/\/letrame.com\/catalogo\/producto\/las-palabras-vuelan\/\",\"url\":\"https:\/\/letrame.com\/catalogo\/producto\/las-palabras-vuelan\/\",\"name\":\"Las palabras vuelan - Catalogo | Letrame Grupo Editorial\",\"isPartOf\":{\"@id\":\"https:\/\/letrame.com\/catalogo\/#website\"},\"primaryImageOfPage\":{\"@id\":\"https:\/\/letrame.com\/catalogo\/producto\/las-palabras-vuelan\/#primaryimage\"},\"image\":{\"@id\":\"https:\/\/letrame.com\/catalogo\/producto\/las-palabras-vuelan\/#primaryimage\"},\"thumbnailUrl\":\"https:\/\/letrame.com\/catalogo\/wp-content\/uploads\/2024\/04\/web_portadalaspalabrasvuelan_1048mm.jpg\",\"datePublished\":\"2024-04-29T13:21:03+00:00\",\"dateModified\":\"2024-04-29T13:21:09+00:00\",\"breadcrumb\":{\"@id\":\"https:\/\/letrame.com\/catalogo\/producto\/las-palabras-vuelan\/#breadcrumb\"},\"inLanguage\":\"es\",\"potentialAction\":[{\"@type\":\"ReadAction\",\"target\":[\"https:\/\/letrame.com\/catalogo\/producto\/las-palabras-vuelan\/\"]}]},{\"@type\":\"ImageObject\",\"inLanguage\":\"es\",\"@id\":\"https:\/\/letrame.com\/catalogo\/producto\/las-palabras-vuelan\/#primaryimage\",\"url\":\"https:\/\/letrame.com\/catalogo\/wp-content\/uploads\/2024\/04\/web_portadalaspalabrasvuelan_1048mm.jpg\",\"contentUrl\":\"https:\/\/letrame.com\/catalogo\/wp-content\/uploads\/2024\/04\/web_portadalaspalabrasvuelan_1048mm.jpg\",\"width\":601,\"height\":881},{\"@type\":\"BreadcrumbList\",\"@id\":\"https:\/\/letrame.com\/catalogo\/producto\/las-palabras-vuelan\/#breadcrumb\",\"itemListElement\":[{\"@type\":\"ListItem\",\"position\":1,\"name\":\"Portada\",\"item\":\"https:\/\/letrame.com\/catalogo\/\"},{\"@type\":\"ListItem\",\"position\":2,\"name\":\"Cat\u00e1logo\",\"item\":\"https:\/\/letrame.com\/catalogo\/\"},{\"@type\":\"ListItem\",\"position\":3,\"name\":\"Las palabras vuelan\"}]},{\"@type\":\"WebSite\",\"@id\":\"https:\/\/letrame.com\/catalogo\/#website\",\"url\":\"https:\/\/letrame.com\/catalogo\/\",\"name\":\"Catalogo | Letrame Grupo Editorial\",\"description\":\"\",\"publisher\":{\"@id\":\"https:\/\/letrame.com\/catalogo\/#organization\"},\"potentialAction\":[{\"@type\":\"SearchAction\",\"target\":{\"@type\":\"EntryPoint\",\"urlTemplate\":\"https:\/\/letrame.com\/catalogo\/?s={search_term_string}\"},\"query-input\":{\"@type\":\"PropertyValueSpecification\",\"valueRequired\":true,\"valueName\":\"search_term_string\"}}],\"inLanguage\":\"es\"},{\"@type\":\"Organization\",\"@id\":\"https:\/\/letrame.com\/catalogo\/#organization\",\"name\":\"Catalogo | Letrame Grupo Editorial\",\"url\":\"https:\/\/letrame.com\/catalogo\/\",\"logo\":{\"@type\":\"ImageObject\",\"inLanguage\":\"es\",\"@id\":\"https:\/\/letrame.com\/catalogo\/#\/schema\/logo\/image\/\",\"url\":\"https:\/\/letrame.com\/catalogo\/wp-content\/uploads\/2024\/03\/logo2.webp\",\"contentUrl\":\"https:\/\/letrame.com\/catalogo\/wp-content\/uploads\/2024\/03\/logo2.webp\",\"width\":394,\"height\":128,\"caption\":\"Catalogo | Letrame Grupo Editorial\"},\"image\":{\"@id\":\"https:\/\/letrame.com\/catalogo\/#\/schema\/logo\/image\/\"}}]}<\/script>\n<!-- \/ Yoast SEO plugin. -->","yoast_head_json":{"title":"Las palabras vuelan - Catalogo | Letrame Grupo Editorial","robots":{"index":"index","follow":"follow","max-snippet":"max-snippet:-1","max-image-preview":"max-image-preview:large","max-video-preview":"max-video-preview:-1"},"canonical":"https:\/\/letrame.com\/catalogo\/producto\/las-palabras-vuelan\/","og_locale":"es_ES","og_type":"article","og_title":"Las palabras vuelan - Catalogo | Letrame Grupo Editorial","og_description":"ISBN: 978-84-1144-928-1 SINOPSIS Esta es una obra literaria de principios y valores desde la \u00f3ptica de un profesional del Derecho, un abogado, que adem\u00e1s es Cristiano y creyente. La obra se sustenta principalmente en la experiencia profesional y personal, adem\u00e1s en antecedentes literarios, principalmente poes\u00eda. Tambi\u00e9n\u00a0 se proponen t\u00edtulos de pel\u00edculas que ilustran cada tema tratado y facilita la comprensi\u00f3n del mismo. Es una obra de f\u00e1cil comprensi\u00f3n pues est\u00e1 compuesta de 15 cap\u00edtulos que se pueden leer indistintamente unos de otros, no tienen nexo de uni\u00f3n, cada uno trata de un tema concreto y diferenciado. Constan aspectos personales en el tratamiento que otorgan originalidad e ingenio contado conversando con el interlocutor llegando a conclusiones a veces sorprendentes. Creo que es un libro que aparte de leer y distraer con su lectura, ofrece un aspecto did\u00e1ctico que le puede resultar atractivo al lector.","og_url":"https:\/\/letrame.com\/catalogo\/producto\/las-palabras-vuelan\/","og_site_name":"Catalogo | Letrame Grupo Editorial","article_modified_time":"2024-04-29T13:21:09+00:00","og_image":[{"width":601,"height":881,"url":"https:\/\/letrame.com\/catalogo\/wp-content\/uploads\/2024\/04\/web_portadalaspalabrasvuelan_1048mm.jpg","type":"image\/jpeg"}],"twitter_card":"summary_large_image","twitter_misc":{"Tiempo de lectura":"1 minuto"},"schema":{"@context":"https:\/\/schema.org","@graph":[{"@type":"WebPage","@id":"https:\/\/letrame.com\/catalogo\/producto\/las-palabras-vuelan\/","url":"https:\/\/letrame.com\/catalogo\/producto\/las-palabras-vuelan\/","name":"Las palabras vuelan - Catalogo | Letrame Grupo Editorial","isPartOf":{"@id":"https:\/\/letrame.com\/catalogo\/#website"},"primaryImageOfPage":{"@id":"https:\/\/letrame.com\/catalogo\/producto\/las-palabras-vuelan\/#primaryimage"},"image":{"@id":"https:\/\/letrame.com\/catalogo\/producto\/las-palabras-vuelan\/#primaryimage"},"thumbnailUrl":"https:\/\/letrame.com\/catalogo\/wp-content\/uploads\/2024\/04\/web_portadalaspalabrasvuelan_1048mm.jpg","datePublished":"2024-04-29T13:21:03+00:00","dateModified":"2024-04-29T13:21:09+00:00","breadcrumb":{"@id":"https:\/\/letrame.com\/catalogo\/producto\/las-palabras-vuelan\/#breadcrumb"},"inLanguage":"es","potentialAction":[{"@type":"ReadAction","target":["https:\/\/letrame.com\/catalogo\/producto\/las-palabras-vuelan\/"]}]},{"@type":"ImageObject","inLanguage":"es","@id":"https:\/\/letrame.com\/catalogo\/producto\/las-palabras-vuelan\/#primaryimage","url":"https:\/\/letrame.com\/catalogo\/wp-content\/uploads\/2024\/04\/web_portadalaspalabrasvuelan_1048mm.jpg","contentUrl":"https:\/\/letrame.com\/catalogo\/wp-content\/uploads\/2024\/04\/web_portadalaspalabrasvuelan_1048mm.jpg","width":601,"height":881},{"@type":"BreadcrumbList","@id":"https:\/\/letrame.com\/catalogo\/producto\/las-palabras-vuelan\/#breadcrumb","itemListElement":[{"@type":"ListItem","position":1,"name":"Portada","item":"https:\/\/letrame.com\/catalogo\/"},{"@type":"ListItem","position":2,"name":"Cat\u00e1logo","item":"https:\/\/letrame.com\/catalogo\/"},{"@type":"ListItem","position":3,"name":"Las palabras vuelan"}]},{"@type":"WebSite","@id":"https:\/\/letrame.com\/catalogo\/#website","url":"https:\/\/letrame.com\/catalogo\/","name":"Catalogo | Letrame Grupo Editorial","description":"","publisher":{"@id":"https:\/\/letrame.com\/catalogo\/#organization"},"potentialAction":[{"@type":"SearchAction","target":{"@type":"EntryPoint","urlTemplate":"https:\/\/letrame.com\/catalogo\/?s={search_term_string}"},"query-input":{"@type":"PropertyValueSpecification","valueRequired":true,"valueName":"search_term_string"}}],"inLanguage":"es"},{"@type":"Organization","@id":"https:\/\/letrame.com\/catalogo\/#organization","name":"Catalogo | Letrame Grupo Editorial","url":"https:\/\/letrame.com\/catalogo\/","logo":{"@type":"ImageObject","inLanguage":"es","@id":"https:\/\/letrame.com\/catalogo\/#\/schema\/logo\/image\/","url":"https:\/\/letrame.com\/catalogo\/wp-content\/uploads\/2024\/03\/logo2.webp","contentUrl":"https:\/\/letrame.com\/catalogo\/wp-content\/uploads\/2024\/03\/logo2.webp","width":394,"height":128,"caption":"Catalogo | Letrame Grupo Editorial"},"image":{"@id":"https:\/\/letrame.com\/catalogo\/#\/schema\/logo\/image\/"}}]}},"_links":{"self":[{"href":"https:\/\/letrame.com\/catalogo\/wp-json\/wp\/v2\/product\/98758","targetHints":{"allow":["GET"]}}],"collection":[{"href":"https:\/\/letrame.com\/catalogo\/wp-json\/wp\/v2\/product"}],"about":[{"href":"https:\/\/letrame.com\/catalogo\/wp-json\/wp\/v2\/types\/product"}],"replies":[{"embeddable":true,"href":"https:\/\/letrame.com\/catalogo\/wp-json\/wp\/v2\/comments?post=98758"}],"acf:post":[{"embeddable":true,"href":"https:\/\/letrame.com\/catalogo\/wp-json\/wp\/v2\/author_book\/77185"}],"wp:featuredmedia":[{"embeddable":true,"href":"https:\/\/letrame.com\/catalogo\/wp-json\/wp\/v2\/media\/98759"}],"wp:attachment":[{"href":"https:\/\/letrame.com\/catalogo\/wp-json\/wp\/v2\/media?parent=98758"}],"wp:term":[{"taxonomy":"libro","embeddable":true,"href":"https:\/\/letrame.com\/catalogo\/wp-json\/wp\/v2\/libro?post=98758"},{"taxonomy":"product_brand","embeddable":true,"href":"https:\/\/letrame.com\/catalogo\/wp-json\/wp\/v2\/product_brand?post=98758"},{"taxonomy":"product_cat","embeddable":true,"href":"https:\/\/letrame.com\/catalogo\/wp-json\/wp\/v2\/product_cat?post=98758"},{"taxonomy":"product_tag","embeddable":true,"href":"https:\/\/letrame.com\/catalogo\/wp-json\/wp\/v2\/product_tag?post=98758"}],"curies":[{"name":"wp","href":"https:\/\/api.w.org\/{rel}","templated":true}]}}