{"id":98750,"date":"2024-04-29T15:20:40","date_gmt":"2024-04-29T13:20:40","guid":{"rendered":"https:\/\/letrame.com\/catalogo\/producto\/baile-de-mascaras\/"},"modified":"2024-04-29T15:20:43","modified_gmt":"2024-04-29T13:20:43","slug":"baile-de-mascaras","status":"publish","type":"product","link":"https:\/\/letrame.com\/catalogo\/producto\/baile-de-mascaras\/","title":{"rendered":"Baile de m\u00e1scaras"},"content":{"rendered":"<p><strong>ISBN<\/strong>: 978-84-1144-392-0<\/p>\n<p><strong>T\u00edtulo<\/strong>: Baile de m\u00e1scaras<br \/>\n<strong>Fecha<\/strong>: 2022<br \/>\n<strong>P\u00e1ginas<\/strong>: 516<\/p>\n<p><strong>SINOPSIS<\/strong><\/p>\n<p>\u00bfQu\u00e9 ocurri\u00f3 en aquel concierto para que la vida de Cristina saltara por los aires? Cristina, obligada por las circunstancias, acompa\u00f1a a su hija de diecisiete a\u00f1os a un concierto cuya m\u00fasica detesta. Mientras esperan a que d\u00e9 comienzo el concierto, se desata el caos y se produce un hecho tr\u00e1gico incomprensible que pone patas arriba el mundo apacible en que ella y su hija viven. Cristina lucha con u\u00f1as y dientes por despejar ese interrogante. En su incansable lucha por desentra\u00f1ar el misterio que la ahoga, un desconocido se cuela a hurtadillas en su vida para ayudarla a encontrar respuestas. Ese suceso que acabar\u00e1 conmocionando a quienes la rodean, ser\u00e1 el detonante de un cataclismo de proporciones inabarcables.<\/p>\n<p>&nbsp;<\/p>\n<p><u>Rese\u00f1as<\/u><\/p>\n<p>Una novela trepidante y conmovedora que te engancha desde el principio. Y con un final sorprendente. \u00bfQu\u00e9 m\u00e1s se puede pedir? (Fco. Mart\u00ednez Carri\u00f3n &#8211; Periodista)<\/p>\n<p>Es de las cl\u00e1sicas novelas que te dejan una gran sensaci\u00f3n de vac\u00edo cuando se acaban. Una historia contada de forma magistral y unos personajes bien perfilados que te encoger\u00e1n el coraz\u00f3n. \u00a0(Francisco Romero \u2013 Escritor)<\/p>\n","protected":false},"excerpt":{"rendered":"<p><strong>ISBN<\/strong>: 978-84-1144-392-0<\/p>\n<p><strong>SINOPSIS<\/strong><\/p>\n<p>\u00bfQu\u00e9 ocurri\u00f3 en aquel concierto para que la vida de Cristina saltara por los aires? Cristina, obligada por las circunstancias, acompa\u00f1a a su hija de diecisiete a\u00f1os a un concierto cuya m\u00fasica detesta. Mientras esperan a que d\u00e9 comienzo el concierto, se desata el caos y se produce un hecho tr\u00e1gico incomprensible que pone patas arriba el mundo apacible en que ella y su hija viven. Cristina lucha con u\u00f1as y dientes por despejar ese interrogante. En su incansable lucha por desentra\u00f1ar el misterio que la ahoga, un desconocido se cuela a hurtadillas en su vida para ayudarla a encontrar respuestas. Ese suceso que acabar\u00e1 conmocionando a quienes la rodean, ser\u00e1 el detonante de un cataclismo de proporciones inabarcables.<\/p>\n<p>&nbsp;<\/p>\n<p><u>Rese\u00f1as<\/u><\/p>\n<p>Una novela trepidante y conmovedora que te engancha desde el principio. Y con un final sorprendente. \u00bfQu\u00e9 m\u00e1s se puede pedir? (Fco. Mart\u00ednez Carri\u00f3n &#8211; Periodista)<\/p>\n<p>Es de las cl\u00e1sicas novelas que te dejan una gran sensaci\u00f3n de vac\u00edo cuando se acaban. Una historia contada de forma magistral y unos personajes bien perfilados que te encoger\u00e1n el coraz\u00f3n. \u00a0(Francisco Romero \u2013 Escritor)<\/p>\n","protected":false},"featured_media":98751,"comment_status":"closed","ping_status":"open","template":"","meta":{"_acf_changed":false},"libro":[],"product_brand":[],"product_cat":[16],"product_tag":[],"class_list":{"0":"post-98750","1":"product","2":"type-product","3":"status-publish","4":"has-post-thumbnail","6":"product_cat-novela","8":"first","9":"instock","10":"purchasable","11":"product-type-simple"},"acf":{"autor":[77180],"enlace_de_compra":"https:\/\/www.amazon.es\/Baile-m%C3%A1scaras-Bonifacio-Juan-Alegre\/dp\/8411443922\/"},"yoast_head":"<!-- This site is optimized with the Yoast SEO plugin v27.4 - https:\/\/yoast.com\/product\/yoast-seo-wordpress\/ -->\n<title>Baile de m\u00e1scaras - Catalogo | Letrame Grupo Editorial<\/title>\n<meta name=\"robots\" content=\"index, follow, max-snippet:-1, max-image-preview:large, max-video-preview:-1\" \/>\n<link rel=\"canonical\" href=\"https:\/\/letrame.com\/catalogo\/producto\/baile-de-mascaras\/\" \/>\n<meta property=\"og:locale\" content=\"es_ES\" \/>\n<meta property=\"og:type\" content=\"article\" \/>\n<meta property=\"og:title\" content=\"Baile de m\u00e1scaras - Catalogo | Letrame Grupo Editorial\" \/>\n<meta property=\"og:description\" content=\"ISBN: 978-84-1144-392-0 SINOPSIS \u00bfQu\u00e9 ocurri\u00f3 en aquel concierto para que la vida de Cristina saltara por los aires? Cristina, obligada por las circunstancias, acompa\u00f1a a su hija de diecisiete a\u00f1os a un concierto cuya m\u00fasica detesta. Mientras esperan a que d\u00e9 comienzo el concierto, se desata el caos y se produce un hecho tr\u00e1gico incomprensible que pone patas arriba el mundo apacible en que ella y su hija viven. Cristina lucha con u\u00f1as y dientes por despejar ese interrogante. En su incansable lucha por desentra\u00f1ar el misterio que la ahoga, un desconocido se cuela a hurtadillas en su vida para ayudarla a encontrar respuestas. Ese suceso que acabar\u00e1 conmocionando a quienes la rodean, ser\u00e1 el detonante de un cataclismo de proporciones inabarcables. &nbsp; Rese\u00f1as Una novela trepidante y conmovedora que te engancha desde el principio. Y con un final sorprendente. \u00bfQu\u00e9 m\u00e1s se puede pedir? (Fco. Mart\u00ednez Carri\u00f3n - Periodista) Es de las cl\u00e1sicas novelas que te dejan una gran sensaci\u00f3n de vac\u00edo cuando se acaban. Una historia contada de forma magistral y unos personajes bien perfilados que te encoger\u00e1n el coraz\u00f3n. \u00a0(Francisco Romero \u2013 Escritor)\" \/>\n<meta property=\"og:url\" content=\"https:\/\/letrame.com\/catalogo\/producto\/baile-de-mascaras\/\" \/>\n<meta property=\"og:site_name\" content=\"Catalogo | Letrame Grupo Editorial\" \/>\n<meta property=\"article:modified_time\" content=\"2024-04-29T13:20:43+00:00\" \/>\n<meta property=\"og:image\" content=\"https:\/\/letrame.com\/catalogo\/wp-content\/uploads\/2024\/04\/webportadabailedemascaras_2643mm-compressed.jpg\" \/>\n\t<meta property=\"og:image:width\" content=\"601\" \/>\n\t<meta property=\"og:image:height\" content=\"942\" \/>\n\t<meta property=\"og:image:type\" content=\"image\/jpeg\" \/>\n<meta name=\"twitter:card\" content=\"summary_large_image\" \/>\n<meta name=\"twitter:label1\" content=\"Tiempo de lectura\" \/>\n\t<meta name=\"twitter:data1\" content=\"1 minuto\" \/>\n<script type=\"application\/ld+json\" class=\"yoast-schema-graph\">{\"@context\":\"https:\\\/\\\/schema.org\",\"@graph\":[{\"@type\":\"WebPage\",\"@id\":\"https:\\\/\\\/letrame.com\\\/catalogo\\\/producto\\\/baile-de-mascaras\\\/\",\"url\":\"https:\\\/\\\/letrame.com\\\/catalogo\\\/producto\\\/baile-de-mascaras\\\/\",\"name\":\"Baile de m\u00e1scaras - Catalogo | Letrame Grupo Editorial\",\"isPartOf\":{\"@id\":\"https:\\\/\\\/letrame.com\\\/catalogo\\\/#website\"},\"primaryImageOfPage\":{\"@id\":\"https:\\\/\\\/letrame.com\\\/catalogo\\\/producto\\\/baile-de-mascaras\\\/#primaryimage\"},\"image\":{\"@id\":\"https:\\\/\\\/letrame.com\\\/catalogo\\\/producto\\\/baile-de-mascaras\\\/#primaryimage\"},\"thumbnailUrl\":\"https:\\\/\\\/letrame.com\\\/catalogo\\\/wp-content\\\/uploads\\\/2024\\\/04\\\/webportadabailedemascaras_2643mm-compressed.jpg\",\"datePublished\":\"2024-04-29T13:20:40+00:00\",\"dateModified\":\"2024-04-29T13:20:43+00:00\",\"breadcrumb\":{\"@id\":\"https:\\\/\\\/letrame.com\\\/catalogo\\\/producto\\\/baile-de-mascaras\\\/#breadcrumb\"},\"inLanguage\":\"es\",\"potentialAction\":[{\"@type\":\"ReadAction\",\"target\":[\"https:\\\/\\\/letrame.com\\\/catalogo\\\/producto\\\/baile-de-mascaras\\\/\"]}]},{\"@type\":\"ImageObject\",\"inLanguage\":\"es\",\"@id\":\"https:\\\/\\\/letrame.com\\\/catalogo\\\/producto\\\/baile-de-mascaras\\\/#primaryimage\",\"url\":\"https:\\\/\\\/letrame.com\\\/catalogo\\\/wp-content\\\/uploads\\\/2024\\\/04\\\/webportadabailedemascaras_2643mm-compressed.jpg\",\"contentUrl\":\"https:\\\/\\\/letrame.com\\\/catalogo\\\/wp-content\\\/uploads\\\/2024\\\/04\\\/webportadabailedemascaras_2643mm-compressed.jpg\",\"width\":601,\"height\":942},{\"@type\":\"BreadcrumbList\",\"@id\":\"https:\\\/\\\/letrame.com\\\/catalogo\\\/producto\\\/baile-de-mascaras\\\/#breadcrumb\",\"itemListElement\":[{\"@type\":\"ListItem\",\"position\":1,\"name\":\"Portada\",\"item\":\"https:\\\/\\\/letrame.com\\\/catalogo\\\/\"},{\"@type\":\"ListItem\",\"position\":2,\"name\":\"Cat\u00e1logo\",\"item\":\"https:\\\/\\\/letrame.com\\\/catalogo\\\/\"},{\"@type\":\"ListItem\",\"position\":3,\"name\":\"Baile de m\u00e1scaras\"}]},{\"@type\":\"WebSite\",\"@id\":\"https:\\\/\\\/letrame.com\\\/catalogo\\\/#website\",\"url\":\"https:\\\/\\\/letrame.com\\\/catalogo\\\/\",\"name\":\"Catalogo | Letrame Grupo Editorial\",\"description\":\"\",\"publisher\":{\"@id\":\"https:\\\/\\\/letrame.com\\\/catalogo\\\/#organization\"},\"potentialAction\":[{\"@type\":\"SearchAction\",\"target\":{\"@type\":\"EntryPoint\",\"urlTemplate\":\"https:\\\/\\\/letrame.com\\\/catalogo\\\/?s={search_term_string}\"},\"query-input\":{\"@type\":\"PropertyValueSpecification\",\"valueRequired\":true,\"valueName\":\"search_term_string\"}}],\"inLanguage\":\"es\"},{\"@type\":\"Organization\",\"@id\":\"https:\\\/\\\/letrame.com\\\/catalogo\\\/#organization\",\"name\":\"Catalogo | Letrame Grupo Editorial\",\"url\":\"https:\\\/\\\/letrame.com\\\/catalogo\\\/\",\"logo\":{\"@type\":\"ImageObject\",\"inLanguage\":\"es\",\"@id\":\"https:\\\/\\\/letrame.com\\\/catalogo\\\/#\\\/schema\\\/logo\\\/image\\\/\",\"url\":\"https:\\\/\\\/letrame.com\\\/catalogo\\\/wp-content\\\/uploads\\\/2024\\\/03\\\/logo2.webp\",\"contentUrl\":\"https:\\\/\\\/letrame.com\\\/catalogo\\\/wp-content\\\/uploads\\\/2024\\\/03\\\/logo2.webp\",\"width\":394,\"height\":128,\"caption\":\"Catalogo | Letrame Grupo Editorial\"},\"image\":{\"@id\":\"https:\\\/\\\/letrame.com\\\/catalogo\\\/#\\\/schema\\\/logo\\\/image\\\/\"}}]}<\/script>\n<!-- \/ Yoast SEO plugin. -->","yoast_head_json":{"title":"Baile de m\u00e1scaras - Catalogo | Letrame Grupo Editorial","robots":{"index":"index","follow":"follow","max-snippet":"max-snippet:-1","max-image-preview":"max-image-preview:large","max-video-preview":"max-video-preview:-1"},"canonical":"https:\/\/letrame.com\/catalogo\/producto\/baile-de-mascaras\/","og_locale":"es_ES","og_type":"article","og_title":"Baile de m\u00e1scaras - Catalogo | Letrame Grupo Editorial","og_description":"ISBN: 978-84-1144-392-0 SINOPSIS \u00bfQu\u00e9 ocurri\u00f3 en aquel concierto para que la vida de Cristina saltara por los aires? Cristina, obligada por las circunstancias, acompa\u00f1a a su hija de diecisiete a\u00f1os a un concierto cuya m\u00fasica detesta. Mientras esperan a que d\u00e9 comienzo el concierto, se desata el caos y se produce un hecho tr\u00e1gico incomprensible que pone patas arriba el mundo apacible en que ella y su hija viven. Cristina lucha con u\u00f1as y dientes por despejar ese interrogante. En su incansable lucha por desentra\u00f1ar el misterio que la ahoga, un desconocido se cuela a hurtadillas en su vida para ayudarla a encontrar respuestas. Ese suceso que acabar\u00e1 conmocionando a quienes la rodean, ser\u00e1 el detonante de un cataclismo de proporciones inabarcables. &nbsp; Rese\u00f1as Una novela trepidante y conmovedora que te engancha desde el principio. Y con un final sorprendente. \u00bfQu\u00e9 m\u00e1s se puede pedir? (Fco. Mart\u00ednez Carri\u00f3n - Periodista) Es de las cl\u00e1sicas novelas que te dejan una gran sensaci\u00f3n de vac\u00edo cuando se acaban. Una historia contada de forma magistral y unos personajes bien perfilados que te encoger\u00e1n el coraz\u00f3n. \u00a0(Francisco Romero \u2013 Escritor)","og_url":"https:\/\/letrame.com\/catalogo\/producto\/baile-de-mascaras\/","og_site_name":"Catalogo | Letrame Grupo Editorial","article_modified_time":"2024-04-29T13:20:43+00:00","og_image":[{"width":601,"height":942,"url":"https:\/\/letrame.com\/catalogo\/wp-content\/uploads\/2024\/04\/webportadabailedemascaras_2643mm-compressed.jpg","type":"image\/jpeg"}],"twitter_card":"summary_large_image","twitter_misc":{"Tiempo de lectura":"1 minuto"},"schema":{"@context":"https:\/\/schema.org","@graph":[{"@type":"WebPage","@id":"https:\/\/letrame.com\/catalogo\/producto\/baile-de-mascaras\/","url":"https:\/\/letrame.com\/catalogo\/producto\/baile-de-mascaras\/","name":"Baile de m\u00e1scaras - Catalogo | Letrame Grupo Editorial","isPartOf":{"@id":"https:\/\/letrame.com\/catalogo\/#website"},"primaryImageOfPage":{"@id":"https:\/\/letrame.com\/catalogo\/producto\/baile-de-mascaras\/#primaryimage"},"image":{"@id":"https:\/\/letrame.com\/catalogo\/producto\/baile-de-mascaras\/#primaryimage"},"thumbnailUrl":"https:\/\/letrame.com\/catalogo\/wp-content\/uploads\/2024\/04\/webportadabailedemascaras_2643mm-compressed.jpg","datePublished":"2024-04-29T13:20:40+00:00","dateModified":"2024-04-29T13:20:43+00:00","breadcrumb":{"@id":"https:\/\/letrame.com\/catalogo\/producto\/baile-de-mascaras\/#breadcrumb"},"inLanguage":"es","potentialAction":[{"@type":"ReadAction","target":["https:\/\/letrame.com\/catalogo\/producto\/baile-de-mascaras\/"]}]},{"@type":"ImageObject","inLanguage":"es","@id":"https:\/\/letrame.com\/catalogo\/producto\/baile-de-mascaras\/#primaryimage","url":"https:\/\/letrame.com\/catalogo\/wp-content\/uploads\/2024\/04\/webportadabailedemascaras_2643mm-compressed.jpg","contentUrl":"https:\/\/letrame.com\/catalogo\/wp-content\/uploads\/2024\/04\/webportadabailedemascaras_2643mm-compressed.jpg","width":601,"height":942},{"@type":"BreadcrumbList","@id":"https:\/\/letrame.com\/catalogo\/producto\/baile-de-mascaras\/#breadcrumb","itemListElement":[{"@type":"ListItem","position":1,"name":"Portada","item":"https:\/\/letrame.com\/catalogo\/"},{"@type":"ListItem","position":2,"name":"Cat\u00e1logo","item":"https:\/\/letrame.com\/catalogo\/"},{"@type":"ListItem","position":3,"name":"Baile de m\u00e1scaras"}]},{"@type":"WebSite","@id":"https:\/\/letrame.com\/catalogo\/#website","url":"https:\/\/letrame.com\/catalogo\/","name":"Catalogo | Letrame Grupo Editorial","description":"","publisher":{"@id":"https:\/\/letrame.com\/catalogo\/#organization"},"potentialAction":[{"@type":"SearchAction","target":{"@type":"EntryPoint","urlTemplate":"https:\/\/letrame.com\/catalogo\/?s={search_term_string}"},"query-input":{"@type":"PropertyValueSpecification","valueRequired":true,"valueName":"search_term_string"}}],"inLanguage":"es"},{"@type":"Organization","@id":"https:\/\/letrame.com\/catalogo\/#organization","name":"Catalogo | Letrame Grupo Editorial","url":"https:\/\/letrame.com\/catalogo\/","logo":{"@type":"ImageObject","inLanguage":"es","@id":"https:\/\/letrame.com\/catalogo\/#\/schema\/logo\/image\/","url":"https:\/\/letrame.com\/catalogo\/wp-content\/uploads\/2024\/03\/logo2.webp","contentUrl":"https:\/\/letrame.com\/catalogo\/wp-content\/uploads\/2024\/03\/logo2.webp","width":394,"height":128,"caption":"Catalogo | Letrame Grupo Editorial"},"image":{"@id":"https:\/\/letrame.com\/catalogo\/#\/schema\/logo\/image\/"}}]}},"_links":{"self":[{"href":"https:\/\/letrame.com\/catalogo\/wp-json\/wp\/v2\/product\/98750","targetHints":{"allow":["GET"]}}],"collection":[{"href":"https:\/\/letrame.com\/catalogo\/wp-json\/wp\/v2\/product"}],"about":[{"href":"https:\/\/letrame.com\/catalogo\/wp-json\/wp\/v2\/types\/product"}],"replies":[{"embeddable":true,"href":"https:\/\/letrame.com\/catalogo\/wp-json\/wp\/v2\/comments?post=98750"}],"acf:post":[{"embeddable":true,"href":"https:\/\/letrame.com\/catalogo\/wp-json\/wp\/v2\/author_book\/77180"}],"wp:featuredmedia":[{"embeddable":true,"href":"https:\/\/letrame.com\/catalogo\/wp-json\/wp\/v2\/media\/98751"}],"wp:attachment":[{"href":"https:\/\/letrame.com\/catalogo\/wp-json\/wp\/v2\/media?parent=98750"}],"wp:term":[{"taxonomy":"libro","embeddable":true,"href":"https:\/\/letrame.com\/catalogo\/wp-json\/wp\/v2\/libro?post=98750"},{"taxonomy":"product_brand","embeddable":true,"href":"https:\/\/letrame.com\/catalogo\/wp-json\/wp\/v2\/product_brand?post=98750"},{"taxonomy":"product_cat","embeddable":true,"href":"https:\/\/letrame.com\/catalogo\/wp-json\/wp\/v2\/product_cat?post=98750"},{"taxonomy":"product_tag","embeddable":true,"href":"https:\/\/letrame.com\/catalogo\/wp-json\/wp\/v2\/product_tag?post=98750"}],"curies":[{"name":"wp","href":"https:\/\/api.w.org\/{rel}","templated":true}]}}