{"id":98748,"date":"2024-04-29T15:20:40","date_gmt":"2024-04-29T13:20:40","guid":{"rendered":"https:\/\/letrame.com\/catalogo\/producto\/la-semilla-petrificada\/"},"modified":"2024-04-29T15:20:40","modified_gmt":"2024-04-29T13:20:40","slug":"la-semilla-petrificada","status":"publish","type":"product","link":"https:\/\/letrame.com\/catalogo\/producto\/la-semilla-petrificada\/","title":{"rendered":"La semilla petrificada"},"content":{"rendered":"<p><strong>ISBN<\/strong>: 978-84-1144-387-6<\/p>\n<p><strong>T\u00edtulo<\/strong>: <span data-sheets-value=\"{&quot;1&quot;:2,&quot;2&quot;:&quot;La semilla petrificada&quot;}\" data-sheets-userformat=\"{&quot;2&quot;:515,&quot;3&quot;:{&quot;1&quot;:0},&quot;4&quot;:{&quot;1&quot;:2,&quot;2&quot;:14281427},&quot;12&quot;:0}\">La semilla petrificada<\/span><br \/>\n<strong>Fecha<\/strong>: 2022<br \/>\n<strong>P\u00e1ginas<\/strong>: 44<\/p>\n<p><strong>SINOPSIS<\/strong><\/p>\n<p>Este poemario (un \u00fanico poema en tres secciones) fue elaborado a principios de los a\u00f1os noventa del siglo pasado; sin embargo, las referencias temporal, circunstancial y afectiva corresponden, en exclusiva, a la d\u00e9cada de los ochenta y a la muerte por suicidio de varios j\u00f3venes.<\/p>\n<p>La atm\u00f3sfera que vivi\u00f3 aquella juventud desgajada, inconsciente en su conciencia, era ca\u00f3tica (drogadicci\u00f3n, precariedad laboral, enfermedad), mon\u00f3tona, circular: parec\u00eda obligada por azar o\u00a0 por impulsos caprichosos a no poder \u2013incluso m\u00e1s, a no saber\u2013 dirigir sus vidas.<\/p>\n<p>El tema exclusivo del poema es reflejar, plasmar, esa atm\u00f3sfera. No trata de expresar o de explicar experiencias, sino <em>sugerir<\/em> lo que esas experiencias le <em>insin\u00faan<\/em> a la conciencia del autor. Se desarrolla el asunto mediante lenguajes que crean incertidumbres, incoherencias continuas. No hay<\/p>\n<p>brizna de romanticismo ni de apaciguamiento sentimental, pero s\u00ed posee cierto expresionismo soterrado, expresado a trav\u00e9s de s\u00edmbolos, redundancia de adjetivos \u2013con intenci\u00f3n de lograr sensaciones de agotamiento, hast\u00edo quiz\u00e1\u2013 y dispersi\u00f3n de conceptos (todo ello voluntariamente buscado).<\/p>\n<p>&nbsp;<\/p>\n<p>Despu\u00e9s de transcurridos tantos a\u00f1os, parece que aquellos j\u00f3venes jam\u00e1s existieron, que solo son<\/p>\n<p>figuras de la imaginaci\u00f3n. El tiempo los ha mitificado en la mente del autor. Aquella juventud, semilla rotunda que deb\u00eda fructificar, se quebr\u00f3, muri\u00f3: se petrific\u00f3. Alguien a\u00fan la recuerda.<\/p>\n","protected":false},"excerpt":{"rendered":"<p><strong>ISBN<\/strong>: 978-84-1144-387-6<\/p>\n<p><strong>SINOPSIS<\/strong><\/p>\n<p>Este poemario (un \u00fanico poema en tres secciones) fue elaborado a principios de los a\u00f1os noventa del siglo pasado; sin embargo, las referencias temporal, circunstancial y afectiva corresponden, en exclusiva, a la d\u00e9cada de los ochenta y a la muerte por suicidio de varios j\u00f3venes.<\/p>\n<p>La atm\u00f3sfera que vivi\u00f3 aquella juventud desgajada, inconsciente en su conciencia, era ca\u00f3tica (drogadicci\u00f3n, precariedad laboral, enfermedad), mon\u00f3tona, circular: parec\u00eda obligada por azar o\u00a0 por impulsos caprichosos a no poder \u2013incluso m\u00e1s, a no saber\u2013 dirigir sus vidas.<\/p>\n<p>El tema exclusivo del poema es reflejar, plasmar, esa atm\u00f3sfera. No trata de expresar o de explicar experiencias, sino <em>sugerir<\/em> lo que esas experiencias le <em>insin\u00faan<\/em> a la conciencia del autor. Se desarrolla el asunto mediante lenguajes que crean incertidumbres, incoherencias continuas. No hay<\/p>\n<p>brizna de romanticismo ni de apaciguamiento sentimental, pero s\u00ed posee cierto expresionismo soterrado, expresado a trav\u00e9s de s\u00edmbolos, redundancia de adjetivos \u2013con intenci\u00f3n de lograr sensaciones de agotamiento, hast\u00edo quiz\u00e1\u2013 y dispersi\u00f3n de conceptos (todo ello voluntariamente buscado).<\/p>\n<p>&nbsp;<\/p>\n<p>Despu\u00e9s de transcurridos tantos a\u00f1os, parece que aquellos j\u00f3venes jam\u00e1s existieron, que solo son<\/p>\n<p>figuras de la imaginaci\u00f3n. El tiempo los ha mitificado en la mente del autor. Aquella juventud, semilla rotunda que deb\u00eda fructificar, se quebr\u00f3, muri\u00f3: se petrific\u00f3. Alguien a\u00fan la recuerda.<\/p>\n","protected":false},"featured_media":98749,"comment_status":"closed","ping_status":"open","template":"","meta":{"_acf_changed":false},"libro":[],"product_brand":[],"product_cat":[20],"product_tag":[],"class_list":{"0":"post-98748","1":"product","2":"type-product","3":"status-publish","4":"has-post-thumbnail","6":"product_cat-poesia","8":"first","9":"instock","10":"product-type-simple"},"acf":{"autor":[77179],"enlace_de_compra":""},"yoast_head":"<!-- This site is optimized with the Yoast SEO plugin v26.6 - https:\/\/yoast.com\/wordpress\/plugins\/seo\/ -->\n<title>La semilla petrificada - Catalogo | Letrame Grupo Editorial<\/title>\n<meta name=\"robots\" content=\"index, follow, max-snippet:-1, max-image-preview:large, max-video-preview:-1\" \/>\n<link rel=\"canonical\" href=\"https:\/\/letrame.com\/catalogo\/producto\/la-semilla-petrificada\/\" \/>\n<meta property=\"og:locale\" content=\"es_ES\" \/>\n<meta property=\"og:type\" content=\"article\" \/>\n<meta property=\"og:title\" content=\"La semilla petrificada - Catalogo | Letrame Grupo Editorial\" \/>\n<meta property=\"og:description\" content=\"ISBN: 978-84-1144-387-6 SINOPSIS Este poemario (un \u00fanico poema en tres secciones) fue elaborado a principios de los a\u00f1os noventa del siglo pasado; sin embargo, las referencias temporal, circunstancial y afectiva corresponden, en exclusiva, a la d\u00e9cada de los ochenta y a la muerte por suicidio de varios j\u00f3venes. La atm\u00f3sfera que vivi\u00f3 aquella juventud desgajada, inconsciente en su conciencia, era ca\u00f3tica (drogadicci\u00f3n, precariedad laboral, enfermedad), mon\u00f3tona, circular: parec\u00eda obligada por azar o\u00a0 por impulsos caprichosos a no poder \u2013incluso m\u00e1s, a no saber\u2013 dirigir sus vidas. El tema exclusivo del poema es reflejar, plasmar, esa atm\u00f3sfera. No trata de expresar o de explicar experiencias, sino sugerir lo que esas experiencias le insin\u00faan a la conciencia del autor. Se desarrolla el asunto mediante lenguajes que crean incertidumbres, incoherencias continuas. No hay brizna de romanticismo ni de apaciguamiento sentimental, pero s\u00ed posee cierto expresionismo soterrado, expresado a trav\u00e9s de s\u00edmbolos, redundancia de adjetivos \u2013con intenci\u00f3n de lograr sensaciones de agotamiento, hast\u00edo quiz\u00e1\u2013 y dispersi\u00f3n de conceptos (todo ello voluntariamente buscado). &nbsp; Despu\u00e9s de transcurridos tantos a\u00f1os, parece que aquellos j\u00f3venes jam\u00e1s existieron, que solo son figuras de la imaginaci\u00f3n. El tiempo los ha mitificado en la mente del autor. Aquella juventud, semilla rotunda que deb\u00eda fructificar, se quebr\u00f3, muri\u00f3: se petrific\u00f3. Alguien a\u00fan la recuerda.\" \/>\n<meta property=\"og:url\" content=\"https:\/\/letrame.com\/catalogo\/producto\/la-semilla-petrificada\/\" \/>\n<meta property=\"og:site_name\" content=\"Catalogo | Letrame Grupo Editorial\" \/>\n<meta property=\"og:image\" content=\"https:\/\/letrame.com\/catalogo\/wp-content\/uploads\/2024\/04\/redportada_lasemillapetrificada_31mm-compressed.jpg\" \/>\n\t<meta property=\"og:image:width\" content=\"601\" \/>\n\t<meta property=\"og:image:height\" content=\"868\" \/>\n\t<meta property=\"og:image:type\" content=\"image\/jpeg\" \/>\n<meta name=\"twitter:card\" content=\"summary_large_image\" \/>\n<meta name=\"twitter:label1\" content=\"Tiempo de lectura\" \/>\n\t<meta name=\"twitter:data1\" content=\"1 minuto\" \/>\n<script type=\"application\/ld+json\" class=\"yoast-schema-graph\">{\"@context\":\"https:\/\/schema.org\",\"@graph\":[{\"@type\":\"WebPage\",\"@id\":\"https:\/\/letrame.com\/catalogo\/producto\/la-semilla-petrificada\/\",\"url\":\"https:\/\/letrame.com\/catalogo\/producto\/la-semilla-petrificada\/\",\"name\":\"La semilla petrificada - Catalogo | Letrame Grupo Editorial\",\"isPartOf\":{\"@id\":\"https:\/\/letrame.com\/catalogo\/#website\"},\"primaryImageOfPage\":{\"@id\":\"https:\/\/letrame.com\/catalogo\/producto\/la-semilla-petrificada\/#primaryimage\"},\"image\":{\"@id\":\"https:\/\/letrame.com\/catalogo\/producto\/la-semilla-petrificada\/#primaryimage\"},\"thumbnailUrl\":\"https:\/\/letrame.com\/catalogo\/wp-content\/uploads\/2024\/04\/redportada_lasemillapetrificada_31mm-compressed.jpg\",\"datePublished\":\"2024-04-29T13:20:40+00:00\",\"breadcrumb\":{\"@id\":\"https:\/\/letrame.com\/catalogo\/producto\/la-semilla-petrificada\/#breadcrumb\"},\"inLanguage\":\"es\",\"potentialAction\":[{\"@type\":\"ReadAction\",\"target\":[\"https:\/\/letrame.com\/catalogo\/producto\/la-semilla-petrificada\/\"]}]},{\"@type\":\"ImageObject\",\"inLanguage\":\"es\",\"@id\":\"https:\/\/letrame.com\/catalogo\/producto\/la-semilla-petrificada\/#primaryimage\",\"url\":\"https:\/\/letrame.com\/catalogo\/wp-content\/uploads\/2024\/04\/redportada_lasemillapetrificada_31mm-compressed.jpg\",\"contentUrl\":\"https:\/\/letrame.com\/catalogo\/wp-content\/uploads\/2024\/04\/redportada_lasemillapetrificada_31mm-compressed.jpg\",\"width\":601,\"height\":868},{\"@type\":\"BreadcrumbList\",\"@id\":\"https:\/\/letrame.com\/catalogo\/producto\/la-semilla-petrificada\/#breadcrumb\",\"itemListElement\":[{\"@type\":\"ListItem\",\"position\":1,\"name\":\"Portada\",\"item\":\"https:\/\/letrame.com\/catalogo\/\"},{\"@type\":\"ListItem\",\"position\":2,\"name\":\"Cat\u00e1logo\",\"item\":\"https:\/\/letrame.com\/catalogo\/\"},{\"@type\":\"ListItem\",\"position\":3,\"name\":\"La semilla petrificada\"}]},{\"@type\":\"WebSite\",\"@id\":\"https:\/\/letrame.com\/catalogo\/#website\",\"url\":\"https:\/\/letrame.com\/catalogo\/\",\"name\":\"Catalogo | Letrame Grupo Editorial\",\"description\":\"\",\"publisher\":{\"@id\":\"https:\/\/letrame.com\/catalogo\/#organization\"},\"potentialAction\":[{\"@type\":\"SearchAction\",\"target\":{\"@type\":\"EntryPoint\",\"urlTemplate\":\"https:\/\/letrame.com\/catalogo\/?s={search_term_string}\"},\"query-input\":{\"@type\":\"PropertyValueSpecification\",\"valueRequired\":true,\"valueName\":\"search_term_string\"}}],\"inLanguage\":\"es\"},{\"@type\":\"Organization\",\"@id\":\"https:\/\/letrame.com\/catalogo\/#organization\",\"name\":\"Catalogo | Letrame Grupo Editorial\",\"url\":\"https:\/\/letrame.com\/catalogo\/\",\"logo\":{\"@type\":\"ImageObject\",\"inLanguage\":\"es\",\"@id\":\"https:\/\/letrame.com\/catalogo\/#\/schema\/logo\/image\/\",\"url\":\"https:\/\/letrame.com\/catalogo\/wp-content\/uploads\/2024\/03\/logo2.webp\",\"contentUrl\":\"https:\/\/letrame.com\/catalogo\/wp-content\/uploads\/2024\/03\/logo2.webp\",\"width\":394,\"height\":128,\"caption\":\"Catalogo | Letrame Grupo Editorial\"},\"image\":{\"@id\":\"https:\/\/letrame.com\/catalogo\/#\/schema\/logo\/image\/\"}}]}<\/script>\n<!-- \/ Yoast SEO plugin. -->","yoast_head_json":{"title":"La semilla petrificada - Catalogo | Letrame Grupo Editorial","robots":{"index":"index","follow":"follow","max-snippet":"max-snippet:-1","max-image-preview":"max-image-preview:large","max-video-preview":"max-video-preview:-1"},"canonical":"https:\/\/letrame.com\/catalogo\/producto\/la-semilla-petrificada\/","og_locale":"es_ES","og_type":"article","og_title":"La semilla petrificada - Catalogo | Letrame Grupo Editorial","og_description":"ISBN: 978-84-1144-387-6 SINOPSIS Este poemario (un \u00fanico poema en tres secciones) fue elaborado a principios de los a\u00f1os noventa del siglo pasado; sin embargo, las referencias temporal, circunstancial y afectiva corresponden, en exclusiva, a la d\u00e9cada de los ochenta y a la muerte por suicidio de varios j\u00f3venes. La atm\u00f3sfera que vivi\u00f3 aquella juventud desgajada, inconsciente en su conciencia, era ca\u00f3tica (drogadicci\u00f3n, precariedad laboral, enfermedad), mon\u00f3tona, circular: parec\u00eda obligada por azar o\u00a0 por impulsos caprichosos a no poder \u2013incluso m\u00e1s, a no saber\u2013 dirigir sus vidas. El tema exclusivo del poema es reflejar, plasmar, esa atm\u00f3sfera. No trata de expresar o de explicar experiencias, sino sugerir lo que esas experiencias le insin\u00faan a la conciencia del autor. Se desarrolla el asunto mediante lenguajes que crean incertidumbres, incoherencias continuas. No hay brizna de romanticismo ni de apaciguamiento sentimental, pero s\u00ed posee cierto expresionismo soterrado, expresado a trav\u00e9s de s\u00edmbolos, redundancia de adjetivos \u2013con intenci\u00f3n de lograr sensaciones de agotamiento, hast\u00edo quiz\u00e1\u2013 y dispersi\u00f3n de conceptos (todo ello voluntariamente buscado). &nbsp; Despu\u00e9s de transcurridos tantos a\u00f1os, parece que aquellos j\u00f3venes jam\u00e1s existieron, que solo son figuras de la imaginaci\u00f3n. El tiempo los ha mitificado en la mente del autor. Aquella juventud, semilla rotunda que deb\u00eda fructificar, se quebr\u00f3, muri\u00f3: se petrific\u00f3. Alguien a\u00fan la recuerda.","og_url":"https:\/\/letrame.com\/catalogo\/producto\/la-semilla-petrificada\/","og_site_name":"Catalogo | Letrame Grupo Editorial","og_image":[{"width":601,"height":868,"url":"https:\/\/letrame.com\/catalogo\/wp-content\/uploads\/2024\/04\/redportada_lasemillapetrificada_31mm-compressed.jpg","type":"image\/jpeg"}],"twitter_card":"summary_large_image","twitter_misc":{"Tiempo de lectura":"1 minuto"},"schema":{"@context":"https:\/\/schema.org","@graph":[{"@type":"WebPage","@id":"https:\/\/letrame.com\/catalogo\/producto\/la-semilla-petrificada\/","url":"https:\/\/letrame.com\/catalogo\/producto\/la-semilla-petrificada\/","name":"La semilla petrificada - Catalogo | Letrame Grupo Editorial","isPartOf":{"@id":"https:\/\/letrame.com\/catalogo\/#website"},"primaryImageOfPage":{"@id":"https:\/\/letrame.com\/catalogo\/producto\/la-semilla-petrificada\/#primaryimage"},"image":{"@id":"https:\/\/letrame.com\/catalogo\/producto\/la-semilla-petrificada\/#primaryimage"},"thumbnailUrl":"https:\/\/letrame.com\/catalogo\/wp-content\/uploads\/2024\/04\/redportada_lasemillapetrificada_31mm-compressed.jpg","datePublished":"2024-04-29T13:20:40+00:00","breadcrumb":{"@id":"https:\/\/letrame.com\/catalogo\/producto\/la-semilla-petrificada\/#breadcrumb"},"inLanguage":"es","potentialAction":[{"@type":"ReadAction","target":["https:\/\/letrame.com\/catalogo\/producto\/la-semilla-petrificada\/"]}]},{"@type":"ImageObject","inLanguage":"es","@id":"https:\/\/letrame.com\/catalogo\/producto\/la-semilla-petrificada\/#primaryimage","url":"https:\/\/letrame.com\/catalogo\/wp-content\/uploads\/2024\/04\/redportada_lasemillapetrificada_31mm-compressed.jpg","contentUrl":"https:\/\/letrame.com\/catalogo\/wp-content\/uploads\/2024\/04\/redportada_lasemillapetrificada_31mm-compressed.jpg","width":601,"height":868},{"@type":"BreadcrumbList","@id":"https:\/\/letrame.com\/catalogo\/producto\/la-semilla-petrificada\/#breadcrumb","itemListElement":[{"@type":"ListItem","position":1,"name":"Portada","item":"https:\/\/letrame.com\/catalogo\/"},{"@type":"ListItem","position":2,"name":"Cat\u00e1logo","item":"https:\/\/letrame.com\/catalogo\/"},{"@type":"ListItem","position":3,"name":"La semilla petrificada"}]},{"@type":"WebSite","@id":"https:\/\/letrame.com\/catalogo\/#website","url":"https:\/\/letrame.com\/catalogo\/","name":"Catalogo | Letrame Grupo Editorial","description":"","publisher":{"@id":"https:\/\/letrame.com\/catalogo\/#organization"},"potentialAction":[{"@type":"SearchAction","target":{"@type":"EntryPoint","urlTemplate":"https:\/\/letrame.com\/catalogo\/?s={search_term_string}"},"query-input":{"@type":"PropertyValueSpecification","valueRequired":true,"valueName":"search_term_string"}}],"inLanguage":"es"},{"@type":"Organization","@id":"https:\/\/letrame.com\/catalogo\/#organization","name":"Catalogo | Letrame Grupo Editorial","url":"https:\/\/letrame.com\/catalogo\/","logo":{"@type":"ImageObject","inLanguage":"es","@id":"https:\/\/letrame.com\/catalogo\/#\/schema\/logo\/image\/","url":"https:\/\/letrame.com\/catalogo\/wp-content\/uploads\/2024\/03\/logo2.webp","contentUrl":"https:\/\/letrame.com\/catalogo\/wp-content\/uploads\/2024\/03\/logo2.webp","width":394,"height":128,"caption":"Catalogo | Letrame Grupo Editorial"},"image":{"@id":"https:\/\/letrame.com\/catalogo\/#\/schema\/logo\/image\/"}}]}},"_links":{"self":[{"href":"https:\/\/letrame.com\/catalogo\/wp-json\/wp\/v2\/product\/98748","targetHints":{"allow":["GET"]}}],"collection":[{"href":"https:\/\/letrame.com\/catalogo\/wp-json\/wp\/v2\/product"}],"about":[{"href":"https:\/\/letrame.com\/catalogo\/wp-json\/wp\/v2\/types\/product"}],"replies":[{"embeddable":true,"href":"https:\/\/letrame.com\/catalogo\/wp-json\/wp\/v2\/comments?post=98748"}],"acf:post":[{"embeddable":true,"href":"https:\/\/letrame.com\/catalogo\/wp-json\/wp\/v2\/author_book\/77179"}],"wp:featuredmedia":[{"embeddable":true,"href":"https:\/\/letrame.com\/catalogo\/wp-json\/wp\/v2\/media\/98749"}],"wp:attachment":[{"href":"https:\/\/letrame.com\/catalogo\/wp-json\/wp\/v2\/media?parent=98748"}],"wp:term":[{"taxonomy":"libro","embeddable":true,"href":"https:\/\/letrame.com\/catalogo\/wp-json\/wp\/v2\/libro?post=98748"},{"taxonomy":"product_brand","embeddable":true,"href":"https:\/\/letrame.com\/catalogo\/wp-json\/wp\/v2\/product_brand?post=98748"},{"taxonomy":"product_cat","embeddable":true,"href":"https:\/\/letrame.com\/catalogo\/wp-json\/wp\/v2\/product_cat?post=98748"},{"taxonomy":"product_tag","embeddable":true,"href":"https:\/\/letrame.com\/catalogo\/wp-json\/wp\/v2\/product_tag?post=98748"}],"curies":[{"name":"wp","href":"https:\/\/api.w.org\/{rel}","templated":true}]}}