{"id":98738,"date":"2024-04-29T15:20:18","date_gmt":"2024-04-29T13:20:18","guid":{"rendered":"https:\/\/letrame.com\/catalogo\/producto\/lady-eyre-diario-de-una-gorda\/"},"modified":"2024-04-29T15:20:23","modified_gmt":"2024-04-29T13:20:23","slug":"lady-eyre-diario-de-una-gorda","status":"publish","type":"product","link":"https:\/\/letrame.com\/catalogo\/producto\/lady-eyre-diario-de-una-gorda\/","title":{"rendered":"Lady Eyre: diario de una Gorda"},"content":{"rendered":"<p><strong>ISBN<\/strong>: 978-84-1144-712-6<\/p>\n<p><strong>T\u00edtulo<\/strong>: Lady Eyre: diario de una Gorda<br \/>\n<strong>Fecha<\/strong>: 2023<br \/>\n<strong>P\u00e1ginas<\/strong>: 244<\/p>\n<p><strong>SINOPSIS<\/strong><\/p>\n<p>Colecci\u00f3n de relatos que transcriben la vida de una gordita y joven Eyre que huye a Par\u00eds como una nueva delgada, escapando de su sobrepeso y persiguiendo el amor.<\/p>\n<p>Una historia escatol\u00f3gica, rom\u00e1ntica, cruda y muy divertida a cerca de las dificultades, ilusiones, aventuras y sue\u00f1os de una Eyre que se abre camino con paso firme. Una lucha constante contra un mundo que intenta definir a Eyre de una manera que no corresponde con lo que ella ve en el espejo.<\/p>\n<p>Por el diario desfilan sus padres, sus amigas, su mejor amigo eternamente enamorado de Eyre, un guap\u00edsimo actor con un ego incontrolable del que se enamora perdidamente y otros muchos personajes, en una serie de \u00a0situaciones divertid\u00edsimas.<\/p>\n<p>Entre subidas y bajadas de peso y autoestima, Eyre vive incontables aventuras que le hacen encontrarse y enamorarse de s\u00ed misma una y otra vez en Par\u00eds, Barcelona o Bilbao.<\/p>\n<p>&nbsp;<\/p>\n","protected":false},"excerpt":{"rendered":"<p><strong>ISBN<\/strong>: 978-84-1144-712-6<\/p>\n<p><strong>SINOPSIS<\/strong><\/p>\n<p>Colecci\u00f3n de relatos que transcriben la vida de una gordita y joven Eyre que huye a Par\u00eds como una nueva delgada, escapando de su sobrepeso y persiguiendo el amor.<\/p>\n<p>Una historia escatol\u00f3gica, rom\u00e1ntica, cruda y muy divertida a cerca de las dificultades, ilusiones, aventuras y sue\u00f1os de una Eyre que se abre camino con paso firme. Una lucha constante contra un mundo que intenta definir a Eyre de una manera que no corresponde con lo que ella ve en el espejo.<\/p>\n<p>Por el diario desfilan sus padres, sus amigas, su mejor amigo eternamente enamorado de Eyre, un guap\u00edsimo actor con un ego incontrolable del que se enamora perdidamente y otros muchos personajes, en una serie de \u00a0situaciones divertid\u00edsimas.<\/p>\n<p>Entre subidas y bajadas de peso y autoestima, Eyre vive incontables aventuras que le hacen encontrarse y enamorarse de s\u00ed misma una y otra vez en Par\u00eds, Barcelona o Bilbao.<\/p>\n","protected":false},"featured_media":98739,"comment_status":"closed","ping_status":"open","template":"","meta":{"_acf_changed":false},"libro":[],"product_brand":[],"product_cat":[18],"product_tag":[],"class_list":{"0":"post-98738","1":"product","2":"type-product","3":"status-publish","4":"has-post-thumbnail","6":"product_cat-autoayuda","8":"first","9":"instock","10":"product-type-simple"},"acf":{"autor":[77170],"enlace_de_compra":"https:\/\/www.amazon.es\/Lady-Eyre-diario-una-Gorda-ebook\/dp\/B092XKS6JZ\/"},"yoast_head":"<!-- This site is optimized with the Yoast SEO plugin v26.6 - https:\/\/yoast.com\/wordpress\/plugins\/seo\/ -->\n<title>Lady Eyre: diario de una Gorda - Catalogo | Letrame Grupo Editorial<\/title>\n<meta name=\"robots\" content=\"index, follow, max-snippet:-1, max-image-preview:large, max-video-preview:-1\" \/>\n<link rel=\"canonical\" href=\"https:\/\/letrame.com\/catalogo\/producto\/lady-eyre-diario-de-una-gorda\/\" \/>\n<meta property=\"og:locale\" content=\"es_ES\" \/>\n<meta property=\"og:type\" content=\"article\" \/>\n<meta property=\"og:title\" content=\"Lady Eyre: diario de una Gorda - Catalogo | Letrame Grupo Editorial\" \/>\n<meta property=\"og:description\" content=\"ISBN: 978-84-1144-712-6 SINOPSIS Colecci\u00f3n de relatos que transcriben la vida de una gordita y joven Eyre que huye a Par\u00eds como una nueva delgada, escapando de su sobrepeso y persiguiendo el amor. Una historia escatol\u00f3gica, rom\u00e1ntica, cruda y muy divertida a cerca de las dificultades, ilusiones, aventuras y sue\u00f1os de una Eyre que se abre camino con paso firme. Una lucha constante contra un mundo que intenta definir a Eyre de una manera que no corresponde con lo que ella ve en el espejo. Por el diario desfilan sus padres, sus amigas, su mejor amigo eternamente enamorado de Eyre, un guap\u00edsimo actor con un ego incontrolable del que se enamora perdidamente y otros muchos personajes, en una serie de \u00a0situaciones divertid\u00edsimas. Entre subidas y bajadas de peso y autoestima, Eyre vive incontables aventuras que le hacen encontrarse y enamorarse de s\u00ed misma una y otra vez en Par\u00eds, Barcelona o Bilbao.\" \/>\n<meta property=\"og:url\" content=\"https:\/\/letrame.com\/catalogo\/producto\/lady-eyre-diario-de-una-gorda\/\" \/>\n<meta property=\"og:site_name\" content=\"Catalogo | Letrame Grupo Editorial\" \/>\n<meta property=\"article:modified_time\" content=\"2024-04-29T13:20:23+00:00\" \/>\n<meta property=\"og:image\" content=\"https:\/\/letrame.com\/catalogo\/wp-content\/uploads\/2024\/04\/web_lady_1232mm-1.jpg\" \/>\n\t<meta property=\"og:image:width\" content=\"601\" \/>\n\t<meta property=\"og:image:height\" content=\"881\" \/>\n\t<meta property=\"og:image:type\" content=\"image\/jpeg\" \/>\n<meta name=\"twitter:card\" content=\"summary_large_image\" \/>\n<meta name=\"twitter:label1\" content=\"Tiempo de lectura\" \/>\n\t<meta name=\"twitter:data1\" content=\"1 minuto\" \/>\n<script type=\"application\/ld+json\" class=\"yoast-schema-graph\">{\"@context\":\"https:\/\/schema.org\",\"@graph\":[{\"@type\":\"WebPage\",\"@id\":\"https:\/\/letrame.com\/catalogo\/producto\/lady-eyre-diario-de-una-gorda\/\",\"url\":\"https:\/\/letrame.com\/catalogo\/producto\/lady-eyre-diario-de-una-gorda\/\",\"name\":\"Lady Eyre: diario de una Gorda - Catalogo | Letrame Grupo Editorial\",\"isPartOf\":{\"@id\":\"https:\/\/letrame.com\/catalogo\/#website\"},\"primaryImageOfPage\":{\"@id\":\"https:\/\/letrame.com\/catalogo\/producto\/lady-eyre-diario-de-una-gorda\/#primaryimage\"},\"image\":{\"@id\":\"https:\/\/letrame.com\/catalogo\/producto\/lady-eyre-diario-de-una-gorda\/#primaryimage\"},\"thumbnailUrl\":\"https:\/\/letrame.com\/catalogo\/wp-content\/uploads\/2024\/04\/web_lady_1232mm-1.jpg\",\"datePublished\":\"2024-04-29T13:20:18+00:00\",\"dateModified\":\"2024-04-29T13:20:23+00:00\",\"breadcrumb\":{\"@id\":\"https:\/\/letrame.com\/catalogo\/producto\/lady-eyre-diario-de-una-gorda\/#breadcrumb\"},\"inLanguage\":\"es\",\"potentialAction\":[{\"@type\":\"ReadAction\",\"target\":[\"https:\/\/letrame.com\/catalogo\/producto\/lady-eyre-diario-de-una-gorda\/\"]}]},{\"@type\":\"ImageObject\",\"inLanguage\":\"es\",\"@id\":\"https:\/\/letrame.com\/catalogo\/producto\/lady-eyre-diario-de-una-gorda\/#primaryimage\",\"url\":\"https:\/\/letrame.com\/catalogo\/wp-content\/uploads\/2024\/04\/web_lady_1232mm-1.jpg\",\"contentUrl\":\"https:\/\/letrame.com\/catalogo\/wp-content\/uploads\/2024\/04\/web_lady_1232mm-1.jpg\",\"width\":601,\"height\":881},{\"@type\":\"BreadcrumbList\",\"@id\":\"https:\/\/letrame.com\/catalogo\/producto\/lady-eyre-diario-de-una-gorda\/#breadcrumb\",\"itemListElement\":[{\"@type\":\"ListItem\",\"position\":1,\"name\":\"Portada\",\"item\":\"https:\/\/letrame.com\/catalogo\/\"},{\"@type\":\"ListItem\",\"position\":2,\"name\":\"Cat\u00e1logo\",\"item\":\"https:\/\/letrame.com\/catalogo\/\"},{\"@type\":\"ListItem\",\"position\":3,\"name\":\"Lady Eyre: diario de una Gorda\"}]},{\"@type\":\"WebSite\",\"@id\":\"https:\/\/letrame.com\/catalogo\/#website\",\"url\":\"https:\/\/letrame.com\/catalogo\/\",\"name\":\"Catalogo | Letrame Grupo Editorial\",\"description\":\"\",\"publisher\":{\"@id\":\"https:\/\/letrame.com\/catalogo\/#organization\"},\"potentialAction\":[{\"@type\":\"SearchAction\",\"target\":{\"@type\":\"EntryPoint\",\"urlTemplate\":\"https:\/\/letrame.com\/catalogo\/?s={search_term_string}\"},\"query-input\":{\"@type\":\"PropertyValueSpecification\",\"valueRequired\":true,\"valueName\":\"search_term_string\"}}],\"inLanguage\":\"es\"},{\"@type\":\"Organization\",\"@id\":\"https:\/\/letrame.com\/catalogo\/#organization\",\"name\":\"Catalogo | Letrame Grupo Editorial\",\"url\":\"https:\/\/letrame.com\/catalogo\/\",\"logo\":{\"@type\":\"ImageObject\",\"inLanguage\":\"es\",\"@id\":\"https:\/\/letrame.com\/catalogo\/#\/schema\/logo\/image\/\",\"url\":\"https:\/\/letrame.com\/catalogo\/wp-content\/uploads\/2024\/03\/logo2.webp\",\"contentUrl\":\"https:\/\/letrame.com\/catalogo\/wp-content\/uploads\/2024\/03\/logo2.webp\",\"width\":394,\"height\":128,\"caption\":\"Catalogo | Letrame Grupo Editorial\"},\"image\":{\"@id\":\"https:\/\/letrame.com\/catalogo\/#\/schema\/logo\/image\/\"}}]}<\/script>\n<!-- \/ Yoast SEO plugin. -->","yoast_head_json":{"title":"Lady Eyre: diario de una Gorda - Catalogo | Letrame Grupo Editorial","robots":{"index":"index","follow":"follow","max-snippet":"max-snippet:-1","max-image-preview":"max-image-preview:large","max-video-preview":"max-video-preview:-1"},"canonical":"https:\/\/letrame.com\/catalogo\/producto\/lady-eyre-diario-de-una-gorda\/","og_locale":"es_ES","og_type":"article","og_title":"Lady Eyre: diario de una Gorda - Catalogo | Letrame Grupo Editorial","og_description":"ISBN: 978-84-1144-712-6 SINOPSIS Colecci\u00f3n de relatos que transcriben la vida de una gordita y joven Eyre que huye a Par\u00eds como una nueva delgada, escapando de su sobrepeso y persiguiendo el amor. Una historia escatol\u00f3gica, rom\u00e1ntica, cruda y muy divertida a cerca de las dificultades, ilusiones, aventuras y sue\u00f1os de una Eyre que se abre camino con paso firme. Una lucha constante contra un mundo que intenta definir a Eyre de una manera que no corresponde con lo que ella ve en el espejo. Por el diario desfilan sus padres, sus amigas, su mejor amigo eternamente enamorado de Eyre, un guap\u00edsimo actor con un ego incontrolable del que se enamora perdidamente y otros muchos personajes, en una serie de \u00a0situaciones divertid\u00edsimas. Entre subidas y bajadas de peso y autoestima, Eyre vive incontables aventuras que le hacen encontrarse y enamorarse de s\u00ed misma una y otra vez en Par\u00eds, Barcelona o Bilbao.","og_url":"https:\/\/letrame.com\/catalogo\/producto\/lady-eyre-diario-de-una-gorda\/","og_site_name":"Catalogo | Letrame Grupo Editorial","article_modified_time":"2024-04-29T13:20:23+00:00","og_image":[{"width":601,"height":881,"url":"https:\/\/letrame.com\/catalogo\/wp-content\/uploads\/2024\/04\/web_lady_1232mm-1.jpg","type":"image\/jpeg"}],"twitter_card":"summary_large_image","twitter_misc":{"Tiempo de lectura":"1 minuto"},"schema":{"@context":"https:\/\/schema.org","@graph":[{"@type":"WebPage","@id":"https:\/\/letrame.com\/catalogo\/producto\/lady-eyre-diario-de-una-gorda\/","url":"https:\/\/letrame.com\/catalogo\/producto\/lady-eyre-diario-de-una-gorda\/","name":"Lady Eyre: diario de una Gorda - Catalogo | Letrame Grupo Editorial","isPartOf":{"@id":"https:\/\/letrame.com\/catalogo\/#website"},"primaryImageOfPage":{"@id":"https:\/\/letrame.com\/catalogo\/producto\/lady-eyre-diario-de-una-gorda\/#primaryimage"},"image":{"@id":"https:\/\/letrame.com\/catalogo\/producto\/lady-eyre-diario-de-una-gorda\/#primaryimage"},"thumbnailUrl":"https:\/\/letrame.com\/catalogo\/wp-content\/uploads\/2024\/04\/web_lady_1232mm-1.jpg","datePublished":"2024-04-29T13:20:18+00:00","dateModified":"2024-04-29T13:20:23+00:00","breadcrumb":{"@id":"https:\/\/letrame.com\/catalogo\/producto\/lady-eyre-diario-de-una-gorda\/#breadcrumb"},"inLanguage":"es","potentialAction":[{"@type":"ReadAction","target":["https:\/\/letrame.com\/catalogo\/producto\/lady-eyre-diario-de-una-gorda\/"]}]},{"@type":"ImageObject","inLanguage":"es","@id":"https:\/\/letrame.com\/catalogo\/producto\/lady-eyre-diario-de-una-gorda\/#primaryimage","url":"https:\/\/letrame.com\/catalogo\/wp-content\/uploads\/2024\/04\/web_lady_1232mm-1.jpg","contentUrl":"https:\/\/letrame.com\/catalogo\/wp-content\/uploads\/2024\/04\/web_lady_1232mm-1.jpg","width":601,"height":881},{"@type":"BreadcrumbList","@id":"https:\/\/letrame.com\/catalogo\/producto\/lady-eyre-diario-de-una-gorda\/#breadcrumb","itemListElement":[{"@type":"ListItem","position":1,"name":"Portada","item":"https:\/\/letrame.com\/catalogo\/"},{"@type":"ListItem","position":2,"name":"Cat\u00e1logo","item":"https:\/\/letrame.com\/catalogo\/"},{"@type":"ListItem","position":3,"name":"Lady Eyre: diario de una Gorda"}]},{"@type":"WebSite","@id":"https:\/\/letrame.com\/catalogo\/#website","url":"https:\/\/letrame.com\/catalogo\/","name":"Catalogo | Letrame Grupo Editorial","description":"","publisher":{"@id":"https:\/\/letrame.com\/catalogo\/#organization"},"potentialAction":[{"@type":"SearchAction","target":{"@type":"EntryPoint","urlTemplate":"https:\/\/letrame.com\/catalogo\/?s={search_term_string}"},"query-input":{"@type":"PropertyValueSpecification","valueRequired":true,"valueName":"search_term_string"}}],"inLanguage":"es"},{"@type":"Organization","@id":"https:\/\/letrame.com\/catalogo\/#organization","name":"Catalogo | Letrame Grupo Editorial","url":"https:\/\/letrame.com\/catalogo\/","logo":{"@type":"ImageObject","inLanguage":"es","@id":"https:\/\/letrame.com\/catalogo\/#\/schema\/logo\/image\/","url":"https:\/\/letrame.com\/catalogo\/wp-content\/uploads\/2024\/03\/logo2.webp","contentUrl":"https:\/\/letrame.com\/catalogo\/wp-content\/uploads\/2024\/03\/logo2.webp","width":394,"height":128,"caption":"Catalogo | Letrame Grupo Editorial"},"image":{"@id":"https:\/\/letrame.com\/catalogo\/#\/schema\/logo\/image\/"}}]}},"_links":{"self":[{"href":"https:\/\/letrame.com\/catalogo\/wp-json\/wp\/v2\/product\/98738","targetHints":{"allow":["GET"]}}],"collection":[{"href":"https:\/\/letrame.com\/catalogo\/wp-json\/wp\/v2\/product"}],"about":[{"href":"https:\/\/letrame.com\/catalogo\/wp-json\/wp\/v2\/types\/product"}],"replies":[{"embeddable":true,"href":"https:\/\/letrame.com\/catalogo\/wp-json\/wp\/v2\/comments?post=98738"}],"acf:post":[{"embeddable":true,"href":"https:\/\/letrame.com\/catalogo\/wp-json\/wp\/v2\/author_book\/77170"}],"wp:featuredmedia":[{"embeddable":true,"href":"https:\/\/letrame.com\/catalogo\/wp-json\/wp\/v2\/media\/98739"}],"wp:attachment":[{"href":"https:\/\/letrame.com\/catalogo\/wp-json\/wp\/v2\/media?parent=98738"}],"wp:term":[{"taxonomy":"libro","embeddable":true,"href":"https:\/\/letrame.com\/catalogo\/wp-json\/wp\/v2\/libro?post=98738"},{"taxonomy":"product_brand","embeddable":true,"href":"https:\/\/letrame.com\/catalogo\/wp-json\/wp\/v2\/product_brand?post=98738"},{"taxonomy":"product_cat","embeddable":true,"href":"https:\/\/letrame.com\/catalogo\/wp-json\/wp\/v2\/product_cat?post=98738"},{"taxonomy":"product_tag","embeddable":true,"href":"https:\/\/letrame.com\/catalogo\/wp-json\/wp\/v2\/product_tag?post=98738"}],"curies":[{"name":"wp","href":"https:\/\/api.w.org\/{rel}","templated":true}]}}