{"id":98709,"date":"2024-04-29T15:18:42","date_gmt":"2024-04-29T13:18:42","guid":{"rendered":"https:\/\/letrame.com\/catalogo\/producto\/tinta-y-cafe\/"},"modified":"2024-08-08T16:03:32","modified_gmt":"2024-08-08T14:03:32","slug":"tinta-y-cafe","status":"publish","type":"product","link":"https:\/\/letrame.com\/catalogo\/producto\/tinta-y-cafe\/","title":{"rendered":"Tinta y caf\u00e9"},"content":{"rendered":"<p><strong>ISBN<\/strong>: 978-84-1144-626-6<\/p>\n<p><strong>T\u00edtulo<\/strong>: Tinta y caf\u00e9<br \/>\n<strong>Fecha<\/strong>: 2023<br \/>\n<strong>P\u00e1ginas<\/strong>: 584<\/p>\n<p><strong>SINOPSIS<\/strong><\/p>\n<p>Tinta y caf\u00e9 recoge a trav\u00e9s de un intercambio de cartas el d\u00eda a d\u00eda de dos hermanas amantes a la escritura. En ellas cuentan sus vivencias, sus recuerdos, sus emociones, sus miedos, sus deseos\u2026 Todo expresado bajo una lluvia constante de armon\u00eda y buen humor. En sus \u00abdimes y diretes\u00bb se vislumbra, sobre todo, el gran cari\u00f1o que se tienen.<br \/>\nPiensan que sus palabras pueden ayudaros a desconectar, aunque sea moment\u00e1neamente, de la rutina, la monoton\u00eda y el quehacer cotidiano.<\/p>\n<p>\u00a1Ojal\u00e1 lo consigan!<\/p>\n<p>&nbsp;<\/p>\n","protected":false},"excerpt":{"rendered":"<p><strong>ISBN<\/strong>: 978-84-1144-626-6<\/p>\n<p><strong>SINOPSIS<\/strong><\/p>\n<p>Tinta y caf\u00e9 recoge a trav\u00e9s de un intercambio de cartas el d\u00eda a d\u00eda de dos hermanas amantes a la escritura. En ellas cuentan sus vivencias, sus recuerdos, sus emociones, sus miedos, sus deseos\u2026 Todo expresado bajo una lluvia constante de armon\u00eda y buen humor. En sus \u00abdimes y diretes\u00bb se vislumbra, sobre todo, el gran cari\u00f1o que se tienen.<br \/>\nPiensan que sus palabras pueden ayudaros a desconectar, aunque sea moment\u00e1neamente, de la rutina, la monoton\u00eda y el quehacer cotidiano.<\/p>\n<p>\u00a1Ojal\u00e1 lo consigan!<\/p>\n","protected":false},"featured_media":100451,"comment_status":"closed","ping_status":"closed","template":"","meta":{"_acf_changed":false},"libro":[],"product_brand":[],"product_cat":[26],"product_tag":[],"class_list":{"0":"post-98709","1":"product","2":"type-product","3":"status-publish","4":"has-post-thumbnail","6":"product_cat-sin-categoria","8":"first","9":"instock","10":"product-type-simple"},"acf":{"autor":[77148,104873],"enlace_de_compra":""},"yoast_head":"<!-- This site is optimized with the Yoast SEO plugin v26.6 - https:\/\/yoast.com\/wordpress\/plugins\/seo\/ -->\n<title>Tinta y caf\u00e9 - Catalogo | Letrame Grupo Editorial<\/title>\n<meta name=\"robots\" content=\"index, follow, max-snippet:-1, max-image-preview:large, max-video-preview:-1\" \/>\n<link rel=\"canonical\" href=\"https:\/\/letrame.com\/catalogo\/producto\/tinta-y-cafe\/\" \/>\n<meta property=\"og:locale\" content=\"es_ES\" \/>\n<meta property=\"og:type\" content=\"article\" \/>\n<meta property=\"og:title\" content=\"Tinta y caf\u00e9 - Catalogo | Letrame Grupo Editorial\" \/>\n<meta property=\"og:description\" content=\"ISBN: 978-84-1144-626-6  SINOPSIS  Tinta y caf\u00e9 recoge a trav\u00e9s de un intercambio de cartas el d\u00eda a d\u00eda de dos hermanas amantes a la escritura. En ellas cuentan sus vivencias, sus recuerdos, sus emociones, sus miedos, sus deseos\u2026 Todo expresado bajo una lluvia constante de armon\u00eda y buen humor. En sus \u00abdimes y diretes\u00bb se vislumbra, sobre todo, el gran cari\u00f1o que se tienen. Piensan que sus palabras pueden ayudaros a desconectar, aunque sea moment\u00e1neamente, de la rutina, la monoton\u00eda y el quehacer cotidiano.  \u00a1Ojal\u00e1 lo consigan!\" \/>\n<meta property=\"og:url\" content=\"https:\/\/letrame.com\/catalogo\/producto\/tinta-y-cafe\/\" \/>\n<meta property=\"og:site_name\" content=\"Catalogo | Letrame Grupo Editorial\" \/>\n<meta property=\"article:modified_time\" content=\"2024-08-08T14:03:32+00:00\" \/>\n<meta property=\"og:image\" content=\"https:\/\/letrame.com\/catalogo\/wp-content\/uploads\/2024\/04\/Redutintaycafe_28mm.webp\" \/>\n\t<meta property=\"og:image:width\" content=\"601\" \/>\n\t<meta property=\"og:image:height\" content=\"942\" \/>\n\t<meta property=\"og:image:type\" content=\"image\/webp\" \/>\n<meta name=\"twitter:card\" content=\"summary_large_image\" \/>\n<meta name=\"twitter:label1\" content=\"Tiempo de lectura\" \/>\n\t<meta name=\"twitter:data1\" content=\"1 minuto\" \/>\n<script type=\"application\/ld+json\" class=\"yoast-schema-graph\">{\"@context\":\"https:\/\/schema.org\",\"@graph\":[{\"@type\":\"WebPage\",\"@id\":\"https:\/\/letrame.com\/catalogo\/producto\/tinta-y-cafe\/\",\"url\":\"https:\/\/letrame.com\/catalogo\/producto\/tinta-y-cafe\/\",\"name\":\"Tinta y caf\u00e9 - Catalogo | Letrame Grupo Editorial\",\"isPartOf\":{\"@id\":\"https:\/\/letrame.com\/catalogo\/#website\"},\"primaryImageOfPage\":{\"@id\":\"https:\/\/letrame.com\/catalogo\/producto\/tinta-y-cafe\/#primaryimage\"},\"image\":{\"@id\":\"https:\/\/letrame.com\/catalogo\/producto\/tinta-y-cafe\/#primaryimage\"},\"thumbnailUrl\":\"https:\/\/letrame.com\/catalogo\/wp-content\/uploads\/2024\/04\/Redutintaycafe_28mm.webp\",\"datePublished\":\"2024-04-29T13:18:42+00:00\",\"dateModified\":\"2024-08-08T14:03:32+00:00\",\"breadcrumb\":{\"@id\":\"https:\/\/letrame.com\/catalogo\/producto\/tinta-y-cafe\/#breadcrumb\"},\"inLanguage\":\"es\",\"potentialAction\":[{\"@type\":\"ReadAction\",\"target\":[\"https:\/\/letrame.com\/catalogo\/producto\/tinta-y-cafe\/\"]}]},{\"@type\":\"ImageObject\",\"inLanguage\":\"es\",\"@id\":\"https:\/\/letrame.com\/catalogo\/producto\/tinta-y-cafe\/#primaryimage\",\"url\":\"https:\/\/letrame.com\/catalogo\/wp-content\/uploads\/2024\/04\/Redutintaycafe_28mm.webp\",\"contentUrl\":\"https:\/\/letrame.com\/catalogo\/wp-content\/uploads\/2024\/04\/Redutintaycafe_28mm.webp\",\"width\":601,\"height\":942},{\"@type\":\"BreadcrumbList\",\"@id\":\"https:\/\/letrame.com\/catalogo\/producto\/tinta-y-cafe\/#breadcrumb\",\"itemListElement\":[{\"@type\":\"ListItem\",\"position\":1,\"name\":\"Portada\",\"item\":\"https:\/\/letrame.com\/catalogo\/\"},{\"@type\":\"ListItem\",\"position\":2,\"name\":\"Cat\u00e1logo\",\"item\":\"https:\/\/letrame.com\/catalogo\/\"},{\"@type\":\"ListItem\",\"position\":3,\"name\":\"Tinta y caf\u00e9\"}]},{\"@type\":\"WebSite\",\"@id\":\"https:\/\/letrame.com\/catalogo\/#website\",\"url\":\"https:\/\/letrame.com\/catalogo\/\",\"name\":\"Catalogo | Letrame Grupo Editorial\",\"description\":\"\",\"publisher\":{\"@id\":\"https:\/\/letrame.com\/catalogo\/#organization\"},\"potentialAction\":[{\"@type\":\"SearchAction\",\"target\":{\"@type\":\"EntryPoint\",\"urlTemplate\":\"https:\/\/letrame.com\/catalogo\/?s={search_term_string}\"},\"query-input\":{\"@type\":\"PropertyValueSpecification\",\"valueRequired\":true,\"valueName\":\"search_term_string\"}}],\"inLanguage\":\"es\"},{\"@type\":\"Organization\",\"@id\":\"https:\/\/letrame.com\/catalogo\/#organization\",\"name\":\"Catalogo | Letrame Grupo Editorial\",\"url\":\"https:\/\/letrame.com\/catalogo\/\",\"logo\":{\"@type\":\"ImageObject\",\"inLanguage\":\"es\",\"@id\":\"https:\/\/letrame.com\/catalogo\/#\/schema\/logo\/image\/\",\"url\":\"https:\/\/letrame.com\/catalogo\/wp-content\/uploads\/2024\/03\/logo2.webp\",\"contentUrl\":\"https:\/\/letrame.com\/catalogo\/wp-content\/uploads\/2024\/03\/logo2.webp\",\"width\":394,\"height\":128,\"caption\":\"Catalogo | Letrame Grupo Editorial\"},\"image\":{\"@id\":\"https:\/\/letrame.com\/catalogo\/#\/schema\/logo\/image\/\"}}]}<\/script>\n<!-- \/ Yoast SEO plugin. -->","yoast_head_json":{"title":"Tinta y caf\u00e9 - Catalogo | Letrame Grupo Editorial","robots":{"index":"index","follow":"follow","max-snippet":"max-snippet:-1","max-image-preview":"max-image-preview:large","max-video-preview":"max-video-preview:-1"},"canonical":"https:\/\/letrame.com\/catalogo\/producto\/tinta-y-cafe\/","og_locale":"es_ES","og_type":"article","og_title":"Tinta y caf\u00e9 - Catalogo | Letrame Grupo Editorial","og_description":"ISBN: 978-84-1144-626-6  SINOPSIS  Tinta y caf\u00e9 recoge a trav\u00e9s de un intercambio de cartas el d\u00eda a d\u00eda de dos hermanas amantes a la escritura. En ellas cuentan sus vivencias, sus recuerdos, sus emociones, sus miedos, sus deseos\u2026 Todo expresado bajo una lluvia constante de armon\u00eda y buen humor. En sus \u00abdimes y diretes\u00bb se vislumbra, sobre todo, el gran cari\u00f1o que se tienen. Piensan que sus palabras pueden ayudaros a desconectar, aunque sea moment\u00e1neamente, de la rutina, la monoton\u00eda y el quehacer cotidiano.  \u00a1Ojal\u00e1 lo consigan!","og_url":"https:\/\/letrame.com\/catalogo\/producto\/tinta-y-cafe\/","og_site_name":"Catalogo | Letrame Grupo Editorial","article_modified_time":"2024-08-08T14:03:32+00:00","og_image":[{"width":601,"height":942,"url":"https:\/\/letrame.com\/catalogo\/wp-content\/uploads\/2024\/04\/Redutintaycafe_28mm.webp","type":"image\/webp"}],"twitter_card":"summary_large_image","twitter_misc":{"Tiempo de lectura":"1 minuto"},"schema":{"@context":"https:\/\/schema.org","@graph":[{"@type":"WebPage","@id":"https:\/\/letrame.com\/catalogo\/producto\/tinta-y-cafe\/","url":"https:\/\/letrame.com\/catalogo\/producto\/tinta-y-cafe\/","name":"Tinta y caf\u00e9 - Catalogo | Letrame Grupo Editorial","isPartOf":{"@id":"https:\/\/letrame.com\/catalogo\/#website"},"primaryImageOfPage":{"@id":"https:\/\/letrame.com\/catalogo\/producto\/tinta-y-cafe\/#primaryimage"},"image":{"@id":"https:\/\/letrame.com\/catalogo\/producto\/tinta-y-cafe\/#primaryimage"},"thumbnailUrl":"https:\/\/letrame.com\/catalogo\/wp-content\/uploads\/2024\/04\/Redutintaycafe_28mm.webp","datePublished":"2024-04-29T13:18:42+00:00","dateModified":"2024-08-08T14:03:32+00:00","breadcrumb":{"@id":"https:\/\/letrame.com\/catalogo\/producto\/tinta-y-cafe\/#breadcrumb"},"inLanguage":"es","potentialAction":[{"@type":"ReadAction","target":["https:\/\/letrame.com\/catalogo\/producto\/tinta-y-cafe\/"]}]},{"@type":"ImageObject","inLanguage":"es","@id":"https:\/\/letrame.com\/catalogo\/producto\/tinta-y-cafe\/#primaryimage","url":"https:\/\/letrame.com\/catalogo\/wp-content\/uploads\/2024\/04\/Redutintaycafe_28mm.webp","contentUrl":"https:\/\/letrame.com\/catalogo\/wp-content\/uploads\/2024\/04\/Redutintaycafe_28mm.webp","width":601,"height":942},{"@type":"BreadcrumbList","@id":"https:\/\/letrame.com\/catalogo\/producto\/tinta-y-cafe\/#breadcrumb","itemListElement":[{"@type":"ListItem","position":1,"name":"Portada","item":"https:\/\/letrame.com\/catalogo\/"},{"@type":"ListItem","position":2,"name":"Cat\u00e1logo","item":"https:\/\/letrame.com\/catalogo\/"},{"@type":"ListItem","position":3,"name":"Tinta y caf\u00e9"}]},{"@type":"WebSite","@id":"https:\/\/letrame.com\/catalogo\/#website","url":"https:\/\/letrame.com\/catalogo\/","name":"Catalogo | Letrame Grupo Editorial","description":"","publisher":{"@id":"https:\/\/letrame.com\/catalogo\/#organization"},"potentialAction":[{"@type":"SearchAction","target":{"@type":"EntryPoint","urlTemplate":"https:\/\/letrame.com\/catalogo\/?s={search_term_string}"},"query-input":{"@type":"PropertyValueSpecification","valueRequired":true,"valueName":"search_term_string"}}],"inLanguage":"es"},{"@type":"Organization","@id":"https:\/\/letrame.com\/catalogo\/#organization","name":"Catalogo | Letrame Grupo Editorial","url":"https:\/\/letrame.com\/catalogo\/","logo":{"@type":"ImageObject","inLanguage":"es","@id":"https:\/\/letrame.com\/catalogo\/#\/schema\/logo\/image\/","url":"https:\/\/letrame.com\/catalogo\/wp-content\/uploads\/2024\/03\/logo2.webp","contentUrl":"https:\/\/letrame.com\/catalogo\/wp-content\/uploads\/2024\/03\/logo2.webp","width":394,"height":128,"caption":"Catalogo | Letrame Grupo Editorial"},"image":{"@id":"https:\/\/letrame.com\/catalogo\/#\/schema\/logo\/image\/"}}]}},"_links":{"self":[{"href":"https:\/\/letrame.com\/catalogo\/wp-json\/wp\/v2\/product\/98709","targetHints":{"allow":["GET"]}}],"collection":[{"href":"https:\/\/letrame.com\/catalogo\/wp-json\/wp\/v2\/product"}],"about":[{"href":"https:\/\/letrame.com\/catalogo\/wp-json\/wp\/v2\/types\/product"}],"replies":[{"embeddable":true,"href":"https:\/\/letrame.com\/catalogo\/wp-json\/wp\/v2\/comments?post=98709"}],"acf:post":[{"embeddable":true,"href":"https:\/\/letrame.com\/catalogo\/wp-json\/wp\/v2\/author_book\/104873"},{"embeddable":true,"href":"https:\/\/letrame.com\/catalogo\/wp-json\/wp\/v2\/author_book\/77148"}],"wp:featuredmedia":[{"embeddable":true,"href":"https:\/\/letrame.com\/catalogo\/wp-json\/wp\/v2\/media\/100451"}],"wp:attachment":[{"href":"https:\/\/letrame.com\/catalogo\/wp-json\/wp\/v2\/media?parent=98709"}],"wp:term":[{"taxonomy":"libro","embeddable":true,"href":"https:\/\/letrame.com\/catalogo\/wp-json\/wp\/v2\/libro?post=98709"},{"taxonomy":"product_brand","embeddable":true,"href":"https:\/\/letrame.com\/catalogo\/wp-json\/wp\/v2\/product_brand?post=98709"},{"taxonomy":"product_cat","embeddable":true,"href":"https:\/\/letrame.com\/catalogo\/wp-json\/wp\/v2\/product_cat?post=98709"},{"taxonomy":"product_tag","embeddable":true,"href":"https:\/\/letrame.com\/catalogo\/wp-json\/wp\/v2\/product_tag?post=98709"}],"curies":[{"name":"wp","href":"https:\/\/api.w.org\/{rel}","templated":true}]}}