{"id":98704,"date":"2024-04-29T15:18:20","date_gmt":"2024-04-29T13:18:20","guid":{"rendered":"https:\/\/letrame.com\/catalogo\/producto\/sonando-la-vida\/"},"modified":"2024-08-08T16:07:22","modified_gmt":"2024-08-08T14:07:22","slug":"sonando-la-vida","status":"publish","type":"product","link":"https:\/\/letrame.com\/catalogo\/producto\/sonando-la-vida\/","title":{"rendered":"So\u00f1ando la vida"},"content":{"rendered":"<p><strong>ISBN<\/strong>: 978-84-1144-809-3<\/p>\n<p><strong>T\u00edtulo<\/strong>: So\u00f1ando la vida<br \/>\n<strong>Fecha<\/strong>: 2023<br \/>\n<strong>P\u00e1ginas<\/strong>: 114<\/p>\n<p><strong>SINOPSIS<\/strong><\/p>\n<p><span id=\"p3R_mc5\" class=\"markedContent\"><span dir=\"ltr\" role=\"presentation\"><span tabindex=\"0\">Despu\u00e9s de ir detr\u00e1s de la zanahoria durante a\u00f1os, un d\u00eda me<\/span><\/span> <span dir=\"ltr\" role=\"presentation\"><span tabindex=\"0\">di<\/span><\/span> <span dir=\"ltr\" role=\"presentation\"><span tabindex=\"0\">cuenta de que no era un burro. <\/span><\/span><\/span><\/p>\n<p><span id=\"p3R_mc6\" class=\"markedContent\"><\/span><span id=\"p3R_mc7\" class=\"markedContent\"><\/span><span id=\"p3R_mc8\" class=\"markedContent\"><span dir=\"ltr\" role=\"presentation\"><span tabindex=\"0\">SO\u00d1ANDO LA VIDA<\/span><\/span> <span dir=\"ltr\" role=\"presentation\"><span tabindex=\"0\">relata una<\/span><\/span> <span dir=\"ltr\" role=\"presentation\"><span tabindex=\"0\">historia que refleja la de miles de personas que anhelan encontrar <\/span><\/span><span dir=\"ltr\" role=\"presentation\"><span tabindex=\"0\">una vida de ensue\u00f1o y se pierden so\u00f1ando. La protagonista nos desvela sin tapujos las situaciones que <\/span><\/span><span dir=\"ltr\" role=\"presentation\"><span tabindex=\"0\">viv\u00eda buscando la felicidad en un mundo supuestamente espiritual, lleno de<\/span><\/span> <span dir=\"ltr\" role=\"presentation\"><span tabindex=\"0\">magia, libros, gur\u00fas, <\/span><\/span><span dir=\"ltr\" role=\"presentation\"><span tabindex=\"0\">cursos, promesas, y un<\/span><\/span> <span dir=\"ltr\" role=\"presentation\"><span tabindex=\"0\">sinf\u00edn de historias que la llevaron a un sue\u00f1o mayor. \u00bfD\u00f3nde est\u00e1 el l\u00edmite en <\/span><\/span><span dir=\"ltr\" role=\"presentation\"><span tabindex=\"0\">el caos de informaci\u00f3n que se vive hoy en d\u00eda? \u00bfHasta d\u00f3nde<\/span><\/span> <span dir=\"ltr\" role=\"presentation\"><span tabindex=\"0\">uno es capaz de dejarse llevar con tal <\/span><\/span><span dir=\"ltr\" role=\"presentation\"><span tabindex=\"0\">de alcanzar la felicidad o el de<\/span><\/span><span dir=\"ltr\" role=\"presentation\"><span tabindex=\"0\">spertar? Ver\u00f3nica nos cuenta cu\u00e1l fue su l\u00edmite y nos regala qu<\/span><\/span><span dir=\"ltr\" role=\"presentation\"><span tabindex=\"0\">\u00e9 <\/span><\/span><span dir=\"ltr\" role=\"presentation\"><span tabindex=\"0\">encontr\u00f3 despu\u00e9s<\/span><\/span> <span dir=\"ltr\" role=\"presentation\"><span tabindex=\"0\">con juegos y ejemplos \u00fatiles para llevar a la vida diaria de cada uno, que facilitan la <\/span><\/span><span dir=\"ltr\" role=\"presentation\"><span tabindex=\"0\">relaci\u00f3n con uno mismo y con los dem\u00e1s, descubriendo nuestra aut\u00e9ntica<\/span><\/span> <span dir=\"ltr\" role=\"presentation\"><span tabindex=\"0\">naturaleza<\/span><\/span><span dir=\"ltr\" role=\"presentation\"><span tabindex=\"0\">.<\/span><\/span><br role=\"presentation\" \/><span dir=\"ltr\" role=\"presentation\"><span tabindex=\"0\">So\u00f1ando la <\/span><\/span><span dir=\"ltr\" role=\"presentation\"><span tabindex=\"0\">VIDA<\/span><\/span> <span dir=\"ltr\" role=\"presentation\"><span tabindex=\"0\">no es un libro solo para leer, es un libro para vivir.<\/span><\/span><\/span><span id=\"p3R_mc9\" class=\"markedContent\"><\/span><span id=\"p3R_mc10\" class=\"markedContent\"><\/span><span id=\"p3R_mc11\" class=\"markedContent\"><\/span><span id=\"p3R_mc12\" class=\"markedContent\"><br role=\"presentation\" \/><\/span><\/p>\n<p style=\"text-align: center;\"><em><span id=\"p3R_mc12\" class=\"markedContent\"><span dir=\"ltr\" role=\"presentation\">Si eres muy espiritual y susceptible a las cr\u00edticas, este no es tu libro.<\/span><\/span><span id=\"p3R_mc13\" class=\"markedContent\"><\/span><span id=\"p3R_mc14\" class=\"markedContent\"><br role=\"presentation\" \/><span dir=\"ltr\" role=\"presentation\">Si est\u00e1s en crisis con la espiritualidad este puede ser tu libro.<\/span><\/span><span id=\"p3R_mc15\" class=\"markedContent\"><\/span><span id=\"p3R_mc16\" class=\"markedContent\"><br role=\"presentation\" \/><span dir=\"ltr\" role=\"presentation\">Y si no lo tienes claro, eres de las m\u00edas, una so\u00f1adora, y en el libro encontrar\u00e1s si sue\u00f1as dormida o<\/span><br role=\"presentation\" \/><span dir=\"ltr\" role=\"presentation\">despierta<\/span><\/span><\/em><\/p>\n","protected":false},"excerpt":{"rendered":"<p><strong>ISBN<\/strong>: 978-84-1144-809-3<\/p>\n<p><strong>SINOPSIS<\/strong><\/p>\n<p><span id=\"p3R_mc5\" class=\"markedContent\"><span dir=\"ltr\" role=\"presentation\"><span tabindex=\"0\">Despu\u00e9s de ir detr\u00e1s de la zanahoria durante a\u00f1os, un d\u00eda me<\/span><\/span> <span dir=\"ltr\" role=\"presentation\"><span tabindex=\"0\">di<\/span><\/span> <span dir=\"ltr\" role=\"presentation\"><span tabindex=\"0\">cuenta de que no era un burro. <\/span><\/span><\/span><\/p>\n<p><span id=\"p3R_mc6\" class=\"markedContent\"><\/span><span id=\"p3R_mc7\" class=\"markedContent\"><\/span><span id=\"p3R_mc8\" class=\"markedContent\"><span dir=\"ltr\" role=\"presentation\"><span tabindex=\"0\">SO\u00d1ANDO LA VIDA<\/span><\/span> <span dir=\"ltr\" role=\"presentation\"><span tabindex=\"0\">relata una<\/span><\/span> <span dir=\"ltr\" role=\"presentation\"><span tabindex=\"0\">historia que refleja la de miles de personas que anhelan encontrar <\/span><\/span><span dir=\"ltr\" role=\"presentation\"><span tabindex=\"0\">una vida de ensue\u00f1o y se pierden so\u00f1ando. La protagonista nos desvela sin tapujos las situaciones que <\/span><\/span><span dir=\"ltr\" role=\"presentation\"><span tabindex=\"0\">viv\u00eda buscando la felicidad en un mundo supuestamente espiritual, lleno de<\/span><\/span> <span dir=\"ltr\" role=\"presentation\"><span tabindex=\"0\">magia, libros, gur\u00fas, <\/span><\/span><span dir=\"ltr\" role=\"presentation\"><span tabindex=\"0\">cursos, promesas, y un<\/span><\/span> <span dir=\"ltr\" role=\"presentation\"><span tabindex=\"0\">sinf\u00edn de historias que la llevaron a un sue\u00f1o mayor. \u00bfD\u00f3nde est\u00e1 el l\u00edmite en <\/span><\/span><span dir=\"ltr\" role=\"presentation\"><span tabindex=\"0\">el caos de informaci\u00f3n que se vive hoy en d\u00eda? \u00bfHasta d\u00f3nde<\/span><\/span> <span dir=\"ltr\" role=\"presentation\"><span tabindex=\"0\">uno es capaz de dejarse llevar con tal <\/span><\/span><span dir=\"ltr\" role=\"presentation\"><span tabindex=\"0\">de alcanzar la felicidad o el de<\/span><\/span><span dir=\"ltr\" role=\"presentation\"><span tabindex=\"0\">spertar? Ver\u00f3nica nos cuenta cu\u00e1l fue su l\u00edmite y nos regala qu<\/span><\/span><span dir=\"ltr\" role=\"presentation\"><span tabindex=\"0\">\u00e9 <\/span><\/span><span dir=\"ltr\" role=\"presentation\"><span tabindex=\"0\">encontr\u00f3 despu\u00e9s<\/span><\/span> <span dir=\"ltr\" role=\"presentation\"><span tabindex=\"0\">con juegos y ejemplos \u00fatiles para llevar a la vida diaria de cada uno, que facilitan la <\/span><\/span><span dir=\"ltr\" role=\"presentation\"><span tabindex=\"0\">relaci\u00f3n con uno mismo y con los dem\u00e1s, descubriendo nuestra aut\u00e9ntica<\/span><\/span> <span dir=\"ltr\" role=\"presentation\"><span tabindex=\"0\">naturaleza<\/span><\/span><span dir=\"ltr\" role=\"presentation\"><span tabindex=\"0\">.<\/span><\/span><br role=\"presentation\" \/><span dir=\"ltr\" role=\"presentation\"><span tabindex=\"0\">So\u00f1ando la <\/span><\/span><span dir=\"ltr\" role=\"presentation\"><span tabindex=\"0\">VIDA<\/span><\/span> <span dir=\"ltr\" role=\"presentation\"><span tabindex=\"0\">no es un libro solo para leer, es un libro para vivir.<\/span><\/span><\/span><span id=\"p3R_mc9\" class=\"markedContent\"><\/span><span id=\"p3R_mc10\" class=\"markedContent\"><\/span><span id=\"p3R_mc11\" class=\"markedContent\"><\/span><span id=\"p3R_mc12\" class=\"markedContent\"><br role=\"presentation\" \/><\/span><\/p>\n<p style=\"text-align: center;\"><em><span id=\"p3R_mc12\" class=\"markedContent\"><span dir=\"ltr\" role=\"presentation\">Si eres muy espiritual y susceptible a las cr\u00edticas, este no es tu libro.<\/span><\/span><span id=\"p3R_mc13\" class=\"markedContent\"><\/span><span id=\"p3R_mc14\" class=\"markedContent\"><br role=\"presentation\" \/><span dir=\"ltr\" role=\"presentation\">Si est\u00e1s en crisis con la espiritualidad este puede ser tu libro.<\/span><\/span><span id=\"p3R_mc15\" class=\"markedContent\"><\/span><span id=\"p3R_mc16\" class=\"markedContent\"><br role=\"presentation\" \/><span dir=\"ltr\" role=\"presentation\">Y si no lo tienes claro, eres de las m\u00edas, una so\u00f1adora, y en el libro encontrar\u00e1s si sue\u00f1as dormida o<\/span><br role=\"presentation\" \/><span dir=\"ltr\" role=\"presentation\">despierta<\/span><\/span><\/em><\/p>\n","protected":false},"featured_media":104883,"comment_status":"closed","ping_status":"closed","template":"","meta":{"_acf_changed":false},"libro":[],"product_brand":[],"product_cat":[18],"product_tag":[],"class_list":{"0":"post-98704","1":"product","2":"type-product","3":"status-publish","4":"has-post-thumbnail","6":"product_cat-autoayuda","8":"first","9":"instock","10":"product-type-simple"},"acf":{"autor":[77143],"enlace_de_compra":"https:\/\/amzn.to\/4fQgPc3"},"yoast_head":"<!-- This site is optimized with the Yoast SEO plugin v27.4 - https:\/\/yoast.com\/product\/yoast-seo-wordpress\/ -->\n<title>So\u00f1ando la vida - Catalogo | Letrame Grupo Editorial<\/title>\n<meta name=\"robots\" content=\"index, follow, max-snippet:-1, max-image-preview:large, max-video-preview:-1\" \/>\n<link rel=\"canonical\" href=\"https:\/\/letrame.com\/catalogo\/producto\/sonando-la-vida\/\" \/>\n<meta property=\"og:locale\" content=\"es_ES\" \/>\n<meta property=\"og:type\" content=\"article\" \/>\n<meta property=\"og:title\" content=\"So\u00f1ando la vida - Catalogo | Letrame Grupo Editorial\" \/>\n<meta property=\"og:description\" content=\"ISBN: 978-84-1144-809-3  SINOPSIS  Despu\u00e9s de ir detr\u00e1s de la zanahoria durante a\u00f1os, un d\u00eda me di cuenta de que no era un burro.   SO\u00d1ANDO LA VIDA relata una historia que refleja la de miles de personas que anhelan encontrar una vida de ensue\u00f1o y se pierden so\u00f1ando. La protagonista nos desvela sin tapujos las situaciones que viv\u00eda buscando la felicidad en un mundo supuestamente espiritual, lleno de magia, libros, gur\u00fas, cursos, promesas, y un sinf\u00edn de historias que la llevaron a un sue\u00f1o mayor. \u00bfD\u00f3nde est\u00e1 el l\u00edmite en el caos de informaci\u00f3n que se vive hoy en d\u00eda? \u00bfHasta d\u00f3nde uno es capaz de dejarse llevar con tal de alcanzar la felicidad o el despertar? Ver\u00f3nica nos cuenta cu\u00e1l fue su l\u00edmite y nos regala qu\u00e9 encontr\u00f3 despu\u00e9s con juegos y ejemplos \u00fatiles para llevar a la vida diaria de cada uno, que facilitan la relaci\u00f3n con uno mismo y con los dem\u00e1s, descubriendo nuestra aut\u00e9ntica naturaleza.So\u00f1ando la VIDA no es un libro solo para leer, es un libro para vivir. Si eres muy espiritual y susceptible a las cr\u00edticas, este no es tu libro.Si est\u00e1s en crisis con la espiritualidad este puede ser tu libro.Y si no lo tienes claro, eres de las m\u00edas, una so\u00f1adora, y en el libro encontrar\u00e1s si sue\u00f1as dormida odespierta\" \/>\n<meta property=\"og:url\" content=\"https:\/\/letrame.com\/catalogo\/producto\/sonando-la-vida\/\" \/>\n<meta property=\"og:site_name\" content=\"Catalogo | Letrame Grupo Editorial\" \/>\n<meta property=\"article:modified_time\" content=\"2024-08-08T14:07:22+00:00\" \/>\n<meta property=\"og:image\" content=\"https:\/\/letrame.com\/catalogo\/wp-content\/uploads\/2024\/04\/webportadasonandolavida_633mm.jpg\" \/>\n\t<meta property=\"og:image:width\" content=\"601\" \/>\n\t<meta property=\"og:image:height\" content=\"853\" \/>\n\t<meta property=\"og:image:type\" content=\"image\/jpeg\" \/>\n<meta name=\"twitter:card\" content=\"summary_large_image\" \/>\n<meta name=\"twitter:label1\" content=\"Tiempo de lectura\" \/>\n\t<meta name=\"twitter:data1\" content=\"2 minutos\" \/>\n<script type=\"application\/ld+json\" class=\"yoast-schema-graph\">{\"@context\":\"https:\\\/\\\/schema.org\",\"@graph\":[{\"@type\":\"WebPage\",\"@id\":\"https:\\\/\\\/letrame.com\\\/catalogo\\\/producto\\\/sonando-la-vida\\\/\",\"url\":\"https:\\\/\\\/letrame.com\\\/catalogo\\\/producto\\\/sonando-la-vida\\\/\",\"name\":\"So\u00f1ando la vida - Catalogo | Letrame Grupo Editorial\",\"isPartOf\":{\"@id\":\"https:\\\/\\\/letrame.com\\\/catalogo\\\/#website\"},\"primaryImageOfPage\":{\"@id\":\"https:\\\/\\\/letrame.com\\\/catalogo\\\/producto\\\/sonando-la-vida\\\/#primaryimage\"},\"image\":{\"@id\":\"https:\\\/\\\/letrame.com\\\/catalogo\\\/producto\\\/sonando-la-vida\\\/#primaryimage\"},\"thumbnailUrl\":\"https:\\\/\\\/letrame.com\\\/catalogo\\\/wp-content\\\/uploads\\\/2024\\\/04\\\/webportadasonandolavida_633mm.jpg\",\"datePublished\":\"2024-04-29T13:18:20+00:00\",\"dateModified\":\"2024-08-08T14:07:22+00:00\",\"breadcrumb\":{\"@id\":\"https:\\\/\\\/letrame.com\\\/catalogo\\\/producto\\\/sonando-la-vida\\\/#breadcrumb\"},\"inLanguage\":\"es\",\"potentialAction\":[{\"@type\":\"ReadAction\",\"target\":[\"https:\\\/\\\/letrame.com\\\/catalogo\\\/producto\\\/sonando-la-vida\\\/\"]}]},{\"@type\":\"ImageObject\",\"inLanguage\":\"es\",\"@id\":\"https:\\\/\\\/letrame.com\\\/catalogo\\\/producto\\\/sonando-la-vida\\\/#primaryimage\",\"url\":\"https:\\\/\\\/letrame.com\\\/catalogo\\\/wp-content\\\/uploads\\\/2024\\\/04\\\/webportadasonandolavida_633mm.jpg\",\"contentUrl\":\"https:\\\/\\\/letrame.com\\\/catalogo\\\/wp-content\\\/uploads\\\/2024\\\/04\\\/webportadasonandolavida_633mm.jpg\",\"width\":601,\"height\":853},{\"@type\":\"BreadcrumbList\",\"@id\":\"https:\\\/\\\/letrame.com\\\/catalogo\\\/producto\\\/sonando-la-vida\\\/#breadcrumb\",\"itemListElement\":[{\"@type\":\"ListItem\",\"position\":1,\"name\":\"Portada\",\"item\":\"https:\\\/\\\/letrame.com\\\/catalogo\\\/\"},{\"@type\":\"ListItem\",\"position\":2,\"name\":\"Cat\u00e1logo\",\"item\":\"https:\\\/\\\/letrame.com\\\/catalogo\\\/\"},{\"@type\":\"ListItem\",\"position\":3,\"name\":\"So\u00f1ando la vida\"}]},{\"@type\":\"WebSite\",\"@id\":\"https:\\\/\\\/letrame.com\\\/catalogo\\\/#website\",\"url\":\"https:\\\/\\\/letrame.com\\\/catalogo\\\/\",\"name\":\"Catalogo | Letrame Grupo Editorial\",\"description\":\"\",\"publisher\":{\"@id\":\"https:\\\/\\\/letrame.com\\\/catalogo\\\/#organization\"},\"potentialAction\":[{\"@type\":\"SearchAction\",\"target\":{\"@type\":\"EntryPoint\",\"urlTemplate\":\"https:\\\/\\\/letrame.com\\\/catalogo\\\/?s={search_term_string}\"},\"query-input\":{\"@type\":\"PropertyValueSpecification\",\"valueRequired\":true,\"valueName\":\"search_term_string\"}}],\"inLanguage\":\"es\"},{\"@type\":\"Organization\",\"@id\":\"https:\\\/\\\/letrame.com\\\/catalogo\\\/#organization\",\"name\":\"Catalogo | Letrame Grupo Editorial\",\"url\":\"https:\\\/\\\/letrame.com\\\/catalogo\\\/\",\"logo\":{\"@type\":\"ImageObject\",\"inLanguage\":\"es\",\"@id\":\"https:\\\/\\\/letrame.com\\\/catalogo\\\/#\\\/schema\\\/logo\\\/image\\\/\",\"url\":\"https:\\\/\\\/letrame.com\\\/catalogo\\\/wp-content\\\/uploads\\\/2024\\\/03\\\/logo2.webp\",\"contentUrl\":\"https:\\\/\\\/letrame.com\\\/catalogo\\\/wp-content\\\/uploads\\\/2024\\\/03\\\/logo2.webp\",\"width\":394,\"height\":128,\"caption\":\"Catalogo | Letrame Grupo Editorial\"},\"image\":{\"@id\":\"https:\\\/\\\/letrame.com\\\/catalogo\\\/#\\\/schema\\\/logo\\\/image\\\/\"}}]}<\/script>\n<!-- \/ Yoast SEO plugin. -->","yoast_head_json":{"title":"So\u00f1ando la vida - Catalogo | Letrame Grupo Editorial","robots":{"index":"index","follow":"follow","max-snippet":"max-snippet:-1","max-image-preview":"max-image-preview:large","max-video-preview":"max-video-preview:-1"},"canonical":"https:\/\/letrame.com\/catalogo\/producto\/sonando-la-vida\/","og_locale":"es_ES","og_type":"article","og_title":"So\u00f1ando la vida - Catalogo | Letrame Grupo Editorial","og_description":"ISBN: 978-84-1144-809-3  SINOPSIS  Despu\u00e9s de ir detr\u00e1s de la zanahoria durante a\u00f1os, un d\u00eda me di cuenta de que no era un burro.   SO\u00d1ANDO LA VIDA relata una historia que refleja la de miles de personas que anhelan encontrar una vida de ensue\u00f1o y se pierden so\u00f1ando. La protagonista nos desvela sin tapujos las situaciones que viv\u00eda buscando la felicidad en un mundo supuestamente espiritual, lleno de magia, libros, gur\u00fas, cursos, promesas, y un sinf\u00edn de historias que la llevaron a un sue\u00f1o mayor. \u00bfD\u00f3nde est\u00e1 el l\u00edmite en el caos de informaci\u00f3n que se vive hoy en d\u00eda? \u00bfHasta d\u00f3nde uno es capaz de dejarse llevar con tal de alcanzar la felicidad o el despertar? Ver\u00f3nica nos cuenta cu\u00e1l fue su l\u00edmite y nos regala qu\u00e9 encontr\u00f3 despu\u00e9s con juegos y ejemplos \u00fatiles para llevar a la vida diaria de cada uno, que facilitan la relaci\u00f3n con uno mismo y con los dem\u00e1s, descubriendo nuestra aut\u00e9ntica naturaleza.So\u00f1ando la VIDA no es un libro solo para leer, es un libro para vivir. Si eres muy espiritual y susceptible a las cr\u00edticas, este no es tu libro.Si est\u00e1s en crisis con la espiritualidad este puede ser tu libro.Y si no lo tienes claro, eres de las m\u00edas, una so\u00f1adora, y en el libro encontrar\u00e1s si sue\u00f1as dormida odespierta","og_url":"https:\/\/letrame.com\/catalogo\/producto\/sonando-la-vida\/","og_site_name":"Catalogo | Letrame Grupo Editorial","article_modified_time":"2024-08-08T14:07:22+00:00","og_image":[{"width":601,"height":853,"url":"https:\/\/letrame.com\/catalogo\/wp-content\/uploads\/2024\/04\/webportadasonandolavida_633mm.jpg","type":"image\/jpeg"}],"twitter_card":"summary_large_image","twitter_misc":{"Tiempo de lectura":"2 minutos"},"schema":{"@context":"https:\/\/schema.org","@graph":[{"@type":"WebPage","@id":"https:\/\/letrame.com\/catalogo\/producto\/sonando-la-vida\/","url":"https:\/\/letrame.com\/catalogo\/producto\/sonando-la-vida\/","name":"So\u00f1ando la vida - Catalogo | Letrame Grupo Editorial","isPartOf":{"@id":"https:\/\/letrame.com\/catalogo\/#website"},"primaryImageOfPage":{"@id":"https:\/\/letrame.com\/catalogo\/producto\/sonando-la-vida\/#primaryimage"},"image":{"@id":"https:\/\/letrame.com\/catalogo\/producto\/sonando-la-vida\/#primaryimage"},"thumbnailUrl":"https:\/\/letrame.com\/catalogo\/wp-content\/uploads\/2024\/04\/webportadasonandolavida_633mm.jpg","datePublished":"2024-04-29T13:18:20+00:00","dateModified":"2024-08-08T14:07:22+00:00","breadcrumb":{"@id":"https:\/\/letrame.com\/catalogo\/producto\/sonando-la-vida\/#breadcrumb"},"inLanguage":"es","potentialAction":[{"@type":"ReadAction","target":["https:\/\/letrame.com\/catalogo\/producto\/sonando-la-vida\/"]}]},{"@type":"ImageObject","inLanguage":"es","@id":"https:\/\/letrame.com\/catalogo\/producto\/sonando-la-vida\/#primaryimage","url":"https:\/\/letrame.com\/catalogo\/wp-content\/uploads\/2024\/04\/webportadasonandolavida_633mm.jpg","contentUrl":"https:\/\/letrame.com\/catalogo\/wp-content\/uploads\/2024\/04\/webportadasonandolavida_633mm.jpg","width":601,"height":853},{"@type":"BreadcrumbList","@id":"https:\/\/letrame.com\/catalogo\/producto\/sonando-la-vida\/#breadcrumb","itemListElement":[{"@type":"ListItem","position":1,"name":"Portada","item":"https:\/\/letrame.com\/catalogo\/"},{"@type":"ListItem","position":2,"name":"Cat\u00e1logo","item":"https:\/\/letrame.com\/catalogo\/"},{"@type":"ListItem","position":3,"name":"So\u00f1ando la vida"}]},{"@type":"WebSite","@id":"https:\/\/letrame.com\/catalogo\/#website","url":"https:\/\/letrame.com\/catalogo\/","name":"Catalogo | Letrame Grupo Editorial","description":"","publisher":{"@id":"https:\/\/letrame.com\/catalogo\/#organization"},"potentialAction":[{"@type":"SearchAction","target":{"@type":"EntryPoint","urlTemplate":"https:\/\/letrame.com\/catalogo\/?s={search_term_string}"},"query-input":{"@type":"PropertyValueSpecification","valueRequired":true,"valueName":"search_term_string"}}],"inLanguage":"es"},{"@type":"Organization","@id":"https:\/\/letrame.com\/catalogo\/#organization","name":"Catalogo | Letrame Grupo Editorial","url":"https:\/\/letrame.com\/catalogo\/","logo":{"@type":"ImageObject","inLanguage":"es","@id":"https:\/\/letrame.com\/catalogo\/#\/schema\/logo\/image\/","url":"https:\/\/letrame.com\/catalogo\/wp-content\/uploads\/2024\/03\/logo2.webp","contentUrl":"https:\/\/letrame.com\/catalogo\/wp-content\/uploads\/2024\/03\/logo2.webp","width":394,"height":128,"caption":"Catalogo | Letrame Grupo Editorial"},"image":{"@id":"https:\/\/letrame.com\/catalogo\/#\/schema\/logo\/image\/"}}]}},"_links":{"self":[{"href":"https:\/\/letrame.com\/catalogo\/wp-json\/wp\/v2\/product\/98704","targetHints":{"allow":["GET"]}}],"collection":[{"href":"https:\/\/letrame.com\/catalogo\/wp-json\/wp\/v2\/product"}],"about":[{"href":"https:\/\/letrame.com\/catalogo\/wp-json\/wp\/v2\/types\/product"}],"replies":[{"embeddable":true,"href":"https:\/\/letrame.com\/catalogo\/wp-json\/wp\/v2\/comments?post=98704"}],"acf:post":[{"embeddable":true,"href":"https:\/\/letrame.com\/catalogo\/wp-json\/wp\/v2\/author_book\/77143"}],"wp:featuredmedia":[{"embeddable":true,"href":"https:\/\/letrame.com\/catalogo\/wp-json\/wp\/v2\/media\/104883"}],"wp:attachment":[{"href":"https:\/\/letrame.com\/catalogo\/wp-json\/wp\/v2\/media?parent=98704"}],"wp:term":[{"taxonomy":"libro","embeddable":true,"href":"https:\/\/letrame.com\/catalogo\/wp-json\/wp\/v2\/libro?post=98704"},{"taxonomy":"product_brand","embeddable":true,"href":"https:\/\/letrame.com\/catalogo\/wp-json\/wp\/v2\/product_brand?post=98704"},{"taxonomy":"product_cat","embeddable":true,"href":"https:\/\/letrame.com\/catalogo\/wp-json\/wp\/v2\/product_cat?post=98704"},{"taxonomy":"product_tag","embeddable":true,"href":"https:\/\/letrame.com\/catalogo\/wp-json\/wp\/v2\/product_tag?post=98704"}],"curies":[{"name":"wp","href":"https:\/\/api.w.org\/{rel}","templated":true}]}}