{"id":98700,"date":"2024-04-29T15:18:10","date_gmt":"2024-04-29T13:18:10","guid":{"rendered":"https:\/\/letrame.com\/catalogo\/producto\/raices-mudas\/"},"modified":"2024-04-29T15:18:14","modified_gmt":"2024-04-29T13:18:14","slug":"raices-mudas","status":"publish","type":"product","link":"https:\/\/letrame.com\/catalogo\/producto\/raices-mudas\/","title":{"rendered":"Ra\u00edces mudas"},"content":{"rendered":"<p><strong>ISBN<\/strong>: 978-84-1144-645-7<\/p>\n<p><strong>T\u00edtulo<\/strong>: <span data-sheets-value=\"{&quot;1&quot;:2,&quot;2&quot;:&quot;Ra\u00edces mudas&quot;}\" data-sheets-userformat=\"{&quot;2&quot;:515,&quot;3&quot;:{&quot;1&quot;:0},&quot;4&quot;:{&quot;1&quot;:2,&quot;2&quot;:14281427},&quot;12&quot;:0}\">Ra\u00edces mudas<\/span><\/p>\n<p><strong>Fecha<\/strong>: 2023<br \/>\n<strong>P\u00e1ginas<\/strong>: 228<\/p>\n<p><strong>SINOPSIS<\/strong><\/p>\n<p>La familia Montecinos se ha dedicado tradicionalmente al cultivo de la tierra. Desde que les alcanza la memoria han habitado un paisaje que, adem\u00e1s, ha sido su modo de vida.<\/p>\n<p><em>Ra\u00edces mudas<\/em> narra la historia de tres generaciones de esta familia durante las que la aparente estabilidad en la que han vivido se ver\u00e1 sacudida por los cambios de una sociedad en r\u00e1pida evoluci\u00f3n. El camino de los personajes abandonar\u00e1 la senda establecida, oblig\u00e1ndoles a transformarse en un proceso de b\u00fasqueda de la identidad propia.<\/p>\n<p>De todo esto ser\u00e1 testigo el \u00e1rbol que crece frente a la casa de los Montecinos; pues esta historia se desarrolla, casi en su totalidad, bajo su sombra. All\u00ed los personajes se re\u00fanen, discuten o sue\u00f1an tratando de amarrar un destino que, a pesar de sus esfuerzos, se rebela y escapa libre.<\/p>\n","protected":false},"excerpt":{"rendered":"<p><strong>ISBN<\/strong>: 978-84-1144-645-7<\/p>\n<p><strong>SINOPSIS<\/strong><\/p>\n<p>La familia Montecinos se ha dedicado tradicionalmente al cultivo de la tierra. Desde que les alcanza la memoria han habitado un paisaje que, adem\u00e1s, ha sido su modo de vida.<\/p>\n<p><em>Ra\u00edces mudas<\/em> narra la historia de tres generaciones de esta familia durante las que la aparente estabilidad en la que han vivido se ver\u00e1 sacudida por los cambios de una sociedad en r\u00e1pida evoluci\u00f3n. El camino de los personajes abandonar\u00e1 la senda establecida, oblig\u00e1ndoles a transformarse en un proceso de b\u00fasqueda de la identidad propia.<\/p>\n<p>De todo esto ser\u00e1 testigo el \u00e1rbol que crece frente a la casa de los Montecinos; pues esta historia se desarrolla, casi en su totalidad, bajo su sombra. All\u00ed los personajes se re\u00fanen, discuten o sue\u00f1an tratando de amarrar un destino que, a pesar de sus esfuerzos, se rebela y escapa libre.<\/p>\n","protected":false},"featured_media":98701,"comment_status":"closed","ping_status":"open","template":"","meta":{"_acf_changed":false},"libro":[],"product_brand":[],"product_cat":[26],"product_tag":[],"class_list":{"0":"post-98700","1":"product","2":"type-product","3":"status-publish","4":"has-post-thumbnail","6":"product_cat-sin-categoria","8":"first","9":"instock","10":"product-type-simple"},"acf":{"autor":[75143],"enlace_de_compra":""},"yoast_head":"<!-- This site is optimized with the Yoast SEO plugin v27.4 - https:\/\/yoast.com\/product\/yoast-seo-wordpress\/ -->\n<title>Ra\u00edces mudas - Catalogo | Letrame Grupo Editorial<\/title>\n<meta name=\"robots\" content=\"index, follow, max-snippet:-1, max-image-preview:large, max-video-preview:-1\" \/>\n<link rel=\"canonical\" href=\"https:\/\/letrame.com\/catalogo\/producto\/raices-mudas\/\" \/>\n<meta property=\"og:locale\" content=\"es_ES\" \/>\n<meta property=\"og:type\" content=\"article\" \/>\n<meta property=\"og:title\" content=\"Ra\u00edces mudas - Catalogo | Letrame Grupo Editorial\" \/>\n<meta property=\"og:description\" content=\"ISBN: 978-84-1144-645-7 SINOPSIS La familia Montecinos se ha dedicado tradicionalmente al cultivo de la tierra. Desde que les alcanza la memoria han habitado un paisaje que, adem\u00e1s, ha sido su modo de vida. Ra\u00edces mudas narra la historia de tres generaciones de esta familia durante las que la aparente estabilidad en la que han vivido se ver\u00e1 sacudida por los cambios de una sociedad en r\u00e1pida evoluci\u00f3n. El camino de los personajes abandonar\u00e1 la senda establecida, oblig\u00e1ndoles a transformarse en un proceso de b\u00fasqueda de la identidad propia. De todo esto ser\u00e1 testigo el \u00e1rbol que crece frente a la casa de los Montecinos; pues esta historia se desarrolla, casi en su totalidad, bajo su sombra. All\u00ed los personajes se re\u00fanen, discuten o sue\u00f1an tratando de amarrar un destino que, a pesar de sus esfuerzos, se rebela y escapa libre.\" \/>\n<meta property=\"og:url\" content=\"https:\/\/letrame.com\/catalogo\/producto\/raices-mudas\/\" \/>\n<meta property=\"og:site_name\" content=\"Catalogo | Letrame Grupo Editorial\" \/>\n<meta property=\"article:modified_time\" content=\"2024-04-29T13:18:14+00:00\" \/>\n<meta property=\"og:image\" content=\"https:\/\/letrame.com\/catalogo\/wp-content\/uploads\/2024\/04\/web_raicesmudas_116mm-compressed.jpg\" \/>\n\t<meta property=\"og:image:width\" content=\"601\" \/>\n\t<meta property=\"og:image:height\" content=\"881\" \/>\n\t<meta property=\"og:image:type\" content=\"image\/jpeg\" \/>\n<meta name=\"twitter:card\" content=\"summary_large_image\" \/>\n<meta name=\"twitter:label1\" content=\"Tiempo de lectura\" \/>\n\t<meta name=\"twitter:data1\" content=\"1 minuto\" \/>\n<script type=\"application\/ld+json\" class=\"yoast-schema-graph\">{\"@context\":\"https:\\\/\\\/schema.org\",\"@graph\":[{\"@type\":\"WebPage\",\"@id\":\"https:\\\/\\\/letrame.com\\\/catalogo\\\/producto\\\/raices-mudas\\\/\",\"url\":\"https:\\\/\\\/letrame.com\\\/catalogo\\\/producto\\\/raices-mudas\\\/\",\"name\":\"Ra\u00edces mudas - Catalogo | Letrame Grupo Editorial\",\"isPartOf\":{\"@id\":\"https:\\\/\\\/letrame.com\\\/catalogo\\\/#website\"},\"primaryImageOfPage\":{\"@id\":\"https:\\\/\\\/letrame.com\\\/catalogo\\\/producto\\\/raices-mudas\\\/#primaryimage\"},\"image\":{\"@id\":\"https:\\\/\\\/letrame.com\\\/catalogo\\\/producto\\\/raices-mudas\\\/#primaryimage\"},\"thumbnailUrl\":\"https:\\\/\\\/letrame.com\\\/catalogo\\\/wp-content\\\/uploads\\\/2024\\\/04\\\/web_raicesmudas_116mm-compressed.jpg\",\"datePublished\":\"2024-04-29T13:18:10+00:00\",\"dateModified\":\"2024-04-29T13:18:14+00:00\",\"breadcrumb\":{\"@id\":\"https:\\\/\\\/letrame.com\\\/catalogo\\\/producto\\\/raices-mudas\\\/#breadcrumb\"},\"inLanguage\":\"es\",\"potentialAction\":[{\"@type\":\"ReadAction\",\"target\":[\"https:\\\/\\\/letrame.com\\\/catalogo\\\/producto\\\/raices-mudas\\\/\"]}]},{\"@type\":\"ImageObject\",\"inLanguage\":\"es\",\"@id\":\"https:\\\/\\\/letrame.com\\\/catalogo\\\/producto\\\/raices-mudas\\\/#primaryimage\",\"url\":\"https:\\\/\\\/letrame.com\\\/catalogo\\\/wp-content\\\/uploads\\\/2024\\\/04\\\/web_raicesmudas_116mm-compressed.jpg\",\"contentUrl\":\"https:\\\/\\\/letrame.com\\\/catalogo\\\/wp-content\\\/uploads\\\/2024\\\/04\\\/web_raicesmudas_116mm-compressed.jpg\",\"width\":601,\"height\":881},{\"@type\":\"BreadcrumbList\",\"@id\":\"https:\\\/\\\/letrame.com\\\/catalogo\\\/producto\\\/raices-mudas\\\/#breadcrumb\",\"itemListElement\":[{\"@type\":\"ListItem\",\"position\":1,\"name\":\"Portada\",\"item\":\"https:\\\/\\\/letrame.com\\\/catalogo\\\/\"},{\"@type\":\"ListItem\",\"position\":2,\"name\":\"Cat\u00e1logo\",\"item\":\"https:\\\/\\\/letrame.com\\\/catalogo\\\/\"},{\"@type\":\"ListItem\",\"position\":3,\"name\":\"Ra\u00edces mudas\"}]},{\"@type\":\"WebSite\",\"@id\":\"https:\\\/\\\/letrame.com\\\/catalogo\\\/#website\",\"url\":\"https:\\\/\\\/letrame.com\\\/catalogo\\\/\",\"name\":\"Catalogo | Letrame Grupo Editorial\",\"description\":\"\",\"publisher\":{\"@id\":\"https:\\\/\\\/letrame.com\\\/catalogo\\\/#organization\"},\"potentialAction\":[{\"@type\":\"SearchAction\",\"target\":{\"@type\":\"EntryPoint\",\"urlTemplate\":\"https:\\\/\\\/letrame.com\\\/catalogo\\\/?s={search_term_string}\"},\"query-input\":{\"@type\":\"PropertyValueSpecification\",\"valueRequired\":true,\"valueName\":\"search_term_string\"}}],\"inLanguage\":\"es\"},{\"@type\":\"Organization\",\"@id\":\"https:\\\/\\\/letrame.com\\\/catalogo\\\/#organization\",\"name\":\"Catalogo | Letrame Grupo Editorial\",\"url\":\"https:\\\/\\\/letrame.com\\\/catalogo\\\/\",\"logo\":{\"@type\":\"ImageObject\",\"inLanguage\":\"es\",\"@id\":\"https:\\\/\\\/letrame.com\\\/catalogo\\\/#\\\/schema\\\/logo\\\/image\\\/\",\"url\":\"https:\\\/\\\/letrame.com\\\/catalogo\\\/wp-content\\\/uploads\\\/2024\\\/03\\\/logo2.webp\",\"contentUrl\":\"https:\\\/\\\/letrame.com\\\/catalogo\\\/wp-content\\\/uploads\\\/2024\\\/03\\\/logo2.webp\",\"width\":394,\"height\":128,\"caption\":\"Catalogo | Letrame Grupo Editorial\"},\"image\":{\"@id\":\"https:\\\/\\\/letrame.com\\\/catalogo\\\/#\\\/schema\\\/logo\\\/image\\\/\"}}]}<\/script>\n<!-- \/ Yoast SEO plugin. -->","yoast_head_json":{"title":"Ra\u00edces mudas - Catalogo | Letrame Grupo Editorial","robots":{"index":"index","follow":"follow","max-snippet":"max-snippet:-1","max-image-preview":"max-image-preview:large","max-video-preview":"max-video-preview:-1"},"canonical":"https:\/\/letrame.com\/catalogo\/producto\/raices-mudas\/","og_locale":"es_ES","og_type":"article","og_title":"Ra\u00edces mudas - Catalogo | Letrame Grupo Editorial","og_description":"ISBN: 978-84-1144-645-7 SINOPSIS La familia Montecinos se ha dedicado tradicionalmente al cultivo de la tierra. Desde que les alcanza la memoria han habitado un paisaje que, adem\u00e1s, ha sido su modo de vida. Ra\u00edces mudas narra la historia de tres generaciones de esta familia durante las que la aparente estabilidad en la que han vivido se ver\u00e1 sacudida por los cambios de una sociedad en r\u00e1pida evoluci\u00f3n. El camino de los personajes abandonar\u00e1 la senda establecida, oblig\u00e1ndoles a transformarse en un proceso de b\u00fasqueda de la identidad propia. De todo esto ser\u00e1 testigo el \u00e1rbol que crece frente a la casa de los Montecinos; pues esta historia se desarrolla, casi en su totalidad, bajo su sombra. All\u00ed los personajes se re\u00fanen, discuten o sue\u00f1an tratando de amarrar un destino que, a pesar de sus esfuerzos, se rebela y escapa libre.","og_url":"https:\/\/letrame.com\/catalogo\/producto\/raices-mudas\/","og_site_name":"Catalogo | Letrame Grupo Editorial","article_modified_time":"2024-04-29T13:18:14+00:00","og_image":[{"width":601,"height":881,"url":"https:\/\/letrame.com\/catalogo\/wp-content\/uploads\/2024\/04\/web_raicesmudas_116mm-compressed.jpg","type":"image\/jpeg"}],"twitter_card":"summary_large_image","twitter_misc":{"Tiempo de lectura":"1 minuto"},"schema":{"@context":"https:\/\/schema.org","@graph":[{"@type":"WebPage","@id":"https:\/\/letrame.com\/catalogo\/producto\/raices-mudas\/","url":"https:\/\/letrame.com\/catalogo\/producto\/raices-mudas\/","name":"Ra\u00edces mudas - Catalogo | Letrame Grupo Editorial","isPartOf":{"@id":"https:\/\/letrame.com\/catalogo\/#website"},"primaryImageOfPage":{"@id":"https:\/\/letrame.com\/catalogo\/producto\/raices-mudas\/#primaryimage"},"image":{"@id":"https:\/\/letrame.com\/catalogo\/producto\/raices-mudas\/#primaryimage"},"thumbnailUrl":"https:\/\/letrame.com\/catalogo\/wp-content\/uploads\/2024\/04\/web_raicesmudas_116mm-compressed.jpg","datePublished":"2024-04-29T13:18:10+00:00","dateModified":"2024-04-29T13:18:14+00:00","breadcrumb":{"@id":"https:\/\/letrame.com\/catalogo\/producto\/raices-mudas\/#breadcrumb"},"inLanguage":"es","potentialAction":[{"@type":"ReadAction","target":["https:\/\/letrame.com\/catalogo\/producto\/raices-mudas\/"]}]},{"@type":"ImageObject","inLanguage":"es","@id":"https:\/\/letrame.com\/catalogo\/producto\/raices-mudas\/#primaryimage","url":"https:\/\/letrame.com\/catalogo\/wp-content\/uploads\/2024\/04\/web_raicesmudas_116mm-compressed.jpg","contentUrl":"https:\/\/letrame.com\/catalogo\/wp-content\/uploads\/2024\/04\/web_raicesmudas_116mm-compressed.jpg","width":601,"height":881},{"@type":"BreadcrumbList","@id":"https:\/\/letrame.com\/catalogo\/producto\/raices-mudas\/#breadcrumb","itemListElement":[{"@type":"ListItem","position":1,"name":"Portada","item":"https:\/\/letrame.com\/catalogo\/"},{"@type":"ListItem","position":2,"name":"Cat\u00e1logo","item":"https:\/\/letrame.com\/catalogo\/"},{"@type":"ListItem","position":3,"name":"Ra\u00edces mudas"}]},{"@type":"WebSite","@id":"https:\/\/letrame.com\/catalogo\/#website","url":"https:\/\/letrame.com\/catalogo\/","name":"Catalogo | Letrame Grupo Editorial","description":"","publisher":{"@id":"https:\/\/letrame.com\/catalogo\/#organization"},"potentialAction":[{"@type":"SearchAction","target":{"@type":"EntryPoint","urlTemplate":"https:\/\/letrame.com\/catalogo\/?s={search_term_string}"},"query-input":{"@type":"PropertyValueSpecification","valueRequired":true,"valueName":"search_term_string"}}],"inLanguage":"es"},{"@type":"Organization","@id":"https:\/\/letrame.com\/catalogo\/#organization","name":"Catalogo | Letrame Grupo Editorial","url":"https:\/\/letrame.com\/catalogo\/","logo":{"@type":"ImageObject","inLanguage":"es","@id":"https:\/\/letrame.com\/catalogo\/#\/schema\/logo\/image\/","url":"https:\/\/letrame.com\/catalogo\/wp-content\/uploads\/2024\/03\/logo2.webp","contentUrl":"https:\/\/letrame.com\/catalogo\/wp-content\/uploads\/2024\/03\/logo2.webp","width":394,"height":128,"caption":"Catalogo | Letrame Grupo Editorial"},"image":{"@id":"https:\/\/letrame.com\/catalogo\/#\/schema\/logo\/image\/"}}]}},"_links":{"self":[{"href":"https:\/\/letrame.com\/catalogo\/wp-json\/wp\/v2\/product\/98700","targetHints":{"allow":["GET"]}}],"collection":[{"href":"https:\/\/letrame.com\/catalogo\/wp-json\/wp\/v2\/product"}],"about":[{"href":"https:\/\/letrame.com\/catalogo\/wp-json\/wp\/v2\/types\/product"}],"replies":[{"embeddable":true,"href":"https:\/\/letrame.com\/catalogo\/wp-json\/wp\/v2\/comments?post=98700"}],"acf:post":[{"embeddable":true,"href":"https:\/\/letrame.com\/catalogo\/wp-json\/wp\/v2\/author_book\/75143"}],"wp:featuredmedia":[{"embeddable":true,"href":"https:\/\/letrame.com\/catalogo\/wp-json\/wp\/v2\/media\/98701"}],"wp:attachment":[{"href":"https:\/\/letrame.com\/catalogo\/wp-json\/wp\/v2\/media?parent=98700"}],"wp:term":[{"taxonomy":"libro","embeddable":true,"href":"https:\/\/letrame.com\/catalogo\/wp-json\/wp\/v2\/libro?post=98700"},{"taxonomy":"product_brand","embeddable":true,"href":"https:\/\/letrame.com\/catalogo\/wp-json\/wp\/v2\/product_brand?post=98700"},{"taxonomy":"product_cat","embeddable":true,"href":"https:\/\/letrame.com\/catalogo\/wp-json\/wp\/v2\/product_cat?post=98700"},{"taxonomy":"product_tag","embeddable":true,"href":"https:\/\/letrame.com\/catalogo\/wp-json\/wp\/v2\/product_tag?post=98700"}],"curies":[{"name":"wp","href":"https:\/\/api.w.org\/{rel}","templated":true}]}}