{"id":98698,"date":"2024-04-29T15:18:10","date_gmt":"2024-04-29T13:18:10","guid":{"rendered":"https:\/\/letrame.com\/catalogo\/producto\/introduccion-a-ti-mismo\/"},"modified":"2024-08-08T16:10:43","modified_gmt":"2024-08-08T14:10:43","slug":"introduccion-a-ti-mismo","status":"publish","type":"product","link":"https:\/\/letrame.com\/catalogo\/producto\/introduccion-a-ti-mismo\/","title":{"rendered":"Introducci\u00f3n a ti mismo"},"content":{"rendered":"<p><strong>ISBN<\/strong>: 978-84-1144-559-7<\/p>\n<p><strong>T\u00edtulo<\/strong>: <span data-sheets-value=\"{&quot;1&quot;:2,&quot;2&quot;:&quot;Introducci\u00f3n a ti mismo&quot;}\" data-sheets-userformat=\"{&quot;2&quot;:515,&quot;3&quot;:{&quot;1&quot;:0},&quot;4&quot;:{&quot;1&quot;:2,&quot;2&quot;:14281427},&quot;12&quot;:0}\">Introducci\u00f3n a ti mismo<\/span><\/p>\n<p><strong>Fecha<\/strong>: 2022<br \/>\n<strong>P\u00e1ginas<\/strong>: 116<\/p>\n<p><strong>SINOPSIS<\/strong><\/p>\n<p>A este libro lo inician cinco cap\u00edtulos. Sirven de introducci\u00f3n en lo que de hecho es el t\u00edtulo: <em>EL CAMINO DEL QUETZALC\u00d3ATL COMO TERAPIA M\u00cdSTICA. <\/em>Es la s\u00edntesis de todo cuando s\u00e9 sobre este tema y es parte de una lucha por nuestro rescate espiritual, en breve, escrito en busca de hacer una escalera a nuestra divinidad, pues intenta sintetizar los contenidos simb\u00f3licos de la ruta m\u00edstica del Quetzalc\u00f3atl.<\/p>\n<p>&nbsp;<\/p>\n<p>En los primeros cinco cap\u00edtulos que arman esta breve introducci\u00f3n al libro se expone nuestro misterio como cultura del yo, y se proponen los s\u00edmbolos teotihuacanos, a fin de capacitarnos para manejar al ego.<\/p>\n<p>&nbsp;<\/p>\n<p>Esta cultura nos introduce en un camino practicado hace dos mil a\u00f1os en Teotihuac\u00e1n. En \u00e9l se nos revelan s\u00edmbolos que nos invitan a conocer el misterio de nuestra verdad interior, orient\u00e1ndonos con propuestas de acci\u00f3n mental, que nos llevan a seguir rutas para dar un sentido a la vida.<\/p>\n<p>&nbsp;<\/p>\n<p>Este es un m\u00e9todo de b\u00fasqueda de s\u00ed, construyendo el yo, entre el ego y el S\u00ed Mismo, S\u00faper Yo o Tao.<\/p>\n","protected":false},"excerpt":{"rendered":"<p><strong>ISBN<\/strong>: 978-84-1144-559-7<\/p>\n<p><strong>SINOPSIS<\/strong><\/p>\n<p>A este libro lo inician cinco cap\u00edtulos. Sirven de introducci\u00f3n en lo que de hecho es el t\u00edtulo: <em>EL CAMINO DEL QUETZALC\u00d3ATL COMO TERAPIA M\u00cdSTICA. <\/em>Es la s\u00edntesis de todo cuando s\u00e9 sobre este tema y es parte de una lucha por nuestro rescate espiritual, en breve, escrito en busca de hacer una escalera a nuestra divinidad, pues intenta sintetizar los contenidos simb\u00f3licos de la ruta m\u00edstica del Quetzalc\u00f3atl.<\/p>\n<p>&nbsp;<\/p>\n<p>En los primeros cinco cap\u00edtulos que arman esta breve introducci\u00f3n al libro se expone nuestro misterio como cultura del yo, y se proponen los s\u00edmbolos teotihuacanos, a fin de capacitarnos para manejar al ego.<\/p>\n<p>&nbsp;<\/p>\n<p>Esta cultura nos introduce en un camino practicado hace dos mil a\u00f1os en Teotihuac\u00e1n. En \u00e9l se nos revelan s\u00edmbolos que nos invitan a conocer el misterio de nuestra verdad interior, orient\u00e1ndonos con propuestas de acci\u00f3n mental, que nos llevan a seguir rutas para dar un sentido a la vida.<\/p>\n<p>&nbsp;<\/p>\n<p>Este es un m\u00e9todo de b\u00fasqueda de s\u00ed, construyendo el yo, entre el ego y el S\u00ed Mismo, S\u00faper Yo o Tao.<\/p>\n","protected":false},"featured_media":98699,"comment_status":"closed","ping_status":"closed","template":"","meta":{"_acf_changed":false},"libro":[],"product_brand":[],"product_cat":[26],"product_tag":[],"class_list":{"0":"post-98698","1":"product","2":"type-product","3":"status-publish","4":"has-post-thumbnail","6":"product_cat-sin-categoria","8":"first","9":"instock","10":"product-type-simple"},"acf":{"autor":[77138],"enlace_de_compra":"https:\/\/amzn.to\/3WBMtkG"},"yoast_head":"<!-- This site is optimized with the Yoast SEO plugin v26.6 - https:\/\/yoast.com\/wordpress\/plugins\/seo\/ -->\n<title>Introducci\u00f3n a ti mismo - Catalogo | Letrame Grupo Editorial<\/title>\n<meta name=\"robots\" content=\"index, follow, max-snippet:-1, max-image-preview:large, max-video-preview:-1\" \/>\n<link rel=\"canonical\" href=\"https:\/\/letrame.com\/catalogo\/producto\/introduccion-a-ti-mismo\/\" \/>\n<meta property=\"og:locale\" content=\"es_ES\" \/>\n<meta property=\"og:type\" content=\"article\" \/>\n<meta property=\"og:title\" content=\"Introducci\u00f3n a ti mismo - Catalogo | Letrame Grupo Editorial\" \/>\n<meta property=\"og:description\" content=\"ISBN: 978-84-1144-559-7  SINOPSIS  A este libro lo inician cinco cap\u00edtulos. Sirven de introducci\u00f3n en lo que de hecho es el t\u00edtulo: EL CAMINO DEL QUETZALC\u00d3ATL COMO TERAPIA M\u00cdSTICA. Es la s\u00edntesis de todo cuando s\u00e9 sobre este tema y es parte de una lucha por nuestro rescate espiritual, en breve, escrito en busca de hacer una escalera a nuestra divinidad, pues intenta sintetizar los contenidos simb\u00f3licos de la ruta m\u00edstica del Quetzalc\u00f3atl.  &nbsp;  En los primeros cinco cap\u00edtulos que arman esta breve introducci\u00f3n al libro se expone nuestro misterio como cultura del yo, y se proponen los s\u00edmbolos teotihuacanos, a fin de capacitarnos para manejar al ego.  &nbsp;  Esta cultura nos introduce en un camino practicado hace dos mil a\u00f1os en Teotihuac\u00e1n. En \u00e9l se nos revelan s\u00edmbolos que nos invitan a conocer el misterio de nuestra verdad interior, orient\u00e1ndonos con propuestas de acci\u00f3n mental, que nos llevan a seguir rutas para dar un sentido a la vida.  &nbsp;  Este es un m\u00e9todo de b\u00fasqueda de s\u00ed, construyendo el yo, entre el ego y el S\u00ed Mismo, S\u00faper Yo o Tao.\" \/>\n<meta property=\"og:url\" content=\"https:\/\/letrame.com\/catalogo\/producto\/introduccion-a-ti-mismo\/\" \/>\n<meta property=\"og:site_name\" content=\"Catalogo | Letrame Grupo Editorial\" \/>\n<meta property=\"article:modified_time\" content=\"2024-08-08T14:10:43+00:00\" \/>\n<meta property=\"og:image\" content=\"https:\/\/letrame.com\/catalogo\/wp-content\/uploads\/2024\/04\/reduportadaintroduccionatimismo_642mm-compressed.jpg\" \/>\n\t<meta property=\"og:image:width\" content=\"609\" \/>\n\t<meta property=\"og:image:height\" content=\"893\" \/>\n\t<meta property=\"og:image:type\" content=\"image\/jpeg\" \/>\n<meta name=\"twitter:card\" content=\"summary_large_image\" \/>\n<meta name=\"twitter:label1\" content=\"Tiempo de lectura\" \/>\n\t<meta name=\"twitter:data1\" content=\"2 minutos\" \/>\n<script type=\"application\/ld+json\" class=\"yoast-schema-graph\">{\"@context\":\"https:\/\/schema.org\",\"@graph\":[{\"@type\":\"WebPage\",\"@id\":\"https:\/\/letrame.com\/catalogo\/producto\/introduccion-a-ti-mismo\/\",\"url\":\"https:\/\/letrame.com\/catalogo\/producto\/introduccion-a-ti-mismo\/\",\"name\":\"Introducci\u00f3n a ti mismo - Catalogo | Letrame Grupo Editorial\",\"isPartOf\":{\"@id\":\"https:\/\/letrame.com\/catalogo\/#website\"},\"primaryImageOfPage\":{\"@id\":\"https:\/\/letrame.com\/catalogo\/producto\/introduccion-a-ti-mismo\/#primaryimage\"},\"image\":{\"@id\":\"https:\/\/letrame.com\/catalogo\/producto\/introduccion-a-ti-mismo\/#primaryimage\"},\"thumbnailUrl\":\"https:\/\/letrame.com\/catalogo\/wp-content\/uploads\/2024\/04\/reduportadaintroduccionatimismo_642mm-compressed.jpg\",\"datePublished\":\"2024-04-29T13:18:10+00:00\",\"dateModified\":\"2024-08-08T14:10:43+00:00\",\"breadcrumb\":{\"@id\":\"https:\/\/letrame.com\/catalogo\/producto\/introduccion-a-ti-mismo\/#breadcrumb\"},\"inLanguage\":\"es\",\"potentialAction\":[{\"@type\":\"ReadAction\",\"target\":[\"https:\/\/letrame.com\/catalogo\/producto\/introduccion-a-ti-mismo\/\"]}]},{\"@type\":\"ImageObject\",\"inLanguage\":\"es\",\"@id\":\"https:\/\/letrame.com\/catalogo\/producto\/introduccion-a-ti-mismo\/#primaryimage\",\"url\":\"https:\/\/letrame.com\/catalogo\/wp-content\/uploads\/2024\/04\/reduportadaintroduccionatimismo_642mm-compressed.jpg\",\"contentUrl\":\"https:\/\/letrame.com\/catalogo\/wp-content\/uploads\/2024\/04\/reduportadaintroduccionatimismo_642mm-compressed.jpg\",\"width\":609,\"height\":893},{\"@type\":\"BreadcrumbList\",\"@id\":\"https:\/\/letrame.com\/catalogo\/producto\/introduccion-a-ti-mismo\/#breadcrumb\",\"itemListElement\":[{\"@type\":\"ListItem\",\"position\":1,\"name\":\"Portada\",\"item\":\"https:\/\/letrame.com\/catalogo\/\"},{\"@type\":\"ListItem\",\"position\":2,\"name\":\"Cat\u00e1logo\",\"item\":\"https:\/\/letrame.com\/catalogo\/\"},{\"@type\":\"ListItem\",\"position\":3,\"name\":\"Introducci\u00f3n a ti mismo\"}]},{\"@type\":\"WebSite\",\"@id\":\"https:\/\/letrame.com\/catalogo\/#website\",\"url\":\"https:\/\/letrame.com\/catalogo\/\",\"name\":\"Catalogo | Letrame Grupo Editorial\",\"description\":\"\",\"publisher\":{\"@id\":\"https:\/\/letrame.com\/catalogo\/#organization\"},\"potentialAction\":[{\"@type\":\"SearchAction\",\"target\":{\"@type\":\"EntryPoint\",\"urlTemplate\":\"https:\/\/letrame.com\/catalogo\/?s={search_term_string}\"},\"query-input\":{\"@type\":\"PropertyValueSpecification\",\"valueRequired\":true,\"valueName\":\"search_term_string\"}}],\"inLanguage\":\"es\"},{\"@type\":\"Organization\",\"@id\":\"https:\/\/letrame.com\/catalogo\/#organization\",\"name\":\"Catalogo | Letrame Grupo Editorial\",\"url\":\"https:\/\/letrame.com\/catalogo\/\",\"logo\":{\"@type\":\"ImageObject\",\"inLanguage\":\"es\",\"@id\":\"https:\/\/letrame.com\/catalogo\/#\/schema\/logo\/image\/\",\"url\":\"https:\/\/letrame.com\/catalogo\/wp-content\/uploads\/2024\/03\/logo2.webp\",\"contentUrl\":\"https:\/\/letrame.com\/catalogo\/wp-content\/uploads\/2024\/03\/logo2.webp\",\"width\":394,\"height\":128,\"caption\":\"Catalogo | Letrame Grupo Editorial\"},\"image\":{\"@id\":\"https:\/\/letrame.com\/catalogo\/#\/schema\/logo\/image\/\"}}]}<\/script>\n<!-- \/ Yoast SEO plugin. -->","yoast_head_json":{"title":"Introducci\u00f3n a ti mismo - Catalogo | Letrame Grupo Editorial","robots":{"index":"index","follow":"follow","max-snippet":"max-snippet:-1","max-image-preview":"max-image-preview:large","max-video-preview":"max-video-preview:-1"},"canonical":"https:\/\/letrame.com\/catalogo\/producto\/introduccion-a-ti-mismo\/","og_locale":"es_ES","og_type":"article","og_title":"Introducci\u00f3n a ti mismo - Catalogo | Letrame Grupo Editorial","og_description":"ISBN: 978-84-1144-559-7  SINOPSIS  A este libro lo inician cinco cap\u00edtulos. Sirven de introducci\u00f3n en lo que de hecho es el t\u00edtulo: EL CAMINO DEL QUETZALC\u00d3ATL COMO TERAPIA M\u00cdSTICA. Es la s\u00edntesis de todo cuando s\u00e9 sobre este tema y es parte de una lucha por nuestro rescate espiritual, en breve, escrito en busca de hacer una escalera a nuestra divinidad, pues intenta sintetizar los contenidos simb\u00f3licos de la ruta m\u00edstica del Quetzalc\u00f3atl.  &nbsp;  En los primeros cinco cap\u00edtulos que arman esta breve introducci\u00f3n al libro se expone nuestro misterio como cultura del yo, y se proponen los s\u00edmbolos teotihuacanos, a fin de capacitarnos para manejar al ego.  &nbsp;  Esta cultura nos introduce en un camino practicado hace dos mil a\u00f1os en Teotihuac\u00e1n. En \u00e9l se nos revelan s\u00edmbolos que nos invitan a conocer el misterio de nuestra verdad interior, orient\u00e1ndonos con propuestas de acci\u00f3n mental, que nos llevan a seguir rutas para dar un sentido a la vida.  &nbsp;  Este es un m\u00e9todo de b\u00fasqueda de s\u00ed, construyendo el yo, entre el ego y el S\u00ed Mismo, S\u00faper Yo o Tao.","og_url":"https:\/\/letrame.com\/catalogo\/producto\/introduccion-a-ti-mismo\/","og_site_name":"Catalogo | Letrame Grupo Editorial","article_modified_time":"2024-08-08T14:10:43+00:00","og_image":[{"width":609,"height":893,"url":"https:\/\/letrame.com\/catalogo\/wp-content\/uploads\/2024\/04\/reduportadaintroduccionatimismo_642mm-compressed.jpg","type":"image\/jpeg"}],"twitter_card":"summary_large_image","twitter_misc":{"Tiempo de lectura":"2 minutos"},"schema":{"@context":"https:\/\/schema.org","@graph":[{"@type":"WebPage","@id":"https:\/\/letrame.com\/catalogo\/producto\/introduccion-a-ti-mismo\/","url":"https:\/\/letrame.com\/catalogo\/producto\/introduccion-a-ti-mismo\/","name":"Introducci\u00f3n a ti mismo - Catalogo | Letrame Grupo Editorial","isPartOf":{"@id":"https:\/\/letrame.com\/catalogo\/#website"},"primaryImageOfPage":{"@id":"https:\/\/letrame.com\/catalogo\/producto\/introduccion-a-ti-mismo\/#primaryimage"},"image":{"@id":"https:\/\/letrame.com\/catalogo\/producto\/introduccion-a-ti-mismo\/#primaryimage"},"thumbnailUrl":"https:\/\/letrame.com\/catalogo\/wp-content\/uploads\/2024\/04\/reduportadaintroduccionatimismo_642mm-compressed.jpg","datePublished":"2024-04-29T13:18:10+00:00","dateModified":"2024-08-08T14:10:43+00:00","breadcrumb":{"@id":"https:\/\/letrame.com\/catalogo\/producto\/introduccion-a-ti-mismo\/#breadcrumb"},"inLanguage":"es","potentialAction":[{"@type":"ReadAction","target":["https:\/\/letrame.com\/catalogo\/producto\/introduccion-a-ti-mismo\/"]}]},{"@type":"ImageObject","inLanguage":"es","@id":"https:\/\/letrame.com\/catalogo\/producto\/introduccion-a-ti-mismo\/#primaryimage","url":"https:\/\/letrame.com\/catalogo\/wp-content\/uploads\/2024\/04\/reduportadaintroduccionatimismo_642mm-compressed.jpg","contentUrl":"https:\/\/letrame.com\/catalogo\/wp-content\/uploads\/2024\/04\/reduportadaintroduccionatimismo_642mm-compressed.jpg","width":609,"height":893},{"@type":"BreadcrumbList","@id":"https:\/\/letrame.com\/catalogo\/producto\/introduccion-a-ti-mismo\/#breadcrumb","itemListElement":[{"@type":"ListItem","position":1,"name":"Portada","item":"https:\/\/letrame.com\/catalogo\/"},{"@type":"ListItem","position":2,"name":"Cat\u00e1logo","item":"https:\/\/letrame.com\/catalogo\/"},{"@type":"ListItem","position":3,"name":"Introducci\u00f3n a ti mismo"}]},{"@type":"WebSite","@id":"https:\/\/letrame.com\/catalogo\/#website","url":"https:\/\/letrame.com\/catalogo\/","name":"Catalogo | Letrame Grupo Editorial","description":"","publisher":{"@id":"https:\/\/letrame.com\/catalogo\/#organization"},"potentialAction":[{"@type":"SearchAction","target":{"@type":"EntryPoint","urlTemplate":"https:\/\/letrame.com\/catalogo\/?s={search_term_string}"},"query-input":{"@type":"PropertyValueSpecification","valueRequired":true,"valueName":"search_term_string"}}],"inLanguage":"es"},{"@type":"Organization","@id":"https:\/\/letrame.com\/catalogo\/#organization","name":"Catalogo | Letrame Grupo Editorial","url":"https:\/\/letrame.com\/catalogo\/","logo":{"@type":"ImageObject","inLanguage":"es","@id":"https:\/\/letrame.com\/catalogo\/#\/schema\/logo\/image\/","url":"https:\/\/letrame.com\/catalogo\/wp-content\/uploads\/2024\/03\/logo2.webp","contentUrl":"https:\/\/letrame.com\/catalogo\/wp-content\/uploads\/2024\/03\/logo2.webp","width":394,"height":128,"caption":"Catalogo | Letrame Grupo Editorial"},"image":{"@id":"https:\/\/letrame.com\/catalogo\/#\/schema\/logo\/image\/"}}]}},"_links":{"self":[{"href":"https:\/\/letrame.com\/catalogo\/wp-json\/wp\/v2\/product\/98698","targetHints":{"allow":["GET"]}}],"collection":[{"href":"https:\/\/letrame.com\/catalogo\/wp-json\/wp\/v2\/product"}],"about":[{"href":"https:\/\/letrame.com\/catalogo\/wp-json\/wp\/v2\/types\/product"}],"replies":[{"embeddable":true,"href":"https:\/\/letrame.com\/catalogo\/wp-json\/wp\/v2\/comments?post=98698"}],"acf:post":[{"embeddable":true,"href":"https:\/\/letrame.com\/catalogo\/wp-json\/wp\/v2\/author_book\/77138"}],"wp:featuredmedia":[{"embeddable":true,"href":"https:\/\/letrame.com\/catalogo\/wp-json\/wp\/v2\/media\/98699"}],"wp:attachment":[{"href":"https:\/\/letrame.com\/catalogo\/wp-json\/wp\/v2\/media?parent=98698"}],"wp:term":[{"taxonomy":"libro","embeddable":true,"href":"https:\/\/letrame.com\/catalogo\/wp-json\/wp\/v2\/libro?post=98698"},{"taxonomy":"product_brand","embeddable":true,"href":"https:\/\/letrame.com\/catalogo\/wp-json\/wp\/v2\/product_brand?post=98698"},{"taxonomy":"product_cat","embeddable":true,"href":"https:\/\/letrame.com\/catalogo\/wp-json\/wp\/v2\/product_cat?post=98698"},{"taxonomy":"product_tag","embeddable":true,"href":"https:\/\/letrame.com\/catalogo\/wp-json\/wp\/v2\/product_tag?post=98698"}],"curies":[{"name":"wp","href":"https:\/\/api.w.org\/{rel}","templated":true}]}}