{"id":98696,"date":"2024-04-29T15:17:59","date_gmt":"2024-04-29T13:17:59","guid":{"rendered":"https:\/\/letrame.com\/catalogo\/producto\/la-historia-y-las-grandes-aventuras-de-richard\/"},"modified":"2024-08-08T16:11:43","modified_gmt":"2024-08-08T14:11:43","slug":"la-historia-y-las-grandes-aventuras-de-richard","status":"publish","type":"product","link":"https:\/\/letrame.com\/catalogo\/producto\/la-historia-y-las-grandes-aventuras-de-richard\/","title":{"rendered":"La historia y las grandes aventuras de Richard"},"content":{"rendered":"<p><strong>ISBN<\/strong>: 978-84-1144-434-7<\/p>\n<p><strong>T\u00edtulo<\/strong>: La historia y las grandes aventuras de Richard<br \/>\n<strong>Fecha<\/strong>: 2022<br \/>\n<strong>P\u00e1ginas<\/strong>: 156<\/p>\n<p><strong>SINOPSIS<\/strong><\/p>\n<p>\u00c9sta es la historia y las grandes aventuras de tres protagonistas que se encuentran en la india oriental en la \u00e9poca de cuando gran Breta\u00f1a gobernaba todos los\u00a0 territorios que ellos ten\u00edan asignados . \u00c9sta novela trata de la historia y las grandes aventuras de Richard el periodista y granfult el pirata en la maldici\u00f3n del monstruo marino, \u00a0donde hay mucha intriga trepidante y suspense donde los lectores se sentir\u00e1n satisfechos de haber le\u00eddo algo inolvidable.<\/p>\n","protected":false},"excerpt":{"rendered":"<p><strong>ISBN<\/strong>: 978-84-1144-434-7<\/p>\n<p><strong>SINOPSIS<\/strong><\/p>\n<p>\u00c9sta es la historia y las grandes aventuras de tres protagonistas que se encuentran en la india oriental en la \u00e9poca de cuando gran Breta\u00f1a gobernaba todos los\u00a0 territorios que ellos ten\u00edan asignados . \u00c9sta novela trata de la historia y las grandes aventuras de Richard el periodista y granfult el pirata en la maldici\u00f3n del monstruo marino, \u00a0donde hay mucha intriga trepidante y suspense donde los lectores se sentir\u00e1n satisfechos de haber le\u00eddo algo inolvidable.<\/p>\n","protected":false},"featured_media":98697,"comment_status":"closed","ping_status":"closed","template":"","meta":{"_acf_changed":false},"libro":[],"product_brand":[],"product_cat":[26],"product_tag":[],"class_list":{"0":"post-98696","1":"product","2":"type-product","3":"status-publish","4":"has-post-thumbnail","6":"product_cat-sin-categoria","8":"first","9":"instock","10":"product-type-simple"},"acf":{"autor":[77136],"enlace_de_compra":"https:\/\/amzn.to\/3LWhGdi"},"yoast_head":"<!-- This site is optimized with the Yoast SEO plugin v26.6 - https:\/\/yoast.com\/wordpress\/plugins\/seo\/ -->\n<title>La historia y las grandes aventuras de Richard - Catalogo | Letrame Grupo Editorial<\/title>\n<meta name=\"robots\" content=\"index, follow, max-snippet:-1, max-image-preview:large, max-video-preview:-1\" \/>\n<link rel=\"canonical\" href=\"https:\/\/letrame.com\/catalogo\/producto\/la-historia-y-las-grandes-aventuras-de-richard\/\" \/>\n<meta property=\"og:locale\" content=\"es_ES\" \/>\n<meta property=\"og:type\" content=\"article\" \/>\n<meta property=\"og:title\" content=\"La historia y las grandes aventuras de Richard - Catalogo | Letrame Grupo Editorial\" \/>\n<meta property=\"og:description\" content=\"ISBN: 978-84-1144-434-7  SINOPSIS  \u00c9sta es la historia y las grandes aventuras de tres protagonistas que se encuentran en la india oriental en la \u00e9poca de cuando gran Breta\u00f1a gobernaba todos los\u00a0 territorios que ellos ten\u00edan asignados . \u00c9sta novela trata de la historia y las grandes aventuras de Richard el periodista y granfult el pirata en la maldici\u00f3n del monstruo marino, \u00a0donde hay mucha intriga trepidante y suspense donde los lectores se sentir\u00e1n satisfechos de haber le\u00eddo algo inolvidable.\" \/>\n<meta property=\"og:url\" content=\"https:\/\/letrame.com\/catalogo\/producto\/la-historia-y-las-grandes-aventuras-de-richard\/\" \/>\n<meta property=\"og:site_name\" content=\"Catalogo | Letrame Grupo Editorial\" \/>\n<meta property=\"article:modified_time\" content=\"2024-08-08T14:11:43+00:00\" \/>\n<meta property=\"og:image\" content=\"https:\/\/letrame.com\/catalogo\/wp-content\/uploads\/2024\/04\/web_lahistoriaderichard_918mm-compressed.jpg\" \/>\n\t<meta property=\"og:image:width\" content=\"601\" \/>\n\t<meta property=\"og:image:height\" content=\"815\" \/>\n\t<meta property=\"og:image:type\" content=\"image\/jpeg\" \/>\n<meta name=\"twitter:card\" content=\"summary_large_image\" \/>\n<meta name=\"twitter:label1\" content=\"Tiempo de lectura\" \/>\n\t<meta name=\"twitter:data1\" content=\"1 minuto\" \/>\n<script type=\"application\/ld+json\" class=\"yoast-schema-graph\">{\"@context\":\"https:\/\/schema.org\",\"@graph\":[{\"@type\":\"WebPage\",\"@id\":\"https:\/\/letrame.com\/catalogo\/producto\/la-historia-y-las-grandes-aventuras-de-richard\/\",\"url\":\"https:\/\/letrame.com\/catalogo\/producto\/la-historia-y-las-grandes-aventuras-de-richard\/\",\"name\":\"La historia y las grandes aventuras de Richard - Catalogo | Letrame Grupo Editorial\",\"isPartOf\":{\"@id\":\"https:\/\/letrame.com\/catalogo\/#website\"},\"primaryImageOfPage\":{\"@id\":\"https:\/\/letrame.com\/catalogo\/producto\/la-historia-y-las-grandes-aventuras-de-richard\/#primaryimage\"},\"image\":{\"@id\":\"https:\/\/letrame.com\/catalogo\/producto\/la-historia-y-las-grandes-aventuras-de-richard\/#primaryimage\"},\"thumbnailUrl\":\"https:\/\/letrame.com\/catalogo\/wp-content\/uploads\/2024\/04\/web_lahistoriaderichard_918mm-compressed.jpg\",\"datePublished\":\"2024-04-29T13:17:59+00:00\",\"dateModified\":\"2024-08-08T14:11:43+00:00\",\"breadcrumb\":{\"@id\":\"https:\/\/letrame.com\/catalogo\/producto\/la-historia-y-las-grandes-aventuras-de-richard\/#breadcrumb\"},\"inLanguage\":\"es\",\"potentialAction\":[{\"@type\":\"ReadAction\",\"target\":[\"https:\/\/letrame.com\/catalogo\/producto\/la-historia-y-las-grandes-aventuras-de-richard\/\"]}]},{\"@type\":\"ImageObject\",\"inLanguage\":\"es\",\"@id\":\"https:\/\/letrame.com\/catalogo\/producto\/la-historia-y-las-grandes-aventuras-de-richard\/#primaryimage\",\"url\":\"https:\/\/letrame.com\/catalogo\/wp-content\/uploads\/2024\/04\/web_lahistoriaderichard_918mm-compressed.jpg\",\"contentUrl\":\"https:\/\/letrame.com\/catalogo\/wp-content\/uploads\/2024\/04\/web_lahistoriaderichard_918mm-compressed.jpg\",\"width\":601,\"height\":815},{\"@type\":\"BreadcrumbList\",\"@id\":\"https:\/\/letrame.com\/catalogo\/producto\/la-historia-y-las-grandes-aventuras-de-richard\/#breadcrumb\",\"itemListElement\":[{\"@type\":\"ListItem\",\"position\":1,\"name\":\"Portada\",\"item\":\"https:\/\/letrame.com\/catalogo\/\"},{\"@type\":\"ListItem\",\"position\":2,\"name\":\"Cat\u00e1logo\",\"item\":\"https:\/\/letrame.com\/catalogo\/\"},{\"@type\":\"ListItem\",\"position\":3,\"name\":\"La historia y las grandes aventuras de Richard\"}]},{\"@type\":\"WebSite\",\"@id\":\"https:\/\/letrame.com\/catalogo\/#website\",\"url\":\"https:\/\/letrame.com\/catalogo\/\",\"name\":\"Catalogo | Letrame Grupo Editorial\",\"description\":\"\",\"publisher\":{\"@id\":\"https:\/\/letrame.com\/catalogo\/#organization\"},\"potentialAction\":[{\"@type\":\"SearchAction\",\"target\":{\"@type\":\"EntryPoint\",\"urlTemplate\":\"https:\/\/letrame.com\/catalogo\/?s={search_term_string}\"},\"query-input\":{\"@type\":\"PropertyValueSpecification\",\"valueRequired\":true,\"valueName\":\"search_term_string\"}}],\"inLanguage\":\"es\"},{\"@type\":\"Organization\",\"@id\":\"https:\/\/letrame.com\/catalogo\/#organization\",\"name\":\"Catalogo | Letrame Grupo Editorial\",\"url\":\"https:\/\/letrame.com\/catalogo\/\",\"logo\":{\"@type\":\"ImageObject\",\"inLanguage\":\"es\",\"@id\":\"https:\/\/letrame.com\/catalogo\/#\/schema\/logo\/image\/\",\"url\":\"https:\/\/letrame.com\/catalogo\/wp-content\/uploads\/2024\/03\/logo2.webp\",\"contentUrl\":\"https:\/\/letrame.com\/catalogo\/wp-content\/uploads\/2024\/03\/logo2.webp\",\"width\":394,\"height\":128,\"caption\":\"Catalogo | Letrame Grupo Editorial\"},\"image\":{\"@id\":\"https:\/\/letrame.com\/catalogo\/#\/schema\/logo\/image\/\"}}]}<\/script>\n<!-- \/ Yoast SEO plugin. -->","yoast_head_json":{"title":"La historia y las grandes aventuras de Richard - Catalogo | Letrame Grupo Editorial","robots":{"index":"index","follow":"follow","max-snippet":"max-snippet:-1","max-image-preview":"max-image-preview:large","max-video-preview":"max-video-preview:-1"},"canonical":"https:\/\/letrame.com\/catalogo\/producto\/la-historia-y-las-grandes-aventuras-de-richard\/","og_locale":"es_ES","og_type":"article","og_title":"La historia y las grandes aventuras de Richard - Catalogo | Letrame Grupo Editorial","og_description":"ISBN: 978-84-1144-434-7  SINOPSIS  \u00c9sta es la historia y las grandes aventuras de tres protagonistas que se encuentran en la india oriental en la \u00e9poca de cuando gran Breta\u00f1a gobernaba todos los\u00a0 territorios que ellos ten\u00edan asignados . \u00c9sta novela trata de la historia y las grandes aventuras de Richard el periodista y granfult el pirata en la maldici\u00f3n del monstruo marino, \u00a0donde hay mucha intriga trepidante y suspense donde los lectores se sentir\u00e1n satisfechos de haber le\u00eddo algo inolvidable.","og_url":"https:\/\/letrame.com\/catalogo\/producto\/la-historia-y-las-grandes-aventuras-de-richard\/","og_site_name":"Catalogo | Letrame Grupo Editorial","article_modified_time":"2024-08-08T14:11:43+00:00","og_image":[{"width":601,"height":815,"url":"https:\/\/letrame.com\/catalogo\/wp-content\/uploads\/2024\/04\/web_lahistoriaderichard_918mm-compressed.jpg","type":"image\/jpeg"}],"twitter_card":"summary_large_image","twitter_misc":{"Tiempo de lectura":"1 minuto"},"schema":{"@context":"https:\/\/schema.org","@graph":[{"@type":"WebPage","@id":"https:\/\/letrame.com\/catalogo\/producto\/la-historia-y-las-grandes-aventuras-de-richard\/","url":"https:\/\/letrame.com\/catalogo\/producto\/la-historia-y-las-grandes-aventuras-de-richard\/","name":"La historia y las grandes aventuras de Richard - Catalogo | Letrame Grupo Editorial","isPartOf":{"@id":"https:\/\/letrame.com\/catalogo\/#website"},"primaryImageOfPage":{"@id":"https:\/\/letrame.com\/catalogo\/producto\/la-historia-y-las-grandes-aventuras-de-richard\/#primaryimage"},"image":{"@id":"https:\/\/letrame.com\/catalogo\/producto\/la-historia-y-las-grandes-aventuras-de-richard\/#primaryimage"},"thumbnailUrl":"https:\/\/letrame.com\/catalogo\/wp-content\/uploads\/2024\/04\/web_lahistoriaderichard_918mm-compressed.jpg","datePublished":"2024-04-29T13:17:59+00:00","dateModified":"2024-08-08T14:11:43+00:00","breadcrumb":{"@id":"https:\/\/letrame.com\/catalogo\/producto\/la-historia-y-las-grandes-aventuras-de-richard\/#breadcrumb"},"inLanguage":"es","potentialAction":[{"@type":"ReadAction","target":["https:\/\/letrame.com\/catalogo\/producto\/la-historia-y-las-grandes-aventuras-de-richard\/"]}]},{"@type":"ImageObject","inLanguage":"es","@id":"https:\/\/letrame.com\/catalogo\/producto\/la-historia-y-las-grandes-aventuras-de-richard\/#primaryimage","url":"https:\/\/letrame.com\/catalogo\/wp-content\/uploads\/2024\/04\/web_lahistoriaderichard_918mm-compressed.jpg","contentUrl":"https:\/\/letrame.com\/catalogo\/wp-content\/uploads\/2024\/04\/web_lahistoriaderichard_918mm-compressed.jpg","width":601,"height":815},{"@type":"BreadcrumbList","@id":"https:\/\/letrame.com\/catalogo\/producto\/la-historia-y-las-grandes-aventuras-de-richard\/#breadcrumb","itemListElement":[{"@type":"ListItem","position":1,"name":"Portada","item":"https:\/\/letrame.com\/catalogo\/"},{"@type":"ListItem","position":2,"name":"Cat\u00e1logo","item":"https:\/\/letrame.com\/catalogo\/"},{"@type":"ListItem","position":3,"name":"La historia y las grandes aventuras de Richard"}]},{"@type":"WebSite","@id":"https:\/\/letrame.com\/catalogo\/#website","url":"https:\/\/letrame.com\/catalogo\/","name":"Catalogo | Letrame Grupo Editorial","description":"","publisher":{"@id":"https:\/\/letrame.com\/catalogo\/#organization"},"potentialAction":[{"@type":"SearchAction","target":{"@type":"EntryPoint","urlTemplate":"https:\/\/letrame.com\/catalogo\/?s={search_term_string}"},"query-input":{"@type":"PropertyValueSpecification","valueRequired":true,"valueName":"search_term_string"}}],"inLanguage":"es"},{"@type":"Organization","@id":"https:\/\/letrame.com\/catalogo\/#organization","name":"Catalogo | Letrame Grupo Editorial","url":"https:\/\/letrame.com\/catalogo\/","logo":{"@type":"ImageObject","inLanguage":"es","@id":"https:\/\/letrame.com\/catalogo\/#\/schema\/logo\/image\/","url":"https:\/\/letrame.com\/catalogo\/wp-content\/uploads\/2024\/03\/logo2.webp","contentUrl":"https:\/\/letrame.com\/catalogo\/wp-content\/uploads\/2024\/03\/logo2.webp","width":394,"height":128,"caption":"Catalogo | Letrame Grupo Editorial"},"image":{"@id":"https:\/\/letrame.com\/catalogo\/#\/schema\/logo\/image\/"}}]}},"_links":{"self":[{"href":"https:\/\/letrame.com\/catalogo\/wp-json\/wp\/v2\/product\/98696","targetHints":{"allow":["GET"]}}],"collection":[{"href":"https:\/\/letrame.com\/catalogo\/wp-json\/wp\/v2\/product"}],"about":[{"href":"https:\/\/letrame.com\/catalogo\/wp-json\/wp\/v2\/types\/product"}],"replies":[{"embeddable":true,"href":"https:\/\/letrame.com\/catalogo\/wp-json\/wp\/v2\/comments?post=98696"}],"acf:post":[{"embeddable":true,"href":"https:\/\/letrame.com\/catalogo\/wp-json\/wp\/v2\/author_book\/77136"}],"wp:featuredmedia":[{"embeddable":true,"href":"https:\/\/letrame.com\/catalogo\/wp-json\/wp\/v2\/media\/98697"}],"wp:attachment":[{"href":"https:\/\/letrame.com\/catalogo\/wp-json\/wp\/v2\/media?parent=98696"}],"wp:term":[{"taxonomy":"libro","embeddable":true,"href":"https:\/\/letrame.com\/catalogo\/wp-json\/wp\/v2\/libro?post=98696"},{"taxonomy":"product_brand","embeddable":true,"href":"https:\/\/letrame.com\/catalogo\/wp-json\/wp\/v2\/product_brand?post=98696"},{"taxonomy":"product_cat","embeddable":true,"href":"https:\/\/letrame.com\/catalogo\/wp-json\/wp\/v2\/product_cat?post=98696"},{"taxonomy":"product_tag","embeddable":true,"href":"https:\/\/letrame.com\/catalogo\/wp-json\/wp\/v2\/product_tag?post=98696"}],"curies":[{"name":"wp","href":"https:\/\/api.w.org\/{rel}","templated":true}]}}