{"id":98679,"date":"2024-04-29T15:17:07","date_gmt":"2024-04-29T13:17:07","guid":{"rendered":"https:\/\/letrame.com\/catalogo\/producto\/la-tortuga-se-viste-de-elefante\/"},"modified":"2024-04-29T15:17:13","modified_gmt":"2024-04-29T13:17:13","slug":"la-tortuga-se-viste-de-elefante","status":"publish","type":"product","link":"https:\/\/letrame.com\/catalogo\/producto\/la-tortuga-se-viste-de-elefante\/","title":{"rendered":"La tortuga se viste de elefante"},"content":{"rendered":"<p><strong>ISBN<\/strong>: 978-84-1114-538-1<\/p>\n<p><strong>T\u00edtulo<\/strong>: <span data-sheets-value=\"{&quot;1&quot;:2,&quot;2&quot;:&quot;La tortuga se viste de elefante&quot;}\" data-sheets-userformat=\"{&quot;2&quot;:515,&quot;3&quot;:{&quot;1&quot;:0},&quot;4&quot;:{&quot;1&quot;:2,&quot;2&quot;:14281427},&quot;12&quot;:0}\">La tortuga se viste de elefante<\/span><br \/>\n<strong>Fecha<\/strong>: 2022<br \/>\n<strong>P\u00e1ginas<\/strong>: 56<\/p>\n<p><strong>SINOPSIS<\/strong><\/p>\n<p>&#8230; Y as\u00ed fue como la tortuguita<\/p>\n<p>lleg\u00f3 a ser la m\u00e1s grande del mar,<\/p>\n<p>viviendo tantas experiencias<\/p>\n<p>que a\u00fan no me las ha terminado de contar.<\/p>\n<p>&nbsp;<\/p>\n<p>Lo que no sabe es que tiene la habilidad<\/p>\n<p>de sacar lo mejor de los dem\u00e1s.<\/p>\n<p>Si no m\u00edrame a m\u00ed,<\/p>\n<p>un elefante normal,<\/p>\n<p>\u00bfqui\u00e9n me hubiera dicho<\/p>\n<p>que llegar\u00eda a aprender a escribir?<strong>\u00a0<\/strong><\/p>\n","protected":false},"excerpt":{"rendered":"<p><strong>ISBN<\/strong>: 978-84-1114-538-1<\/p>\n<p><strong>SINOPSIS<\/strong><\/p>\n<p>&#8230; Y as\u00ed fue como la tortuguita<\/p>\n<p>lleg\u00f3 a ser la m\u00e1s grande del mar,<\/p>\n<p>viviendo tantas experiencias<\/p>\n<p>que a\u00fan no me las ha terminado de contar.<\/p>\n<p>&nbsp;<\/p>\n<p>Lo que no sabe es que tiene la habilidad<\/p>\n<p>de sacar lo mejor de los dem\u00e1s.<\/p>\n<p>Si no m\u00edrame a m\u00ed,<\/p>\n<p>un elefante normal,<\/p>\n<p>\u00bfqui\u00e9n me hubiera dicho<\/p>\n<p>que llegar\u00eda a aprender a escribir?<strong>\u00a0<\/strong><\/p>\n","protected":false},"featured_media":98680,"comment_status":"closed","ping_status":"open","template":"","meta":{"_acf_changed":false},"libro":[],"product_brand":[],"product_cat":[17],"product_tag":[],"class_list":{"0":"post-98679","1":"product","2":"type-product","3":"status-publish","4":"has-post-thumbnail","6":"product_cat-infantil","8":"first","9":"instock","10":"product-type-simple"},"acf":{"autor":[77118],"enlace_de_compra":"https:\/\/www.librerialaestrella.com\/es\/libro\/la-tortuga-se-viste-de-elefante_0840210015"},"yoast_head":"<!-- This site is optimized with the Yoast SEO plugin v27.4 - https:\/\/yoast.com\/product\/yoast-seo-wordpress\/ -->\n<title>La tortuga se viste de elefante - Catalogo | Letrame Grupo Editorial<\/title>\n<meta name=\"robots\" content=\"index, follow, max-snippet:-1, max-image-preview:large, max-video-preview:-1\" \/>\n<link rel=\"canonical\" href=\"https:\/\/letrame.com\/catalogo\/producto\/la-tortuga-se-viste-de-elefante\/\" \/>\n<meta property=\"og:locale\" content=\"es_ES\" \/>\n<meta property=\"og:type\" content=\"article\" \/>\n<meta property=\"og:title\" content=\"La tortuga se viste de elefante - Catalogo | Letrame Grupo Editorial\" \/>\n<meta property=\"og:description\" content=\"ISBN: 978-84-1114-538-1 SINOPSIS ... Y as\u00ed fue como la tortuguita lleg\u00f3 a ser la m\u00e1s grande del mar, viviendo tantas experiencias que a\u00fan no me las ha terminado de contar. &nbsp; Lo que no sabe es que tiene la habilidad de sacar lo mejor de los dem\u00e1s. Si no m\u00edrame a m\u00ed, un elefante normal, \u00bfqui\u00e9n me hubiera dicho que llegar\u00eda a aprender a escribir?\u00a0\" \/>\n<meta property=\"og:url\" content=\"https:\/\/letrame.com\/catalogo\/producto\/la-tortuga-se-viste-de-elefante\/\" \/>\n<meta property=\"og:site_name\" content=\"Catalogo | Letrame Grupo Editorial\" \/>\n<meta property=\"article:modified_time\" content=\"2024-04-29T13:17:13+00:00\" \/>\n<meta property=\"og:image\" content=\"https:\/\/letrame.com\/catalogo\/wp-content\/uploads\/2024\/04\/redportada_latortuga_696mm.jpg\" \/>\n\t<meta property=\"og:image:width\" content=\"601\" \/>\n\t<meta property=\"og:image:height\" content=\"449\" \/>\n\t<meta property=\"og:image:type\" content=\"image\/jpeg\" \/>\n<meta name=\"twitter:card\" content=\"summary_large_image\" \/>\n<script type=\"application\/ld+json\" class=\"yoast-schema-graph\">{\"@context\":\"https:\\\/\\\/schema.org\",\"@graph\":[{\"@type\":\"WebPage\",\"@id\":\"https:\\\/\\\/letrame.com\\\/catalogo\\\/producto\\\/la-tortuga-se-viste-de-elefante\\\/\",\"url\":\"https:\\\/\\\/letrame.com\\\/catalogo\\\/producto\\\/la-tortuga-se-viste-de-elefante\\\/\",\"name\":\"La tortuga se viste de elefante - Catalogo | Letrame Grupo Editorial\",\"isPartOf\":{\"@id\":\"https:\\\/\\\/letrame.com\\\/catalogo\\\/#website\"},\"primaryImageOfPage\":{\"@id\":\"https:\\\/\\\/letrame.com\\\/catalogo\\\/producto\\\/la-tortuga-se-viste-de-elefante\\\/#primaryimage\"},\"image\":{\"@id\":\"https:\\\/\\\/letrame.com\\\/catalogo\\\/producto\\\/la-tortuga-se-viste-de-elefante\\\/#primaryimage\"},\"thumbnailUrl\":\"https:\\\/\\\/letrame.com\\\/catalogo\\\/wp-content\\\/uploads\\\/2024\\\/04\\\/redportada_latortuga_696mm.jpg\",\"datePublished\":\"2024-04-29T13:17:07+00:00\",\"dateModified\":\"2024-04-29T13:17:13+00:00\",\"breadcrumb\":{\"@id\":\"https:\\\/\\\/letrame.com\\\/catalogo\\\/producto\\\/la-tortuga-se-viste-de-elefante\\\/#breadcrumb\"},\"inLanguage\":\"es\",\"potentialAction\":[{\"@type\":\"ReadAction\",\"target\":[\"https:\\\/\\\/letrame.com\\\/catalogo\\\/producto\\\/la-tortuga-se-viste-de-elefante\\\/\"]}]},{\"@type\":\"ImageObject\",\"inLanguage\":\"es\",\"@id\":\"https:\\\/\\\/letrame.com\\\/catalogo\\\/producto\\\/la-tortuga-se-viste-de-elefante\\\/#primaryimage\",\"url\":\"https:\\\/\\\/letrame.com\\\/catalogo\\\/wp-content\\\/uploads\\\/2024\\\/04\\\/redportada_latortuga_696mm.jpg\",\"contentUrl\":\"https:\\\/\\\/letrame.com\\\/catalogo\\\/wp-content\\\/uploads\\\/2024\\\/04\\\/redportada_latortuga_696mm.jpg\",\"width\":601,\"height\":449},{\"@type\":\"BreadcrumbList\",\"@id\":\"https:\\\/\\\/letrame.com\\\/catalogo\\\/producto\\\/la-tortuga-se-viste-de-elefante\\\/#breadcrumb\",\"itemListElement\":[{\"@type\":\"ListItem\",\"position\":1,\"name\":\"Portada\",\"item\":\"https:\\\/\\\/letrame.com\\\/catalogo\\\/\"},{\"@type\":\"ListItem\",\"position\":2,\"name\":\"Cat\u00e1logo\",\"item\":\"https:\\\/\\\/letrame.com\\\/catalogo\\\/\"},{\"@type\":\"ListItem\",\"position\":3,\"name\":\"La tortuga se viste de elefante\"}]},{\"@type\":\"WebSite\",\"@id\":\"https:\\\/\\\/letrame.com\\\/catalogo\\\/#website\",\"url\":\"https:\\\/\\\/letrame.com\\\/catalogo\\\/\",\"name\":\"Catalogo | Letrame Grupo Editorial\",\"description\":\"\",\"publisher\":{\"@id\":\"https:\\\/\\\/letrame.com\\\/catalogo\\\/#organization\"},\"potentialAction\":[{\"@type\":\"SearchAction\",\"target\":{\"@type\":\"EntryPoint\",\"urlTemplate\":\"https:\\\/\\\/letrame.com\\\/catalogo\\\/?s={search_term_string}\"},\"query-input\":{\"@type\":\"PropertyValueSpecification\",\"valueRequired\":true,\"valueName\":\"search_term_string\"}}],\"inLanguage\":\"es\"},{\"@type\":\"Organization\",\"@id\":\"https:\\\/\\\/letrame.com\\\/catalogo\\\/#organization\",\"name\":\"Catalogo | Letrame Grupo Editorial\",\"url\":\"https:\\\/\\\/letrame.com\\\/catalogo\\\/\",\"logo\":{\"@type\":\"ImageObject\",\"inLanguage\":\"es\",\"@id\":\"https:\\\/\\\/letrame.com\\\/catalogo\\\/#\\\/schema\\\/logo\\\/image\\\/\",\"url\":\"https:\\\/\\\/letrame.com\\\/catalogo\\\/wp-content\\\/uploads\\\/2024\\\/03\\\/logo2.webp\",\"contentUrl\":\"https:\\\/\\\/letrame.com\\\/catalogo\\\/wp-content\\\/uploads\\\/2024\\\/03\\\/logo2.webp\",\"width\":394,\"height\":128,\"caption\":\"Catalogo | Letrame Grupo Editorial\"},\"image\":{\"@id\":\"https:\\\/\\\/letrame.com\\\/catalogo\\\/#\\\/schema\\\/logo\\\/image\\\/\"}}]}<\/script>\n<!-- \/ Yoast SEO plugin. -->","yoast_head_json":{"title":"La tortuga se viste de elefante - Catalogo | Letrame Grupo Editorial","robots":{"index":"index","follow":"follow","max-snippet":"max-snippet:-1","max-image-preview":"max-image-preview:large","max-video-preview":"max-video-preview:-1"},"canonical":"https:\/\/letrame.com\/catalogo\/producto\/la-tortuga-se-viste-de-elefante\/","og_locale":"es_ES","og_type":"article","og_title":"La tortuga se viste de elefante - Catalogo | Letrame Grupo Editorial","og_description":"ISBN: 978-84-1114-538-1 SINOPSIS ... Y as\u00ed fue como la tortuguita lleg\u00f3 a ser la m\u00e1s grande del mar, viviendo tantas experiencias que a\u00fan no me las ha terminado de contar. &nbsp; Lo que no sabe es que tiene la habilidad de sacar lo mejor de los dem\u00e1s. Si no m\u00edrame a m\u00ed, un elefante normal, \u00bfqui\u00e9n me hubiera dicho que llegar\u00eda a aprender a escribir?\u00a0","og_url":"https:\/\/letrame.com\/catalogo\/producto\/la-tortuga-se-viste-de-elefante\/","og_site_name":"Catalogo | Letrame Grupo Editorial","article_modified_time":"2024-04-29T13:17:13+00:00","og_image":[{"width":601,"height":449,"url":"https:\/\/letrame.com\/catalogo\/wp-content\/uploads\/2024\/04\/redportada_latortuga_696mm.jpg","type":"image\/jpeg"}],"twitter_card":"summary_large_image","schema":{"@context":"https:\/\/schema.org","@graph":[{"@type":"WebPage","@id":"https:\/\/letrame.com\/catalogo\/producto\/la-tortuga-se-viste-de-elefante\/","url":"https:\/\/letrame.com\/catalogo\/producto\/la-tortuga-se-viste-de-elefante\/","name":"La tortuga se viste de elefante - Catalogo | Letrame Grupo Editorial","isPartOf":{"@id":"https:\/\/letrame.com\/catalogo\/#website"},"primaryImageOfPage":{"@id":"https:\/\/letrame.com\/catalogo\/producto\/la-tortuga-se-viste-de-elefante\/#primaryimage"},"image":{"@id":"https:\/\/letrame.com\/catalogo\/producto\/la-tortuga-se-viste-de-elefante\/#primaryimage"},"thumbnailUrl":"https:\/\/letrame.com\/catalogo\/wp-content\/uploads\/2024\/04\/redportada_latortuga_696mm.jpg","datePublished":"2024-04-29T13:17:07+00:00","dateModified":"2024-04-29T13:17:13+00:00","breadcrumb":{"@id":"https:\/\/letrame.com\/catalogo\/producto\/la-tortuga-se-viste-de-elefante\/#breadcrumb"},"inLanguage":"es","potentialAction":[{"@type":"ReadAction","target":["https:\/\/letrame.com\/catalogo\/producto\/la-tortuga-se-viste-de-elefante\/"]}]},{"@type":"ImageObject","inLanguage":"es","@id":"https:\/\/letrame.com\/catalogo\/producto\/la-tortuga-se-viste-de-elefante\/#primaryimage","url":"https:\/\/letrame.com\/catalogo\/wp-content\/uploads\/2024\/04\/redportada_latortuga_696mm.jpg","contentUrl":"https:\/\/letrame.com\/catalogo\/wp-content\/uploads\/2024\/04\/redportada_latortuga_696mm.jpg","width":601,"height":449},{"@type":"BreadcrumbList","@id":"https:\/\/letrame.com\/catalogo\/producto\/la-tortuga-se-viste-de-elefante\/#breadcrumb","itemListElement":[{"@type":"ListItem","position":1,"name":"Portada","item":"https:\/\/letrame.com\/catalogo\/"},{"@type":"ListItem","position":2,"name":"Cat\u00e1logo","item":"https:\/\/letrame.com\/catalogo\/"},{"@type":"ListItem","position":3,"name":"La tortuga se viste de elefante"}]},{"@type":"WebSite","@id":"https:\/\/letrame.com\/catalogo\/#website","url":"https:\/\/letrame.com\/catalogo\/","name":"Catalogo | Letrame Grupo Editorial","description":"","publisher":{"@id":"https:\/\/letrame.com\/catalogo\/#organization"},"potentialAction":[{"@type":"SearchAction","target":{"@type":"EntryPoint","urlTemplate":"https:\/\/letrame.com\/catalogo\/?s={search_term_string}"},"query-input":{"@type":"PropertyValueSpecification","valueRequired":true,"valueName":"search_term_string"}}],"inLanguage":"es"},{"@type":"Organization","@id":"https:\/\/letrame.com\/catalogo\/#organization","name":"Catalogo | Letrame Grupo Editorial","url":"https:\/\/letrame.com\/catalogo\/","logo":{"@type":"ImageObject","inLanguage":"es","@id":"https:\/\/letrame.com\/catalogo\/#\/schema\/logo\/image\/","url":"https:\/\/letrame.com\/catalogo\/wp-content\/uploads\/2024\/03\/logo2.webp","contentUrl":"https:\/\/letrame.com\/catalogo\/wp-content\/uploads\/2024\/03\/logo2.webp","width":394,"height":128,"caption":"Catalogo | Letrame Grupo Editorial"},"image":{"@id":"https:\/\/letrame.com\/catalogo\/#\/schema\/logo\/image\/"}}]}},"_links":{"self":[{"href":"https:\/\/letrame.com\/catalogo\/wp-json\/wp\/v2\/product\/98679","targetHints":{"allow":["GET"]}}],"collection":[{"href":"https:\/\/letrame.com\/catalogo\/wp-json\/wp\/v2\/product"}],"about":[{"href":"https:\/\/letrame.com\/catalogo\/wp-json\/wp\/v2\/types\/product"}],"replies":[{"embeddable":true,"href":"https:\/\/letrame.com\/catalogo\/wp-json\/wp\/v2\/comments?post=98679"}],"acf:post":[{"embeddable":true,"href":"https:\/\/letrame.com\/catalogo\/wp-json\/wp\/v2\/author_book\/77118"}],"wp:featuredmedia":[{"embeddable":true,"href":"https:\/\/letrame.com\/catalogo\/wp-json\/wp\/v2\/media\/98680"}],"wp:attachment":[{"href":"https:\/\/letrame.com\/catalogo\/wp-json\/wp\/v2\/media?parent=98679"}],"wp:term":[{"taxonomy":"libro","embeddable":true,"href":"https:\/\/letrame.com\/catalogo\/wp-json\/wp\/v2\/libro?post=98679"},{"taxonomy":"product_brand","embeddable":true,"href":"https:\/\/letrame.com\/catalogo\/wp-json\/wp\/v2\/product_brand?post=98679"},{"taxonomy":"product_cat","embeddable":true,"href":"https:\/\/letrame.com\/catalogo\/wp-json\/wp\/v2\/product_cat?post=98679"},{"taxonomy":"product_tag","embeddable":true,"href":"https:\/\/letrame.com\/catalogo\/wp-json\/wp\/v2\/product_tag?post=98679"}],"curies":[{"name":"wp","href":"https:\/\/api.w.org\/{rel}","templated":true}]}}