{"id":98668,"date":"2024-04-29T15:16:35","date_gmt":"2024-04-29T13:16:35","guid":{"rendered":"https:\/\/letrame.com\/catalogo\/producto\/flash-eclectico\/"},"modified":"2024-04-29T15:16:41","modified_gmt":"2024-04-29T13:16:41","slug":"flash-eclectico","status":"publish","type":"product","link":"https:\/\/letrame.com\/catalogo\/producto\/flash-eclectico\/","title":{"rendered":"Flash Ecl\u00e9ctico"},"content":{"rendered":"<p><strong>ISBN<\/strong>: 978-84-1144-695-2<\/p>\n<p><strong>T\u00edtulo<\/strong>: Flash Ecl\u00e9ctico<br \/>\n<strong>Fecha<\/strong>: 2023<br \/>\n<strong>P\u00e1ginas<\/strong>: 180<\/p>\n<p><strong>SINOPSIS<\/strong><\/p>\n<p>Flash Ecl\u00e9ctico\u00a0es la historia de una joven llamada Denisse, quien descubre que el baile puede llegar a ser una fuente de reuni\u00f3n y di\u00e1logo de diversas formas de pensamiento, provenientes de personas igual de diferentes a ella y convergen en un movimiento social llamado Flash Ecl\u00e9ctico. Desde ese momento, la Ciudad de M\u00e9xico se convierte en un escenario del cambio, donde las estructuras obsoletas y r\u00edgidas se enfrentan en una lucha ideol\u00f3gica por el progreso. Denisse tiene un encuentro abrupto con su psic\u00f3loga Miranda, quien, si bien hace a\u00f1os fue su amiga, ahora se convierte en su peor enemigo creando el movimiento psicosocial. \u00bfQu\u00e9 fuerzas triunfan al final? Denisse opta por transformarse en la hero\u00edna (icono) de la lucha y el progreso usando un vestido de color rosa destellante, recupera la seguridad de las calles con un ritmo funk y colorido, mientras que Miranda hace crecer la psicosis, el estr\u00e9s y la ansiedad en la sociedad para destruirlo todo. \u00bfQu\u00e9 bando escoger\u00edas\u2026 venganza o di\u00e1logo?<\/p>\n","protected":false},"excerpt":{"rendered":"<p><strong>ISBN<\/strong>: 978-84-1144-695-2<\/p>\n<p><strong>SINOPSIS<\/strong><\/p>\n<p>Flash Ecl\u00e9ctico\u00a0es la historia de una joven llamada Denisse, quien descubre que el baile puede llegar a ser una fuente de reuni\u00f3n y di\u00e1logo de diversas formas de pensamiento, provenientes de personas igual de diferentes a ella y convergen en un movimiento social llamado Flash Ecl\u00e9ctico. Desde ese momento, la Ciudad de M\u00e9xico se convierte en un escenario del cambio, donde las estructuras obsoletas y r\u00edgidas se enfrentan en una lucha ideol\u00f3gica por el progreso. Denisse tiene un encuentro abrupto con su psic\u00f3loga Miranda, quien, si bien hace a\u00f1os fue su amiga, ahora se convierte en su peor enemigo creando el movimiento psicosocial. \u00bfQu\u00e9 fuerzas triunfan al final? Denisse opta por transformarse en la hero\u00edna (icono) de la lucha y el progreso usando un vestido de color rosa destellante, recupera la seguridad de las calles con un ritmo funk y colorido, mientras que Miranda hace crecer la psicosis, el estr\u00e9s y la ansiedad en la sociedad para destruirlo todo. \u00bfQu\u00e9 bando escoger\u00edas\u2026 venganza o di\u00e1logo?<\/p>\n","protected":false},"featured_media":98669,"comment_status":"closed","ping_status":"open","template":"","meta":{"_acf_changed":false},"libro":[],"product_brand":[],"product_cat":[16],"product_tag":[],"class_list":{"0":"post-98668","1":"product","2":"type-product","3":"status-publish","4":"has-post-thumbnail","6":"product_cat-novela","8":"first","9":"instock","10":"product-type-simple"},"acf":{"autor":[77109],"enlace_de_compra":"https:\/\/www.amazon.es\/Flash-ecl%C3%A9ctico-Cuauht%C3%A9moc-Castro-Dami%C3%A1n\/dp\/8411446956\/"},"yoast_head":"<!-- This site is optimized with the Yoast SEO plugin v27.4 - https:\/\/yoast.com\/product\/yoast-seo-wordpress\/ -->\n<title>Flash Ecl\u00e9ctico - Catalogo | Letrame Grupo Editorial<\/title>\n<meta name=\"robots\" content=\"index, follow, max-snippet:-1, max-image-preview:large, max-video-preview:-1\" \/>\n<link rel=\"canonical\" href=\"https:\/\/letrame.com\/catalogo\/producto\/flash-eclectico\/\" \/>\n<meta property=\"og:locale\" content=\"es_ES\" \/>\n<meta property=\"og:type\" content=\"article\" \/>\n<meta property=\"og:title\" content=\"Flash Ecl\u00e9ctico - Catalogo | Letrame Grupo Editorial\" \/>\n<meta property=\"og:description\" content=\"ISBN: 978-84-1144-695-2 SINOPSIS Flash Ecl\u00e9ctico\u00a0es la historia de una joven llamada Denisse, quien descubre que el baile puede llegar a ser una fuente de reuni\u00f3n y di\u00e1logo de diversas formas de pensamiento, provenientes de personas igual de diferentes a ella y convergen en un movimiento social llamado Flash Ecl\u00e9ctico. Desde ese momento, la Ciudad de M\u00e9xico se convierte en un escenario del cambio, donde las estructuras obsoletas y r\u00edgidas se enfrentan en una lucha ideol\u00f3gica por el progreso. Denisse tiene un encuentro abrupto con su psic\u00f3loga Miranda, quien, si bien hace a\u00f1os fue su amiga, ahora se convierte en su peor enemigo creando el movimiento psicosocial. \u00bfQu\u00e9 fuerzas triunfan al final? Denisse opta por transformarse en la hero\u00edna (icono) de la lucha y el progreso usando un vestido de color rosa destellante, recupera la seguridad de las calles con un ritmo funk y colorido, mientras que Miranda hace crecer la psicosis, el estr\u00e9s y la ansiedad en la sociedad para destruirlo todo. \u00bfQu\u00e9 bando escoger\u00edas\u2026 venganza o di\u00e1logo?\" \/>\n<meta property=\"og:url\" content=\"https:\/\/letrame.com\/catalogo\/producto\/flash-eclectico\/\" \/>\n<meta property=\"og:site_name\" content=\"Catalogo | Letrame Grupo Editorial\" \/>\n<meta property=\"article:modified_time\" content=\"2024-04-29T13:16:41+00:00\" \/>\n<meta property=\"og:image\" content=\"https:\/\/letrame.com\/catalogo\/wp-content\/uploads\/2024\/04\/web_flashecleptico_918mm-1.jpg\" \/>\n\t<meta property=\"og:image:width\" content=\"601\" \/>\n\t<meta property=\"og:image:height\" content=\"853\" \/>\n\t<meta property=\"og:image:type\" content=\"image\/jpeg\" \/>\n<meta name=\"twitter:card\" content=\"summary_large_image\" \/>\n<meta name=\"twitter:label1\" content=\"Tiempo de lectura\" \/>\n\t<meta name=\"twitter:data1\" content=\"1 minuto\" \/>\n<script type=\"application\/ld+json\" class=\"yoast-schema-graph\">{\"@context\":\"https:\\\/\\\/schema.org\",\"@graph\":[{\"@type\":\"WebPage\",\"@id\":\"https:\\\/\\\/letrame.com\\\/catalogo\\\/producto\\\/flash-eclectico\\\/\",\"url\":\"https:\\\/\\\/letrame.com\\\/catalogo\\\/producto\\\/flash-eclectico\\\/\",\"name\":\"Flash Ecl\u00e9ctico - Catalogo | Letrame Grupo Editorial\",\"isPartOf\":{\"@id\":\"https:\\\/\\\/letrame.com\\\/catalogo\\\/#website\"},\"primaryImageOfPage\":{\"@id\":\"https:\\\/\\\/letrame.com\\\/catalogo\\\/producto\\\/flash-eclectico\\\/#primaryimage\"},\"image\":{\"@id\":\"https:\\\/\\\/letrame.com\\\/catalogo\\\/producto\\\/flash-eclectico\\\/#primaryimage\"},\"thumbnailUrl\":\"https:\\\/\\\/letrame.com\\\/catalogo\\\/wp-content\\\/uploads\\\/2024\\\/04\\\/web_flashecleptico_918mm-1.jpg\",\"datePublished\":\"2024-04-29T13:16:35+00:00\",\"dateModified\":\"2024-04-29T13:16:41+00:00\",\"breadcrumb\":{\"@id\":\"https:\\\/\\\/letrame.com\\\/catalogo\\\/producto\\\/flash-eclectico\\\/#breadcrumb\"},\"inLanguage\":\"es\",\"potentialAction\":[{\"@type\":\"ReadAction\",\"target\":[\"https:\\\/\\\/letrame.com\\\/catalogo\\\/producto\\\/flash-eclectico\\\/\"]}]},{\"@type\":\"ImageObject\",\"inLanguage\":\"es\",\"@id\":\"https:\\\/\\\/letrame.com\\\/catalogo\\\/producto\\\/flash-eclectico\\\/#primaryimage\",\"url\":\"https:\\\/\\\/letrame.com\\\/catalogo\\\/wp-content\\\/uploads\\\/2024\\\/04\\\/web_flashecleptico_918mm-1.jpg\",\"contentUrl\":\"https:\\\/\\\/letrame.com\\\/catalogo\\\/wp-content\\\/uploads\\\/2024\\\/04\\\/web_flashecleptico_918mm-1.jpg\",\"width\":601,\"height\":853},{\"@type\":\"BreadcrumbList\",\"@id\":\"https:\\\/\\\/letrame.com\\\/catalogo\\\/producto\\\/flash-eclectico\\\/#breadcrumb\",\"itemListElement\":[{\"@type\":\"ListItem\",\"position\":1,\"name\":\"Portada\",\"item\":\"https:\\\/\\\/letrame.com\\\/catalogo\\\/\"},{\"@type\":\"ListItem\",\"position\":2,\"name\":\"Cat\u00e1logo\",\"item\":\"https:\\\/\\\/letrame.com\\\/catalogo\\\/\"},{\"@type\":\"ListItem\",\"position\":3,\"name\":\"Flash Ecl\u00e9ctico\"}]},{\"@type\":\"WebSite\",\"@id\":\"https:\\\/\\\/letrame.com\\\/catalogo\\\/#website\",\"url\":\"https:\\\/\\\/letrame.com\\\/catalogo\\\/\",\"name\":\"Catalogo | Letrame Grupo Editorial\",\"description\":\"\",\"publisher\":{\"@id\":\"https:\\\/\\\/letrame.com\\\/catalogo\\\/#organization\"},\"potentialAction\":[{\"@type\":\"SearchAction\",\"target\":{\"@type\":\"EntryPoint\",\"urlTemplate\":\"https:\\\/\\\/letrame.com\\\/catalogo\\\/?s={search_term_string}\"},\"query-input\":{\"@type\":\"PropertyValueSpecification\",\"valueRequired\":true,\"valueName\":\"search_term_string\"}}],\"inLanguage\":\"es\"},{\"@type\":\"Organization\",\"@id\":\"https:\\\/\\\/letrame.com\\\/catalogo\\\/#organization\",\"name\":\"Catalogo | Letrame Grupo Editorial\",\"url\":\"https:\\\/\\\/letrame.com\\\/catalogo\\\/\",\"logo\":{\"@type\":\"ImageObject\",\"inLanguage\":\"es\",\"@id\":\"https:\\\/\\\/letrame.com\\\/catalogo\\\/#\\\/schema\\\/logo\\\/image\\\/\",\"url\":\"https:\\\/\\\/letrame.com\\\/catalogo\\\/wp-content\\\/uploads\\\/2024\\\/03\\\/logo2.webp\",\"contentUrl\":\"https:\\\/\\\/letrame.com\\\/catalogo\\\/wp-content\\\/uploads\\\/2024\\\/03\\\/logo2.webp\",\"width\":394,\"height\":128,\"caption\":\"Catalogo | Letrame Grupo Editorial\"},\"image\":{\"@id\":\"https:\\\/\\\/letrame.com\\\/catalogo\\\/#\\\/schema\\\/logo\\\/image\\\/\"}}]}<\/script>\n<!-- \/ Yoast SEO plugin. -->","yoast_head_json":{"title":"Flash Ecl\u00e9ctico - Catalogo | Letrame Grupo Editorial","robots":{"index":"index","follow":"follow","max-snippet":"max-snippet:-1","max-image-preview":"max-image-preview:large","max-video-preview":"max-video-preview:-1"},"canonical":"https:\/\/letrame.com\/catalogo\/producto\/flash-eclectico\/","og_locale":"es_ES","og_type":"article","og_title":"Flash Ecl\u00e9ctico - Catalogo | Letrame Grupo Editorial","og_description":"ISBN: 978-84-1144-695-2 SINOPSIS Flash Ecl\u00e9ctico\u00a0es la historia de una joven llamada Denisse, quien descubre que el baile puede llegar a ser una fuente de reuni\u00f3n y di\u00e1logo de diversas formas de pensamiento, provenientes de personas igual de diferentes a ella y convergen en un movimiento social llamado Flash Ecl\u00e9ctico. Desde ese momento, la Ciudad de M\u00e9xico se convierte en un escenario del cambio, donde las estructuras obsoletas y r\u00edgidas se enfrentan en una lucha ideol\u00f3gica por el progreso. Denisse tiene un encuentro abrupto con su psic\u00f3loga Miranda, quien, si bien hace a\u00f1os fue su amiga, ahora se convierte en su peor enemigo creando el movimiento psicosocial. \u00bfQu\u00e9 fuerzas triunfan al final? Denisse opta por transformarse en la hero\u00edna (icono) de la lucha y el progreso usando un vestido de color rosa destellante, recupera la seguridad de las calles con un ritmo funk y colorido, mientras que Miranda hace crecer la psicosis, el estr\u00e9s y la ansiedad en la sociedad para destruirlo todo. \u00bfQu\u00e9 bando escoger\u00edas\u2026 venganza o di\u00e1logo?","og_url":"https:\/\/letrame.com\/catalogo\/producto\/flash-eclectico\/","og_site_name":"Catalogo | Letrame Grupo Editorial","article_modified_time":"2024-04-29T13:16:41+00:00","og_image":[{"width":601,"height":853,"url":"https:\/\/letrame.com\/catalogo\/wp-content\/uploads\/2024\/04\/web_flashecleptico_918mm-1.jpg","type":"image\/jpeg"}],"twitter_card":"summary_large_image","twitter_misc":{"Tiempo de lectura":"1 minuto"},"schema":{"@context":"https:\/\/schema.org","@graph":[{"@type":"WebPage","@id":"https:\/\/letrame.com\/catalogo\/producto\/flash-eclectico\/","url":"https:\/\/letrame.com\/catalogo\/producto\/flash-eclectico\/","name":"Flash Ecl\u00e9ctico - Catalogo | Letrame Grupo Editorial","isPartOf":{"@id":"https:\/\/letrame.com\/catalogo\/#website"},"primaryImageOfPage":{"@id":"https:\/\/letrame.com\/catalogo\/producto\/flash-eclectico\/#primaryimage"},"image":{"@id":"https:\/\/letrame.com\/catalogo\/producto\/flash-eclectico\/#primaryimage"},"thumbnailUrl":"https:\/\/letrame.com\/catalogo\/wp-content\/uploads\/2024\/04\/web_flashecleptico_918mm-1.jpg","datePublished":"2024-04-29T13:16:35+00:00","dateModified":"2024-04-29T13:16:41+00:00","breadcrumb":{"@id":"https:\/\/letrame.com\/catalogo\/producto\/flash-eclectico\/#breadcrumb"},"inLanguage":"es","potentialAction":[{"@type":"ReadAction","target":["https:\/\/letrame.com\/catalogo\/producto\/flash-eclectico\/"]}]},{"@type":"ImageObject","inLanguage":"es","@id":"https:\/\/letrame.com\/catalogo\/producto\/flash-eclectico\/#primaryimage","url":"https:\/\/letrame.com\/catalogo\/wp-content\/uploads\/2024\/04\/web_flashecleptico_918mm-1.jpg","contentUrl":"https:\/\/letrame.com\/catalogo\/wp-content\/uploads\/2024\/04\/web_flashecleptico_918mm-1.jpg","width":601,"height":853},{"@type":"BreadcrumbList","@id":"https:\/\/letrame.com\/catalogo\/producto\/flash-eclectico\/#breadcrumb","itemListElement":[{"@type":"ListItem","position":1,"name":"Portada","item":"https:\/\/letrame.com\/catalogo\/"},{"@type":"ListItem","position":2,"name":"Cat\u00e1logo","item":"https:\/\/letrame.com\/catalogo\/"},{"@type":"ListItem","position":3,"name":"Flash Ecl\u00e9ctico"}]},{"@type":"WebSite","@id":"https:\/\/letrame.com\/catalogo\/#website","url":"https:\/\/letrame.com\/catalogo\/","name":"Catalogo | Letrame Grupo Editorial","description":"","publisher":{"@id":"https:\/\/letrame.com\/catalogo\/#organization"},"potentialAction":[{"@type":"SearchAction","target":{"@type":"EntryPoint","urlTemplate":"https:\/\/letrame.com\/catalogo\/?s={search_term_string}"},"query-input":{"@type":"PropertyValueSpecification","valueRequired":true,"valueName":"search_term_string"}}],"inLanguage":"es"},{"@type":"Organization","@id":"https:\/\/letrame.com\/catalogo\/#organization","name":"Catalogo | Letrame Grupo Editorial","url":"https:\/\/letrame.com\/catalogo\/","logo":{"@type":"ImageObject","inLanguage":"es","@id":"https:\/\/letrame.com\/catalogo\/#\/schema\/logo\/image\/","url":"https:\/\/letrame.com\/catalogo\/wp-content\/uploads\/2024\/03\/logo2.webp","contentUrl":"https:\/\/letrame.com\/catalogo\/wp-content\/uploads\/2024\/03\/logo2.webp","width":394,"height":128,"caption":"Catalogo | Letrame Grupo Editorial"},"image":{"@id":"https:\/\/letrame.com\/catalogo\/#\/schema\/logo\/image\/"}}]}},"_links":{"self":[{"href":"https:\/\/letrame.com\/catalogo\/wp-json\/wp\/v2\/product\/98668","targetHints":{"allow":["GET"]}}],"collection":[{"href":"https:\/\/letrame.com\/catalogo\/wp-json\/wp\/v2\/product"}],"about":[{"href":"https:\/\/letrame.com\/catalogo\/wp-json\/wp\/v2\/types\/product"}],"replies":[{"embeddable":true,"href":"https:\/\/letrame.com\/catalogo\/wp-json\/wp\/v2\/comments?post=98668"}],"acf:post":[{"embeddable":true,"href":"https:\/\/letrame.com\/catalogo\/wp-json\/wp\/v2\/author_book\/77109"}],"wp:featuredmedia":[{"embeddable":true,"href":"https:\/\/letrame.com\/catalogo\/wp-json\/wp\/v2\/media\/98669"}],"wp:attachment":[{"href":"https:\/\/letrame.com\/catalogo\/wp-json\/wp\/v2\/media?parent=98668"}],"wp:term":[{"taxonomy":"libro","embeddable":true,"href":"https:\/\/letrame.com\/catalogo\/wp-json\/wp\/v2\/libro?post=98668"},{"taxonomy":"product_brand","embeddable":true,"href":"https:\/\/letrame.com\/catalogo\/wp-json\/wp\/v2\/product_brand?post=98668"},{"taxonomy":"product_cat","embeddable":true,"href":"https:\/\/letrame.com\/catalogo\/wp-json\/wp\/v2\/product_cat?post=98668"},{"taxonomy":"product_tag","embeddable":true,"href":"https:\/\/letrame.com\/catalogo\/wp-json\/wp\/v2\/product_tag?post=98668"}],"curies":[{"name":"wp","href":"https:\/\/api.w.org\/{rel}","templated":true}]}}