{"id":98666,"date":"2024-04-29T15:16:35","date_gmt":"2024-04-29T13:16:35","guid":{"rendered":"https:\/\/letrame.com\/catalogo\/producto\/aikin-aventuras-en-el-mar\/"},"modified":"2024-04-29T15:16:38","modified_gmt":"2024-04-29T13:16:38","slug":"aikin-aventuras-en-el-mar","status":"publish","type":"product","link":"https:\/\/letrame.com\/catalogo\/producto\/aikin-aventuras-en-el-mar\/","title":{"rendered":"Aikin, aventuras en el mar"},"content":{"rendered":"<p><strong>ISBN<\/strong>: 978-84-1144-655-6<\/p>\n<p><strong>T\u00edtulo<\/strong>: Aikin, aventuras en el mar<br \/>\n<strong>Fecha<\/strong>: 2023<br \/>\n<strong>P\u00e1ginas<\/strong>: 226<\/p>\n<p><strong>SINOPSIS<\/strong><\/p>\n<p>En una isla lejana, en un lugar paradis\u00edaco nace AIKIN, hija del l\u00edder, de una de las tantas comunidades de sirenas que hay en el mundo. Son sociedades n\u00f3madas viajando a trav\u00e9s de los mares alrededor del planeta; siguen la ruta del cardumen, que les sirve de alimento.<\/p>\n<p>En su andar y venir por los oc\u00e9anos, a veces, se topan con su peor enemigo: \u00a1tiburones de todo tipo! En esas circunstancias, la comunidad tiene que enfrentarlos, y en m\u00e1s de una ocasi\u00f3n, como ahora, la \u00fanica salida es sacrificar a uno o dos individuos, que sirven como distracci\u00f3n, para que el resto pueda sobrevivir.<\/p>\n<p>Ahora no bastar\u00e1 la muerte de unos cuantos para seguir adelante. Se enfrentan a un enemigo que hubieran querido jam\u00e1s encontrar: el hombre, del que muchos han hablado y pocos conocido. El hombre; el mayor depredador de todo ser viviente; del que no solo deben huir, sino ocultarse, pasar desapercibidos; para que la comunidad\u00a0 y la de las dem\u00e1s sirenas alrededor del mundo est\u00e9n a salvo. Un solo ejemplar atrapado por el hombre bastar\u00e1 para que los dem\u00e1s humanos intenten a toda costa probar su existencia y al mismo tiempo marcar su exterminio.<\/p>\n","protected":false},"excerpt":{"rendered":"<p><strong>ISBN<\/strong>: 978-84-1144-655-6<\/p>\n<p><strong>SINOPSIS<\/strong><\/p>\n<p>En una isla lejana, en un lugar paradis\u00edaco nace AIKIN, hija del l\u00edder, de una de las tantas comunidades de sirenas que hay en el mundo. Son sociedades n\u00f3madas viajando a trav\u00e9s de los mares alrededor del planeta; siguen la ruta del cardumen, que les sirve de alimento.<\/p>\n<p>En su andar y venir por los oc\u00e9anos, a veces, se topan con su peor enemigo: \u00a1tiburones de todo tipo! En esas circunstancias, la comunidad tiene que enfrentarlos, y en m\u00e1s de una ocasi\u00f3n, como ahora, la \u00fanica salida es sacrificar a uno o dos individuos, que sirven como distracci\u00f3n, para que el resto pueda sobrevivir.<\/p>\n<p>Ahora no bastar\u00e1 la muerte de unos cuantos para seguir adelante. Se enfrentan a un enemigo que hubieran querido jam\u00e1s encontrar: el hombre, del que muchos han hablado y pocos conocido. El hombre; el mayor depredador de todo ser viviente; del que no solo deben huir, sino ocultarse, pasar desapercibidos; para que la comunidad\u00a0 y la de las dem\u00e1s sirenas alrededor del mundo est\u00e9n a salvo. Un solo ejemplar atrapado por el hombre bastar\u00e1 para que los dem\u00e1s humanos intenten a toda costa probar su existencia y al mismo tiempo marcar su exterminio.<\/p>\n","protected":false},"featured_media":98667,"comment_status":"closed","ping_status":"open","template":"","meta":{"_acf_changed":false},"libro":[],"product_brand":[],"product_cat":[26],"product_tag":[],"class_list":{"0":"post-98666","1":"product","2":"type-product","3":"status-publish","4":"has-post-thumbnail","6":"product_cat-sin-categoria","8":"first","9":"instock","10":"product-type-simple"},"acf":{"autor":[77107],"enlace_de_compra":""},"yoast_head":"<!-- This site is optimized with the Yoast SEO plugin v27.4 - https:\/\/yoast.com\/product\/yoast-seo-wordpress\/ -->\n<title>Aikin, aventuras en el mar - Catalogo | Letrame Grupo Editorial<\/title>\n<meta name=\"robots\" content=\"index, follow, max-snippet:-1, max-image-preview:large, max-video-preview:-1\" \/>\n<link rel=\"canonical\" href=\"https:\/\/letrame.com\/catalogo\/producto\/aikin-aventuras-en-el-mar\/\" \/>\n<meta property=\"og:locale\" content=\"es_ES\" \/>\n<meta property=\"og:type\" content=\"article\" \/>\n<meta property=\"og:title\" content=\"Aikin, aventuras en el mar - Catalogo | Letrame Grupo Editorial\" \/>\n<meta property=\"og:description\" content=\"ISBN: 978-84-1144-655-6 SINOPSIS En una isla lejana, en un lugar paradis\u00edaco nace AIKIN, hija del l\u00edder, de una de las tantas comunidades de sirenas que hay en el mundo. Son sociedades n\u00f3madas viajando a trav\u00e9s de los mares alrededor del planeta; siguen la ruta del cardumen, que les sirve de alimento. En su andar y venir por los oc\u00e9anos, a veces, se topan con su peor enemigo: \u00a1tiburones de todo tipo! En esas circunstancias, la comunidad tiene que enfrentarlos, y en m\u00e1s de una ocasi\u00f3n, como ahora, la \u00fanica salida es sacrificar a uno o dos individuos, que sirven como distracci\u00f3n, para que el resto pueda sobrevivir. Ahora no bastar\u00e1 la muerte de unos cuantos para seguir adelante. Se enfrentan a un enemigo que hubieran querido jam\u00e1s encontrar: el hombre, del que muchos han hablado y pocos conocido. El hombre; el mayor depredador de todo ser viviente; del que no solo deben huir, sino ocultarse, pasar desapercibidos; para que la comunidad\u00a0 y la de las dem\u00e1s sirenas alrededor del mundo est\u00e9n a salvo. Un solo ejemplar atrapado por el hombre bastar\u00e1 para que los dem\u00e1s humanos intenten a toda costa probar su existencia y al mismo tiempo marcar su exterminio.\" \/>\n<meta property=\"og:url\" content=\"https:\/\/letrame.com\/catalogo\/producto\/aikin-aventuras-en-el-mar\/\" \/>\n<meta property=\"og:site_name\" content=\"Catalogo | Letrame Grupo Editorial\" \/>\n<meta property=\"article:modified_time\" content=\"2024-04-29T13:16:38+00:00\" \/>\n<meta property=\"og:image\" content=\"https:\/\/letrame.com\/catalogo\/wp-content\/uploads\/2024\/04\/web_aikin_1281mm-compressed.jpg\" \/>\n\t<meta property=\"og:image:width\" content=\"601\" \/>\n\t<meta property=\"og:image:height\" content=\"881\" \/>\n\t<meta property=\"og:image:type\" content=\"image\/jpeg\" \/>\n<meta name=\"twitter:card\" content=\"summary_large_image\" \/>\n<meta name=\"twitter:label1\" content=\"Tiempo de lectura\" \/>\n\t<meta name=\"twitter:data1\" content=\"1 minuto\" \/>\n<script type=\"application\/ld+json\" class=\"yoast-schema-graph\">{\"@context\":\"https:\\\/\\\/schema.org\",\"@graph\":[{\"@type\":\"WebPage\",\"@id\":\"https:\\\/\\\/letrame.com\\\/catalogo\\\/producto\\\/aikin-aventuras-en-el-mar\\\/\",\"url\":\"https:\\\/\\\/letrame.com\\\/catalogo\\\/producto\\\/aikin-aventuras-en-el-mar\\\/\",\"name\":\"Aikin, aventuras en el mar - Catalogo | Letrame Grupo Editorial\",\"isPartOf\":{\"@id\":\"https:\\\/\\\/letrame.com\\\/catalogo\\\/#website\"},\"primaryImageOfPage\":{\"@id\":\"https:\\\/\\\/letrame.com\\\/catalogo\\\/producto\\\/aikin-aventuras-en-el-mar\\\/#primaryimage\"},\"image\":{\"@id\":\"https:\\\/\\\/letrame.com\\\/catalogo\\\/producto\\\/aikin-aventuras-en-el-mar\\\/#primaryimage\"},\"thumbnailUrl\":\"https:\\\/\\\/letrame.com\\\/catalogo\\\/wp-content\\\/uploads\\\/2024\\\/04\\\/web_aikin_1281mm-compressed.jpg\",\"datePublished\":\"2024-04-29T13:16:35+00:00\",\"dateModified\":\"2024-04-29T13:16:38+00:00\",\"breadcrumb\":{\"@id\":\"https:\\\/\\\/letrame.com\\\/catalogo\\\/producto\\\/aikin-aventuras-en-el-mar\\\/#breadcrumb\"},\"inLanguage\":\"es\",\"potentialAction\":[{\"@type\":\"ReadAction\",\"target\":[\"https:\\\/\\\/letrame.com\\\/catalogo\\\/producto\\\/aikin-aventuras-en-el-mar\\\/\"]}]},{\"@type\":\"ImageObject\",\"inLanguage\":\"es\",\"@id\":\"https:\\\/\\\/letrame.com\\\/catalogo\\\/producto\\\/aikin-aventuras-en-el-mar\\\/#primaryimage\",\"url\":\"https:\\\/\\\/letrame.com\\\/catalogo\\\/wp-content\\\/uploads\\\/2024\\\/04\\\/web_aikin_1281mm-compressed.jpg\",\"contentUrl\":\"https:\\\/\\\/letrame.com\\\/catalogo\\\/wp-content\\\/uploads\\\/2024\\\/04\\\/web_aikin_1281mm-compressed.jpg\",\"width\":601,\"height\":881},{\"@type\":\"BreadcrumbList\",\"@id\":\"https:\\\/\\\/letrame.com\\\/catalogo\\\/producto\\\/aikin-aventuras-en-el-mar\\\/#breadcrumb\",\"itemListElement\":[{\"@type\":\"ListItem\",\"position\":1,\"name\":\"Portada\",\"item\":\"https:\\\/\\\/letrame.com\\\/catalogo\\\/\"},{\"@type\":\"ListItem\",\"position\":2,\"name\":\"Cat\u00e1logo\",\"item\":\"https:\\\/\\\/letrame.com\\\/catalogo\\\/\"},{\"@type\":\"ListItem\",\"position\":3,\"name\":\"Aikin, aventuras en el mar\"}]},{\"@type\":\"WebSite\",\"@id\":\"https:\\\/\\\/letrame.com\\\/catalogo\\\/#website\",\"url\":\"https:\\\/\\\/letrame.com\\\/catalogo\\\/\",\"name\":\"Catalogo | Letrame Grupo Editorial\",\"description\":\"\",\"publisher\":{\"@id\":\"https:\\\/\\\/letrame.com\\\/catalogo\\\/#organization\"},\"potentialAction\":[{\"@type\":\"SearchAction\",\"target\":{\"@type\":\"EntryPoint\",\"urlTemplate\":\"https:\\\/\\\/letrame.com\\\/catalogo\\\/?s={search_term_string}\"},\"query-input\":{\"@type\":\"PropertyValueSpecification\",\"valueRequired\":true,\"valueName\":\"search_term_string\"}}],\"inLanguage\":\"es\"},{\"@type\":\"Organization\",\"@id\":\"https:\\\/\\\/letrame.com\\\/catalogo\\\/#organization\",\"name\":\"Catalogo | Letrame Grupo Editorial\",\"url\":\"https:\\\/\\\/letrame.com\\\/catalogo\\\/\",\"logo\":{\"@type\":\"ImageObject\",\"inLanguage\":\"es\",\"@id\":\"https:\\\/\\\/letrame.com\\\/catalogo\\\/#\\\/schema\\\/logo\\\/image\\\/\",\"url\":\"https:\\\/\\\/letrame.com\\\/catalogo\\\/wp-content\\\/uploads\\\/2024\\\/03\\\/logo2.webp\",\"contentUrl\":\"https:\\\/\\\/letrame.com\\\/catalogo\\\/wp-content\\\/uploads\\\/2024\\\/03\\\/logo2.webp\",\"width\":394,\"height\":128,\"caption\":\"Catalogo | Letrame Grupo Editorial\"},\"image\":{\"@id\":\"https:\\\/\\\/letrame.com\\\/catalogo\\\/#\\\/schema\\\/logo\\\/image\\\/\"}}]}<\/script>\n<!-- \/ Yoast SEO plugin. -->","yoast_head_json":{"title":"Aikin, aventuras en el mar - Catalogo | Letrame Grupo Editorial","robots":{"index":"index","follow":"follow","max-snippet":"max-snippet:-1","max-image-preview":"max-image-preview:large","max-video-preview":"max-video-preview:-1"},"canonical":"https:\/\/letrame.com\/catalogo\/producto\/aikin-aventuras-en-el-mar\/","og_locale":"es_ES","og_type":"article","og_title":"Aikin, aventuras en el mar - Catalogo | Letrame Grupo Editorial","og_description":"ISBN: 978-84-1144-655-6 SINOPSIS En una isla lejana, en un lugar paradis\u00edaco nace AIKIN, hija del l\u00edder, de una de las tantas comunidades de sirenas que hay en el mundo. Son sociedades n\u00f3madas viajando a trav\u00e9s de los mares alrededor del planeta; siguen la ruta del cardumen, que les sirve de alimento. En su andar y venir por los oc\u00e9anos, a veces, se topan con su peor enemigo: \u00a1tiburones de todo tipo! En esas circunstancias, la comunidad tiene que enfrentarlos, y en m\u00e1s de una ocasi\u00f3n, como ahora, la \u00fanica salida es sacrificar a uno o dos individuos, que sirven como distracci\u00f3n, para que el resto pueda sobrevivir. Ahora no bastar\u00e1 la muerte de unos cuantos para seguir adelante. Se enfrentan a un enemigo que hubieran querido jam\u00e1s encontrar: el hombre, del que muchos han hablado y pocos conocido. El hombre; el mayor depredador de todo ser viviente; del que no solo deben huir, sino ocultarse, pasar desapercibidos; para que la comunidad\u00a0 y la de las dem\u00e1s sirenas alrededor del mundo est\u00e9n a salvo. Un solo ejemplar atrapado por el hombre bastar\u00e1 para que los dem\u00e1s humanos intenten a toda costa probar su existencia y al mismo tiempo marcar su exterminio.","og_url":"https:\/\/letrame.com\/catalogo\/producto\/aikin-aventuras-en-el-mar\/","og_site_name":"Catalogo | Letrame Grupo Editorial","article_modified_time":"2024-04-29T13:16:38+00:00","og_image":[{"width":601,"height":881,"url":"https:\/\/letrame.com\/catalogo\/wp-content\/uploads\/2024\/04\/web_aikin_1281mm-compressed.jpg","type":"image\/jpeg"}],"twitter_card":"summary_large_image","twitter_misc":{"Tiempo de lectura":"1 minuto"},"schema":{"@context":"https:\/\/schema.org","@graph":[{"@type":"WebPage","@id":"https:\/\/letrame.com\/catalogo\/producto\/aikin-aventuras-en-el-mar\/","url":"https:\/\/letrame.com\/catalogo\/producto\/aikin-aventuras-en-el-mar\/","name":"Aikin, aventuras en el mar - Catalogo | Letrame Grupo Editorial","isPartOf":{"@id":"https:\/\/letrame.com\/catalogo\/#website"},"primaryImageOfPage":{"@id":"https:\/\/letrame.com\/catalogo\/producto\/aikin-aventuras-en-el-mar\/#primaryimage"},"image":{"@id":"https:\/\/letrame.com\/catalogo\/producto\/aikin-aventuras-en-el-mar\/#primaryimage"},"thumbnailUrl":"https:\/\/letrame.com\/catalogo\/wp-content\/uploads\/2024\/04\/web_aikin_1281mm-compressed.jpg","datePublished":"2024-04-29T13:16:35+00:00","dateModified":"2024-04-29T13:16:38+00:00","breadcrumb":{"@id":"https:\/\/letrame.com\/catalogo\/producto\/aikin-aventuras-en-el-mar\/#breadcrumb"},"inLanguage":"es","potentialAction":[{"@type":"ReadAction","target":["https:\/\/letrame.com\/catalogo\/producto\/aikin-aventuras-en-el-mar\/"]}]},{"@type":"ImageObject","inLanguage":"es","@id":"https:\/\/letrame.com\/catalogo\/producto\/aikin-aventuras-en-el-mar\/#primaryimage","url":"https:\/\/letrame.com\/catalogo\/wp-content\/uploads\/2024\/04\/web_aikin_1281mm-compressed.jpg","contentUrl":"https:\/\/letrame.com\/catalogo\/wp-content\/uploads\/2024\/04\/web_aikin_1281mm-compressed.jpg","width":601,"height":881},{"@type":"BreadcrumbList","@id":"https:\/\/letrame.com\/catalogo\/producto\/aikin-aventuras-en-el-mar\/#breadcrumb","itemListElement":[{"@type":"ListItem","position":1,"name":"Portada","item":"https:\/\/letrame.com\/catalogo\/"},{"@type":"ListItem","position":2,"name":"Cat\u00e1logo","item":"https:\/\/letrame.com\/catalogo\/"},{"@type":"ListItem","position":3,"name":"Aikin, aventuras en el mar"}]},{"@type":"WebSite","@id":"https:\/\/letrame.com\/catalogo\/#website","url":"https:\/\/letrame.com\/catalogo\/","name":"Catalogo | Letrame Grupo Editorial","description":"","publisher":{"@id":"https:\/\/letrame.com\/catalogo\/#organization"},"potentialAction":[{"@type":"SearchAction","target":{"@type":"EntryPoint","urlTemplate":"https:\/\/letrame.com\/catalogo\/?s={search_term_string}"},"query-input":{"@type":"PropertyValueSpecification","valueRequired":true,"valueName":"search_term_string"}}],"inLanguage":"es"},{"@type":"Organization","@id":"https:\/\/letrame.com\/catalogo\/#organization","name":"Catalogo | Letrame Grupo Editorial","url":"https:\/\/letrame.com\/catalogo\/","logo":{"@type":"ImageObject","inLanguage":"es","@id":"https:\/\/letrame.com\/catalogo\/#\/schema\/logo\/image\/","url":"https:\/\/letrame.com\/catalogo\/wp-content\/uploads\/2024\/03\/logo2.webp","contentUrl":"https:\/\/letrame.com\/catalogo\/wp-content\/uploads\/2024\/03\/logo2.webp","width":394,"height":128,"caption":"Catalogo | Letrame Grupo Editorial"},"image":{"@id":"https:\/\/letrame.com\/catalogo\/#\/schema\/logo\/image\/"}}]}},"_links":{"self":[{"href":"https:\/\/letrame.com\/catalogo\/wp-json\/wp\/v2\/product\/98666","targetHints":{"allow":["GET"]}}],"collection":[{"href":"https:\/\/letrame.com\/catalogo\/wp-json\/wp\/v2\/product"}],"about":[{"href":"https:\/\/letrame.com\/catalogo\/wp-json\/wp\/v2\/types\/product"}],"replies":[{"embeddable":true,"href":"https:\/\/letrame.com\/catalogo\/wp-json\/wp\/v2\/comments?post=98666"}],"acf:post":[{"embeddable":true,"href":"https:\/\/letrame.com\/catalogo\/wp-json\/wp\/v2\/author_book\/77107"}],"wp:featuredmedia":[{"embeddable":true,"href":"https:\/\/letrame.com\/catalogo\/wp-json\/wp\/v2\/media\/98667"}],"wp:attachment":[{"href":"https:\/\/letrame.com\/catalogo\/wp-json\/wp\/v2\/media?parent=98666"}],"wp:term":[{"taxonomy":"libro","embeddable":true,"href":"https:\/\/letrame.com\/catalogo\/wp-json\/wp\/v2\/libro?post=98666"},{"taxonomy":"product_brand","embeddable":true,"href":"https:\/\/letrame.com\/catalogo\/wp-json\/wp\/v2\/product_brand?post=98666"},{"taxonomy":"product_cat","embeddable":true,"href":"https:\/\/letrame.com\/catalogo\/wp-json\/wp\/v2\/product_cat?post=98666"},{"taxonomy":"product_tag","embeddable":true,"href":"https:\/\/letrame.com\/catalogo\/wp-json\/wp\/v2\/product_tag?post=98666"}],"curies":[{"name":"wp","href":"https:\/\/api.w.org\/{rel}","templated":true}]}}