{"id":98663,"date":"2024-04-29T15:15:49","date_gmt":"2024-04-29T13:15:49","guid":{"rendered":"https:\/\/letrame.com\/catalogo\/producto\/el-sindrome-del-corazon-roto\/"},"modified":"2024-08-09T08:39:39","modified_gmt":"2024-08-09T06:39:39","slug":"el-sindrome-del-corazon-roto","status":"publish","type":"product","link":"https:\/\/letrame.com\/catalogo\/producto\/el-sindrome-del-corazon-roto\/","title":{"rendered":"El s\u00edndrome del coraz\u00f3n roto"},"content":{"rendered":"<p><strong>ISBN<\/strong>: 978-84-1144-507-8<\/p>\n<p><strong>T\u00edtulo<\/strong>: El s\u00edndrome del coraz\u00f3n roto<br \/>\n<strong>Fecha<\/strong>: 2022<br \/>\n<strong>P\u00e1ginas<\/strong>: 56<\/p>\n<p><strong>SINOPSIS<\/strong><\/p>\n<p>Un estr\u00e9s emocional intenso como la p\u00e9rdida de un ser querido o una fuerte discusi\u00f3n puede ocasionar la sensaci\u00f3n de un ataque card\u00edaco.<\/p>\n<p>El s\u00edndrome del coraz\u00f3n roto nace de la necesidad de mostrar la realidad m\u00e1s absoluta de un amor atormentado que termina por dejarte casi sin aliento.<\/p>\n<p>Cuando no ves la salida, cuando el alma se rompe, cuando el tiempo no trae el olvido\u2026..<\/p>\n<p>Es ah\u00ed donde se encuentran sumergidas todas las palabras que no se dicen y se hallan en este libro.<\/p>\n","protected":false},"excerpt":{"rendered":"<p><strong>ISBN<\/strong>: 978-84-1144-507-8<\/p>\n<p><strong>SINOPSIS<\/strong><\/p>\n<p>Un estr\u00e9s emocional intenso como la p\u00e9rdida de un ser querido o una fuerte discusi\u00f3n puede ocasionar la sensaci\u00f3n de un ataque card\u00edaco.<\/p>\n<p>El s\u00edndrome del coraz\u00f3n roto nace de la necesidad de mostrar la realidad m\u00e1s absoluta de un amor atormentado que termina por dejarte casi sin aliento.<\/p>\n<p>Cuando no ves la salida, cuando el alma se rompe, cuando el tiempo no trae el olvido\u2026..<\/p>\n<p>Es ah\u00ed donde se encuentran sumergidas todas las palabras que no se dicen y se hallan en este libro.<\/p>\n","protected":false},"featured_media":100413,"comment_status":"closed","ping_status":"closed","template":"","meta":{"_acf_changed":false},"libro":[],"product_brand":[],"product_cat":[18],"product_tag":[],"class_list":{"0":"post-98663","1":"product","2":"type-product","3":"status-publish","4":"has-post-thumbnail","6":"product_cat-autoayuda","8":"first","9":"instock","10":"product-type-simple"},"acf":{"autor":[77103],"enlace_de_compra":"https:\/\/amzn.to\/4dU4HoD"},"yoast_head":"<!-- This site is optimized with the Yoast SEO plugin v27.4 - https:\/\/yoast.com\/product\/yoast-seo-wordpress\/ -->\n<title>El s\u00edndrome del coraz\u00f3n roto - Catalogo | Letrame Grupo Editorial<\/title>\n<meta name=\"robots\" content=\"index, follow, max-snippet:-1, max-image-preview:large, max-video-preview:-1\" \/>\n<link rel=\"canonical\" href=\"https:\/\/letrame.com\/catalogo\/producto\/el-sindrome-del-corazon-roto\/\" \/>\n<meta property=\"og:locale\" content=\"es_ES\" \/>\n<meta property=\"og:type\" content=\"article\" \/>\n<meta property=\"og:title\" content=\"El s\u00edndrome del coraz\u00f3n roto - Catalogo | Letrame Grupo Editorial\" \/>\n<meta property=\"og:description\" content=\"ISBN: 978-84-1144-507-8  SINOPSIS  Un estr\u00e9s emocional intenso como la p\u00e9rdida de un ser querido o una fuerte discusi\u00f3n puede ocasionar la sensaci\u00f3n de un ataque card\u00edaco.  El s\u00edndrome del coraz\u00f3n roto nace de la necesidad de mostrar la realidad m\u00e1s absoluta de un amor atormentado que termina por dejarte casi sin aliento.  Cuando no ves la salida, cuando el alma se rompe, cuando el tiempo no trae el olvido\u2026..  Es ah\u00ed donde se encuentran sumergidas todas las palabras que no se dicen y se hallan en este libro.\" \/>\n<meta property=\"og:url\" content=\"https:\/\/letrame.com\/catalogo\/producto\/el-sindrome-del-corazon-roto\/\" \/>\n<meta property=\"og:site_name\" content=\"Catalogo | Letrame Grupo Editorial\" \/>\n<meta property=\"article:modified_time\" content=\"2024-08-09T06:39:39+00:00\" \/>\n<meta property=\"og:image\" content=\"https:\/\/letrame.com\/catalogo\/wp-content\/uploads\/2024\/04\/reduportadaelsindromedelcorazon_366mm.webp\" \/>\n\t<meta property=\"og:image:width\" content=\"609\" \/>\n\t<meta property=\"og:image:height\" content=\"880\" \/>\n\t<meta property=\"og:image:type\" content=\"image\/webp\" \/>\n<meta name=\"twitter:card\" content=\"summary_large_image\" \/>\n<meta name=\"twitter:label1\" content=\"Tiempo de lectura\" \/>\n\t<meta name=\"twitter:data1\" content=\"1 minuto\" \/>\n<script type=\"application\/ld+json\" class=\"yoast-schema-graph\">{\"@context\":\"https:\\\/\\\/schema.org\",\"@graph\":[{\"@type\":\"WebPage\",\"@id\":\"https:\\\/\\\/letrame.com\\\/catalogo\\\/producto\\\/el-sindrome-del-corazon-roto\\\/\",\"url\":\"https:\\\/\\\/letrame.com\\\/catalogo\\\/producto\\\/el-sindrome-del-corazon-roto\\\/\",\"name\":\"El s\u00edndrome del coraz\u00f3n roto - Catalogo | Letrame Grupo Editorial\",\"isPartOf\":{\"@id\":\"https:\\\/\\\/letrame.com\\\/catalogo\\\/#website\"},\"primaryImageOfPage\":{\"@id\":\"https:\\\/\\\/letrame.com\\\/catalogo\\\/producto\\\/el-sindrome-del-corazon-roto\\\/#primaryimage\"},\"image\":{\"@id\":\"https:\\\/\\\/letrame.com\\\/catalogo\\\/producto\\\/el-sindrome-del-corazon-roto\\\/#primaryimage\"},\"thumbnailUrl\":\"https:\\\/\\\/letrame.com\\\/catalogo\\\/wp-content\\\/uploads\\\/2024\\\/04\\\/reduportadaelsindromedelcorazon_366mm.webp\",\"datePublished\":\"2024-04-29T13:15:49+00:00\",\"dateModified\":\"2024-08-09T06:39:39+00:00\",\"breadcrumb\":{\"@id\":\"https:\\\/\\\/letrame.com\\\/catalogo\\\/producto\\\/el-sindrome-del-corazon-roto\\\/#breadcrumb\"},\"inLanguage\":\"es\",\"potentialAction\":[{\"@type\":\"ReadAction\",\"target\":[\"https:\\\/\\\/letrame.com\\\/catalogo\\\/producto\\\/el-sindrome-del-corazon-roto\\\/\"]}]},{\"@type\":\"ImageObject\",\"inLanguage\":\"es\",\"@id\":\"https:\\\/\\\/letrame.com\\\/catalogo\\\/producto\\\/el-sindrome-del-corazon-roto\\\/#primaryimage\",\"url\":\"https:\\\/\\\/letrame.com\\\/catalogo\\\/wp-content\\\/uploads\\\/2024\\\/04\\\/reduportadaelsindromedelcorazon_366mm.webp\",\"contentUrl\":\"https:\\\/\\\/letrame.com\\\/catalogo\\\/wp-content\\\/uploads\\\/2024\\\/04\\\/reduportadaelsindromedelcorazon_366mm.webp\",\"width\":609,\"height\":880},{\"@type\":\"BreadcrumbList\",\"@id\":\"https:\\\/\\\/letrame.com\\\/catalogo\\\/producto\\\/el-sindrome-del-corazon-roto\\\/#breadcrumb\",\"itemListElement\":[{\"@type\":\"ListItem\",\"position\":1,\"name\":\"Portada\",\"item\":\"https:\\\/\\\/letrame.com\\\/catalogo\\\/\"},{\"@type\":\"ListItem\",\"position\":2,\"name\":\"Cat\u00e1logo\",\"item\":\"https:\\\/\\\/letrame.com\\\/catalogo\\\/\"},{\"@type\":\"ListItem\",\"position\":3,\"name\":\"El s\u00edndrome del coraz\u00f3n roto\"}]},{\"@type\":\"WebSite\",\"@id\":\"https:\\\/\\\/letrame.com\\\/catalogo\\\/#website\",\"url\":\"https:\\\/\\\/letrame.com\\\/catalogo\\\/\",\"name\":\"Catalogo | Letrame Grupo Editorial\",\"description\":\"\",\"publisher\":{\"@id\":\"https:\\\/\\\/letrame.com\\\/catalogo\\\/#organization\"},\"potentialAction\":[{\"@type\":\"SearchAction\",\"target\":{\"@type\":\"EntryPoint\",\"urlTemplate\":\"https:\\\/\\\/letrame.com\\\/catalogo\\\/?s={search_term_string}\"},\"query-input\":{\"@type\":\"PropertyValueSpecification\",\"valueRequired\":true,\"valueName\":\"search_term_string\"}}],\"inLanguage\":\"es\"},{\"@type\":\"Organization\",\"@id\":\"https:\\\/\\\/letrame.com\\\/catalogo\\\/#organization\",\"name\":\"Catalogo | Letrame Grupo Editorial\",\"url\":\"https:\\\/\\\/letrame.com\\\/catalogo\\\/\",\"logo\":{\"@type\":\"ImageObject\",\"inLanguage\":\"es\",\"@id\":\"https:\\\/\\\/letrame.com\\\/catalogo\\\/#\\\/schema\\\/logo\\\/image\\\/\",\"url\":\"https:\\\/\\\/letrame.com\\\/catalogo\\\/wp-content\\\/uploads\\\/2024\\\/03\\\/logo2.webp\",\"contentUrl\":\"https:\\\/\\\/letrame.com\\\/catalogo\\\/wp-content\\\/uploads\\\/2024\\\/03\\\/logo2.webp\",\"width\":394,\"height\":128,\"caption\":\"Catalogo | Letrame Grupo Editorial\"},\"image\":{\"@id\":\"https:\\\/\\\/letrame.com\\\/catalogo\\\/#\\\/schema\\\/logo\\\/image\\\/\"}}]}<\/script>\n<!-- \/ Yoast SEO plugin. -->","yoast_head_json":{"title":"El s\u00edndrome del coraz\u00f3n roto - Catalogo | Letrame Grupo Editorial","robots":{"index":"index","follow":"follow","max-snippet":"max-snippet:-1","max-image-preview":"max-image-preview:large","max-video-preview":"max-video-preview:-1"},"canonical":"https:\/\/letrame.com\/catalogo\/producto\/el-sindrome-del-corazon-roto\/","og_locale":"es_ES","og_type":"article","og_title":"El s\u00edndrome del coraz\u00f3n roto - Catalogo | Letrame Grupo Editorial","og_description":"ISBN: 978-84-1144-507-8  SINOPSIS  Un estr\u00e9s emocional intenso como la p\u00e9rdida de un ser querido o una fuerte discusi\u00f3n puede ocasionar la sensaci\u00f3n de un ataque card\u00edaco.  El s\u00edndrome del coraz\u00f3n roto nace de la necesidad de mostrar la realidad m\u00e1s absoluta de un amor atormentado que termina por dejarte casi sin aliento.  Cuando no ves la salida, cuando el alma se rompe, cuando el tiempo no trae el olvido\u2026..  Es ah\u00ed donde se encuentran sumergidas todas las palabras que no se dicen y se hallan en este libro.","og_url":"https:\/\/letrame.com\/catalogo\/producto\/el-sindrome-del-corazon-roto\/","og_site_name":"Catalogo | Letrame Grupo Editorial","article_modified_time":"2024-08-09T06:39:39+00:00","og_image":[{"width":609,"height":880,"url":"https:\/\/letrame.com\/catalogo\/wp-content\/uploads\/2024\/04\/reduportadaelsindromedelcorazon_366mm.webp","type":"image\/webp"}],"twitter_card":"summary_large_image","twitter_misc":{"Tiempo de lectura":"1 minuto"},"schema":{"@context":"https:\/\/schema.org","@graph":[{"@type":"WebPage","@id":"https:\/\/letrame.com\/catalogo\/producto\/el-sindrome-del-corazon-roto\/","url":"https:\/\/letrame.com\/catalogo\/producto\/el-sindrome-del-corazon-roto\/","name":"El s\u00edndrome del coraz\u00f3n roto - Catalogo | Letrame Grupo Editorial","isPartOf":{"@id":"https:\/\/letrame.com\/catalogo\/#website"},"primaryImageOfPage":{"@id":"https:\/\/letrame.com\/catalogo\/producto\/el-sindrome-del-corazon-roto\/#primaryimage"},"image":{"@id":"https:\/\/letrame.com\/catalogo\/producto\/el-sindrome-del-corazon-roto\/#primaryimage"},"thumbnailUrl":"https:\/\/letrame.com\/catalogo\/wp-content\/uploads\/2024\/04\/reduportadaelsindromedelcorazon_366mm.webp","datePublished":"2024-04-29T13:15:49+00:00","dateModified":"2024-08-09T06:39:39+00:00","breadcrumb":{"@id":"https:\/\/letrame.com\/catalogo\/producto\/el-sindrome-del-corazon-roto\/#breadcrumb"},"inLanguage":"es","potentialAction":[{"@type":"ReadAction","target":["https:\/\/letrame.com\/catalogo\/producto\/el-sindrome-del-corazon-roto\/"]}]},{"@type":"ImageObject","inLanguage":"es","@id":"https:\/\/letrame.com\/catalogo\/producto\/el-sindrome-del-corazon-roto\/#primaryimage","url":"https:\/\/letrame.com\/catalogo\/wp-content\/uploads\/2024\/04\/reduportadaelsindromedelcorazon_366mm.webp","contentUrl":"https:\/\/letrame.com\/catalogo\/wp-content\/uploads\/2024\/04\/reduportadaelsindromedelcorazon_366mm.webp","width":609,"height":880},{"@type":"BreadcrumbList","@id":"https:\/\/letrame.com\/catalogo\/producto\/el-sindrome-del-corazon-roto\/#breadcrumb","itemListElement":[{"@type":"ListItem","position":1,"name":"Portada","item":"https:\/\/letrame.com\/catalogo\/"},{"@type":"ListItem","position":2,"name":"Cat\u00e1logo","item":"https:\/\/letrame.com\/catalogo\/"},{"@type":"ListItem","position":3,"name":"El s\u00edndrome del coraz\u00f3n roto"}]},{"@type":"WebSite","@id":"https:\/\/letrame.com\/catalogo\/#website","url":"https:\/\/letrame.com\/catalogo\/","name":"Catalogo | Letrame Grupo Editorial","description":"","publisher":{"@id":"https:\/\/letrame.com\/catalogo\/#organization"},"potentialAction":[{"@type":"SearchAction","target":{"@type":"EntryPoint","urlTemplate":"https:\/\/letrame.com\/catalogo\/?s={search_term_string}"},"query-input":{"@type":"PropertyValueSpecification","valueRequired":true,"valueName":"search_term_string"}}],"inLanguage":"es"},{"@type":"Organization","@id":"https:\/\/letrame.com\/catalogo\/#organization","name":"Catalogo | Letrame Grupo Editorial","url":"https:\/\/letrame.com\/catalogo\/","logo":{"@type":"ImageObject","inLanguage":"es","@id":"https:\/\/letrame.com\/catalogo\/#\/schema\/logo\/image\/","url":"https:\/\/letrame.com\/catalogo\/wp-content\/uploads\/2024\/03\/logo2.webp","contentUrl":"https:\/\/letrame.com\/catalogo\/wp-content\/uploads\/2024\/03\/logo2.webp","width":394,"height":128,"caption":"Catalogo | Letrame Grupo Editorial"},"image":{"@id":"https:\/\/letrame.com\/catalogo\/#\/schema\/logo\/image\/"}}]}},"_links":{"self":[{"href":"https:\/\/letrame.com\/catalogo\/wp-json\/wp\/v2\/product\/98663","targetHints":{"allow":["GET"]}}],"collection":[{"href":"https:\/\/letrame.com\/catalogo\/wp-json\/wp\/v2\/product"}],"about":[{"href":"https:\/\/letrame.com\/catalogo\/wp-json\/wp\/v2\/types\/product"}],"replies":[{"embeddable":true,"href":"https:\/\/letrame.com\/catalogo\/wp-json\/wp\/v2\/comments?post=98663"}],"acf:post":[{"embeddable":true,"href":"https:\/\/letrame.com\/catalogo\/wp-json\/wp\/v2\/author_book\/77103"}],"wp:featuredmedia":[{"embeddable":true,"href":"https:\/\/letrame.com\/catalogo\/wp-json\/wp\/v2\/media\/100413"}],"wp:attachment":[{"href":"https:\/\/letrame.com\/catalogo\/wp-json\/wp\/v2\/media?parent=98663"}],"wp:term":[{"taxonomy":"libro","embeddable":true,"href":"https:\/\/letrame.com\/catalogo\/wp-json\/wp\/v2\/libro?post=98663"},{"taxonomy":"product_brand","embeddable":true,"href":"https:\/\/letrame.com\/catalogo\/wp-json\/wp\/v2\/product_brand?post=98663"},{"taxonomy":"product_cat","embeddable":true,"href":"https:\/\/letrame.com\/catalogo\/wp-json\/wp\/v2\/product_cat?post=98663"},{"taxonomy":"product_tag","embeddable":true,"href":"https:\/\/letrame.com\/catalogo\/wp-json\/wp\/v2\/product_tag?post=98663"}],"curies":[{"name":"wp","href":"https:\/\/api.w.org\/{rel}","templated":true}]}}