{"id":98662,"date":"2024-04-29T15:15:49","date_gmt":"2024-04-29T13:15:49","guid":{"rendered":"https:\/\/letrame.com\/catalogo\/producto\/un-imbecil-en-el-paraiso\/"},"modified":"2024-05-16T16:35:08","modified_gmt":"2024-05-16T14:35:08","slug":"un-imbecil-en-el-paraiso","status":"publish","type":"product","link":"https:\/\/letrame.com\/catalogo\/producto\/un-imbecil-en-el-paraiso\/","title":{"rendered":"Un imb\u00e9cil en el paraiso"},"content":{"rendered":"<p><strong>ISBN<\/strong>: 978-84-1144-711-9<\/p>\n<p><strong>T\u00edtulo<\/strong>: Un imb\u00e9cil en el paraiso<br \/>\n<strong>Fecha<\/strong>: 2023<\/p>\n<p><strong>P\u00e1ginas<\/strong>: 246<\/p>\n<p><strong>SINOPSIS<\/strong><\/p>\n<p>Cuando la dominicana Lucrecia P\u00e9rez emigr\u00f3 a Espa\u00f1a para ganarse la vida como chacha, dej\u00f3 en su pa\u00eds a su peque\u00f1a Kenia, de solo seis a\u00f1itos de edad, con la ilusi\u00f3n del reencuentro.<\/p>\n<p>Nunca m\u00e1s volvieron a verse.<\/p>\n<p>Por pura diversi\u00f3n, un guardia civil de ideolog\u00eda neonazi, Luis Merino P\u00e9rez, mat\u00f3 a tiros a Lucrecia P\u00e9rez el 13 de noviembre de 1992 en una discoteca abandonada de Madrid donde tomaba sopa con unos compatriotas.<\/p>\n<p>Fue el primer crimen xen\u00f3fobo de la democracia espa\u00f1ola.<\/p>\n<p>30 a\u00f1os despu\u00e9s, lejos de desaparecer, los delitos de odio se han multiplicado alentados por el fascismo emergente.<\/p>\n<p>Y esto no puede ser.<\/p>\n","protected":false},"excerpt":{"rendered":"<p><strong>ISBN<\/strong>: 978-84-1144-711-9<\/p>\n<p><strong>SINOPSIS<\/strong><\/p>\n<p>Cuando la dominicana Lucrecia P\u00e9rez emigr\u00f3 a Espa\u00f1a para ganarse la vida como chacha, dej\u00f3 en su pa\u00eds a su peque\u00f1a Kenia, de solo seis a\u00f1itos de edad, con la ilusi\u00f3n del reencuentro.<\/p>\n<p>Nunca m\u00e1s volvieron a verse.<\/p>\n<p>Por pura diversi\u00f3n, un guardia civil de ideolog\u00eda neonazi, Luis Merino P\u00e9rez, mat\u00f3 a tiros a Lucrecia P\u00e9rez el 13 de noviembre de 1992 en una discoteca abandonada de Madrid donde tomaba sopa con unos compatriotas.<\/p>\n<p>Fue el primer crimen xen\u00f3fobo de la democracia espa\u00f1ola.<\/p>\n<p>30 a\u00f1os despu\u00e9s, lejos de desaparecer, los delitos de odio se han multiplicado alentados por el fascismo emergente.<\/p>\n<p>Y esto no puede ser.<\/p>\n","protected":false},"featured_media":100411,"comment_status":"closed","ping_status":"closed","template":"","meta":{"_acf_changed":false},"libro":[],"product_brand":[],"product_cat":[26],"product_tag":[],"class_list":{"0":"post-98662","1":"product","2":"type-product","3":"status-publish","4":"has-post-thumbnail","6":"product_cat-sin-categoria","8":"first","9":"instock","10":"product-type-simple"},"acf":{"autor":[76091],"enlace_de_compra":"https:\/\/www.amazon.es\/imb%C3%A9cil-para%C3%ADso-novela-Javier-Os%C3%A9s\/dp\/8411447111\/"},"yoast_head":"<!-- This site is optimized with the Yoast SEO plugin v27.4 - https:\/\/yoast.com\/product\/yoast-seo-wordpress\/ -->\n<title>Un imb\u00e9cil en el paraiso - Catalogo | Letrame Grupo Editorial<\/title>\n<meta name=\"robots\" content=\"index, follow, max-snippet:-1, max-image-preview:large, max-video-preview:-1\" \/>\n<link rel=\"canonical\" href=\"https:\/\/letrame.com\/catalogo\/producto\/un-imbecil-en-el-paraiso\/\" \/>\n<meta property=\"og:locale\" content=\"es_ES\" \/>\n<meta property=\"og:type\" content=\"article\" \/>\n<meta property=\"og:title\" content=\"Un imb\u00e9cil en el paraiso - Catalogo | Letrame Grupo Editorial\" \/>\n<meta property=\"og:description\" content=\"ISBN: 978-84-1144-711-9  SINOPSIS  Cuando la dominicana Lucrecia P\u00e9rez emigr\u00f3 a Espa\u00f1a para ganarse la vida como chacha, dej\u00f3 en su pa\u00eds a su peque\u00f1a Kenia, de solo seis a\u00f1itos de edad, con la ilusi\u00f3n del reencuentro.  Nunca m\u00e1s volvieron a verse.  Por pura diversi\u00f3n, un guardia civil de ideolog\u00eda neonazi, Luis Merino P\u00e9rez, mat\u00f3 a tiros a Lucrecia P\u00e9rez el 13 de noviembre de 1992 en una discoteca abandonada de Madrid donde tomaba sopa con unos compatriotas.  Fue el primer crimen xen\u00f3fobo de la democracia espa\u00f1ola.  30 a\u00f1os despu\u00e9s, lejos de desaparecer, los delitos de odio se han multiplicado alentados por el fascismo emergente.  Y esto no puede ser.\" \/>\n<meta property=\"og:url\" content=\"https:\/\/letrame.com\/catalogo\/producto\/un-imbecil-en-el-paraiso\/\" \/>\n<meta property=\"og:site_name\" content=\"Catalogo | Letrame Grupo Editorial\" \/>\n<meta property=\"article:modified_time\" content=\"2024-05-16T14:35:08+00:00\" \/>\n<meta property=\"og:image\" content=\"https:\/\/letrame.com\/catalogo\/wp-content\/uploads\/2024\/04\/web_unimbecilenelparaiso_1385mm-compressed.webp\" \/>\n\t<meta property=\"og:image:width\" content=\"601\" \/>\n\t<meta property=\"og:image:height\" content=\"881\" \/>\n\t<meta property=\"og:image:type\" content=\"image\/webp\" \/>\n<meta name=\"twitter:card\" content=\"summary_large_image\" \/>\n<meta name=\"twitter:label1\" content=\"Tiempo de lectura\" \/>\n\t<meta name=\"twitter:data1\" content=\"1 minuto\" \/>\n<script type=\"application\/ld+json\" class=\"yoast-schema-graph\">{\"@context\":\"https:\\\/\\\/schema.org\",\"@graph\":[{\"@type\":\"WebPage\",\"@id\":\"https:\\\/\\\/letrame.com\\\/catalogo\\\/producto\\\/un-imbecil-en-el-paraiso\\\/\",\"url\":\"https:\\\/\\\/letrame.com\\\/catalogo\\\/producto\\\/un-imbecil-en-el-paraiso\\\/\",\"name\":\"Un imb\u00e9cil en el paraiso - Catalogo | Letrame Grupo Editorial\",\"isPartOf\":{\"@id\":\"https:\\\/\\\/letrame.com\\\/catalogo\\\/#website\"},\"primaryImageOfPage\":{\"@id\":\"https:\\\/\\\/letrame.com\\\/catalogo\\\/producto\\\/un-imbecil-en-el-paraiso\\\/#primaryimage\"},\"image\":{\"@id\":\"https:\\\/\\\/letrame.com\\\/catalogo\\\/producto\\\/un-imbecil-en-el-paraiso\\\/#primaryimage\"},\"thumbnailUrl\":\"https:\\\/\\\/letrame.com\\\/catalogo\\\/wp-content\\\/uploads\\\/2024\\\/04\\\/web_unimbecilenelparaiso_1385mm-compressed.webp\",\"datePublished\":\"2024-04-29T13:15:49+00:00\",\"dateModified\":\"2024-05-16T14:35:08+00:00\",\"breadcrumb\":{\"@id\":\"https:\\\/\\\/letrame.com\\\/catalogo\\\/producto\\\/un-imbecil-en-el-paraiso\\\/#breadcrumb\"},\"inLanguage\":\"es\",\"potentialAction\":[{\"@type\":\"ReadAction\",\"target\":[\"https:\\\/\\\/letrame.com\\\/catalogo\\\/producto\\\/un-imbecil-en-el-paraiso\\\/\"]}]},{\"@type\":\"ImageObject\",\"inLanguage\":\"es\",\"@id\":\"https:\\\/\\\/letrame.com\\\/catalogo\\\/producto\\\/un-imbecil-en-el-paraiso\\\/#primaryimage\",\"url\":\"https:\\\/\\\/letrame.com\\\/catalogo\\\/wp-content\\\/uploads\\\/2024\\\/04\\\/web_unimbecilenelparaiso_1385mm-compressed.webp\",\"contentUrl\":\"https:\\\/\\\/letrame.com\\\/catalogo\\\/wp-content\\\/uploads\\\/2024\\\/04\\\/web_unimbecilenelparaiso_1385mm-compressed.webp\",\"width\":601,\"height\":881},{\"@type\":\"BreadcrumbList\",\"@id\":\"https:\\\/\\\/letrame.com\\\/catalogo\\\/producto\\\/un-imbecil-en-el-paraiso\\\/#breadcrumb\",\"itemListElement\":[{\"@type\":\"ListItem\",\"position\":1,\"name\":\"Portada\",\"item\":\"https:\\\/\\\/letrame.com\\\/catalogo\\\/\"},{\"@type\":\"ListItem\",\"position\":2,\"name\":\"Cat\u00e1logo\",\"item\":\"https:\\\/\\\/letrame.com\\\/catalogo\\\/\"},{\"@type\":\"ListItem\",\"position\":3,\"name\":\"Un imb\u00e9cil en el paraiso\"}]},{\"@type\":\"WebSite\",\"@id\":\"https:\\\/\\\/letrame.com\\\/catalogo\\\/#website\",\"url\":\"https:\\\/\\\/letrame.com\\\/catalogo\\\/\",\"name\":\"Catalogo | Letrame Grupo Editorial\",\"description\":\"\",\"publisher\":{\"@id\":\"https:\\\/\\\/letrame.com\\\/catalogo\\\/#organization\"},\"potentialAction\":[{\"@type\":\"SearchAction\",\"target\":{\"@type\":\"EntryPoint\",\"urlTemplate\":\"https:\\\/\\\/letrame.com\\\/catalogo\\\/?s={search_term_string}\"},\"query-input\":{\"@type\":\"PropertyValueSpecification\",\"valueRequired\":true,\"valueName\":\"search_term_string\"}}],\"inLanguage\":\"es\"},{\"@type\":\"Organization\",\"@id\":\"https:\\\/\\\/letrame.com\\\/catalogo\\\/#organization\",\"name\":\"Catalogo | Letrame Grupo Editorial\",\"url\":\"https:\\\/\\\/letrame.com\\\/catalogo\\\/\",\"logo\":{\"@type\":\"ImageObject\",\"inLanguage\":\"es\",\"@id\":\"https:\\\/\\\/letrame.com\\\/catalogo\\\/#\\\/schema\\\/logo\\\/image\\\/\",\"url\":\"https:\\\/\\\/letrame.com\\\/catalogo\\\/wp-content\\\/uploads\\\/2024\\\/03\\\/logo2.webp\",\"contentUrl\":\"https:\\\/\\\/letrame.com\\\/catalogo\\\/wp-content\\\/uploads\\\/2024\\\/03\\\/logo2.webp\",\"width\":394,\"height\":128,\"caption\":\"Catalogo | Letrame Grupo Editorial\"},\"image\":{\"@id\":\"https:\\\/\\\/letrame.com\\\/catalogo\\\/#\\\/schema\\\/logo\\\/image\\\/\"}}]}<\/script>\n<!-- \/ Yoast SEO plugin. -->","yoast_head_json":{"title":"Un imb\u00e9cil en el paraiso - Catalogo | Letrame Grupo Editorial","robots":{"index":"index","follow":"follow","max-snippet":"max-snippet:-1","max-image-preview":"max-image-preview:large","max-video-preview":"max-video-preview:-1"},"canonical":"https:\/\/letrame.com\/catalogo\/producto\/un-imbecil-en-el-paraiso\/","og_locale":"es_ES","og_type":"article","og_title":"Un imb\u00e9cil en el paraiso - Catalogo | Letrame Grupo Editorial","og_description":"ISBN: 978-84-1144-711-9  SINOPSIS  Cuando la dominicana Lucrecia P\u00e9rez emigr\u00f3 a Espa\u00f1a para ganarse la vida como chacha, dej\u00f3 en su pa\u00eds a su peque\u00f1a Kenia, de solo seis a\u00f1itos de edad, con la ilusi\u00f3n del reencuentro.  Nunca m\u00e1s volvieron a verse.  Por pura diversi\u00f3n, un guardia civil de ideolog\u00eda neonazi, Luis Merino P\u00e9rez, mat\u00f3 a tiros a Lucrecia P\u00e9rez el 13 de noviembre de 1992 en una discoteca abandonada de Madrid donde tomaba sopa con unos compatriotas.  Fue el primer crimen xen\u00f3fobo de la democracia espa\u00f1ola.  30 a\u00f1os despu\u00e9s, lejos de desaparecer, los delitos de odio se han multiplicado alentados por el fascismo emergente.  Y esto no puede ser.","og_url":"https:\/\/letrame.com\/catalogo\/producto\/un-imbecil-en-el-paraiso\/","og_site_name":"Catalogo | Letrame Grupo Editorial","article_modified_time":"2024-05-16T14:35:08+00:00","og_image":[{"width":601,"height":881,"url":"https:\/\/letrame.com\/catalogo\/wp-content\/uploads\/2024\/04\/web_unimbecilenelparaiso_1385mm-compressed.webp","type":"image\/webp"}],"twitter_card":"summary_large_image","twitter_misc":{"Tiempo de lectura":"1 minuto"},"schema":{"@context":"https:\/\/schema.org","@graph":[{"@type":"WebPage","@id":"https:\/\/letrame.com\/catalogo\/producto\/un-imbecil-en-el-paraiso\/","url":"https:\/\/letrame.com\/catalogo\/producto\/un-imbecil-en-el-paraiso\/","name":"Un imb\u00e9cil en el paraiso - Catalogo | Letrame Grupo Editorial","isPartOf":{"@id":"https:\/\/letrame.com\/catalogo\/#website"},"primaryImageOfPage":{"@id":"https:\/\/letrame.com\/catalogo\/producto\/un-imbecil-en-el-paraiso\/#primaryimage"},"image":{"@id":"https:\/\/letrame.com\/catalogo\/producto\/un-imbecil-en-el-paraiso\/#primaryimage"},"thumbnailUrl":"https:\/\/letrame.com\/catalogo\/wp-content\/uploads\/2024\/04\/web_unimbecilenelparaiso_1385mm-compressed.webp","datePublished":"2024-04-29T13:15:49+00:00","dateModified":"2024-05-16T14:35:08+00:00","breadcrumb":{"@id":"https:\/\/letrame.com\/catalogo\/producto\/un-imbecil-en-el-paraiso\/#breadcrumb"},"inLanguage":"es","potentialAction":[{"@type":"ReadAction","target":["https:\/\/letrame.com\/catalogo\/producto\/un-imbecil-en-el-paraiso\/"]}]},{"@type":"ImageObject","inLanguage":"es","@id":"https:\/\/letrame.com\/catalogo\/producto\/un-imbecil-en-el-paraiso\/#primaryimage","url":"https:\/\/letrame.com\/catalogo\/wp-content\/uploads\/2024\/04\/web_unimbecilenelparaiso_1385mm-compressed.webp","contentUrl":"https:\/\/letrame.com\/catalogo\/wp-content\/uploads\/2024\/04\/web_unimbecilenelparaiso_1385mm-compressed.webp","width":601,"height":881},{"@type":"BreadcrumbList","@id":"https:\/\/letrame.com\/catalogo\/producto\/un-imbecil-en-el-paraiso\/#breadcrumb","itemListElement":[{"@type":"ListItem","position":1,"name":"Portada","item":"https:\/\/letrame.com\/catalogo\/"},{"@type":"ListItem","position":2,"name":"Cat\u00e1logo","item":"https:\/\/letrame.com\/catalogo\/"},{"@type":"ListItem","position":3,"name":"Un imb\u00e9cil en el paraiso"}]},{"@type":"WebSite","@id":"https:\/\/letrame.com\/catalogo\/#website","url":"https:\/\/letrame.com\/catalogo\/","name":"Catalogo | Letrame Grupo Editorial","description":"","publisher":{"@id":"https:\/\/letrame.com\/catalogo\/#organization"},"potentialAction":[{"@type":"SearchAction","target":{"@type":"EntryPoint","urlTemplate":"https:\/\/letrame.com\/catalogo\/?s={search_term_string}"},"query-input":{"@type":"PropertyValueSpecification","valueRequired":true,"valueName":"search_term_string"}}],"inLanguage":"es"},{"@type":"Organization","@id":"https:\/\/letrame.com\/catalogo\/#organization","name":"Catalogo | Letrame Grupo Editorial","url":"https:\/\/letrame.com\/catalogo\/","logo":{"@type":"ImageObject","inLanguage":"es","@id":"https:\/\/letrame.com\/catalogo\/#\/schema\/logo\/image\/","url":"https:\/\/letrame.com\/catalogo\/wp-content\/uploads\/2024\/03\/logo2.webp","contentUrl":"https:\/\/letrame.com\/catalogo\/wp-content\/uploads\/2024\/03\/logo2.webp","width":394,"height":128,"caption":"Catalogo | Letrame Grupo Editorial"},"image":{"@id":"https:\/\/letrame.com\/catalogo\/#\/schema\/logo\/image\/"}}]}},"_links":{"self":[{"href":"https:\/\/letrame.com\/catalogo\/wp-json\/wp\/v2\/product\/98662","targetHints":{"allow":["GET"]}}],"collection":[{"href":"https:\/\/letrame.com\/catalogo\/wp-json\/wp\/v2\/product"}],"about":[{"href":"https:\/\/letrame.com\/catalogo\/wp-json\/wp\/v2\/types\/product"}],"replies":[{"embeddable":true,"href":"https:\/\/letrame.com\/catalogo\/wp-json\/wp\/v2\/comments?post=98662"}],"acf:post":[{"embeddable":true,"href":"https:\/\/letrame.com\/catalogo\/wp-json\/wp\/v2\/author_book\/76091"}],"wp:featuredmedia":[{"embeddable":true,"href":"https:\/\/letrame.com\/catalogo\/wp-json\/wp\/v2\/media\/100411"}],"wp:attachment":[{"href":"https:\/\/letrame.com\/catalogo\/wp-json\/wp\/v2\/media?parent=98662"}],"wp:term":[{"taxonomy":"libro","embeddable":true,"href":"https:\/\/letrame.com\/catalogo\/wp-json\/wp\/v2\/libro?post=98662"},{"taxonomy":"product_brand","embeddable":true,"href":"https:\/\/letrame.com\/catalogo\/wp-json\/wp\/v2\/product_brand?post=98662"},{"taxonomy":"product_cat","embeddable":true,"href":"https:\/\/letrame.com\/catalogo\/wp-json\/wp\/v2\/product_cat?post=98662"},{"taxonomy":"product_tag","embeddable":true,"href":"https:\/\/letrame.com\/catalogo\/wp-json\/wp\/v2\/product_tag?post=98662"}],"curies":[{"name":"wp","href":"https:\/\/api.w.org\/{rel}","templated":true}]}}