{"id":98653,"date":"2024-04-29T15:15:30","date_gmt":"2024-04-29T13:15:30","guid":{"rendered":"https:\/\/letrame.com\/catalogo\/producto\/a-dios-no-le-compete\/"},"modified":"2024-04-29T15:15:37","modified_gmt":"2024-04-29T13:15:37","slug":"a-dios-no-le-compete","status":"publish","type":"product","link":"https:\/\/letrame.com\/catalogo\/producto\/a-dios-no-le-compete\/","title":{"rendered":"A DIOS NO LE COMPETE"},"content":{"rendered":"<p><strong>ISBN<\/strong>: 978-84-1144-745-4<\/p>\n<p><strong>T\u00edtulo<\/strong>: A DIOS NO LE COMPETE<br \/>\n<strong>Fecha<\/strong>: 2023<br \/>\n<strong>P\u00e1ginas<\/strong>: 226<\/p>\n<p><strong>SINOPSIS<\/strong><\/p>\n<p>El universo nos gu\u00eda por los caminos indicados para vivir mejor, usando todas sus leyes, no hay nada al azar, este libro nos ense\u00f1a a descubrir c\u00f3mo ser mejor, el autor nos gu\u00eda a reconocer que el ego el apego y orgullo son los mayores enemigos del ser humano fuente de equivocaciones y del sufrimiento.<\/p>\n<p>Reconocerlo es dif\u00edcil, acabar con el imposible; sin embargo aqu\u00ed aprenderemos a identificarlo, a controlar y erradicarlo,\u00a0somos seres vivos y todos los d\u00edas nos estamos cuestionando, el porque me encuentro en tal o cual situaci\u00f3n de dolor enfermedad y sufrimiento.<\/p>\n<p>Que hago para ser feliz, que hago para ser libre, este libro nos gu\u00eda y ense\u00f1a con su vocabulario limpio, que el factor causante de nuestras manantial de desdichas, es la ley del karma o causa y efecto y aqu\u00ed aprender\u00e1 a reconocerlo evitarlo para lograr llegar a la plenitud.<\/p>\n<p>Descubrir\u00e1 que Dios no es el causante de sus problemas\u00a0y de ning\u00fan mal que te persigue, al final decimos que es la voluntad de Dios, sin embargo, seguimos buscando una respuesta y no la encontramos, y en A DIOS NO LE COMPETE lo descubrir\u00e1 y lo encontrara,\u00a0para alcanzar la plenitud.<\/p>\n<p>&nbsp;<\/p>\n","protected":false},"excerpt":{"rendered":"<p><strong>ISBN<\/strong>: 978-84-1144-745-4<\/p>\n<p><strong>SINOPSIS<\/strong><\/p>\n<p>El universo nos gu\u00eda por los caminos indicados para vivir mejor, usando todas sus leyes, no hay nada al azar, este libro nos ense\u00f1a a descubrir c\u00f3mo ser mejor, el autor nos gu\u00eda a reconocer que el ego el apego y orgullo son los mayores enemigos del ser humano fuente de equivocaciones y del sufrimiento.<\/p>\n<p>Reconocerlo es dif\u00edcil, acabar con el imposible; sin embargo aqu\u00ed aprenderemos a identificarlo, a controlar y erradicarlo,\u00a0somos seres vivos y todos los d\u00edas nos estamos cuestionando, el porque me encuentro en tal o cual situaci\u00f3n de dolor enfermedad y sufrimiento.<\/p>\n<p>Que hago para ser feliz, que hago para ser libre, este libro nos gu\u00eda y ense\u00f1a con su vocabulario limpio, que el factor causante de nuestras manantial de desdichas, es la ley del karma o causa y efecto y aqu\u00ed aprender\u00e1 a reconocerlo evitarlo para lograr llegar a la plenitud.<\/p>\n<p>Descubrir\u00e1 que Dios no es el causante de sus problemas\u00a0y de ning\u00fan mal que te persigue, al final decimos que es la voluntad de Dios, sin embargo, seguimos buscando una respuesta y no la encontramos, y en A DIOS NO LE COMPETE lo descubrir\u00e1 y lo encontrara,\u00a0para alcanzar la plenitud.<\/p>\n","protected":false},"featured_media":98654,"comment_status":"closed","ping_status":"open","template":"","meta":{"_acf_changed":false},"libro":[],"product_brand":[],"product_cat":[26],"product_tag":[],"class_list":{"0":"post-98653","1":"product","2":"type-product","3":"status-publish","4":"has-post-thumbnail","6":"product_cat-sin-categoria","8":"first","9":"instock","10":"product-type-simple"},"acf":{"autor":[77091],"enlace_de_compra":"https:\/\/www.amazon.es\/Dios-compete-01-desarrollo-personal\/dp\/8411447456\/"},"yoast_head":"<!-- This site is optimized with the Yoast SEO plugin v26.6 - https:\/\/yoast.com\/wordpress\/plugins\/seo\/ -->\n<title>A DIOS NO LE COMPETE - Catalogo | Letrame Grupo Editorial<\/title>\n<meta name=\"robots\" content=\"index, follow, max-snippet:-1, max-image-preview:large, max-video-preview:-1\" \/>\n<link rel=\"canonical\" href=\"https:\/\/letrame.com\/catalogo\/producto\/a-dios-no-le-compete\/\" \/>\n<meta property=\"og:locale\" content=\"es_ES\" \/>\n<meta property=\"og:type\" content=\"article\" \/>\n<meta property=\"og:title\" content=\"A DIOS NO LE COMPETE - Catalogo | Letrame Grupo Editorial\" \/>\n<meta property=\"og:description\" content=\"ISBN: 978-84-1144-745-4 SINOPSIS El universo nos gu\u00eda por los caminos indicados para vivir mejor, usando todas sus leyes, no hay nada al azar, este libro nos ense\u00f1a a descubrir c\u00f3mo ser mejor, el autor nos gu\u00eda a reconocer que el ego el apego y orgullo son los mayores enemigos del ser humano fuente de equivocaciones y del sufrimiento. Reconocerlo es dif\u00edcil, acabar con el imposible; sin embargo aqu\u00ed aprenderemos a identificarlo, a controlar y erradicarlo,\u00a0somos seres vivos y todos los d\u00edas nos estamos cuestionando, el porque me encuentro en tal o cual situaci\u00f3n de dolor enfermedad y sufrimiento. Que hago para ser feliz, que hago para ser libre, este libro nos gu\u00eda y ense\u00f1a con su vocabulario limpio, que el factor causante de nuestras manantial de desdichas, es la ley del karma o causa y efecto y aqu\u00ed aprender\u00e1 a reconocerlo evitarlo para lograr llegar a la plenitud. Descubrir\u00e1 que Dios no es el causante de sus problemas\u00a0y de ning\u00fan mal que te persigue, al final decimos que es la voluntad de Dios, sin embargo, seguimos buscando una respuesta y no la encontramos, y en A DIOS NO LE COMPETE lo descubrir\u00e1 y lo encontrara,\u00a0para alcanzar la plenitud.\" \/>\n<meta property=\"og:url\" content=\"https:\/\/letrame.com\/catalogo\/producto\/a-dios-no-le-compete\/\" \/>\n<meta property=\"og:site_name\" content=\"Catalogo | Letrame Grupo Editorial\" \/>\n<meta property=\"article:modified_time\" content=\"2024-04-29T13:15:37+00:00\" \/>\n<meta property=\"og:image\" content=\"https:\/\/letrame.com\/catalogo\/wp-content\/uploads\/2024\/04\/webportadaadiosnolecompete_1281mm-compressed.jpg\" \/>\n\t<meta property=\"og:image:width\" content=\"601\" \/>\n\t<meta property=\"og:image:height\" content=\"881\" \/>\n\t<meta property=\"og:image:type\" content=\"image\/jpeg\" \/>\n<meta name=\"twitter:card\" content=\"summary_large_image\" \/>\n<meta name=\"twitter:label1\" content=\"Tiempo de lectura\" \/>\n\t<meta name=\"twitter:data1\" content=\"1 minuto\" \/>\n<script type=\"application\/ld+json\" class=\"yoast-schema-graph\">{\"@context\":\"https:\/\/schema.org\",\"@graph\":[{\"@type\":\"WebPage\",\"@id\":\"https:\/\/letrame.com\/catalogo\/producto\/a-dios-no-le-compete\/\",\"url\":\"https:\/\/letrame.com\/catalogo\/producto\/a-dios-no-le-compete\/\",\"name\":\"A DIOS NO LE COMPETE - Catalogo | Letrame Grupo Editorial\",\"isPartOf\":{\"@id\":\"https:\/\/letrame.com\/catalogo\/#website\"},\"primaryImageOfPage\":{\"@id\":\"https:\/\/letrame.com\/catalogo\/producto\/a-dios-no-le-compete\/#primaryimage\"},\"image\":{\"@id\":\"https:\/\/letrame.com\/catalogo\/producto\/a-dios-no-le-compete\/#primaryimage\"},\"thumbnailUrl\":\"https:\/\/letrame.com\/catalogo\/wp-content\/uploads\/2024\/04\/webportadaadiosnolecompete_1281mm-compressed.jpg\",\"datePublished\":\"2024-04-29T13:15:30+00:00\",\"dateModified\":\"2024-04-29T13:15:37+00:00\",\"breadcrumb\":{\"@id\":\"https:\/\/letrame.com\/catalogo\/producto\/a-dios-no-le-compete\/#breadcrumb\"},\"inLanguage\":\"es\",\"potentialAction\":[{\"@type\":\"ReadAction\",\"target\":[\"https:\/\/letrame.com\/catalogo\/producto\/a-dios-no-le-compete\/\"]}]},{\"@type\":\"ImageObject\",\"inLanguage\":\"es\",\"@id\":\"https:\/\/letrame.com\/catalogo\/producto\/a-dios-no-le-compete\/#primaryimage\",\"url\":\"https:\/\/letrame.com\/catalogo\/wp-content\/uploads\/2024\/04\/webportadaadiosnolecompete_1281mm-compressed.jpg\",\"contentUrl\":\"https:\/\/letrame.com\/catalogo\/wp-content\/uploads\/2024\/04\/webportadaadiosnolecompete_1281mm-compressed.jpg\",\"width\":601,\"height\":881},{\"@type\":\"BreadcrumbList\",\"@id\":\"https:\/\/letrame.com\/catalogo\/producto\/a-dios-no-le-compete\/#breadcrumb\",\"itemListElement\":[{\"@type\":\"ListItem\",\"position\":1,\"name\":\"Portada\",\"item\":\"https:\/\/letrame.com\/catalogo\/\"},{\"@type\":\"ListItem\",\"position\":2,\"name\":\"Cat\u00e1logo\",\"item\":\"https:\/\/letrame.com\/catalogo\/\"},{\"@type\":\"ListItem\",\"position\":3,\"name\":\"A DIOS NO LE COMPETE\"}]},{\"@type\":\"WebSite\",\"@id\":\"https:\/\/letrame.com\/catalogo\/#website\",\"url\":\"https:\/\/letrame.com\/catalogo\/\",\"name\":\"Catalogo | Letrame Grupo Editorial\",\"description\":\"\",\"publisher\":{\"@id\":\"https:\/\/letrame.com\/catalogo\/#organization\"},\"potentialAction\":[{\"@type\":\"SearchAction\",\"target\":{\"@type\":\"EntryPoint\",\"urlTemplate\":\"https:\/\/letrame.com\/catalogo\/?s={search_term_string}\"},\"query-input\":{\"@type\":\"PropertyValueSpecification\",\"valueRequired\":true,\"valueName\":\"search_term_string\"}}],\"inLanguage\":\"es\"},{\"@type\":\"Organization\",\"@id\":\"https:\/\/letrame.com\/catalogo\/#organization\",\"name\":\"Catalogo | Letrame Grupo Editorial\",\"url\":\"https:\/\/letrame.com\/catalogo\/\",\"logo\":{\"@type\":\"ImageObject\",\"inLanguage\":\"es\",\"@id\":\"https:\/\/letrame.com\/catalogo\/#\/schema\/logo\/image\/\",\"url\":\"https:\/\/letrame.com\/catalogo\/wp-content\/uploads\/2024\/03\/logo2.webp\",\"contentUrl\":\"https:\/\/letrame.com\/catalogo\/wp-content\/uploads\/2024\/03\/logo2.webp\",\"width\":394,\"height\":128,\"caption\":\"Catalogo | Letrame Grupo Editorial\"},\"image\":{\"@id\":\"https:\/\/letrame.com\/catalogo\/#\/schema\/logo\/image\/\"}}]}<\/script>\n<!-- \/ Yoast SEO plugin. -->","yoast_head_json":{"title":"A DIOS NO LE COMPETE - Catalogo | Letrame Grupo Editorial","robots":{"index":"index","follow":"follow","max-snippet":"max-snippet:-1","max-image-preview":"max-image-preview:large","max-video-preview":"max-video-preview:-1"},"canonical":"https:\/\/letrame.com\/catalogo\/producto\/a-dios-no-le-compete\/","og_locale":"es_ES","og_type":"article","og_title":"A DIOS NO LE COMPETE - Catalogo | Letrame Grupo Editorial","og_description":"ISBN: 978-84-1144-745-4 SINOPSIS El universo nos gu\u00eda por los caminos indicados para vivir mejor, usando todas sus leyes, no hay nada al azar, este libro nos ense\u00f1a a descubrir c\u00f3mo ser mejor, el autor nos gu\u00eda a reconocer que el ego el apego y orgullo son los mayores enemigos del ser humano fuente de equivocaciones y del sufrimiento. Reconocerlo es dif\u00edcil, acabar con el imposible; sin embargo aqu\u00ed aprenderemos a identificarlo, a controlar y erradicarlo,\u00a0somos seres vivos y todos los d\u00edas nos estamos cuestionando, el porque me encuentro en tal o cual situaci\u00f3n de dolor enfermedad y sufrimiento. Que hago para ser feliz, que hago para ser libre, este libro nos gu\u00eda y ense\u00f1a con su vocabulario limpio, que el factor causante de nuestras manantial de desdichas, es la ley del karma o causa y efecto y aqu\u00ed aprender\u00e1 a reconocerlo evitarlo para lograr llegar a la plenitud. Descubrir\u00e1 que Dios no es el causante de sus problemas\u00a0y de ning\u00fan mal que te persigue, al final decimos que es la voluntad de Dios, sin embargo, seguimos buscando una respuesta y no la encontramos, y en A DIOS NO LE COMPETE lo descubrir\u00e1 y lo encontrara,\u00a0para alcanzar la plenitud.","og_url":"https:\/\/letrame.com\/catalogo\/producto\/a-dios-no-le-compete\/","og_site_name":"Catalogo | Letrame Grupo Editorial","article_modified_time":"2024-04-29T13:15:37+00:00","og_image":[{"width":601,"height":881,"url":"https:\/\/letrame.com\/catalogo\/wp-content\/uploads\/2024\/04\/webportadaadiosnolecompete_1281mm-compressed.jpg","type":"image\/jpeg"}],"twitter_card":"summary_large_image","twitter_misc":{"Tiempo de lectura":"1 minuto"},"schema":{"@context":"https:\/\/schema.org","@graph":[{"@type":"WebPage","@id":"https:\/\/letrame.com\/catalogo\/producto\/a-dios-no-le-compete\/","url":"https:\/\/letrame.com\/catalogo\/producto\/a-dios-no-le-compete\/","name":"A DIOS NO LE COMPETE - Catalogo | Letrame Grupo Editorial","isPartOf":{"@id":"https:\/\/letrame.com\/catalogo\/#website"},"primaryImageOfPage":{"@id":"https:\/\/letrame.com\/catalogo\/producto\/a-dios-no-le-compete\/#primaryimage"},"image":{"@id":"https:\/\/letrame.com\/catalogo\/producto\/a-dios-no-le-compete\/#primaryimage"},"thumbnailUrl":"https:\/\/letrame.com\/catalogo\/wp-content\/uploads\/2024\/04\/webportadaadiosnolecompete_1281mm-compressed.jpg","datePublished":"2024-04-29T13:15:30+00:00","dateModified":"2024-04-29T13:15:37+00:00","breadcrumb":{"@id":"https:\/\/letrame.com\/catalogo\/producto\/a-dios-no-le-compete\/#breadcrumb"},"inLanguage":"es","potentialAction":[{"@type":"ReadAction","target":["https:\/\/letrame.com\/catalogo\/producto\/a-dios-no-le-compete\/"]}]},{"@type":"ImageObject","inLanguage":"es","@id":"https:\/\/letrame.com\/catalogo\/producto\/a-dios-no-le-compete\/#primaryimage","url":"https:\/\/letrame.com\/catalogo\/wp-content\/uploads\/2024\/04\/webportadaadiosnolecompete_1281mm-compressed.jpg","contentUrl":"https:\/\/letrame.com\/catalogo\/wp-content\/uploads\/2024\/04\/webportadaadiosnolecompete_1281mm-compressed.jpg","width":601,"height":881},{"@type":"BreadcrumbList","@id":"https:\/\/letrame.com\/catalogo\/producto\/a-dios-no-le-compete\/#breadcrumb","itemListElement":[{"@type":"ListItem","position":1,"name":"Portada","item":"https:\/\/letrame.com\/catalogo\/"},{"@type":"ListItem","position":2,"name":"Cat\u00e1logo","item":"https:\/\/letrame.com\/catalogo\/"},{"@type":"ListItem","position":3,"name":"A DIOS NO LE COMPETE"}]},{"@type":"WebSite","@id":"https:\/\/letrame.com\/catalogo\/#website","url":"https:\/\/letrame.com\/catalogo\/","name":"Catalogo | Letrame Grupo Editorial","description":"","publisher":{"@id":"https:\/\/letrame.com\/catalogo\/#organization"},"potentialAction":[{"@type":"SearchAction","target":{"@type":"EntryPoint","urlTemplate":"https:\/\/letrame.com\/catalogo\/?s={search_term_string}"},"query-input":{"@type":"PropertyValueSpecification","valueRequired":true,"valueName":"search_term_string"}}],"inLanguage":"es"},{"@type":"Organization","@id":"https:\/\/letrame.com\/catalogo\/#organization","name":"Catalogo | Letrame Grupo Editorial","url":"https:\/\/letrame.com\/catalogo\/","logo":{"@type":"ImageObject","inLanguage":"es","@id":"https:\/\/letrame.com\/catalogo\/#\/schema\/logo\/image\/","url":"https:\/\/letrame.com\/catalogo\/wp-content\/uploads\/2024\/03\/logo2.webp","contentUrl":"https:\/\/letrame.com\/catalogo\/wp-content\/uploads\/2024\/03\/logo2.webp","width":394,"height":128,"caption":"Catalogo | Letrame Grupo Editorial"},"image":{"@id":"https:\/\/letrame.com\/catalogo\/#\/schema\/logo\/image\/"}}]}},"_links":{"self":[{"href":"https:\/\/letrame.com\/catalogo\/wp-json\/wp\/v2\/product\/98653","targetHints":{"allow":["GET"]}}],"collection":[{"href":"https:\/\/letrame.com\/catalogo\/wp-json\/wp\/v2\/product"}],"about":[{"href":"https:\/\/letrame.com\/catalogo\/wp-json\/wp\/v2\/types\/product"}],"replies":[{"embeddable":true,"href":"https:\/\/letrame.com\/catalogo\/wp-json\/wp\/v2\/comments?post=98653"}],"acf:post":[{"embeddable":true,"href":"https:\/\/letrame.com\/catalogo\/wp-json\/wp\/v2\/author_book\/77091"}],"wp:featuredmedia":[{"embeddable":true,"href":"https:\/\/letrame.com\/catalogo\/wp-json\/wp\/v2\/media\/98654"}],"wp:attachment":[{"href":"https:\/\/letrame.com\/catalogo\/wp-json\/wp\/v2\/media?parent=98653"}],"wp:term":[{"taxonomy":"libro","embeddable":true,"href":"https:\/\/letrame.com\/catalogo\/wp-json\/wp\/v2\/libro?post=98653"},{"taxonomy":"product_brand","embeddable":true,"href":"https:\/\/letrame.com\/catalogo\/wp-json\/wp\/v2\/product_brand?post=98653"},{"taxonomy":"product_cat","embeddable":true,"href":"https:\/\/letrame.com\/catalogo\/wp-json\/wp\/v2\/product_cat?post=98653"},{"taxonomy":"product_tag","embeddable":true,"href":"https:\/\/letrame.com\/catalogo\/wp-json\/wp\/v2\/product_tag?post=98653"}],"curies":[{"name":"wp","href":"https:\/\/api.w.org\/{rel}","templated":true}]}}