{"id":98642,"date":"2024-04-29T15:14:34","date_gmt":"2024-04-29T13:14:34","guid":{"rendered":"https:\/\/letrame.com\/catalogo\/producto\/recuerdos-de-aether\/"},"modified":"2024-08-09T09:01:00","modified_gmt":"2024-08-09T07:01:00","slug":"recuerdos-de-aether","status":"publish","type":"product","link":"https:\/\/letrame.com\/catalogo\/producto\/recuerdos-de-aether\/","title":{"rendered":"Recuerdos de Aether"},"content":{"rendered":"<p><strong>ISBN<\/strong>: 978-84-1144-623-5<\/p>\n<p><strong>T\u00edtulo<\/strong>: Recuerdos de Aether<br \/>\n<strong>Fecha<\/strong>: 2023<br \/>\n<strong>P\u00e1ginas<\/strong>: 456<\/p>\n<p><strong>SINOPSIS<\/strong><\/p>\n<p>\u00abCuando Aether cre\u00f3 la existencia, pens\u00f3 en las esencias de la misma. Encadenadas en los cuatro elementos y portadas por los humanos, la vida, la muerte, la inteligencia y la belleza fundamentan la base de todo lo que conocemos. Sin embargo, solo el portador que se siente en el trono podr\u00e1 dirigir el rumbo del mundo.<\/p>\n<p>Aunque la esperanza de existir amenaza con desaparecer, la esencia de la vida abre un nuevo camino en el destino de Alexia, una adolescente que se embarca en la b\u00fasqueda de su padre en el mundo creado por Aether, y de Kilian, su mejor amigo. Juntos, se unir\u00e1n a la Revoluci\u00f3n y enfrentar\u00e1n las adversidades que impone el trono.<\/p>\n<p>\u00bfLograr\u00e1 Alexia encontrar a su padre?<\/p>\n<p>\u00bfDevolver\u00e1n la esperanza al mundo?\u00bb.<\/p>\n","protected":false},"excerpt":{"rendered":"<p><strong>ISBN<\/strong>: 978-84-1144-623-5<\/p>\n<p><strong>SINOPSIS<\/strong><\/p>\n<p>\u00abCuando Aether cre\u00f3 la existencia, pens\u00f3 en las esencias de la misma. Encadenadas en los cuatro elementos y portadas por los humanos, la vida, la muerte, la inteligencia y la belleza fundamentan la base de todo lo que conocemos. Sin embargo, solo el portador que se siente en el trono podr\u00e1 dirigir el rumbo del mundo.<\/p>\n<p>Aunque la esperanza de existir amenaza con desaparecer, la esencia de la vida abre un nuevo camino en el destino de Alexia, una adolescente que se embarca en la b\u00fasqueda de su padre en el mundo creado por Aether, y de Kilian, su mejor amigo. Juntos, se unir\u00e1n a la Revoluci\u00f3n y enfrentar\u00e1n las adversidades que impone el trono.<\/p>\n<p>\u00bfLograr\u00e1 Alexia encontrar a su padre?<\/p>\n<p>\u00bfDevolver\u00e1n la esperanza al mundo?\u00bb.<\/p>\n","protected":false},"featured_media":100415,"comment_status":"closed","ping_status":"closed","template":"","meta":{"_acf_changed":false},"libro":[],"product_brand":[],"product_cat":[16],"product_tag":[],"class_list":{"0":"post-98642","1":"product","2":"type-product","3":"status-publish","4":"has-post-thumbnail","6":"product_cat-novela","8":"first","9":"instock","10":"product-type-simple"},"acf":{"autor":[77080],"enlace_de_compra":"https:\/\/amzn.to\/4dCeC1S"},"yoast_head":"<!-- This site is optimized with the Yoast SEO plugin v27.4 - https:\/\/yoast.com\/product\/yoast-seo-wordpress\/ -->\n<title>Recuerdos de Aether - Catalogo | Letrame Grupo Editorial<\/title>\n<meta name=\"robots\" content=\"index, follow, max-snippet:-1, max-image-preview:large, max-video-preview:-1\" \/>\n<link rel=\"canonical\" href=\"https:\/\/letrame.com\/catalogo\/producto\/recuerdos-de-aether\/\" \/>\n<meta property=\"og:locale\" content=\"es_ES\" \/>\n<meta property=\"og:type\" content=\"article\" \/>\n<meta property=\"og:title\" content=\"Recuerdos de Aether - Catalogo | Letrame Grupo Editorial\" \/>\n<meta property=\"og:description\" content=\"ISBN: 978-84-1144-623-5  SINOPSIS  \u00abCuando Aether cre\u00f3 la existencia, pens\u00f3 en las esencias de la misma. Encadenadas en los cuatro elementos y portadas por los humanos, la vida, la muerte, la inteligencia y la belleza fundamentan la base de todo lo que conocemos. Sin embargo, solo el portador que se siente en el trono podr\u00e1 dirigir el rumbo del mundo.  Aunque la esperanza de existir amenaza con desaparecer, la esencia de la vida abre un nuevo camino en el destino de Alexia, una adolescente que se embarca en la b\u00fasqueda de su padre en el mundo creado por Aether, y de Kilian, su mejor amigo. Juntos, se unir\u00e1n a la Revoluci\u00f3n y enfrentar\u00e1n las adversidades que impone el trono.  \u00bfLograr\u00e1 Alexia encontrar a su padre?  \u00bfDevolver\u00e1n la esperanza al mundo?\u00bb.\" \/>\n<meta property=\"og:url\" content=\"https:\/\/letrame.com\/catalogo\/producto\/recuerdos-de-aether\/\" \/>\n<meta property=\"og:site_name\" content=\"Catalogo | Letrame Grupo Editorial\" \/>\n<meta property=\"article:modified_time\" content=\"2024-08-09T07:01:00+00:00\" \/>\n<meta property=\"og:image\" content=\"https:\/\/letrame.com\/catalogo\/wp-content\/uploads\/2024\/04\/redportada_recuerdosdeaether_221mm-3-compressed.webp\" \/>\n\t<meta property=\"og:image:width\" content=\"601\" \/>\n\t<meta property=\"og:image:height\" content=\"849\" \/>\n\t<meta property=\"og:image:type\" content=\"image\/webp\" \/>\n<meta name=\"twitter:card\" content=\"summary_large_image\" \/>\n<meta name=\"twitter:label1\" content=\"Tiempo de lectura\" \/>\n\t<meta name=\"twitter:data1\" content=\"1 minuto\" \/>\n<script type=\"application\/ld+json\" class=\"yoast-schema-graph\">{\"@context\":\"https:\\\/\\\/schema.org\",\"@graph\":[{\"@type\":\"WebPage\",\"@id\":\"https:\\\/\\\/letrame.com\\\/catalogo\\\/producto\\\/recuerdos-de-aether\\\/\",\"url\":\"https:\\\/\\\/letrame.com\\\/catalogo\\\/producto\\\/recuerdos-de-aether\\\/\",\"name\":\"Recuerdos de Aether - Catalogo | Letrame Grupo Editorial\",\"isPartOf\":{\"@id\":\"https:\\\/\\\/letrame.com\\\/catalogo\\\/#website\"},\"primaryImageOfPage\":{\"@id\":\"https:\\\/\\\/letrame.com\\\/catalogo\\\/producto\\\/recuerdos-de-aether\\\/#primaryimage\"},\"image\":{\"@id\":\"https:\\\/\\\/letrame.com\\\/catalogo\\\/producto\\\/recuerdos-de-aether\\\/#primaryimage\"},\"thumbnailUrl\":\"https:\\\/\\\/letrame.com\\\/catalogo\\\/wp-content\\\/uploads\\\/2024\\\/04\\\/redportada_recuerdosdeaether_221mm-3-compressed.webp\",\"datePublished\":\"2024-04-29T13:14:34+00:00\",\"dateModified\":\"2024-08-09T07:01:00+00:00\",\"breadcrumb\":{\"@id\":\"https:\\\/\\\/letrame.com\\\/catalogo\\\/producto\\\/recuerdos-de-aether\\\/#breadcrumb\"},\"inLanguage\":\"es\",\"potentialAction\":[{\"@type\":\"ReadAction\",\"target\":[\"https:\\\/\\\/letrame.com\\\/catalogo\\\/producto\\\/recuerdos-de-aether\\\/\"]}]},{\"@type\":\"ImageObject\",\"inLanguage\":\"es\",\"@id\":\"https:\\\/\\\/letrame.com\\\/catalogo\\\/producto\\\/recuerdos-de-aether\\\/#primaryimage\",\"url\":\"https:\\\/\\\/letrame.com\\\/catalogo\\\/wp-content\\\/uploads\\\/2024\\\/04\\\/redportada_recuerdosdeaether_221mm-3-compressed.webp\",\"contentUrl\":\"https:\\\/\\\/letrame.com\\\/catalogo\\\/wp-content\\\/uploads\\\/2024\\\/04\\\/redportada_recuerdosdeaether_221mm-3-compressed.webp\",\"width\":601,\"height\":849},{\"@type\":\"BreadcrumbList\",\"@id\":\"https:\\\/\\\/letrame.com\\\/catalogo\\\/producto\\\/recuerdos-de-aether\\\/#breadcrumb\",\"itemListElement\":[{\"@type\":\"ListItem\",\"position\":1,\"name\":\"Portada\",\"item\":\"https:\\\/\\\/letrame.com\\\/catalogo\\\/\"},{\"@type\":\"ListItem\",\"position\":2,\"name\":\"Cat\u00e1logo\",\"item\":\"https:\\\/\\\/letrame.com\\\/catalogo\\\/\"},{\"@type\":\"ListItem\",\"position\":3,\"name\":\"Recuerdos de Aether\"}]},{\"@type\":\"WebSite\",\"@id\":\"https:\\\/\\\/letrame.com\\\/catalogo\\\/#website\",\"url\":\"https:\\\/\\\/letrame.com\\\/catalogo\\\/\",\"name\":\"Catalogo | Letrame Grupo Editorial\",\"description\":\"\",\"publisher\":{\"@id\":\"https:\\\/\\\/letrame.com\\\/catalogo\\\/#organization\"},\"potentialAction\":[{\"@type\":\"SearchAction\",\"target\":{\"@type\":\"EntryPoint\",\"urlTemplate\":\"https:\\\/\\\/letrame.com\\\/catalogo\\\/?s={search_term_string}\"},\"query-input\":{\"@type\":\"PropertyValueSpecification\",\"valueRequired\":true,\"valueName\":\"search_term_string\"}}],\"inLanguage\":\"es\"},{\"@type\":\"Organization\",\"@id\":\"https:\\\/\\\/letrame.com\\\/catalogo\\\/#organization\",\"name\":\"Catalogo | Letrame Grupo Editorial\",\"url\":\"https:\\\/\\\/letrame.com\\\/catalogo\\\/\",\"logo\":{\"@type\":\"ImageObject\",\"inLanguage\":\"es\",\"@id\":\"https:\\\/\\\/letrame.com\\\/catalogo\\\/#\\\/schema\\\/logo\\\/image\\\/\",\"url\":\"https:\\\/\\\/letrame.com\\\/catalogo\\\/wp-content\\\/uploads\\\/2024\\\/03\\\/logo2.webp\",\"contentUrl\":\"https:\\\/\\\/letrame.com\\\/catalogo\\\/wp-content\\\/uploads\\\/2024\\\/03\\\/logo2.webp\",\"width\":394,\"height\":128,\"caption\":\"Catalogo | Letrame Grupo Editorial\"},\"image\":{\"@id\":\"https:\\\/\\\/letrame.com\\\/catalogo\\\/#\\\/schema\\\/logo\\\/image\\\/\"}}]}<\/script>\n<!-- \/ Yoast SEO plugin. -->","yoast_head_json":{"title":"Recuerdos de Aether - Catalogo | Letrame Grupo Editorial","robots":{"index":"index","follow":"follow","max-snippet":"max-snippet:-1","max-image-preview":"max-image-preview:large","max-video-preview":"max-video-preview:-1"},"canonical":"https:\/\/letrame.com\/catalogo\/producto\/recuerdos-de-aether\/","og_locale":"es_ES","og_type":"article","og_title":"Recuerdos de Aether - Catalogo | Letrame Grupo Editorial","og_description":"ISBN: 978-84-1144-623-5  SINOPSIS  \u00abCuando Aether cre\u00f3 la existencia, pens\u00f3 en las esencias de la misma. Encadenadas en los cuatro elementos y portadas por los humanos, la vida, la muerte, la inteligencia y la belleza fundamentan la base de todo lo que conocemos. Sin embargo, solo el portador que se siente en el trono podr\u00e1 dirigir el rumbo del mundo.  Aunque la esperanza de existir amenaza con desaparecer, la esencia de la vida abre un nuevo camino en el destino de Alexia, una adolescente que se embarca en la b\u00fasqueda de su padre en el mundo creado por Aether, y de Kilian, su mejor amigo. Juntos, se unir\u00e1n a la Revoluci\u00f3n y enfrentar\u00e1n las adversidades que impone el trono.  \u00bfLograr\u00e1 Alexia encontrar a su padre?  \u00bfDevolver\u00e1n la esperanza al mundo?\u00bb.","og_url":"https:\/\/letrame.com\/catalogo\/producto\/recuerdos-de-aether\/","og_site_name":"Catalogo | Letrame Grupo Editorial","article_modified_time":"2024-08-09T07:01:00+00:00","og_image":[{"width":601,"height":849,"url":"https:\/\/letrame.com\/catalogo\/wp-content\/uploads\/2024\/04\/redportada_recuerdosdeaether_221mm-3-compressed.webp","type":"image\/webp"}],"twitter_card":"summary_large_image","twitter_misc":{"Tiempo de lectura":"1 minuto"},"schema":{"@context":"https:\/\/schema.org","@graph":[{"@type":"WebPage","@id":"https:\/\/letrame.com\/catalogo\/producto\/recuerdos-de-aether\/","url":"https:\/\/letrame.com\/catalogo\/producto\/recuerdos-de-aether\/","name":"Recuerdos de Aether - Catalogo | Letrame Grupo Editorial","isPartOf":{"@id":"https:\/\/letrame.com\/catalogo\/#website"},"primaryImageOfPage":{"@id":"https:\/\/letrame.com\/catalogo\/producto\/recuerdos-de-aether\/#primaryimage"},"image":{"@id":"https:\/\/letrame.com\/catalogo\/producto\/recuerdos-de-aether\/#primaryimage"},"thumbnailUrl":"https:\/\/letrame.com\/catalogo\/wp-content\/uploads\/2024\/04\/redportada_recuerdosdeaether_221mm-3-compressed.webp","datePublished":"2024-04-29T13:14:34+00:00","dateModified":"2024-08-09T07:01:00+00:00","breadcrumb":{"@id":"https:\/\/letrame.com\/catalogo\/producto\/recuerdos-de-aether\/#breadcrumb"},"inLanguage":"es","potentialAction":[{"@type":"ReadAction","target":["https:\/\/letrame.com\/catalogo\/producto\/recuerdos-de-aether\/"]}]},{"@type":"ImageObject","inLanguage":"es","@id":"https:\/\/letrame.com\/catalogo\/producto\/recuerdos-de-aether\/#primaryimage","url":"https:\/\/letrame.com\/catalogo\/wp-content\/uploads\/2024\/04\/redportada_recuerdosdeaether_221mm-3-compressed.webp","contentUrl":"https:\/\/letrame.com\/catalogo\/wp-content\/uploads\/2024\/04\/redportada_recuerdosdeaether_221mm-3-compressed.webp","width":601,"height":849},{"@type":"BreadcrumbList","@id":"https:\/\/letrame.com\/catalogo\/producto\/recuerdos-de-aether\/#breadcrumb","itemListElement":[{"@type":"ListItem","position":1,"name":"Portada","item":"https:\/\/letrame.com\/catalogo\/"},{"@type":"ListItem","position":2,"name":"Cat\u00e1logo","item":"https:\/\/letrame.com\/catalogo\/"},{"@type":"ListItem","position":3,"name":"Recuerdos de Aether"}]},{"@type":"WebSite","@id":"https:\/\/letrame.com\/catalogo\/#website","url":"https:\/\/letrame.com\/catalogo\/","name":"Catalogo | Letrame Grupo Editorial","description":"","publisher":{"@id":"https:\/\/letrame.com\/catalogo\/#organization"},"potentialAction":[{"@type":"SearchAction","target":{"@type":"EntryPoint","urlTemplate":"https:\/\/letrame.com\/catalogo\/?s={search_term_string}"},"query-input":{"@type":"PropertyValueSpecification","valueRequired":true,"valueName":"search_term_string"}}],"inLanguage":"es"},{"@type":"Organization","@id":"https:\/\/letrame.com\/catalogo\/#organization","name":"Catalogo | Letrame Grupo Editorial","url":"https:\/\/letrame.com\/catalogo\/","logo":{"@type":"ImageObject","inLanguage":"es","@id":"https:\/\/letrame.com\/catalogo\/#\/schema\/logo\/image\/","url":"https:\/\/letrame.com\/catalogo\/wp-content\/uploads\/2024\/03\/logo2.webp","contentUrl":"https:\/\/letrame.com\/catalogo\/wp-content\/uploads\/2024\/03\/logo2.webp","width":394,"height":128,"caption":"Catalogo | Letrame Grupo Editorial"},"image":{"@id":"https:\/\/letrame.com\/catalogo\/#\/schema\/logo\/image\/"}}]}},"_links":{"self":[{"href":"https:\/\/letrame.com\/catalogo\/wp-json\/wp\/v2\/product\/98642","targetHints":{"allow":["GET"]}}],"collection":[{"href":"https:\/\/letrame.com\/catalogo\/wp-json\/wp\/v2\/product"}],"about":[{"href":"https:\/\/letrame.com\/catalogo\/wp-json\/wp\/v2\/types\/product"}],"replies":[{"embeddable":true,"href":"https:\/\/letrame.com\/catalogo\/wp-json\/wp\/v2\/comments?post=98642"}],"acf:post":[{"embeddable":true,"href":"https:\/\/letrame.com\/catalogo\/wp-json\/wp\/v2\/author_book\/77080"}],"wp:featuredmedia":[{"embeddable":true,"href":"https:\/\/letrame.com\/catalogo\/wp-json\/wp\/v2\/media\/100415"}],"wp:attachment":[{"href":"https:\/\/letrame.com\/catalogo\/wp-json\/wp\/v2\/media?parent=98642"}],"wp:term":[{"taxonomy":"libro","embeddable":true,"href":"https:\/\/letrame.com\/catalogo\/wp-json\/wp\/v2\/libro?post=98642"},{"taxonomy":"product_brand","embeddable":true,"href":"https:\/\/letrame.com\/catalogo\/wp-json\/wp\/v2\/product_brand?post=98642"},{"taxonomy":"product_cat","embeddable":true,"href":"https:\/\/letrame.com\/catalogo\/wp-json\/wp\/v2\/product_cat?post=98642"},{"taxonomy":"product_tag","embeddable":true,"href":"https:\/\/letrame.com\/catalogo\/wp-json\/wp\/v2\/product_tag?post=98642"}],"curies":[{"name":"wp","href":"https:\/\/api.w.org\/{rel}","templated":true}]}}