{"id":98637,"date":"2024-04-29T15:14:23","date_gmt":"2024-04-29T13:14:23","guid":{"rendered":"https:\/\/letrame.com\/catalogo\/producto\/todo-cambia-en-un-instante\/"},"modified":"2024-08-09T09:03:13","modified_gmt":"2024-08-09T07:03:13","slug":"todo-cambia-en-un-instante","status":"publish","type":"product","link":"https:\/\/letrame.com\/catalogo\/producto\/todo-cambia-en-un-instante\/","title":{"rendered":"Todo cambia en un instante"},"content":{"rendered":"<p><strong>ISBN<\/strong>: 978-84-1144-609-9<\/p>\n<p><strong>T\u00edtulo<\/strong>: <span data-sheets-value=\"{&quot;1&quot;:2,&quot;2&quot;:&quot;Todo cambia en un instante&quot;}\" data-sheets-userformat=\"{&quot;2&quot;:515,&quot;3&quot;:{&quot;1&quot;:0},&quot;4&quot;:{&quot;1&quot;:2,&quot;2&quot;:14281427},&quot;12&quot;:0}\">Todo cambia en un instante<\/span><br \/>\n<strong>Fecha<\/strong>: 2023<br \/>\n<strong>P\u00e1ginas<\/strong>: 134<\/p>\n<p><strong>SINOPSIS<\/strong><\/p>\n<p>Este libro, que lleva por t\u00edtulo <em>Todo cambia en un instante<\/em>, consta de dos partes muy diferenciadas.<\/p>\n<p>La primera est\u00e1 formada por dos novelas cortas, <em>La dama del balc\u00f3n<\/em> y <em>Confidencias<\/em>. Una historia basada en una \u00e9poca antigua y de ficci\u00f3n y otra que se asemeja a la realidad.<\/p>\n<p>La segunda parte est\u00e1 compuesta por quince relatos que narran situaciones que nos pueden suceder en cualquier momento, algunas deseadas y otras desafortunadas. As\u00ed son los instantes en nuestras vidas.<\/p>\n<p>Es una obra escrita con un lenguaje limpio y claro, que puede llegar a toda clase de lectores.<\/p>\n<p>La autora espera y desea que sean de su agrado.<\/p>\n","protected":false},"excerpt":{"rendered":"<p><strong>ISBN<\/strong>: 978-84-1144-609-9<\/p>\n<p><strong>SINOPSIS<\/strong><\/p>\n<p>Este libro, que lleva por t\u00edtulo <em>Todo cambia en un instante<\/em>, consta de dos partes muy diferenciadas.<\/p>\n<p>La primera est\u00e1 formada por dos novelas cortas, <em>La dama del balc\u00f3n<\/em> y <em>Confidencias<\/em>. Una historia basada en una \u00e9poca antigua y de ficci\u00f3n y otra que se asemeja a la realidad.<\/p>\n<p>La segunda parte est\u00e1 compuesta por quince relatos que narran situaciones que nos pueden suceder en cualquier momento, algunas deseadas y otras desafortunadas. As\u00ed son los instantes en nuestras vidas.<\/p>\n<p>Es una obra escrita con un lenguaje limpio y claro, que puede llegar a toda clase de lectores.<\/p>\n<p>La autora espera y desea que sean de su agrado.<\/p>\n","protected":false},"featured_media":98638,"comment_status":"closed","ping_status":"closed","template":"","meta":{"_acf_changed":false},"libro":[],"product_brand":[],"product_cat":[26],"product_tag":[],"class_list":{"0":"post-98637","1":"product","2":"type-product","3":"status-publish","4":"has-post-thumbnail","6":"product_cat-sin-categoria","8":"first","9":"instock","10":"product-type-simple"},"acf":{"autor":[77073],"enlace_de_compra":""},"yoast_head":"<!-- This site is optimized with the Yoast SEO plugin v26.6 - https:\/\/yoast.com\/wordpress\/plugins\/seo\/ -->\n<title>Todo cambia en un instante - Catalogo | Letrame Grupo Editorial<\/title>\n<meta name=\"robots\" content=\"index, follow, max-snippet:-1, max-image-preview:large, max-video-preview:-1\" \/>\n<link rel=\"canonical\" href=\"https:\/\/letrame.com\/catalogo\/producto\/todo-cambia-en-un-instante\/\" \/>\n<meta property=\"og:locale\" content=\"es_ES\" \/>\n<meta property=\"og:type\" content=\"article\" \/>\n<meta property=\"og:title\" content=\"Todo cambia en un instante - Catalogo | Letrame Grupo Editorial\" \/>\n<meta property=\"og:description\" content=\"ISBN: 978-84-1144-609-9  SINOPSIS  Este libro, que lleva por t\u00edtulo Todo cambia en un instante, consta de dos partes muy diferenciadas.  La primera est\u00e1 formada por dos novelas cortas, La dama del balc\u00f3n y Confidencias. Una historia basada en una \u00e9poca antigua y de ficci\u00f3n y otra que se asemeja a la realidad.  La segunda parte est\u00e1 compuesta por quince relatos que narran situaciones que nos pueden suceder en cualquier momento, algunas deseadas y otras desafortunadas. As\u00ed son los instantes en nuestras vidas.  Es una obra escrita con un lenguaje limpio y claro, que puede llegar a toda clase de lectores.  La autora espera y desea que sean de su agrado.\" \/>\n<meta property=\"og:url\" content=\"https:\/\/letrame.com\/catalogo\/producto\/todo-cambia-en-un-instante\/\" \/>\n<meta property=\"og:site_name\" content=\"Catalogo | Letrame Grupo Editorial\" \/>\n<meta property=\"article:modified_time\" content=\"2024-08-09T07:03:13+00:00\" \/>\n<meta property=\"og:image\" content=\"https:\/\/letrame.com\/catalogo\/wp-content\/uploads\/2024\/04\/web_todocambiaenuninstante_725mm.jpg\" \/>\n\t<meta property=\"og:image:width\" content=\"601\" \/>\n\t<meta property=\"og:image:height\" content=\"841\" \/>\n\t<meta property=\"og:image:type\" content=\"image\/jpeg\" \/>\n<meta name=\"twitter:card\" content=\"summary_large_image\" \/>\n<meta name=\"twitter:label1\" content=\"Tiempo de lectura\" \/>\n\t<meta name=\"twitter:data1\" content=\"1 minuto\" \/>\n<script type=\"application\/ld+json\" class=\"yoast-schema-graph\">{\"@context\":\"https:\/\/schema.org\",\"@graph\":[{\"@type\":\"WebPage\",\"@id\":\"https:\/\/letrame.com\/catalogo\/producto\/todo-cambia-en-un-instante\/\",\"url\":\"https:\/\/letrame.com\/catalogo\/producto\/todo-cambia-en-un-instante\/\",\"name\":\"Todo cambia en un instante - Catalogo | Letrame Grupo Editorial\",\"isPartOf\":{\"@id\":\"https:\/\/letrame.com\/catalogo\/#website\"},\"primaryImageOfPage\":{\"@id\":\"https:\/\/letrame.com\/catalogo\/producto\/todo-cambia-en-un-instante\/#primaryimage\"},\"image\":{\"@id\":\"https:\/\/letrame.com\/catalogo\/producto\/todo-cambia-en-un-instante\/#primaryimage\"},\"thumbnailUrl\":\"https:\/\/letrame.com\/catalogo\/wp-content\/uploads\/2024\/04\/web_todocambiaenuninstante_725mm.jpg\",\"datePublished\":\"2024-04-29T13:14:23+00:00\",\"dateModified\":\"2024-08-09T07:03:13+00:00\",\"breadcrumb\":{\"@id\":\"https:\/\/letrame.com\/catalogo\/producto\/todo-cambia-en-un-instante\/#breadcrumb\"},\"inLanguage\":\"es\",\"potentialAction\":[{\"@type\":\"ReadAction\",\"target\":[\"https:\/\/letrame.com\/catalogo\/producto\/todo-cambia-en-un-instante\/\"]}]},{\"@type\":\"ImageObject\",\"inLanguage\":\"es\",\"@id\":\"https:\/\/letrame.com\/catalogo\/producto\/todo-cambia-en-un-instante\/#primaryimage\",\"url\":\"https:\/\/letrame.com\/catalogo\/wp-content\/uploads\/2024\/04\/web_todocambiaenuninstante_725mm.jpg\",\"contentUrl\":\"https:\/\/letrame.com\/catalogo\/wp-content\/uploads\/2024\/04\/web_todocambiaenuninstante_725mm.jpg\",\"width\":601,\"height\":841},{\"@type\":\"BreadcrumbList\",\"@id\":\"https:\/\/letrame.com\/catalogo\/producto\/todo-cambia-en-un-instante\/#breadcrumb\",\"itemListElement\":[{\"@type\":\"ListItem\",\"position\":1,\"name\":\"Portada\",\"item\":\"https:\/\/letrame.com\/catalogo\/\"},{\"@type\":\"ListItem\",\"position\":2,\"name\":\"Cat\u00e1logo\",\"item\":\"https:\/\/letrame.com\/catalogo\/\"},{\"@type\":\"ListItem\",\"position\":3,\"name\":\"Todo cambia en un instante\"}]},{\"@type\":\"WebSite\",\"@id\":\"https:\/\/letrame.com\/catalogo\/#website\",\"url\":\"https:\/\/letrame.com\/catalogo\/\",\"name\":\"Catalogo | Letrame Grupo Editorial\",\"description\":\"\",\"publisher\":{\"@id\":\"https:\/\/letrame.com\/catalogo\/#organization\"},\"potentialAction\":[{\"@type\":\"SearchAction\",\"target\":{\"@type\":\"EntryPoint\",\"urlTemplate\":\"https:\/\/letrame.com\/catalogo\/?s={search_term_string}\"},\"query-input\":{\"@type\":\"PropertyValueSpecification\",\"valueRequired\":true,\"valueName\":\"search_term_string\"}}],\"inLanguage\":\"es\"},{\"@type\":\"Organization\",\"@id\":\"https:\/\/letrame.com\/catalogo\/#organization\",\"name\":\"Catalogo | Letrame Grupo Editorial\",\"url\":\"https:\/\/letrame.com\/catalogo\/\",\"logo\":{\"@type\":\"ImageObject\",\"inLanguage\":\"es\",\"@id\":\"https:\/\/letrame.com\/catalogo\/#\/schema\/logo\/image\/\",\"url\":\"https:\/\/letrame.com\/catalogo\/wp-content\/uploads\/2024\/03\/logo2.webp\",\"contentUrl\":\"https:\/\/letrame.com\/catalogo\/wp-content\/uploads\/2024\/03\/logo2.webp\",\"width\":394,\"height\":128,\"caption\":\"Catalogo | Letrame Grupo Editorial\"},\"image\":{\"@id\":\"https:\/\/letrame.com\/catalogo\/#\/schema\/logo\/image\/\"}}]}<\/script>\n<!-- \/ Yoast SEO plugin. -->","yoast_head_json":{"title":"Todo cambia en un instante - Catalogo | Letrame Grupo Editorial","robots":{"index":"index","follow":"follow","max-snippet":"max-snippet:-1","max-image-preview":"max-image-preview:large","max-video-preview":"max-video-preview:-1"},"canonical":"https:\/\/letrame.com\/catalogo\/producto\/todo-cambia-en-un-instante\/","og_locale":"es_ES","og_type":"article","og_title":"Todo cambia en un instante - Catalogo | Letrame Grupo Editorial","og_description":"ISBN: 978-84-1144-609-9  SINOPSIS  Este libro, que lleva por t\u00edtulo Todo cambia en un instante, consta de dos partes muy diferenciadas.  La primera est\u00e1 formada por dos novelas cortas, La dama del balc\u00f3n y Confidencias. Una historia basada en una \u00e9poca antigua y de ficci\u00f3n y otra que se asemeja a la realidad.  La segunda parte est\u00e1 compuesta por quince relatos que narran situaciones que nos pueden suceder en cualquier momento, algunas deseadas y otras desafortunadas. As\u00ed son los instantes en nuestras vidas.  Es una obra escrita con un lenguaje limpio y claro, que puede llegar a toda clase de lectores.  La autora espera y desea que sean de su agrado.","og_url":"https:\/\/letrame.com\/catalogo\/producto\/todo-cambia-en-un-instante\/","og_site_name":"Catalogo | Letrame Grupo Editorial","article_modified_time":"2024-08-09T07:03:13+00:00","og_image":[{"width":601,"height":841,"url":"https:\/\/letrame.com\/catalogo\/wp-content\/uploads\/2024\/04\/web_todocambiaenuninstante_725mm.jpg","type":"image\/jpeg"}],"twitter_card":"summary_large_image","twitter_misc":{"Tiempo de lectura":"1 minuto"},"schema":{"@context":"https:\/\/schema.org","@graph":[{"@type":"WebPage","@id":"https:\/\/letrame.com\/catalogo\/producto\/todo-cambia-en-un-instante\/","url":"https:\/\/letrame.com\/catalogo\/producto\/todo-cambia-en-un-instante\/","name":"Todo cambia en un instante - Catalogo | Letrame Grupo Editorial","isPartOf":{"@id":"https:\/\/letrame.com\/catalogo\/#website"},"primaryImageOfPage":{"@id":"https:\/\/letrame.com\/catalogo\/producto\/todo-cambia-en-un-instante\/#primaryimage"},"image":{"@id":"https:\/\/letrame.com\/catalogo\/producto\/todo-cambia-en-un-instante\/#primaryimage"},"thumbnailUrl":"https:\/\/letrame.com\/catalogo\/wp-content\/uploads\/2024\/04\/web_todocambiaenuninstante_725mm.jpg","datePublished":"2024-04-29T13:14:23+00:00","dateModified":"2024-08-09T07:03:13+00:00","breadcrumb":{"@id":"https:\/\/letrame.com\/catalogo\/producto\/todo-cambia-en-un-instante\/#breadcrumb"},"inLanguage":"es","potentialAction":[{"@type":"ReadAction","target":["https:\/\/letrame.com\/catalogo\/producto\/todo-cambia-en-un-instante\/"]}]},{"@type":"ImageObject","inLanguage":"es","@id":"https:\/\/letrame.com\/catalogo\/producto\/todo-cambia-en-un-instante\/#primaryimage","url":"https:\/\/letrame.com\/catalogo\/wp-content\/uploads\/2024\/04\/web_todocambiaenuninstante_725mm.jpg","contentUrl":"https:\/\/letrame.com\/catalogo\/wp-content\/uploads\/2024\/04\/web_todocambiaenuninstante_725mm.jpg","width":601,"height":841},{"@type":"BreadcrumbList","@id":"https:\/\/letrame.com\/catalogo\/producto\/todo-cambia-en-un-instante\/#breadcrumb","itemListElement":[{"@type":"ListItem","position":1,"name":"Portada","item":"https:\/\/letrame.com\/catalogo\/"},{"@type":"ListItem","position":2,"name":"Cat\u00e1logo","item":"https:\/\/letrame.com\/catalogo\/"},{"@type":"ListItem","position":3,"name":"Todo cambia en un instante"}]},{"@type":"WebSite","@id":"https:\/\/letrame.com\/catalogo\/#website","url":"https:\/\/letrame.com\/catalogo\/","name":"Catalogo | Letrame Grupo Editorial","description":"","publisher":{"@id":"https:\/\/letrame.com\/catalogo\/#organization"},"potentialAction":[{"@type":"SearchAction","target":{"@type":"EntryPoint","urlTemplate":"https:\/\/letrame.com\/catalogo\/?s={search_term_string}"},"query-input":{"@type":"PropertyValueSpecification","valueRequired":true,"valueName":"search_term_string"}}],"inLanguage":"es"},{"@type":"Organization","@id":"https:\/\/letrame.com\/catalogo\/#organization","name":"Catalogo | Letrame Grupo Editorial","url":"https:\/\/letrame.com\/catalogo\/","logo":{"@type":"ImageObject","inLanguage":"es","@id":"https:\/\/letrame.com\/catalogo\/#\/schema\/logo\/image\/","url":"https:\/\/letrame.com\/catalogo\/wp-content\/uploads\/2024\/03\/logo2.webp","contentUrl":"https:\/\/letrame.com\/catalogo\/wp-content\/uploads\/2024\/03\/logo2.webp","width":394,"height":128,"caption":"Catalogo | Letrame Grupo Editorial"},"image":{"@id":"https:\/\/letrame.com\/catalogo\/#\/schema\/logo\/image\/"}}]}},"_links":{"self":[{"href":"https:\/\/letrame.com\/catalogo\/wp-json\/wp\/v2\/product\/98637","targetHints":{"allow":["GET"]}}],"collection":[{"href":"https:\/\/letrame.com\/catalogo\/wp-json\/wp\/v2\/product"}],"about":[{"href":"https:\/\/letrame.com\/catalogo\/wp-json\/wp\/v2\/types\/product"}],"replies":[{"embeddable":true,"href":"https:\/\/letrame.com\/catalogo\/wp-json\/wp\/v2\/comments?post=98637"}],"acf:post":[{"embeddable":true,"href":"https:\/\/letrame.com\/catalogo\/wp-json\/wp\/v2\/author_book\/77073"}],"wp:featuredmedia":[{"embeddable":true,"href":"https:\/\/letrame.com\/catalogo\/wp-json\/wp\/v2\/media\/98638"}],"wp:attachment":[{"href":"https:\/\/letrame.com\/catalogo\/wp-json\/wp\/v2\/media?parent=98637"}],"wp:term":[{"taxonomy":"libro","embeddable":true,"href":"https:\/\/letrame.com\/catalogo\/wp-json\/wp\/v2\/libro?post=98637"},{"taxonomy":"product_brand","embeddable":true,"href":"https:\/\/letrame.com\/catalogo\/wp-json\/wp\/v2\/product_brand?post=98637"},{"taxonomy":"product_cat","embeddable":true,"href":"https:\/\/letrame.com\/catalogo\/wp-json\/wp\/v2\/product_cat?post=98637"},{"taxonomy":"product_tag","embeddable":true,"href":"https:\/\/letrame.com\/catalogo\/wp-json\/wp\/v2\/product_tag?post=98637"}],"curies":[{"name":"wp","href":"https:\/\/api.w.org\/{rel}","templated":true}]}}