{"id":98595,"date":"2024-04-29T15:13:02","date_gmt":"2024-04-29T13:13:02","guid":{"rendered":"https:\/\/letrame.com\/catalogo\/producto\/nacer-dos-veces\/"},"modified":"2024-08-09T09:31:36","modified_gmt":"2024-08-09T07:31:36","slug":"nacer-dos-veces","status":"publish","type":"product","link":"https:\/\/letrame.com\/catalogo\/producto\/nacer-dos-veces\/","title":{"rendered":"Nacer dos veces"},"content":{"rendered":"<p><strong>ISBN<\/strong>: 978-84-1144-679-2<\/p>\n<p><strong>T\u00edtulo<\/strong>: Nacer dos veces<br \/>\n<strong>Fecha<\/strong>: 2023<br \/>\n<strong>P\u00e1ginas<\/strong>: 58<\/p>\n<p><strong>SINOPSIS<\/strong><\/p>\n<p>Obra basada, en gran parte, en hechos reales.<\/p>\n<p>En Nacer dos veces describo cuando fui a Ceuta, en el a\u00f1o 1997, para realizar el servicio militar obligatorio y c\u00f3mo, una vez all\u00ed, me alist\u00e9 a la Legi\u00f3n. A trav\u00e9s de los doce Esp\u00edritus del Credo Legionario voy contando experiencias y situaciones ver\u00eddicas con otras ficticias, desconociendo el lector, exactamente, cu\u00e1l es cu\u00e1l.<\/p>\n<p>Con esta novela corta intent\u00f3 llevar al lector hacia esa etapa tan importante y significativa de mi vida para hacerle comprender que la Legi\u00f3n es mucho m\u00e1s que una fuerza militar de \u00e9lite, es una manera de ver y de vivir la vida.<\/p>\n<p>&nbsp;<\/p>\n<p>&nbsp;<\/p>\n","protected":false},"excerpt":{"rendered":"<p><strong>ISBN<\/strong>: 978-84-1144-679-2<\/p>\n<p><strong>SINOPSIS<\/strong><\/p>\n<p>Obra basada, en gran parte, en hechos reales.<\/p>\n<p>En Nacer dos veces describo cuando fui a Ceuta, en el a\u00f1o 1997, para realizar el servicio militar obligatorio y c\u00f3mo, una vez all\u00ed, me alist\u00e9 a la Legi\u00f3n. A trav\u00e9s de los doce Esp\u00edritus del Credo Legionario voy contando experiencias y situaciones ver\u00eddicas con otras ficticias, desconociendo el lector, exactamente, cu\u00e1l es cu\u00e1l.<\/p>\n<p>Con esta novela corta intento llevar al lector hacia esa etapa tan importante y significativa de mi vida para hacerle comprender que la Legi\u00f3n es mucho m\u00e1s que una fuerza militar de \u00e9lite, es una manera de ver y de vivir la vida.<\/p>\n","protected":false},"featured_media":98596,"comment_status":"closed","ping_status":"closed","template":"","meta":{"_acf_changed":false},"libro":[],"product_brand":[],"product_cat":[16],"product_tag":[],"class_list":{"0":"post-98595","1":"product","2":"type-product","3":"status-publish","4":"has-post-thumbnail","6":"product_cat-novela","8":"first","9":"instock","10":"product-type-simple"},"acf":{"autor":[77035],"enlace_de_compra":"https:\/\/amzn.to\/4cjHUBj"},"yoast_head":"<!-- This site is optimized with the Yoast SEO plugin v27.4 - https:\/\/yoast.com\/product\/yoast-seo-wordpress\/ -->\n<title>Nacer dos veces - Catalogo | Letrame Grupo Editorial<\/title>\n<meta name=\"robots\" content=\"index, follow, max-snippet:-1, max-image-preview:large, max-video-preview:-1\" \/>\n<link rel=\"canonical\" href=\"https:\/\/letrame.com\/catalogo\/producto\/nacer-dos-veces\/\" \/>\n<meta property=\"og:locale\" content=\"es_ES\" \/>\n<meta property=\"og:type\" content=\"article\" \/>\n<meta property=\"og:title\" content=\"Nacer dos veces - Catalogo | Letrame Grupo Editorial\" \/>\n<meta property=\"og:description\" content=\"ISBN: 978-84-1144-679-2  SINOPSIS  Obra basada, en gran parte, en hechos reales.  En Nacer dos veces describo cuando fui a Ceuta, en el a\u00f1o 1997, para realizar el servicio militar obligatorio y c\u00f3mo, una vez all\u00ed, me alist\u00e9 a la Legi\u00f3n. A trav\u00e9s de los doce Esp\u00edritus del Credo Legionario voy contando experiencias y situaciones ver\u00eddicas con otras ficticias, desconociendo el lector, exactamente, cu\u00e1l es cu\u00e1l.  Con esta novela corta intento llevar al lector hacia esa etapa tan importante y significativa de mi vida para hacerle comprender que la Legi\u00f3n es mucho m\u00e1s que una fuerza militar de \u00e9lite, es una manera de ver y de vivir la vida.\" \/>\n<meta property=\"og:url\" content=\"https:\/\/letrame.com\/catalogo\/producto\/nacer-dos-veces\/\" \/>\n<meta property=\"og:site_name\" content=\"Catalogo | Letrame Grupo Editorial\" \/>\n<meta property=\"article:modified_time\" content=\"2024-08-09T07:31:36+00:00\" \/>\n<meta property=\"og:image\" content=\"https:\/\/letrame.com\/catalogo\/wp-content\/uploads\/2024\/04\/web_nacerdosveces_375mm-compressed.jpg\" \/>\n\t<meta property=\"og:image:width\" content=\"601\" \/>\n\t<meta property=\"og:image:height\" content=\"832\" \/>\n\t<meta property=\"og:image:type\" content=\"image\/jpeg\" \/>\n<meta name=\"twitter:card\" content=\"summary_large_image\" \/>\n<meta name=\"twitter:label1\" content=\"Tiempo de lectura\" \/>\n\t<meta name=\"twitter:data1\" content=\"1 minuto\" \/>\n<script type=\"application\/ld+json\" class=\"yoast-schema-graph\">{\"@context\":\"https:\\\/\\\/schema.org\",\"@graph\":[{\"@type\":\"WebPage\",\"@id\":\"https:\\\/\\\/letrame.com\\\/catalogo\\\/producto\\\/nacer-dos-veces\\\/\",\"url\":\"https:\\\/\\\/letrame.com\\\/catalogo\\\/producto\\\/nacer-dos-veces\\\/\",\"name\":\"Nacer dos veces - Catalogo | Letrame Grupo Editorial\",\"isPartOf\":{\"@id\":\"https:\\\/\\\/letrame.com\\\/catalogo\\\/#website\"},\"primaryImageOfPage\":{\"@id\":\"https:\\\/\\\/letrame.com\\\/catalogo\\\/producto\\\/nacer-dos-veces\\\/#primaryimage\"},\"image\":{\"@id\":\"https:\\\/\\\/letrame.com\\\/catalogo\\\/producto\\\/nacer-dos-veces\\\/#primaryimage\"},\"thumbnailUrl\":\"https:\\\/\\\/letrame.com\\\/catalogo\\\/wp-content\\\/uploads\\\/2024\\\/04\\\/web_nacerdosveces_375mm-compressed.jpg\",\"datePublished\":\"2024-04-29T13:13:02+00:00\",\"dateModified\":\"2024-08-09T07:31:36+00:00\",\"breadcrumb\":{\"@id\":\"https:\\\/\\\/letrame.com\\\/catalogo\\\/producto\\\/nacer-dos-veces\\\/#breadcrumb\"},\"inLanguage\":\"es\",\"potentialAction\":[{\"@type\":\"ReadAction\",\"target\":[\"https:\\\/\\\/letrame.com\\\/catalogo\\\/producto\\\/nacer-dos-veces\\\/\"]}]},{\"@type\":\"ImageObject\",\"inLanguage\":\"es\",\"@id\":\"https:\\\/\\\/letrame.com\\\/catalogo\\\/producto\\\/nacer-dos-veces\\\/#primaryimage\",\"url\":\"https:\\\/\\\/letrame.com\\\/catalogo\\\/wp-content\\\/uploads\\\/2024\\\/04\\\/web_nacerdosveces_375mm-compressed.jpg\",\"contentUrl\":\"https:\\\/\\\/letrame.com\\\/catalogo\\\/wp-content\\\/uploads\\\/2024\\\/04\\\/web_nacerdosveces_375mm-compressed.jpg\",\"width\":601,\"height\":832},{\"@type\":\"BreadcrumbList\",\"@id\":\"https:\\\/\\\/letrame.com\\\/catalogo\\\/producto\\\/nacer-dos-veces\\\/#breadcrumb\",\"itemListElement\":[{\"@type\":\"ListItem\",\"position\":1,\"name\":\"Portada\",\"item\":\"https:\\\/\\\/letrame.com\\\/catalogo\\\/\"},{\"@type\":\"ListItem\",\"position\":2,\"name\":\"Cat\u00e1logo\",\"item\":\"https:\\\/\\\/letrame.com\\\/catalogo\\\/\"},{\"@type\":\"ListItem\",\"position\":3,\"name\":\"Nacer dos veces\"}]},{\"@type\":\"WebSite\",\"@id\":\"https:\\\/\\\/letrame.com\\\/catalogo\\\/#website\",\"url\":\"https:\\\/\\\/letrame.com\\\/catalogo\\\/\",\"name\":\"Catalogo | Letrame Grupo Editorial\",\"description\":\"\",\"publisher\":{\"@id\":\"https:\\\/\\\/letrame.com\\\/catalogo\\\/#organization\"},\"potentialAction\":[{\"@type\":\"SearchAction\",\"target\":{\"@type\":\"EntryPoint\",\"urlTemplate\":\"https:\\\/\\\/letrame.com\\\/catalogo\\\/?s={search_term_string}\"},\"query-input\":{\"@type\":\"PropertyValueSpecification\",\"valueRequired\":true,\"valueName\":\"search_term_string\"}}],\"inLanguage\":\"es\"},{\"@type\":\"Organization\",\"@id\":\"https:\\\/\\\/letrame.com\\\/catalogo\\\/#organization\",\"name\":\"Catalogo | Letrame Grupo Editorial\",\"url\":\"https:\\\/\\\/letrame.com\\\/catalogo\\\/\",\"logo\":{\"@type\":\"ImageObject\",\"inLanguage\":\"es\",\"@id\":\"https:\\\/\\\/letrame.com\\\/catalogo\\\/#\\\/schema\\\/logo\\\/image\\\/\",\"url\":\"https:\\\/\\\/letrame.com\\\/catalogo\\\/wp-content\\\/uploads\\\/2024\\\/03\\\/logo2.webp\",\"contentUrl\":\"https:\\\/\\\/letrame.com\\\/catalogo\\\/wp-content\\\/uploads\\\/2024\\\/03\\\/logo2.webp\",\"width\":394,\"height\":128,\"caption\":\"Catalogo | Letrame Grupo Editorial\"},\"image\":{\"@id\":\"https:\\\/\\\/letrame.com\\\/catalogo\\\/#\\\/schema\\\/logo\\\/image\\\/\"}}]}<\/script>\n<!-- \/ Yoast SEO plugin. -->","yoast_head_json":{"title":"Nacer dos veces - Catalogo | Letrame Grupo Editorial","robots":{"index":"index","follow":"follow","max-snippet":"max-snippet:-1","max-image-preview":"max-image-preview:large","max-video-preview":"max-video-preview:-1"},"canonical":"https:\/\/letrame.com\/catalogo\/producto\/nacer-dos-veces\/","og_locale":"es_ES","og_type":"article","og_title":"Nacer dos veces - Catalogo | Letrame Grupo Editorial","og_description":"ISBN: 978-84-1144-679-2  SINOPSIS  Obra basada, en gran parte, en hechos reales.  En Nacer dos veces describo cuando fui a Ceuta, en el a\u00f1o 1997, para realizar el servicio militar obligatorio y c\u00f3mo, una vez all\u00ed, me alist\u00e9 a la Legi\u00f3n. A trav\u00e9s de los doce Esp\u00edritus del Credo Legionario voy contando experiencias y situaciones ver\u00eddicas con otras ficticias, desconociendo el lector, exactamente, cu\u00e1l es cu\u00e1l.  Con esta novela corta intento llevar al lector hacia esa etapa tan importante y significativa de mi vida para hacerle comprender que la Legi\u00f3n es mucho m\u00e1s que una fuerza militar de \u00e9lite, es una manera de ver y de vivir la vida.","og_url":"https:\/\/letrame.com\/catalogo\/producto\/nacer-dos-veces\/","og_site_name":"Catalogo | Letrame Grupo Editorial","article_modified_time":"2024-08-09T07:31:36+00:00","og_image":[{"width":601,"height":832,"url":"https:\/\/letrame.com\/catalogo\/wp-content\/uploads\/2024\/04\/web_nacerdosveces_375mm-compressed.jpg","type":"image\/jpeg"}],"twitter_card":"summary_large_image","twitter_misc":{"Tiempo de lectura":"1 minuto"},"schema":{"@context":"https:\/\/schema.org","@graph":[{"@type":"WebPage","@id":"https:\/\/letrame.com\/catalogo\/producto\/nacer-dos-veces\/","url":"https:\/\/letrame.com\/catalogo\/producto\/nacer-dos-veces\/","name":"Nacer dos veces - Catalogo | Letrame Grupo Editorial","isPartOf":{"@id":"https:\/\/letrame.com\/catalogo\/#website"},"primaryImageOfPage":{"@id":"https:\/\/letrame.com\/catalogo\/producto\/nacer-dos-veces\/#primaryimage"},"image":{"@id":"https:\/\/letrame.com\/catalogo\/producto\/nacer-dos-veces\/#primaryimage"},"thumbnailUrl":"https:\/\/letrame.com\/catalogo\/wp-content\/uploads\/2024\/04\/web_nacerdosveces_375mm-compressed.jpg","datePublished":"2024-04-29T13:13:02+00:00","dateModified":"2024-08-09T07:31:36+00:00","breadcrumb":{"@id":"https:\/\/letrame.com\/catalogo\/producto\/nacer-dos-veces\/#breadcrumb"},"inLanguage":"es","potentialAction":[{"@type":"ReadAction","target":["https:\/\/letrame.com\/catalogo\/producto\/nacer-dos-veces\/"]}]},{"@type":"ImageObject","inLanguage":"es","@id":"https:\/\/letrame.com\/catalogo\/producto\/nacer-dos-veces\/#primaryimage","url":"https:\/\/letrame.com\/catalogo\/wp-content\/uploads\/2024\/04\/web_nacerdosveces_375mm-compressed.jpg","contentUrl":"https:\/\/letrame.com\/catalogo\/wp-content\/uploads\/2024\/04\/web_nacerdosveces_375mm-compressed.jpg","width":601,"height":832},{"@type":"BreadcrumbList","@id":"https:\/\/letrame.com\/catalogo\/producto\/nacer-dos-veces\/#breadcrumb","itemListElement":[{"@type":"ListItem","position":1,"name":"Portada","item":"https:\/\/letrame.com\/catalogo\/"},{"@type":"ListItem","position":2,"name":"Cat\u00e1logo","item":"https:\/\/letrame.com\/catalogo\/"},{"@type":"ListItem","position":3,"name":"Nacer dos veces"}]},{"@type":"WebSite","@id":"https:\/\/letrame.com\/catalogo\/#website","url":"https:\/\/letrame.com\/catalogo\/","name":"Catalogo | Letrame Grupo Editorial","description":"","publisher":{"@id":"https:\/\/letrame.com\/catalogo\/#organization"},"potentialAction":[{"@type":"SearchAction","target":{"@type":"EntryPoint","urlTemplate":"https:\/\/letrame.com\/catalogo\/?s={search_term_string}"},"query-input":{"@type":"PropertyValueSpecification","valueRequired":true,"valueName":"search_term_string"}}],"inLanguage":"es"},{"@type":"Organization","@id":"https:\/\/letrame.com\/catalogo\/#organization","name":"Catalogo | Letrame Grupo Editorial","url":"https:\/\/letrame.com\/catalogo\/","logo":{"@type":"ImageObject","inLanguage":"es","@id":"https:\/\/letrame.com\/catalogo\/#\/schema\/logo\/image\/","url":"https:\/\/letrame.com\/catalogo\/wp-content\/uploads\/2024\/03\/logo2.webp","contentUrl":"https:\/\/letrame.com\/catalogo\/wp-content\/uploads\/2024\/03\/logo2.webp","width":394,"height":128,"caption":"Catalogo | Letrame Grupo Editorial"},"image":{"@id":"https:\/\/letrame.com\/catalogo\/#\/schema\/logo\/image\/"}}]}},"_links":{"self":[{"href":"https:\/\/letrame.com\/catalogo\/wp-json\/wp\/v2\/product\/98595","targetHints":{"allow":["GET"]}}],"collection":[{"href":"https:\/\/letrame.com\/catalogo\/wp-json\/wp\/v2\/product"}],"about":[{"href":"https:\/\/letrame.com\/catalogo\/wp-json\/wp\/v2\/types\/product"}],"replies":[{"embeddable":true,"href":"https:\/\/letrame.com\/catalogo\/wp-json\/wp\/v2\/comments?post=98595"}],"acf:post":[{"embeddable":true,"href":"https:\/\/letrame.com\/catalogo\/wp-json\/wp\/v2\/author_book\/77035"}],"wp:featuredmedia":[{"embeddable":true,"href":"https:\/\/letrame.com\/catalogo\/wp-json\/wp\/v2\/media\/98596"}],"wp:attachment":[{"href":"https:\/\/letrame.com\/catalogo\/wp-json\/wp\/v2\/media?parent=98595"}],"wp:term":[{"taxonomy":"libro","embeddable":true,"href":"https:\/\/letrame.com\/catalogo\/wp-json\/wp\/v2\/libro?post=98595"},{"taxonomy":"product_brand","embeddable":true,"href":"https:\/\/letrame.com\/catalogo\/wp-json\/wp\/v2\/product_brand?post=98595"},{"taxonomy":"product_cat","embeddable":true,"href":"https:\/\/letrame.com\/catalogo\/wp-json\/wp\/v2\/product_cat?post=98595"},{"taxonomy":"product_tag","embeddable":true,"href":"https:\/\/letrame.com\/catalogo\/wp-json\/wp\/v2\/product_tag?post=98595"}],"curies":[{"name":"wp","href":"https:\/\/api.w.org\/{rel}","templated":true}]}}