{"id":98586,"date":"2024-04-29T15:12:41","date_gmt":"2024-04-29T13:12:41","guid":{"rendered":"https:\/\/letrame.com\/catalogo\/producto\/la-lluvia-en-las-entranas\/"},"modified":"2024-08-09T09:34:47","modified_gmt":"2024-08-09T07:34:47","slug":"la-lluvia-en-las-entranas","status":"publish","type":"product","link":"https:\/\/letrame.com\/catalogo\/producto\/la-lluvia-en-las-entranas\/","title":{"rendered":"La lluvia en las entra\u00f1as"},"content":{"rendered":"<p><strong>ISBN<\/strong>: 978-84-1144-569-6<\/p>\n<p><strong>T\u00edtulo<\/strong>: La lluvia en las entra\u00f1as<br \/>\n<strong>Fecha<\/strong>: 2022<br \/>\n<strong>P\u00e1ginas<\/strong>: 88<\/p>\n<p><strong>SINOPSIS<\/strong><\/p>\n<p>Manuel L\u00f3pez Mart\u00ednez, nos invita esta vez a su mente literaria, para que gocemos con \u00e9l su vida interior. Su esp\u00edritu independiente, nos revela una vez m\u00e1s, los s\u00edmbolos de su personalidad.<\/p>\n<p>Aut\u00e9ntico en pensamientos y palabras, abraza la excepci\u00f3n en los tiempos corrientes. Muerde el cebo de la espiritualidad, y se adentra, en las aguas oscuras del r\u00edo de la vida.<\/p>\n<p>Llena de amor y misterio las latas vac\u00edas en el fondo de los pensamientos, para hacer una expedici\u00f3n a la verdad de los sentimientos.<\/p>\n<p>\u201cLa lluvia en las entra\u00f1as\u201d, su \u00faltimo libro publicado, recoge las arrugas de los a\u00f1os vividos, en una generaci\u00f3n que, poco a poco, se va muriendo.<\/p>\n","protected":false},"excerpt":{"rendered":"<p><strong>ISBN<\/strong>: 978-84-1144-569-6<\/p>\n<p><strong>SINOPSIS<\/strong><\/p>\n<p>Manuel L\u00f3pez Mart\u00ednez, nos invita esta vez a su mente literaria, para que gocemos con \u00e9l su vida interior. Su esp\u00edritu independiente, nos revela una vez m\u00e1s, los s\u00edmbolos de su personalidad.<\/p>\n<p>Aut\u00e9ntico en pensamientos y palabras, abraza la excepci\u00f3n en los tiempos corrientes. Muerde el cebo de la espiritualidad, y se adentra, en las aguas oscuras del r\u00edo de la vida.<\/p>\n<p>Llena de amor y misterio las latas vac\u00edas en el fondo de los pensamientos, para hacer una expedici\u00f3n a la verdad de los sentimientos.<\/p>\n<p>\u201cLa lluvia en las entra\u00f1as\u201d, su \u00faltimo libro publicado, recoge las arrugas de los a\u00f1os vividos, en una generaci\u00f3n que, poco a poco, se va muriendo.<\/p>\n","protected":false},"featured_media":100416,"comment_status":"closed","ping_status":"closed","template":"","meta":{"_acf_changed":false},"libro":[],"product_brand":[],"product_cat":[20],"product_tag":[],"class_list":{"0":"post-98586","1":"product","2":"type-product","3":"status-publish","4":"has-post-thumbnail","6":"product_cat-poesia","8":"first","9":"instock","10":"product-type-simple"},"acf":{"autor":[77605],"enlace_de_compra":"https:\/\/amzn.to\/4dfKwBl"},"yoast_head":"<!-- This site is optimized with the Yoast SEO plugin v26.6 - https:\/\/yoast.com\/wordpress\/plugins\/seo\/ -->\n<title>La lluvia en las entra\u00f1as - Catalogo | Letrame Grupo Editorial<\/title>\n<meta name=\"robots\" content=\"index, follow, max-snippet:-1, max-image-preview:large, max-video-preview:-1\" \/>\n<link rel=\"canonical\" href=\"https:\/\/letrame.com\/catalogo\/producto\/la-lluvia-en-las-entranas\/\" \/>\n<meta property=\"og:locale\" content=\"es_ES\" \/>\n<meta property=\"og:type\" content=\"article\" \/>\n<meta property=\"og:title\" content=\"La lluvia en las entra\u00f1as - Catalogo | Letrame Grupo Editorial\" \/>\n<meta property=\"og:description\" content=\"ISBN: 978-84-1144-569-6  SINOPSIS  Manuel L\u00f3pez Mart\u00ednez, nos invita esta vez a su mente literaria, para que gocemos con \u00e9l su vida interior. Su esp\u00edritu independiente, nos revela una vez m\u00e1s, los s\u00edmbolos de su personalidad.  Aut\u00e9ntico en pensamientos y palabras, abraza la excepci\u00f3n en los tiempos corrientes. Muerde el cebo de la espiritualidad, y se adentra, en las aguas oscuras del r\u00edo de la vida.  Llena de amor y misterio las latas vac\u00edas en el fondo de los pensamientos, para hacer una expedici\u00f3n a la verdad de los sentimientos.  \u201cLa lluvia en las entra\u00f1as\u201d, su \u00faltimo libro publicado, recoge las arrugas de los a\u00f1os vividos, en una generaci\u00f3n que, poco a poco, se va muriendo.\" \/>\n<meta property=\"og:url\" content=\"https:\/\/letrame.com\/catalogo\/producto\/la-lluvia-en-las-entranas\/\" \/>\n<meta property=\"og:site_name\" content=\"Catalogo | Letrame Grupo Editorial\" \/>\n<meta property=\"article:modified_time\" content=\"2024-08-09T07:34:47+00:00\" \/>\n<meta property=\"og:image\" content=\"https:\/\/letrame.com\/catalogo\/wp-content\/uploads\/2024\/04\/redportada_lalluviaenlasentranas_513mm-compressed.webp\" \/>\n\t<meta property=\"og:image:width\" content=\"601\" \/>\n\t<meta property=\"og:image:height\" content=\"868\" \/>\n\t<meta property=\"og:image:type\" content=\"image\/webp\" \/>\n<meta name=\"twitter:card\" content=\"summary_large_image\" \/>\n<meta name=\"twitter:label1\" content=\"Tiempo de lectura\" \/>\n\t<meta name=\"twitter:data1\" content=\"1 minuto\" \/>\n<script type=\"application\/ld+json\" class=\"yoast-schema-graph\">{\"@context\":\"https:\/\/schema.org\",\"@graph\":[{\"@type\":\"WebPage\",\"@id\":\"https:\/\/letrame.com\/catalogo\/producto\/la-lluvia-en-las-entranas\/\",\"url\":\"https:\/\/letrame.com\/catalogo\/producto\/la-lluvia-en-las-entranas\/\",\"name\":\"La lluvia en las entra\u00f1as - Catalogo | Letrame Grupo Editorial\",\"isPartOf\":{\"@id\":\"https:\/\/letrame.com\/catalogo\/#website\"},\"primaryImageOfPage\":{\"@id\":\"https:\/\/letrame.com\/catalogo\/producto\/la-lluvia-en-las-entranas\/#primaryimage\"},\"image\":{\"@id\":\"https:\/\/letrame.com\/catalogo\/producto\/la-lluvia-en-las-entranas\/#primaryimage\"},\"thumbnailUrl\":\"https:\/\/letrame.com\/catalogo\/wp-content\/uploads\/2024\/04\/redportada_lalluviaenlasentranas_513mm-compressed.webp\",\"datePublished\":\"2024-04-29T13:12:41+00:00\",\"dateModified\":\"2024-08-09T07:34:47+00:00\",\"breadcrumb\":{\"@id\":\"https:\/\/letrame.com\/catalogo\/producto\/la-lluvia-en-las-entranas\/#breadcrumb\"},\"inLanguage\":\"es\",\"potentialAction\":[{\"@type\":\"ReadAction\",\"target\":[\"https:\/\/letrame.com\/catalogo\/producto\/la-lluvia-en-las-entranas\/\"]}]},{\"@type\":\"ImageObject\",\"inLanguage\":\"es\",\"@id\":\"https:\/\/letrame.com\/catalogo\/producto\/la-lluvia-en-las-entranas\/#primaryimage\",\"url\":\"https:\/\/letrame.com\/catalogo\/wp-content\/uploads\/2024\/04\/redportada_lalluviaenlasentranas_513mm-compressed.webp\",\"contentUrl\":\"https:\/\/letrame.com\/catalogo\/wp-content\/uploads\/2024\/04\/redportada_lalluviaenlasentranas_513mm-compressed.webp\",\"width\":601,\"height\":868},{\"@type\":\"BreadcrumbList\",\"@id\":\"https:\/\/letrame.com\/catalogo\/producto\/la-lluvia-en-las-entranas\/#breadcrumb\",\"itemListElement\":[{\"@type\":\"ListItem\",\"position\":1,\"name\":\"Portada\",\"item\":\"https:\/\/letrame.com\/catalogo\/\"},{\"@type\":\"ListItem\",\"position\":2,\"name\":\"Cat\u00e1logo\",\"item\":\"https:\/\/letrame.com\/catalogo\/\"},{\"@type\":\"ListItem\",\"position\":3,\"name\":\"La lluvia en las entra\u00f1as\"}]},{\"@type\":\"WebSite\",\"@id\":\"https:\/\/letrame.com\/catalogo\/#website\",\"url\":\"https:\/\/letrame.com\/catalogo\/\",\"name\":\"Catalogo | Letrame Grupo Editorial\",\"description\":\"\",\"publisher\":{\"@id\":\"https:\/\/letrame.com\/catalogo\/#organization\"},\"potentialAction\":[{\"@type\":\"SearchAction\",\"target\":{\"@type\":\"EntryPoint\",\"urlTemplate\":\"https:\/\/letrame.com\/catalogo\/?s={search_term_string}\"},\"query-input\":{\"@type\":\"PropertyValueSpecification\",\"valueRequired\":true,\"valueName\":\"search_term_string\"}}],\"inLanguage\":\"es\"},{\"@type\":\"Organization\",\"@id\":\"https:\/\/letrame.com\/catalogo\/#organization\",\"name\":\"Catalogo | Letrame Grupo Editorial\",\"url\":\"https:\/\/letrame.com\/catalogo\/\",\"logo\":{\"@type\":\"ImageObject\",\"inLanguage\":\"es\",\"@id\":\"https:\/\/letrame.com\/catalogo\/#\/schema\/logo\/image\/\",\"url\":\"https:\/\/letrame.com\/catalogo\/wp-content\/uploads\/2024\/03\/logo2.webp\",\"contentUrl\":\"https:\/\/letrame.com\/catalogo\/wp-content\/uploads\/2024\/03\/logo2.webp\",\"width\":394,\"height\":128,\"caption\":\"Catalogo | Letrame Grupo Editorial\"},\"image\":{\"@id\":\"https:\/\/letrame.com\/catalogo\/#\/schema\/logo\/image\/\"}}]}<\/script>\n<!-- \/ Yoast SEO plugin. -->","yoast_head_json":{"title":"La lluvia en las entra\u00f1as - Catalogo | Letrame Grupo Editorial","robots":{"index":"index","follow":"follow","max-snippet":"max-snippet:-1","max-image-preview":"max-image-preview:large","max-video-preview":"max-video-preview:-1"},"canonical":"https:\/\/letrame.com\/catalogo\/producto\/la-lluvia-en-las-entranas\/","og_locale":"es_ES","og_type":"article","og_title":"La lluvia en las entra\u00f1as - Catalogo | Letrame Grupo Editorial","og_description":"ISBN: 978-84-1144-569-6  SINOPSIS  Manuel L\u00f3pez Mart\u00ednez, nos invita esta vez a su mente literaria, para que gocemos con \u00e9l su vida interior. Su esp\u00edritu independiente, nos revela una vez m\u00e1s, los s\u00edmbolos de su personalidad.  Aut\u00e9ntico en pensamientos y palabras, abraza la excepci\u00f3n en los tiempos corrientes. Muerde el cebo de la espiritualidad, y se adentra, en las aguas oscuras del r\u00edo de la vida.  Llena de amor y misterio las latas vac\u00edas en el fondo de los pensamientos, para hacer una expedici\u00f3n a la verdad de los sentimientos.  \u201cLa lluvia en las entra\u00f1as\u201d, su \u00faltimo libro publicado, recoge las arrugas de los a\u00f1os vividos, en una generaci\u00f3n que, poco a poco, se va muriendo.","og_url":"https:\/\/letrame.com\/catalogo\/producto\/la-lluvia-en-las-entranas\/","og_site_name":"Catalogo | Letrame Grupo Editorial","article_modified_time":"2024-08-09T07:34:47+00:00","og_image":[{"width":601,"height":868,"url":"https:\/\/letrame.com\/catalogo\/wp-content\/uploads\/2024\/04\/redportada_lalluviaenlasentranas_513mm-compressed.webp","type":"image\/webp"}],"twitter_card":"summary_large_image","twitter_misc":{"Tiempo de lectura":"1 minuto"},"schema":{"@context":"https:\/\/schema.org","@graph":[{"@type":"WebPage","@id":"https:\/\/letrame.com\/catalogo\/producto\/la-lluvia-en-las-entranas\/","url":"https:\/\/letrame.com\/catalogo\/producto\/la-lluvia-en-las-entranas\/","name":"La lluvia en las entra\u00f1as - Catalogo | Letrame Grupo Editorial","isPartOf":{"@id":"https:\/\/letrame.com\/catalogo\/#website"},"primaryImageOfPage":{"@id":"https:\/\/letrame.com\/catalogo\/producto\/la-lluvia-en-las-entranas\/#primaryimage"},"image":{"@id":"https:\/\/letrame.com\/catalogo\/producto\/la-lluvia-en-las-entranas\/#primaryimage"},"thumbnailUrl":"https:\/\/letrame.com\/catalogo\/wp-content\/uploads\/2024\/04\/redportada_lalluviaenlasentranas_513mm-compressed.webp","datePublished":"2024-04-29T13:12:41+00:00","dateModified":"2024-08-09T07:34:47+00:00","breadcrumb":{"@id":"https:\/\/letrame.com\/catalogo\/producto\/la-lluvia-en-las-entranas\/#breadcrumb"},"inLanguage":"es","potentialAction":[{"@type":"ReadAction","target":["https:\/\/letrame.com\/catalogo\/producto\/la-lluvia-en-las-entranas\/"]}]},{"@type":"ImageObject","inLanguage":"es","@id":"https:\/\/letrame.com\/catalogo\/producto\/la-lluvia-en-las-entranas\/#primaryimage","url":"https:\/\/letrame.com\/catalogo\/wp-content\/uploads\/2024\/04\/redportada_lalluviaenlasentranas_513mm-compressed.webp","contentUrl":"https:\/\/letrame.com\/catalogo\/wp-content\/uploads\/2024\/04\/redportada_lalluviaenlasentranas_513mm-compressed.webp","width":601,"height":868},{"@type":"BreadcrumbList","@id":"https:\/\/letrame.com\/catalogo\/producto\/la-lluvia-en-las-entranas\/#breadcrumb","itemListElement":[{"@type":"ListItem","position":1,"name":"Portada","item":"https:\/\/letrame.com\/catalogo\/"},{"@type":"ListItem","position":2,"name":"Cat\u00e1logo","item":"https:\/\/letrame.com\/catalogo\/"},{"@type":"ListItem","position":3,"name":"La lluvia en las entra\u00f1as"}]},{"@type":"WebSite","@id":"https:\/\/letrame.com\/catalogo\/#website","url":"https:\/\/letrame.com\/catalogo\/","name":"Catalogo | Letrame Grupo Editorial","description":"","publisher":{"@id":"https:\/\/letrame.com\/catalogo\/#organization"},"potentialAction":[{"@type":"SearchAction","target":{"@type":"EntryPoint","urlTemplate":"https:\/\/letrame.com\/catalogo\/?s={search_term_string}"},"query-input":{"@type":"PropertyValueSpecification","valueRequired":true,"valueName":"search_term_string"}}],"inLanguage":"es"},{"@type":"Organization","@id":"https:\/\/letrame.com\/catalogo\/#organization","name":"Catalogo | Letrame Grupo Editorial","url":"https:\/\/letrame.com\/catalogo\/","logo":{"@type":"ImageObject","inLanguage":"es","@id":"https:\/\/letrame.com\/catalogo\/#\/schema\/logo\/image\/","url":"https:\/\/letrame.com\/catalogo\/wp-content\/uploads\/2024\/03\/logo2.webp","contentUrl":"https:\/\/letrame.com\/catalogo\/wp-content\/uploads\/2024\/03\/logo2.webp","width":394,"height":128,"caption":"Catalogo | Letrame Grupo Editorial"},"image":{"@id":"https:\/\/letrame.com\/catalogo\/#\/schema\/logo\/image\/"}}]}},"_links":{"self":[{"href":"https:\/\/letrame.com\/catalogo\/wp-json\/wp\/v2\/product\/98586","targetHints":{"allow":["GET"]}}],"collection":[{"href":"https:\/\/letrame.com\/catalogo\/wp-json\/wp\/v2\/product"}],"about":[{"href":"https:\/\/letrame.com\/catalogo\/wp-json\/wp\/v2\/types\/product"}],"replies":[{"embeddable":true,"href":"https:\/\/letrame.com\/catalogo\/wp-json\/wp\/v2\/comments?post=98586"}],"acf:post":[{"embeddable":true,"href":"https:\/\/letrame.com\/catalogo\/wp-json\/wp\/v2\/author_book\/77605"}],"wp:featuredmedia":[{"embeddable":true,"href":"https:\/\/letrame.com\/catalogo\/wp-json\/wp\/v2\/media\/100416"}],"wp:attachment":[{"href":"https:\/\/letrame.com\/catalogo\/wp-json\/wp\/v2\/media?parent=98586"}],"wp:term":[{"taxonomy":"libro","embeddable":true,"href":"https:\/\/letrame.com\/catalogo\/wp-json\/wp\/v2\/libro?post=98586"},{"taxonomy":"product_brand","embeddable":true,"href":"https:\/\/letrame.com\/catalogo\/wp-json\/wp\/v2\/product_brand?post=98586"},{"taxonomy":"product_cat","embeddable":true,"href":"https:\/\/letrame.com\/catalogo\/wp-json\/wp\/v2\/product_cat?post=98586"},{"taxonomy":"product_tag","embeddable":true,"href":"https:\/\/letrame.com\/catalogo\/wp-json\/wp\/v2\/product_tag?post=98586"}],"curies":[{"name":"wp","href":"https:\/\/api.w.org\/{rel}","templated":true}]}}