{"id":98577,"date":"2024-04-29T15:11:54","date_gmt":"2024-04-29T13:11:54","guid":{"rendered":"https:\/\/letrame.com\/catalogo\/producto\/manchas-de-tinta\/"},"modified":"2024-04-29T15:11:57","modified_gmt":"2024-04-29T13:11:57","slug":"manchas-de-tinta","status":"publish","type":"product","link":"https:\/\/letrame.com\/catalogo\/producto\/manchas-de-tinta\/","title":{"rendered":"Manchas de tinta"},"content":{"rendered":"<p><strong>ISBN<\/strong>: 978-84-1144-628-0<\/p>\n<p><strong>T\u00edtulo<\/strong>: <span data-sheets-value=\"{&quot;1&quot;:2,&quot;2&quot;:&quot;Manchas de tinta&quot;}\" data-sheets-userformat=\"{&quot;2&quot;:515,&quot;3&quot;:{&quot;1&quot;:0},&quot;4&quot;:{&quot;1&quot;:2,&quot;2&quot;:14281427},&quot;12&quot;:0}\">Manchas de tinta<\/span><br \/>\n<strong>Fecha<\/strong>: 2023<br \/>\n<strong>P\u00e1ginas<\/strong>: 100<\/p>\n<p><strong>SINOPSIS<\/strong><\/p>\n<p>Seguramente te suene de alg\u00fan lado la t\u00edpica escena de pel\u00edcula o serie donde un personaje ense\u00f1a a otro unas l\u00e1minas con diferentes manchas de tinta y este tiene que interpretarlas. Aunque ya quedan lejos los tiempos dorados del psicoan\u00e1lisis, probablemente esta sea la prueba m\u00e1s famosa dentro de la psicolog\u00eda. El test de Rorschach es una prueba que busca ver las proyecciones de la mente de una persona a partir de im\u00e1genes sin un significado aparente.<\/p>\n<p>&nbsp;<\/p>\n<p>Al final, no dista mucho de lo que he intentado hacer en estas p\u00e1ginas. Porque fuera de nuestras cabezas, cada letra, cada palabra y cada frase, no son m\u00e1s que manchas de tinta. Sobre estas hojas, cada uno es libre de poner su historia de paisaje al leer, de ponerle cara a un poema y nombre a otro, esto va de sentir el beso aunque no pensemos en los mismos labios.<\/p>\n<p>&nbsp;<\/p>\n<p>Esto va de sentir y por eso dejo aqu\u00ed para siempre mis manchas de tinta, para que te encuentres con mi yo m\u00e1s \u00edntimo y reflexivo, tanto en los rincones m\u00e1s oscuros como en los m\u00e1s luminosos, el que decidi\u00f3 dejar de dar la nota sobre el escenario para colarse silenciosamente entre tus manos.<\/p>\n<p>&nbsp;<\/p>\n","protected":false},"excerpt":{"rendered":"<p><strong>ISBN<\/strong>: 978-84-1144-628-0<\/p>\n<p><strong>SINOPSIS<\/strong><\/p>\n<p>Seguramente te suene de alg\u00fan lado la t\u00edpica escena de pel\u00edcula o serie donde un personaje ense\u00f1a a otro unas l\u00e1minas con diferentes manchas de tinta y este tiene que interpretarlas. Aunque ya quedan lejos los tiempos dorados del psicoan\u00e1lisis, probablemente esta sea la prueba m\u00e1s famosa dentro de la psicolog\u00eda. El test de Rorschach es una prueba que busca ver las proyecciones de la mente de una persona a partir de im\u00e1genes sin un significado aparente.<\/p>\n<p>&nbsp;<\/p>\n<p>Al final, no dista mucho de lo que he intentado hacer en estas p\u00e1ginas. Porque fuera de nuestras cabezas, cada letra, cada palabra y cada frase, no son m\u00e1s que manchas de tinta. Sobre estas hojas, cada uno es libre de poner su historia de paisaje al leer, de ponerle cara a un poema y nombre a otro, esto va de sentir el beso aunque no pensemos en los mismos labios.<\/p>\n<p>&nbsp;<\/p>\n<p>Esto va de sentir y por eso dejo aqu\u00ed para siempre mis manchas de tinta, para que te encuentres con mi yo m\u00e1s \u00edntimo y reflexivo, tanto en los rincones m\u00e1s oscuros como en los m\u00e1s luminosos, el que decidi\u00f3 dejar de dar la nota sobre el escenario para colarse silenciosamente entre tus manos.<\/p>\n<p>&nbsp;<\/p>\n","protected":false},"featured_media":98578,"comment_status":"closed","ping_status":"open","template":"","meta":{"_acf_changed":false},"libro":[],"product_brand":[],"product_cat":[26],"product_tag":[],"class_list":{"0":"post-98577","1":"product","2":"type-product","3":"status-publish","4":"has-post-thumbnail","6":"product_cat-sin-categoria","8":"first","9":"instock","10":"product-type-simple"},"acf":{"autor":[77017],"enlace_de_compra":""},"yoast_head":"<!-- This site is optimized with the Yoast SEO plugin v27.4 - https:\/\/yoast.com\/product\/yoast-seo-wordpress\/ -->\n<title>Manchas de tinta - Catalogo | Letrame Grupo Editorial<\/title>\n<meta name=\"robots\" content=\"index, follow, max-snippet:-1, max-image-preview:large, max-video-preview:-1\" \/>\n<link rel=\"canonical\" href=\"https:\/\/letrame.com\/catalogo\/producto\/manchas-de-tinta\/\" \/>\n<meta property=\"og:locale\" content=\"es_ES\" \/>\n<meta property=\"og:type\" content=\"article\" \/>\n<meta property=\"og:title\" content=\"Manchas de tinta - Catalogo | Letrame Grupo Editorial\" \/>\n<meta property=\"og:description\" content=\"ISBN: 978-84-1144-628-0 SINOPSIS Seguramente te suene de alg\u00fan lado la t\u00edpica escena de pel\u00edcula o serie donde un personaje ense\u00f1a a otro unas l\u00e1minas con diferentes manchas de tinta y este tiene que interpretarlas. Aunque ya quedan lejos los tiempos dorados del psicoan\u00e1lisis, probablemente esta sea la prueba m\u00e1s famosa dentro de la psicolog\u00eda. El test de Rorschach es una prueba que busca ver las proyecciones de la mente de una persona a partir de im\u00e1genes sin un significado aparente. &nbsp; Al final, no dista mucho de lo que he intentado hacer en estas p\u00e1ginas. Porque fuera de nuestras cabezas, cada letra, cada palabra y cada frase, no son m\u00e1s que manchas de tinta. Sobre estas hojas, cada uno es libre de poner su historia de paisaje al leer, de ponerle cara a un poema y nombre a otro, esto va de sentir el beso aunque no pensemos en los mismos labios. &nbsp; Esto va de sentir y por eso dejo aqu\u00ed para siempre mis manchas de tinta, para que te encuentres con mi yo m\u00e1s \u00edntimo y reflexivo, tanto en los rincones m\u00e1s oscuros como en los m\u00e1s luminosos, el que decidi\u00f3 dejar de dar la nota sobre el escenario para colarse silenciosamente entre tus manos. &nbsp;\" \/>\n<meta property=\"og:url\" content=\"https:\/\/letrame.com\/catalogo\/producto\/manchas-de-tinta\/\" \/>\n<meta property=\"og:site_name\" content=\"Catalogo | Letrame Grupo Editorial\" \/>\n<meta property=\"article:modified_time\" content=\"2024-04-29T13:11:57+00:00\" \/>\n<meta property=\"og:image\" content=\"https:\/\/letrame.com\/catalogo\/wp-content\/uploads\/2024\/04\/web_manchasdetinta_568mm-2-compressed.jpg\" \/>\n\t<meta property=\"og:image:width\" content=\"601\" \/>\n\t<meta property=\"og:image:height\" content=\"868\" \/>\n\t<meta property=\"og:image:type\" content=\"image\/jpeg\" \/>\n<meta name=\"twitter:card\" content=\"summary_large_image\" \/>\n<meta name=\"twitter:label1\" content=\"Tiempo de lectura\" \/>\n\t<meta name=\"twitter:data1\" content=\"1 minuto\" \/>\n<script type=\"application\/ld+json\" class=\"yoast-schema-graph\">{\"@context\":\"https:\\\/\\\/schema.org\",\"@graph\":[{\"@type\":\"WebPage\",\"@id\":\"https:\\\/\\\/letrame.com\\\/catalogo\\\/producto\\\/manchas-de-tinta\\\/\",\"url\":\"https:\\\/\\\/letrame.com\\\/catalogo\\\/producto\\\/manchas-de-tinta\\\/\",\"name\":\"Manchas de tinta - Catalogo | Letrame Grupo Editorial\",\"isPartOf\":{\"@id\":\"https:\\\/\\\/letrame.com\\\/catalogo\\\/#website\"},\"primaryImageOfPage\":{\"@id\":\"https:\\\/\\\/letrame.com\\\/catalogo\\\/producto\\\/manchas-de-tinta\\\/#primaryimage\"},\"image\":{\"@id\":\"https:\\\/\\\/letrame.com\\\/catalogo\\\/producto\\\/manchas-de-tinta\\\/#primaryimage\"},\"thumbnailUrl\":\"https:\\\/\\\/letrame.com\\\/catalogo\\\/wp-content\\\/uploads\\\/2024\\\/04\\\/web_manchasdetinta_568mm-2-compressed.jpg\",\"datePublished\":\"2024-04-29T13:11:54+00:00\",\"dateModified\":\"2024-04-29T13:11:57+00:00\",\"breadcrumb\":{\"@id\":\"https:\\\/\\\/letrame.com\\\/catalogo\\\/producto\\\/manchas-de-tinta\\\/#breadcrumb\"},\"inLanguage\":\"es\",\"potentialAction\":[{\"@type\":\"ReadAction\",\"target\":[\"https:\\\/\\\/letrame.com\\\/catalogo\\\/producto\\\/manchas-de-tinta\\\/\"]}]},{\"@type\":\"ImageObject\",\"inLanguage\":\"es\",\"@id\":\"https:\\\/\\\/letrame.com\\\/catalogo\\\/producto\\\/manchas-de-tinta\\\/#primaryimage\",\"url\":\"https:\\\/\\\/letrame.com\\\/catalogo\\\/wp-content\\\/uploads\\\/2024\\\/04\\\/web_manchasdetinta_568mm-2-compressed.jpg\",\"contentUrl\":\"https:\\\/\\\/letrame.com\\\/catalogo\\\/wp-content\\\/uploads\\\/2024\\\/04\\\/web_manchasdetinta_568mm-2-compressed.jpg\",\"width\":601,\"height\":868},{\"@type\":\"BreadcrumbList\",\"@id\":\"https:\\\/\\\/letrame.com\\\/catalogo\\\/producto\\\/manchas-de-tinta\\\/#breadcrumb\",\"itemListElement\":[{\"@type\":\"ListItem\",\"position\":1,\"name\":\"Portada\",\"item\":\"https:\\\/\\\/letrame.com\\\/catalogo\\\/\"},{\"@type\":\"ListItem\",\"position\":2,\"name\":\"Cat\u00e1logo\",\"item\":\"https:\\\/\\\/letrame.com\\\/catalogo\\\/\"},{\"@type\":\"ListItem\",\"position\":3,\"name\":\"Manchas de tinta\"}]},{\"@type\":\"WebSite\",\"@id\":\"https:\\\/\\\/letrame.com\\\/catalogo\\\/#website\",\"url\":\"https:\\\/\\\/letrame.com\\\/catalogo\\\/\",\"name\":\"Catalogo | Letrame Grupo Editorial\",\"description\":\"\",\"publisher\":{\"@id\":\"https:\\\/\\\/letrame.com\\\/catalogo\\\/#organization\"},\"potentialAction\":[{\"@type\":\"SearchAction\",\"target\":{\"@type\":\"EntryPoint\",\"urlTemplate\":\"https:\\\/\\\/letrame.com\\\/catalogo\\\/?s={search_term_string}\"},\"query-input\":{\"@type\":\"PropertyValueSpecification\",\"valueRequired\":true,\"valueName\":\"search_term_string\"}}],\"inLanguage\":\"es\"},{\"@type\":\"Organization\",\"@id\":\"https:\\\/\\\/letrame.com\\\/catalogo\\\/#organization\",\"name\":\"Catalogo | Letrame Grupo Editorial\",\"url\":\"https:\\\/\\\/letrame.com\\\/catalogo\\\/\",\"logo\":{\"@type\":\"ImageObject\",\"inLanguage\":\"es\",\"@id\":\"https:\\\/\\\/letrame.com\\\/catalogo\\\/#\\\/schema\\\/logo\\\/image\\\/\",\"url\":\"https:\\\/\\\/letrame.com\\\/catalogo\\\/wp-content\\\/uploads\\\/2024\\\/03\\\/logo2.webp\",\"contentUrl\":\"https:\\\/\\\/letrame.com\\\/catalogo\\\/wp-content\\\/uploads\\\/2024\\\/03\\\/logo2.webp\",\"width\":394,\"height\":128,\"caption\":\"Catalogo | Letrame Grupo Editorial\"},\"image\":{\"@id\":\"https:\\\/\\\/letrame.com\\\/catalogo\\\/#\\\/schema\\\/logo\\\/image\\\/\"}}]}<\/script>\n<!-- \/ Yoast SEO plugin. -->","yoast_head_json":{"title":"Manchas de tinta - Catalogo | Letrame Grupo Editorial","robots":{"index":"index","follow":"follow","max-snippet":"max-snippet:-1","max-image-preview":"max-image-preview:large","max-video-preview":"max-video-preview:-1"},"canonical":"https:\/\/letrame.com\/catalogo\/producto\/manchas-de-tinta\/","og_locale":"es_ES","og_type":"article","og_title":"Manchas de tinta - Catalogo | Letrame Grupo Editorial","og_description":"ISBN: 978-84-1144-628-0 SINOPSIS Seguramente te suene de alg\u00fan lado la t\u00edpica escena de pel\u00edcula o serie donde un personaje ense\u00f1a a otro unas l\u00e1minas con diferentes manchas de tinta y este tiene que interpretarlas. Aunque ya quedan lejos los tiempos dorados del psicoan\u00e1lisis, probablemente esta sea la prueba m\u00e1s famosa dentro de la psicolog\u00eda. El test de Rorschach es una prueba que busca ver las proyecciones de la mente de una persona a partir de im\u00e1genes sin un significado aparente. &nbsp; Al final, no dista mucho de lo que he intentado hacer en estas p\u00e1ginas. Porque fuera de nuestras cabezas, cada letra, cada palabra y cada frase, no son m\u00e1s que manchas de tinta. Sobre estas hojas, cada uno es libre de poner su historia de paisaje al leer, de ponerle cara a un poema y nombre a otro, esto va de sentir el beso aunque no pensemos en los mismos labios. &nbsp; Esto va de sentir y por eso dejo aqu\u00ed para siempre mis manchas de tinta, para que te encuentres con mi yo m\u00e1s \u00edntimo y reflexivo, tanto en los rincones m\u00e1s oscuros como en los m\u00e1s luminosos, el que decidi\u00f3 dejar de dar la nota sobre el escenario para colarse silenciosamente entre tus manos. &nbsp;","og_url":"https:\/\/letrame.com\/catalogo\/producto\/manchas-de-tinta\/","og_site_name":"Catalogo | Letrame Grupo Editorial","article_modified_time":"2024-04-29T13:11:57+00:00","og_image":[{"width":601,"height":868,"url":"https:\/\/letrame.com\/catalogo\/wp-content\/uploads\/2024\/04\/web_manchasdetinta_568mm-2-compressed.jpg","type":"image\/jpeg"}],"twitter_card":"summary_large_image","twitter_misc":{"Tiempo de lectura":"1 minuto"},"schema":{"@context":"https:\/\/schema.org","@graph":[{"@type":"WebPage","@id":"https:\/\/letrame.com\/catalogo\/producto\/manchas-de-tinta\/","url":"https:\/\/letrame.com\/catalogo\/producto\/manchas-de-tinta\/","name":"Manchas de tinta - Catalogo | Letrame Grupo Editorial","isPartOf":{"@id":"https:\/\/letrame.com\/catalogo\/#website"},"primaryImageOfPage":{"@id":"https:\/\/letrame.com\/catalogo\/producto\/manchas-de-tinta\/#primaryimage"},"image":{"@id":"https:\/\/letrame.com\/catalogo\/producto\/manchas-de-tinta\/#primaryimage"},"thumbnailUrl":"https:\/\/letrame.com\/catalogo\/wp-content\/uploads\/2024\/04\/web_manchasdetinta_568mm-2-compressed.jpg","datePublished":"2024-04-29T13:11:54+00:00","dateModified":"2024-04-29T13:11:57+00:00","breadcrumb":{"@id":"https:\/\/letrame.com\/catalogo\/producto\/manchas-de-tinta\/#breadcrumb"},"inLanguage":"es","potentialAction":[{"@type":"ReadAction","target":["https:\/\/letrame.com\/catalogo\/producto\/manchas-de-tinta\/"]}]},{"@type":"ImageObject","inLanguage":"es","@id":"https:\/\/letrame.com\/catalogo\/producto\/manchas-de-tinta\/#primaryimage","url":"https:\/\/letrame.com\/catalogo\/wp-content\/uploads\/2024\/04\/web_manchasdetinta_568mm-2-compressed.jpg","contentUrl":"https:\/\/letrame.com\/catalogo\/wp-content\/uploads\/2024\/04\/web_manchasdetinta_568mm-2-compressed.jpg","width":601,"height":868},{"@type":"BreadcrumbList","@id":"https:\/\/letrame.com\/catalogo\/producto\/manchas-de-tinta\/#breadcrumb","itemListElement":[{"@type":"ListItem","position":1,"name":"Portada","item":"https:\/\/letrame.com\/catalogo\/"},{"@type":"ListItem","position":2,"name":"Cat\u00e1logo","item":"https:\/\/letrame.com\/catalogo\/"},{"@type":"ListItem","position":3,"name":"Manchas de tinta"}]},{"@type":"WebSite","@id":"https:\/\/letrame.com\/catalogo\/#website","url":"https:\/\/letrame.com\/catalogo\/","name":"Catalogo | Letrame Grupo Editorial","description":"","publisher":{"@id":"https:\/\/letrame.com\/catalogo\/#organization"},"potentialAction":[{"@type":"SearchAction","target":{"@type":"EntryPoint","urlTemplate":"https:\/\/letrame.com\/catalogo\/?s={search_term_string}"},"query-input":{"@type":"PropertyValueSpecification","valueRequired":true,"valueName":"search_term_string"}}],"inLanguage":"es"},{"@type":"Organization","@id":"https:\/\/letrame.com\/catalogo\/#organization","name":"Catalogo | Letrame Grupo Editorial","url":"https:\/\/letrame.com\/catalogo\/","logo":{"@type":"ImageObject","inLanguage":"es","@id":"https:\/\/letrame.com\/catalogo\/#\/schema\/logo\/image\/","url":"https:\/\/letrame.com\/catalogo\/wp-content\/uploads\/2024\/03\/logo2.webp","contentUrl":"https:\/\/letrame.com\/catalogo\/wp-content\/uploads\/2024\/03\/logo2.webp","width":394,"height":128,"caption":"Catalogo | Letrame Grupo Editorial"},"image":{"@id":"https:\/\/letrame.com\/catalogo\/#\/schema\/logo\/image\/"}}]}},"_links":{"self":[{"href":"https:\/\/letrame.com\/catalogo\/wp-json\/wp\/v2\/product\/98577","targetHints":{"allow":["GET"]}}],"collection":[{"href":"https:\/\/letrame.com\/catalogo\/wp-json\/wp\/v2\/product"}],"about":[{"href":"https:\/\/letrame.com\/catalogo\/wp-json\/wp\/v2\/types\/product"}],"replies":[{"embeddable":true,"href":"https:\/\/letrame.com\/catalogo\/wp-json\/wp\/v2\/comments?post=98577"}],"acf:post":[{"embeddable":true,"href":"https:\/\/letrame.com\/catalogo\/wp-json\/wp\/v2\/author_book\/77017"}],"wp:featuredmedia":[{"embeddable":true,"href":"https:\/\/letrame.com\/catalogo\/wp-json\/wp\/v2\/media\/98578"}],"wp:attachment":[{"href":"https:\/\/letrame.com\/catalogo\/wp-json\/wp\/v2\/media?parent=98577"}],"wp:term":[{"taxonomy":"libro","embeddable":true,"href":"https:\/\/letrame.com\/catalogo\/wp-json\/wp\/v2\/libro?post=98577"},{"taxonomy":"product_brand","embeddable":true,"href":"https:\/\/letrame.com\/catalogo\/wp-json\/wp\/v2\/product_brand?post=98577"},{"taxonomy":"product_cat","embeddable":true,"href":"https:\/\/letrame.com\/catalogo\/wp-json\/wp\/v2\/product_cat?post=98577"},{"taxonomy":"product_tag","embeddable":true,"href":"https:\/\/letrame.com\/catalogo\/wp-json\/wp\/v2\/product_tag?post=98577"}],"curies":[{"name":"wp","href":"https:\/\/api.w.org\/{rel}","templated":true}]}}