{"id":98567,"date":"2024-04-29T15:11:17","date_gmt":"2024-04-29T13:11:17","guid":{"rendered":"https:\/\/letrame.com\/catalogo\/producto\/parejas-felices\/"},"modified":"2024-08-09T09:40:33","modified_gmt":"2024-08-09T07:40:33","slug":"parejas-felices","status":"publish","type":"product","link":"https:\/\/letrame.com\/catalogo\/producto\/parejas-felices\/","title":{"rendered":"Parejas felices"},"content":{"rendered":"<p><strong>ISBN<\/strong>: 978-84-1144-610-5<\/p>\n<p><strong>T\u00edtulo<\/strong>: Parejas felices<br \/>\n<strong>Fecha<\/strong>: 2023<br \/>\n<strong>P\u00e1ginas<\/strong>: 278<\/p>\n<p><strong>SINOPSIS<\/strong><\/p>\n<p>Este libro puede ahorrarte alguna<\/p>\n<p>que otra ruptura\u2026 o incitarte a ella.<\/p>\n<p>&nbsp;<\/p>\n<p>La vida en pareja puede ser una historia tan maravillosa como ca\u00f3tica. El curso de la relaci\u00f3n tendr\u00e1 que ver con el amor que se comparta y con las estrategias de afrontamiento desplegadas ante los cambios y conflictos que se den dentro de la relaci\u00f3n. Si se dispone de herramientas eficaces para gestionar dichos problemas, la satisfacci\u00f3n est\u00e1 casi garantizada.<\/p>\n<p>&nbsp;<\/p>\n<p>Cuento con amplios a\u00f1os de experiencia realizando terapia de pareja y si algo puedo afirmar es que las relaciones sentimentales no vienen con un manual debajo del brazo con las instrucciones sobre qu\u00e9 tienes que hacer para que el v\u00ednculo tenga \u00e9xito o sobre c\u00f3mo ser feliz en pareja sorteando los obst\u00e1culos cotidianos que te puedas ir encontrando en el camino.<\/p>\n<p>&nbsp;<\/p>\n<p>Por eso he escrito yo este manual, porque quiero ayudarte con la gesti\u00f3n de tus relaciones amorosas y sus temas complicados: convivencia, familias pol\u00edticas, sexo, ocio, confianza, celos, decepciones, infidelidades y otros asuntos relevantes de parejas. \u00a1Tu relaci\u00f3n de pareja puede ser exitosa con las claves valiosas que te doy para ello!<\/p>\n<p>&nbsp;<\/p>\n<p>No se aceptan m\u00e1s excusas. Es el momento de coger las riendas de tu vida amorosa y dejar de acumular fracasos y decepciones. Te invito a convertir tu vida de pareja en una aventura feliz con esta gu\u00eda que te ofrezco de lectura f\u00e1cil y pr\u00e1ctica. Mis pacientes se muestran muy satisfechos con las estrategias que les brindo y con este manual las tienes a tu alcance. \u00bfTe acompa\u00f1o?<\/p>\n<p>&nbsp;<\/p>\n","protected":false},"excerpt":{"rendered":"<p><strong>ISBN<\/strong>: 978-84-1144-610-5<\/p>\n<p><strong>SINOPSIS<\/strong><\/p>\n<p>Este libro puede ahorrarte alguna<\/p>\n<p>que otra ruptura\u2026 o incitarte a ella.<\/p>\n<p>&nbsp;<\/p>\n<p>La vida en pareja puede ser una historia tan maravillosa como ca\u00f3tica. El curso de la relaci\u00f3n tendr\u00e1 que ver con el amor que se comparta y con las estrategias de afrontamiento desplegadas ante los cambios y conflictos que se den dentro de la relaci\u00f3n. Si se dispone de herramientas eficaces para gestionar dichos problemas, la satisfacci\u00f3n est\u00e1 casi garantizada.<\/p>\n<p>&nbsp;<\/p>\n<p>Cuento con amplios a\u00f1os de experiencia realizando terapia de pareja y si algo puedo afirmar es que las relaciones sentimentales no vienen con un manual debajo del brazo con las instrucciones sobre qu\u00e9 tienes que hacer para que el v\u00ednculo tenga \u00e9xito o sobre c\u00f3mo ser feliz en pareja sorteando los obst\u00e1culos cotidianos que te puedas ir encontrando en el camino.<\/p>\n<p>&nbsp;<\/p>\n<p>Por eso he escrito yo este manual, porque quiero ayudarte con la gesti\u00f3n de tus relaciones amorosas y sus temas complicados: convivencia, familias pol\u00edticas, sexo, ocio, confianza, celos, decepciones, infidelidades y otros asuntos relevantes de parejas. \u00a1Tu relaci\u00f3n de pareja puede ser exitosa con las claves valiosas que te doy para ello!<\/p>\n<p>&nbsp;<\/p>\n<p>No se aceptan m\u00e1s excusas. Es el momento de coger las riendas de tu vida amorosa y dejar de acumular fracasos y decepciones. Te invito a convertir tu vida de pareja en una aventura feliz con esta gu\u00eda que te ofrezco de lectura f\u00e1cil y pr\u00e1ctica. Mis pacientes se muestran muy satisfechos con las estrategias que les brindo y con este manual las tienes a tu alcance. \u00bfTe acompa\u00f1o?<\/p>\n<p>&nbsp;<\/p>\n","protected":false},"featured_media":98568,"comment_status":"closed","ping_status":"closed","template":"","meta":{"_acf_changed":false},"libro":[],"product_brand":[],"product_cat":[26],"product_tag":[],"class_list":{"0":"post-98567","1":"product","2":"type-product","3":"status-publish","4":"has-post-thumbnail","6":"product_cat-sin-categoria","8":"first","9":"instock","10":"product-type-simple"},"acf":{"autor":[77864],"enlace_de_compra":""},"yoast_head":"<!-- This site is optimized with the Yoast SEO plugin v26.6 - https:\/\/yoast.com\/wordpress\/plugins\/seo\/ -->\n<title>Parejas felices - Catalogo | Letrame Grupo Editorial<\/title>\n<meta name=\"robots\" content=\"index, follow, max-snippet:-1, max-image-preview:large, max-video-preview:-1\" \/>\n<link rel=\"canonical\" href=\"https:\/\/letrame.com\/catalogo\/producto\/parejas-felices\/\" \/>\n<meta property=\"og:locale\" content=\"es_ES\" \/>\n<meta property=\"og:type\" content=\"article\" \/>\n<meta property=\"og:title\" content=\"Parejas felices - Catalogo | Letrame Grupo Editorial\" \/>\n<meta property=\"og:description\" content=\"ISBN: 978-84-1144-610-5  SINOPSIS  Este libro puede ahorrarte alguna  que otra ruptura\u2026 o incitarte a ella.  &nbsp;  La vida en pareja puede ser una historia tan maravillosa como ca\u00f3tica. El curso de la relaci\u00f3n tendr\u00e1 que ver con el amor que se comparta y con las estrategias de afrontamiento desplegadas ante los cambios y conflictos que se den dentro de la relaci\u00f3n. Si se dispone de herramientas eficaces para gestionar dichos problemas, la satisfacci\u00f3n est\u00e1 casi garantizada.  &nbsp;  Cuento con amplios a\u00f1os de experiencia realizando terapia de pareja y si algo puedo afirmar es que las relaciones sentimentales no vienen con un manual debajo del brazo con las instrucciones sobre qu\u00e9 tienes que hacer para que el v\u00ednculo tenga \u00e9xito o sobre c\u00f3mo ser feliz en pareja sorteando los obst\u00e1culos cotidianos que te puedas ir encontrando en el camino.  &nbsp;  Por eso he escrito yo este manual, porque quiero ayudarte con la gesti\u00f3n de tus relaciones amorosas y sus temas complicados: convivencia, familias pol\u00edticas, sexo, ocio, confianza, celos, decepciones, infidelidades y otros asuntos relevantes de parejas. \u00a1Tu relaci\u00f3n de pareja puede ser exitosa con las claves valiosas que te doy para ello!  &nbsp;  No se aceptan m\u00e1s excusas. Es el momento de coger las riendas de tu vida amorosa y dejar de acumular fracasos y decepciones. Te invito a convertir tu vida de pareja en una aventura feliz con esta gu\u00eda que te ofrezco de lectura f\u00e1cil y pr\u00e1ctica. Mis pacientes se muestran muy satisfechos con las estrategias que les brindo y con este manual las tienes a tu alcance. \u00bfTe acompa\u00f1o?  &nbsp;\" \/>\n<meta property=\"og:url\" content=\"https:\/\/letrame.com\/catalogo\/producto\/parejas-felices\/\" \/>\n<meta property=\"og:site_name\" content=\"Catalogo | Letrame Grupo Editorial\" \/>\n<meta property=\"article:modified_time\" content=\"2024-08-09T07:40:33+00:00\" \/>\n<meta property=\"og:image\" content=\"https:\/\/letrame.com\/catalogo\/wp-content\/uploads\/2024\/04\/redportada_parejasfelices_1389mm-compressed-scaled-1.jpg\" \/>\n\t<meta property=\"og:image:width\" content=\"1746\" \/>\n\t<meta property=\"og:image:height\" content=\"2560\" \/>\n\t<meta property=\"og:image:type\" content=\"image\/jpeg\" \/>\n<meta name=\"twitter:card\" content=\"summary_large_image\" \/>\n<meta name=\"twitter:label1\" content=\"Tiempo de lectura\" \/>\n\t<meta name=\"twitter:data1\" content=\"2 minutos\" \/>\n<script type=\"application\/ld+json\" class=\"yoast-schema-graph\">{\"@context\":\"https:\/\/schema.org\",\"@graph\":[{\"@type\":\"WebPage\",\"@id\":\"https:\/\/letrame.com\/catalogo\/producto\/parejas-felices\/\",\"url\":\"https:\/\/letrame.com\/catalogo\/producto\/parejas-felices\/\",\"name\":\"Parejas felices - Catalogo | Letrame Grupo Editorial\",\"isPartOf\":{\"@id\":\"https:\/\/letrame.com\/catalogo\/#website\"},\"primaryImageOfPage\":{\"@id\":\"https:\/\/letrame.com\/catalogo\/producto\/parejas-felices\/#primaryimage\"},\"image\":{\"@id\":\"https:\/\/letrame.com\/catalogo\/producto\/parejas-felices\/#primaryimage\"},\"thumbnailUrl\":\"https:\/\/letrame.com\/catalogo\/wp-content\/uploads\/2024\/04\/redportada_parejasfelices_1389mm-compressed-scaled-1.jpg\",\"datePublished\":\"2024-04-29T13:11:17+00:00\",\"dateModified\":\"2024-08-09T07:40:33+00:00\",\"breadcrumb\":{\"@id\":\"https:\/\/letrame.com\/catalogo\/producto\/parejas-felices\/#breadcrumb\"},\"inLanguage\":\"es\",\"potentialAction\":[{\"@type\":\"ReadAction\",\"target\":[\"https:\/\/letrame.com\/catalogo\/producto\/parejas-felices\/\"]}]},{\"@type\":\"ImageObject\",\"inLanguage\":\"es\",\"@id\":\"https:\/\/letrame.com\/catalogo\/producto\/parejas-felices\/#primaryimage\",\"url\":\"https:\/\/letrame.com\/catalogo\/wp-content\/uploads\/2024\/04\/redportada_parejasfelices_1389mm-compressed-scaled-1.jpg\",\"contentUrl\":\"https:\/\/letrame.com\/catalogo\/wp-content\/uploads\/2024\/04\/redportada_parejasfelices_1389mm-compressed-scaled-1.jpg\",\"width\":1746,\"height\":2560},{\"@type\":\"BreadcrumbList\",\"@id\":\"https:\/\/letrame.com\/catalogo\/producto\/parejas-felices\/#breadcrumb\",\"itemListElement\":[{\"@type\":\"ListItem\",\"position\":1,\"name\":\"Portada\",\"item\":\"https:\/\/letrame.com\/catalogo\/\"},{\"@type\":\"ListItem\",\"position\":2,\"name\":\"Cat\u00e1logo\",\"item\":\"https:\/\/letrame.com\/catalogo\/\"},{\"@type\":\"ListItem\",\"position\":3,\"name\":\"Parejas felices\"}]},{\"@type\":\"WebSite\",\"@id\":\"https:\/\/letrame.com\/catalogo\/#website\",\"url\":\"https:\/\/letrame.com\/catalogo\/\",\"name\":\"Catalogo | Letrame Grupo Editorial\",\"description\":\"\",\"publisher\":{\"@id\":\"https:\/\/letrame.com\/catalogo\/#organization\"},\"potentialAction\":[{\"@type\":\"SearchAction\",\"target\":{\"@type\":\"EntryPoint\",\"urlTemplate\":\"https:\/\/letrame.com\/catalogo\/?s={search_term_string}\"},\"query-input\":{\"@type\":\"PropertyValueSpecification\",\"valueRequired\":true,\"valueName\":\"search_term_string\"}}],\"inLanguage\":\"es\"},{\"@type\":\"Organization\",\"@id\":\"https:\/\/letrame.com\/catalogo\/#organization\",\"name\":\"Catalogo | Letrame Grupo Editorial\",\"url\":\"https:\/\/letrame.com\/catalogo\/\",\"logo\":{\"@type\":\"ImageObject\",\"inLanguage\":\"es\",\"@id\":\"https:\/\/letrame.com\/catalogo\/#\/schema\/logo\/image\/\",\"url\":\"https:\/\/letrame.com\/catalogo\/wp-content\/uploads\/2024\/03\/logo2.webp\",\"contentUrl\":\"https:\/\/letrame.com\/catalogo\/wp-content\/uploads\/2024\/03\/logo2.webp\",\"width\":394,\"height\":128,\"caption\":\"Catalogo | Letrame Grupo Editorial\"},\"image\":{\"@id\":\"https:\/\/letrame.com\/catalogo\/#\/schema\/logo\/image\/\"}}]}<\/script>\n<!-- \/ Yoast SEO plugin. -->","yoast_head_json":{"title":"Parejas felices - Catalogo | Letrame Grupo Editorial","robots":{"index":"index","follow":"follow","max-snippet":"max-snippet:-1","max-image-preview":"max-image-preview:large","max-video-preview":"max-video-preview:-1"},"canonical":"https:\/\/letrame.com\/catalogo\/producto\/parejas-felices\/","og_locale":"es_ES","og_type":"article","og_title":"Parejas felices - Catalogo | Letrame Grupo Editorial","og_description":"ISBN: 978-84-1144-610-5  SINOPSIS  Este libro puede ahorrarte alguna  que otra ruptura\u2026 o incitarte a ella.  &nbsp;  La vida en pareja puede ser una historia tan maravillosa como ca\u00f3tica. El curso de la relaci\u00f3n tendr\u00e1 que ver con el amor que se comparta y con las estrategias de afrontamiento desplegadas ante los cambios y conflictos que se den dentro de la relaci\u00f3n. Si se dispone de herramientas eficaces para gestionar dichos problemas, la satisfacci\u00f3n est\u00e1 casi garantizada.  &nbsp;  Cuento con amplios a\u00f1os de experiencia realizando terapia de pareja y si algo puedo afirmar es que las relaciones sentimentales no vienen con un manual debajo del brazo con las instrucciones sobre qu\u00e9 tienes que hacer para que el v\u00ednculo tenga \u00e9xito o sobre c\u00f3mo ser feliz en pareja sorteando los obst\u00e1culos cotidianos que te puedas ir encontrando en el camino.  &nbsp;  Por eso he escrito yo este manual, porque quiero ayudarte con la gesti\u00f3n de tus relaciones amorosas y sus temas complicados: convivencia, familias pol\u00edticas, sexo, ocio, confianza, celos, decepciones, infidelidades y otros asuntos relevantes de parejas. \u00a1Tu relaci\u00f3n de pareja puede ser exitosa con las claves valiosas que te doy para ello!  &nbsp;  No se aceptan m\u00e1s excusas. Es el momento de coger las riendas de tu vida amorosa y dejar de acumular fracasos y decepciones. Te invito a convertir tu vida de pareja en una aventura feliz con esta gu\u00eda que te ofrezco de lectura f\u00e1cil y pr\u00e1ctica. Mis pacientes se muestran muy satisfechos con las estrategias que les brindo y con este manual las tienes a tu alcance. \u00bfTe acompa\u00f1o?  &nbsp;","og_url":"https:\/\/letrame.com\/catalogo\/producto\/parejas-felices\/","og_site_name":"Catalogo | Letrame Grupo Editorial","article_modified_time":"2024-08-09T07:40:33+00:00","og_image":[{"width":1746,"height":2560,"url":"https:\/\/letrame.com\/catalogo\/wp-content\/uploads\/2024\/04\/redportada_parejasfelices_1389mm-compressed-scaled-1.jpg","type":"image\/jpeg"}],"twitter_card":"summary_large_image","twitter_misc":{"Tiempo de lectura":"2 minutos"},"schema":{"@context":"https:\/\/schema.org","@graph":[{"@type":"WebPage","@id":"https:\/\/letrame.com\/catalogo\/producto\/parejas-felices\/","url":"https:\/\/letrame.com\/catalogo\/producto\/parejas-felices\/","name":"Parejas felices - Catalogo | Letrame Grupo Editorial","isPartOf":{"@id":"https:\/\/letrame.com\/catalogo\/#website"},"primaryImageOfPage":{"@id":"https:\/\/letrame.com\/catalogo\/producto\/parejas-felices\/#primaryimage"},"image":{"@id":"https:\/\/letrame.com\/catalogo\/producto\/parejas-felices\/#primaryimage"},"thumbnailUrl":"https:\/\/letrame.com\/catalogo\/wp-content\/uploads\/2024\/04\/redportada_parejasfelices_1389mm-compressed-scaled-1.jpg","datePublished":"2024-04-29T13:11:17+00:00","dateModified":"2024-08-09T07:40:33+00:00","breadcrumb":{"@id":"https:\/\/letrame.com\/catalogo\/producto\/parejas-felices\/#breadcrumb"},"inLanguage":"es","potentialAction":[{"@type":"ReadAction","target":["https:\/\/letrame.com\/catalogo\/producto\/parejas-felices\/"]}]},{"@type":"ImageObject","inLanguage":"es","@id":"https:\/\/letrame.com\/catalogo\/producto\/parejas-felices\/#primaryimage","url":"https:\/\/letrame.com\/catalogo\/wp-content\/uploads\/2024\/04\/redportada_parejasfelices_1389mm-compressed-scaled-1.jpg","contentUrl":"https:\/\/letrame.com\/catalogo\/wp-content\/uploads\/2024\/04\/redportada_parejasfelices_1389mm-compressed-scaled-1.jpg","width":1746,"height":2560},{"@type":"BreadcrumbList","@id":"https:\/\/letrame.com\/catalogo\/producto\/parejas-felices\/#breadcrumb","itemListElement":[{"@type":"ListItem","position":1,"name":"Portada","item":"https:\/\/letrame.com\/catalogo\/"},{"@type":"ListItem","position":2,"name":"Cat\u00e1logo","item":"https:\/\/letrame.com\/catalogo\/"},{"@type":"ListItem","position":3,"name":"Parejas felices"}]},{"@type":"WebSite","@id":"https:\/\/letrame.com\/catalogo\/#website","url":"https:\/\/letrame.com\/catalogo\/","name":"Catalogo | Letrame Grupo Editorial","description":"","publisher":{"@id":"https:\/\/letrame.com\/catalogo\/#organization"},"potentialAction":[{"@type":"SearchAction","target":{"@type":"EntryPoint","urlTemplate":"https:\/\/letrame.com\/catalogo\/?s={search_term_string}"},"query-input":{"@type":"PropertyValueSpecification","valueRequired":true,"valueName":"search_term_string"}}],"inLanguage":"es"},{"@type":"Organization","@id":"https:\/\/letrame.com\/catalogo\/#organization","name":"Catalogo | Letrame Grupo Editorial","url":"https:\/\/letrame.com\/catalogo\/","logo":{"@type":"ImageObject","inLanguage":"es","@id":"https:\/\/letrame.com\/catalogo\/#\/schema\/logo\/image\/","url":"https:\/\/letrame.com\/catalogo\/wp-content\/uploads\/2024\/03\/logo2.webp","contentUrl":"https:\/\/letrame.com\/catalogo\/wp-content\/uploads\/2024\/03\/logo2.webp","width":394,"height":128,"caption":"Catalogo | Letrame Grupo Editorial"},"image":{"@id":"https:\/\/letrame.com\/catalogo\/#\/schema\/logo\/image\/"}}]}},"_links":{"self":[{"href":"https:\/\/letrame.com\/catalogo\/wp-json\/wp\/v2\/product\/98567","targetHints":{"allow":["GET"]}}],"collection":[{"href":"https:\/\/letrame.com\/catalogo\/wp-json\/wp\/v2\/product"}],"about":[{"href":"https:\/\/letrame.com\/catalogo\/wp-json\/wp\/v2\/types\/product"}],"replies":[{"embeddable":true,"href":"https:\/\/letrame.com\/catalogo\/wp-json\/wp\/v2\/comments?post=98567"}],"acf:post":[{"embeddable":true,"href":"https:\/\/letrame.com\/catalogo\/wp-json\/wp\/v2\/author_book\/77864"}],"wp:featuredmedia":[{"embeddable":true,"href":"https:\/\/letrame.com\/catalogo\/wp-json\/wp\/v2\/media\/98568"}],"wp:attachment":[{"href":"https:\/\/letrame.com\/catalogo\/wp-json\/wp\/v2\/media?parent=98567"}],"wp:term":[{"taxonomy":"libro","embeddable":true,"href":"https:\/\/letrame.com\/catalogo\/wp-json\/wp\/v2\/libro?post=98567"},{"taxonomy":"product_brand","embeddable":true,"href":"https:\/\/letrame.com\/catalogo\/wp-json\/wp\/v2\/product_brand?post=98567"},{"taxonomy":"product_cat","embeddable":true,"href":"https:\/\/letrame.com\/catalogo\/wp-json\/wp\/v2\/product_cat?post=98567"},{"taxonomy":"product_tag","embeddable":true,"href":"https:\/\/letrame.com\/catalogo\/wp-json\/wp\/v2\/product_tag?post=98567"}],"curies":[{"name":"wp","href":"https:\/\/api.w.org\/{rel}","templated":true}]}}