{"id":98565,"date":"2024-04-29T15:11:17","date_gmt":"2024-04-29T13:11:17","guid":{"rendered":"https:\/\/letrame.com\/catalogo\/producto\/manos-muertas\/"},"modified":"2024-04-29T15:11:21","modified_gmt":"2024-04-29T13:11:21","slug":"manos-muertas","status":"publish","type":"product","link":"https:\/\/letrame.com\/catalogo\/producto\/manos-muertas\/","title":{"rendered":"Manos muertas"},"content":{"rendered":"<p><strong>ISBN<\/strong>: 978-84-1144-616-7<\/p>\n<p><strong>T\u00edtulo<\/strong>: Manos muertas<br \/>\n<strong>Fecha<\/strong>: 2023<br \/>\n<strong>P\u00e1ginas<\/strong>: 274<\/p>\n<p><strong>SINOPSIS<\/strong><\/p>\n<p><strong>Espa\u00f1a, 1875<\/strong>. Los le\u00f1adores de una compa\u00f1\u00eda maderera se adentran en las monta\u00f1as para arrasar los bosques de una remota aldea llamada Sindredalta. Junto a ellos cabalga un silencioso grupo de mercenarios, encargados de garantizar el \u00e9xito del trabajo y sofocar cualquier resistencia que opongan los habitantes del pueblo. Salvador, el secretario de la expedici\u00f3n, se encuentra ante la dif\u00edcil encrucijada que todo hombre honesto debe afrontar alguna vez: hacer lo correcto o hacer lo que se espera de \u00e9l.<\/p>\n<p>&nbsp;<\/p>\n<p><strong>Manos muertas<\/strong> es una novela realista, fuera de todo discurso convencional. Cuenta una historia descarnada donde la condici\u00f3n humana no tiene redenci\u00f3n posible. En sus p\u00e1ginas conocemos bandoleros, prostitutas, le\u00f1adores, hombres valientes y hombres cobardes. Centrada en el punto de vista de los antagonistas, <strong>Manos muertas<\/strong> describe un mundo turbio y violento, en el que los hombres todav\u00eda pod\u00edan adentrarse en la naturaleza y ser tragados por ella.<\/p>\n","protected":false},"excerpt":{"rendered":"<p><strong>ISBN<\/strong>: 978-84-1144-616-7<\/p>\n<p><strong>SINOPSIS<\/strong><\/p>\n<p><strong>Espa\u00f1a, 1875<\/strong>. Los le\u00f1adores de una compa\u00f1\u00eda maderera se adentran en las monta\u00f1as para arrasar los bosques de una remota aldea llamada Sindredalta. Junto a ellos cabalga un silencioso grupo de mercenarios, encargados de garantizar el \u00e9xito del trabajo y sofocar cualquier resistencia que opongan los habitantes del pueblo. Salvador, el secretario de la expedici\u00f3n, se encuentra ante la dif\u00edcil encrucijada que todo hombre honesto debe afrontar alguna vez: hacer lo correcto o hacer lo que se espera de \u00e9l.<\/p>\n<p>&nbsp;<\/p>\n<p><strong>Manos muertas<\/strong> es una novela realista, fuera de todo discurso convencional. Cuenta una historia descarnada donde la condici\u00f3n humana no tiene redenci\u00f3n posible. En sus p\u00e1ginas conocemos bandoleros, prostitutas, le\u00f1adores, hombres valientes y hombres cobardes. Centrada en el punto de vista de los antagonistas, <strong>Manos muertas<\/strong> describe un mundo turbio y violento, en el que los hombres todav\u00eda pod\u00edan adentrarse en la naturaleza y ser tragados por ella.<\/p>\n","protected":false},"featured_media":98566,"comment_status":"closed","ping_status":"open","template":"","meta":{"_acf_changed":false},"libro":[],"product_brand":[],"product_cat":[16],"product_tag":[],"class_list":{"0":"post-98565","1":"product","2":"type-product","3":"status-publish","4":"has-post-thumbnail","6":"product_cat-novela","8":"first","9":"instock","10":"product-type-simple"},"acf":{"autor":[72980],"enlace_de_compra":""},"yoast_head":"<!-- This site is optimized with the Yoast SEO plugin v27.4 - https:\/\/yoast.com\/product\/yoast-seo-wordpress\/ -->\n<title>Manos muertas - Catalogo | Letrame Grupo Editorial<\/title>\n<meta name=\"robots\" content=\"index, follow, max-snippet:-1, max-image-preview:large, max-video-preview:-1\" \/>\n<link rel=\"canonical\" href=\"https:\/\/letrame.com\/catalogo\/producto\/manos-muertas\/\" \/>\n<meta property=\"og:locale\" content=\"es_ES\" \/>\n<meta property=\"og:type\" content=\"article\" \/>\n<meta property=\"og:title\" content=\"Manos muertas - Catalogo | Letrame Grupo Editorial\" \/>\n<meta property=\"og:description\" content=\"ISBN: 978-84-1144-616-7 SINOPSIS Espa\u00f1a, 1875. Los le\u00f1adores de una compa\u00f1\u00eda maderera se adentran en las monta\u00f1as para arrasar los bosques de una remota aldea llamada Sindredalta. Junto a ellos cabalga un silencioso grupo de mercenarios, encargados de garantizar el \u00e9xito del trabajo y sofocar cualquier resistencia que opongan los habitantes del pueblo. Salvador, el secretario de la expedici\u00f3n, se encuentra ante la dif\u00edcil encrucijada que todo hombre honesto debe afrontar alguna vez: hacer lo correcto o hacer lo que se espera de \u00e9l. &nbsp; Manos muertas es una novela realista, fuera de todo discurso convencional. Cuenta una historia descarnada donde la condici\u00f3n humana no tiene redenci\u00f3n posible. En sus p\u00e1ginas conocemos bandoleros, prostitutas, le\u00f1adores, hombres valientes y hombres cobardes. Centrada en el punto de vista de los antagonistas, Manos muertas describe un mundo turbio y violento, en el que los hombres todav\u00eda pod\u00edan adentrarse en la naturaleza y ser tragados por ella.\" \/>\n<meta property=\"og:url\" content=\"https:\/\/letrame.com\/catalogo\/producto\/manos-muertas\/\" \/>\n<meta property=\"og:site_name\" content=\"Catalogo | Letrame Grupo Editorial\" \/>\n<meta property=\"article:modified_time\" content=\"2024-04-29T13:11:21+00:00\" \/>\n<meta property=\"og:image\" content=\"https:\/\/letrame.com\/catalogo\/wp-content\/uploads\/2024\/04\/web_manosmuertas_1371mm-compressed.jpg\" \/>\n\t<meta property=\"og:image:width\" content=\"601\" \/>\n\t<meta property=\"og:image:height\" content=\"841\" \/>\n\t<meta property=\"og:image:type\" content=\"image\/jpeg\" \/>\n<meta name=\"twitter:card\" content=\"summary_large_image\" \/>\n<meta name=\"twitter:label1\" content=\"Tiempo de lectura\" \/>\n\t<meta name=\"twitter:data1\" content=\"1 minuto\" \/>\n<script type=\"application\/ld+json\" class=\"yoast-schema-graph\">{\"@context\":\"https:\\\/\\\/schema.org\",\"@graph\":[{\"@type\":\"WebPage\",\"@id\":\"https:\\\/\\\/letrame.com\\\/catalogo\\\/producto\\\/manos-muertas\\\/\",\"url\":\"https:\\\/\\\/letrame.com\\\/catalogo\\\/producto\\\/manos-muertas\\\/\",\"name\":\"Manos muertas - Catalogo | Letrame Grupo Editorial\",\"isPartOf\":{\"@id\":\"https:\\\/\\\/letrame.com\\\/catalogo\\\/#website\"},\"primaryImageOfPage\":{\"@id\":\"https:\\\/\\\/letrame.com\\\/catalogo\\\/producto\\\/manos-muertas\\\/#primaryimage\"},\"image\":{\"@id\":\"https:\\\/\\\/letrame.com\\\/catalogo\\\/producto\\\/manos-muertas\\\/#primaryimage\"},\"thumbnailUrl\":\"https:\\\/\\\/letrame.com\\\/catalogo\\\/wp-content\\\/uploads\\\/2024\\\/04\\\/web_manosmuertas_1371mm-compressed.jpg\",\"datePublished\":\"2024-04-29T13:11:17+00:00\",\"dateModified\":\"2024-04-29T13:11:21+00:00\",\"breadcrumb\":{\"@id\":\"https:\\\/\\\/letrame.com\\\/catalogo\\\/producto\\\/manos-muertas\\\/#breadcrumb\"},\"inLanguage\":\"es\",\"potentialAction\":[{\"@type\":\"ReadAction\",\"target\":[\"https:\\\/\\\/letrame.com\\\/catalogo\\\/producto\\\/manos-muertas\\\/\"]}]},{\"@type\":\"ImageObject\",\"inLanguage\":\"es\",\"@id\":\"https:\\\/\\\/letrame.com\\\/catalogo\\\/producto\\\/manos-muertas\\\/#primaryimage\",\"url\":\"https:\\\/\\\/letrame.com\\\/catalogo\\\/wp-content\\\/uploads\\\/2024\\\/04\\\/web_manosmuertas_1371mm-compressed.jpg\",\"contentUrl\":\"https:\\\/\\\/letrame.com\\\/catalogo\\\/wp-content\\\/uploads\\\/2024\\\/04\\\/web_manosmuertas_1371mm-compressed.jpg\",\"width\":601,\"height\":841},{\"@type\":\"BreadcrumbList\",\"@id\":\"https:\\\/\\\/letrame.com\\\/catalogo\\\/producto\\\/manos-muertas\\\/#breadcrumb\",\"itemListElement\":[{\"@type\":\"ListItem\",\"position\":1,\"name\":\"Portada\",\"item\":\"https:\\\/\\\/letrame.com\\\/catalogo\\\/\"},{\"@type\":\"ListItem\",\"position\":2,\"name\":\"Cat\u00e1logo\",\"item\":\"https:\\\/\\\/letrame.com\\\/catalogo\\\/\"},{\"@type\":\"ListItem\",\"position\":3,\"name\":\"Manos muertas\"}]},{\"@type\":\"WebSite\",\"@id\":\"https:\\\/\\\/letrame.com\\\/catalogo\\\/#website\",\"url\":\"https:\\\/\\\/letrame.com\\\/catalogo\\\/\",\"name\":\"Catalogo | Letrame Grupo Editorial\",\"description\":\"\",\"publisher\":{\"@id\":\"https:\\\/\\\/letrame.com\\\/catalogo\\\/#organization\"},\"potentialAction\":[{\"@type\":\"SearchAction\",\"target\":{\"@type\":\"EntryPoint\",\"urlTemplate\":\"https:\\\/\\\/letrame.com\\\/catalogo\\\/?s={search_term_string}\"},\"query-input\":{\"@type\":\"PropertyValueSpecification\",\"valueRequired\":true,\"valueName\":\"search_term_string\"}}],\"inLanguage\":\"es\"},{\"@type\":\"Organization\",\"@id\":\"https:\\\/\\\/letrame.com\\\/catalogo\\\/#organization\",\"name\":\"Catalogo | Letrame Grupo Editorial\",\"url\":\"https:\\\/\\\/letrame.com\\\/catalogo\\\/\",\"logo\":{\"@type\":\"ImageObject\",\"inLanguage\":\"es\",\"@id\":\"https:\\\/\\\/letrame.com\\\/catalogo\\\/#\\\/schema\\\/logo\\\/image\\\/\",\"url\":\"https:\\\/\\\/letrame.com\\\/catalogo\\\/wp-content\\\/uploads\\\/2024\\\/03\\\/logo2.webp\",\"contentUrl\":\"https:\\\/\\\/letrame.com\\\/catalogo\\\/wp-content\\\/uploads\\\/2024\\\/03\\\/logo2.webp\",\"width\":394,\"height\":128,\"caption\":\"Catalogo | Letrame Grupo Editorial\"},\"image\":{\"@id\":\"https:\\\/\\\/letrame.com\\\/catalogo\\\/#\\\/schema\\\/logo\\\/image\\\/\"}}]}<\/script>\n<!-- \/ Yoast SEO plugin. -->","yoast_head_json":{"title":"Manos muertas - Catalogo | Letrame Grupo Editorial","robots":{"index":"index","follow":"follow","max-snippet":"max-snippet:-1","max-image-preview":"max-image-preview:large","max-video-preview":"max-video-preview:-1"},"canonical":"https:\/\/letrame.com\/catalogo\/producto\/manos-muertas\/","og_locale":"es_ES","og_type":"article","og_title":"Manos muertas - Catalogo | Letrame Grupo Editorial","og_description":"ISBN: 978-84-1144-616-7 SINOPSIS Espa\u00f1a, 1875. Los le\u00f1adores de una compa\u00f1\u00eda maderera se adentran en las monta\u00f1as para arrasar los bosques de una remota aldea llamada Sindredalta. Junto a ellos cabalga un silencioso grupo de mercenarios, encargados de garantizar el \u00e9xito del trabajo y sofocar cualquier resistencia que opongan los habitantes del pueblo. Salvador, el secretario de la expedici\u00f3n, se encuentra ante la dif\u00edcil encrucijada que todo hombre honesto debe afrontar alguna vez: hacer lo correcto o hacer lo que se espera de \u00e9l. &nbsp; Manos muertas es una novela realista, fuera de todo discurso convencional. Cuenta una historia descarnada donde la condici\u00f3n humana no tiene redenci\u00f3n posible. En sus p\u00e1ginas conocemos bandoleros, prostitutas, le\u00f1adores, hombres valientes y hombres cobardes. Centrada en el punto de vista de los antagonistas, Manos muertas describe un mundo turbio y violento, en el que los hombres todav\u00eda pod\u00edan adentrarse en la naturaleza y ser tragados por ella.","og_url":"https:\/\/letrame.com\/catalogo\/producto\/manos-muertas\/","og_site_name":"Catalogo | Letrame Grupo Editorial","article_modified_time":"2024-04-29T13:11:21+00:00","og_image":[{"width":601,"height":841,"url":"https:\/\/letrame.com\/catalogo\/wp-content\/uploads\/2024\/04\/web_manosmuertas_1371mm-compressed.jpg","type":"image\/jpeg"}],"twitter_card":"summary_large_image","twitter_misc":{"Tiempo de lectura":"1 minuto"},"schema":{"@context":"https:\/\/schema.org","@graph":[{"@type":"WebPage","@id":"https:\/\/letrame.com\/catalogo\/producto\/manos-muertas\/","url":"https:\/\/letrame.com\/catalogo\/producto\/manos-muertas\/","name":"Manos muertas - Catalogo | Letrame Grupo Editorial","isPartOf":{"@id":"https:\/\/letrame.com\/catalogo\/#website"},"primaryImageOfPage":{"@id":"https:\/\/letrame.com\/catalogo\/producto\/manos-muertas\/#primaryimage"},"image":{"@id":"https:\/\/letrame.com\/catalogo\/producto\/manos-muertas\/#primaryimage"},"thumbnailUrl":"https:\/\/letrame.com\/catalogo\/wp-content\/uploads\/2024\/04\/web_manosmuertas_1371mm-compressed.jpg","datePublished":"2024-04-29T13:11:17+00:00","dateModified":"2024-04-29T13:11:21+00:00","breadcrumb":{"@id":"https:\/\/letrame.com\/catalogo\/producto\/manos-muertas\/#breadcrumb"},"inLanguage":"es","potentialAction":[{"@type":"ReadAction","target":["https:\/\/letrame.com\/catalogo\/producto\/manos-muertas\/"]}]},{"@type":"ImageObject","inLanguage":"es","@id":"https:\/\/letrame.com\/catalogo\/producto\/manos-muertas\/#primaryimage","url":"https:\/\/letrame.com\/catalogo\/wp-content\/uploads\/2024\/04\/web_manosmuertas_1371mm-compressed.jpg","contentUrl":"https:\/\/letrame.com\/catalogo\/wp-content\/uploads\/2024\/04\/web_manosmuertas_1371mm-compressed.jpg","width":601,"height":841},{"@type":"BreadcrumbList","@id":"https:\/\/letrame.com\/catalogo\/producto\/manos-muertas\/#breadcrumb","itemListElement":[{"@type":"ListItem","position":1,"name":"Portada","item":"https:\/\/letrame.com\/catalogo\/"},{"@type":"ListItem","position":2,"name":"Cat\u00e1logo","item":"https:\/\/letrame.com\/catalogo\/"},{"@type":"ListItem","position":3,"name":"Manos muertas"}]},{"@type":"WebSite","@id":"https:\/\/letrame.com\/catalogo\/#website","url":"https:\/\/letrame.com\/catalogo\/","name":"Catalogo | Letrame Grupo Editorial","description":"","publisher":{"@id":"https:\/\/letrame.com\/catalogo\/#organization"},"potentialAction":[{"@type":"SearchAction","target":{"@type":"EntryPoint","urlTemplate":"https:\/\/letrame.com\/catalogo\/?s={search_term_string}"},"query-input":{"@type":"PropertyValueSpecification","valueRequired":true,"valueName":"search_term_string"}}],"inLanguage":"es"},{"@type":"Organization","@id":"https:\/\/letrame.com\/catalogo\/#organization","name":"Catalogo | Letrame Grupo Editorial","url":"https:\/\/letrame.com\/catalogo\/","logo":{"@type":"ImageObject","inLanguage":"es","@id":"https:\/\/letrame.com\/catalogo\/#\/schema\/logo\/image\/","url":"https:\/\/letrame.com\/catalogo\/wp-content\/uploads\/2024\/03\/logo2.webp","contentUrl":"https:\/\/letrame.com\/catalogo\/wp-content\/uploads\/2024\/03\/logo2.webp","width":394,"height":128,"caption":"Catalogo | Letrame Grupo Editorial"},"image":{"@id":"https:\/\/letrame.com\/catalogo\/#\/schema\/logo\/image\/"}}]}},"_links":{"self":[{"href":"https:\/\/letrame.com\/catalogo\/wp-json\/wp\/v2\/product\/98565","targetHints":{"allow":["GET"]}}],"collection":[{"href":"https:\/\/letrame.com\/catalogo\/wp-json\/wp\/v2\/product"}],"about":[{"href":"https:\/\/letrame.com\/catalogo\/wp-json\/wp\/v2\/types\/product"}],"replies":[{"embeddable":true,"href":"https:\/\/letrame.com\/catalogo\/wp-json\/wp\/v2\/comments?post=98565"}],"acf:post":[{"embeddable":true,"href":"https:\/\/letrame.com\/catalogo\/wp-json\/wp\/v2\/author_book\/72980"}],"wp:featuredmedia":[{"embeddable":true,"href":"https:\/\/letrame.com\/catalogo\/wp-json\/wp\/v2\/media\/98566"}],"wp:attachment":[{"href":"https:\/\/letrame.com\/catalogo\/wp-json\/wp\/v2\/media?parent=98565"}],"wp:term":[{"taxonomy":"libro","embeddable":true,"href":"https:\/\/letrame.com\/catalogo\/wp-json\/wp\/v2\/libro?post=98565"},{"taxonomy":"product_brand","embeddable":true,"href":"https:\/\/letrame.com\/catalogo\/wp-json\/wp\/v2\/product_brand?post=98565"},{"taxonomy":"product_cat","embeddable":true,"href":"https:\/\/letrame.com\/catalogo\/wp-json\/wp\/v2\/product_cat?post=98565"},{"taxonomy":"product_tag","embeddable":true,"href":"https:\/\/letrame.com\/catalogo\/wp-json\/wp\/v2\/product_tag?post=98565"}],"curies":[{"name":"wp","href":"https:\/\/api.w.org\/{rel}","templated":true}]}}