{"id":98558,"date":"2024-04-29T15:10:50","date_gmt":"2024-04-29T13:10:50","guid":{"rendered":"https:\/\/letrame.com\/catalogo\/producto\/sanando-mi-nino-herido\/"},"modified":"2024-05-16T16:36:56","modified_gmt":"2024-05-16T14:36:56","slug":"sanando-mi-nino-herido","status":"publish","type":"product","link":"https:\/\/letrame.com\/catalogo\/producto\/sanando-mi-nino-herido\/","title":{"rendered":"Sanando mi ni\u00f1o herido"},"content":{"rendered":"<p><strong>ISBN<\/strong>: 978-84-1144-109-4<\/p>\n<p><strong>T\u00edtulo<\/strong>: <span data-sheets-value=\"{&quot;1&quot;:2,&quot;2&quot;:&quot;Sanando mi ni\u00f1o herido&quot;}\" data-sheets-userformat=\"{&quot;2&quot;:515,&quot;3&quot;:{&quot;1&quot;:0},&quot;4&quot;:{&quot;1&quot;:2,&quot;2&quot;:14281427},&quot;12&quot;:0}\">Sanando mi ni\u00f1o herido<\/span><br \/>\n<strong>Fecha<\/strong>: 2022<br \/>\n<strong>P\u00e1ginas<\/strong>: 208<\/p>\n<p><strong>SINOPSIS<\/strong><\/p>\n<p>La presente es una obra basada en mi experiencia de vida personal donde est\u00e1n incluidos pasajes y etapas de mi vida, los diferentes escenarios y contextos que tuve la oportunidad de vivir desde la infancia hasta la vejez y que en general todo ser humano desarrolla con percepciones individuales diferentes.<\/p>\n<p>Un recorrido de a\u00f1os donde se refleja la convivencia con el sufrimiento y la permanente b\u00fasqueda de la felicidad; donde intervinieron diversas variables psicol\u00f3gicas (sociales, familiares, laborales y personales) que fueron herramientas fundamentales para la sanaci\u00f3n de mi ni\u00f1o herido.<\/p>\n<p>Todo ni\u00f1o herido puede instalarse en nuestras mentes desde la concepci\u00f3n por m\u00faltiples factores que son tratados en esta obra, por ello \u00a0se describe como una especie de Manual de Instrucciones para padres, familias, instituciones educativas y todas aquellas personas interesadas y apasionadas por el ser humano, porque el ni\u00f1o herido se forma en un proceso o un estilo de vida donde prevalece el sufrimiento en todas sus dimensiones desde lo tangible (econ\u00f3mico) hasta lo intangible(afecto, emociones, pensamientos) razones por las que dentro de esta obra puede encontrarse de manera sencilla y natural la manera de transformar el sufrimiento en felicidad para el crecimiento personal, espiritual, profesional y el cumplimiento de objetivos y proyectos de vida. Muchas veces una persona desde su consciencia no logra pensar que sea posible tal transformaci\u00f3n.<\/p>\n<p>La obra va dirigida a lograr enfocar al lector, en la comprensi\u00f3n e internalizaci\u00f3n del amor incondicional como elemento fundamental para la sanaci\u00f3n del ni\u00f1o herido propio y la comprensi\u00f3n del ni\u00f1o herido que puede existir en las personas que lo rodean (hijos, padres, parejas, compa\u00f1eros de trabajo, de estudio) y a todas aquellas personas que sientan la vida como una cat\u00e1strofe, un pesar, un sufrimiento.<\/p>\n<p>Comprender y hacer empat\u00eda con los relatos que aqu\u00ed se muestran puede sensibilizar profundamente al lector para beneficio propio, ya que es una experiencia de vida donde prevalecen crisis existenciales y obst\u00e1culos en cada etapa de vida que fueron superados con \u00e9xito mediante el amor incondicional, el cual a su vez\u00a0 permiti\u00f3 transformar ese presente en un futuro feliz; por ello, solo y solo cuando se viven tales experiencias es que conocemos la\u00a0 f\u00f3rmula m\u00e1gica de poder hacer realidad nuestros sue\u00f1os.<\/p>\n<p>&nbsp;<\/p>\n","protected":false},"excerpt":{"rendered":"<p><strong>ISBN<\/strong>: 978-84-1144-109-4<\/p>\n<p><strong>SINOPSIS<\/strong><\/p>\n<p>La presente es una obra basada en mi experiencia de vida personal donde est\u00e1n incluidos pasajes y etapas de mi vida, los diferentes escenarios y contextos que tuve la oportunidad de vivir desde la infancia hasta la vejez y que en general todo ser humano desarrolla con percepciones individuales diferentes.<\/p>\n<p>Un recorrido de a\u00f1os donde se refleja la convivencia con el sufrimiento y la permanente b\u00fasqueda de la felicidad; donde intervinieron diversas variables psicol\u00f3gicas (sociales, familiares, laborales y personales) que fueron herramientas fundamentales para la sanaci\u00f3n de mi ni\u00f1o herido.<\/p>\n<p>Todo ni\u00f1o herido puede instalarse en nuestras mentes desde la concepci\u00f3n por m\u00faltiples factores que son tratados en esta obra, por ello \u00a0se describe como una especie de Manual de Instrucciones para padres, familias, instituciones educativas y todas aquellas personas interesadas y apasionadas por el ser humano, porque el ni\u00f1o herido se forma en un proceso o un estilo de vida donde prevalece el sufrimiento en todas sus dimensiones desde lo tangible (econ\u00f3mico) hasta lo intangible(afecto, emociones, pensamientos) razones por las que dentro de esta obra puede encontrarse de manera sencilla y natural la manera de transformar el sufrimiento en felicidad para el crecimiento personal, espiritual, profesional y el cumplimiento de objetivos y proyectos de vida. Muchas veces una persona desde su consciencia no logra pensar que sea posible tal transformaci\u00f3n.<\/p>\n<p>La obra va dirigida a lograr enfocar al lector, en la comprensi\u00f3n e internalizaci\u00f3n del amor incondicional como elemento fundamental para la sanaci\u00f3n del ni\u00f1o herido propio y la comprensi\u00f3n del ni\u00f1o herido que puede existir en las personas que lo rodean (hijos, padres, parejas, compa\u00f1eros de trabajo, de estudio) y a todas aquellas personas que sientan la vida como una cat\u00e1strofe, un pesar, un sufrimiento.<\/p>\n<p>Comprender y hacer empat\u00eda con los relatos que aqu\u00ed se muestran puede sensibilizar profundamente al lector para beneficio propio, ya que es una experiencia de vida donde prevalecen crisis existenciales y obst\u00e1culos en cada etapa de vida que fueron superados con \u00e9xito mediante el amor incondicional, el cual a su vez\u00a0 permiti\u00f3 transformar ese presente en un futuro feliz; por ello, solo y solo cuando se viven tales experiencias es que conocemos la\u00a0 f\u00f3rmula m\u00e1gica de poder hacer realidad nuestros sue\u00f1os.<\/p>\n<p>&nbsp;<\/p>\n","protected":false},"featured_media":100417,"comment_status":"closed","ping_status":"closed","template":"","meta":{"_acf_changed":false},"libro":[],"product_brand":[],"product_cat":[18,21],"product_tag":[],"class_list":{"0":"post-98558","1":"product","2":"type-product","3":"status-publish","4":"has-post-thumbnail","6":"product_cat-autoayuda","7":"product_cat-relato","9":"first","10":"instock","11":"product-type-simple"},"acf":{"autor":[77003],"enlace_de_compra":""},"yoast_head":"<!-- This site is optimized with the Yoast SEO plugin v27.4 - https:\/\/yoast.com\/product\/yoast-seo-wordpress\/ -->\n<title>Sanando mi ni\u00f1o herido - Catalogo | Letrame Grupo Editorial<\/title>\n<meta name=\"robots\" content=\"index, follow, max-snippet:-1, max-image-preview:large, max-video-preview:-1\" \/>\n<link rel=\"canonical\" href=\"https:\/\/letrame.com\/catalogo\/producto\/sanando-mi-nino-herido\/\" \/>\n<meta property=\"og:locale\" content=\"es_ES\" \/>\n<meta property=\"og:type\" content=\"article\" \/>\n<meta property=\"og:title\" content=\"Sanando mi ni\u00f1o herido - Catalogo | Letrame Grupo Editorial\" \/>\n<meta property=\"og:description\" content=\"ISBN: 978-84-1144-109-4  SINOPSIS  La presente es una obra basada en mi experiencia de vida personal donde est\u00e1n incluidos pasajes y etapas de mi vida, los diferentes escenarios y contextos que tuve la oportunidad de vivir desde la infancia hasta la vejez y que en general todo ser humano desarrolla con percepciones individuales diferentes.  Un recorrido de a\u00f1os donde se refleja la convivencia con el sufrimiento y la permanente b\u00fasqueda de la felicidad; donde intervinieron diversas variables psicol\u00f3gicas (sociales, familiares, laborales y personales) que fueron herramientas fundamentales para la sanaci\u00f3n de mi ni\u00f1o herido.  Todo ni\u00f1o herido puede instalarse en nuestras mentes desde la concepci\u00f3n por m\u00faltiples factores que son tratados en esta obra, por ello \u00a0se describe como una especie de Manual de Instrucciones para padres, familias, instituciones educativas y todas aquellas personas interesadas y apasionadas por el ser humano, porque el ni\u00f1o herido se forma en un proceso o un estilo de vida donde prevalece el sufrimiento en todas sus dimensiones desde lo tangible (econ\u00f3mico) hasta lo intangible(afecto, emociones, pensamientos) razones por las que dentro de esta obra puede encontrarse de manera sencilla y natural la manera de transformar el sufrimiento en felicidad para el crecimiento personal, espiritual, profesional y el cumplimiento de objetivos y proyectos de vida. Muchas veces una persona desde su consciencia no logra pensar que sea posible tal transformaci\u00f3n.  La obra va dirigida a lograr enfocar al lector, en la comprensi\u00f3n e internalizaci\u00f3n del amor incondicional como elemento fundamental para la sanaci\u00f3n del ni\u00f1o herido propio y la comprensi\u00f3n del ni\u00f1o herido que puede existir en las personas que lo rodean (hijos, padres, parejas, compa\u00f1eros de trabajo, de estudio) y a todas aquellas personas que sientan la vida como una cat\u00e1strofe, un pesar, un sufrimiento.  Comprender y hacer empat\u00eda con los relatos que aqu\u00ed se muestran puede sensibilizar profundamente al lector para beneficio propio, ya que es una experiencia de vida donde prevalecen crisis existenciales y obst\u00e1culos en cada etapa de vida que fueron superados con \u00e9xito mediante el amor incondicional, el cual a su vez\u00a0 permiti\u00f3 transformar ese presente en un futuro feliz; por ello, solo y solo cuando se viven tales experiencias es que conocemos la\u00a0 f\u00f3rmula m\u00e1gica de poder hacer realidad nuestros sue\u00f1os.  &nbsp;\" \/>\n<meta property=\"og:url\" content=\"https:\/\/letrame.com\/catalogo\/producto\/sanando-mi-nino-herido\/\" \/>\n<meta property=\"og:site_name\" content=\"Catalogo | Letrame Grupo Editorial\" \/>\n<meta property=\"article:modified_time\" content=\"2024-05-16T14:36:56+00:00\" \/>\n<meta property=\"og:image\" content=\"https:\/\/letrame.com\/catalogo\/wp-content\/uploads\/2024\/04\/web_sanandominino_1066mm-compressed.webp\" \/>\n\t<meta property=\"og:image:width\" content=\"601\" \/>\n\t<meta property=\"og:image:height\" content=\"881\" \/>\n\t<meta property=\"og:image:type\" content=\"image\/webp\" \/>\n<meta name=\"twitter:card\" content=\"summary_large_image\" \/>\n<meta name=\"twitter:label1\" content=\"Tiempo de lectura\" \/>\n\t<meta name=\"twitter:data1\" content=\"2 minutos\" \/>\n<script type=\"application\/ld+json\" class=\"yoast-schema-graph\">{\"@context\":\"https:\\\/\\\/schema.org\",\"@graph\":[{\"@type\":\"WebPage\",\"@id\":\"https:\\\/\\\/letrame.com\\\/catalogo\\\/producto\\\/sanando-mi-nino-herido\\\/\",\"url\":\"https:\\\/\\\/letrame.com\\\/catalogo\\\/producto\\\/sanando-mi-nino-herido\\\/\",\"name\":\"Sanando mi ni\u00f1o herido - Catalogo | Letrame Grupo Editorial\",\"isPartOf\":{\"@id\":\"https:\\\/\\\/letrame.com\\\/catalogo\\\/#website\"},\"primaryImageOfPage\":{\"@id\":\"https:\\\/\\\/letrame.com\\\/catalogo\\\/producto\\\/sanando-mi-nino-herido\\\/#primaryimage\"},\"image\":{\"@id\":\"https:\\\/\\\/letrame.com\\\/catalogo\\\/producto\\\/sanando-mi-nino-herido\\\/#primaryimage\"},\"thumbnailUrl\":\"https:\\\/\\\/letrame.com\\\/catalogo\\\/wp-content\\\/uploads\\\/2024\\\/04\\\/web_sanandominino_1066mm-compressed.webp\",\"datePublished\":\"2024-04-29T13:10:50+00:00\",\"dateModified\":\"2024-05-16T14:36:56+00:00\",\"breadcrumb\":{\"@id\":\"https:\\\/\\\/letrame.com\\\/catalogo\\\/producto\\\/sanando-mi-nino-herido\\\/#breadcrumb\"},\"inLanguage\":\"es\",\"potentialAction\":[{\"@type\":\"ReadAction\",\"target\":[\"https:\\\/\\\/letrame.com\\\/catalogo\\\/producto\\\/sanando-mi-nino-herido\\\/\"]}]},{\"@type\":\"ImageObject\",\"inLanguage\":\"es\",\"@id\":\"https:\\\/\\\/letrame.com\\\/catalogo\\\/producto\\\/sanando-mi-nino-herido\\\/#primaryimage\",\"url\":\"https:\\\/\\\/letrame.com\\\/catalogo\\\/wp-content\\\/uploads\\\/2024\\\/04\\\/web_sanandominino_1066mm-compressed.webp\",\"contentUrl\":\"https:\\\/\\\/letrame.com\\\/catalogo\\\/wp-content\\\/uploads\\\/2024\\\/04\\\/web_sanandominino_1066mm-compressed.webp\",\"width\":601,\"height\":881},{\"@type\":\"BreadcrumbList\",\"@id\":\"https:\\\/\\\/letrame.com\\\/catalogo\\\/producto\\\/sanando-mi-nino-herido\\\/#breadcrumb\",\"itemListElement\":[{\"@type\":\"ListItem\",\"position\":1,\"name\":\"Portada\",\"item\":\"https:\\\/\\\/letrame.com\\\/catalogo\\\/\"},{\"@type\":\"ListItem\",\"position\":2,\"name\":\"Cat\u00e1logo\",\"item\":\"https:\\\/\\\/letrame.com\\\/catalogo\\\/\"},{\"@type\":\"ListItem\",\"position\":3,\"name\":\"Sanando mi ni\u00f1o herido\"}]},{\"@type\":\"WebSite\",\"@id\":\"https:\\\/\\\/letrame.com\\\/catalogo\\\/#website\",\"url\":\"https:\\\/\\\/letrame.com\\\/catalogo\\\/\",\"name\":\"Catalogo | Letrame Grupo Editorial\",\"description\":\"\",\"publisher\":{\"@id\":\"https:\\\/\\\/letrame.com\\\/catalogo\\\/#organization\"},\"potentialAction\":[{\"@type\":\"SearchAction\",\"target\":{\"@type\":\"EntryPoint\",\"urlTemplate\":\"https:\\\/\\\/letrame.com\\\/catalogo\\\/?s={search_term_string}\"},\"query-input\":{\"@type\":\"PropertyValueSpecification\",\"valueRequired\":true,\"valueName\":\"search_term_string\"}}],\"inLanguage\":\"es\"},{\"@type\":\"Organization\",\"@id\":\"https:\\\/\\\/letrame.com\\\/catalogo\\\/#organization\",\"name\":\"Catalogo | Letrame Grupo Editorial\",\"url\":\"https:\\\/\\\/letrame.com\\\/catalogo\\\/\",\"logo\":{\"@type\":\"ImageObject\",\"inLanguage\":\"es\",\"@id\":\"https:\\\/\\\/letrame.com\\\/catalogo\\\/#\\\/schema\\\/logo\\\/image\\\/\",\"url\":\"https:\\\/\\\/letrame.com\\\/catalogo\\\/wp-content\\\/uploads\\\/2024\\\/03\\\/logo2.webp\",\"contentUrl\":\"https:\\\/\\\/letrame.com\\\/catalogo\\\/wp-content\\\/uploads\\\/2024\\\/03\\\/logo2.webp\",\"width\":394,\"height\":128,\"caption\":\"Catalogo | Letrame Grupo Editorial\"},\"image\":{\"@id\":\"https:\\\/\\\/letrame.com\\\/catalogo\\\/#\\\/schema\\\/logo\\\/image\\\/\"}}]}<\/script>\n<!-- \/ Yoast SEO plugin. -->","yoast_head_json":{"title":"Sanando mi ni\u00f1o herido - Catalogo | Letrame Grupo Editorial","robots":{"index":"index","follow":"follow","max-snippet":"max-snippet:-1","max-image-preview":"max-image-preview:large","max-video-preview":"max-video-preview:-1"},"canonical":"https:\/\/letrame.com\/catalogo\/producto\/sanando-mi-nino-herido\/","og_locale":"es_ES","og_type":"article","og_title":"Sanando mi ni\u00f1o herido - Catalogo | Letrame Grupo Editorial","og_description":"ISBN: 978-84-1144-109-4  SINOPSIS  La presente es una obra basada en mi experiencia de vida personal donde est\u00e1n incluidos pasajes y etapas de mi vida, los diferentes escenarios y contextos que tuve la oportunidad de vivir desde la infancia hasta la vejez y que en general todo ser humano desarrolla con percepciones individuales diferentes.  Un recorrido de a\u00f1os donde se refleja la convivencia con el sufrimiento y la permanente b\u00fasqueda de la felicidad; donde intervinieron diversas variables psicol\u00f3gicas (sociales, familiares, laborales y personales) que fueron herramientas fundamentales para la sanaci\u00f3n de mi ni\u00f1o herido.  Todo ni\u00f1o herido puede instalarse en nuestras mentes desde la concepci\u00f3n por m\u00faltiples factores que son tratados en esta obra, por ello \u00a0se describe como una especie de Manual de Instrucciones para padres, familias, instituciones educativas y todas aquellas personas interesadas y apasionadas por el ser humano, porque el ni\u00f1o herido se forma en un proceso o un estilo de vida donde prevalece el sufrimiento en todas sus dimensiones desde lo tangible (econ\u00f3mico) hasta lo intangible(afecto, emociones, pensamientos) razones por las que dentro de esta obra puede encontrarse de manera sencilla y natural la manera de transformar el sufrimiento en felicidad para el crecimiento personal, espiritual, profesional y el cumplimiento de objetivos y proyectos de vida. Muchas veces una persona desde su consciencia no logra pensar que sea posible tal transformaci\u00f3n.  La obra va dirigida a lograr enfocar al lector, en la comprensi\u00f3n e internalizaci\u00f3n del amor incondicional como elemento fundamental para la sanaci\u00f3n del ni\u00f1o herido propio y la comprensi\u00f3n del ni\u00f1o herido que puede existir en las personas que lo rodean (hijos, padres, parejas, compa\u00f1eros de trabajo, de estudio) y a todas aquellas personas que sientan la vida como una cat\u00e1strofe, un pesar, un sufrimiento.  Comprender y hacer empat\u00eda con los relatos que aqu\u00ed se muestran puede sensibilizar profundamente al lector para beneficio propio, ya que es una experiencia de vida donde prevalecen crisis existenciales y obst\u00e1culos en cada etapa de vida que fueron superados con \u00e9xito mediante el amor incondicional, el cual a su vez\u00a0 permiti\u00f3 transformar ese presente en un futuro feliz; por ello, solo y solo cuando se viven tales experiencias es que conocemos la\u00a0 f\u00f3rmula m\u00e1gica de poder hacer realidad nuestros sue\u00f1os.  &nbsp;","og_url":"https:\/\/letrame.com\/catalogo\/producto\/sanando-mi-nino-herido\/","og_site_name":"Catalogo | Letrame Grupo Editorial","article_modified_time":"2024-05-16T14:36:56+00:00","og_image":[{"width":601,"height":881,"url":"https:\/\/letrame.com\/catalogo\/wp-content\/uploads\/2024\/04\/web_sanandominino_1066mm-compressed.webp","type":"image\/webp"}],"twitter_card":"summary_large_image","twitter_misc":{"Tiempo de lectura":"2 minutos"},"schema":{"@context":"https:\/\/schema.org","@graph":[{"@type":"WebPage","@id":"https:\/\/letrame.com\/catalogo\/producto\/sanando-mi-nino-herido\/","url":"https:\/\/letrame.com\/catalogo\/producto\/sanando-mi-nino-herido\/","name":"Sanando mi ni\u00f1o herido - Catalogo | Letrame Grupo Editorial","isPartOf":{"@id":"https:\/\/letrame.com\/catalogo\/#website"},"primaryImageOfPage":{"@id":"https:\/\/letrame.com\/catalogo\/producto\/sanando-mi-nino-herido\/#primaryimage"},"image":{"@id":"https:\/\/letrame.com\/catalogo\/producto\/sanando-mi-nino-herido\/#primaryimage"},"thumbnailUrl":"https:\/\/letrame.com\/catalogo\/wp-content\/uploads\/2024\/04\/web_sanandominino_1066mm-compressed.webp","datePublished":"2024-04-29T13:10:50+00:00","dateModified":"2024-05-16T14:36:56+00:00","breadcrumb":{"@id":"https:\/\/letrame.com\/catalogo\/producto\/sanando-mi-nino-herido\/#breadcrumb"},"inLanguage":"es","potentialAction":[{"@type":"ReadAction","target":["https:\/\/letrame.com\/catalogo\/producto\/sanando-mi-nino-herido\/"]}]},{"@type":"ImageObject","inLanguage":"es","@id":"https:\/\/letrame.com\/catalogo\/producto\/sanando-mi-nino-herido\/#primaryimage","url":"https:\/\/letrame.com\/catalogo\/wp-content\/uploads\/2024\/04\/web_sanandominino_1066mm-compressed.webp","contentUrl":"https:\/\/letrame.com\/catalogo\/wp-content\/uploads\/2024\/04\/web_sanandominino_1066mm-compressed.webp","width":601,"height":881},{"@type":"BreadcrumbList","@id":"https:\/\/letrame.com\/catalogo\/producto\/sanando-mi-nino-herido\/#breadcrumb","itemListElement":[{"@type":"ListItem","position":1,"name":"Portada","item":"https:\/\/letrame.com\/catalogo\/"},{"@type":"ListItem","position":2,"name":"Cat\u00e1logo","item":"https:\/\/letrame.com\/catalogo\/"},{"@type":"ListItem","position":3,"name":"Sanando mi ni\u00f1o herido"}]},{"@type":"WebSite","@id":"https:\/\/letrame.com\/catalogo\/#website","url":"https:\/\/letrame.com\/catalogo\/","name":"Catalogo | Letrame Grupo Editorial","description":"","publisher":{"@id":"https:\/\/letrame.com\/catalogo\/#organization"},"potentialAction":[{"@type":"SearchAction","target":{"@type":"EntryPoint","urlTemplate":"https:\/\/letrame.com\/catalogo\/?s={search_term_string}"},"query-input":{"@type":"PropertyValueSpecification","valueRequired":true,"valueName":"search_term_string"}}],"inLanguage":"es"},{"@type":"Organization","@id":"https:\/\/letrame.com\/catalogo\/#organization","name":"Catalogo | Letrame Grupo Editorial","url":"https:\/\/letrame.com\/catalogo\/","logo":{"@type":"ImageObject","inLanguage":"es","@id":"https:\/\/letrame.com\/catalogo\/#\/schema\/logo\/image\/","url":"https:\/\/letrame.com\/catalogo\/wp-content\/uploads\/2024\/03\/logo2.webp","contentUrl":"https:\/\/letrame.com\/catalogo\/wp-content\/uploads\/2024\/03\/logo2.webp","width":394,"height":128,"caption":"Catalogo | Letrame Grupo Editorial"},"image":{"@id":"https:\/\/letrame.com\/catalogo\/#\/schema\/logo\/image\/"}}]}},"_links":{"self":[{"href":"https:\/\/letrame.com\/catalogo\/wp-json\/wp\/v2\/product\/98558","targetHints":{"allow":["GET"]}}],"collection":[{"href":"https:\/\/letrame.com\/catalogo\/wp-json\/wp\/v2\/product"}],"about":[{"href":"https:\/\/letrame.com\/catalogo\/wp-json\/wp\/v2\/types\/product"}],"replies":[{"embeddable":true,"href":"https:\/\/letrame.com\/catalogo\/wp-json\/wp\/v2\/comments?post=98558"}],"acf:post":[{"embeddable":true,"href":"https:\/\/letrame.com\/catalogo\/wp-json\/wp\/v2\/author_book\/77003"}],"wp:featuredmedia":[{"embeddable":true,"href":"https:\/\/letrame.com\/catalogo\/wp-json\/wp\/v2\/media\/100417"}],"wp:attachment":[{"href":"https:\/\/letrame.com\/catalogo\/wp-json\/wp\/v2\/media?parent=98558"}],"wp:term":[{"taxonomy":"libro","embeddable":true,"href":"https:\/\/letrame.com\/catalogo\/wp-json\/wp\/v2\/libro?post=98558"},{"taxonomy":"product_brand","embeddable":true,"href":"https:\/\/letrame.com\/catalogo\/wp-json\/wp\/v2\/product_brand?post=98558"},{"taxonomy":"product_cat","embeddable":true,"href":"https:\/\/letrame.com\/catalogo\/wp-json\/wp\/v2\/product_cat?post=98558"},{"taxonomy":"product_tag","embeddable":true,"href":"https:\/\/letrame.com\/catalogo\/wp-json\/wp\/v2\/product_tag?post=98558"}],"curies":[{"name":"wp","href":"https:\/\/api.w.org\/{rel}","templated":true}]}}