{"id":98554,"date":"2024-04-29T15:10:38","date_gmt":"2024-04-29T13:10:38","guid":{"rendered":"https:\/\/letrame.com\/catalogo\/producto\/belibaste-el-cataro\/"},"modified":"2024-04-29T15:10:42","modified_gmt":"2024-04-29T13:10:42","slug":"belibaste-el-cataro","status":"publish","type":"product","link":"https:\/\/letrame.com\/catalogo\/producto\/belibaste-el-cataro\/","title":{"rendered":"Belibaste, el c\u00e1taro"},"content":{"rendered":"<p><strong>ISBN<\/strong>: 978-84-1144-582-5<\/p>\n<p><strong>T\u00edtulo<\/strong>: Belibaste, el c\u00e1taro<br \/>\n<strong>Fecha<\/strong>: 2022<br \/>\n<strong>P\u00e1ginas<\/strong>: 528<\/p>\n<p><strong>SINOPSIS<\/strong><\/p>\n<p>Belibaste\u2026,el c\u00e1taro<\/p>\n<p>\u201cTodo quemado\u201d, exclamaban los griegos al definir el Holocausto.<\/p>\n<p>\u00bfD\u00f3nde est\u00e1 mi Dios cuando las furias sat\u00e1nicas emergen de fausto?<\/p>\n<p>\u00bfAcaso el creador no vela en este mundo, como ser supremo?<\/p>\n<p>\u00bfPor qu\u00e9 dejas tu obra al libre albedr\u00edo?<\/p>\n<p>&nbsp;<\/p>\n<p>Sat\u00e1n, sin duda existe\u2026y Dios \u00bfno?<\/p>\n<p>Sed humana para perfeccionar el mundo.<\/p>\n<p>Ilusi\u00f3n terrenal, vano pensamiento de egos sin rumbo.<\/p>\n<p>Que nadie apueste por ser perfecto, no es cosa, de juego.<\/p>\n<p>&nbsp;<\/p>\n<p>Soy c\u00e1taro perfecto, huelo a \u201ctodo quemado\u201d, a Holocausto.<\/p>\n<p>\u00bfD\u00f3nde est\u00e1 mi libertad de pensamiento?<\/p>\n<p>No existe, si esperas del Dios divino.<\/p>\n<p>La perfecci\u00f3n de las cosas es lo m\u00e1s imperfecto de este Mundo.<\/p>\n<p>&nbsp;<\/p>\n<p>Amo lo que me place, que no es todo.<\/p>\n<p>Abro mi coraz\u00f3n al pr\u00f3jimo.<\/p>\n<p>Sonr\u00edo con desmesura es, atemperamiento.<\/p>\n<p>Soy un buen creyente de mi Dios\u2026, perfecto.<\/p>\n","protected":false},"excerpt":{"rendered":"<p><strong>ISBN<\/strong>: 978-84-1144-582-5<\/p>\n<p><strong>SINOPSIS<\/strong><\/p>\n<p>Belibaste\u2026,el c\u00e1taro<\/p>\n<p>\u201cTodo quemado\u201d, exclamaban los griegos al definir el Holocausto.<\/p>\n<p>\u00bfD\u00f3nde est\u00e1 mi Dios cuando las furias sat\u00e1nicas emergen de fausto?<\/p>\n<p>\u00bfAcaso el creador no vela en este mundo, como ser supremo?<\/p>\n<p>\u00bfPor qu\u00e9 dejas tu obra al libre albedr\u00edo?<\/p>\n<p>&nbsp;<\/p>\n<p>Sat\u00e1n, sin duda existe\u2026y Dios \u00bfno?<\/p>\n<p>Sed humana para perfeccionar el mundo.<\/p>\n<p>Ilusi\u00f3n terrenal, vano pensamiento de egos sin rumbo.<\/p>\n<p>Que nadie apueste por ser perfecto, no es cosa, de juego.<\/p>\n<p>&nbsp;<\/p>\n<p>Soy c\u00e1taro perfecto, huelo a \u201ctodo quemado\u201d, a Holocausto.<\/p>\n<p>\u00bfD\u00f3nde est\u00e1 mi libertad de pensamiento?<\/p>\n<p>No existe, si esperas del Dios divino.<\/p>\n<p>La perfecci\u00f3n de las cosas es lo m\u00e1s imperfecto de este Mundo.<\/p>\n<p>&nbsp;<\/p>\n<p>Amo lo que me place, que no es todo.<\/p>\n<p>Abro mi coraz\u00f3n al pr\u00f3jimo.<\/p>\n<p>Sonr\u00edo con desmesura es, atemperamiento.<\/p>\n<p>Soy un buen creyente de mi Dios\u2026, perfecto.<\/p>\n","protected":false},"featured_media":98555,"comment_status":"closed","ping_status":"open","template":"","meta":{"_acf_changed":false},"libro":[],"product_brand":[],"product_cat":[26],"product_tag":[],"class_list":{"0":"post-98554","1":"product","2":"type-product","3":"status-publish","4":"has-post-thumbnail","6":"product_cat-sin-categoria","8":"first","9":"instock","10":"product-type-simple"},"acf":{"autor":[77000],"enlace_de_compra":""},"yoast_head":"<!-- This site is optimized with the Yoast SEO plugin v27.4 - https:\/\/yoast.com\/product\/yoast-seo-wordpress\/ -->\n<title>Belibaste, el c\u00e1taro - Catalogo | Letrame Grupo Editorial<\/title>\n<meta name=\"robots\" content=\"index, follow, max-snippet:-1, max-image-preview:large, max-video-preview:-1\" \/>\n<link rel=\"canonical\" href=\"https:\/\/letrame.com\/catalogo\/producto\/belibaste-el-cataro\/\" \/>\n<meta property=\"og:locale\" content=\"es_ES\" \/>\n<meta property=\"og:type\" content=\"article\" \/>\n<meta property=\"og:title\" content=\"Belibaste, el c\u00e1taro - Catalogo | Letrame Grupo Editorial\" \/>\n<meta property=\"og:description\" content=\"ISBN: 978-84-1144-582-5 SINOPSIS Belibaste\u2026,el c\u00e1taro \u201cTodo quemado\u201d, exclamaban los griegos al definir el Holocausto. \u00bfD\u00f3nde est\u00e1 mi Dios cuando las furias sat\u00e1nicas emergen de fausto? \u00bfAcaso el creador no vela en este mundo, como ser supremo? \u00bfPor qu\u00e9 dejas tu obra al libre albedr\u00edo? &nbsp; Sat\u00e1n, sin duda existe\u2026y Dios \u00bfno? Sed humana para perfeccionar el mundo. Ilusi\u00f3n terrenal, vano pensamiento de egos sin rumbo. Que nadie apueste por ser perfecto, no es cosa, de juego. &nbsp; Soy c\u00e1taro perfecto, huelo a \u201ctodo quemado\u201d, a Holocausto. \u00bfD\u00f3nde est\u00e1 mi libertad de pensamiento? No existe, si esperas del Dios divino. La perfecci\u00f3n de las cosas es lo m\u00e1s imperfecto de este Mundo. &nbsp; Amo lo que me place, que no es todo. Abro mi coraz\u00f3n al pr\u00f3jimo. Sonr\u00edo con desmesura es, atemperamiento. Soy un buen creyente de mi Dios\u2026, perfecto.\" \/>\n<meta property=\"og:url\" content=\"https:\/\/letrame.com\/catalogo\/producto\/belibaste-el-cataro\/\" \/>\n<meta property=\"og:site_name\" content=\"Catalogo | Letrame Grupo Editorial\" \/>\n<meta property=\"article:modified_time\" content=\"2024-04-29T13:10:42+00:00\" \/>\n<meta property=\"og:image\" content=\"https:\/\/letrame.com\/catalogo\/wp-content\/uploads\/2024\/04\/web_belibaste_2542mm-compressed.jpg\" \/>\n\t<meta property=\"og:image:width\" content=\"601\" \/>\n\t<meta property=\"og:image:height\" content=\"849\" \/>\n\t<meta property=\"og:image:type\" content=\"image\/jpeg\" \/>\n<meta name=\"twitter:card\" content=\"summary_large_image\" \/>\n<meta name=\"twitter:label1\" content=\"Tiempo de lectura\" \/>\n\t<meta name=\"twitter:data1\" content=\"1 minuto\" \/>\n<script type=\"application\/ld+json\" class=\"yoast-schema-graph\">{\"@context\":\"https:\\\/\\\/schema.org\",\"@graph\":[{\"@type\":\"WebPage\",\"@id\":\"https:\\\/\\\/letrame.com\\\/catalogo\\\/producto\\\/belibaste-el-cataro\\\/\",\"url\":\"https:\\\/\\\/letrame.com\\\/catalogo\\\/producto\\\/belibaste-el-cataro\\\/\",\"name\":\"Belibaste, el c\u00e1taro - Catalogo | Letrame Grupo Editorial\",\"isPartOf\":{\"@id\":\"https:\\\/\\\/letrame.com\\\/catalogo\\\/#website\"},\"primaryImageOfPage\":{\"@id\":\"https:\\\/\\\/letrame.com\\\/catalogo\\\/producto\\\/belibaste-el-cataro\\\/#primaryimage\"},\"image\":{\"@id\":\"https:\\\/\\\/letrame.com\\\/catalogo\\\/producto\\\/belibaste-el-cataro\\\/#primaryimage\"},\"thumbnailUrl\":\"https:\\\/\\\/letrame.com\\\/catalogo\\\/wp-content\\\/uploads\\\/2024\\\/04\\\/web_belibaste_2542mm-compressed.jpg\",\"datePublished\":\"2024-04-29T13:10:38+00:00\",\"dateModified\":\"2024-04-29T13:10:42+00:00\",\"breadcrumb\":{\"@id\":\"https:\\\/\\\/letrame.com\\\/catalogo\\\/producto\\\/belibaste-el-cataro\\\/#breadcrumb\"},\"inLanguage\":\"es\",\"potentialAction\":[{\"@type\":\"ReadAction\",\"target\":[\"https:\\\/\\\/letrame.com\\\/catalogo\\\/producto\\\/belibaste-el-cataro\\\/\"]}]},{\"@type\":\"ImageObject\",\"inLanguage\":\"es\",\"@id\":\"https:\\\/\\\/letrame.com\\\/catalogo\\\/producto\\\/belibaste-el-cataro\\\/#primaryimage\",\"url\":\"https:\\\/\\\/letrame.com\\\/catalogo\\\/wp-content\\\/uploads\\\/2024\\\/04\\\/web_belibaste_2542mm-compressed.jpg\",\"contentUrl\":\"https:\\\/\\\/letrame.com\\\/catalogo\\\/wp-content\\\/uploads\\\/2024\\\/04\\\/web_belibaste_2542mm-compressed.jpg\",\"width\":601,\"height\":849},{\"@type\":\"BreadcrumbList\",\"@id\":\"https:\\\/\\\/letrame.com\\\/catalogo\\\/producto\\\/belibaste-el-cataro\\\/#breadcrumb\",\"itemListElement\":[{\"@type\":\"ListItem\",\"position\":1,\"name\":\"Portada\",\"item\":\"https:\\\/\\\/letrame.com\\\/catalogo\\\/\"},{\"@type\":\"ListItem\",\"position\":2,\"name\":\"Cat\u00e1logo\",\"item\":\"https:\\\/\\\/letrame.com\\\/catalogo\\\/\"},{\"@type\":\"ListItem\",\"position\":3,\"name\":\"Belibaste, el c\u00e1taro\"}]},{\"@type\":\"WebSite\",\"@id\":\"https:\\\/\\\/letrame.com\\\/catalogo\\\/#website\",\"url\":\"https:\\\/\\\/letrame.com\\\/catalogo\\\/\",\"name\":\"Catalogo | Letrame Grupo Editorial\",\"description\":\"\",\"publisher\":{\"@id\":\"https:\\\/\\\/letrame.com\\\/catalogo\\\/#organization\"},\"potentialAction\":[{\"@type\":\"SearchAction\",\"target\":{\"@type\":\"EntryPoint\",\"urlTemplate\":\"https:\\\/\\\/letrame.com\\\/catalogo\\\/?s={search_term_string}\"},\"query-input\":{\"@type\":\"PropertyValueSpecification\",\"valueRequired\":true,\"valueName\":\"search_term_string\"}}],\"inLanguage\":\"es\"},{\"@type\":\"Organization\",\"@id\":\"https:\\\/\\\/letrame.com\\\/catalogo\\\/#organization\",\"name\":\"Catalogo | Letrame Grupo Editorial\",\"url\":\"https:\\\/\\\/letrame.com\\\/catalogo\\\/\",\"logo\":{\"@type\":\"ImageObject\",\"inLanguage\":\"es\",\"@id\":\"https:\\\/\\\/letrame.com\\\/catalogo\\\/#\\\/schema\\\/logo\\\/image\\\/\",\"url\":\"https:\\\/\\\/letrame.com\\\/catalogo\\\/wp-content\\\/uploads\\\/2024\\\/03\\\/logo2.webp\",\"contentUrl\":\"https:\\\/\\\/letrame.com\\\/catalogo\\\/wp-content\\\/uploads\\\/2024\\\/03\\\/logo2.webp\",\"width\":394,\"height\":128,\"caption\":\"Catalogo | Letrame Grupo Editorial\"},\"image\":{\"@id\":\"https:\\\/\\\/letrame.com\\\/catalogo\\\/#\\\/schema\\\/logo\\\/image\\\/\"}}]}<\/script>\n<!-- \/ Yoast SEO plugin. -->","yoast_head_json":{"title":"Belibaste, el c\u00e1taro - Catalogo | Letrame Grupo Editorial","robots":{"index":"index","follow":"follow","max-snippet":"max-snippet:-1","max-image-preview":"max-image-preview:large","max-video-preview":"max-video-preview:-1"},"canonical":"https:\/\/letrame.com\/catalogo\/producto\/belibaste-el-cataro\/","og_locale":"es_ES","og_type":"article","og_title":"Belibaste, el c\u00e1taro - Catalogo | Letrame Grupo Editorial","og_description":"ISBN: 978-84-1144-582-5 SINOPSIS Belibaste\u2026,el c\u00e1taro \u201cTodo quemado\u201d, exclamaban los griegos al definir el Holocausto. \u00bfD\u00f3nde est\u00e1 mi Dios cuando las furias sat\u00e1nicas emergen de fausto? \u00bfAcaso el creador no vela en este mundo, como ser supremo? \u00bfPor qu\u00e9 dejas tu obra al libre albedr\u00edo? &nbsp; Sat\u00e1n, sin duda existe\u2026y Dios \u00bfno? Sed humana para perfeccionar el mundo. Ilusi\u00f3n terrenal, vano pensamiento de egos sin rumbo. Que nadie apueste por ser perfecto, no es cosa, de juego. &nbsp; Soy c\u00e1taro perfecto, huelo a \u201ctodo quemado\u201d, a Holocausto. \u00bfD\u00f3nde est\u00e1 mi libertad de pensamiento? No existe, si esperas del Dios divino. La perfecci\u00f3n de las cosas es lo m\u00e1s imperfecto de este Mundo. &nbsp; Amo lo que me place, que no es todo. Abro mi coraz\u00f3n al pr\u00f3jimo. Sonr\u00edo con desmesura es, atemperamiento. Soy un buen creyente de mi Dios\u2026, perfecto.","og_url":"https:\/\/letrame.com\/catalogo\/producto\/belibaste-el-cataro\/","og_site_name":"Catalogo | Letrame Grupo Editorial","article_modified_time":"2024-04-29T13:10:42+00:00","og_image":[{"width":601,"height":849,"url":"https:\/\/letrame.com\/catalogo\/wp-content\/uploads\/2024\/04\/web_belibaste_2542mm-compressed.jpg","type":"image\/jpeg"}],"twitter_card":"summary_large_image","twitter_misc":{"Tiempo de lectura":"1 minuto"},"schema":{"@context":"https:\/\/schema.org","@graph":[{"@type":"WebPage","@id":"https:\/\/letrame.com\/catalogo\/producto\/belibaste-el-cataro\/","url":"https:\/\/letrame.com\/catalogo\/producto\/belibaste-el-cataro\/","name":"Belibaste, el c\u00e1taro - Catalogo | Letrame Grupo Editorial","isPartOf":{"@id":"https:\/\/letrame.com\/catalogo\/#website"},"primaryImageOfPage":{"@id":"https:\/\/letrame.com\/catalogo\/producto\/belibaste-el-cataro\/#primaryimage"},"image":{"@id":"https:\/\/letrame.com\/catalogo\/producto\/belibaste-el-cataro\/#primaryimage"},"thumbnailUrl":"https:\/\/letrame.com\/catalogo\/wp-content\/uploads\/2024\/04\/web_belibaste_2542mm-compressed.jpg","datePublished":"2024-04-29T13:10:38+00:00","dateModified":"2024-04-29T13:10:42+00:00","breadcrumb":{"@id":"https:\/\/letrame.com\/catalogo\/producto\/belibaste-el-cataro\/#breadcrumb"},"inLanguage":"es","potentialAction":[{"@type":"ReadAction","target":["https:\/\/letrame.com\/catalogo\/producto\/belibaste-el-cataro\/"]}]},{"@type":"ImageObject","inLanguage":"es","@id":"https:\/\/letrame.com\/catalogo\/producto\/belibaste-el-cataro\/#primaryimage","url":"https:\/\/letrame.com\/catalogo\/wp-content\/uploads\/2024\/04\/web_belibaste_2542mm-compressed.jpg","contentUrl":"https:\/\/letrame.com\/catalogo\/wp-content\/uploads\/2024\/04\/web_belibaste_2542mm-compressed.jpg","width":601,"height":849},{"@type":"BreadcrumbList","@id":"https:\/\/letrame.com\/catalogo\/producto\/belibaste-el-cataro\/#breadcrumb","itemListElement":[{"@type":"ListItem","position":1,"name":"Portada","item":"https:\/\/letrame.com\/catalogo\/"},{"@type":"ListItem","position":2,"name":"Cat\u00e1logo","item":"https:\/\/letrame.com\/catalogo\/"},{"@type":"ListItem","position":3,"name":"Belibaste, el c\u00e1taro"}]},{"@type":"WebSite","@id":"https:\/\/letrame.com\/catalogo\/#website","url":"https:\/\/letrame.com\/catalogo\/","name":"Catalogo | Letrame Grupo Editorial","description":"","publisher":{"@id":"https:\/\/letrame.com\/catalogo\/#organization"},"potentialAction":[{"@type":"SearchAction","target":{"@type":"EntryPoint","urlTemplate":"https:\/\/letrame.com\/catalogo\/?s={search_term_string}"},"query-input":{"@type":"PropertyValueSpecification","valueRequired":true,"valueName":"search_term_string"}}],"inLanguage":"es"},{"@type":"Organization","@id":"https:\/\/letrame.com\/catalogo\/#organization","name":"Catalogo | Letrame Grupo Editorial","url":"https:\/\/letrame.com\/catalogo\/","logo":{"@type":"ImageObject","inLanguage":"es","@id":"https:\/\/letrame.com\/catalogo\/#\/schema\/logo\/image\/","url":"https:\/\/letrame.com\/catalogo\/wp-content\/uploads\/2024\/03\/logo2.webp","contentUrl":"https:\/\/letrame.com\/catalogo\/wp-content\/uploads\/2024\/03\/logo2.webp","width":394,"height":128,"caption":"Catalogo | Letrame Grupo Editorial"},"image":{"@id":"https:\/\/letrame.com\/catalogo\/#\/schema\/logo\/image\/"}}]}},"_links":{"self":[{"href":"https:\/\/letrame.com\/catalogo\/wp-json\/wp\/v2\/product\/98554","targetHints":{"allow":["GET"]}}],"collection":[{"href":"https:\/\/letrame.com\/catalogo\/wp-json\/wp\/v2\/product"}],"about":[{"href":"https:\/\/letrame.com\/catalogo\/wp-json\/wp\/v2\/types\/product"}],"replies":[{"embeddable":true,"href":"https:\/\/letrame.com\/catalogo\/wp-json\/wp\/v2\/comments?post=98554"}],"acf:post":[{"embeddable":true,"href":"https:\/\/letrame.com\/catalogo\/wp-json\/wp\/v2\/author_book\/77000"}],"wp:featuredmedia":[{"embeddable":true,"href":"https:\/\/letrame.com\/catalogo\/wp-json\/wp\/v2\/media\/98555"}],"wp:attachment":[{"href":"https:\/\/letrame.com\/catalogo\/wp-json\/wp\/v2\/media?parent=98554"}],"wp:term":[{"taxonomy":"libro","embeddable":true,"href":"https:\/\/letrame.com\/catalogo\/wp-json\/wp\/v2\/libro?post=98554"},{"taxonomy":"product_brand","embeddable":true,"href":"https:\/\/letrame.com\/catalogo\/wp-json\/wp\/v2\/product_brand?post=98554"},{"taxonomy":"product_cat","embeddable":true,"href":"https:\/\/letrame.com\/catalogo\/wp-json\/wp\/v2\/product_cat?post=98554"},{"taxonomy":"product_tag","embeddable":true,"href":"https:\/\/letrame.com\/catalogo\/wp-json\/wp\/v2\/product_tag?post=98554"}],"curies":[{"name":"wp","href":"https:\/\/api.w.org\/{rel}","templated":true}]}}