{"id":98544,"date":"2024-04-29T15:10:14","date_gmt":"2024-04-29T13:10:14","guid":{"rendered":"https:\/\/letrame.com\/catalogo\/producto\/el-hombre-en-busca-de-su-sombra\/"},"modified":"2024-04-29T15:10:21","modified_gmt":"2024-04-29T13:10:21","slug":"el-hombre-en-busca-de-su-sombra","status":"publish","type":"product","link":"https:\/\/letrame.com\/catalogo\/producto\/el-hombre-en-busca-de-su-sombra\/","title":{"rendered":"El hombre en busca de su sombra"},"content":{"rendered":"<p><strong>ISBN<\/strong>: 978-84-1144-279-4<\/p>\n<p><strong>T\u00edtulo<\/strong>: El hombre en busca de su sombra<br \/>\n<strong>Fecha<\/strong>: 2022<br \/>\n<strong>P\u00e1ginas<\/strong>: 336<\/p>\n<p><strong>SINOPSIS<\/strong><\/p>\n<p>Con El Hombre en Busca de su Sombra, del Dr. Luis Labrada Rond\u00f3n estamos ante una nueva forma de divulgar la ciencia y de dar a conocer a muchos de los involucrados en ella. Utilizando un lenguaje sencillo y cautivante, es imposible que el lector no quede atrapado en las diferentes historias que se narran en este libro. El Dr. Labrada ha creado una nueva forma de literatura basada en su capacidad descriptiva y en la profundidad de los temas que trata utilizando recursos literarios procedentes del \u201crealismo m\u00e1gico\u201d o de la contundencia de la literatura m\u00e9dica cl\u00e1sica. De forma sutil, nos introduce a un mundo agradable y a veces injusto para aquellos que se dedican a la investigaci\u00f3n cient\u00edfica. Mientras la ciencia se desarrolla, muy pocos cient\u00edficos se interesan en divulgarla. Es meritorio que personas con alto nivel cient\u00edfico devuelvan a la sociedad lo que, en esencia, redundar\u00e1 en su beneficio. Ya hombres de la talla cient\u00edfica de Stephan Hawking o Michio Kaku demostraron que temas complejos del cosmos, pueden llegar al pueblo a trav\u00e9s de libros de divulgaci\u00f3n cient\u00edfica. El Dr. Luis Labrada se pone a la altura de esos cient\u00edficos por la contundencia con la que da a conocer muchos aspectos de las ciencias m\u00e9dicas modernas y sus interrelaciones con situaciones cotidianas. Hay temas que nos sorprenden por la importancia que tienen para mantener vivos los sistemas personales de prevenci\u00f3n cardiovascular. En nombre de la comunidad cient\u00edfica internacional, en nombre de ese pueblo al que has dedicado m\u00e1s de 30 a\u00f1os de tu vida y en nombre de todos tus amigos: Te doy las gracias por haber dejado con este maravilloso libro, una huella imborrable en nuestros corazones. En horabuena doctor Luis Labrada.<\/p>\n<p>&nbsp;<\/p>\n<p>Dr. Larry White, desde Houston, Texas, Estados Unidos.<\/p>\n<p>&nbsp;<\/p>\n","protected":false},"excerpt":{"rendered":"<p><strong>ISBN<\/strong>: 978-84-1144-279-4<\/p>\n<p><strong>SINOPSIS<\/strong><\/p>\n<p>Con El Hombre en Busca de su Sombra, del Dr. Luis Labrada Rond\u00f3n estamos ante una nueva forma de divulgar la ciencia y de dar a conocer a muchos de los involucrados en ella. Utilizando un lenguaje sencillo y cautivante, es imposible que el lector no quede atrapado en las diferentes historias que se narran en este libro. El Dr. Labrada ha creado una nueva forma de literatura basada en su capacidad descriptiva y en la profundidad de los temas que trata utilizando recursos literarios procedentes del \u201crealismo m\u00e1gico\u201d o de la contundencia de la literatura m\u00e9dica cl\u00e1sica. De forma sutil, nos introduce a un mundo agradable y a veces injusto para aquellos que se dedican a la investigaci\u00f3n cient\u00edfica. Mientras la ciencia se desarrolla, muy pocos cient\u00edficos se interesan en divulgarla. Es meritorio que personas con alto nivel cient\u00edfico devuelvan a la sociedad lo que, en esencia, redundar\u00e1 en su beneficio. Ya hombres de la talla cient\u00edfica de Stephan Hawking o Michio Kaku demostraron que temas complejos del cosmos, pueden llegar al pueblo a trav\u00e9s de libros de divulgaci\u00f3n cient\u00edfica. El Dr. Luis Labrada se pone a la altura de esos cient\u00edficos por la contundencia con la que da a conocer muchos aspectos de las ciencias m\u00e9dicas modernas y sus interrelaciones con situaciones cotidianas. Hay temas que nos sorprenden por la importancia que tienen para mantener vivos los sistemas personales de prevenci\u00f3n cardiovascular. En nombre de la comunidad cient\u00edfica internacional, en nombre de ese pueblo al que has dedicado m\u00e1s de 30 a\u00f1os de tu vida y en nombre de todos tus amigos: Te doy las gracias por haber dejado con este maravilloso libro, una huella imborrable en nuestros corazones. En horabuena doctor Luis Labrada.<\/p>\n<p>&nbsp;<\/p>\n<p>Dr. Larry White, desde Houston, Texas, Estados Unidos.<\/p>\n<p>&nbsp;<\/p>\n","protected":false},"featured_media":98545,"comment_status":"closed","ping_status":"open","template":"","meta":{"_acf_changed":false},"libro":[],"product_brand":[],"product_cat":[26],"product_tag":[],"class_list":{"0":"post-98544","1":"product","2":"type-product","3":"status-publish","4":"has-post-thumbnail","6":"product_cat-sin-categoria","8":"first","9":"instock","10":"product-type-simple"},"acf":{"autor":[76992],"enlace_de_compra":""},"yoast_head":"<!-- This site is optimized with the Yoast SEO plugin v27.4 - https:\/\/yoast.com\/product\/yoast-seo-wordpress\/ -->\n<title>El hombre en busca de su sombra - Catalogo | Letrame Grupo Editorial<\/title>\n<meta name=\"robots\" content=\"index, follow, max-snippet:-1, max-image-preview:large, max-video-preview:-1\" \/>\n<link rel=\"canonical\" href=\"https:\/\/letrame.com\/catalogo\/producto\/el-hombre-en-busca-de-su-sombra\/\" \/>\n<meta property=\"og:locale\" content=\"es_ES\" \/>\n<meta property=\"og:type\" content=\"article\" \/>\n<meta property=\"og:title\" content=\"El hombre en busca de su sombra - Catalogo | Letrame Grupo Editorial\" \/>\n<meta property=\"og:description\" content=\"ISBN: 978-84-1144-279-4 SINOPSIS Con El Hombre en Busca de su Sombra, del Dr. Luis Labrada Rond\u00f3n estamos ante una nueva forma de divulgar la ciencia y de dar a conocer a muchos de los involucrados en ella. Utilizando un lenguaje sencillo y cautivante, es imposible que el lector no quede atrapado en las diferentes historias que se narran en este libro. El Dr. Labrada ha creado una nueva forma de literatura basada en su capacidad descriptiva y en la profundidad de los temas que trata utilizando recursos literarios procedentes del \u201crealismo m\u00e1gico\u201d o de la contundencia de la literatura m\u00e9dica cl\u00e1sica. De forma sutil, nos introduce a un mundo agradable y a veces injusto para aquellos que se dedican a la investigaci\u00f3n cient\u00edfica. Mientras la ciencia se desarrolla, muy pocos cient\u00edficos se interesan en divulgarla. Es meritorio que personas con alto nivel cient\u00edfico devuelvan a la sociedad lo que, en esencia, redundar\u00e1 en su beneficio. Ya hombres de la talla cient\u00edfica de Stephan Hawking o Michio Kaku demostraron que temas complejos del cosmos, pueden llegar al pueblo a trav\u00e9s de libros de divulgaci\u00f3n cient\u00edfica. El Dr. Luis Labrada se pone a la altura de esos cient\u00edficos por la contundencia con la que da a conocer muchos aspectos de las ciencias m\u00e9dicas modernas y sus interrelaciones con situaciones cotidianas. Hay temas que nos sorprenden por la importancia que tienen para mantener vivos los sistemas personales de prevenci\u00f3n cardiovascular. En nombre de la comunidad cient\u00edfica internacional, en nombre de ese pueblo al que has dedicado m\u00e1s de 30 a\u00f1os de tu vida y en nombre de todos tus amigos: Te doy las gracias por haber dejado con este maravilloso libro, una huella imborrable en nuestros corazones. En horabuena doctor Luis Labrada. &nbsp; Dr. Larry White, desde Houston, Texas, Estados Unidos. &nbsp;\" \/>\n<meta property=\"og:url\" content=\"https:\/\/letrame.com\/catalogo\/producto\/el-hombre-en-busca-de-su-sombra\/\" \/>\n<meta property=\"og:site_name\" content=\"Catalogo | Letrame Grupo Editorial\" \/>\n<meta property=\"article:modified_time\" content=\"2024-04-29T13:10:21+00:00\" \/>\n<meta property=\"og:image\" content=\"https:\/\/letrame.com\/catalogo\/wp-content\/uploads\/2024\/04\/redportada_elhombreenbusca_1657mm-compressed-1.jpg\" \/>\n\t<meta property=\"og:image:width\" content=\"601\" \/>\n\t<meta property=\"og:image:height\" content=\"881\" \/>\n\t<meta property=\"og:image:type\" content=\"image\/jpeg\" \/>\n<meta name=\"twitter:card\" content=\"summary_large_image\" \/>\n<meta name=\"twitter:label1\" content=\"Tiempo de lectura\" \/>\n\t<meta name=\"twitter:data1\" content=\"2 minutos\" \/>\n<script type=\"application\/ld+json\" class=\"yoast-schema-graph\">{\"@context\":\"https:\\\/\\\/schema.org\",\"@graph\":[{\"@type\":\"WebPage\",\"@id\":\"https:\\\/\\\/letrame.com\\\/catalogo\\\/producto\\\/el-hombre-en-busca-de-su-sombra\\\/\",\"url\":\"https:\\\/\\\/letrame.com\\\/catalogo\\\/producto\\\/el-hombre-en-busca-de-su-sombra\\\/\",\"name\":\"El hombre en busca de su sombra - Catalogo | Letrame Grupo Editorial\",\"isPartOf\":{\"@id\":\"https:\\\/\\\/letrame.com\\\/catalogo\\\/#website\"},\"primaryImageOfPage\":{\"@id\":\"https:\\\/\\\/letrame.com\\\/catalogo\\\/producto\\\/el-hombre-en-busca-de-su-sombra\\\/#primaryimage\"},\"image\":{\"@id\":\"https:\\\/\\\/letrame.com\\\/catalogo\\\/producto\\\/el-hombre-en-busca-de-su-sombra\\\/#primaryimage\"},\"thumbnailUrl\":\"https:\\\/\\\/letrame.com\\\/catalogo\\\/wp-content\\\/uploads\\\/2024\\\/04\\\/redportada_elhombreenbusca_1657mm-compressed-1.jpg\",\"datePublished\":\"2024-04-29T13:10:14+00:00\",\"dateModified\":\"2024-04-29T13:10:21+00:00\",\"breadcrumb\":{\"@id\":\"https:\\\/\\\/letrame.com\\\/catalogo\\\/producto\\\/el-hombre-en-busca-de-su-sombra\\\/#breadcrumb\"},\"inLanguage\":\"es\",\"potentialAction\":[{\"@type\":\"ReadAction\",\"target\":[\"https:\\\/\\\/letrame.com\\\/catalogo\\\/producto\\\/el-hombre-en-busca-de-su-sombra\\\/\"]}]},{\"@type\":\"ImageObject\",\"inLanguage\":\"es\",\"@id\":\"https:\\\/\\\/letrame.com\\\/catalogo\\\/producto\\\/el-hombre-en-busca-de-su-sombra\\\/#primaryimage\",\"url\":\"https:\\\/\\\/letrame.com\\\/catalogo\\\/wp-content\\\/uploads\\\/2024\\\/04\\\/redportada_elhombreenbusca_1657mm-compressed-1.jpg\",\"contentUrl\":\"https:\\\/\\\/letrame.com\\\/catalogo\\\/wp-content\\\/uploads\\\/2024\\\/04\\\/redportada_elhombreenbusca_1657mm-compressed-1.jpg\",\"width\":601,\"height\":881},{\"@type\":\"BreadcrumbList\",\"@id\":\"https:\\\/\\\/letrame.com\\\/catalogo\\\/producto\\\/el-hombre-en-busca-de-su-sombra\\\/#breadcrumb\",\"itemListElement\":[{\"@type\":\"ListItem\",\"position\":1,\"name\":\"Portada\",\"item\":\"https:\\\/\\\/letrame.com\\\/catalogo\\\/\"},{\"@type\":\"ListItem\",\"position\":2,\"name\":\"Cat\u00e1logo\",\"item\":\"https:\\\/\\\/letrame.com\\\/catalogo\\\/\"},{\"@type\":\"ListItem\",\"position\":3,\"name\":\"El hombre en busca de su sombra\"}]},{\"@type\":\"WebSite\",\"@id\":\"https:\\\/\\\/letrame.com\\\/catalogo\\\/#website\",\"url\":\"https:\\\/\\\/letrame.com\\\/catalogo\\\/\",\"name\":\"Catalogo | Letrame Grupo Editorial\",\"description\":\"\",\"publisher\":{\"@id\":\"https:\\\/\\\/letrame.com\\\/catalogo\\\/#organization\"},\"potentialAction\":[{\"@type\":\"SearchAction\",\"target\":{\"@type\":\"EntryPoint\",\"urlTemplate\":\"https:\\\/\\\/letrame.com\\\/catalogo\\\/?s={search_term_string}\"},\"query-input\":{\"@type\":\"PropertyValueSpecification\",\"valueRequired\":true,\"valueName\":\"search_term_string\"}}],\"inLanguage\":\"es\"},{\"@type\":\"Organization\",\"@id\":\"https:\\\/\\\/letrame.com\\\/catalogo\\\/#organization\",\"name\":\"Catalogo | Letrame Grupo Editorial\",\"url\":\"https:\\\/\\\/letrame.com\\\/catalogo\\\/\",\"logo\":{\"@type\":\"ImageObject\",\"inLanguage\":\"es\",\"@id\":\"https:\\\/\\\/letrame.com\\\/catalogo\\\/#\\\/schema\\\/logo\\\/image\\\/\",\"url\":\"https:\\\/\\\/letrame.com\\\/catalogo\\\/wp-content\\\/uploads\\\/2024\\\/03\\\/logo2.webp\",\"contentUrl\":\"https:\\\/\\\/letrame.com\\\/catalogo\\\/wp-content\\\/uploads\\\/2024\\\/03\\\/logo2.webp\",\"width\":394,\"height\":128,\"caption\":\"Catalogo | Letrame Grupo Editorial\"},\"image\":{\"@id\":\"https:\\\/\\\/letrame.com\\\/catalogo\\\/#\\\/schema\\\/logo\\\/image\\\/\"}}]}<\/script>\n<!-- \/ Yoast SEO plugin. -->","yoast_head_json":{"title":"El hombre en busca de su sombra - Catalogo | Letrame Grupo Editorial","robots":{"index":"index","follow":"follow","max-snippet":"max-snippet:-1","max-image-preview":"max-image-preview:large","max-video-preview":"max-video-preview:-1"},"canonical":"https:\/\/letrame.com\/catalogo\/producto\/el-hombre-en-busca-de-su-sombra\/","og_locale":"es_ES","og_type":"article","og_title":"El hombre en busca de su sombra - Catalogo | Letrame Grupo Editorial","og_description":"ISBN: 978-84-1144-279-4 SINOPSIS Con El Hombre en Busca de su Sombra, del Dr. Luis Labrada Rond\u00f3n estamos ante una nueva forma de divulgar la ciencia y de dar a conocer a muchos de los involucrados en ella. Utilizando un lenguaje sencillo y cautivante, es imposible que el lector no quede atrapado en las diferentes historias que se narran en este libro. El Dr. Labrada ha creado una nueva forma de literatura basada en su capacidad descriptiva y en la profundidad de los temas que trata utilizando recursos literarios procedentes del \u201crealismo m\u00e1gico\u201d o de la contundencia de la literatura m\u00e9dica cl\u00e1sica. De forma sutil, nos introduce a un mundo agradable y a veces injusto para aquellos que se dedican a la investigaci\u00f3n cient\u00edfica. Mientras la ciencia se desarrolla, muy pocos cient\u00edficos se interesan en divulgarla. Es meritorio que personas con alto nivel cient\u00edfico devuelvan a la sociedad lo que, en esencia, redundar\u00e1 en su beneficio. Ya hombres de la talla cient\u00edfica de Stephan Hawking o Michio Kaku demostraron que temas complejos del cosmos, pueden llegar al pueblo a trav\u00e9s de libros de divulgaci\u00f3n cient\u00edfica. El Dr. Luis Labrada se pone a la altura de esos cient\u00edficos por la contundencia con la que da a conocer muchos aspectos de las ciencias m\u00e9dicas modernas y sus interrelaciones con situaciones cotidianas. Hay temas que nos sorprenden por la importancia que tienen para mantener vivos los sistemas personales de prevenci\u00f3n cardiovascular. En nombre de la comunidad cient\u00edfica internacional, en nombre de ese pueblo al que has dedicado m\u00e1s de 30 a\u00f1os de tu vida y en nombre de todos tus amigos: Te doy las gracias por haber dejado con este maravilloso libro, una huella imborrable en nuestros corazones. En horabuena doctor Luis Labrada. &nbsp; Dr. Larry White, desde Houston, Texas, Estados Unidos. &nbsp;","og_url":"https:\/\/letrame.com\/catalogo\/producto\/el-hombre-en-busca-de-su-sombra\/","og_site_name":"Catalogo | Letrame Grupo Editorial","article_modified_time":"2024-04-29T13:10:21+00:00","og_image":[{"width":601,"height":881,"url":"https:\/\/letrame.com\/catalogo\/wp-content\/uploads\/2024\/04\/redportada_elhombreenbusca_1657mm-compressed-1.jpg","type":"image\/jpeg"}],"twitter_card":"summary_large_image","twitter_misc":{"Tiempo de lectura":"2 minutos"},"schema":{"@context":"https:\/\/schema.org","@graph":[{"@type":"WebPage","@id":"https:\/\/letrame.com\/catalogo\/producto\/el-hombre-en-busca-de-su-sombra\/","url":"https:\/\/letrame.com\/catalogo\/producto\/el-hombre-en-busca-de-su-sombra\/","name":"El hombre en busca de su sombra - Catalogo | Letrame Grupo Editorial","isPartOf":{"@id":"https:\/\/letrame.com\/catalogo\/#website"},"primaryImageOfPage":{"@id":"https:\/\/letrame.com\/catalogo\/producto\/el-hombre-en-busca-de-su-sombra\/#primaryimage"},"image":{"@id":"https:\/\/letrame.com\/catalogo\/producto\/el-hombre-en-busca-de-su-sombra\/#primaryimage"},"thumbnailUrl":"https:\/\/letrame.com\/catalogo\/wp-content\/uploads\/2024\/04\/redportada_elhombreenbusca_1657mm-compressed-1.jpg","datePublished":"2024-04-29T13:10:14+00:00","dateModified":"2024-04-29T13:10:21+00:00","breadcrumb":{"@id":"https:\/\/letrame.com\/catalogo\/producto\/el-hombre-en-busca-de-su-sombra\/#breadcrumb"},"inLanguage":"es","potentialAction":[{"@type":"ReadAction","target":["https:\/\/letrame.com\/catalogo\/producto\/el-hombre-en-busca-de-su-sombra\/"]}]},{"@type":"ImageObject","inLanguage":"es","@id":"https:\/\/letrame.com\/catalogo\/producto\/el-hombre-en-busca-de-su-sombra\/#primaryimage","url":"https:\/\/letrame.com\/catalogo\/wp-content\/uploads\/2024\/04\/redportada_elhombreenbusca_1657mm-compressed-1.jpg","contentUrl":"https:\/\/letrame.com\/catalogo\/wp-content\/uploads\/2024\/04\/redportada_elhombreenbusca_1657mm-compressed-1.jpg","width":601,"height":881},{"@type":"BreadcrumbList","@id":"https:\/\/letrame.com\/catalogo\/producto\/el-hombre-en-busca-de-su-sombra\/#breadcrumb","itemListElement":[{"@type":"ListItem","position":1,"name":"Portada","item":"https:\/\/letrame.com\/catalogo\/"},{"@type":"ListItem","position":2,"name":"Cat\u00e1logo","item":"https:\/\/letrame.com\/catalogo\/"},{"@type":"ListItem","position":3,"name":"El hombre en busca de su sombra"}]},{"@type":"WebSite","@id":"https:\/\/letrame.com\/catalogo\/#website","url":"https:\/\/letrame.com\/catalogo\/","name":"Catalogo | Letrame Grupo Editorial","description":"","publisher":{"@id":"https:\/\/letrame.com\/catalogo\/#organization"},"potentialAction":[{"@type":"SearchAction","target":{"@type":"EntryPoint","urlTemplate":"https:\/\/letrame.com\/catalogo\/?s={search_term_string}"},"query-input":{"@type":"PropertyValueSpecification","valueRequired":true,"valueName":"search_term_string"}}],"inLanguage":"es"},{"@type":"Organization","@id":"https:\/\/letrame.com\/catalogo\/#organization","name":"Catalogo | Letrame Grupo Editorial","url":"https:\/\/letrame.com\/catalogo\/","logo":{"@type":"ImageObject","inLanguage":"es","@id":"https:\/\/letrame.com\/catalogo\/#\/schema\/logo\/image\/","url":"https:\/\/letrame.com\/catalogo\/wp-content\/uploads\/2024\/03\/logo2.webp","contentUrl":"https:\/\/letrame.com\/catalogo\/wp-content\/uploads\/2024\/03\/logo2.webp","width":394,"height":128,"caption":"Catalogo | Letrame Grupo Editorial"},"image":{"@id":"https:\/\/letrame.com\/catalogo\/#\/schema\/logo\/image\/"}}]}},"_links":{"self":[{"href":"https:\/\/letrame.com\/catalogo\/wp-json\/wp\/v2\/product\/98544","targetHints":{"allow":["GET"]}}],"collection":[{"href":"https:\/\/letrame.com\/catalogo\/wp-json\/wp\/v2\/product"}],"about":[{"href":"https:\/\/letrame.com\/catalogo\/wp-json\/wp\/v2\/types\/product"}],"replies":[{"embeddable":true,"href":"https:\/\/letrame.com\/catalogo\/wp-json\/wp\/v2\/comments?post=98544"}],"acf:post":[{"embeddable":true,"href":"https:\/\/letrame.com\/catalogo\/wp-json\/wp\/v2\/author_book\/76992"}],"wp:featuredmedia":[{"embeddable":true,"href":"https:\/\/letrame.com\/catalogo\/wp-json\/wp\/v2\/media\/98545"}],"wp:attachment":[{"href":"https:\/\/letrame.com\/catalogo\/wp-json\/wp\/v2\/media?parent=98544"}],"wp:term":[{"taxonomy":"libro","embeddable":true,"href":"https:\/\/letrame.com\/catalogo\/wp-json\/wp\/v2\/libro?post=98544"},{"taxonomy":"product_brand","embeddable":true,"href":"https:\/\/letrame.com\/catalogo\/wp-json\/wp\/v2\/product_brand?post=98544"},{"taxonomy":"product_cat","embeddable":true,"href":"https:\/\/letrame.com\/catalogo\/wp-json\/wp\/v2\/product_cat?post=98544"},{"taxonomy":"product_tag","embeddable":true,"href":"https:\/\/letrame.com\/catalogo\/wp-json\/wp\/v2\/product_tag?post=98544"}],"curies":[{"name":"wp","href":"https:\/\/api.w.org\/{rel}","templated":true}]}}