{"id":98540,"date":"2024-04-29T15:10:14","date_gmt":"2024-04-29T13:10:14","guid":{"rendered":"https:\/\/letrame.com\/catalogo\/producto\/las-gemas-bajo-la-lupa-10x\/"},"modified":"2024-08-09T10:33:33","modified_gmt":"2024-08-09T08:33:33","slug":"las-gemas-bajo-la-lupa-10x","status":"publish","type":"product","link":"https:\/\/letrame.com\/catalogo\/producto\/las-gemas-bajo-la-lupa-10x\/","title":{"rendered":"Las gemas bajo la lupa 10x"},"content":{"rendered":"<p><strong>ISBN<\/strong>: 978-84-1144-619-8<\/p>\n<p><strong>T\u00edtulo<\/strong>: Las gemas bajo la lupa 10x<br \/>\n<strong>Fecha<\/strong>: 2023<br \/>\n<strong>P\u00e1ginas<\/strong>: 322<\/p>\n<p><strong>SINOPSIS<\/strong><\/p>\n<p><span id=\"p3R_mc4\" class=\"markedContent\"><span dir=\"ltr\" role=\"presentation\"><span tabindex=\"0\">Imprescindible libro gu<\/span><\/span><span dir=\"ltr\" role=\"presentation\"><span tabindex=\"0\">\u00ed<\/span><\/span><span dir=\"ltr\" role=\"presentation\"><span tabindex=\"0\">a que nos ayuda a identificar las gemas m<\/span><\/span><span dir=\"ltr\" role=\"presentation\"><span tabindex=\"0\">\u00e1<\/span><\/span><span dir=\"ltr\" role=\"presentation\"><span tabindex=\"0\">s <\/span><\/span><span dir=\"ltr\" role=\"presentation\"><span tabindex=\"0\">utilizadas en joyer\u00eda con la lupa de 10x. El interior de las gemas es en <\/span><\/span><span dir=\"ltr\" role=\"presentation\"><span tabindex=\"0\">muchos casos un registro del origen geol\u00f3gico, de las manipulaciones del <\/span><\/span><span dir=\"ltr\" role=\"presentation\"><span tabindex=\"0\">hombre y del ingenio de<\/span><\/span> <span dir=\"ltr\" role=\"presentation\"><span tabindex=\"0\">e<\/span><\/span><span dir=\"ltr\" role=\"presentation\"><span tabindex=\"0\">ste, para recrearlas en el laboratorio.\u00a0<\/span><\/span><\/span><\/p>\n","protected":false},"excerpt":{"rendered":"<p><strong>ISBN<\/strong>: 978-84-1144-619-8<\/p>\n<p><strong>SINOPSIS<\/strong><\/p>\n<p><span id=\"p3R_mc4\" class=\"markedContent\"><span dir=\"ltr\" role=\"presentation\"><span tabindex=\"0\">Imprescindible libro gu<\/span><\/span><span dir=\"ltr\" role=\"presentation\"><span tabindex=\"0\">\u00ed<\/span><\/span><span dir=\"ltr\" role=\"presentation\"><span tabindex=\"0\">a que nos ayuda a identificar las gemas m<\/span><\/span><span dir=\"ltr\" role=\"presentation\"><span tabindex=\"0\">\u00e1<\/span><\/span><span dir=\"ltr\" role=\"presentation\"><span tabindex=\"0\">s <\/span><\/span><span dir=\"ltr\" role=\"presentation\"><span tabindex=\"0\">utilizadas en joyer\u00eda con la lupa de 10x. El interior de las gemas es en <\/span><\/span><span dir=\"ltr\" role=\"presentation\"><span tabindex=\"0\">muchos casos un registro del origen geol\u00f3gico, de las manipulaciones del <\/span><\/span><span dir=\"ltr\" role=\"presentation\"><span tabindex=\"0\">hombre y del ingenio de<\/span><\/span> <span dir=\"ltr\" role=\"presentation\"><span tabindex=\"0\">e<\/span><\/span><span dir=\"ltr\" role=\"presentation\"><span tabindex=\"0\">ste, para recrearlas en el laboratorio.\u00a0<\/span><\/span><\/span><\/p>\n","protected":false},"featured_media":98541,"comment_status":"closed","ping_status":"closed","template":"","meta":{"_acf_changed":false},"libro":[],"product_brand":[],"product_cat":[26],"product_tag":[],"class_list":{"0":"post-98540","1":"product","2":"type-product","3":"status-publish","4":"has-post-thumbnail","6":"product_cat-sin-categoria","8":"first","9":"instock","10":"product-type-simple"},"acf":{"autor":[76989],"enlace_de_compra":"https:\/\/forniturasdelarosa.com\/es\/libreria-tecnica\/3231-libro-las-gemas-bajo-la-lupa-10x.html"},"yoast_head":"<!-- This site is optimized with the Yoast SEO plugin v26.6 - https:\/\/yoast.com\/wordpress\/plugins\/seo\/ -->\n<title>Las gemas bajo la lupa 10x - Catalogo | Letrame Grupo Editorial<\/title>\n<meta name=\"robots\" content=\"index, follow, max-snippet:-1, max-image-preview:large, max-video-preview:-1\" \/>\n<link rel=\"canonical\" href=\"https:\/\/letrame.com\/catalogo\/producto\/las-gemas-bajo-la-lupa-10x\/\" \/>\n<meta property=\"og:locale\" content=\"es_ES\" \/>\n<meta property=\"og:type\" content=\"article\" \/>\n<meta property=\"og:title\" content=\"Las gemas bajo la lupa 10x - Catalogo | Letrame Grupo Editorial\" \/>\n<meta property=\"og:description\" content=\"ISBN: 978-84-1144-619-8  SINOPSIS  Imprescindible libro gu\u00eda que nos ayuda a identificar las gemas m\u00e1s utilizadas en joyer\u00eda con la lupa de 10x. El interior de las gemas es en muchos casos un registro del origen geol\u00f3gico, de las manipulaciones del hombre y del ingenio de este, para recrearlas en el laboratorio.\u00a0\" \/>\n<meta property=\"og:url\" content=\"https:\/\/letrame.com\/catalogo\/producto\/las-gemas-bajo-la-lupa-10x\/\" \/>\n<meta property=\"og:site_name\" content=\"Catalogo | Letrame Grupo Editorial\" \/>\n<meta property=\"article:modified_time\" content=\"2024-08-09T08:33:33+00:00\" \/>\n<meta property=\"og:image\" content=\"https:\/\/letrame.com\/catalogo\/wp-content\/uploads\/2024\/04\/redulasgemasbajolalupa_1648mm-compressed.jpg\" \/>\n\t<meta property=\"og:image:width\" content=\"609\" \/>\n\t<meta property=\"og:image:height\" content=\"860\" \/>\n\t<meta property=\"og:image:type\" content=\"image\/jpeg\" \/>\n<meta name=\"twitter:card\" content=\"summary_large_image\" \/>\n<meta name=\"twitter:label1\" content=\"Tiempo de lectura\" \/>\n\t<meta name=\"twitter:data1\" content=\"1 minuto\" \/>\n<script type=\"application\/ld+json\" class=\"yoast-schema-graph\">{\"@context\":\"https:\/\/schema.org\",\"@graph\":[{\"@type\":\"WebPage\",\"@id\":\"https:\/\/letrame.com\/catalogo\/producto\/las-gemas-bajo-la-lupa-10x\/\",\"url\":\"https:\/\/letrame.com\/catalogo\/producto\/las-gemas-bajo-la-lupa-10x\/\",\"name\":\"Las gemas bajo la lupa 10x - Catalogo | Letrame Grupo Editorial\",\"isPartOf\":{\"@id\":\"https:\/\/letrame.com\/catalogo\/#website\"},\"primaryImageOfPage\":{\"@id\":\"https:\/\/letrame.com\/catalogo\/producto\/las-gemas-bajo-la-lupa-10x\/#primaryimage\"},\"image\":{\"@id\":\"https:\/\/letrame.com\/catalogo\/producto\/las-gemas-bajo-la-lupa-10x\/#primaryimage\"},\"thumbnailUrl\":\"https:\/\/letrame.com\/catalogo\/wp-content\/uploads\/2024\/04\/redulasgemasbajolalupa_1648mm-compressed.jpg\",\"datePublished\":\"2024-04-29T13:10:14+00:00\",\"dateModified\":\"2024-08-09T08:33:33+00:00\",\"breadcrumb\":{\"@id\":\"https:\/\/letrame.com\/catalogo\/producto\/las-gemas-bajo-la-lupa-10x\/#breadcrumb\"},\"inLanguage\":\"es\",\"potentialAction\":[{\"@type\":\"ReadAction\",\"target\":[\"https:\/\/letrame.com\/catalogo\/producto\/las-gemas-bajo-la-lupa-10x\/\"]}]},{\"@type\":\"ImageObject\",\"inLanguage\":\"es\",\"@id\":\"https:\/\/letrame.com\/catalogo\/producto\/las-gemas-bajo-la-lupa-10x\/#primaryimage\",\"url\":\"https:\/\/letrame.com\/catalogo\/wp-content\/uploads\/2024\/04\/redulasgemasbajolalupa_1648mm-compressed.jpg\",\"contentUrl\":\"https:\/\/letrame.com\/catalogo\/wp-content\/uploads\/2024\/04\/redulasgemasbajolalupa_1648mm-compressed.jpg\",\"width\":609,\"height\":860},{\"@type\":\"BreadcrumbList\",\"@id\":\"https:\/\/letrame.com\/catalogo\/producto\/las-gemas-bajo-la-lupa-10x\/#breadcrumb\",\"itemListElement\":[{\"@type\":\"ListItem\",\"position\":1,\"name\":\"Portada\",\"item\":\"https:\/\/letrame.com\/catalogo\/\"},{\"@type\":\"ListItem\",\"position\":2,\"name\":\"Cat\u00e1logo\",\"item\":\"https:\/\/letrame.com\/catalogo\/\"},{\"@type\":\"ListItem\",\"position\":3,\"name\":\"Las gemas bajo la lupa 10x\"}]},{\"@type\":\"WebSite\",\"@id\":\"https:\/\/letrame.com\/catalogo\/#website\",\"url\":\"https:\/\/letrame.com\/catalogo\/\",\"name\":\"Catalogo | Letrame Grupo Editorial\",\"description\":\"\",\"publisher\":{\"@id\":\"https:\/\/letrame.com\/catalogo\/#organization\"},\"potentialAction\":[{\"@type\":\"SearchAction\",\"target\":{\"@type\":\"EntryPoint\",\"urlTemplate\":\"https:\/\/letrame.com\/catalogo\/?s={search_term_string}\"},\"query-input\":{\"@type\":\"PropertyValueSpecification\",\"valueRequired\":true,\"valueName\":\"search_term_string\"}}],\"inLanguage\":\"es\"},{\"@type\":\"Organization\",\"@id\":\"https:\/\/letrame.com\/catalogo\/#organization\",\"name\":\"Catalogo | Letrame Grupo Editorial\",\"url\":\"https:\/\/letrame.com\/catalogo\/\",\"logo\":{\"@type\":\"ImageObject\",\"inLanguage\":\"es\",\"@id\":\"https:\/\/letrame.com\/catalogo\/#\/schema\/logo\/image\/\",\"url\":\"https:\/\/letrame.com\/catalogo\/wp-content\/uploads\/2024\/03\/logo2.webp\",\"contentUrl\":\"https:\/\/letrame.com\/catalogo\/wp-content\/uploads\/2024\/03\/logo2.webp\",\"width\":394,\"height\":128,\"caption\":\"Catalogo | Letrame Grupo Editorial\"},\"image\":{\"@id\":\"https:\/\/letrame.com\/catalogo\/#\/schema\/logo\/image\/\"}}]}<\/script>\n<!-- \/ Yoast SEO plugin. -->","yoast_head_json":{"title":"Las gemas bajo la lupa 10x - Catalogo | Letrame Grupo Editorial","robots":{"index":"index","follow":"follow","max-snippet":"max-snippet:-1","max-image-preview":"max-image-preview:large","max-video-preview":"max-video-preview:-1"},"canonical":"https:\/\/letrame.com\/catalogo\/producto\/las-gemas-bajo-la-lupa-10x\/","og_locale":"es_ES","og_type":"article","og_title":"Las gemas bajo la lupa 10x - Catalogo | Letrame Grupo Editorial","og_description":"ISBN: 978-84-1144-619-8  SINOPSIS  Imprescindible libro gu\u00eda que nos ayuda a identificar las gemas m\u00e1s utilizadas en joyer\u00eda con la lupa de 10x. El interior de las gemas es en muchos casos un registro del origen geol\u00f3gico, de las manipulaciones del hombre y del ingenio de este, para recrearlas en el laboratorio.\u00a0","og_url":"https:\/\/letrame.com\/catalogo\/producto\/las-gemas-bajo-la-lupa-10x\/","og_site_name":"Catalogo | Letrame Grupo Editorial","article_modified_time":"2024-08-09T08:33:33+00:00","og_image":[{"width":609,"height":860,"url":"https:\/\/letrame.com\/catalogo\/wp-content\/uploads\/2024\/04\/redulasgemasbajolalupa_1648mm-compressed.jpg","type":"image\/jpeg"}],"twitter_card":"summary_large_image","twitter_misc":{"Tiempo de lectura":"1 minuto"},"schema":{"@context":"https:\/\/schema.org","@graph":[{"@type":"WebPage","@id":"https:\/\/letrame.com\/catalogo\/producto\/las-gemas-bajo-la-lupa-10x\/","url":"https:\/\/letrame.com\/catalogo\/producto\/las-gemas-bajo-la-lupa-10x\/","name":"Las gemas bajo la lupa 10x - Catalogo | Letrame Grupo Editorial","isPartOf":{"@id":"https:\/\/letrame.com\/catalogo\/#website"},"primaryImageOfPage":{"@id":"https:\/\/letrame.com\/catalogo\/producto\/las-gemas-bajo-la-lupa-10x\/#primaryimage"},"image":{"@id":"https:\/\/letrame.com\/catalogo\/producto\/las-gemas-bajo-la-lupa-10x\/#primaryimage"},"thumbnailUrl":"https:\/\/letrame.com\/catalogo\/wp-content\/uploads\/2024\/04\/redulasgemasbajolalupa_1648mm-compressed.jpg","datePublished":"2024-04-29T13:10:14+00:00","dateModified":"2024-08-09T08:33:33+00:00","breadcrumb":{"@id":"https:\/\/letrame.com\/catalogo\/producto\/las-gemas-bajo-la-lupa-10x\/#breadcrumb"},"inLanguage":"es","potentialAction":[{"@type":"ReadAction","target":["https:\/\/letrame.com\/catalogo\/producto\/las-gemas-bajo-la-lupa-10x\/"]}]},{"@type":"ImageObject","inLanguage":"es","@id":"https:\/\/letrame.com\/catalogo\/producto\/las-gemas-bajo-la-lupa-10x\/#primaryimage","url":"https:\/\/letrame.com\/catalogo\/wp-content\/uploads\/2024\/04\/redulasgemasbajolalupa_1648mm-compressed.jpg","contentUrl":"https:\/\/letrame.com\/catalogo\/wp-content\/uploads\/2024\/04\/redulasgemasbajolalupa_1648mm-compressed.jpg","width":609,"height":860},{"@type":"BreadcrumbList","@id":"https:\/\/letrame.com\/catalogo\/producto\/las-gemas-bajo-la-lupa-10x\/#breadcrumb","itemListElement":[{"@type":"ListItem","position":1,"name":"Portada","item":"https:\/\/letrame.com\/catalogo\/"},{"@type":"ListItem","position":2,"name":"Cat\u00e1logo","item":"https:\/\/letrame.com\/catalogo\/"},{"@type":"ListItem","position":3,"name":"Las gemas bajo la lupa 10x"}]},{"@type":"WebSite","@id":"https:\/\/letrame.com\/catalogo\/#website","url":"https:\/\/letrame.com\/catalogo\/","name":"Catalogo | Letrame Grupo Editorial","description":"","publisher":{"@id":"https:\/\/letrame.com\/catalogo\/#organization"},"potentialAction":[{"@type":"SearchAction","target":{"@type":"EntryPoint","urlTemplate":"https:\/\/letrame.com\/catalogo\/?s={search_term_string}"},"query-input":{"@type":"PropertyValueSpecification","valueRequired":true,"valueName":"search_term_string"}}],"inLanguage":"es"},{"@type":"Organization","@id":"https:\/\/letrame.com\/catalogo\/#organization","name":"Catalogo | Letrame Grupo Editorial","url":"https:\/\/letrame.com\/catalogo\/","logo":{"@type":"ImageObject","inLanguage":"es","@id":"https:\/\/letrame.com\/catalogo\/#\/schema\/logo\/image\/","url":"https:\/\/letrame.com\/catalogo\/wp-content\/uploads\/2024\/03\/logo2.webp","contentUrl":"https:\/\/letrame.com\/catalogo\/wp-content\/uploads\/2024\/03\/logo2.webp","width":394,"height":128,"caption":"Catalogo | Letrame Grupo Editorial"},"image":{"@id":"https:\/\/letrame.com\/catalogo\/#\/schema\/logo\/image\/"}}]}},"_links":{"self":[{"href":"https:\/\/letrame.com\/catalogo\/wp-json\/wp\/v2\/product\/98540","targetHints":{"allow":["GET"]}}],"collection":[{"href":"https:\/\/letrame.com\/catalogo\/wp-json\/wp\/v2\/product"}],"about":[{"href":"https:\/\/letrame.com\/catalogo\/wp-json\/wp\/v2\/types\/product"}],"replies":[{"embeddable":true,"href":"https:\/\/letrame.com\/catalogo\/wp-json\/wp\/v2\/comments?post=98540"}],"acf:post":[{"embeddable":true,"href":"https:\/\/letrame.com\/catalogo\/wp-json\/wp\/v2\/author_book\/76989"}],"wp:featuredmedia":[{"embeddable":true,"href":"https:\/\/letrame.com\/catalogo\/wp-json\/wp\/v2\/media\/98541"}],"wp:attachment":[{"href":"https:\/\/letrame.com\/catalogo\/wp-json\/wp\/v2\/media?parent=98540"}],"wp:term":[{"taxonomy":"libro","embeddable":true,"href":"https:\/\/letrame.com\/catalogo\/wp-json\/wp\/v2\/libro?post=98540"},{"taxonomy":"product_brand","embeddable":true,"href":"https:\/\/letrame.com\/catalogo\/wp-json\/wp\/v2\/product_brand?post=98540"},{"taxonomy":"product_cat","embeddable":true,"href":"https:\/\/letrame.com\/catalogo\/wp-json\/wp\/v2\/product_cat?post=98540"},{"taxonomy":"product_tag","embeddable":true,"href":"https:\/\/letrame.com\/catalogo\/wp-json\/wp\/v2\/product_tag?post=98540"}],"curies":[{"name":"wp","href":"https:\/\/api.w.org\/{rel}","templated":true}]}}