{"id":98530,"date":"2024-04-29T15:09:49","date_gmt":"2024-04-29T13:09:49","guid":{"rendered":"https:\/\/letrame.com\/catalogo\/producto\/la-cruz-de-ferro\/"},"modified":"2024-04-29T15:09:52","modified_gmt":"2024-04-29T13:09:52","slug":"la-cruz-de-ferro","status":"publish","type":"product","link":"https:\/\/letrame.com\/catalogo\/producto\/la-cruz-de-ferro\/","title":{"rendered":"La Cruz de Ferro"},"content":{"rendered":"<p><strong>ISBN<\/strong>: 978-84-1144-593-1<\/p>\n<p><strong>T\u00edtulo<\/strong>: La Cruz de Ferro<br \/>\n<strong>Fecha<\/strong>: 2022<br \/>\n<strong>P\u00e1ginas<\/strong>: 260<\/p>\n<p><strong>SINOPSIS<\/strong><\/p>\n<p>La Cruz de Ferro es un santuario en El Camino de Santiago. Cada peregrino lleva consigo una piedra que deposita al pie del m\u00e1stil de esa cruz para desprenderse de lo m\u00e1s oscuro de s\u00ed mismo; lo inconfesable, lo que mas duele, lo que pesa de manera insoportable.<\/p>\n<p>En este libro se narran las vidas detr\u00e1s de algunas de esas piedras, depositadas en el curso de los siglos; desde la de un druida celta en el segundo siglo antes de Cristo, hasta la de un cient\u00edfico en la posguerra del siglo XX. Desde el misterio que rodea el juicio a San Patricio y el infierno de Felipe II de Espa\u00f1a, hasta la miseria humana de un visitador en el M\u00e9xico novohispano.<\/p>\n<p>La \u00fanica encrucijada de estas vidas es La Cruz de Ferro, donde las piedras se vuelven polvo, quiz\u00e1s por el tiempo o por la corrupci\u00f3n de lo humano.<\/p>\n<p>El Camino de Santiago nunca volver\u00e1 a ser el mismo luego de conocer las profundidades de la condici\u00f3n humana que ha llevado a miles y miles de peregrinos a emprender esta ruta de expiaci\u00f3n imposible.<\/p>\n","protected":false},"excerpt":{"rendered":"<p><strong>ISBN<\/strong>: 978-84-1144-593-1<\/p>\n<p><strong>SINOPSIS<\/strong><\/p>\n<p>La Cruz de Ferro es un santuario en El Camino de Santiago. Cada peregrino lleva consigo una piedra que deposita al pie del m\u00e1stil de esa cruz para desprenderse de lo m\u00e1s oscuro de s\u00ed mismo; lo inconfesable, lo que mas duele, lo que pesa de manera insoportable.<\/p>\n<p>En este libro se narran las vidas detr\u00e1s de algunas de esas piedras, depositadas en el curso de los siglos; desde la de un druida celta en el segundo siglo antes de Cristo, hasta la de un cient\u00edfico en la posguerra del siglo XX. Desde el misterio que rodea el juicio a San Patricio y el infierno de Felipe II de Espa\u00f1a, hasta la miseria humana de un visitador en el M\u00e9xico novohispano.<\/p>\n<p>La \u00fanica encrucijada de estas vidas es La Cruz de Ferro, donde las piedras se vuelven polvo, quiz\u00e1s por el tiempo o por la corrupci\u00f3n de lo humano.<\/p>\n<p>El Camino de Santiago nunca volver\u00e1 a ser el mismo luego de conocer las profundidades de la condici\u00f3n humana que ha llevado a miles y miles de peregrinos a emprender esta ruta de expiaci\u00f3n imposible.<\/p>\n","protected":false},"featured_media":98531,"comment_status":"closed","ping_status":"open","template":"","meta":{"_acf_changed":false},"libro":[],"product_brand":[],"product_cat":[26],"product_tag":[],"class_list":{"0":"post-98530","1":"product","2":"type-product","3":"status-publish","4":"has-post-thumbnail","6":"product_cat-sin-categoria","8":"first","9":"instock","10":"product-type-simple"},"acf":{"autor":[76981],"enlace_de_compra":""},"yoast_head":"<!-- This site is optimized with the Yoast SEO plugin v26.6 - https:\/\/yoast.com\/wordpress\/plugins\/seo\/ -->\n<title>La Cruz de Ferro - Catalogo | Letrame Grupo Editorial<\/title>\n<meta name=\"robots\" content=\"index, follow, max-snippet:-1, max-image-preview:large, max-video-preview:-1\" \/>\n<link rel=\"canonical\" href=\"https:\/\/letrame.com\/catalogo\/producto\/la-cruz-de-ferro\/\" \/>\n<meta property=\"og:locale\" content=\"es_ES\" \/>\n<meta property=\"og:type\" content=\"article\" \/>\n<meta property=\"og:title\" content=\"La Cruz de Ferro - Catalogo | Letrame Grupo Editorial\" \/>\n<meta property=\"og:description\" content=\"ISBN: 978-84-1144-593-1 SINOPSIS La Cruz de Ferro es un santuario en El Camino de Santiago. Cada peregrino lleva consigo una piedra que deposita al pie del m\u00e1stil de esa cruz para desprenderse de lo m\u00e1s oscuro de s\u00ed mismo; lo inconfesable, lo que mas duele, lo que pesa de manera insoportable. En este libro se narran las vidas detr\u00e1s de algunas de esas piedras, depositadas en el curso de los siglos; desde la de un druida celta en el segundo siglo antes de Cristo, hasta la de un cient\u00edfico en la posguerra del siglo XX. Desde el misterio que rodea el juicio a San Patricio y el infierno de Felipe II de Espa\u00f1a, hasta la miseria humana de un visitador en el M\u00e9xico novohispano. La \u00fanica encrucijada de estas vidas es La Cruz de Ferro, donde las piedras se vuelven polvo, quiz\u00e1s por el tiempo o por la corrupci\u00f3n de lo humano. El Camino de Santiago nunca volver\u00e1 a ser el mismo luego de conocer las profundidades de la condici\u00f3n humana que ha llevado a miles y miles de peregrinos a emprender esta ruta de expiaci\u00f3n imposible.\" \/>\n<meta property=\"og:url\" content=\"https:\/\/letrame.com\/catalogo\/producto\/la-cruz-de-ferro\/\" \/>\n<meta property=\"og:site_name\" content=\"Catalogo | Letrame Grupo Editorial\" \/>\n<meta property=\"article:modified_time\" content=\"2024-04-29T13:09:52+00:00\" \/>\n<meta property=\"og:image\" content=\"https:\/\/letrame.com\/catalogo\/wp-content\/uploads\/2024\/04\/Reduportadalacruzdeferro_1292mm-1-compressed.jpg\" \/>\n\t<meta property=\"og:image:width\" content=\"609\" \/>\n\t<meta property=\"og:image:height\" content=\"893\" \/>\n\t<meta property=\"og:image:type\" content=\"image\/jpeg\" \/>\n<meta name=\"twitter:card\" content=\"summary_large_image\" \/>\n<meta name=\"twitter:label1\" content=\"Tiempo de lectura\" \/>\n\t<meta name=\"twitter:data1\" content=\"1 minuto\" \/>\n<script type=\"application\/ld+json\" class=\"yoast-schema-graph\">{\"@context\":\"https:\/\/schema.org\",\"@graph\":[{\"@type\":\"WebPage\",\"@id\":\"https:\/\/letrame.com\/catalogo\/producto\/la-cruz-de-ferro\/\",\"url\":\"https:\/\/letrame.com\/catalogo\/producto\/la-cruz-de-ferro\/\",\"name\":\"La Cruz de Ferro - Catalogo | Letrame Grupo Editorial\",\"isPartOf\":{\"@id\":\"https:\/\/letrame.com\/catalogo\/#website\"},\"primaryImageOfPage\":{\"@id\":\"https:\/\/letrame.com\/catalogo\/producto\/la-cruz-de-ferro\/#primaryimage\"},\"image\":{\"@id\":\"https:\/\/letrame.com\/catalogo\/producto\/la-cruz-de-ferro\/#primaryimage\"},\"thumbnailUrl\":\"https:\/\/letrame.com\/catalogo\/wp-content\/uploads\/2024\/04\/Reduportadalacruzdeferro_1292mm-1-compressed.jpg\",\"datePublished\":\"2024-04-29T13:09:49+00:00\",\"dateModified\":\"2024-04-29T13:09:52+00:00\",\"breadcrumb\":{\"@id\":\"https:\/\/letrame.com\/catalogo\/producto\/la-cruz-de-ferro\/#breadcrumb\"},\"inLanguage\":\"es\",\"potentialAction\":[{\"@type\":\"ReadAction\",\"target\":[\"https:\/\/letrame.com\/catalogo\/producto\/la-cruz-de-ferro\/\"]}]},{\"@type\":\"ImageObject\",\"inLanguage\":\"es\",\"@id\":\"https:\/\/letrame.com\/catalogo\/producto\/la-cruz-de-ferro\/#primaryimage\",\"url\":\"https:\/\/letrame.com\/catalogo\/wp-content\/uploads\/2024\/04\/Reduportadalacruzdeferro_1292mm-1-compressed.jpg\",\"contentUrl\":\"https:\/\/letrame.com\/catalogo\/wp-content\/uploads\/2024\/04\/Reduportadalacruzdeferro_1292mm-1-compressed.jpg\",\"width\":609,\"height\":893},{\"@type\":\"BreadcrumbList\",\"@id\":\"https:\/\/letrame.com\/catalogo\/producto\/la-cruz-de-ferro\/#breadcrumb\",\"itemListElement\":[{\"@type\":\"ListItem\",\"position\":1,\"name\":\"Portada\",\"item\":\"https:\/\/letrame.com\/catalogo\/\"},{\"@type\":\"ListItem\",\"position\":2,\"name\":\"Cat\u00e1logo\",\"item\":\"https:\/\/letrame.com\/catalogo\/\"},{\"@type\":\"ListItem\",\"position\":3,\"name\":\"La Cruz de Ferro\"}]},{\"@type\":\"WebSite\",\"@id\":\"https:\/\/letrame.com\/catalogo\/#website\",\"url\":\"https:\/\/letrame.com\/catalogo\/\",\"name\":\"Catalogo | Letrame Grupo Editorial\",\"description\":\"\",\"publisher\":{\"@id\":\"https:\/\/letrame.com\/catalogo\/#organization\"},\"potentialAction\":[{\"@type\":\"SearchAction\",\"target\":{\"@type\":\"EntryPoint\",\"urlTemplate\":\"https:\/\/letrame.com\/catalogo\/?s={search_term_string}\"},\"query-input\":{\"@type\":\"PropertyValueSpecification\",\"valueRequired\":true,\"valueName\":\"search_term_string\"}}],\"inLanguage\":\"es\"},{\"@type\":\"Organization\",\"@id\":\"https:\/\/letrame.com\/catalogo\/#organization\",\"name\":\"Catalogo | Letrame Grupo Editorial\",\"url\":\"https:\/\/letrame.com\/catalogo\/\",\"logo\":{\"@type\":\"ImageObject\",\"inLanguage\":\"es\",\"@id\":\"https:\/\/letrame.com\/catalogo\/#\/schema\/logo\/image\/\",\"url\":\"https:\/\/letrame.com\/catalogo\/wp-content\/uploads\/2024\/03\/logo2.webp\",\"contentUrl\":\"https:\/\/letrame.com\/catalogo\/wp-content\/uploads\/2024\/03\/logo2.webp\",\"width\":394,\"height\":128,\"caption\":\"Catalogo | Letrame Grupo Editorial\"},\"image\":{\"@id\":\"https:\/\/letrame.com\/catalogo\/#\/schema\/logo\/image\/\"}}]}<\/script>\n<!-- \/ Yoast SEO plugin. -->","yoast_head_json":{"title":"La Cruz de Ferro - Catalogo | Letrame Grupo Editorial","robots":{"index":"index","follow":"follow","max-snippet":"max-snippet:-1","max-image-preview":"max-image-preview:large","max-video-preview":"max-video-preview:-1"},"canonical":"https:\/\/letrame.com\/catalogo\/producto\/la-cruz-de-ferro\/","og_locale":"es_ES","og_type":"article","og_title":"La Cruz de Ferro - Catalogo | Letrame Grupo Editorial","og_description":"ISBN: 978-84-1144-593-1 SINOPSIS La Cruz de Ferro es un santuario en El Camino de Santiago. Cada peregrino lleva consigo una piedra que deposita al pie del m\u00e1stil de esa cruz para desprenderse de lo m\u00e1s oscuro de s\u00ed mismo; lo inconfesable, lo que mas duele, lo que pesa de manera insoportable. En este libro se narran las vidas detr\u00e1s de algunas de esas piedras, depositadas en el curso de los siglos; desde la de un druida celta en el segundo siglo antes de Cristo, hasta la de un cient\u00edfico en la posguerra del siglo XX. Desde el misterio que rodea el juicio a San Patricio y el infierno de Felipe II de Espa\u00f1a, hasta la miseria humana de un visitador en el M\u00e9xico novohispano. La \u00fanica encrucijada de estas vidas es La Cruz de Ferro, donde las piedras se vuelven polvo, quiz\u00e1s por el tiempo o por la corrupci\u00f3n de lo humano. El Camino de Santiago nunca volver\u00e1 a ser el mismo luego de conocer las profundidades de la condici\u00f3n humana que ha llevado a miles y miles de peregrinos a emprender esta ruta de expiaci\u00f3n imposible.","og_url":"https:\/\/letrame.com\/catalogo\/producto\/la-cruz-de-ferro\/","og_site_name":"Catalogo | Letrame Grupo Editorial","article_modified_time":"2024-04-29T13:09:52+00:00","og_image":[{"width":609,"height":893,"url":"https:\/\/letrame.com\/catalogo\/wp-content\/uploads\/2024\/04\/Reduportadalacruzdeferro_1292mm-1-compressed.jpg","type":"image\/jpeg"}],"twitter_card":"summary_large_image","twitter_misc":{"Tiempo de lectura":"1 minuto"},"schema":{"@context":"https:\/\/schema.org","@graph":[{"@type":"WebPage","@id":"https:\/\/letrame.com\/catalogo\/producto\/la-cruz-de-ferro\/","url":"https:\/\/letrame.com\/catalogo\/producto\/la-cruz-de-ferro\/","name":"La Cruz de Ferro - Catalogo | Letrame Grupo Editorial","isPartOf":{"@id":"https:\/\/letrame.com\/catalogo\/#website"},"primaryImageOfPage":{"@id":"https:\/\/letrame.com\/catalogo\/producto\/la-cruz-de-ferro\/#primaryimage"},"image":{"@id":"https:\/\/letrame.com\/catalogo\/producto\/la-cruz-de-ferro\/#primaryimage"},"thumbnailUrl":"https:\/\/letrame.com\/catalogo\/wp-content\/uploads\/2024\/04\/Reduportadalacruzdeferro_1292mm-1-compressed.jpg","datePublished":"2024-04-29T13:09:49+00:00","dateModified":"2024-04-29T13:09:52+00:00","breadcrumb":{"@id":"https:\/\/letrame.com\/catalogo\/producto\/la-cruz-de-ferro\/#breadcrumb"},"inLanguage":"es","potentialAction":[{"@type":"ReadAction","target":["https:\/\/letrame.com\/catalogo\/producto\/la-cruz-de-ferro\/"]}]},{"@type":"ImageObject","inLanguage":"es","@id":"https:\/\/letrame.com\/catalogo\/producto\/la-cruz-de-ferro\/#primaryimage","url":"https:\/\/letrame.com\/catalogo\/wp-content\/uploads\/2024\/04\/Reduportadalacruzdeferro_1292mm-1-compressed.jpg","contentUrl":"https:\/\/letrame.com\/catalogo\/wp-content\/uploads\/2024\/04\/Reduportadalacruzdeferro_1292mm-1-compressed.jpg","width":609,"height":893},{"@type":"BreadcrumbList","@id":"https:\/\/letrame.com\/catalogo\/producto\/la-cruz-de-ferro\/#breadcrumb","itemListElement":[{"@type":"ListItem","position":1,"name":"Portada","item":"https:\/\/letrame.com\/catalogo\/"},{"@type":"ListItem","position":2,"name":"Cat\u00e1logo","item":"https:\/\/letrame.com\/catalogo\/"},{"@type":"ListItem","position":3,"name":"La Cruz de Ferro"}]},{"@type":"WebSite","@id":"https:\/\/letrame.com\/catalogo\/#website","url":"https:\/\/letrame.com\/catalogo\/","name":"Catalogo | Letrame Grupo Editorial","description":"","publisher":{"@id":"https:\/\/letrame.com\/catalogo\/#organization"},"potentialAction":[{"@type":"SearchAction","target":{"@type":"EntryPoint","urlTemplate":"https:\/\/letrame.com\/catalogo\/?s={search_term_string}"},"query-input":{"@type":"PropertyValueSpecification","valueRequired":true,"valueName":"search_term_string"}}],"inLanguage":"es"},{"@type":"Organization","@id":"https:\/\/letrame.com\/catalogo\/#organization","name":"Catalogo | Letrame Grupo Editorial","url":"https:\/\/letrame.com\/catalogo\/","logo":{"@type":"ImageObject","inLanguage":"es","@id":"https:\/\/letrame.com\/catalogo\/#\/schema\/logo\/image\/","url":"https:\/\/letrame.com\/catalogo\/wp-content\/uploads\/2024\/03\/logo2.webp","contentUrl":"https:\/\/letrame.com\/catalogo\/wp-content\/uploads\/2024\/03\/logo2.webp","width":394,"height":128,"caption":"Catalogo | Letrame Grupo Editorial"},"image":{"@id":"https:\/\/letrame.com\/catalogo\/#\/schema\/logo\/image\/"}}]}},"_links":{"self":[{"href":"https:\/\/letrame.com\/catalogo\/wp-json\/wp\/v2\/product\/98530","targetHints":{"allow":["GET"]}}],"collection":[{"href":"https:\/\/letrame.com\/catalogo\/wp-json\/wp\/v2\/product"}],"about":[{"href":"https:\/\/letrame.com\/catalogo\/wp-json\/wp\/v2\/types\/product"}],"replies":[{"embeddable":true,"href":"https:\/\/letrame.com\/catalogo\/wp-json\/wp\/v2\/comments?post=98530"}],"acf:post":[{"embeddable":true,"href":"https:\/\/letrame.com\/catalogo\/wp-json\/wp\/v2\/author_book\/76981"}],"wp:featuredmedia":[{"embeddable":true,"href":"https:\/\/letrame.com\/catalogo\/wp-json\/wp\/v2\/media\/98531"}],"wp:attachment":[{"href":"https:\/\/letrame.com\/catalogo\/wp-json\/wp\/v2\/media?parent=98530"}],"wp:term":[{"taxonomy":"libro","embeddable":true,"href":"https:\/\/letrame.com\/catalogo\/wp-json\/wp\/v2\/libro?post=98530"},{"taxonomy":"product_brand","embeddable":true,"href":"https:\/\/letrame.com\/catalogo\/wp-json\/wp\/v2\/product_brand?post=98530"},{"taxonomy":"product_cat","embeddable":true,"href":"https:\/\/letrame.com\/catalogo\/wp-json\/wp\/v2\/product_cat?post=98530"},{"taxonomy":"product_tag","embeddable":true,"href":"https:\/\/letrame.com\/catalogo\/wp-json\/wp\/v2\/product_tag?post=98530"}],"curies":[{"name":"wp","href":"https:\/\/api.w.org\/{rel}","templated":true}]}}