{"id":98528,"date":"2024-04-29T15:09:49","date_gmt":"2024-04-29T13:09:49","guid":{"rendered":"https:\/\/letrame.com\/catalogo\/producto\/el-camino-al-cielo-pasa-por-israel\/"},"modified":"2024-04-29T15:09:49","modified_gmt":"2024-04-29T13:09:49","slug":"el-camino-al-cielo-pasa-por-israel","status":"publish","type":"product","link":"https:\/\/letrame.com\/catalogo\/producto\/el-camino-al-cielo-pasa-por-israel\/","title":{"rendered":"El camino al cielo pasa por Israel"},"content":{"rendered":"<p><strong>ISBN<\/strong>: 978-84-1114-991-4<\/p>\n<p><strong>T\u00edtulo<\/strong>: El camino al cielo pasa por Israel<br \/>\n<strong>Fecha<\/strong>: 2023<br \/>\n<strong>P\u00e1ginas<\/strong>: 506<\/p>\n<p><strong>SINOPSIS<\/strong><\/p>\n<p>\u201cEl camino al cielo pasa por Israel\u201d es la primera parte de una trilog\u00eda que relata la vida de siete generaciones de una familia jud\u00eda que, en medio de alegr\u00edas y tristezas , se acerca cada vez m\u00e1s a <em>Eretz Israel, <\/em>para cumplir el sue\u00f1o de regresar a la tierra que Dios les leg\u00f3 hace cuatro mil a\u00f1os.<\/p>\n<p>Los personajes son seres comunes, cuyas vidas transcurren en la Europa del este, especialmente en el antiguo Imperio Ruso, donde la discriminaci\u00f3n hacia los jud\u00edos estaba m\u00e1s acentuada que en otras latitudes. A trav\u00e9s de sus experiencias se van desmitificando muchas de las falacias que durante siglos se han creado en torno a este pueblo.<\/p>\n<p>Esta novela est\u00e1 escrita para la mente de los hombres y el coraz\u00f3n de las mujeres.<\/p>\n","protected":false},"excerpt":{"rendered":"<p><strong>ISBN<\/strong>: 978-84-1114-991-4<\/p>\n<p><strong>SINOPSIS<\/strong><\/p>\n<p>\u201cEl camino al cielo pasa por Israel\u201d es la primera parte de una trilog\u00eda que relata la vida de siete generaciones de una familia jud\u00eda que, en medio de alegr\u00edas y tristezas , se acerca cada vez m\u00e1s a <em>Eretz Israel, <\/em>para cumplir el sue\u00f1o de regresar a la tierra que Dios les leg\u00f3 hace cuatro mil a\u00f1os.<\/p>\n<p>Los personajes son seres comunes, cuyas vidas transcurren en la Europa del este, especialmente en el antiguo Imperio Ruso, donde la discriminaci\u00f3n hacia los jud\u00edos estaba m\u00e1s acentuada que en otras latitudes. A trav\u00e9s de sus experiencias se van desmitificando muchas de las falacias que durante siglos se han creado en torno a este pueblo.<\/p>\n<p>Esta novela est\u00e1 escrita para la mente de los hombres y el coraz\u00f3n de las mujeres.<\/p>\n","protected":false},"featured_media":98529,"comment_status":"closed","ping_status":"open","template":"","meta":{"_acf_changed":false},"libro":[],"product_brand":[],"product_cat":[26],"product_tag":[],"class_list":{"0":"post-98528","1":"product","2":"type-product","3":"status-publish","4":"has-post-thumbnail","6":"product_cat-sin-categoria","8":"first","9":"instock","10":"product-type-simple"},"acf":{"autor":[76979],"enlace_de_compra":""},"yoast_head":"<!-- This site is optimized with the Yoast SEO plugin v26.6 - https:\/\/yoast.com\/wordpress\/plugins\/seo\/ -->\n<title>El camino al cielo pasa por Israel - Catalogo | Letrame Grupo Editorial<\/title>\n<meta name=\"robots\" content=\"index, follow, max-snippet:-1, max-image-preview:large, max-video-preview:-1\" \/>\n<link rel=\"canonical\" href=\"https:\/\/letrame.com\/catalogo\/producto\/el-camino-al-cielo-pasa-por-israel\/\" \/>\n<meta property=\"og:locale\" content=\"es_ES\" \/>\n<meta property=\"og:type\" content=\"article\" \/>\n<meta property=\"og:title\" content=\"El camino al cielo pasa por Israel - Catalogo | Letrame Grupo Editorial\" \/>\n<meta property=\"og:description\" content=\"ISBN: 978-84-1114-991-4 SINOPSIS \u201cEl camino al cielo pasa por Israel\u201d es la primera parte de una trilog\u00eda que relata la vida de siete generaciones de una familia jud\u00eda que, en medio de alegr\u00edas y tristezas , se acerca cada vez m\u00e1s a Eretz Israel, para cumplir el sue\u00f1o de regresar a la tierra que Dios les leg\u00f3 hace cuatro mil a\u00f1os. Los personajes son seres comunes, cuyas vidas transcurren en la Europa del este, especialmente en el antiguo Imperio Ruso, donde la discriminaci\u00f3n hacia los jud\u00edos estaba m\u00e1s acentuada que en otras latitudes. A trav\u00e9s de sus experiencias se van desmitificando muchas de las falacias que durante siglos se han creado en torno a este pueblo. Esta novela est\u00e1 escrita para la mente de los hombres y el coraz\u00f3n de las mujeres.\" \/>\n<meta property=\"og:url\" content=\"https:\/\/letrame.com\/catalogo\/producto\/el-camino-al-cielo-pasa-por-israel\/\" \/>\n<meta property=\"og:site_name\" content=\"Catalogo | Letrame Grupo Editorial\" \/>\n<meta property=\"og:image\" content=\"https:\/\/letrame.com\/catalogo\/wp-content\/uploads\/2024\/04\/redportada_elcaminoalcielo_339mm-compressed.jpg\" \/>\n\t<meta property=\"og:image:width\" content=\"601\" \/>\n\t<meta property=\"og:image:height\" content=\"881\" \/>\n\t<meta property=\"og:image:type\" content=\"image\/jpeg\" \/>\n<meta name=\"twitter:card\" content=\"summary_large_image\" \/>\n<meta name=\"twitter:label1\" content=\"Tiempo de lectura\" \/>\n\t<meta name=\"twitter:data1\" content=\"1 minuto\" \/>\n<script type=\"application\/ld+json\" class=\"yoast-schema-graph\">{\"@context\":\"https:\/\/schema.org\",\"@graph\":[{\"@type\":\"WebPage\",\"@id\":\"https:\/\/letrame.com\/catalogo\/producto\/el-camino-al-cielo-pasa-por-israel\/\",\"url\":\"https:\/\/letrame.com\/catalogo\/producto\/el-camino-al-cielo-pasa-por-israel\/\",\"name\":\"El camino al cielo pasa por Israel - Catalogo | Letrame Grupo Editorial\",\"isPartOf\":{\"@id\":\"https:\/\/letrame.com\/catalogo\/#website\"},\"primaryImageOfPage\":{\"@id\":\"https:\/\/letrame.com\/catalogo\/producto\/el-camino-al-cielo-pasa-por-israel\/#primaryimage\"},\"image\":{\"@id\":\"https:\/\/letrame.com\/catalogo\/producto\/el-camino-al-cielo-pasa-por-israel\/#primaryimage\"},\"thumbnailUrl\":\"https:\/\/letrame.com\/catalogo\/wp-content\/uploads\/2024\/04\/redportada_elcaminoalcielo_339mm-compressed.jpg\",\"datePublished\":\"2024-04-29T13:09:49+00:00\",\"breadcrumb\":{\"@id\":\"https:\/\/letrame.com\/catalogo\/producto\/el-camino-al-cielo-pasa-por-israel\/#breadcrumb\"},\"inLanguage\":\"es\",\"potentialAction\":[{\"@type\":\"ReadAction\",\"target\":[\"https:\/\/letrame.com\/catalogo\/producto\/el-camino-al-cielo-pasa-por-israel\/\"]}]},{\"@type\":\"ImageObject\",\"inLanguage\":\"es\",\"@id\":\"https:\/\/letrame.com\/catalogo\/producto\/el-camino-al-cielo-pasa-por-israel\/#primaryimage\",\"url\":\"https:\/\/letrame.com\/catalogo\/wp-content\/uploads\/2024\/04\/redportada_elcaminoalcielo_339mm-compressed.jpg\",\"contentUrl\":\"https:\/\/letrame.com\/catalogo\/wp-content\/uploads\/2024\/04\/redportada_elcaminoalcielo_339mm-compressed.jpg\",\"width\":601,\"height\":881},{\"@type\":\"BreadcrumbList\",\"@id\":\"https:\/\/letrame.com\/catalogo\/producto\/el-camino-al-cielo-pasa-por-israel\/#breadcrumb\",\"itemListElement\":[{\"@type\":\"ListItem\",\"position\":1,\"name\":\"Portada\",\"item\":\"https:\/\/letrame.com\/catalogo\/\"},{\"@type\":\"ListItem\",\"position\":2,\"name\":\"Cat\u00e1logo\",\"item\":\"https:\/\/letrame.com\/catalogo\/\"},{\"@type\":\"ListItem\",\"position\":3,\"name\":\"El camino al cielo pasa por Israel\"}]},{\"@type\":\"WebSite\",\"@id\":\"https:\/\/letrame.com\/catalogo\/#website\",\"url\":\"https:\/\/letrame.com\/catalogo\/\",\"name\":\"Catalogo | Letrame Grupo Editorial\",\"description\":\"\",\"publisher\":{\"@id\":\"https:\/\/letrame.com\/catalogo\/#organization\"},\"potentialAction\":[{\"@type\":\"SearchAction\",\"target\":{\"@type\":\"EntryPoint\",\"urlTemplate\":\"https:\/\/letrame.com\/catalogo\/?s={search_term_string}\"},\"query-input\":{\"@type\":\"PropertyValueSpecification\",\"valueRequired\":true,\"valueName\":\"search_term_string\"}}],\"inLanguage\":\"es\"},{\"@type\":\"Organization\",\"@id\":\"https:\/\/letrame.com\/catalogo\/#organization\",\"name\":\"Catalogo | Letrame Grupo Editorial\",\"url\":\"https:\/\/letrame.com\/catalogo\/\",\"logo\":{\"@type\":\"ImageObject\",\"inLanguage\":\"es\",\"@id\":\"https:\/\/letrame.com\/catalogo\/#\/schema\/logo\/image\/\",\"url\":\"https:\/\/letrame.com\/catalogo\/wp-content\/uploads\/2024\/03\/logo2.webp\",\"contentUrl\":\"https:\/\/letrame.com\/catalogo\/wp-content\/uploads\/2024\/03\/logo2.webp\",\"width\":394,\"height\":128,\"caption\":\"Catalogo | Letrame Grupo Editorial\"},\"image\":{\"@id\":\"https:\/\/letrame.com\/catalogo\/#\/schema\/logo\/image\/\"}}]}<\/script>\n<!-- \/ Yoast SEO plugin. -->","yoast_head_json":{"title":"El camino al cielo pasa por Israel - Catalogo | Letrame Grupo Editorial","robots":{"index":"index","follow":"follow","max-snippet":"max-snippet:-1","max-image-preview":"max-image-preview:large","max-video-preview":"max-video-preview:-1"},"canonical":"https:\/\/letrame.com\/catalogo\/producto\/el-camino-al-cielo-pasa-por-israel\/","og_locale":"es_ES","og_type":"article","og_title":"El camino al cielo pasa por Israel - Catalogo | Letrame Grupo Editorial","og_description":"ISBN: 978-84-1114-991-4 SINOPSIS \u201cEl camino al cielo pasa por Israel\u201d es la primera parte de una trilog\u00eda que relata la vida de siete generaciones de una familia jud\u00eda que, en medio de alegr\u00edas y tristezas , se acerca cada vez m\u00e1s a Eretz Israel, para cumplir el sue\u00f1o de regresar a la tierra que Dios les leg\u00f3 hace cuatro mil a\u00f1os. Los personajes son seres comunes, cuyas vidas transcurren en la Europa del este, especialmente en el antiguo Imperio Ruso, donde la discriminaci\u00f3n hacia los jud\u00edos estaba m\u00e1s acentuada que en otras latitudes. A trav\u00e9s de sus experiencias se van desmitificando muchas de las falacias que durante siglos se han creado en torno a este pueblo. Esta novela est\u00e1 escrita para la mente de los hombres y el coraz\u00f3n de las mujeres.","og_url":"https:\/\/letrame.com\/catalogo\/producto\/el-camino-al-cielo-pasa-por-israel\/","og_site_name":"Catalogo | Letrame Grupo Editorial","og_image":[{"width":601,"height":881,"url":"https:\/\/letrame.com\/catalogo\/wp-content\/uploads\/2024\/04\/redportada_elcaminoalcielo_339mm-compressed.jpg","type":"image\/jpeg"}],"twitter_card":"summary_large_image","twitter_misc":{"Tiempo de lectura":"1 minuto"},"schema":{"@context":"https:\/\/schema.org","@graph":[{"@type":"WebPage","@id":"https:\/\/letrame.com\/catalogo\/producto\/el-camino-al-cielo-pasa-por-israel\/","url":"https:\/\/letrame.com\/catalogo\/producto\/el-camino-al-cielo-pasa-por-israel\/","name":"El camino al cielo pasa por Israel - Catalogo | Letrame Grupo Editorial","isPartOf":{"@id":"https:\/\/letrame.com\/catalogo\/#website"},"primaryImageOfPage":{"@id":"https:\/\/letrame.com\/catalogo\/producto\/el-camino-al-cielo-pasa-por-israel\/#primaryimage"},"image":{"@id":"https:\/\/letrame.com\/catalogo\/producto\/el-camino-al-cielo-pasa-por-israel\/#primaryimage"},"thumbnailUrl":"https:\/\/letrame.com\/catalogo\/wp-content\/uploads\/2024\/04\/redportada_elcaminoalcielo_339mm-compressed.jpg","datePublished":"2024-04-29T13:09:49+00:00","breadcrumb":{"@id":"https:\/\/letrame.com\/catalogo\/producto\/el-camino-al-cielo-pasa-por-israel\/#breadcrumb"},"inLanguage":"es","potentialAction":[{"@type":"ReadAction","target":["https:\/\/letrame.com\/catalogo\/producto\/el-camino-al-cielo-pasa-por-israel\/"]}]},{"@type":"ImageObject","inLanguage":"es","@id":"https:\/\/letrame.com\/catalogo\/producto\/el-camino-al-cielo-pasa-por-israel\/#primaryimage","url":"https:\/\/letrame.com\/catalogo\/wp-content\/uploads\/2024\/04\/redportada_elcaminoalcielo_339mm-compressed.jpg","contentUrl":"https:\/\/letrame.com\/catalogo\/wp-content\/uploads\/2024\/04\/redportada_elcaminoalcielo_339mm-compressed.jpg","width":601,"height":881},{"@type":"BreadcrumbList","@id":"https:\/\/letrame.com\/catalogo\/producto\/el-camino-al-cielo-pasa-por-israel\/#breadcrumb","itemListElement":[{"@type":"ListItem","position":1,"name":"Portada","item":"https:\/\/letrame.com\/catalogo\/"},{"@type":"ListItem","position":2,"name":"Cat\u00e1logo","item":"https:\/\/letrame.com\/catalogo\/"},{"@type":"ListItem","position":3,"name":"El camino al cielo pasa por Israel"}]},{"@type":"WebSite","@id":"https:\/\/letrame.com\/catalogo\/#website","url":"https:\/\/letrame.com\/catalogo\/","name":"Catalogo | Letrame Grupo Editorial","description":"","publisher":{"@id":"https:\/\/letrame.com\/catalogo\/#organization"},"potentialAction":[{"@type":"SearchAction","target":{"@type":"EntryPoint","urlTemplate":"https:\/\/letrame.com\/catalogo\/?s={search_term_string}"},"query-input":{"@type":"PropertyValueSpecification","valueRequired":true,"valueName":"search_term_string"}}],"inLanguage":"es"},{"@type":"Organization","@id":"https:\/\/letrame.com\/catalogo\/#organization","name":"Catalogo | Letrame Grupo Editorial","url":"https:\/\/letrame.com\/catalogo\/","logo":{"@type":"ImageObject","inLanguage":"es","@id":"https:\/\/letrame.com\/catalogo\/#\/schema\/logo\/image\/","url":"https:\/\/letrame.com\/catalogo\/wp-content\/uploads\/2024\/03\/logo2.webp","contentUrl":"https:\/\/letrame.com\/catalogo\/wp-content\/uploads\/2024\/03\/logo2.webp","width":394,"height":128,"caption":"Catalogo | Letrame Grupo Editorial"},"image":{"@id":"https:\/\/letrame.com\/catalogo\/#\/schema\/logo\/image\/"}}]}},"_links":{"self":[{"href":"https:\/\/letrame.com\/catalogo\/wp-json\/wp\/v2\/product\/98528","targetHints":{"allow":["GET"]}}],"collection":[{"href":"https:\/\/letrame.com\/catalogo\/wp-json\/wp\/v2\/product"}],"about":[{"href":"https:\/\/letrame.com\/catalogo\/wp-json\/wp\/v2\/types\/product"}],"replies":[{"embeddable":true,"href":"https:\/\/letrame.com\/catalogo\/wp-json\/wp\/v2\/comments?post=98528"}],"acf:post":[{"embeddable":true,"href":"https:\/\/letrame.com\/catalogo\/wp-json\/wp\/v2\/author_book\/76979"}],"wp:featuredmedia":[{"embeddable":true,"href":"https:\/\/letrame.com\/catalogo\/wp-json\/wp\/v2\/media\/98529"}],"wp:attachment":[{"href":"https:\/\/letrame.com\/catalogo\/wp-json\/wp\/v2\/media?parent=98528"}],"wp:term":[{"taxonomy":"libro","embeddable":true,"href":"https:\/\/letrame.com\/catalogo\/wp-json\/wp\/v2\/libro?post=98528"},{"taxonomy":"product_brand","embeddable":true,"href":"https:\/\/letrame.com\/catalogo\/wp-json\/wp\/v2\/product_brand?post=98528"},{"taxonomy":"product_cat","embeddable":true,"href":"https:\/\/letrame.com\/catalogo\/wp-json\/wp\/v2\/product_cat?post=98528"},{"taxonomy":"product_tag","embeddable":true,"href":"https:\/\/letrame.com\/catalogo\/wp-json\/wp\/v2\/product_tag?post=98528"}],"curies":[{"name":"wp","href":"https:\/\/api.w.org\/{rel}","templated":true}]}}