{"id":98515,"date":"2024-04-29T15:09:02","date_gmt":"2024-04-29T13:09:02","guid":{"rendered":"https:\/\/letrame.com\/catalogo\/producto\/la-resistencia-de-la-ultima-escama\/"},"modified":"2024-04-29T15:09:09","modified_gmt":"2024-04-29T13:09:09","slug":"la-resistencia-de-la-ultima-escama","status":"publish","type":"product","link":"https:\/\/letrame.com\/catalogo\/producto\/la-resistencia-de-la-ultima-escama\/","title":{"rendered":"La resistencia de la \u00faltima escama"},"content":{"rendered":"<p><strong>ISBN<\/strong>: 978-84-1144-578-8<\/p>\n<p><strong>T\u00edtulo<\/strong>: La resistencia de la \u00faltima escama<br \/>\n<strong>Fecha<\/strong>: 2022<br \/>\n<strong>P\u00e1ginas<\/strong>: 430<\/p>\n<p><strong>SINOPSIS<\/strong><\/p>\n<p>Los animales despertaron como nunca en su vida\u2026 y desean venganza.<\/p>\n<p>Con su ambici\u00f3n y ego\u00edsmo, los humanos se est\u00e1n encargando de destruir la vida en la Tierra. Ha llegado la hora de que alguien les ponga un alto. La Madre Naturaleza ha dotado de inteligencia al resto de las criaturas haciendo inevitable que el mundo se vuelva un caos.<\/p>\n<p>La tortuga Ronchini, una simple mascota con la capacidad de hablar, sentir y pensar, se ha dado cuenta del mundo perverso del que es parte. Ella y sus hermanas tortugas son invitadas a vivir en un mundo nuevo, a probar la libertad. Todo cambia en el momento en que llegan a su nuevo hogar, son buscadas por animales gigantescos y despiadados que desean capturarlas, pues una misteriosa profec\u00eda las ha vuelto el blanco de todos en Reptilion. Iguanas, beelzebufos, ranas, sapos, serpientes esperaban su llegada, infinidad de seres hostiles acechan detr\u00e1s de cada \u00e1rbol. Aun as\u00ed, tienen aliados valiosos que necesitan su ayuda, pero primero deben encontrarlos. Sin darse cuenta, desarrollan nuevas habilidades impensables para una tortuga, que les ayudar\u00e1n a sobrevivir y encontrar el camino a casa.<\/p>\n<p>En su traves\u00eda, son capturadas por aquellos capaces de hacer frente a la Gran Malignidad y, como pago por su hospitalidad, tienen que cumplir con una importante misi\u00f3n: recuperar el Estanque Luminoso, una valiosa reliquia que puede cambiar el destino de todos.<\/p>\n<p>Nada es igual, no se trata de un sue\u00f1o, los animales acechan, son inteligentes. La humanidad est\u00e1 en peligro y quiz\u00e1 su \u00fanica salvaci\u00f3n no se encuentra en este mundo.<\/p>\n<p>As\u00ed comienza la construcci\u00f3n de un mundo nuevo, as\u00ed comienza la trilog\u00eda.<\/p>\n<p>&nbsp;<\/p>\n","protected":false},"excerpt":{"rendered":"<p><strong>ISBN<\/strong>: 978-84-1144-578-8<\/p>\n<p><strong>SINOPSIS<\/strong><\/p>\n<p>Los animales despertaron como nunca en su vida\u2026 y desean venganza.<\/p>\n<p>Con su ambici\u00f3n y ego\u00edsmo, los humanos se est\u00e1n encargando de destruir la vida en la Tierra. Ha llegado la hora de que alguien les ponga un alto. La Madre Naturaleza ha dotado de inteligencia al resto de las criaturas haciendo inevitable que el mundo se vuelva un caos.<\/p>\n<p>La tortuga Ronchini, una simple mascota con la capacidad de hablar, sentir y pensar, se ha dado cuenta del mundo perverso del que es parte. Ella y sus hermanas tortugas son invitadas a vivir en un mundo nuevo, a probar la libertad. Todo cambia en el momento en que llegan a su nuevo hogar, son buscadas por animales gigantescos y despiadados que desean capturarlas, pues una misteriosa profec\u00eda las ha vuelto el blanco de todos en Reptilion. Iguanas, beelzebufos, ranas, sapos, serpientes esperaban su llegada, infinidad de seres hostiles acechan detr\u00e1s de cada \u00e1rbol. Aun as\u00ed, tienen aliados valiosos que necesitan su ayuda, pero primero deben encontrarlos. Sin darse cuenta, desarrollan nuevas habilidades impensables para una tortuga, que les ayudar\u00e1n a sobrevivir y encontrar el camino a casa.<\/p>\n<p>En su traves\u00eda, son capturadas por aquellos capaces de hacer frente a la Gran Malignidad y, como pago por su hospitalidad, tienen que cumplir con una importante misi\u00f3n: recuperar el Estanque Luminoso, una valiosa reliquia que puede cambiar el destino de todos.<\/p>\n<p>Nada es igual, no se trata de un sue\u00f1o, los animales acechan, son inteligentes. La humanidad est\u00e1 en peligro y quiz\u00e1 su \u00fanica salvaci\u00f3n no se encuentra en este mundo.<\/p>\n<p>As\u00ed comienza la construcci\u00f3n de un mundo nuevo, as\u00ed comienza la trilog\u00eda.<\/p>\n<p>&nbsp;<\/p>\n","protected":false},"featured_media":98516,"comment_status":"closed","ping_status":"open","template":"","meta":{"_acf_changed":false},"libro":[],"product_brand":[],"product_cat":[26],"product_tag":[],"class_list":{"0":"post-98515","1":"product","2":"type-product","3":"status-publish","4":"has-post-thumbnail","6":"product_cat-sin-categoria","8":"first","9":"instock","10":"product-type-simple"},"acf":{"autor":[76968],"enlace_de_compra":""},"yoast_head":"<!-- This site is optimized with the Yoast SEO plugin v27.4 - https:\/\/yoast.com\/product\/yoast-seo-wordpress\/ -->\n<title>La resistencia de la \u00faltima escama - Catalogo | Letrame Grupo Editorial<\/title>\n<meta name=\"robots\" content=\"index, follow, max-snippet:-1, max-image-preview:large, max-video-preview:-1\" \/>\n<link rel=\"canonical\" href=\"https:\/\/letrame.com\/catalogo\/producto\/la-resistencia-de-la-ultima-escama\/\" \/>\n<meta property=\"og:locale\" content=\"es_ES\" \/>\n<meta property=\"og:type\" content=\"article\" \/>\n<meta property=\"og:title\" content=\"La resistencia de la \u00faltima escama - Catalogo | Letrame Grupo Editorial\" \/>\n<meta property=\"og:description\" content=\"ISBN: 978-84-1144-578-8 SINOPSIS Los animales despertaron como nunca en su vida\u2026 y desean venganza. Con su ambici\u00f3n y ego\u00edsmo, los humanos se est\u00e1n encargando de destruir la vida en la Tierra. Ha llegado la hora de que alguien les ponga un alto. La Madre Naturaleza ha dotado de inteligencia al resto de las criaturas haciendo inevitable que el mundo se vuelva un caos. La tortuga Ronchini, una simple mascota con la capacidad de hablar, sentir y pensar, se ha dado cuenta del mundo perverso del que es parte. Ella y sus hermanas tortugas son invitadas a vivir en un mundo nuevo, a probar la libertad. Todo cambia en el momento en que llegan a su nuevo hogar, son buscadas por animales gigantescos y despiadados que desean capturarlas, pues una misteriosa profec\u00eda las ha vuelto el blanco de todos en Reptilion. Iguanas, beelzebufos, ranas, sapos, serpientes esperaban su llegada, infinidad de seres hostiles acechan detr\u00e1s de cada \u00e1rbol. Aun as\u00ed, tienen aliados valiosos que necesitan su ayuda, pero primero deben encontrarlos. Sin darse cuenta, desarrollan nuevas habilidades impensables para una tortuga, que les ayudar\u00e1n a sobrevivir y encontrar el camino a casa. En su traves\u00eda, son capturadas por aquellos capaces de hacer frente a la Gran Malignidad y, como pago por su hospitalidad, tienen que cumplir con una importante misi\u00f3n: recuperar el Estanque Luminoso, una valiosa reliquia que puede cambiar el destino de todos. Nada es igual, no se trata de un sue\u00f1o, los animales acechan, son inteligentes. La humanidad est\u00e1 en peligro y quiz\u00e1 su \u00fanica salvaci\u00f3n no se encuentra en este mundo. As\u00ed comienza la construcci\u00f3n de un mundo nuevo, as\u00ed comienza la trilog\u00eda. &nbsp;\" \/>\n<meta property=\"og:url\" content=\"https:\/\/letrame.com\/catalogo\/producto\/la-resistencia-de-la-ultima-escama\/\" \/>\n<meta property=\"og:site_name\" content=\"Catalogo | Letrame Grupo Editorial\" \/>\n<meta property=\"article:modified_time\" content=\"2024-04-29T13:09:09+00:00\" \/>\n<meta property=\"og:image\" content=\"https:\/\/letrame.com\/catalogo\/wp-content\/uploads\/2024\/04\/redportada_laresistencia_21mm-compressed.jpg\" \/>\n\t<meta property=\"og:image:width\" content=\"601\" \/>\n\t<meta property=\"og:image:height\" content=\"881\" \/>\n\t<meta property=\"og:image:type\" content=\"image\/jpeg\" \/>\n<meta name=\"twitter:card\" content=\"summary_large_image\" \/>\n<meta name=\"twitter:label1\" content=\"Tiempo de lectura\" \/>\n\t<meta name=\"twitter:data1\" content=\"2 minutos\" \/>\n<script type=\"application\/ld+json\" class=\"yoast-schema-graph\">{\"@context\":\"https:\\\/\\\/schema.org\",\"@graph\":[{\"@type\":\"WebPage\",\"@id\":\"https:\\\/\\\/letrame.com\\\/catalogo\\\/producto\\\/la-resistencia-de-la-ultima-escama\\\/\",\"url\":\"https:\\\/\\\/letrame.com\\\/catalogo\\\/producto\\\/la-resistencia-de-la-ultima-escama\\\/\",\"name\":\"La resistencia de la \u00faltima escama - Catalogo | Letrame Grupo Editorial\",\"isPartOf\":{\"@id\":\"https:\\\/\\\/letrame.com\\\/catalogo\\\/#website\"},\"primaryImageOfPage\":{\"@id\":\"https:\\\/\\\/letrame.com\\\/catalogo\\\/producto\\\/la-resistencia-de-la-ultima-escama\\\/#primaryimage\"},\"image\":{\"@id\":\"https:\\\/\\\/letrame.com\\\/catalogo\\\/producto\\\/la-resistencia-de-la-ultima-escama\\\/#primaryimage\"},\"thumbnailUrl\":\"https:\\\/\\\/letrame.com\\\/catalogo\\\/wp-content\\\/uploads\\\/2024\\\/04\\\/redportada_laresistencia_21mm-compressed.jpg\",\"datePublished\":\"2024-04-29T13:09:02+00:00\",\"dateModified\":\"2024-04-29T13:09:09+00:00\",\"breadcrumb\":{\"@id\":\"https:\\\/\\\/letrame.com\\\/catalogo\\\/producto\\\/la-resistencia-de-la-ultima-escama\\\/#breadcrumb\"},\"inLanguage\":\"es\",\"potentialAction\":[{\"@type\":\"ReadAction\",\"target\":[\"https:\\\/\\\/letrame.com\\\/catalogo\\\/producto\\\/la-resistencia-de-la-ultima-escama\\\/\"]}]},{\"@type\":\"ImageObject\",\"inLanguage\":\"es\",\"@id\":\"https:\\\/\\\/letrame.com\\\/catalogo\\\/producto\\\/la-resistencia-de-la-ultima-escama\\\/#primaryimage\",\"url\":\"https:\\\/\\\/letrame.com\\\/catalogo\\\/wp-content\\\/uploads\\\/2024\\\/04\\\/redportada_laresistencia_21mm-compressed.jpg\",\"contentUrl\":\"https:\\\/\\\/letrame.com\\\/catalogo\\\/wp-content\\\/uploads\\\/2024\\\/04\\\/redportada_laresistencia_21mm-compressed.jpg\",\"width\":601,\"height\":881},{\"@type\":\"BreadcrumbList\",\"@id\":\"https:\\\/\\\/letrame.com\\\/catalogo\\\/producto\\\/la-resistencia-de-la-ultima-escama\\\/#breadcrumb\",\"itemListElement\":[{\"@type\":\"ListItem\",\"position\":1,\"name\":\"Portada\",\"item\":\"https:\\\/\\\/letrame.com\\\/catalogo\\\/\"},{\"@type\":\"ListItem\",\"position\":2,\"name\":\"Cat\u00e1logo\",\"item\":\"https:\\\/\\\/letrame.com\\\/catalogo\\\/\"},{\"@type\":\"ListItem\",\"position\":3,\"name\":\"La resistencia de la \u00faltima escama\"}]},{\"@type\":\"WebSite\",\"@id\":\"https:\\\/\\\/letrame.com\\\/catalogo\\\/#website\",\"url\":\"https:\\\/\\\/letrame.com\\\/catalogo\\\/\",\"name\":\"Catalogo | Letrame Grupo Editorial\",\"description\":\"\",\"publisher\":{\"@id\":\"https:\\\/\\\/letrame.com\\\/catalogo\\\/#organization\"},\"potentialAction\":[{\"@type\":\"SearchAction\",\"target\":{\"@type\":\"EntryPoint\",\"urlTemplate\":\"https:\\\/\\\/letrame.com\\\/catalogo\\\/?s={search_term_string}\"},\"query-input\":{\"@type\":\"PropertyValueSpecification\",\"valueRequired\":true,\"valueName\":\"search_term_string\"}}],\"inLanguage\":\"es\"},{\"@type\":\"Organization\",\"@id\":\"https:\\\/\\\/letrame.com\\\/catalogo\\\/#organization\",\"name\":\"Catalogo | Letrame Grupo Editorial\",\"url\":\"https:\\\/\\\/letrame.com\\\/catalogo\\\/\",\"logo\":{\"@type\":\"ImageObject\",\"inLanguage\":\"es\",\"@id\":\"https:\\\/\\\/letrame.com\\\/catalogo\\\/#\\\/schema\\\/logo\\\/image\\\/\",\"url\":\"https:\\\/\\\/letrame.com\\\/catalogo\\\/wp-content\\\/uploads\\\/2024\\\/03\\\/logo2.webp\",\"contentUrl\":\"https:\\\/\\\/letrame.com\\\/catalogo\\\/wp-content\\\/uploads\\\/2024\\\/03\\\/logo2.webp\",\"width\":394,\"height\":128,\"caption\":\"Catalogo | Letrame Grupo Editorial\"},\"image\":{\"@id\":\"https:\\\/\\\/letrame.com\\\/catalogo\\\/#\\\/schema\\\/logo\\\/image\\\/\"}}]}<\/script>\n<!-- \/ Yoast SEO plugin. -->","yoast_head_json":{"title":"La resistencia de la \u00faltima escama - Catalogo | Letrame Grupo Editorial","robots":{"index":"index","follow":"follow","max-snippet":"max-snippet:-1","max-image-preview":"max-image-preview:large","max-video-preview":"max-video-preview:-1"},"canonical":"https:\/\/letrame.com\/catalogo\/producto\/la-resistencia-de-la-ultima-escama\/","og_locale":"es_ES","og_type":"article","og_title":"La resistencia de la \u00faltima escama - Catalogo | Letrame Grupo Editorial","og_description":"ISBN: 978-84-1144-578-8 SINOPSIS Los animales despertaron como nunca en su vida\u2026 y desean venganza. Con su ambici\u00f3n y ego\u00edsmo, los humanos se est\u00e1n encargando de destruir la vida en la Tierra. Ha llegado la hora de que alguien les ponga un alto. La Madre Naturaleza ha dotado de inteligencia al resto de las criaturas haciendo inevitable que el mundo se vuelva un caos. La tortuga Ronchini, una simple mascota con la capacidad de hablar, sentir y pensar, se ha dado cuenta del mundo perverso del que es parte. Ella y sus hermanas tortugas son invitadas a vivir en un mundo nuevo, a probar la libertad. Todo cambia en el momento en que llegan a su nuevo hogar, son buscadas por animales gigantescos y despiadados que desean capturarlas, pues una misteriosa profec\u00eda las ha vuelto el blanco de todos en Reptilion. Iguanas, beelzebufos, ranas, sapos, serpientes esperaban su llegada, infinidad de seres hostiles acechan detr\u00e1s de cada \u00e1rbol. Aun as\u00ed, tienen aliados valiosos que necesitan su ayuda, pero primero deben encontrarlos. Sin darse cuenta, desarrollan nuevas habilidades impensables para una tortuga, que les ayudar\u00e1n a sobrevivir y encontrar el camino a casa. En su traves\u00eda, son capturadas por aquellos capaces de hacer frente a la Gran Malignidad y, como pago por su hospitalidad, tienen que cumplir con una importante misi\u00f3n: recuperar el Estanque Luminoso, una valiosa reliquia que puede cambiar el destino de todos. Nada es igual, no se trata de un sue\u00f1o, los animales acechan, son inteligentes. La humanidad est\u00e1 en peligro y quiz\u00e1 su \u00fanica salvaci\u00f3n no se encuentra en este mundo. As\u00ed comienza la construcci\u00f3n de un mundo nuevo, as\u00ed comienza la trilog\u00eda. &nbsp;","og_url":"https:\/\/letrame.com\/catalogo\/producto\/la-resistencia-de-la-ultima-escama\/","og_site_name":"Catalogo | Letrame Grupo Editorial","article_modified_time":"2024-04-29T13:09:09+00:00","og_image":[{"width":601,"height":881,"url":"https:\/\/letrame.com\/catalogo\/wp-content\/uploads\/2024\/04\/redportada_laresistencia_21mm-compressed.jpg","type":"image\/jpeg"}],"twitter_card":"summary_large_image","twitter_misc":{"Tiempo de lectura":"2 minutos"},"schema":{"@context":"https:\/\/schema.org","@graph":[{"@type":"WebPage","@id":"https:\/\/letrame.com\/catalogo\/producto\/la-resistencia-de-la-ultima-escama\/","url":"https:\/\/letrame.com\/catalogo\/producto\/la-resistencia-de-la-ultima-escama\/","name":"La resistencia de la \u00faltima escama - Catalogo | Letrame Grupo Editorial","isPartOf":{"@id":"https:\/\/letrame.com\/catalogo\/#website"},"primaryImageOfPage":{"@id":"https:\/\/letrame.com\/catalogo\/producto\/la-resistencia-de-la-ultima-escama\/#primaryimage"},"image":{"@id":"https:\/\/letrame.com\/catalogo\/producto\/la-resistencia-de-la-ultima-escama\/#primaryimage"},"thumbnailUrl":"https:\/\/letrame.com\/catalogo\/wp-content\/uploads\/2024\/04\/redportada_laresistencia_21mm-compressed.jpg","datePublished":"2024-04-29T13:09:02+00:00","dateModified":"2024-04-29T13:09:09+00:00","breadcrumb":{"@id":"https:\/\/letrame.com\/catalogo\/producto\/la-resistencia-de-la-ultima-escama\/#breadcrumb"},"inLanguage":"es","potentialAction":[{"@type":"ReadAction","target":["https:\/\/letrame.com\/catalogo\/producto\/la-resistencia-de-la-ultima-escama\/"]}]},{"@type":"ImageObject","inLanguage":"es","@id":"https:\/\/letrame.com\/catalogo\/producto\/la-resistencia-de-la-ultima-escama\/#primaryimage","url":"https:\/\/letrame.com\/catalogo\/wp-content\/uploads\/2024\/04\/redportada_laresistencia_21mm-compressed.jpg","contentUrl":"https:\/\/letrame.com\/catalogo\/wp-content\/uploads\/2024\/04\/redportada_laresistencia_21mm-compressed.jpg","width":601,"height":881},{"@type":"BreadcrumbList","@id":"https:\/\/letrame.com\/catalogo\/producto\/la-resistencia-de-la-ultima-escama\/#breadcrumb","itemListElement":[{"@type":"ListItem","position":1,"name":"Portada","item":"https:\/\/letrame.com\/catalogo\/"},{"@type":"ListItem","position":2,"name":"Cat\u00e1logo","item":"https:\/\/letrame.com\/catalogo\/"},{"@type":"ListItem","position":3,"name":"La resistencia de la \u00faltima escama"}]},{"@type":"WebSite","@id":"https:\/\/letrame.com\/catalogo\/#website","url":"https:\/\/letrame.com\/catalogo\/","name":"Catalogo | Letrame Grupo Editorial","description":"","publisher":{"@id":"https:\/\/letrame.com\/catalogo\/#organization"},"potentialAction":[{"@type":"SearchAction","target":{"@type":"EntryPoint","urlTemplate":"https:\/\/letrame.com\/catalogo\/?s={search_term_string}"},"query-input":{"@type":"PropertyValueSpecification","valueRequired":true,"valueName":"search_term_string"}}],"inLanguage":"es"},{"@type":"Organization","@id":"https:\/\/letrame.com\/catalogo\/#organization","name":"Catalogo | Letrame Grupo Editorial","url":"https:\/\/letrame.com\/catalogo\/","logo":{"@type":"ImageObject","inLanguage":"es","@id":"https:\/\/letrame.com\/catalogo\/#\/schema\/logo\/image\/","url":"https:\/\/letrame.com\/catalogo\/wp-content\/uploads\/2024\/03\/logo2.webp","contentUrl":"https:\/\/letrame.com\/catalogo\/wp-content\/uploads\/2024\/03\/logo2.webp","width":394,"height":128,"caption":"Catalogo | Letrame Grupo Editorial"},"image":{"@id":"https:\/\/letrame.com\/catalogo\/#\/schema\/logo\/image\/"}}]}},"_links":{"self":[{"href":"https:\/\/letrame.com\/catalogo\/wp-json\/wp\/v2\/product\/98515","targetHints":{"allow":["GET"]}}],"collection":[{"href":"https:\/\/letrame.com\/catalogo\/wp-json\/wp\/v2\/product"}],"about":[{"href":"https:\/\/letrame.com\/catalogo\/wp-json\/wp\/v2\/types\/product"}],"replies":[{"embeddable":true,"href":"https:\/\/letrame.com\/catalogo\/wp-json\/wp\/v2\/comments?post=98515"}],"acf:post":[{"embeddable":true,"href":"https:\/\/letrame.com\/catalogo\/wp-json\/wp\/v2\/author_book\/76968"}],"wp:featuredmedia":[{"embeddable":true,"href":"https:\/\/letrame.com\/catalogo\/wp-json\/wp\/v2\/media\/98516"}],"wp:attachment":[{"href":"https:\/\/letrame.com\/catalogo\/wp-json\/wp\/v2\/media?parent=98515"}],"wp:term":[{"taxonomy":"libro","embeddable":true,"href":"https:\/\/letrame.com\/catalogo\/wp-json\/wp\/v2\/libro?post=98515"},{"taxonomy":"product_brand","embeddable":true,"href":"https:\/\/letrame.com\/catalogo\/wp-json\/wp\/v2\/product_brand?post=98515"},{"taxonomy":"product_cat","embeddable":true,"href":"https:\/\/letrame.com\/catalogo\/wp-json\/wp\/v2\/product_cat?post=98515"},{"taxonomy":"product_tag","embeddable":true,"href":"https:\/\/letrame.com\/catalogo\/wp-json\/wp\/v2\/product_tag?post=98515"}],"curies":[{"name":"wp","href":"https:\/\/api.w.org\/{rel}","templated":true}]}}