{"id":98509,"date":"2024-04-29T15:08:52","date_gmt":"2024-04-29T13:08:52","guid":{"rendered":"https:\/\/letrame.com\/catalogo\/producto\/el-sendero-oscuro\/"},"modified":"2024-04-29T15:08:58","modified_gmt":"2024-04-29T13:08:58","slug":"el-sendero-oscuro","status":"publish","type":"product","link":"https:\/\/letrame.com\/catalogo\/producto\/el-sendero-oscuro\/","title":{"rendered":"El sendero oscuro"},"content":{"rendered":"<p><strong>ISBN<\/strong>: 978-84-1144-504-7<\/p>\n<p><strong>T\u00edtulo<\/strong>: El sendero oscuro<br \/>\n<strong>Fecha<\/strong>: 2022<br \/>\n<strong>P\u00e1ginas<\/strong>: 324<\/p>\n<p><strong>SINOPSIS<\/strong><\/p>\n<p>La Inquisici\u00f3n espa\u00f1ola, con el prop\u00f3sito de proteger la ortodoxia cat\u00f3lica, no duda en perseguir y detener a cualquier individuo que haya sido acusado, sea cierto o no, de pr\u00e1cticas her\u00e9ticas.<\/p>\n<p>En su fanatismo, utiliza cualquier medio para conseguir confesiones que justifiquen la admonici\u00f3n m\u00e1s cruel, el escarnio p\u00fablico o, en el peor de los casos, la inmolaci\u00f3n en las hogueras. Es la pr\u00e1ctica com\u00fan de una Iglesia todopoderosa que atemoriza a una sociedad inculta, empobrecida y encadenada a sus propios prejuicios.<\/p>\n<p>Don Alonso de Salazar, sacerdote e inquisidor, da un paso al frente para oponerse con firmeza al sacrificio de cualquier individuo acusado de brujer\u00eda. No cree en las brujas, no cree en la brutalidad ejercida por los tribunales y no cree en la tortura como medio para la salvaci\u00f3n de las almas.<\/p>\n<p>La aparici\u00f3n de varios cad\u00e1veres carbonizados de muchachas, acusadas de hechicer\u00eda, le incitan a liderar una investigaci\u00f3n en la certidumbre de que nada es lo que parece.<\/p>\n","protected":false},"excerpt":{"rendered":"<p><strong>ISBN<\/strong>: 978-84-1144-504-7<\/p>\n<p><strong>SINOPSIS<\/strong><\/p>\n<p>La Inquisici\u00f3n espa\u00f1ola, con el prop\u00f3sito de proteger la ortodoxia cat\u00f3lica, no duda en perseguir y detener a cualquier individuo que haya sido acusado, sea cierto o no, de pr\u00e1cticas her\u00e9ticas.<\/p>\n<p>En su fanatismo, utiliza cualquier medio para conseguir confesiones que justifiquen la admonici\u00f3n m\u00e1s cruel, el escarnio p\u00fablico o, en el peor de los casos, la inmolaci\u00f3n en las hogueras. Es la pr\u00e1ctica com\u00fan de una Iglesia todopoderosa que atemoriza a una sociedad inculta, empobrecida y encadenada a sus propios prejuicios.<\/p>\n<p>Don Alonso de Salazar, sacerdote e inquisidor, da un paso al frente para oponerse con firmeza al sacrificio de cualquier individuo acusado de brujer\u00eda. No cree en las brujas, no cree en la brutalidad ejercida por los tribunales y no cree en la tortura como medio para la salvaci\u00f3n de las almas.<\/p>\n<p>La aparici\u00f3n de varios cad\u00e1veres carbonizados de muchachas, acusadas de hechicer\u00eda, le incitan a liderar una investigaci\u00f3n en la certidumbre de que nada es lo que parece.<\/p>\n","protected":false},"featured_media":98510,"comment_status":"closed","ping_status":"open","template":"","meta":{"_acf_changed":false},"libro":[],"product_brand":[],"product_cat":[26],"product_tag":[],"class_list":{"0":"post-98509","1":"product","2":"type-product","3":"status-publish","4":"has-post-thumbnail","6":"product_cat-sin-categoria","8":"first","9":"instock","10":"product-type-simple"},"acf":{"autor":[76963],"enlace_de_compra":""},"yoast_head":"<!-- This site is optimized with the Yoast SEO plugin v27.4 - https:\/\/yoast.com\/product\/yoast-seo-wordpress\/ -->\n<title>El sendero oscuro - Catalogo | Letrame Grupo Editorial<\/title>\n<meta name=\"robots\" content=\"index, follow, max-snippet:-1, max-image-preview:large, max-video-preview:-1\" \/>\n<link rel=\"canonical\" href=\"https:\/\/letrame.com\/catalogo\/producto\/el-sendero-oscuro\/\" \/>\n<meta property=\"og:locale\" content=\"es_ES\" \/>\n<meta property=\"og:type\" content=\"article\" \/>\n<meta property=\"og:title\" content=\"El sendero oscuro - Catalogo | Letrame Grupo Editorial\" \/>\n<meta property=\"og:description\" content=\"ISBN: 978-84-1144-504-7 SINOPSIS La Inquisici\u00f3n espa\u00f1ola, con el prop\u00f3sito de proteger la ortodoxia cat\u00f3lica, no duda en perseguir y detener a cualquier individuo que haya sido acusado, sea cierto o no, de pr\u00e1cticas her\u00e9ticas. En su fanatismo, utiliza cualquier medio para conseguir confesiones que justifiquen la admonici\u00f3n m\u00e1s cruel, el escarnio p\u00fablico o, en el peor de los casos, la inmolaci\u00f3n en las hogueras. Es la pr\u00e1ctica com\u00fan de una Iglesia todopoderosa que atemoriza a una sociedad inculta, empobrecida y encadenada a sus propios prejuicios. Don Alonso de Salazar, sacerdote e inquisidor, da un paso al frente para oponerse con firmeza al sacrificio de cualquier individuo acusado de brujer\u00eda. No cree en las brujas, no cree en la brutalidad ejercida por los tribunales y no cree en la tortura como medio para la salvaci\u00f3n de las almas. La aparici\u00f3n de varios cad\u00e1veres carbonizados de muchachas, acusadas de hechicer\u00eda, le incitan a liderar una investigaci\u00f3n en la certidumbre de que nada es lo que parece.\" \/>\n<meta property=\"og:url\" content=\"https:\/\/letrame.com\/catalogo\/producto\/el-sendero-oscuro\/\" \/>\n<meta property=\"og:site_name\" content=\"Catalogo | Letrame Grupo Editorial\" \/>\n<meta property=\"article:modified_time\" content=\"2024-04-29T13:08:58+00:00\" \/>\n<meta property=\"og:image\" content=\"https:\/\/letrame.com\/catalogo\/wp-content\/uploads\/2024\/04\/web_elsenderooscuro_16mm-1-compressed.jpg\" \/>\n\t<meta property=\"og:image:width\" content=\"601\" \/>\n\t<meta property=\"og:image:height\" content=\"881\" \/>\n\t<meta property=\"og:image:type\" content=\"image\/jpeg\" \/>\n<meta name=\"twitter:card\" content=\"summary_large_image\" \/>\n<meta name=\"twitter:label1\" content=\"Tiempo de lectura\" \/>\n\t<meta name=\"twitter:data1\" content=\"1 minuto\" \/>\n<script type=\"application\/ld+json\" class=\"yoast-schema-graph\">{\"@context\":\"https:\\\/\\\/schema.org\",\"@graph\":[{\"@type\":\"WebPage\",\"@id\":\"https:\\\/\\\/letrame.com\\\/catalogo\\\/producto\\\/el-sendero-oscuro\\\/\",\"url\":\"https:\\\/\\\/letrame.com\\\/catalogo\\\/producto\\\/el-sendero-oscuro\\\/\",\"name\":\"El sendero oscuro - Catalogo | Letrame Grupo Editorial\",\"isPartOf\":{\"@id\":\"https:\\\/\\\/letrame.com\\\/catalogo\\\/#website\"},\"primaryImageOfPage\":{\"@id\":\"https:\\\/\\\/letrame.com\\\/catalogo\\\/producto\\\/el-sendero-oscuro\\\/#primaryimage\"},\"image\":{\"@id\":\"https:\\\/\\\/letrame.com\\\/catalogo\\\/producto\\\/el-sendero-oscuro\\\/#primaryimage\"},\"thumbnailUrl\":\"https:\\\/\\\/letrame.com\\\/catalogo\\\/wp-content\\\/uploads\\\/2024\\\/04\\\/web_elsenderooscuro_16mm-1-compressed.jpg\",\"datePublished\":\"2024-04-29T13:08:52+00:00\",\"dateModified\":\"2024-04-29T13:08:58+00:00\",\"breadcrumb\":{\"@id\":\"https:\\\/\\\/letrame.com\\\/catalogo\\\/producto\\\/el-sendero-oscuro\\\/#breadcrumb\"},\"inLanguage\":\"es\",\"potentialAction\":[{\"@type\":\"ReadAction\",\"target\":[\"https:\\\/\\\/letrame.com\\\/catalogo\\\/producto\\\/el-sendero-oscuro\\\/\"]}]},{\"@type\":\"ImageObject\",\"inLanguage\":\"es\",\"@id\":\"https:\\\/\\\/letrame.com\\\/catalogo\\\/producto\\\/el-sendero-oscuro\\\/#primaryimage\",\"url\":\"https:\\\/\\\/letrame.com\\\/catalogo\\\/wp-content\\\/uploads\\\/2024\\\/04\\\/web_elsenderooscuro_16mm-1-compressed.jpg\",\"contentUrl\":\"https:\\\/\\\/letrame.com\\\/catalogo\\\/wp-content\\\/uploads\\\/2024\\\/04\\\/web_elsenderooscuro_16mm-1-compressed.jpg\",\"width\":601,\"height\":881},{\"@type\":\"BreadcrumbList\",\"@id\":\"https:\\\/\\\/letrame.com\\\/catalogo\\\/producto\\\/el-sendero-oscuro\\\/#breadcrumb\",\"itemListElement\":[{\"@type\":\"ListItem\",\"position\":1,\"name\":\"Portada\",\"item\":\"https:\\\/\\\/letrame.com\\\/catalogo\\\/\"},{\"@type\":\"ListItem\",\"position\":2,\"name\":\"Cat\u00e1logo\",\"item\":\"https:\\\/\\\/letrame.com\\\/catalogo\\\/\"},{\"@type\":\"ListItem\",\"position\":3,\"name\":\"El sendero oscuro\"}]},{\"@type\":\"WebSite\",\"@id\":\"https:\\\/\\\/letrame.com\\\/catalogo\\\/#website\",\"url\":\"https:\\\/\\\/letrame.com\\\/catalogo\\\/\",\"name\":\"Catalogo | Letrame Grupo Editorial\",\"description\":\"\",\"publisher\":{\"@id\":\"https:\\\/\\\/letrame.com\\\/catalogo\\\/#organization\"},\"potentialAction\":[{\"@type\":\"SearchAction\",\"target\":{\"@type\":\"EntryPoint\",\"urlTemplate\":\"https:\\\/\\\/letrame.com\\\/catalogo\\\/?s={search_term_string}\"},\"query-input\":{\"@type\":\"PropertyValueSpecification\",\"valueRequired\":true,\"valueName\":\"search_term_string\"}}],\"inLanguage\":\"es\"},{\"@type\":\"Organization\",\"@id\":\"https:\\\/\\\/letrame.com\\\/catalogo\\\/#organization\",\"name\":\"Catalogo | Letrame Grupo Editorial\",\"url\":\"https:\\\/\\\/letrame.com\\\/catalogo\\\/\",\"logo\":{\"@type\":\"ImageObject\",\"inLanguage\":\"es\",\"@id\":\"https:\\\/\\\/letrame.com\\\/catalogo\\\/#\\\/schema\\\/logo\\\/image\\\/\",\"url\":\"https:\\\/\\\/letrame.com\\\/catalogo\\\/wp-content\\\/uploads\\\/2024\\\/03\\\/logo2.webp\",\"contentUrl\":\"https:\\\/\\\/letrame.com\\\/catalogo\\\/wp-content\\\/uploads\\\/2024\\\/03\\\/logo2.webp\",\"width\":394,\"height\":128,\"caption\":\"Catalogo | Letrame Grupo Editorial\"},\"image\":{\"@id\":\"https:\\\/\\\/letrame.com\\\/catalogo\\\/#\\\/schema\\\/logo\\\/image\\\/\"}}]}<\/script>\n<!-- \/ Yoast SEO plugin. -->","yoast_head_json":{"title":"El sendero oscuro - Catalogo | Letrame Grupo Editorial","robots":{"index":"index","follow":"follow","max-snippet":"max-snippet:-1","max-image-preview":"max-image-preview:large","max-video-preview":"max-video-preview:-1"},"canonical":"https:\/\/letrame.com\/catalogo\/producto\/el-sendero-oscuro\/","og_locale":"es_ES","og_type":"article","og_title":"El sendero oscuro - Catalogo | Letrame Grupo Editorial","og_description":"ISBN: 978-84-1144-504-7 SINOPSIS La Inquisici\u00f3n espa\u00f1ola, con el prop\u00f3sito de proteger la ortodoxia cat\u00f3lica, no duda en perseguir y detener a cualquier individuo que haya sido acusado, sea cierto o no, de pr\u00e1cticas her\u00e9ticas. En su fanatismo, utiliza cualquier medio para conseguir confesiones que justifiquen la admonici\u00f3n m\u00e1s cruel, el escarnio p\u00fablico o, en el peor de los casos, la inmolaci\u00f3n en las hogueras. Es la pr\u00e1ctica com\u00fan de una Iglesia todopoderosa que atemoriza a una sociedad inculta, empobrecida y encadenada a sus propios prejuicios. Don Alonso de Salazar, sacerdote e inquisidor, da un paso al frente para oponerse con firmeza al sacrificio de cualquier individuo acusado de brujer\u00eda. No cree en las brujas, no cree en la brutalidad ejercida por los tribunales y no cree en la tortura como medio para la salvaci\u00f3n de las almas. La aparici\u00f3n de varios cad\u00e1veres carbonizados de muchachas, acusadas de hechicer\u00eda, le incitan a liderar una investigaci\u00f3n en la certidumbre de que nada es lo que parece.","og_url":"https:\/\/letrame.com\/catalogo\/producto\/el-sendero-oscuro\/","og_site_name":"Catalogo | Letrame Grupo Editorial","article_modified_time":"2024-04-29T13:08:58+00:00","og_image":[{"width":601,"height":881,"url":"https:\/\/letrame.com\/catalogo\/wp-content\/uploads\/2024\/04\/web_elsenderooscuro_16mm-1-compressed.jpg","type":"image\/jpeg"}],"twitter_card":"summary_large_image","twitter_misc":{"Tiempo de lectura":"1 minuto"},"schema":{"@context":"https:\/\/schema.org","@graph":[{"@type":"WebPage","@id":"https:\/\/letrame.com\/catalogo\/producto\/el-sendero-oscuro\/","url":"https:\/\/letrame.com\/catalogo\/producto\/el-sendero-oscuro\/","name":"El sendero oscuro - Catalogo | Letrame Grupo Editorial","isPartOf":{"@id":"https:\/\/letrame.com\/catalogo\/#website"},"primaryImageOfPage":{"@id":"https:\/\/letrame.com\/catalogo\/producto\/el-sendero-oscuro\/#primaryimage"},"image":{"@id":"https:\/\/letrame.com\/catalogo\/producto\/el-sendero-oscuro\/#primaryimage"},"thumbnailUrl":"https:\/\/letrame.com\/catalogo\/wp-content\/uploads\/2024\/04\/web_elsenderooscuro_16mm-1-compressed.jpg","datePublished":"2024-04-29T13:08:52+00:00","dateModified":"2024-04-29T13:08:58+00:00","breadcrumb":{"@id":"https:\/\/letrame.com\/catalogo\/producto\/el-sendero-oscuro\/#breadcrumb"},"inLanguage":"es","potentialAction":[{"@type":"ReadAction","target":["https:\/\/letrame.com\/catalogo\/producto\/el-sendero-oscuro\/"]}]},{"@type":"ImageObject","inLanguage":"es","@id":"https:\/\/letrame.com\/catalogo\/producto\/el-sendero-oscuro\/#primaryimage","url":"https:\/\/letrame.com\/catalogo\/wp-content\/uploads\/2024\/04\/web_elsenderooscuro_16mm-1-compressed.jpg","contentUrl":"https:\/\/letrame.com\/catalogo\/wp-content\/uploads\/2024\/04\/web_elsenderooscuro_16mm-1-compressed.jpg","width":601,"height":881},{"@type":"BreadcrumbList","@id":"https:\/\/letrame.com\/catalogo\/producto\/el-sendero-oscuro\/#breadcrumb","itemListElement":[{"@type":"ListItem","position":1,"name":"Portada","item":"https:\/\/letrame.com\/catalogo\/"},{"@type":"ListItem","position":2,"name":"Cat\u00e1logo","item":"https:\/\/letrame.com\/catalogo\/"},{"@type":"ListItem","position":3,"name":"El sendero oscuro"}]},{"@type":"WebSite","@id":"https:\/\/letrame.com\/catalogo\/#website","url":"https:\/\/letrame.com\/catalogo\/","name":"Catalogo | Letrame Grupo Editorial","description":"","publisher":{"@id":"https:\/\/letrame.com\/catalogo\/#organization"},"potentialAction":[{"@type":"SearchAction","target":{"@type":"EntryPoint","urlTemplate":"https:\/\/letrame.com\/catalogo\/?s={search_term_string}"},"query-input":{"@type":"PropertyValueSpecification","valueRequired":true,"valueName":"search_term_string"}}],"inLanguage":"es"},{"@type":"Organization","@id":"https:\/\/letrame.com\/catalogo\/#organization","name":"Catalogo | Letrame Grupo Editorial","url":"https:\/\/letrame.com\/catalogo\/","logo":{"@type":"ImageObject","inLanguage":"es","@id":"https:\/\/letrame.com\/catalogo\/#\/schema\/logo\/image\/","url":"https:\/\/letrame.com\/catalogo\/wp-content\/uploads\/2024\/03\/logo2.webp","contentUrl":"https:\/\/letrame.com\/catalogo\/wp-content\/uploads\/2024\/03\/logo2.webp","width":394,"height":128,"caption":"Catalogo | Letrame Grupo Editorial"},"image":{"@id":"https:\/\/letrame.com\/catalogo\/#\/schema\/logo\/image\/"}}]}},"_links":{"self":[{"href":"https:\/\/letrame.com\/catalogo\/wp-json\/wp\/v2\/product\/98509","targetHints":{"allow":["GET"]}}],"collection":[{"href":"https:\/\/letrame.com\/catalogo\/wp-json\/wp\/v2\/product"}],"about":[{"href":"https:\/\/letrame.com\/catalogo\/wp-json\/wp\/v2\/types\/product"}],"replies":[{"embeddable":true,"href":"https:\/\/letrame.com\/catalogo\/wp-json\/wp\/v2\/comments?post=98509"}],"acf:post":[{"embeddable":true,"href":"https:\/\/letrame.com\/catalogo\/wp-json\/wp\/v2\/author_book\/76963"}],"wp:featuredmedia":[{"embeddable":true,"href":"https:\/\/letrame.com\/catalogo\/wp-json\/wp\/v2\/media\/98510"}],"wp:attachment":[{"href":"https:\/\/letrame.com\/catalogo\/wp-json\/wp\/v2\/media?parent=98509"}],"wp:term":[{"taxonomy":"libro","embeddable":true,"href":"https:\/\/letrame.com\/catalogo\/wp-json\/wp\/v2\/libro?post=98509"},{"taxonomy":"product_brand","embeddable":true,"href":"https:\/\/letrame.com\/catalogo\/wp-json\/wp\/v2\/product_brand?post=98509"},{"taxonomy":"product_cat","embeddable":true,"href":"https:\/\/letrame.com\/catalogo\/wp-json\/wp\/v2\/product_cat?post=98509"},{"taxonomy":"product_tag","embeddable":true,"href":"https:\/\/letrame.com\/catalogo\/wp-json\/wp\/v2\/product_tag?post=98509"}],"curies":[{"name":"wp","href":"https:\/\/api.w.org\/{rel}","templated":true}]}}