{"id":98505,"date":"2024-04-29T15:08:52","date_gmt":"2024-04-29T13:08:52","guid":{"rendered":"https:\/\/letrame.com\/catalogo\/producto\/desde-otra-luz\/"},"modified":"2024-04-29T15:08:52","modified_gmt":"2024-04-29T13:08:52","slug":"desde-otra-luz","status":"publish","type":"product","link":"https:\/\/letrame.com\/catalogo\/producto\/desde-otra-luz\/","title":{"rendered":"Desde otra luz"},"content":{"rendered":"<p><strong>ISBN<\/strong>: 978-84-1114-848-1<\/p>\n<p><strong>T\u00edtulo<\/strong>: Desde otra luz<br \/>\n<strong>Fecha<\/strong>: 2022<br \/>\n<strong>P\u00e1ginas<\/strong>: 124<\/p>\n<p><strong>SINOPSIS<\/strong><\/p>\n<p>Como todos nosotros, t\u00fa tambi\u00e9n habr\u00e1s sentido alguna vez la soledad. La melancol\u00eda.<\/p>\n<p>Le has dado a tus problemas una dimensi\u00f3n universal. Te sientes el ombligo del mundo cuando probablemente hay alguien sufriendo <em>m\u00e1s y peor<\/em> en otra de las luces que adornan la ciudad que compart\u00eds, m\u00e1s cerca de lo que piensas.<\/p>\n<p>Necesitamos de esa comprensi\u00f3n, esa ego\u00edsta y humana compa\u00f1\u00eda que te da el saber que no solo t\u00fa est\u00e1s sufriendo.<\/p>\n<p><em>DESDE OTRA LUZ<\/em> te recuerda que a tu alrededor vive gente que tambi\u00e9n \u00a0tiene esos momentos en los que su mundo parece derrumbarse. La persona m\u00e1s sonriente y bienaventurada \u00a0puede albergar una rec\u00f3ndita pena. Cualquier l\u00e1nguido caminar puede esconder un brillo en los ojos. Porque al fin y al cabo, todos somos parecidos en cuanto al sentir se refiere: alegr\u00edas, tristezas, euforias y desenga\u00f1os.<\/p>\n<p>Todos nos encontramos en movimiento, en el mismo viaje. Puede que las vistas cambien de un vag\u00f3n a otro del tren, pero b\u00e1sicamente, recorremos el mismo trayecto con sus baches, sus paradas t\u00e9cnicas, momentos placenteros, su principio ilusionante y su ineludible \u00a0final.<\/p>\n<p>En definitiva una colecci\u00f3n de sentimientos es lo que define la vida y lo que intento que identifiques, revivas, descubras o imagines al leer este poemario como si\u00a0 fueran tus propios sentimientos. Quiz\u00e1 lo sean. O quiz\u00e1 todav\u00eda no, pero\u2026<\/p>\n<p><em>\u00abSum\u00e9rgete en el universo de emociones que te ofrece esta selecci\u00f3n de poemas y paladea cada lumen de sonrisa, de l\u00e1grima, de placer, de ansiedad, de autocr\u00edtica, de rabia o de serenidad que te regala el autor desde lo m\u00e1s profundo y sincero de los desnudos de su alma\u00bb.<\/em><\/p>\n<p><em>\u00a0<\/em><\/p>\n<p>&nbsp;<\/p>\n<p>&nbsp;<\/p>\n<p>&nbsp;<\/p>\n","protected":false},"excerpt":{"rendered":"<p><strong>ISBN<\/strong>: 978-84-1114-848-1<\/p>\n<p><strong>SINOPSIS<\/strong><\/p>\n<p>Como todos nosotros, t\u00fa tambi\u00e9n habr\u00e1s sentido alguna vez la soledad. La melancol\u00eda.<\/p>\n<p>Le has dado a tus problemas una dimensi\u00f3n universal. Te sientes el ombligo del mundo cuando probablemente hay alguien sufriendo <em>m\u00e1s y peor<\/em> en otra de las luces que adornan la ciudad que compart\u00eds, m\u00e1s cerca de lo que piensas.<\/p>\n<p>Necesitamos de esa comprensi\u00f3n, esa ego\u00edsta y humana compa\u00f1\u00eda que te da el saber que no solo t\u00fa est\u00e1s sufriendo.<\/p>\n<p><em>DESDE OTRA LUZ<\/em> te recuerda que a tu alrededor vive gente que tambi\u00e9n \u00a0tiene esos momentos en los que su mundo parece derrumbarse. La persona m\u00e1s sonriente y bienaventurada \u00a0puede albergar una rec\u00f3ndita pena. Cualquier l\u00e1nguido caminar puede esconder un brillo en los ojos. Porque al fin y al cabo, todos somos parecidos en cuanto al sentir se refiere: alegr\u00edas, tristezas, euforias y desenga\u00f1os.<\/p>\n<p>Todos nos encontramos en movimiento, en el mismo viaje. Puede que las vistas cambien de un vag\u00f3n a otro del tren, pero b\u00e1sicamente, recorremos el mismo trayecto con sus baches, sus paradas t\u00e9cnicas, momentos placenteros, su principio ilusionante y su ineludible \u00a0final.<\/p>\n<p>En definitiva una colecci\u00f3n de sentimientos es lo que define la vida y lo que intento que identifiques, revivas, descubras o imagines al leer este poemario como si\u00a0 fueran tus propios sentimientos. Quiz\u00e1 lo sean. O quiz\u00e1 todav\u00eda no, pero\u2026<\/p>\n<p><em>\u00abSum\u00e9rgete en el universo de emociones que te ofrece esta selecci\u00f3n de poemas y paladea cada lumen de sonrisa, de l\u00e1grima, de placer, de ansiedad, de autocr\u00edtica, de rabia o de serenidad que te regala el autor desde lo m\u00e1s profundo y sincero de los desnudos de su alma\u00bb.<\/em><\/p>\n<p><em>\u00a0<\/em><\/p>\n","protected":false},"featured_media":98506,"comment_status":"closed","ping_status":"open","template":"","meta":{"_acf_changed":false},"libro":[],"product_brand":[],"product_cat":[26],"product_tag":[],"class_list":{"0":"post-98505","1":"product","2":"type-product","3":"status-publish","4":"has-post-thumbnail","6":"product_cat-sin-categoria","8":"first","9":"instock","10":"product-type-simple"},"acf":{"autor":[76960],"enlace_de_compra":""},"yoast_head":"<!-- This site is optimized with the Yoast SEO plugin v26.6 - https:\/\/yoast.com\/wordpress\/plugins\/seo\/ -->\n<title>Desde otra luz - Catalogo | Letrame Grupo Editorial<\/title>\n<meta name=\"robots\" content=\"index, follow, max-snippet:-1, max-image-preview:large, max-video-preview:-1\" \/>\n<link rel=\"canonical\" href=\"https:\/\/letrame.com\/catalogo\/producto\/desde-otra-luz\/\" \/>\n<meta property=\"og:locale\" content=\"es_ES\" \/>\n<meta property=\"og:type\" content=\"article\" \/>\n<meta property=\"og:title\" content=\"Desde otra luz - Catalogo | Letrame Grupo Editorial\" \/>\n<meta property=\"og:description\" content=\"ISBN: 978-84-1114-848-1 SINOPSIS Como todos nosotros, t\u00fa tambi\u00e9n habr\u00e1s sentido alguna vez la soledad. La melancol\u00eda. Le has dado a tus problemas una dimensi\u00f3n universal. Te sientes el ombligo del mundo cuando probablemente hay alguien sufriendo m\u00e1s y peor en otra de las luces que adornan la ciudad que compart\u00eds, m\u00e1s cerca de lo que piensas. Necesitamos de esa comprensi\u00f3n, esa ego\u00edsta y humana compa\u00f1\u00eda que te da el saber que no solo t\u00fa est\u00e1s sufriendo. DESDE OTRA LUZ te recuerda que a tu alrededor vive gente que tambi\u00e9n \u00a0tiene esos momentos en los que su mundo parece derrumbarse. La persona m\u00e1s sonriente y bienaventurada \u00a0puede albergar una rec\u00f3ndita pena. Cualquier l\u00e1nguido caminar puede esconder un brillo en los ojos. Porque al fin y al cabo, todos somos parecidos en cuanto al sentir se refiere: alegr\u00edas, tristezas, euforias y desenga\u00f1os. Todos nos encontramos en movimiento, en el mismo viaje. Puede que las vistas cambien de un vag\u00f3n a otro del tren, pero b\u00e1sicamente, recorremos el mismo trayecto con sus baches, sus paradas t\u00e9cnicas, momentos placenteros, su principio ilusionante y su ineludible \u00a0final. En definitiva una colecci\u00f3n de sentimientos es lo que define la vida y lo que intento que identifiques, revivas, descubras o imagines al leer este poemario como si\u00a0 fueran tus propios sentimientos. Quiz\u00e1 lo sean. O quiz\u00e1 todav\u00eda no, pero\u2026 \u00abSum\u00e9rgete en el universo de emociones que te ofrece esta selecci\u00f3n de poemas y paladea cada lumen de sonrisa, de l\u00e1grima, de placer, de ansiedad, de autocr\u00edtica, de rabia o de serenidad que te regala el autor desde lo m\u00e1s profundo y sincero de los desnudos de su alma\u00bb. \u00a0\" \/>\n<meta property=\"og:url\" content=\"https:\/\/letrame.com\/catalogo\/producto\/desde-otra-luz\/\" \/>\n<meta property=\"og:site_name\" content=\"Catalogo | Letrame Grupo Editorial\" \/>\n<meta property=\"og:image\" content=\"https:\/\/letrame.com\/catalogo\/wp-content\/uploads\/2024\/04\/redportada_desdeotraluz_955mm-compressed.jpg\" \/>\n\t<meta property=\"og:image:width\" content=\"601\" \/>\n\t<meta property=\"og:image:height\" content=\"841\" \/>\n\t<meta property=\"og:image:type\" content=\"image\/jpeg\" \/>\n<meta name=\"twitter:card\" content=\"summary_large_image\" \/>\n<meta name=\"twitter:label1\" content=\"Tiempo de lectura\" \/>\n\t<meta name=\"twitter:data1\" content=\"2 minutos\" \/>\n<script type=\"application\/ld+json\" class=\"yoast-schema-graph\">{\"@context\":\"https:\/\/schema.org\",\"@graph\":[{\"@type\":\"WebPage\",\"@id\":\"https:\/\/letrame.com\/catalogo\/producto\/desde-otra-luz\/\",\"url\":\"https:\/\/letrame.com\/catalogo\/producto\/desde-otra-luz\/\",\"name\":\"Desde otra luz - Catalogo | Letrame Grupo Editorial\",\"isPartOf\":{\"@id\":\"https:\/\/letrame.com\/catalogo\/#website\"},\"primaryImageOfPage\":{\"@id\":\"https:\/\/letrame.com\/catalogo\/producto\/desde-otra-luz\/#primaryimage\"},\"image\":{\"@id\":\"https:\/\/letrame.com\/catalogo\/producto\/desde-otra-luz\/#primaryimage\"},\"thumbnailUrl\":\"https:\/\/letrame.com\/catalogo\/wp-content\/uploads\/2024\/04\/redportada_desdeotraluz_955mm-compressed.jpg\",\"datePublished\":\"2024-04-29T13:08:52+00:00\",\"breadcrumb\":{\"@id\":\"https:\/\/letrame.com\/catalogo\/producto\/desde-otra-luz\/#breadcrumb\"},\"inLanguage\":\"es\",\"potentialAction\":[{\"@type\":\"ReadAction\",\"target\":[\"https:\/\/letrame.com\/catalogo\/producto\/desde-otra-luz\/\"]}]},{\"@type\":\"ImageObject\",\"inLanguage\":\"es\",\"@id\":\"https:\/\/letrame.com\/catalogo\/producto\/desde-otra-luz\/#primaryimage\",\"url\":\"https:\/\/letrame.com\/catalogo\/wp-content\/uploads\/2024\/04\/redportada_desdeotraluz_955mm-compressed.jpg\",\"contentUrl\":\"https:\/\/letrame.com\/catalogo\/wp-content\/uploads\/2024\/04\/redportada_desdeotraluz_955mm-compressed.jpg\",\"width\":601,\"height\":841},{\"@type\":\"BreadcrumbList\",\"@id\":\"https:\/\/letrame.com\/catalogo\/producto\/desde-otra-luz\/#breadcrumb\",\"itemListElement\":[{\"@type\":\"ListItem\",\"position\":1,\"name\":\"Portada\",\"item\":\"https:\/\/letrame.com\/catalogo\/\"},{\"@type\":\"ListItem\",\"position\":2,\"name\":\"Cat\u00e1logo\",\"item\":\"https:\/\/letrame.com\/catalogo\/\"},{\"@type\":\"ListItem\",\"position\":3,\"name\":\"Desde otra luz\"}]},{\"@type\":\"WebSite\",\"@id\":\"https:\/\/letrame.com\/catalogo\/#website\",\"url\":\"https:\/\/letrame.com\/catalogo\/\",\"name\":\"Catalogo | Letrame Grupo Editorial\",\"description\":\"\",\"publisher\":{\"@id\":\"https:\/\/letrame.com\/catalogo\/#organization\"},\"potentialAction\":[{\"@type\":\"SearchAction\",\"target\":{\"@type\":\"EntryPoint\",\"urlTemplate\":\"https:\/\/letrame.com\/catalogo\/?s={search_term_string}\"},\"query-input\":{\"@type\":\"PropertyValueSpecification\",\"valueRequired\":true,\"valueName\":\"search_term_string\"}}],\"inLanguage\":\"es\"},{\"@type\":\"Organization\",\"@id\":\"https:\/\/letrame.com\/catalogo\/#organization\",\"name\":\"Catalogo | Letrame Grupo Editorial\",\"url\":\"https:\/\/letrame.com\/catalogo\/\",\"logo\":{\"@type\":\"ImageObject\",\"inLanguage\":\"es\",\"@id\":\"https:\/\/letrame.com\/catalogo\/#\/schema\/logo\/image\/\",\"url\":\"https:\/\/letrame.com\/catalogo\/wp-content\/uploads\/2024\/03\/logo2.webp\",\"contentUrl\":\"https:\/\/letrame.com\/catalogo\/wp-content\/uploads\/2024\/03\/logo2.webp\",\"width\":394,\"height\":128,\"caption\":\"Catalogo | Letrame Grupo Editorial\"},\"image\":{\"@id\":\"https:\/\/letrame.com\/catalogo\/#\/schema\/logo\/image\/\"}}]}<\/script>\n<!-- \/ Yoast SEO plugin. -->","yoast_head_json":{"title":"Desde otra luz - Catalogo | Letrame Grupo Editorial","robots":{"index":"index","follow":"follow","max-snippet":"max-snippet:-1","max-image-preview":"max-image-preview:large","max-video-preview":"max-video-preview:-1"},"canonical":"https:\/\/letrame.com\/catalogo\/producto\/desde-otra-luz\/","og_locale":"es_ES","og_type":"article","og_title":"Desde otra luz - Catalogo | Letrame Grupo Editorial","og_description":"ISBN: 978-84-1114-848-1 SINOPSIS Como todos nosotros, t\u00fa tambi\u00e9n habr\u00e1s sentido alguna vez la soledad. La melancol\u00eda. Le has dado a tus problemas una dimensi\u00f3n universal. Te sientes el ombligo del mundo cuando probablemente hay alguien sufriendo m\u00e1s y peor en otra de las luces que adornan la ciudad que compart\u00eds, m\u00e1s cerca de lo que piensas. Necesitamos de esa comprensi\u00f3n, esa ego\u00edsta y humana compa\u00f1\u00eda que te da el saber que no solo t\u00fa est\u00e1s sufriendo. DESDE OTRA LUZ te recuerda que a tu alrededor vive gente que tambi\u00e9n \u00a0tiene esos momentos en los que su mundo parece derrumbarse. La persona m\u00e1s sonriente y bienaventurada \u00a0puede albergar una rec\u00f3ndita pena. Cualquier l\u00e1nguido caminar puede esconder un brillo en los ojos. Porque al fin y al cabo, todos somos parecidos en cuanto al sentir se refiere: alegr\u00edas, tristezas, euforias y desenga\u00f1os. Todos nos encontramos en movimiento, en el mismo viaje. Puede que las vistas cambien de un vag\u00f3n a otro del tren, pero b\u00e1sicamente, recorremos el mismo trayecto con sus baches, sus paradas t\u00e9cnicas, momentos placenteros, su principio ilusionante y su ineludible \u00a0final. En definitiva una colecci\u00f3n de sentimientos es lo que define la vida y lo que intento que identifiques, revivas, descubras o imagines al leer este poemario como si\u00a0 fueran tus propios sentimientos. Quiz\u00e1 lo sean. O quiz\u00e1 todav\u00eda no, pero\u2026 \u00abSum\u00e9rgete en el universo de emociones que te ofrece esta selecci\u00f3n de poemas y paladea cada lumen de sonrisa, de l\u00e1grima, de placer, de ansiedad, de autocr\u00edtica, de rabia o de serenidad que te regala el autor desde lo m\u00e1s profundo y sincero de los desnudos de su alma\u00bb. \u00a0","og_url":"https:\/\/letrame.com\/catalogo\/producto\/desde-otra-luz\/","og_site_name":"Catalogo | Letrame Grupo Editorial","og_image":[{"width":601,"height":841,"url":"https:\/\/letrame.com\/catalogo\/wp-content\/uploads\/2024\/04\/redportada_desdeotraluz_955mm-compressed.jpg","type":"image\/jpeg"}],"twitter_card":"summary_large_image","twitter_misc":{"Tiempo de lectura":"2 minutos"},"schema":{"@context":"https:\/\/schema.org","@graph":[{"@type":"WebPage","@id":"https:\/\/letrame.com\/catalogo\/producto\/desde-otra-luz\/","url":"https:\/\/letrame.com\/catalogo\/producto\/desde-otra-luz\/","name":"Desde otra luz - Catalogo | Letrame Grupo Editorial","isPartOf":{"@id":"https:\/\/letrame.com\/catalogo\/#website"},"primaryImageOfPage":{"@id":"https:\/\/letrame.com\/catalogo\/producto\/desde-otra-luz\/#primaryimage"},"image":{"@id":"https:\/\/letrame.com\/catalogo\/producto\/desde-otra-luz\/#primaryimage"},"thumbnailUrl":"https:\/\/letrame.com\/catalogo\/wp-content\/uploads\/2024\/04\/redportada_desdeotraluz_955mm-compressed.jpg","datePublished":"2024-04-29T13:08:52+00:00","breadcrumb":{"@id":"https:\/\/letrame.com\/catalogo\/producto\/desde-otra-luz\/#breadcrumb"},"inLanguage":"es","potentialAction":[{"@type":"ReadAction","target":["https:\/\/letrame.com\/catalogo\/producto\/desde-otra-luz\/"]}]},{"@type":"ImageObject","inLanguage":"es","@id":"https:\/\/letrame.com\/catalogo\/producto\/desde-otra-luz\/#primaryimage","url":"https:\/\/letrame.com\/catalogo\/wp-content\/uploads\/2024\/04\/redportada_desdeotraluz_955mm-compressed.jpg","contentUrl":"https:\/\/letrame.com\/catalogo\/wp-content\/uploads\/2024\/04\/redportada_desdeotraluz_955mm-compressed.jpg","width":601,"height":841},{"@type":"BreadcrumbList","@id":"https:\/\/letrame.com\/catalogo\/producto\/desde-otra-luz\/#breadcrumb","itemListElement":[{"@type":"ListItem","position":1,"name":"Portada","item":"https:\/\/letrame.com\/catalogo\/"},{"@type":"ListItem","position":2,"name":"Cat\u00e1logo","item":"https:\/\/letrame.com\/catalogo\/"},{"@type":"ListItem","position":3,"name":"Desde otra luz"}]},{"@type":"WebSite","@id":"https:\/\/letrame.com\/catalogo\/#website","url":"https:\/\/letrame.com\/catalogo\/","name":"Catalogo | Letrame Grupo Editorial","description":"","publisher":{"@id":"https:\/\/letrame.com\/catalogo\/#organization"},"potentialAction":[{"@type":"SearchAction","target":{"@type":"EntryPoint","urlTemplate":"https:\/\/letrame.com\/catalogo\/?s={search_term_string}"},"query-input":{"@type":"PropertyValueSpecification","valueRequired":true,"valueName":"search_term_string"}}],"inLanguage":"es"},{"@type":"Organization","@id":"https:\/\/letrame.com\/catalogo\/#organization","name":"Catalogo | Letrame Grupo Editorial","url":"https:\/\/letrame.com\/catalogo\/","logo":{"@type":"ImageObject","inLanguage":"es","@id":"https:\/\/letrame.com\/catalogo\/#\/schema\/logo\/image\/","url":"https:\/\/letrame.com\/catalogo\/wp-content\/uploads\/2024\/03\/logo2.webp","contentUrl":"https:\/\/letrame.com\/catalogo\/wp-content\/uploads\/2024\/03\/logo2.webp","width":394,"height":128,"caption":"Catalogo | Letrame Grupo Editorial"},"image":{"@id":"https:\/\/letrame.com\/catalogo\/#\/schema\/logo\/image\/"}}]}},"_links":{"self":[{"href":"https:\/\/letrame.com\/catalogo\/wp-json\/wp\/v2\/product\/98505","targetHints":{"allow":["GET"]}}],"collection":[{"href":"https:\/\/letrame.com\/catalogo\/wp-json\/wp\/v2\/product"}],"about":[{"href":"https:\/\/letrame.com\/catalogo\/wp-json\/wp\/v2\/types\/product"}],"replies":[{"embeddable":true,"href":"https:\/\/letrame.com\/catalogo\/wp-json\/wp\/v2\/comments?post=98505"}],"acf:post":[{"embeddable":true,"href":"https:\/\/letrame.com\/catalogo\/wp-json\/wp\/v2\/author_book\/76960"}],"wp:featuredmedia":[{"embeddable":true,"href":"https:\/\/letrame.com\/catalogo\/wp-json\/wp\/v2\/media\/98506"}],"wp:attachment":[{"href":"https:\/\/letrame.com\/catalogo\/wp-json\/wp\/v2\/media?parent=98505"}],"wp:term":[{"taxonomy":"libro","embeddable":true,"href":"https:\/\/letrame.com\/catalogo\/wp-json\/wp\/v2\/libro?post=98505"},{"taxonomy":"product_brand","embeddable":true,"href":"https:\/\/letrame.com\/catalogo\/wp-json\/wp\/v2\/product_brand?post=98505"},{"taxonomy":"product_cat","embeddable":true,"href":"https:\/\/letrame.com\/catalogo\/wp-json\/wp\/v2\/product_cat?post=98505"},{"taxonomy":"product_tag","embeddable":true,"href":"https:\/\/letrame.com\/catalogo\/wp-json\/wp\/v2\/product_tag?post=98505"}],"curies":[{"name":"wp","href":"https:\/\/api.w.org\/{rel}","templated":true}]}}