{"id":98495,"date":"2024-04-29T15:08:27","date_gmt":"2024-04-29T13:08:27","guid":{"rendered":"https:\/\/letrame.com\/catalogo\/producto\/espacios\/"},"modified":"2024-07-29T09:39:08","modified_gmt":"2024-07-29T07:39:08","slug":"espacios","status":"publish","type":"product","link":"https:\/\/letrame.com\/catalogo\/producto\/espacios\/","title":{"rendered":"Espacios"},"content":{"rendered":"<p><strong>ISBN<\/strong>: 978-84-1144-422-4<\/p>\n<p><strong>T\u00edtulo<\/strong>: <span data-sheets-value=\"{&quot;1&quot;:2,&quot;2&quot;:&quot;Espacios&quot;}\" data-sheets-userformat=\"{&quot;2&quot;:515,&quot;3&quot;:{&quot;1&quot;:0},&quot;4&quot;:{&quot;1&quot;:2,&quot;2&quot;:14281427},&quot;12&quot;:0}\">Espacios<\/span><br \/>\n<strong>Fecha<\/strong>: 2022<br \/>\n<strong>P\u00e1ginas<\/strong>: 100<\/p>\n<p><strong>SINOPSIS<\/strong><\/p>\n<p>Los relatos que se narran a continuaci\u00f3n surgen por la necesidad de una mujer gallega, Isabel, de expresar sus vivencias y experiencias a lo largo de diferentes momentos de su vida, desde la d\u00e9cada de los a\u00f1os 50 hasta los a\u00f1os 90 de una Espa\u00f1a que pasa, poco a poco, de la dictadura a la democracia. De una f\u00e9rrea dominaci\u00f3n cat\u00f3lica a una laicidad pausada y lenta.<\/p>\n<p>Todos ellos, de car\u00e1cter ficticio, se desglosan a trav\u00e9s de sentimientos y recuerdos que determinados espacios llevan a la mente de la protagonista, concibi\u00e9ndose como un c\u00famulo de sensaciones a lo largo de una trayectoria vital, fundamentalmente femenina.<\/p>\n<p>La visi\u00f3n de una ni\u00f1a, adolescente o mujer, aparece volcada en cada historia, rememorando los sucesos y emociones que acontecieron en un lugar concreto, bien en una casa, un tanatorio, una universidad, un hospital, una iglesia o un bosque e, incluso, aquellos que surgieron a trav\u00e9s de una puerta o de una ventana, de alguna manera, como s\u00edmbolos de entrada y salida, de apertura o cierre de impresiones.<\/p>\n<p>Esas sensaciones y sentimientos quieren hacer c\u00f3mplice al lector o a la lectora, haci\u00e9ndole part\u00edcipe de pensamientos, sabores, olores o miedos que impregnan cada relato y que, en conjunto, se tornan en trazos de una vida.<\/p>\n<p>La protagonista, en consecuencia, desea compartir, con otras muchas mujeres, su percepci\u00f3n de la vida y del mundo, pero, fundamentalmente, captar al hombre, llev\u00e1ndolo a un sentir, en principio, culturalmente femenino.<\/p>\n<p>Estamos, pues, ante la expresi\u00f3n de un tiempo no muy lejano que condicion\u00f3, y a\u00fan condiciona, las decisiones de la ni\u00f1a y de la mujer del mundo occidental.<\/p>\n<p>Se invita, por tanto, a leer con reflexi\u00f3n el alma de una mujer sujeta a sus barrotes emocionales y a empatizar con experiencias que desean despertar reminiscencias a lo largo de la lectura.<\/p>\n<p>&nbsp;<\/p>\n","protected":false},"excerpt":{"rendered":"<p><strong>ISBN<\/strong>: 978-84-1144-422-4<\/p>\n<p><strong>SINOPSIS<\/strong><\/p>\n<p>Los relatos que se narran a continuaci\u00f3n surgen por la necesidad de una mujer gallega, Isabel, de expresar sus vivencias y experiencias a lo largo de diferentes momentos de su vida, desde la d\u00e9cada de los a\u00f1os 50 hasta los a\u00f1os 90 de una Espa\u00f1a que pasa, poco a poco, de la dictadura a la democracia. De una f\u00e9rrea dominaci\u00f3n cat\u00f3lica a una laicidad pausada y lenta.<\/p>\n<p>Todos ellos, de car\u00e1cter ficticio, se desglosan a trav\u00e9s de sentimientos y recuerdos que determinados espacios llevan a la mente de la protagonista, concibi\u00e9ndose como un c\u00famulo de sensaciones a lo largo de una trayectoria vital, fundamentalmente femenina.<\/p>\n<p>La visi\u00f3n de una ni\u00f1a, adolescente o mujer, aparece volcada en cada historia, rememorando los sucesos y emociones que acontecieron en un lugar concreto, bien en una casa, un tanatorio, una universidad, un hospital, una iglesia o un bosque e, incluso, aquellos que surgieron a trav\u00e9s de una puerta o de una ventana, de alguna manera, como s\u00edmbolos de entrada y salida, de apertura o cierre de impresiones.<\/p>\n<p>Esas sensaciones y sentimientos quieren hacer c\u00f3mplice al lector o a la lectora, haci\u00e9ndole part\u00edcipe de pensamientos, sabores, olores o miedos que impregnan cada relato y que, en conjunto, se tornan en trazos de una vida.<\/p>\n<p>La protagonista, en consecuencia, desea compartir, con otras muchas mujeres, su percepci\u00f3n de la vida y del mundo, pero, fundamentalmente, captar al hombre, llev\u00e1ndolo a un sentir, en principio, culturalmente femenino.<\/p>\n<p>Estamos, pues, ante la expresi\u00f3n de un tiempo no muy lejano que condicion\u00f3, y a\u00fan condiciona, las decisiones de la ni\u00f1a y de la mujer del mundo occidental.<\/p>\n<p>Se invita, por tanto, a leer con reflexi\u00f3n el alma de una mujer sujeta a sus barrotes emocionales y a empatizar con experiencias que desean despertar reminiscencias a lo largo de la lectura.<\/p>\n","protected":false},"featured_media":98496,"comment_status":"closed","ping_status":"closed","template":"","meta":{"_acf_changed":false},"libro":[],"product_brand":[],"product_cat":[26],"product_tag":[],"class_list":{"0":"post-98495","1":"product","2":"type-product","3":"status-publish","4":"has-post-thumbnail","6":"product_cat-sin-categoria","8":"first","9":"instock","10":"product-type-simple"},"acf":{"autor":[77434],"enlace_de_compra":"https:\/\/www.amazon.es\/ESPACIOS-Mar-D-Mirabal\/dp\/8411444228\/"},"yoast_head":"<!-- This site is optimized with the Yoast SEO plugin v27.4 - https:\/\/yoast.com\/product\/yoast-seo-wordpress\/ -->\n<title>Espacios - Catalogo | Letrame Grupo Editorial<\/title>\n<meta name=\"robots\" content=\"index, follow, max-snippet:-1, max-image-preview:large, max-video-preview:-1\" \/>\n<link rel=\"canonical\" href=\"https:\/\/letrame.com\/catalogo\/producto\/espacios\/\" \/>\n<meta property=\"og:locale\" content=\"es_ES\" \/>\n<meta property=\"og:type\" content=\"article\" \/>\n<meta property=\"og:title\" content=\"Espacios - Catalogo | Letrame Grupo Editorial\" \/>\n<meta property=\"og:description\" content=\"ISBN: 978-84-1144-422-4  SINOPSIS  Los relatos que se narran a continuaci\u00f3n surgen por la necesidad de una mujer gallega, Isabel, de expresar sus vivencias y experiencias a lo largo de diferentes momentos de su vida, desde la d\u00e9cada de los a\u00f1os 50 hasta los a\u00f1os 90 de una Espa\u00f1a que pasa, poco a poco, de la dictadura a la democracia. De una f\u00e9rrea dominaci\u00f3n cat\u00f3lica a una laicidad pausada y lenta.  Todos ellos, de car\u00e1cter ficticio, se desglosan a trav\u00e9s de sentimientos y recuerdos que determinados espacios llevan a la mente de la protagonista, concibi\u00e9ndose como un c\u00famulo de sensaciones a lo largo de una trayectoria vital, fundamentalmente femenina.  La visi\u00f3n de una ni\u00f1a, adolescente o mujer, aparece volcada en cada historia, rememorando los sucesos y emociones que acontecieron en un lugar concreto, bien en una casa, un tanatorio, una universidad, un hospital, una iglesia o un bosque e, incluso, aquellos que surgieron a trav\u00e9s de una puerta o de una ventana, de alguna manera, como s\u00edmbolos de entrada y salida, de apertura o cierre de impresiones.  Esas sensaciones y sentimientos quieren hacer c\u00f3mplice al lector o a la lectora, haci\u00e9ndole part\u00edcipe de pensamientos, sabores, olores o miedos que impregnan cada relato y que, en conjunto, se tornan en trazos de una vida.  La protagonista, en consecuencia, desea compartir, con otras muchas mujeres, su percepci\u00f3n de la vida y del mundo, pero, fundamentalmente, captar al hombre, llev\u00e1ndolo a un sentir, en principio, culturalmente femenino.  Estamos, pues, ante la expresi\u00f3n de un tiempo no muy lejano que condicion\u00f3, y a\u00fan condiciona, las decisiones de la ni\u00f1a y de la mujer del mundo occidental.  Se invita, por tanto, a leer con reflexi\u00f3n el alma de una mujer sujeta a sus barrotes emocionales y a empatizar con experiencias que desean despertar reminiscencias a lo largo de la lectura.\" \/>\n<meta property=\"og:url\" content=\"https:\/\/letrame.com\/catalogo\/producto\/espacios\/\" \/>\n<meta property=\"og:site_name\" content=\"Catalogo | Letrame Grupo Editorial\" \/>\n<meta property=\"article:modified_time\" content=\"2024-07-29T07:39:08+00:00\" \/>\n<meta property=\"og:image\" content=\"https:\/\/letrame.com\/catalogo\/wp-content\/uploads\/2024\/04\/redportada_epacios_568mm-1-compressed.jpg\" \/>\n\t<meta property=\"og:image:width\" content=\"601\" \/>\n\t<meta property=\"og:image:height\" content=\"858\" \/>\n\t<meta property=\"og:image:type\" content=\"image\/jpeg\" \/>\n<meta name=\"twitter:card\" content=\"summary_large_image\" \/>\n<meta name=\"twitter:label1\" content=\"Tiempo de lectura\" \/>\n\t<meta name=\"twitter:data1\" content=\"2 minutos\" \/>\n<script type=\"application\/ld+json\" class=\"yoast-schema-graph\">{\"@context\":\"https:\\\/\\\/schema.org\",\"@graph\":[{\"@type\":\"WebPage\",\"@id\":\"https:\\\/\\\/letrame.com\\\/catalogo\\\/producto\\\/espacios\\\/\",\"url\":\"https:\\\/\\\/letrame.com\\\/catalogo\\\/producto\\\/espacios\\\/\",\"name\":\"Espacios - Catalogo | Letrame Grupo Editorial\",\"isPartOf\":{\"@id\":\"https:\\\/\\\/letrame.com\\\/catalogo\\\/#website\"},\"primaryImageOfPage\":{\"@id\":\"https:\\\/\\\/letrame.com\\\/catalogo\\\/producto\\\/espacios\\\/#primaryimage\"},\"image\":{\"@id\":\"https:\\\/\\\/letrame.com\\\/catalogo\\\/producto\\\/espacios\\\/#primaryimage\"},\"thumbnailUrl\":\"https:\\\/\\\/letrame.com\\\/catalogo\\\/wp-content\\\/uploads\\\/2024\\\/04\\\/redportada_epacios_568mm-1-compressed.jpg\",\"datePublished\":\"2024-04-29T13:08:27+00:00\",\"dateModified\":\"2024-07-29T07:39:08+00:00\",\"breadcrumb\":{\"@id\":\"https:\\\/\\\/letrame.com\\\/catalogo\\\/producto\\\/espacios\\\/#breadcrumb\"},\"inLanguage\":\"es\",\"potentialAction\":[{\"@type\":\"ReadAction\",\"target\":[\"https:\\\/\\\/letrame.com\\\/catalogo\\\/producto\\\/espacios\\\/\"]}]},{\"@type\":\"ImageObject\",\"inLanguage\":\"es\",\"@id\":\"https:\\\/\\\/letrame.com\\\/catalogo\\\/producto\\\/espacios\\\/#primaryimage\",\"url\":\"https:\\\/\\\/letrame.com\\\/catalogo\\\/wp-content\\\/uploads\\\/2024\\\/04\\\/redportada_epacios_568mm-1-compressed.jpg\",\"contentUrl\":\"https:\\\/\\\/letrame.com\\\/catalogo\\\/wp-content\\\/uploads\\\/2024\\\/04\\\/redportada_epacios_568mm-1-compressed.jpg\",\"width\":601,\"height\":858},{\"@type\":\"BreadcrumbList\",\"@id\":\"https:\\\/\\\/letrame.com\\\/catalogo\\\/producto\\\/espacios\\\/#breadcrumb\",\"itemListElement\":[{\"@type\":\"ListItem\",\"position\":1,\"name\":\"Portada\",\"item\":\"https:\\\/\\\/letrame.com\\\/catalogo\\\/\"},{\"@type\":\"ListItem\",\"position\":2,\"name\":\"Cat\u00e1logo\",\"item\":\"https:\\\/\\\/letrame.com\\\/catalogo\\\/\"},{\"@type\":\"ListItem\",\"position\":3,\"name\":\"Espacios\"}]},{\"@type\":\"WebSite\",\"@id\":\"https:\\\/\\\/letrame.com\\\/catalogo\\\/#website\",\"url\":\"https:\\\/\\\/letrame.com\\\/catalogo\\\/\",\"name\":\"Catalogo | Letrame Grupo Editorial\",\"description\":\"\",\"publisher\":{\"@id\":\"https:\\\/\\\/letrame.com\\\/catalogo\\\/#organization\"},\"potentialAction\":[{\"@type\":\"SearchAction\",\"target\":{\"@type\":\"EntryPoint\",\"urlTemplate\":\"https:\\\/\\\/letrame.com\\\/catalogo\\\/?s={search_term_string}\"},\"query-input\":{\"@type\":\"PropertyValueSpecification\",\"valueRequired\":true,\"valueName\":\"search_term_string\"}}],\"inLanguage\":\"es\"},{\"@type\":\"Organization\",\"@id\":\"https:\\\/\\\/letrame.com\\\/catalogo\\\/#organization\",\"name\":\"Catalogo | Letrame Grupo Editorial\",\"url\":\"https:\\\/\\\/letrame.com\\\/catalogo\\\/\",\"logo\":{\"@type\":\"ImageObject\",\"inLanguage\":\"es\",\"@id\":\"https:\\\/\\\/letrame.com\\\/catalogo\\\/#\\\/schema\\\/logo\\\/image\\\/\",\"url\":\"https:\\\/\\\/letrame.com\\\/catalogo\\\/wp-content\\\/uploads\\\/2024\\\/03\\\/logo2.webp\",\"contentUrl\":\"https:\\\/\\\/letrame.com\\\/catalogo\\\/wp-content\\\/uploads\\\/2024\\\/03\\\/logo2.webp\",\"width\":394,\"height\":128,\"caption\":\"Catalogo | Letrame Grupo Editorial\"},\"image\":{\"@id\":\"https:\\\/\\\/letrame.com\\\/catalogo\\\/#\\\/schema\\\/logo\\\/image\\\/\"}}]}<\/script>\n<!-- \/ Yoast SEO plugin. -->","yoast_head_json":{"title":"Espacios - Catalogo | Letrame Grupo Editorial","robots":{"index":"index","follow":"follow","max-snippet":"max-snippet:-1","max-image-preview":"max-image-preview:large","max-video-preview":"max-video-preview:-1"},"canonical":"https:\/\/letrame.com\/catalogo\/producto\/espacios\/","og_locale":"es_ES","og_type":"article","og_title":"Espacios - Catalogo | Letrame Grupo Editorial","og_description":"ISBN: 978-84-1144-422-4  SINOPSIS  Los relatos que se narran a continuaci\u00f3n surgen por la necesidad de una mujer gallega, Isabel, de expresar sus vivencias y experiencias a lo largo de diferentes momentos de su vida, desde la d\u00e9cada de los a\u00f1os 50 hasta los a\u00f1os 90 de una Espa\u00f1a que pasa, poco a poco, de la dictadura a la democracia. De una f\u00e9rrea dominaci\u00f3n cat\u00f3lica a una laicidad pausada y lenta.  Todos ellos, de car\u00e1cter ficticio, se desglosan a trav\u00e9s de sentimientos y recuerdos que determinados espacios llevan a la mente de la protagonista, concibi\u00e9ndose como un c\u00famulo de sensaciones a lo largo de una trayectoria vital, fundamentalmente femenina.  La visi\u00f3n de una ni\u00f1a, adolescente o mujer, aparece volcada en cada historia, rememorando los sucesos y emociones que acontecieron en un lugar concreto, bien en una casa, un tanatorio, una universidad, un hospital, una iglesia o un bosque e, incluso, aquellos que surgieron a trav\u00e9s de una puerta o de una ventana, de alguna manera, como s\u00edmbolos de entrada y salida, de apertura o cierre de impresiones.  Esas sensaciones y sentimientos quieren hacer c\u00f3mplice al lector o a la lectora, haci\u00e9ndole part\u00edcipe de pensamientos, sabores, olores o miedos que impregnan cada relato y que, en conjunto, se tornan en trazos de una vida.  La protagonista, en consecuencia, desea compartir, con otras muchas mujeres, su percepci\u00f3n de la vida y del mundo, pero, fundamentalmente, captar al hombre, llev\u00e1ndolo a un sentir, en principio, culturalmente femenino.  Estamos, pues, ante la expresi\u00f3n de un tiempo no muy lejano que condicion\u00f3, y a\u00fan condiciona, las decisiones de la ni\u00f1a y de la mujer del mundo occidental.  Se invita, por tanto, a leer con reflexi\u00f3n el alma de una mujer sujeta a sus barrotes emocionales y a empatizar con experiencias que desean despertar reminiscencias a lo largo de la lectura.","og_url":"https:\/\/letrame.com\/catalogo\/producto\/espacios\/","og_site_name":"Catalogo | Letrame Grupo Editorial","article_modified_time":"2024-07-29T07:39:08+00:00","og_image":[{"width":601,"height":858,"url":"https:\/\/letrame.com\/catalogo\/wp-content\/uploads\/2024\/04\/redportada_epacios_568mm-1-compressed.jpg","type":"image\/jpeg"}],"twitter_card":"summary_large_image","twitter_misc":{"Tiempo de lectura":"2 minutos"},"schema":{"@context":"https:\/\/schema.org","@graph":[{"@type":"WebPage","@id":"https:\/\/letrame.com\/catalogo\/producto\/espacios\/","url":"https:\/\/letrame.com\/catalogo\/producto\/espacios\/","name":"Espacios - Catalogo | Letrame Grupo Editorial","isPartOf":{"@id":"https:\/\/letrame.com\/catalogo\/#website"},"primaryImageOfPage":{"@id":"https:\/\/letrame.com\/catalogo\/producto\/espacios\/#primaryimage"},"image":{"@id":"https:\/\/letrame.com\/catalogo\/producto\/espacios\/#primaryimage"},"thumbnailUrl":"https:\/\/letrame.com\/catalogo\/wp-content\/uploads\/2024\/04\/redportada_epacios_568mm-1-compressed.jpg","datePublished":"2024-04-29T13:08:27+00:00","dateModified":"2024-07-29T07:39:08+00:00","breadcrumb":{"@id":"https:\/\/letrame.com\/catalogo\/producto\/espacios\/#breadcrumb"},"inLanguage":"es","potentialAction":[{"@type":"ReadAction","target":["https:\/\/letrame.com\/catalogo\/producto\/espacios\/"]}]},{"@type":"ImageObject","inLanguage":"es","@id":"https:\/\/letrame.com\/catalogo\/producto\/espacios\/#primaryimage","url":"https:\/\/letrame.com\/catalogo\/wp-content\/uploads\/2024\/04\/redportada_epacios_568mm-1-compressed.jpg","contentUrl":"https:\/\/letrame.com\/catalogo\/wp-content\/uploads\/2024\/04\/redportada_epacios_568mm-1-compressed.jpg","width":601,"height":858},{"@type":"BreadcrumbList","@id":"https:\/\/letrame.com\/catalogo\/producto\/espacios\/#breadcrumb","itemListElement":[{"@type":"ListItem","position":1,"name":"Portada","item":"https:\/\/letrame.com\/catalogo\/"},{"@type":"ListItem","position":2,"name":"Cat\u00e1logo","item":"https:\/\/letrame.com\/catalogo\/"},{"@type":"ListItem","position":3,"name":"Espacios"}]},{"@type":"WebSite","@id":"https:\/\/letrame.com\/catalogo\/#website","url":"https:\/\/letrame.com\/catalogo\/","name":"Catalogo | Letrame Grupo Editorial","description":"","publisher":{"@id":"https:\/\/letrame.com\/catalogo\/#organization"},"potentialAction":[{"@type":"SearchAction","target":{"@type":"EntryPoint","urlTemplate":"https:\/\/letrame.com\/catalogo\/?s={search_term_string}"},"query-input":{"@type":"PropertyValueSpecification","valueRequired":true,"valueName":"search_term_string"}}],"inLanguage":"es"},{"@type":"Organization","@id":"https:\/\/letrame.com\/catalogo\/#organization","name":"Catalogo | Letrame Grupo Editorial","url":"https:\/\/letrame.com\/catalogo\/","logo":{"@type":"ImageObject","inLanguage":"es","@id":"https:\/\/letrame.com\/catalogo\/#\/schema\/logo\/image\/","url":"https:\/\/letrame.com\/catalogo\/wp-content\/uploads\/2024\/03\/logo2.webp","contentUrl":"https:\/\/letrame.com\/catalogo\/wp-content\/uploads\/2024\/03\/logo2.webp","width":394,"height":128,"caption":"Catalogo | Letrame Grupo Editorial"},"image":{"@id":"https:\/\/letrame.com\/catalogo\/#\/schema\/logo\/image\/"}}]}},"_links":{"self":[{"href":"https:\/\/letrame.com\/catalogo\/wp-json\/wp\/v2\/product\/98495","targetHints":{"allow":["GET"]}}],"collection":[{"href":"https:\/\/letrame.com\/catalogo\/wp-json\/wp\/v2\/product"}],"about":[{"href":"https:\/\/letrame.com\/catalogo\/wp-json\/wp\/v2\/types\/product"}],"replies":[{"embeddable":true,"href":"https:\/\/letrame.com\/catalogo\/wp-json\/wp\/v2\/comments?post=98495"}],"acf:post":[{"embeddable":true,"href":"https:\/\/letrame.com\/catalogo\/wp-json\/wp\/v2\/author_book\/77434"}],"wp:featuredmedia":[{"embeddable":true,"href":"https:\/\/letrame.com\/catalogo\/wp-json\/wp\/v2\/media\/98496"}],"wp:attachment":[{"href":"https:\/\/letrame.com\/catalogo\/wp-json\/wp\/v2\/media?parent=98495"}],"wp:term":[{"taxonomy":"libro","embeddable":true,"href":"https:\/\/letrame.com\/catalogo\/wp-json\/wp\/v2\/libro?post=98495"},{"taxonomy":"product_brand","embeddable":true,"href":"https:\/\/letrame.com\/catalogo\/wp-json\/wp\/v2\/product_brand?post=98495"},{"taxonomy":"product_cat","embeddable":true,"href":"https:\/\/letrame.com\/catalogo\/wp-json\/wp\/v2\/product_cat?post=98495"},{"taxonomy":"product_tag","embeddable":true,"href":"https:\/\/letrame.com\/catalogo\/wp-json\/wp\/v2\/product_tag?post=98495"}],"curies":[{"name":"wp","href":"https:\/\/api.w.org\/{rel}","templated":true}]}}