{"id":98492,"date":"2024-04-29T15:07:57","date_gmt":"2024-04-29T13:07:57","guid":{"rendered":"https:\/\/letrame.com\/catalogo\/producto\/el-libro-de-marcos-y-los-mundos-perdidos-tercera-parte\/"},"modified":"2024-08-09T10:54:26","modified_gmt":"2024-08-09T08:54:26","slug":"el-libro-de-marcos-y-los-mundos-perdidos-tercera-parte","status":"publish","type":"product","link":"https:\/\/letrame.com\/catalogo\/producto\/el-libro-de-marcos-y-los-mundos-perdidos-tercera-parte\/","title":{"rendered":"El libro de Marcos y los mundos perdidos (tercera parte)"},"content":{"rendered":"<p><strong>ISBN<\/strong>: 978-84-1144-249-7<\/p>\n<p><strong>T\u00edtulo<\/strong>: El libro de Marcos y los mundos perdidos (tercera parte)<br \/>\n<strong>Fecha<\/strong>: 2022<br \/>\n<strong>P\u00e1ginas<\/strong>: 118<\/p>\n<p><strong>SINOPSIS<\/strong><\/p>\n<p>\u00bfQue podr\u00edamos encontrar si fu\u00e9ramos capaces de ver m\u00e1s all\u00e1 de la imagen en el espejo? En esta tercera parte, Marcos y Deisan nos llevan a trav\u00e9s de incontables aventuras a los universos duplicados fuera de los formatos de la creaci\u00f3n. Conoceremos Los mundos sin soles ni estrellas, la raz\u00f3n de Los Ecos Flash y los trasmundos de las sombras. Se quedar\u00e1n encapullados con sus recuerdos mientras atraviesan los ojos del Universo en busca de detener la disoluci\u00f3n de las almas. Llegaran al otro lado del reflejo para regresar a su presente, la \u00fanica versi\u00f3n de lo que somos. \u00a1No hay vida, si no se vive! \u00a1No Hay experiencias, si no se experimenta! \u00a1No hay forma de ser, sin antes haber sido!<\/p>\n<p>&nbsp;<\/p>\n","protected":false},"excerpt":{"rendered":"<p><strong>ISBN<\/strong>: 978-84-1144-249-7<\/p>\n<p><strong>SINOPSIS<\/strong><\/p>\n<p>\u00bfQue podr\u00edamos encontrar si fu\u00e9ramos capaces de ver m\u00e1s all\u00e1 de la imagen en el espejo? En esta tercera parte, Marcos y Deisan nos llevan a trav\u00e9s de incontables aventuras a los universos duplicados fuera de los formatos de la creaci\u00f3n. Conoceremos Los mundos sin soles ni estrellas, la raz\u00f3n de Los Ecos Flash y los trasmundos de las sombras. Se quedar\u00e1n encapullados con sus recuerdos mientras atraviesan los ojos del Universo en busca de detener la disoluci\u00f3n de las almas. Llegaran al otro lado del reflejo para regresar a su presente, la \u00fanica versi\u00f3n de lo que somos. \u00a1No hay vida, si no se vive! \u00a1No Hay experiencias, si no se experimenta! \u00a1No hay forma de ser, sin antes haber sido!<\/p>\n","protected":false},"featured_media":100419,"comment_status":"closed","ping_status":"closed","template":"","meta":{"_acf_changed":false},"libro":[],"product_brand":[],"product_cat":[47],"product_tag":[],"class_list":{"0":"post-98492","1":"product","2":"type-product","3":"status-publish","4":"has-post-thumbnail","6":"product_cat-ciencia-ficcion-misterio","8":"first","9":"instock","10":"product-type-simple"},"acf":{"autor":[76950],"enlace_de_compra":"https:\/\/amzn.to\/3WUEAYW"},"yoast_head":"<!-- This site is optimized with the Yoast SEO plugin v27.4 - https:\/\/yoast.com\/product\/yoast-seo-wordpress\/ -->\n<title>El libro de Marcos y los mundos perdidos (tercera parte) - Catalogo | Letrame Grupo Editorial<\/title>\n<meta name=\"robots\" content=\"index, follow, max-snippet:-1, max-image-preview:large, max-video-preview:-1\" \/>\n<link rel=\"canonical\" href=\"https:\/\/letrame.com\/catalogo\/producto\/el-libro-de-marcos-y-los-mundos-perdidos-tercera-parte\/\" \/>\n<meta property=\"og:locale\" content=\"es_ES\" \/>\n<meta property=\"og:type\" content=\"article\" \/>\n<meta property=\"og:title\" content=\"El libro de Marcos y los mundos perdidos (tercera parte) - Catalogo | Letrame Grupo Editorial\" \/>\n<meta property=\"og:description\" content=\"ISBN: 978-84-1144-249-7  SINOPSIS  \u00bfQue podr\u00edamos encontrar si fu\u00e9ramos capaces de ver m\u00e1s all\u00e1 de la imagen en el espejo? En esta tercera parte, Marcos y Deisan nos llevan a trav\u00e9s de incontables aventuras a los universos duplicados fuera de los formatos de la creaci\u00f3n. Conoceremos Los mundos sin soles ni estrellas, la raz\u00f3n de Los Ecos Flash y los trasmundos de las sombras. Se quedar\u00e1n encapullados con sus recuerdos mientras atraviesan los ojos del Universo en busca de detener la disoluci\u00f3n de las almas. Llegaran al otro lado del reflejo para regresar a su presente, la \u00fanica versi\u00f3n de lo que somos. \u00a1No hay vida, si no se vive! \u00a1No Hay experiencias, si no se experimenta! \u00a1No hay forma de ser, sin antes haber sido!\" \/>\n<meta property=\"og:url\" content=\"https:\/\/letrame.com\/catalogo\/producto\/el-libro-de-marcos-y-los-mundos-perdidos-tercera-parte\/\" \/>\n<meta property=\"og:site_name\" content=\"Catalogo | Letrame Grupo Editorial\" \/>\n<meta property=\"article:modified_time\" content=\"2024-08-09T08:54:26+00:00\" \/>\n<meta property=\"og:image\" content=\"https:\/\/letrame.com\/catalogo\/wp-content\/uploads\/2024\/04\/redportada_ellibrodemarcos_651mm.webp\" \/>\n\t<meta property=\"og:image:width\" content=\"601\" \/>\n\t<meta property=\"og:image:height\" content=\"881\" \/>\n\t<meta property=\"og:image:type\" content=\"image\/webp\" \/>\n<meta name=\"twitter:card\" content=\"summary_large_image\" \/>\n<meta name=\"twitter:label1\" content=\"Tiempo de lectura\" \/>\n\t<meta name=\"twitter:data1\" content=\"1 minuto\" \/>\n<script type=\"application\/ld+json\" class=\"yoast-schema-graph\">{\"@context\":\"https:\\\/\\\/schema.org\",\"@graph\":[{\"@type\":\"WebPage\",\"@id\":\"https:\\\/\\\/letrame.com\\\/catalogo\\\/producto\\\/el-libro-de-marcos-y-los-mundos-perdidos-tercera-parte\\\/\",\"url\":\"https:\\\/\\\/letrame.com\\\/catalogo\\\/producto\\\/el-libro-de-marcos-y-los-mundos-perdidos-tercera-parte\\\/\",\"name\":\"El libro de Marcos y los mundos perdidos (tercera parte) - Catalogo | Letrame Grupo Editorial\",\"isPartOf\":{\"@id\":\"https:\\\/\\\/letrame.com\\\/catalogo\\\/#website\"},\"primaryImageOfPage\":{\"@id\":\"https:\\\/\\\/letrame.com\\\/catalogo\\\/producto\\\/el-libro-de-marcos-y-los-mundos-perdidos-tercera-parte\\\/#primaryimage\"},\"image\":{\"@id\":\"https:\\\/\\\/letrame.com\\\/catalogo\\\/producto\\\/el-libro-de-marcos-y-los-mundos-perdidos-tercera-parte\\\/#primaryimage\"},\"thumbnailUrl\":\"https:\\\/\\\/letrame.com\\\/catalogo\\\/wp-content\\\/uploads\\\/2024\\\/04\\\/redportada_ellibrodemarcos_651mm.webp\",\"datePublished\":\"2024-04-29T13:07:57+00:00\",\"dateModified\":\"2024-08-09T08:54:26+00:00\",\"breadcrumb\":{\"@id\":\"https:\\\/\\\/letrame.com\\\/catalogo\\\/producto\\\/el-libro-de-marcos-y-los-mundos-perdidos-tercera-parte\\\/#breadcrumb\"},\"inLanguage\":\"es\",\"potentialAction\":[{\"@type\":\"ReadAction\",\"target\":[\"https:\\\/\\\/letrame.com\\\/catalogo\\\/producto\\\/el-libro-de-marcos-y-los-mundos-perdidos-tercera-parte\\\/\"]}]},{\"@type\":\"ImageObject\",\"inLanguage\":\"es\",\"@id\":\"https:\\\/\\\/letrame.com\\\/catalogo\\\/producto\\\/el-libro-de-marcos-y-los-mundos-perdidos-tercera-parte\\\/#primaryimage\",\"url\":\"https:\\\/\\\/letrame.com\\\/catalogo\\\/wp-content\\\/uploads\\\/2024\\\/04\\\/redportada_ellibrodemarcos_651mm.webp\",\"contentUrl\":\"https:\\\/\\\/letrame.com\\\/catalogo\\\/wp-content\\\/uploads\\\/2024\\\/04\\\/redportada_ellibrodemarcos_651mm.webp\",\"width\":601,\"height\":881},{\"@type\":\"BreadcrumbList\",\"@id\":\"https:\\\/\\\/letrame.com\\\/catalogo\\\/producto\\\/el-libro-de-marcos-y-los-mundos-perdidos-tercera-parte\\\/#breadcrumb\",\"itemListElement\":[{\"@type\":\"ListItem\",\"position\":1,\"name\":\"Portada\",\"item\":\"https:\\\/\\\/letrame.com\\\/catalogo\\\/\"},{\"@type\":\"ListItem\",\"position\":2,\"name\":\"Cat\u00e1logo\",\"item\":\"https:\\\/\\\/letrame.com\\\/catalogo\\\/\"},{\"@type\":\"ListItem\",\"position\":3,\"name\":\"El libro de Marcos y los mundos perdidos (tercera parte)\"}]},{\"@type\":\"WebSite\",\"@id\":\"https:\\\/\\\/letrame.com\\\/catalogo\\\/#website\",\"url\":\"https:\\\/\\\/letrame.com\\\/catalogo\\\/\",\"name\":\"Catalogo | Letrame Grupo Editorial\",\"description\":\"\",\"publisher\":{\"@id\":\"https:\\\/\\\/letrame.com\\\/catalogo\\\/#organization\"},\"potentialAction\":[{\"@type\":\"SearchAction\",\"target\":{\"@type\":\"EntryPoint\",\"urlTemplate\":\"https:\\\/\\\/letrame.com\\\/catalogo\\\/?s={search_term_string}\"},\"query-input\":{\"@type\":\"PropertyValueSpecification\",\"valueRequired\":true,\"valueName\":\"search_term_string\"}}],\"inLanguage\":\"es\"},{\"@type\":\"Organization\",\"@id\":\"https:\\\/\\\/letrame.com\\\/catalogo\\\/#organization\",\"name\":\"Catalogo | Letrame Grupo Editorial\",\"url\":\"https:\\\/\\\/letrame.com\\\/catalogo\\\/\",\"logo\":{\"@type\":\"ImageObject\",\"inLanguage\":\"es\",\"@id\":\"https:\\\/\\\/letrame.com\\\/catalogo\\\/#\\\/schema\\\/logo\\\/image\\\/\",\"url\":\"https:\\\/\\\/letrame.com\\\/catalogo\\\/wp-content\\\/uploads\\\/2024\\\/03\\\/logo2.webp\",\"contentUrl\":\"https:\\\/\\\/letrame.com\\\/catalogo\\\/wp-content\\\/uploads\\\/2024\\\/03\\\/logo2.webp\",\"width\":394,\"height\":128,\"caption\":\"Catalogo | Letrame Grupo Editorial\"},\"image\":{\"@id\":\"https:\\\/\\\/letrame.com\\\/catalogo\\\/#\\\/schema\\\/logo\\\/image\\\/\"}}]}<\/script>\n<!-- \/ Yoast SEO plugin. -->","yoast_head_json":{"title":"El libro de Marcos y los mundos perdidos (tercera parte) - Catalogo | Letrame Grupo Editorial","robots":{"index":"index","follow":"follow","max-snippet":"max-snippet:-1","max-image-preview":"max-image-preview:large","max-video-preview":"max-video-preview:-1"},"canonical":"https:\/\/letrame.com\/catalogo\/producto\/el-libro-de-marcos-y-los-mundos-perdidos-tercera-parte\/","og_locale":"es_ES","og_type":"article","og_title":"El libro de Marcos y los mundos perdidos (tercera parte) - Catalogo | Letrame Grupo Editorial","og_description":"ISBN: 978-84-1144-249-7  SINOPSIS  \u00bfQue podr\u00edamos encontrar si fu\u00e9ramos capaces de ver m\u00e1s all\u00e1 de la imagen en el espejo? En esta tercera parte, Marcos y Deisan nos llevan a trav\u00e9s de incontables aventuras a los universos duplicados fuera de los formatos de la creaci\u00f3n. Conoceremos Los mundos sin soles ni estrellas, la raz\u00f3n de Los Ecos Flash y los trasmundos de las sombras. Se quedar\u00e1n encapullados con sus recuerdos mientras atraviesan los ojos del Universo en busca de detener la disoluci\u00f3n de las almas. Llegaran al otro lado del reflejo para regresar a su presente, la \u00fanica versi\u00f3n de lo que somos. \u00a1No hay vida, si no se vive! \u00a1No Hay experiencias, si no se experimenta! \u00a1No hay forma de ser, sin antes haber sido!","og_url":"https:\/\/letrame.com\/catalogo\/producto\/el-libro-de-marcos-y-los-mundos-perdidos-tercera-parte\/","og_site_name":"Catalogo | Letrame Grupo Editorial","article_modified_time":"2024-08-09T08:54:26+00:00","og_image":[{"width":601,"height":881,"url":"https:\/\/letrame.com\/catalogo\/wp-content\/uploads\/2024\/04\/redportada_ellibrodemarcos_651mm.webp","type":"image\/webp"}],"twitter_card":"summary_large_image","twitter_misc":{"Tiempo de lectura":"1 minuto"},"schema":{"@context":"https:\/\/schema.org","@graph":[{"@type":"WebPage","@id":"https:\/\/letrame.com\/catalogo\/producto\/el-libro-de-marcos-y-los-mundos-perdidos-tercera-parte\/","url":"https:\/\/letrame.com\/catalogo\/producto\/el-libro-de-marcos-y-los-mundos-perdidos-tercera-parte\/","name":"El libro de Marcos y los mundos perdidos (tercera parte) - Catalogo | Letrame Grupo Editorial","isPartOf":{"@id":"https:\/\/letrame.com\/catalogo\/#website"},"primaryImageOfPage":{"@id":"https:\/\/letrame.com\/catalogo\/producto\/el-libro-de-marcos-y-los-mundos-perdidos-tercera-parte\/#primaryimage"},"image":{"@id":"https:\/\/letrame.com\/catalogo\/producto\/el-libro-de-marcos-y-los-mundos-perdidos-tercera-parte\/#primaryimage"},"thumbnailUrl":"https:\/\/letrame.com\/catalogo\/wp-content\/uploads\/2024\/04\/redportada_ellibrodemarcos_651mm.webp","datePublished":"2024-04-29T13:07:57+00:00","dateModified":"2024-08-09T08:54:26+00:00","breadcrumb":{"@id":"https:\/\/letrame.com\/catalogo\/producto\/el-libro-de-marcos-y-los-mundos-perdidos-tercera-parte\/#breadcrumb"},"inLanguage":"es","potentialAction":[{"@type":"ReadAction","target":["https:\/\/letrame.com\/catalogo\/producto\/el-libro-de-marcos-y-los-mundos-perdidos-tercera-parte\/"]}]},{"@type":"ImageObject","inLanguage":"es","@id":"https:\/\/letrame.com\/catalogo\/producto\/el-libro-de-marcos-y-los-mundos-perdidos-tercera-parte\/#primaryimage","url":"https:\/\/letrame.com\/catalogo\/wp-content\/uploads\/2024\/04\/redportada_ellibrodemarcos_651mm.webp","contentUrl":"https:\/\/letrame.com\/catalogo\/wp-content\/uploads\/2024\/04\/redportada_ellibrodemarcos_651mm.webp","width":601,"height":881},{"@type":"BreadcrumbList","@id":"https:\/\/letrame.com\/catalogo\/producto\/el-libro-de-marcos-y-los-mundos-perdidos-tercera-parte\/#breadcrumb","itemListElement":[{"@type":"ListItem","position":1,"name":"Portada","item":"https:\/\/letrame.com\/catalogo\/"},{"@type":"ListItem","position":2,"name":"Cat\u00e1logo","item":"https:\/\/letrame.com\/catalogo\/"},{"@type":"ListItem","position":3,"name":"El libro de Marcos y los mundos perdidos (tercera parte)"}]},{"@type":"WebSite","@id":"https:\/\/letrame.com\/catalogo\/#website","url":"https:\/\/letrame.com\/catalogo\/","name":"Catalogo | Letrame Grupo Editorial","description":"","publisher":{"@id":"https:\/\/letrame.com\/catalogo\/#organization"},"potentialAction":[{"@type":"SearchAction","target":{"@type":"EntryPoint","urlTemplate":"https:\/\/letrame.com\/catalogo\/?s={search_term_string}"},"query-input":{"@type":"PropertyValueSpecification","valueRequired":true,"valueName":"search_term_string"}}],"inLanguage":"es"},{"@type":"Organization","@id":"https:\/\/letrame.com\/catalogo\/#organization","name":"Catalogo | Letrame Grupo Editorial","url":"https:\/\/letrame.com\/catalogo\/","logo":{"@type":"ImageObject","inLanguage":"es","@id":"https:\/\/letrame.com\/catalogo\/#\/schema\/logo\/image\/","url":"https:\/\/letrame.com\/catalogo\/wp-content\/uploads\/2024\/03\/logo2.webp","contentUrl":"https:\/\/letrame.com\/catalogo\/wp-content\/uploads\/2024\/03\/logo2.webp","width":394,"height":128,"caption":"Catalogo | Letrame Grupo Editorial"},"image":{"@id":"https:\/\/letrame.com\/catalogo\/#\/schema\/logo\/image\/"}}]}},"_links":{"self":[{"href":"https:\/\/letrame.com\/catalogo\/wp-json\/wp\/v2\/product\/98492","targetHints":{"allow":["GET"]}}],"collection":[{"href":"https:\/\/letrame.com\/catalogo\/wp-json\/wp\/v2\/product"}],"about":[{"href":"https:\/\/letrame.com\/catalogo\/wp-json\/wp\/v2\/types\/product"}],"replies":[{"embeddable":true,"href":"https:\/\/letrame.com\/catalogo\/wp-json\/wp\/v2\/comments?post=98492"}],"acf:post":[{"embeddable":true,"href":"https:\/\/letrame.com\/catalogo\/wp-json\/wp\/v2\/author_book\/76950"}],"wp:featuredmedia":[{"embeddable":true,"href":"https:\/\/letrame.com\/catalogo\/wp-json\/wp\/v2\/media\/100419"}],"wp:attachment":[{"href":"https:\/\/letrame.com\/catalogo\/wp-json\/wp\/v2\/media?parent=98492"}],"wp:term":[{"taxonomy":"libro","embeddable":true,"href":"https:\/\/letrame.com\/catalogo\/wp-json\/wp\/v2\/libro?post=98492"},{"taxonomy":"product_brand","embeddable":true,"href":"https:\/\/letrame.com\/catalogo\/wp-json\/wp\/v2\/product_brand?post=98492"},{"taxonomy":"product_cat","embeddable":true,"href":"https:\/\/letrame.com\/catalogo\/wp-json\/wp\/v2\/product_cat?post=98492"},{"taxonomy":"product_tag","embeddable":true,"href":"https:\/\/letrame.com\/catalogo\/wp-json\/wp\/v2\/product_tag?post=98492"}],"curies":[{"name":"wp","href":"https:\/\/api.w.org\/{rel}","templated":true}]}}