{"id":98488,"date":"2024-04-29T15:07:57","date_gmt":"2024-04-29T13:07:57","guid":{"rendered":"https:\/\/letrame.com\/catalogo\/producto\/palabras-de-luz\/"},"modified":"2024-08-09T11:02:02","modified_gmt":"2024-08-09T09:02:02","slug":"palabras-de-luz","status":"publish","type":"product","link":"https:\/\/letrame.com\/catalogo\/producto\/palabras-de-luz\/","title":{"rendered":"Palabras de luz"},"content":{"rendered":"<p><strong>ISBN<\/strong>: 978-84-1144-245-9<\/p>\n<p><strong>T\u00edtulo<\/strong>: Palabras de luz<br \/>\n<strong>Fecha<\/strong>: 2022<br \/>\n<strong>P\u00e1ginas<\/strong>: 200<\/p>\n<p><strong>SINOPSIS<\/strong><\/p>\n<p>Somos lo que hacemos d\u00eda a d\u00eda. De modo que la excelencia<br \/>\nno es un acto, sino un h\u00e1bito.<br \/>\n-Arist\u00f3teles-<\/p>\n<p>No tomo tus palabras meramente como tales. Todo lo contrario.<br \/>\nEscucho solo lo que hace que t\u00fa hables y yo escuche.<\/p>\n<p>-Shinkichi Takahashi-<\/p>\n<p>La vida es una obra de teatro que no permite ensayos\u2026 Por eso, canta, r\u00ede, baila, llora y vive intensamente cada momento de tu vida\u2026 antes que el tel\u00f3n baje y la obra termine sin aplausos.<\/p>\n<p>-Charles Chaplin-<\/p>\n<p>La felicidad es amor, no es otra cosa. El que sabe amar es feliz.<\/p>\n<p>-Hermann Hesse-<\/p>\n","protected":false},"excerpt":{"rendered":"<p><strong>ISBN<\/strong>: 978-84-1144-245-9<\/p>\n<p><strong>SINOPSIS<\/strong><\/p>\n<p>Somos lo que hacemos d\u00eda a d\u00eda. De modo que la excelencia<br \/>\nno es un acto, sino un h\u00e1bito.<br \/>\n-Arist\u00f3teles-<\/p>\n<p>No tomo tus palabras meramente como tales. Todo lo contrario.<br \/>\nEscucho solo lo que hace que t\u00fa hables y yo escuche.<\/p>\n<p>-Shinkichi Takahashi-<\/p>\n<p>La vida es una obra de teatro que no permite ensayos\u2026 Por eso, canta, r\u00ede, baila, llora y vive intensamente cada momento de tu vida\u2026 antes que el tel\u00f3n baje y la obra termine sin aplausos.<\/p>\n<p>-Charles Chaplin-<\/p>\n<p>La felicidad es amor, no es otra cosa. El que sabe amar es feliz.<\/p>\n<p>-Hermann Hesse-<\/p>\n","protected":false},"featured_media":98489,"comment_status":"closed","ping_status":"closed","template":"","meta":{"_acf_changed":false},"libro":[],"product_brand":[],"product_cat":[20],"product_tag":[],"class_list":{"0":"post-98488","1":"product","2":"type-product","3":"status-publish","4":"has-post-thumbnail","6":"product_cat-poesia","8":"first","9":"instock","10":"product-type-simple"},"acf":{"autor":[76948],"enlace_de_compra":"https:\/\/amzn.to\/4dUbDlF"},"yoast_head":"<!-- This site is optimized with the Yoast SEO plugin v26.6 - https:\/\/yoast.com\/wordpress\/plugins\/seo\/ -->\n<title>Palabras de luz - Catalogo | Letrame Grupo Editorial<\/title>\n<meta name=\"robots\" content=\"index, follow, max-snippet:-1, max-image-preview:large, max-video-preview:-1\" \/>\n<link rel=\"canonical\" href=\"https:\/\/letrame.com\/catalogo\/producto\/palabras-de-luz\/\" \/>\n<meta property=\"og:locale\" content=\"es_ES\" \/>\n<meta property=\"og:type\" content=\"article\" \/>\n<meta property=\"og:title\" content=\"Palabras de luz - Catalogo | Letrame Grupo Editorial\" \/>\n<meta property=\"og:description\" content=\"ISBN: 978-84-1144-245-9  SINOPSIS  Somos lo que hacemos d\u00eda a d\u00eda. De modo que la excelencia no es un acto, sino un h\u00e1bito. -Arist\u00f3teles-  No tomo tus palabras meramente como tales. Todo lo contrario. Escucho solo lo que hace que t\u00fa hables y yo escuche.  -Shinkichi Takahashi-  La vida es una obra de teatro que no permite ensayos\u2026 Por eso, canta, r\u00ede, baila, llora y vive intensamente cada momento de tu vida\u2026 antes que el tel\u00f3n baje y la obra termine sin aplausos.  -Charles Chaplin-  La felicidad es amor, no es otra cosa. El que sabe amar es feliz.  -Hermann Hesse-\" \/>\n<meta property=\"og:url\" content=\"https:\/\/letrame.com\/catalogo\/producto\/palabras-de-luz\/\" \/>\n<meta property=\"og:site_name\" content=\"Catalogo | Letrame Grupo Editorial\" \/>\n<meta property=\"article:modified_time\" content=\"2024-08-09T09:02:02+00:00\" \/>\n<meta property=\"og:image\" content=\"https:\/\/letrame.com\/catalogo\/wp-content\/uploads\/2024\/04\/redportada_palabrasdeluz_103mm.jpg\" \/>\n\t<meta property=\"og:image:width\" content=\"601\" \/>\n\t<meta property=\"og:image:height\" content=\"881\" \/>\n\t<meta property=\"og:image:type\" content=\"image\/jpeg\" \/>\n<meta name=\"twitter:card\" content=\"summary_large_image\" \/>\n<meta name=\"twitter:label1\" content=\"Tiempo de lectura\" \/>\n\t<meta name=\"twitter:data1\" content=\"1 minuto\" \/>\n<script type=\"application\/ld+json\" class=\"yoast-schema-graph\">{\"@context\":\"https:\/\/schema.org\",\"@graph\":[{\"@type\":\"WebPage\",\"@id\":\"https:\/\/letrame.com\/catalogo\/producto\/palabras-de-luz\/\",\"url\":\"https:\/\/letrame.com\/catalogo\/producto\/palabras-de-luz\/\",\"name\":\"Palabras de luz - Catalogo | Letrame Grupo Editorial\",\"isPartOf\":{\"@id\":\"https:\/\/letrame.com\/catalogo\/#website\"},\"primaryImageOfPage\":{\"@id\":\"https:\/\/letrame.com\/catalogo\/producto\/palabras-de-luz\/#primaryimage\"},\"image\":{\"@id\":\"https:\/\/letrame.com\/catalogo\/producto\/palabras-de-luz\/#primaryimage\"},\"thumbnailUrl\":\"https:\/\/letrame.com\/catalogo\/wp-content\/uploads\/2024\/04\/redportada_palabrasdeluz_103mm.jpg\",\"datePublished\":\"2024-04-29T13:07:57+00:00\",\"dateModified\":\"2024-08-09T09:02:02+00:00\",\"breadcrumb\":{\"@id\":\"https:\/\/letrame.com\/catalogo\/producto\/palabras-de-luz\/#breadcrumb\"},\"inLanguage\":\"es\",\"potentialAction\":[{\"@type\":\"ReadAction\",\"target\":[\"https:\/\/letrame.com\/catalogo\/producto\/palabras-de-luz\/\"]}]},{\"@type\":\"ImageObject\",\"inLanguage\":\"es\",\"@id\":\"https:\/\/letrame.com\/catalogo\/producto\/palabras-de-luz\/#primaryimage\",\"url\":\"https:\/\/letrame.com\/catalogo\/wp-content\/uploads\/2024\/04\/redportada_palabrasdeluz_103mm.jpg\",\"contentUrl\":\"https:\/\/letrame.com\/catalogo\/wp-content\/uploads\/2024\/04\/redportada_palabrasdeluz_103mm.jpg\",\"width\":601,\"height\":881},{\"@type\":\"BreadcrumbList\",\"@id\":\"https:\/\/letrame.com\/catalogo\/producto\/palabras-de-luz\/#breadcrumb\",\"itemListElement\":[{\"@type\":\"ListItem\",\"position\":1,\"name\":\"Portada\",\"item\":\"https:\/\/letrame.com\/catalogo\/\"},{\"@type\":\"ListItem\",\"position\":2,\"name\":\"Cat\u00e1logo\",\"item\":\"https:\/\/letrame.com\/catalogo\/\"},{\"@type\":\"ListItem\",\"position\":3,\"name\":\"Palabras de luz\"}]},{\"@type\":\"WebSite\",\"@id\":\"https:\/\/letrame.com\/catalogo\/#website\",\"url\":\"https:\/\/letrame.com\/catalogo\/\",\"name\":\"Catalogo | Letrame Grupo Editorial\",\"description\":\"\",\"publisher\":{\"@id\":\"https:\/\/letrame.com\/catalogo\/#organization\"},\"potentialAction\":[{\"@type\":\"SearchAction\",\"target\":{\"@type\":\"EntryPoint\",\"urlTemplate\":\"https:\/\/letrame.com\/catalogo\/?s={search_term_string}\"},\"query-input\":{\"@type\":\"PropertyValueSpecification\",\"valueRequired\":true,\"valueName\":\"search_term_string\"}}],\"inLanguage\":\"es\"},{\"@type\":\"Organization\",\"@id\":\"https:\/\/letrame.com\/catalogo\/#organization\",\"name\":\"Catalogo | Letrame Grupo Editorial\",\"url\":\"https:\/\/letrame.com\/catalogo\/\",\"logo\":{\"@type\":\"ImageObject\",\"inLanguage\":\"es\",\"@id\":\"https:\/\/letrame.com\/catalogo\/#\/schema\/logo\/image\/\",\"url\":\"https:\/\/letrame.com\/catalogo\/wp-content\/uploads\/2024\/03\/logo2.webp\",\"contentUrl\":\"https:\/\/letrame.com\/catalogo\/wp-content\/uploads\/2024\/03\/logo2.webp\",\"width\":394,\"height\":128,\"caption\":\"Catalogo | Letrame Grupo Editorial\"},\"image\":{\"@id\":\"https:\/\/letrame.com\/catalogo\/#\/schema\/logo\/image\/\"}}]}<\/script>\n<!-- \/ Yoast SEO plugin. -->","yoast_head_json":{"title":"Palabras de luz - Catalogo | Letrame Grupo Editorial","robots":{"index":"index","follow":"follow","max-snippet":"max-snippet:-1","max-image-preview":"max-image-preview:large","max-video-preview":"max-video-preview:-1"},"canonical":"https:\/\/letrame.com\/catalogo\/producto\/palabras-de-luz\/","og_locale":"es_ES","og_type":"article","og_title":"Palabras de luz - Catalogo | Letrame Grupo Editorial","og_description":"ISBN: 978-84-1144-245-9  SINOPSIS  Somos lo que hacemos d\u00eda a d\u00eda. De modo que la excelencia no es un acto, sino un h\u00e1bito. -Arist\u00f3teles-  No tomo tus palabras meramente como tales. Todo lo contrario. Escucho solo lo que hace que t\u00fa hables y yo escuche.  -Shinkichi Takahashi-  La vida es una obra de teatro que no permite ensayos\u2026 Por eso, canta, r\u00ede, baila, llora y vive intensamente cada momento de tu vida\u2026 antes que el tel\u00f3n baje y la obra termine sin aplausos.  -Charles Chaplin-  La felicidad es amor, no es otra cosa. El que sabe amar es feliz.  -Hermann Hesse-","og_url":"https:\/\/letrame.com\/catalogo\/producto\/palabras-de-luz\/","og_site_name":"Catalogo | Letrame Grupo Editorial","article_modified_time":"2024-08-09T09:02:02+00:00","og_image":[{"width":601,"height":881,"url":"https:\/\/letrame.com\/catalogo\/wp-content\/uploads\/2024\/04\/redportada_palabrasdeluz_103mm.jpg","type":"image\/jpeg"}],"twitter_card":"summary_large_image","twitter_misc":{"Tiempo de lectura":"1 minuto"},"schema":{"@context":"https:\/\/schema.org","@graph":[{"@type":"WebPage","@id":"https:\/\/letrame.com\/catalogo\/producto\/palabras-de-luz\/","url":"https:\/\/letrame.com\/catalogo\/producto\/palabras-de-luz\/","name":"Palabras de luz - Catalogo | Letrame Grupo Editorial","isPartOf":{"@id":"https:\/\/letrame.com\/catalogo\/#website"},"primaryImageOfPage":{"@id":"https:\/\/letrame.com\/catalogo\/producto\/palabras-de-luz\/#primaryimage"},"image":{"@id":"https:\/\/letrame.com\/catalogo\/producto\/palabras-de-luz\/#primaryimage"},"thumbnailUrl":"https:\/\/letrame.com\/catalogo\/wp-content\/uploads\/2024\/04\/redportada_palabrasdeluz_103mm.jpg","datePublished":"2024-04-29T13:07:57+00:00","dateModified":"2024-08-09T09:02:02+00:00","breadcrumb":{"@id":"https:\/\/letrame.com\/catalogo\/producto\/palabras-de-luz\/#breadcrumb"},"inLanguage":"es","potentialAction":[{"@type":"ReadAction","target":["https:\/\/letrame.com\/catalogo\/producto\/palabras-de-luz\/"]}]},{"@type":"ImageObject","inLanguage":"es","@id":"https:\/\/letrame.com\/catalogo\/producto\/palabras-de-luz\/#primaryimage","url":"https:\/\/letrame.com\/catalogo\/wp-content\/uploads\/2024\/04\/redportada_palabrasdeluz_103mm.jpg","contentUrl":"https:\/\/letrame.com\/catalogo\/wp-content\/uploads\/2024\/04\/redportada_palabrasdeluz_103mm.jpg","width":601,"height":881},{"@type":"BreadcrumbList","@id":"https:\/\/letrame.com\/catalogo\/producto\/palabras-de-luz\/#breadcrumb","itemListElement":[{"@type":"ListItem","position":1,"name":"Portada","item":"https:\/\/letrame.com\/catalogo\/"},{"@type":"ListItem","position":2,"name":"Cat\u00e1logo","item":"https:\/\/letrame.com\/catalogo\/"},{"@type":"ListItem","position":3,"name":"Palabras de luz"}]},{"@type":"WebSite","@id":"https:\/\/letrame.com\/catalogo\/#website","url":"https:\/\/letrame.com\/catalogo\/","name":"Catalogo | Letrame Grupo Editorial","description":"","publisher":{"@id":"https:\/\/letrame.com\/catalogo\/#organization"},"potentialAction":[{"@type":"SearchAction","target":{"@type":"EntryPoint","urlTemplate":"https:\/\/letrame.com\/catalogo\/?s={search_term_string}"},"query-input":{"@type":"PropertyValueSpecification","valueRequired":true,"valueName":"search_term_string"}}],"inLanguage":"es"},{"@type":"Organization","@id":"https:\/\/letrame.com\/catalogo\/#organization","name":"Catalogo | Letrame Grupo Editorial","url":"https:\/\/letrame.com\/catalogo\/","logo":{"@type":"ImageObject","inLanguage":"es","@id":"https:\/\/letrame.com\/catalogo\/#\/schema\/logo\/image\/","url":"https:\/\/letrame.com\/catalogo\/wp-content\/uploads\/2024\/03\/logo2.webp","contentUrl":"https:\/\/letrame.com\/catalogo\/wp-content\/uploads\/2024\/03\/logo2.webp","width":394,"height":128,"caption":"Catalogo | Letrame Grupo Editorial"},"image":{"@id":"https:\/\/letrame.com\/catalogo\/#\/schema\/logo\/image\/"}}]}},"_links":{"self":[{"href":"https:\/\/letrame.com\/catalogo\/wp-json\/wp\/v2\/product\/98488","targetHints":{"allow":["GET"]}}],"collection":[{"href":"https:\/\/letrame.com\/catalogo\/wp-json\/wp\/v2\/product"}],"about":[{"href":"https:\/\/letrame.com\/catalogo\/wp-json\/wp\/v2\/types\/product"}],"replies":[{"embeddable":true,"href":"https:\/\/letrame.com\/catalogo\/wp-json\/wp\/v2\/comments?post=98488"}],"acf:post":[{"embeddable":true,"href":"https:\/\/letrame.com\/catalogo\/wp-json\/wp\/v2\/author_book\/76948"}],"wp:featuredmedia":[{"embeddable":true,"href":"https:\/\/letrame.com\/catalogo\/wp-json\/wp\/v2\/media\/98489"}],"wp:attachment":[{"href":"https:\/\/letrame.com\/catalogo\/wp-json\/wp\/v2\/media?parent=98488"}],"wp:term":[{"taxonomy":"libro","embeddable":true,"href":"https:\/\/letrame.com\/catalogo\/wp-json\/wp\/v2\/libro?post=98488"},{"taxonomy":"product_brand","embeddable":true,"href":"https:\/\/letrame.com\/catalogo\/wp-json\/wp\/v2\/product_brand?post=98488"},{"taxonomy":"product_cat","embeddable":true,"href":"https:\/\/letrame.com\/catalogo\/wp-json\/wp\/v2\/product_cat?post=98488"},{"taxonomy":"product_tag","embeddable":true,"href":"https:\/\/letrame.com\/catalogo\/wp-json\/wp\/v2\/product_tag?post=98488"}],"curies":[{"name":"wp","href":"https:\/\/api.w.org\/{rel}","templated":true}]}}