{"id":98476,"date":"2024-04-29T15:06:47","date_gmt":"2024-04-29T13:06:47","guid":{"rendered":"https:\/\/letrame.com\/catalogo\/producto\/cuentos-del-buen-amor\/"},"modified":"2024-04-29T15:07:05","modified_gmt":"2024-04-29T13:07:05","slug":"cuentos-del-buen-amor","status":"publish","type":"product","link":"https:\/\/letrame.com\/catalogo\/producto\/cuentos-del-buen-amor\/","title":{"rendered":"Cuentos del buen amor"},"content":{"rendered":"<p><strong>ISBN<\/strong>: 978-84-1144-399-9<\/p>\n<p><strong>T\u00edtulo<\/strong>: Cuentos del buen amor<br \/>\n<strong>Fecha<\/strong>: 2022<br \/>\n<strong>P\u00e1ginas<\/strong>: 144<\/p>\n<p><strong>SINOPSIS<\/strong><\/p>\n<p>No es un simple libro de cuentos, son quince relatos, donde hombres y mujeres enredados en el amor sienten y padecen, son felices o lloran.\u00a0 El amor marca las vidas de la humanidad desde que esta existe, nadie se libra de \u00e9l. Aqu\u00ed, como en la antigua farsa de comediantes, los personajes se mueven en el teatro de su historia y la resolver\u00e1n con \u00e9xito o no.<\/p>\n<p>&nbsp;<\/p>\n<p>\u00ab&#8230; El aire limpio les frotaba la cara, los rayos de luna les envolv\u00edan, ambos eran como dos p\u00e1jaros que descend\u00edan sin rozar las rocas hasta tocar el agua con los pies&#8230;\u00bb<\/p>\n<p>&nbsp;<\/p>\n<p>\u00ab&#8230; La vida est\u00e1 hecha de peque\u00f1os pasos, llegar\u00e1n otros (\u2026) suceder\u00e1n igual que ese d\u00eda, sin saber c\u00f3mo. El sol de primavera calentaba suave, el cielo era transparente, se sent\u00eda la due\u00f1a del universo y sonri\u00f3\u00bb.<\/p>\n","protected":false},"excerpt":{"rendered":"<p><strong>ISBN<\/strong>: 978-84-1144-399-9<\/p>\n<p><strong>SINOPSIS<\/strong><\/p>\n<p>No es un simple libro de cuentos, son quince relatos, donde hombres y mujeres enredados en el amor sienten y padecen, son felices o lloran.\u00a0 El amor marca las vidas de la humanidad desde que esta existe, nadie se libra de \u00e9l. Aqu\u00ed, como en la antigua farsa de comediantes, los personajes se mueven en el teatro de su historia y la resolver\u00e1n con \u00e9xito o no.<\/p>\n<p>&nbsp;<\/p>\n<p>\u00ab&#8230; El aire limpio les frotaba la cara, los rayos de luna les envolv\u00edan, ambos eran como dos p\u00e1jaros que descend\u00edan sin rozar las rocas hasta tocar el agua con los pies&#8230;\u00bb<\/p>\n<p>&nbsp;<\/p>\n<p>\u00ab&#8230; La vida est\u00e1 hecha de peque\u00f1os pasos, llegar\u00e1n otros (\u2026) suceder\u00e1n igual que ese d\u00eda, sin saber c\u00f3mo. El sol de primavera calentaba suave, el cielo era transparente, se sent\u00eda la due\u00f1a del universo y sonri\u00f3\u00bb.<\/p>\n","protected":false},"featured_media":98477,"comment_status":"closed","ping_status":"open","template":"","meta":{"_acf_changed":false},"libro":[],"product_brand":[],"product_cat":[33],"product_tag":[],"class_list":{"0":"post-98476","1":"product","2":"type-product","3":"status-publish","4":"has-post-thumbnail","6":"product_cat-cuento","8":"first","9":"instock","10":"product-type-simple"},"acf":{"autor":[76937],"enlace_de_compra":"https:\/\/www.amazon.es\/Cuentos-buen-Mar%C3%ADPaz-Ordinas-Montojo\/dp\/841144399X\/"},"yoast_head":"<!-- This site is optimized with the Yoast SEO plugin v26.6 - https:\/\/yoast.com\/wordpress\/plugins\/seo\/ -->\n<title>Cuentos del buen amor - Catalogo | Letrame Grupo Editorial<\/title>\n<meta name=\"robots\" content=\"index, follow, max-snippet:-1, max-image-preview:large, max-video-preview:-1\" \/>\n<link rel=\"canonical\" href=\"https:\/\/letrame.com\/catalogo\/producto\/cuentos-del-buen-amor\/\" \/>\n<meta property=\"og:locale\" content=\"es_ES\" \/>\n<meta property=\"og:type\" content=\"article\" \/>\n<meta property=\"og:title\" content=\"Cuentos del buen amor - Catalogo | Letrame Grupo Editorial\" \/>\n<meta property=\"og:description\" content=\"ISBN: 978-84-1144-399-9 SINOPSIS No es un simple libro de cuentos, son quince relatos, donde hombres y mujeres enredados en el amor sienten y padecen, son felices o lloran.\u00a0 El amor marca las vidas de la humanidad desde que esta existe, nadie se libra de \u00e9l. Aqu\u00ed, como en la antigua farsa de comediantes, los personajes se mueven en el teatro de su historia y la resolver\u00e1n con \u00e9xito o no. &nbsp; \u00ab... El aire limpio les frotaba la cara, los rayos de luna les envolv\u00edan, ambos eran como dos p\u00e1jaros que descend\u00edan sin rozar las rocas hasta tocar el agua con los pies...\u00bb &nbsp; \u00ab... La vida est\u00e1 hecha de peque\u00f1os pasos, llegar\u00e1n otros (\u2026) suceder\u00e1n igual que ese d\u00eda, sin saber c\u00f3mo. El sol de primavera calentaba suave, el cielo era transparente, se sent\u00eda la due\u00f1a del universo y sonri\u00f3\u00bb.\" \/>\n<meta property=\"og:url\" content=\"https:\/\/letrame.com\/catalogo\/producto\/cuentos-del-buen-amor\/\" \/>\n<meta property=\"og:site_name\" content=\"Catalogo | Letrame Grupo Editorial\" \/>\n<meta property=\"article:modified_time\" content=\"2024-04-29T13:07:05+00:00\" \/>\n<meta property=\"og:image\" content=\"https:\/\/letrame.com\/catalogo\/wp-content\/uploads\/2024\/04\/redportada_cuentosdebuenamor_771mm-2-compressed.jpg\" \/>\n\t<meta property=\"og:image:width\" content=\"601\" \/>\n\t<meta property=\"og:image:height\" content=\"881\" \/>\n\t<meta property=\"og:image:type\" content=\"image\/jpeg\" \/>\n<meta name=\"twitter:card\" content=\"summary_large_image\" \/>\n<meta name=\"twitter:label1\" content=\"Tiempo de lectura\" \/>\n\t<meta name=\"twitter:data1\" content=\"1 minuto\" \/>\n<script type=\"application\/ld+json\" class=\"yoast-schema-graph\">{\"@context\":\"https:\/\/schema.org\",\"@graph\":[{\"@type\":\"WebPage\",\"@id\":\"https:\/\/letrame.com\/catalogo\/producto\/cuentos-del-buen-amor\/\",\"url\":\"https:\/\/letrame.com\/catalogo\/producto\/cuentos-del-buen-amor\/\",\"name\":\"Cuentos del buen amor - Catalogo | Letrame Grupo Editorial\",\"isPartOf\":{\"@id\":\"https:\/\/letrame.com\/catalogo\/#website\"},\"primaryImageOfPage\":{\"@id\":\"https:\/\/letrame.com\/catalogo\/producto\/cuentos-del-buen-amor\/#primaryimage\"},\"image\":{\"@id\":\"https:\/\/letrame.com\/catalogo\/producto\/cuentos-del-buen-amor\/#primaryimage\"},\"thumbnailUrl\":\"https:\/\/letrame.com\/catalogo\/wp-content\/uploads\/2024\/04\/redportada_cuentosdebuenamor_771mm-2-compressed.jpg\",\"datePublished\":\"2024-04-29T13:06:47+00:00\",\"dateModified\":\"2024-04-29T13:07:05+00:00\",\"breadcrumb\":{\"@id\":\"https:\/\/letrame.com\/catalogo\/producto\/cuentos-del-buen-amor\/#breadcrumb\"},\"inLanguage\":\"es\",\"potentialAction\":[{\"@type\":\"ReadAction\",\"target\":[\"https:\/\/letrame.com\/catalogo\/producto\/cuentos-del-buen-amor\/\"]}]},{\"@type\":\"ImageObject\",\"inLanguage\":\"es\",\"@id\":\"https:\/\/letrame.com\/catalogo\/producto\/cuentos-del-buen-amor\/#primaryimage\",\"url\":\"https:\/\/letrame.com\/catalogo\/wp-content\/uploads\/2024\/04\/redportada_cuentosdebuenamor_771mm-2-compressed.jpg\",\"contentUrl\":\"https:\/\/letrame.com\/catalogo\/wp-content\/uploads\/2024\/04\/redportada_cuentosdebuenamor_771mm-2-compressed.jpg\",\"width\":601,\"height\":881},{\"@type\":\"BreadcrumbList\",\"@id\":\"https:\/\/letrame.com\/catalogo\/producto\/cuentos-del-buen-amor\/#breadcrumb\",\"itemListElement\":[{\"@type\":\"ListItem\",\"position\":1,\"name\":\"Portada\",\"item\":\"https:\/\/letrame.com\/catalogo\/\"},{\"@type\":\"ListItem\",\"position\":2,\"name\":\"Cat\u00e1logo\",\"item\":\"https:\/\/letrame.com\/catalogo\/\"},{\"@type\":\"ListItem\",\"position\":3,\"name\":\"Cuentos del buen amor\"}]},{\"@type\":\"WebSite\",\"@id\":\"https:\/\/letrame.com\/catalogo\/#website\",\"url\":\"https:\/\/letrame.com\/catalogo\/\",\"name\":\"Catalogo | Letrame Grupo Editorial\",\"description\":\"\",\"publisher\":{\"@id\":\"https:\/\/letrame.com\/catalogo\/#organization\"},\"potentialAction\":[{\"@type\":\"SearchAction\",\"target\":{\"@type\":\"EntryPoint\",\"urlTemplate\":\"https:\/\/letrame.com\/catalogo\/?s={search_term_string}\"},\"query-input\":{\"@type\":\"PropertyValueSpecification\",\"valueRequired\":true,\"valueName\":\"search_term_string\"}}],\"inLanguage\":\"es\"},{\"@type\":\"Organization\",\"@id\":\"https:\/\/letrame.com\/catalogo\/#organization\",\"name\":\"Catalogo | Letrame Grupo Editorial\",\"url\":\"https:\/\/letrame.com\/catalogo\/\",\"logo\":{\"@type\":\"ImageObject\",\"inLanguage\":\"es\",\"@id\":\"https:\/\/letrame.com\/catalogo\/#\/schema\/logo\/image\/\",\"url\":\"https:\/\/letrame.com\/catalogo\/wp-content\/uploads\/2024\/03\/logo2.webp\",\"contentUrl\":\"https:\/\/letrame.com\/catalogo\/wp-content\/uploads\/2024\/03\/logo2.webp\",\"width\":394,\"height\":128,\"caption\":\"Catalogo | Letrame Grupo Editorial\"},\"image\":{\"@id\":\"https:\/\/letrame.com\/catalogo\/#\/schema\/logo\/image\/\"}}]}<\/script>\n<!-- \/ Yoast SEO plugin. -->","yoast_head_json":{"title":"Cuentos del buen amor - Catalogo | Letrame Grupo Editorial","robots":{"index":"index","follow":"follow","max-snippet":"max-snippet:-1","max-image-preview":"max-image-preview:large","max-video-preview":"max-video-preview:-1"},"canonical":"https:\/\/letrame.com\/catalogo\/producto\/cuentos-del-buen-amor\/","og_locale":"es_ES","og_type":"article","og_title":"Cuentos del buen amor - Catalogo | Letrame Grupo Editorial","og_description":"ISBN: 978-84-1144-399-9 SINOPSIS No es un simple libro de cuentos, son quince relatos, donde hombres y mujeres enredados en el amor sienten y padecen, son felices o lloran.\u00a0 El amor marca las vidas de la humanidad desde que esta existe, nadie se libra de \u00e9l. Aqu\u00ed, como en la antigua farsa de comediantes, los personajes se mueven en el teatro de su historia y la resolver\u00e1n con \u00e9xito o no. &nbsp; \u00ab... El aire limpio les frotaba la cara, los rayos de luna les envolv\u00edan, ambos eran como dos p\u00e1jaros que descend\u00edan sin rozar las rocas hasta tocar el agua con los pies...\u00bb &nbsp; \u00ab... La vida est\u00e1 hecha de peque\u00f1os pasos, llegar\u00e1n otros (\u2026) suceder\u00e1n igual que ese d\u00eda, sin saber c\u00f3mo. El sol de primavera calentaba suave, el cielo era transparente, se sent\u00eda la due\u00f1a del universo y sonri\u00f3\u00bb.","og_url":"https:\/\/letrame.com\/catalogo\/producto\/cuentos-del-buen-amor\/","og_site_name":"Catalogo | Letrame Grupo Editorial","article_modified_time":"2024-04-29T13:07:05+00:00","og_image":[{"width":601,"height":881,"url":"https:\/\/letrame.com\/catalogo\/wp-content\/uploads\/2024\/04\/redportada_cuentosdebuenamor_771mm-2-compressed.jpg","type":"image\/jpeg"}],"twitter_card":"summary_large_image","twitter_misc":{"Tiempo de lectura":"1 minuto"},"schema":{"@context":"https:\/\/schema.org","@graph":[{"@type":"WebPage","@id":"https:\/\/letrame.com\/catalogo\/producto\/cuentos-del-buen-amor\/","url":"https:\/\/letrame.com\/catalogo\/producto\/cuentos-del-buen-amor\/","name":"Cuentos del buen amor - Catalogo | Letrame Grupo Editorial","isPartOf":{"@id":"https:\/\/letrame.com\/catalogo\/#website"},"primaryImageOfPage":{"@id":"https:\/\/letrame.com\/catalogo\/producto\/cuentos-del-buen-amor\/#primaryimage"},"image":{"@id":"https:\/\/letrame.com\/catalogo\/producto\/cuentos-del-buen-amor\/#primaryimage"},"thumbnailUrl":"https:\/\/letrame.com\/catalogo\/wp-content\/uploads\/2024\/04\/redportada_cuentosdebuenamor_771mm-2-compressed.jpg","datePublished":"2024-04-29T13:06:47+00:00","dateModified":"2024-04-29T13:07:05+00:00","breadcrumb":{"@id":"https:\/\/letrame.com\/catalogo\/producto\/cuentos-del-buen-amor\/#breadcrumb"},"inLanguage":"es","potentialAction":[{"@type":"ReadAction","target":["https:\/\/letrame.com\/catalogo\/producto\/cuentos-del-buen-amor\/"]}]},{"@type":"ImageObject","inLanguage":"es","@id":"https:\/\/letrame.com\/catalogo\/producto\/cuentos-del-buen-amor\/#primaryimage","url":"https:\/\/letrame.com\/catalogo\/wp-content\/uploads\/2024\/04\/redportada_cuentosdebuenamor_771mm-2-compressed.jpg","contentUrl":"https:\/\/letrame.com\/catalogo\/wp-content\/uploads\/2024\/04\/redportada_cuentosdebuenamor_771mm-2-compressed.jpg","width":601,"height":881},{"@type":"BreadcrumbList","@id":"https:\/\/letrame.com\/catalogo\/producto\/cuentos-del-buen-amor\/#breadcrumb","itemListElement":[{"@type":"ListItem","position":1,"name":"Portada","item":"https:\/\/letrame.com\/catalogo\/"},{"@type":"ListItem","position":2,"name":"Cat\u00e1logo","item":"https:\/\/letrame.com\/catalogo\/"},{"@type":"ListItem","position":3,"name":"Cuentos del buen amor"}]},{"@type":"WebSite","@id":"https:\/\/letrame.com\/catalogo\/#website","url":"https:\/\/letrame.com\/catalogo\/","name":"Catalogo | Letrame Grupo Editorial","description":"","publisher":{"@id":"https:\/\/letrame.com\/catalogo\/#organization"},"potentialAction":[{"@type":"SearchAction","target":{"@type":"EntryPoint","urlTemplate":"https:\/\/letrame.com\/catalogo\/?s={search_term_string}"},"query-input":{"@type":"PropertyValueSpecification","valueRequired":true,"valueName":"search_term_string"}}],"inLanguage":"es"},{"@type":"Organization","@id":"https:\/\/letrame.com\/catalogo\/#organization","name":"Catalogo | Letrame Grupo Editorial","url":"https:\/\/letrame.com\/catalogo\/","logo":{"@type":"ImageObject","inLanguage":"es","@id":"https:\/\/letrame.com\/catalogo\/#\/schema\/logo\/image\/","url":"https:\/\/letrame.com\/catalogo\/wp-content\/uploads\/2024\/03\/logo2.webp","contentUrl":"https:\/\/letrame.com\/catalogo\/wp-content\/uploads\/2024\/03\/logo2.webp","width":394,"height":128,"caption":"Catalogo | Letrame Grupo Editorial"},"image":{"@id":"https:\/\/letrame.com\/catalogo\/#\/schema\/logo\/image\/"}}]}},"_links":{"self":[{"href":"https:\/\/letrame.com\/catalogo\/wp-json\/wp\/v2\/product\/98476","targetHints":{"allow":["GET"]}}],"collection":[{"href":"https:\/\/letrame.com\/catalogo\/wp-json\/wp\/v2\/product"}],"about":[{"href":"https:\/\/letrame.com\/catalogo\/wp-json\/wp\/v2\/types\/product"}],"replies":[{"embeddable":true,"href":"https:\/\/letrame.com\/catalogo\/wp-json\/wp\/v2\/comments?post=98476"}],"acf:post":[{"embeddable":true,"href":"https:\/\/letrame.com\/catalogo\/wp-json\/wp\/v2\/author_book\/76937"}],"wp:featuredmedia":[{"embeddable":true,"href":"https:\/\/letrame.com\/catalogo\/wp-json\/wp\/v2\/media\/98477"}],"wp:attachment":[{"href":"https:\/\/letrame.com\/catalogo\/wp-json\/wp\/v2\/media?parent=98476"}],"wp:term":[{"taxonomy":"libro","embeddable":true,"href":"https:\/\/letrame.com\/catalogo\/wp-json\/wp\/v2\/libro?post=98476"},{"taxonomy":"product_brand","embeddable":true,"href":"https:\/\/letrame.com\/catalogo\/wp-json\/wp\/v2\/product_brand?post=98476"},{"taxonomy":"product_cat","embeddable":true,"href":"https:\/\/letrame.com\/catalogo\/wp-json\/wp\/v2\/product_cat?post=98476"},{"taxonomy":"product_tag","embeddable":true,"href":"https:\/\/letrame.com\/catalogo\/wp-json\/wp\/v2\/product_tag?post=98476"}],"curies":[{"name":"wp","href":"https:\/\/api.w.org\/{rel}","templated":true}]}}