{"id":98460,"date":"2024-04-29T15:05:31","date_gmt":"2024-04-29T13:05:31","guid":{"rendered":"https:\/\/letrame.com\/catalogo\/producto\/lo-turbio-de-la-verdad\/"},"modified":"2024-08-09T11:25:49","modified_gmt":"2024-08-09T09:25:49","slug":"lo-turbio-de-la-verdad","status":"publish","type":"product","link":"https:\/\/letrame.com\/catalogo\/producto\/lo-turbio-de-la-verdad\/","title":{"rendered":"Lo turbio de la verdad"},"content":{"rendered":"<p><strong>ISBN<\/strong>: 978-84-1144-203-9<\/p>\n<p><strong>T\u00edtulo<\/strong>: Lo turbio de la verdad<br \/>\n<strong>Fecha<\/strong>:2022<br \/>\n<strong>P\u00e1ginas<\/strong>: 74<\/p>\n<p><strong>SINOPSIS<\/strong><\/p>\n<p>El ambiente general de la novela se sucede en la d\u00e9cada de 1960 en la Espa\u00f1a de Franco, pero no se define bien el entorno cercano hasta cubrir el 70% del total de la obra.<\/p>\n<p>Nuestro personaje, Jose, ha creado las necesarias circunstancias para tener suerte y ha podido adquirir un apartamento a orilla de la playa y tambi\u00e9n un veh\u00edculo propio. Su esfuerzo en el trabajo as\u00ed se lo ha permitido; el resto que podemos leer se crea a su alrededor, naciendo de la nada unos nuevos personajes variopintos.<\/p>\n<p>&nbsp;<\/p>\n","protected":false},"excerpt":{"rendered":"<p><strong>ISBN<\/strong>: 978-84-1144-203-9<\/p>\n<p><strong>SINOPSIS<\/strong><\/p>\n<p>El ambiente general de la novela se sucede en la d\u00e9cada de 1960 en la Espa\u00f1a de Franco, pero no se define bien el entorno cercano hasta cubrir el 70% del total de la obra.<\/p>\n<p>Nuestro personaje, Jose, ha creado las necesarias circunstancias para tener suerte y ha podido adquirir un apartamento a orilla de la playa y tambi\u00e9n un veh\u00edculo propio. Su esfuerzo en el trabajo as\u00ed se lo ha permitido; el resto que podemos leer se crea a su alrededor, naciendo de la nada unos nuevos personajes variopintos.<\/p>\n","protected":false},"featured_media":100425,"comment_status":"closed","ping_status":"closed","template":"","meta":{"_acf_changed":false},"libro":[],"product_brand":[],"product_cat":[16],"product_tag":[],"class_list":{"0":"post-98460","1":"product","2":"type-product","3":"status-publish","4":"has-post-thumbnail","6":"product_cat-novela","8":"first","9":"instock","10":"product-type-simple"},"acf":{"autor":[77695],"enlace_de_compra":"https:\/\/amzn.to\/3MjyR93"},"yoast_head":"<!-- This site is optimized with the Yoast SEO plugin v26.6 - https:\/\/yoast.com\/wordpress\/plugins\/seo\/ -->\n<title>Lo turbio de la verdad - Catalogo | Letrame Grupo Editorial<\/title>\n<meta name=\"robots\" content=\"index, follow, max-snippet:-1, max-image-preview:large, max-video-preview:-1\" \/>\n<link rel=\"canonical\" href=\"https:\/\/letrame.com\/catalogo\/producto\/lo-turbio-de-la-verdad\/\" \/>\n<meta property=\"og:locale\" content=\"es_ES\" \/>\n<meta property=\"og:type\" content=\"article\" \/>\n<meta property=\"og:title\" content=\"Lo turbio de la verdad - Catalogo | Letrame Grupo Editorial\" \/>\n<meta property=\"og:description\" content=\"ISBN: 978-84-1144-203-9  SINOPSIS  El ambiente general de la novela se sucede en la d\u00e9cada de 1960 en la Espa\u00f1a de Franco, pero no se define bien el entorno cercano hasta cubrir el 70% del total de la obra.  Nuestro personaje, Jose, ha creado las necesarias circunstancias para tener suerte y ha podido adquirir un apartamento a orilla de la playa y tambi\u00e9n un veh\u00edculo propio. Su esfuerzo en el trabajo as\u00ed se lo ha permitido; el resto que podemos leer se crea a su alrededor, naciendo de la nada unos nuevos personajes variopintos.\" \/>\n<meta property=\"og:url\" content=\"https:\/\/letrame.com\/catalogo\/producto\/lo-turbio-de-la-verdad\/\" \/>\n<meta property=\"og:site_name\" content=\"Catalogo | Letrame Grupo Editorial\" \/>\n<meta property=\"article:modified_time\" content=\"2024-08-09T09:25:49+00:00\" \/>\n<meta property=\"og:image\" content=\"https:\/\/letrame.com\/catalogo\/wp-content\/uploads\/2024\/04\/redportada_loturbiodelaverdad_449mm-compressed.webp\" \/>\n\t<meta property=\"og:image:width\" content=\"601\" \/>\n\t<meta property=\"og:image:height\" content=\"881\" \/>\n\t<meta property=\"og:image:type\" content=\"image\/webp\" \/>\n<meta name=\"twitter:card\" content=\"summary_large_image\" \/>\n<meta name=\"twitter:label1\" content=\"Tiempo de lectura\" \/>\n\t<meta name=\"twitter:data1\" content=\"1 minuto\" \/>\n<script type=\"application\/ld+json\" class=\"yoast-schema-graph\">{\"@context\":\"https:\/\/schema.org\",\"@graph\":[{\"@type\":\"WebPage\",\"@id\":\"https:\/\/letrame.com\/catalogo\/producto\/lo-turbio-de-la-verdad\/\",\"url\":\"https:\/\/letrame.com\/catalogo\/producto\/lo-turbio-de-la-verdad\/\",\"name\":\"Lo turbio de la verdad - Catalogo | Letrame Grupo Editorial\",\"isPartOf\":{\"@id\":\"https:\/\/letrame.com\/catalogo\/#website\"},\"primaryImageOfPage\":{\"@id\":\"https:\/\/letrame.com\/catalogo\/producto\/lo-turbio-de-la-verdad\/#primaryimage\"},\"image\":{\"@id\":\"https:\/\/letrame.com\/catalogo\/producto\/lo-turbio-de-la-verdad\/#primaryimage\"},\"thumbnailUrl\":\"https:\/\/letrame.com\/catalogo\/wp-content\/uploads\/2024\/04\/redportada_loturbiodelaverdad_449mm-compressed.webp\",\"datePublished\":\"2024-04-29T13:05:31+00:00\",\"dateModified\":\"2024-08-09T09:25:49+00:00\",\"breadcrumb\":{\"@id\":\"https:\/\/letrame.com\/catalogo\/producto\/lo-turbio-de-la-verdad\/#breadcrumb\"},\"inLanguage\":\"es\",\"potentialAction\":[{\"@type\":\"ReadAction\",\"target\":[\"https:\/\/letrame.com\/catalogo\/producto\/lo-turbio-de-la-verdad\/\"]}]},{\"@type\":\"ImageObject\",\"inLanguage\":\"es\",\"@id\":\"https:\/\/letrame.com\/catalogo\/producto\/lo-turbio-de-la-verdad\/#primaryimage\",\"url\":\"https:\/\/letrame.com\/catalogo\/wp-content\/uploads\/2024\/04\/redportada_loturbiodelaverdad_449mm-compressed.webp\",\"contentUrl\":\"https:\/\/letrame.com\/catalogo\/wp-content\/uploads\/2024\/04\/redportada_loturbiodelaverdad_449mm-compressed.webp\",\"width\":601,\"height\":881},{\"@type\":\"BreadcrumbList\",\"@id\":\"https:\/\/letrame.com\/catalogo\/producto\/lo-turbio-de-la-verdad\/#breadcrumb\",\"itemListElement\":[{\"@type\":\"ListItem\",\"position\":1,\"name\":\"Portada\",\"item\":\"https:\/\/letrame.com\/catalogo\/\"},{\"@type\":\"ListItem\",\"position\":2,\"name\":\"Cat\u00e1logo\",\"item\":\"https:\/\/letrame.com\/catalogo\/\"},{\"@type\":\"ListItem\",\"position\":3,\"name\":\"Lo turbio de la verdad\"}]},{\"@type\":\"WebSite\",\"@id\":\"https:\/\/letrame.com\/catalogo\/#website\",\"url\":\"https:\/\/letrame.com\/catalogo\/\",\"name\":\"Catalogo | Letrame Grupo Editorial\",\"description\":\"\",\"publisher\":{\"@id\":\"https:\/\/letrame.com\/catalogo\/#organization\"},\"potentialAction\":[{\"@type\":\"SearchAction\",\"target\":{\"@type\":\"EntryPoint\",\"urlTemplate\":\"https:\/\/letrame.com\/catalogo\/?s={search_term_string}\"},\"query-input\":{\"@type\":\"PropertyValueSpecification\",\"valueRequired\":true,\"valueName\":\"search_term_string\"}}],\"inLanguage\":\"es\"},{\"@type\":\"Organization\",\"@id\":\"https:\/\/letrame.com\/catalogo\/#organization\",\"name\":\"Catalogo | Letrame Grupo Editorial\",\"url\":\"https:\/\/letrame.com\/catalogo\/\",\"logo\":{\"@type\":\"ImageObject\",\"inLanguage\":\"es\",\"@id\":\"https:\/\/letrame.com\/catalogo\/#\/schema\/logo\/image\/\",\"url\":\"https:\/\/letrame.com\/catalogo\/wp-content\/uploads\/2024\/03\/logo2.webp\",\"contentUrl\":\"https:\/\/letrame.com\/catalogo\/wp-content\/uploads\/2024\/03\/logo2.webp\",\"width\":394,\"height\":128,\"caption\":\"Catalogo | Letrame Grupo Editorial\"},\"image\":{\"@id\":\"https:\/\/letrame.com\/catalogo\/#\/schema\/logo\/image\/\"}}]}<\/script>\n<!-- \/ Yoast SEO plugin. -->","yoast_head_json":{"title":"Lo turbio de la verdad - Catalogo | Letrame Grupo Editorial","robots":{"index":"index","follow":"follow","max-snippet":"max-snippet:-1","max-image-preview":"max-image-preview:large","max-video-preview":"max-video-preview:-1"},"canonical":"https:\/\/letrame.com\/catalogo\/producto\/lo-turbio-de-la-verdad\/","og_locale":"es_ES","og_type":"article","og_title":"Lo turbio de la verdad - Catalogo | Letrame Grupo Editorial","og_description":"ISBN: 978-84-1144-203-9  SINOPSIS  El ambiente general de la novela se sucede en la d\u00e9cada de 1960 en la Espa\u00f1a de Franco, pero no se define bien el entorno cercano hasta cubrir el 70% del total de la obra.  Nuestro personaje, Jose, ha creado las necesarias circunstancias para tener suerte y ha podido adquirir un apartamento a orilla de la playa y tambi\u00e9n un veh\u00edculo propio. Su esfuerzo en el trabajo as\u00ed se lo ha permitido; el resto que podemos leer se crea a su alrededor, naciendo de la nada unos nuevos personajes variopintos.","og_url":"https:\/\/letrame.com\/catalogo\/producto\/lo-turbio-de-la-verdad\/","og_site_name":"Catalogo | Letrame Grupo Editorial","article_modified_time":"2024-08-09T09:25:49+00:00","og_image":[{"width":601,"height":881,"url":"https:\/\/letrame.com\/catalogo\/wp-content\/uploads\/2024\/04\/redportada_loturbiodelaverdad_449mm-compressed.webp","type":"image\/webp"}],"twitter_card":"summary_large_image","twitter_misc":{"Tiempo de lectura":"1 minuto"},"schema":{"@context":"https:\/\/schema.org","@graph":[{"@type":"WebPage","@id":"https:\/\/letrame.com\/catalogo\/producto\/lo-turbio-de-la-verdad\/","url":"https:\/\/letrame.com\/catalogo\/producto\/lo-turbio-de-la-verdad\/","name":"Lo turbio de la verdad - Catalogo | Letrame Grupo Editorial","isPartOf":{"@id":"https:\/\/letrame.com\/catalogo\/#website"},"primaryImageOfPage":{"@id":"https:\/\/letrame.com\/catalogo\/producto\/lo-turbio-de-la-verdad\/#primaryimage"},"image":{"@id":"https:\/\/letrame.com\/catalogo\/producto\/lo-turbio-de-la-verdad\/#primaryimage"},"thumbnailUrl":"https:\/\/letrame.com\/catalogo\/wp-content\/uploads\/2024\/04\/redportada_loturbiodelaverdad_449mm-compressed.webp","datePublished":"2024-04-29T13:05:31+00:00","dateModified":"2024-08-09T09:25:49+00:00","breadcrumb":{"@id":"https:\/\/letrame.com\/catalogo\/producto\/lo-turbio-de-la-verdad\/#breadcrumb"},"inLanguage":"es","potentialAction":[{"@type":"ReadAction","target":["https:\/\/letrame.com\/catalogo\/producto\/lo-turbio-de-la-verdad\/"]}]},{"@type":"ImageObject","inLanguage":"es","@id":"https:\/\/letrame.com\/catalogo\/producto\/lo-turbio-de-la-verdad\/#primaryimage","url":"https:\/\/letrame.com\/catalogo\/wp-content\/uploads\/2024\/04\/redportada_loturbiodelaverdad_449mm-compressed.webp","contentUrl":"https:\/\/letrame.com\/catalogo\/wp-content\/uploads\/2024\/04\/redportada_loturbiodelaverdad_449mm-compressed.webp","width":601,"height":881},{"@type":"BreadcrumbList","@id":"https:\/\/letrame.com\/catalogo\/producto\/lo-turbio-de-la-verdad\/#breadcrumb","itemListElement":[{"@type":"ListItem","position":1,"name":"Portada","item":"https:\/\/letrame.com\/catalogo\/"},{"@type":"ListItem","position":2,"name":"Cat\u00e1logo","item":"https:\/\/letrame.com\/catalogo\/"},{"@type":"ListItem","position":3,"name":"Lo turbio de la verdad"}]},{"@type":"WebSite","@id":"https:\/\/letrame.com\/catalogo\/#website","url":"https:\/\/letrame.com\/catalogo\/","name":"Catalogo | Letrame Grupo Editorial","description":"","publisher":{"@id":"https:\/\/letrame.com\/catalogo\/#organization"},"potentialAction":[{"@type":"SearchAction","target":{"@type":"EntryPoint","urlTemplate":"https:\/\/letrame.com\/catalogo\/?s={search_term_string}"},"query-input":{"@type":"PropertyValueSpecification","valueRequired":true,"valueName":"search_term_string"}}],"inLanguage":"es"},{"@type":"Organization","@id":"https:\/\/letrame.com\/catalogo\/#organization","name":"Catalogo | Letrame Grupo Editorial","url":"https:\/\/letrame.com\/catalogo\/","logo":{"@type":"ImageObject","inLanguage":"es","@id":"https:\/\/letrame.com\/catalogo\/#\/schema\/logo\/image\/","url":"https:\/\/letrame.com\/catalogo\/wp-content\/uploads\/2024\/03\/logo2.webp","contentUrl":"https:\/\/letrame.com\/catalogo\/wp-content\/uploads\/2024\/03\/logo2.webp","width":394,"height":128,"caption":"Catalogo | Letrame Grupo Editorial"},"image":{"@id":"https:\/\/letrame.com\/catalogo\/#\/schema\/logo\/image\/"}}]}},"_links":{"self":[{"href":"https:\/\/letrame.com\/catalogo\/wp-json\/wp\/v2\/product\/98460","targetHints":{"allow":["GET"]}}],"collection":[{"href":"https:\/\/letrame.com\/catalogo\/wp-json\/wp\/v2\/product"}],"about":[{"href":"https:\/\/letrame.com\/catalogo\/wp-json\/wp\/v2\/types\/product"}],"replies":[{"embeddable":true,"href":"https:\/\/letrame.com\/catalogo\/wp-json\/wp\/v2\/comments?post=98460"}],"acf:post":[{"embeddable":true,"href":"https:\/\/letrame.com\/catalogo\/wp-json\/wp\/v2\/author_book\/77695"}],"wp:featuredmedia":[{"embeddable":true,"href":"https:\/\/letrame.com\/catalogo\/wp-json\/wp\/v2\/media\/100425"}],"wp:attachment":[{"href":"https:\/\/letrame.com\/catalogo\/wp-json\/wp\/v2\/media?parent=98460"}],"wp:term":[{"taxonomy":"libro","embeddable":true,"href":"https:\/\/letrame.com\/catalogo\/wp-json\/wp\/v2\/libro?post=98460"},{"taxonomy":"product_brand","embeddable":true,"href":"https:\/\/letrame.com\/catalogo\/wp-json\/wp\/v2\/product_brand?post=98460"},{"taxonomy":"product_cat","embeddable":true,"href":"https:\/\/letrame.com\/catalogo\/wp-json\/wp\/v2\/product_cat?post=98460"},{"taxonomy":"product_tag","embeddable":true,"href":"https:\/\/letrame.com\/catalogo\/wp-json\/wp\/v2\/product_tag?post=98460"}],"curies":[{"name":"wp","href":"https:\/\/api.w.org\/{rel}","templated":true}]}}