{"id":98450,"date":"2024-04-29T15:05:12","date_gmt":"2024-04-29T13:05:12","guid":{"rendered":"https:\/\/letrame.com\/catalogo\/producto\/la-dama-del-velo\/"},"modified":"2024-04-29T15:05:18","modified_gmt":"2024-04-29T13:05:18","slug":"la-dama-del-velo","status":"publish","type":"product","link":"https:\/\/letrame.com\/catalogo\/producto\/la-dama-del-velo\/","title":{"rendered":"La dama del velo"},"content":{"rendered":"<p><strong>ISBN<\/strong>: 978-84-1144-404-0<\/p>\n<p><strong>T\u00edtulo<\/strong>: La dama del velo<br \/>\n<strong>Fecha<\/strong>: 2022<br \/>\n<strong>P\u00e1ginas<\/strong>: 278<\/p>\n<p><strong>SINOPSIS<\/strong><\/p>\n<p>\u00c9l vivi\u00f3 ya los avatares que trajo consigo el reinado de Carlos II. Comprob\u00f3 en vivo el deterioro de la Am\u00e9rica espa\u00f1ola. En medio de aquella sarracina lleg\u00f3 a Granada buscando cumplir un juramento. Era hijo de quienes hab\u00edan perdido y desde el destierro viaj\u00f3 por el mundo bajo el manto de La Hermandad, hasta regresar a la tierra de quienes hab\u00edan servido en la corte Nazar\u00ed. Deb\u00eda enfrentarse al tenebroso enigma de una dama extra\u00f1a; sublime para unos, peligrosa para otros y misteriosa para todos. Recorreremos con \u00e9l la aventura que le llevar\u00e1 por senderos sorprendentes hasta desvelar los enigmas que se ciernen sobre Selim, su familia y su misi\u00f3n, mientras va descubriendo en cada giro de su destino las grandes paradojas de la vida.<\/p>\n","protected":false},"excerpt":{"rendered":"<p><strong>ISBN<\/strong>: 978-84-1144-404-0<\/p>\n<p><strong>SINOPSIS<\/strong><\/p>\n<p>\u00c9l vivi\u00f3 ya los avatares que trajo consigo el reinado de Carlos II. Comprob\u00f3 en vivo el deterioro de la Am\u00e9rica espa\u00f1ola. En medio de aquella sarracina lleg\u00f3 a Granada buscando cumplir un juramento. Era hijo de quienes hab\u00edan perdido y desde el destierro viaj\u00f3 por el mundo bajo el manto de La Hermandad, hasta regresar a la tierra de quienes hab\u00edan servido en la corte Nazar\u00ed. Deb\u00eda enfrentarse al tenebroso enigma de una dama extra\u00f1a; sublime para unos, peligrosa para otros y misteriosa para todos. Recorreremos con \u00e9l la aventura que le llevar\u00e1 por senderos sorprendentes hasta desvelar los enigmas que se ciernen sobre Selim, su familia y su misi\u00f3n, mientras va descubriendo en cada giro de su destino las grandes paradojas de la vida.<\/p>\n","protected":false},"featured_media":98451,"comment_status":"closed","ping_status":"open","template":"","meta":{"_acf_changed":false},"libro":[],"product_brand":[],"product_cat":[26],"product_tag":[],"class_list":{"0":"post-98450","1":"product","2":"type-product","3":"status-publish","4":"has-post-thumbnail","6":"product_cat-sin-categoria","8":"first","9":"instock","10":"product-type-simple"},"acf":{"autor":[76914],"enlace_de_compra":""},"yoast_head":"<!-- This site is optimized with the Yoast SEO plugin v27.4 - https:\/\/yoast.com\/product\/yoast-seo-wordpress\/ -->\n<title>La dama del velo - Catalogo | Letrame Grupo Editorial<\/title>\n<meta name=\"robots\" content=\"index, follow, max-snippet:-1, max-image-preview:large, max-video-preview:-1\" \/>\n<link rel=\"canonical\" href=\"https:\/\/letrame.com\/catalogo\/producto\/la-dama-del-velo\/\" \/>\n<meta property=\"og:locale\" content=\"es_ES\" \/>\n<meta property=\"og:type\" content=\"article\" \/>\n<meta property=\"og:title\" content=\"La dama del velo - Catalogo | Letrame Grupo Editorial\" \/>\n<meta property=\"og:description\" content=\"ISBN: 978-84-1144-404-0 SINOPSIS \u00c9l vivi\u00f3 ya los avatares que trajo consigo el reinado de Carlos II. Comprob\u00f3 en vivo el deterioro de la Am\u00e9rica espa\u00f1ola. En medio de aquella sarracina lleg\u00f3 a Granada buscando cumplir un juramento. Era hijo de quienes hab\u00edan perdido y desde el destierro viaj\u00f3 por el mundo bajo el manto de La Hermandad, hasta regresar a la tierra de quienes hab\u00edan servido en la corte Nazar\u00ed. Deb\u00eda enfrentarse al tenebroso enigma de una dama extra\u00f1a; sublime para unos, peligrosa para otros y misteriosa para todos. Recorreremos con \u00e9l la aventura que le llevar\u00e1 por senderos sorprendentes hasta desvelar los enigmas que se ciernen sobre Selim, su familia y su misi\u00f3n, mientras va descubriendo en cada giro de su destino las grandes paradojas de la vida.\" \/>\n<meta property=\"og:url\" content=\"https:\/\/letrame.com\/catalogo\/producto\/la-dama-del-velo\/\" \/>\n<meta property=\"og:site_name\" content=\"Catalogo | Letrame Grupo Editorial\" \/>\n<meta property=\"article:modified_time\" content=\"2024-04-29T13:05:18+00:00\" \/>\n<meta property=\"og:image\" content=\"https:\/\/letrame.com\/catalogo\/wp-content\/uploads\/2024\/04\/redportada_ladamadelvelo_1389mm-1-compressed.jpg\" \/>\n\t<meta property=\"og:image:width\" content=\"601\" \/>\n\t<meta property=\"og:image:height\" content=\"881\" \/>\n\t<meta property=\"og:image:type\" content=\"image\/jpeg\" \/>\n<meta name=\"twitter:card\" content=\"summary_large_image\" \/>\n<meta name=\"twitter:label1\" content=\"Tiempo de lectura\" \/>\n\t<meta name=\"twitter:data1\" content=\"1 minuto\" \/>\n<script type=\"application\/ld+json\" class=\"yoast-schema-graph\">{\"@context\":\"https:\\\/\\\/schema.org\",\"@graph\":[{\"@type\":\"WebPage\",\"@id\":\"https:\\\/\\\/letrame.com\\\/catalogo\\\/producto\\\/la-dama-del-velo\\\/\",\"url\":\"https:\\\/\\\/letrame.com\\\/catalogo\\\/producto\\\/la-dama-del-velo\\\/\",\"name\":\"La dama del velo - Catalogo | Letrame Grupo Editorial\",\"isPartOf\":{\"@id\":\"https:\\\/\\\/letrame.com\\\/catalogo\\\/#website\"},\"primaryImageOfPage\":{\"@id\":\"https:\\\/\\\/letrame.com\\\/catalogo\\\/producto\\\/la-dama-del-velo\\\/#primaryimage\"},\"image\":{\"@id\":\"https:\\\/\\\/letrame.com\\\/catalogo\\\/producto\\\/la-dama-del-velo\\\/#primaryimage\"},\"thumbnailUrl\":\"https:\\\/\\\/letrame.com\\\/catalogo\\\/wp-content\\\/uploads\\\/2024\\\/04\\\/redportada_ladamadelvelo_1389mm-1-compressed.jpg\",\"datePublished\":\"2024-04-29T13:05:12+00:00\",\"dateModified\":\"2024-04-29T13:05:18+00:00\",\"breadcrumb\":{\"@id\":\"https:\\\/\\\/letrame.com\\\/catalogo\\\/producto\\\/la-dama-del-velo\\\/#breadcrumb\"},\"inLanguage\":\"es\",\"potentialAction\":[{\"@type\":\"ReadAction\",\"target\":[\"https:\\\/\\\/letrame.com\\\/catalogo\\\/producto\\\/la-dama-del-velo\\\/\"]}]},{\"@type\":\"ImageObject\",\"inLanguage\":\"es\",\"@id\":\"https:\\\/\\\/letrame.com\\\/catalogo\\\/producto\\\/la-dama-del-velo\\\/#primaryimage\",\"url\":\"https:\\\/\\\/letrame.com\\\/catalogo\\\/wp-content\\\/uploads\\\/2024\\\/04\\\/redportada_ladamadelvelo_1389mm-1-compressed.jpg\",\"contentUrl\":\"https:\\\/\\\/letrame.com\\\/catalogo\\\/wp-content\\\/uploads\\\/2024\\\/04\\\/redportada_ladamadelvelo_1389mm-1-compressed.jpg\",\"width\":601,\"height\":881},{\"@type\":\"BreadcrumbList\",\"@id\":\"https:\\\/\\\/letrame.com\\\/catalogo\\\/producto\\\/la-dama-del-velo\\\/#breadcrumb\",\"itemListElement\":[{\"@type\":\"ListItem\",\"position\":1,\"name\":\"Portada\",\"item\":\"https:\\\/\\\/letrame.com\\\/catalogo\\\/\"},{\"@type\":\"ListItem\",\"position\":2,\"name\":\"Cat\u00e1logo\",\"item\":\"https:\\\/\\\/letrame.com\\\/catalogo\\\/\"},{\"@type\":\"ListItem\",\"position\":3,\"name\":\"La dama del velo\"}]},{\"@type\":\"WebSite\",\"@id\":\"https:\\\/\\\/letrame.com\\\/catalogo\\\/#website\",\"url\":\"https:\\\/\\\/letrame.com\\\/catalogo\\\/\",\"name\":\"Catalogo | Letrame Grupo Editorial\",\"description\":\"\",\"publisher\":{\"@id\":\"https:\\\/\\\/letrame.com\\\/catalogo\\\/#organization\"},\"potentialAction\":[{\"@type\":\"SearchAction\",\"target\":{\"@type\":\"EntryPoint\",\"urlTemplate\":\"https:\\\/\\\/letrame.com\\\/catalogo\\\/?s={search_term_string}\"},\"query-input\":{\"@type\":\"PropertyValueSpecification\",\"valueRequired\":true,\"valueName\":\"search_term_string\"}}],\"inLanguage\":\"es\"},{\"@type\":\"Organization\",\"@id\":\"https:\\\/\\\/letrame.com\\\/catalogo\\\/#organization\",\"name\":\"Catalogo | Letrame Grupo Editorial\",\"url\":\"https:\\\/\\\/letrame.com\\\/catalogo\\\/\",\"logo\":{\"@type\":\"ImageObject\",\"inLanguage\":\"es\",\"@id\":\"https:\\\/\\\/letrame.com\\\/catalogo\\\/#\\\/schema\\\/logo\\\/image\\\/\",\"url\":\"https:\\\/\\\/letrame.com\\\/catalogo\\\/wp-content\\\/uploads\\\/2024\\\/03\\\/logo2.webp\",\"contentUrl\":\"https:\\\/\\\/letrame.com\\\/catalogo\\\/wp-content\\\/uploads\\\/2024\\\/03\\\/logo2.webp\",\"width\":394,\"height\":128,\"caption\":\"Catalogo | Letrame Grupo Editorial\"},\"image\":{\"@id\":\"https:\\\/\\\/letrame.com\\\/catalogo\\\/#\\\/schema\\\/logo\\\/image\\\/\"}}]}<\/script>\n<!-- \/ Yoast SEO plugin. -->","yoast_head_json":{"title":"La dama del velo - Catalogo | Letrame Grupo Editorial","robots":{"index":"index","follow":"follow","max-snippet":"max-snippet:-1","max-image-preview":"max-image-preview:large","max-video-preview":"max-video-preview:-1"},"canonical":"https:\/\/letrame.com\/catalogo\/producto\/la-dama-del-velo\/","og_locale":"es_ES","og_type":"article","og_title":"La dama del velo - Catalogo | Letrame Grupo Editorial","og_description":"ISBN: 978-84-1144-404-0 SINOPSIS \u00c9l vivi\u00f3 ya los avatares que trajo consigo el reinado de Carlos II. Comprob\u00f3 en vivo el deterioro de la Am\u00e9rica espa\u00f1ola. En medio de aquella sarracina lleg\u00f3 a Granada buscando cumplir un juramento. Era hijo de quienes hab\u00edan perdido y desde el destierro viaj\u00f3 por el mundo bajo el manto de La Hermandad, hasta regresar a la tierra de quienes hab\u00edan servido en la corte Nazar\u00ed. Deb\u00eda enfrentarse al tenebroso enigma de una dama extra\u00f1a; sublime para unos, peligrosa para otros y misteriosa para todos. Recorreremos con \u00e9l la aventura que le llevar\u00e1 por senderos sorprendentes hasta desvelar los enigmas que se ciernen sobre Selim, su familia y su misi\u00f3n, mientras va descubriendo en cada giro de su destino las grandes paradojas de la vida.","og_url":"https:\/\/letrame.com\/catalogo\/producto\/la-dama-del-velo\/","og_site_name":"Catalogo | Letrame Grupo Editorial","article_modified_time":"2024-04-29T13:05:18+00:00","og_image":[{"width":601,"height":881,"url":"https:\/\/letrame.com\/catalogo\/wp-content\/uploads\/2024\/04\/redportada_ladamadelvelo_1389mm-1-compressed.jpg","type":"image\/jpeg"}],"twitter_card":"summary_large_image","twitter_misc":{"Tiempo de lectura":"1 minuto"},"schema":{"@context":"https:\/\/schema.org","@graph":[{"@type":"WebPage","@id":"https:\/\/letrame.com\/catalogo\/producto\/la-dama-del-velo\/","url":"https:\/\/letrame.com\/catalogo\/producto\/la-dama-del-velo\/","name":"La dama del velo - Catalogo | Letrame Grupo Editorial","isPartOf":{"@id":"https:\/\/letrame.com\/catalogo\/#website"},"primaryImageOfPage":{"@id":"https:\/\/letrame.com\/catalogo\/producto\/la-dama-del-velo\/#primaryimage"},"image":{"@id":"https:\/\/letrame.com\/catalogo\/producto\/la-dama-del-velo\/#primaryimage"},"thumbnailUrl":"https:\/\/letrame.com\/catalogo\/wp-content\/uploads\/2024\/04\/redportada_ladamadelvelo_1389mm-1-compressed.jpg","datePublished":"2024-04-29T13:05:12+00:00","dateModified":"2024-04-29T13:05:18+00:00","breadcrumb":{"@id":"https:\/\/letrame.com\/catalogo\/producto\/la-dama-del-velo\/#breadcrumb"},"inLanguage":"es","potentialAction":[{"@type":"ReadAction","target":["https:\/\/letrame.com\/catalogo\/producto\/la-dama-del-velo\/"]}]},{"@type":"ImageObject","inLanguage":"es","@id":"https:\/\/letrame.com\/catalogo\/producto\/la-dama-del-velo\/#primaryimage","url":"https:\/\/letrame.com\/catalogo\/wp-content\/uploads\/2024\/04\/redportada_ladamadelvelo_1389mm-1-compressed.jpg","contentUrl":"https:\/\/letrame.com\/catalogo\/wp-content\/uploads\/2024\/04\/redportada_ladamadelvelo_1389mm-1-compressed.jpg","width":601,"height":881},{"@type":"BreadcrumbList","@id":"https:\/\/letrame.com\/catalogo\/producto\/la-dama-del-velo\/#breadcrumb","itemListElement":[{"@type":"ListItem","position":1,"name":"Portada","item":"https:\/\/letrame.com\/catalogo\/"},{"@type":"ListItem","position":2,"name":"Cat\u00e1logo","item":"https:\/\/letrame.com\/catalogo\/"},{"@type":"ListItem","position":3,"name":"La dama del velo"}]},{"@type":"WebSite","@id":"https:\/\/letrame.com\/catalogo\/#website","url":"https:\/\/letrame.com\/catalogo\/","name":"Catalogo | Letrame Grupo Editorial","description":"","publisher":{"@id":"https:\/\/letrame.com\/catalogo\/#organization"},"potentialAction":[{"@type":"SearchAction","target":{"@type":"EntryPoint","urlTemplate":"https:\/\/letrame.com\/catalogo\/?s={search_term_string}"},"query-input":{"@type":"PropertyValueSpecification","valueRequired":true,"valueName":"search_term_string"}}],"inLanguage":"es"},{"@type":"Organization","@id":"https:\/\/letrame.com\/catalogo\/#organization","name":"Catalogo | Letrame Grupo Editorial","url":"https:\/\/letrame.com\/catalogo\/","logo":{"@type":"ImageObject","inLanguage":"es","@id":"https:\/\/letrame.com\/catalogo\/#\/schema\/logo\/image\/","url":"https:\/\/letrame.com\/catalogo\/wp-content\/uploads\/2024\/03\/logo2.webp","contentUrl":"https:\/\/letrame.com\/catalogo\/wp-content\/uploads\/2024\/03\/logo2.webp","width":394,"height":128,"caption":"Catalogo | Letrame Grupo Editorial"},"image":{"@id":"https:\/\/letrame.com\/catalogo\/#\/schema\/logo\/image\/"}}]}},"_links":{"self":[{"href":"https:\/\/letrame.com\/catalogo\/wp-json\/wp\/v2\/product\/98450","targetHints":{"allow":["GET"]}}],"collection":[{"href":"https:\/\/letrame.com\/catalogo\/wp-json\/wp\/v2\/product"}],"about":[{"href":"https:\/\/letrame.com\/catalogo\/wp-json\/wp\/v2\/types\/product"}],"replies":[{"embeddable":true,"href":"https:\/\/letrame.com\/catalogo\/wp-json\/wp\/v2\/comments?post=98450"}],"acf:post":[{"embeddable":true,"href":"https:\/\/letrame.com\/catalogo\/wp-json\/wp\/v2\/author_book\/76914"}],"wp:featuredmedia":[{"embeddable":true,"href":"https:\/\/letrame.com\/catalogo\/wp-json\/wp\/v2\/media\/98451"}],"wp:attachment":[{"href":"https:\/\/letrame.com\/catalogo\/wp-json\/wp\/v2\/media?parent=98450"}],"wp:term":[{"taxonomy":"libro","embeddable":true,"href":"https:\/\/letrame.com\/catalogo\/wp-json\/wp\/v2\/libro?post=98450"},{"taxonomy":"product_brand","embeddable":true,"href":"https:\/\/letrame.com\/catalogo\/wp-json\/wp\/v2\/product_brand?post=98450"},{"taxonomy":"product_cat","embeddable":true,"href":"https:\/\/letrame.com\/catalogo\/wp-json\/wp\/v2\/product_cat?post=98450"},{"taxonomy":"product_tag","embeddable":true,"href":"https:\/\/letrame.com\/catalogo\/wp-json\/wp\/v2\/product_tag?post=98450"}],"curies":[{"name":"wp","href":"https:\/\/api.w.org\/{rel}","templated":true}]}}