{"id":98448,"date":"2024-04-29T15:05:12","date_gmt":"2024-04-29T13:05:12","guid":{"rendered":"https:\/\/letrame.com\/catalogo\/producto\/tu-yo-y-esa-realidad-que-nos-separa\/"},"modified":"2024-04-29T15:05:15","modified_gmt":"2024-04-29T13:05:15","slug":"tu-yo-y-esa-realidad-que-nos-separa","status":"publish","type":"product","link":"https:\/\/letrame.com\/catalogo\/producto\/tu-yo-y-esa-realidad-que-nos-separa\/","title":{"rendered":"T\u00fa, yo y esa realidad que nos separa"},"content":{"rendered":"<p><strong>ISBN<\/strong>: 978-84-1144-391-3<\/p>\n<p><strong>T\u00edtulo<\/strong>: T\u00fa, yo y esa realidad que nos separa<br \/>\n<strong>Fecha<\/strong>: 2022<br \/>\n<strong>P\u00e1ginas<\/strong>: 238<\/p>\n<p><strong>SINOPSIS<\/strong><\/p>\n<p><strong>\u00bfY si lo que creemos saber es s\u00f3lo una peque\u00f1a fracci\u00f3n de la realidad?<\/strong><\/p>\n<p><strong>\u00bfY si la realidad fuera contada desde diferentes puntos de vista? Los personajes y yo lo vemos as\u00ed y s\u00f3lo una de las m\u00faltiples realidades nos separa.<\/strong><\/p>\n<p>&nbsp;<\/p>\n<p><strong>Este libro no es un simple libro de autoayuda. De hecho, no lo es.<\/strong><\/p>\n<p><strong><em>Tu, yo y esa realidad que nos separa<\/em><\/strong><strong> es menos que eso a veces. Es m\u00e1s que eso en otras ocasiones. Lo que s\u00e9 seguro, es que te ayudar\u00e1 a ayudarte, a dejarte encontrar, a pensar y no buscar tanto. \u00bfC\u00f3mo lo s\u00e9? Porque me ha ayudado a m\u00ed, a conocerme m\u00e1s\u2026 y tu y yo, \u00a1NO SOMOS TAN DIFERENTES!<\/strong><\/p>\n<p><strong>\u00a0<\/strong><\/p>\n<p><strong>Deber\u00e1s tomar actitudes y aptitudes en momentos que pensamos complicados y muchos de ellos respondemos con brevedad. Y, \u00bfsi el DESTINO existe y son las m\u00faltiples elecciones de esas realidades que nos separan de los dem\u00e1s? T\u00fa decides c\u00f3mo y cu\u00e1ndo empezar. <\/strong><\/p>\n<p><strong>\u00a0<\/strong><\/p>\n<p><strong>Quiero que te encuentres contigo y este libro es mi peque\u00f1o mundo de esperanza. \u00bfQuieres hacerlo? Arri\u00e9sgate, act\u00faa y haz que ocurra. La soluci\u00f3n est\u00e1 aqu\u00ed dentro. Es sencillo. Hay que abrir el libro y encontrarse con uno mismo. A mi me fue bien, \u00bfpor qu\u00e9 a ti no?<\/strong><\/p>\n<p><strong>\u00a0<\/strong><\/p>\n<p><strong>\u00a0<\/strong><\/p>\n<p><strong>Si le\u00edste \u201cUna vida, un sue\u00f1o, una ilusi\u00f3n\u201d y echaste algo de menos, no busques m\u00e1s, lo encontrar\u00e1s aqu\u00ed.<\/strong><\/p>\n","protected":false},"excerpt":{"rendered":"<p><strong>ISBN<\/strong>: 978-84-1144-391-3<\/p>\n<p><strong>SINOPSIS<\/strong><\/p>\n<p><strong>\u00bfY si lo que creemos saber es s\u00f3lo una peque\u00f1a fracci\u00f3n de la realidad?<\/strong><\/p>\n<p><strong>\u00bfY si la realidad fuera contada desde diferentes puntos de vista? Los personajes y yo lo vemos as\u00ed y s\u00f3lo una de las m\u00faltiples realidades nos separa.<\/strong><\/p>\n<p>&nbsp;<\/p>\n<p><strong>Este libro no es un simple libro de autoayuda. De hecho, no lo es.<\/strong><\/p>\n<p><strong><em>Tu, yo y esa realidad que nos separa<\/em><\/strong><strong> es menos que eso a veces. Es m\u00e1s que eso en otras ocasiones. Lo que s\u00e9 seguro, es que te ayudar\u00e1 a ayudarte, a dejarte encontrar, a pensar y no buscar tanto. \u00bfC\u00f3mo lo s\u00e9? Porque me ha ayudado a m\u00ed, a conocerme m\u00e1s\u2026 y tu y yo, \u00a1NO SOMOS TAN DIFERENTES!<\/strong><\/p>\n<p><strong>\u00a0<\/strong><\/p>\n<p><strong>Deber\u00e1s tomar actitudes y aptitudes en momentos que pensamos complicados y muchos de ellos respondemos con brevedad. Y, \u00bfsi el DESTINO existe y son las m\u00faltiples elecciones de esas realidades que nos separan de los dem\u00e1s? T\u00fa decides c\u00f3mo y cu\u00e1ndo empezar. <\/strong><\/p>\n<p><strong>\u00a0<\/strong><\/p>\n<p><strong>Quiero que te encuentres contigo y este libro es mi peque\u00f1o mundo de esperanza. \u00bfQuieres hacerlo? Arri\u00e9sgate, act\u00faa y haz que ocurra. La soluci\u00f3n est\u00e1 aqu\u00ed dentro. Es sencillo. Hay que abrir el libro y encontrarse con uno mismo. A mi me fue bien, \u00bfpor qu\u00e9 a ti no?<\/strong><\/p>\n<p><strong>\u00a0<\/strong><\/p>\n<p><strong>\u00a0<\/strong><\/p>\n<p><strong>Si le\u00edste \u201cUna vida, un sue\u00f1o, una ilusi\u00f3n\u201d y echaste algo de menos, no busques m\u00e1s, lo encontrar\u00e1s aqu\u00ed.<\/strong><\/p>\n","protected":false},"featured_media":98449,"comment_status":"closed","ping_status":"open","template":"","meta":{"_acf_changed":false},"libro":[],"product_brand":[],"product_cat":[26],"product_tag":[],"class_list":{"0":"post-98448","1":"product","2":"type-product","3":"status-publish","4":"has-post-thumbnail","6":"product_cat-sin-categoria","8":"first","9":"instock","10":"product-type-simple"},"acf":{"autor":[76912],"enlace_de_compra":"https:\/\/www.amazon.es\/esa-realidad-que-nos-separa\/dp\/8411443914\/"},"yoast_head":"<!-- This site is optimized with the Yoast SEO plugin v26.6 - https:\/\/yoast.com\/wordpress\/plugins\/seo\/ -->\n<title>T\u00fa, yo y esa realidad que nos separa - Catalogo | Letrame Grupo Editorial<\/title>\n<meta name=\"robots\" content=\"index, follow, max-snippet:-1, max-image-preview:large, max-video-preview:-1\" \/>\n<link rel=\"canonical\" href=\"https:\/\/letrame.com\/catalogo\/producto\/tu-yo-y-esa-realidad-que-nos-separa\/\" \/>\n<meta property=\"og:locale\" content=\"es_ES\" \/>\n<meta property=\"og:type\" content=\"article\" \/>\n<meta property=\"og:title\" content=\"T\u00fa, yo y esa realidad que nos separa - Catalogo | Letrame Grupo Editorial\" \/>\n<meta property=\"og:description\" content=\"ISBN: 978-84-1144-391-3 SINOPSIS \u00bfY si lo que creemos saber es s\u00f3lo una peque\u00f1a fracci\u00f3n de la realidad? \u00bfY si la realidad fuera contada desde diferentes puntos de vista? Los personajes y yo lo vemos as\u00ed y s\u00f3lo una de las m\u00faltiples realidades nos separa. &nbsp; Este libro no es un simple libro de autoayuda. De hecho, no lo es. Tu, yo y esa realidad que nos separa es menos que eso a veces. Es m\u00e1s que eso en otras ocasiones. Lo que s\u00e9 seguro, es que te ayudar\u00e1 a ayudarte, a dejarte encontrar, a pensar y no buscar tanto. \u00bfC\u00f3mo lo s\u00e9? Porque me ha ayudado a m\u00ed, a conocerme m\u00e1s\u2026 y tu y yo, \u00a1NO SOMOS TAN DIFERENTES! \u00a0 Deber\u00e1s tomar actitudes y aptitudes en momentos que pensamos complicados y muchos de ellos respondemos con brevedad. Y, \u00bfsi el DESTINO existe y son las m\u00faltiples elecciones de esas realidades que nos separan de los dem\u00e1s? T\u00fa decides c\u00f3mo y cu\u00e1ndo empezar.  \u00a0 Quiero que te encuentres contigo y este libro es mi peque\u00f1o mundo de esperanza. \u00bfQuieres hacerlo? Arri\u00e9sgate, act\u00faa y haz que ocurra. La soluci\u00f3n est\u00e1 aqu\u00ed dentro. Es sencillo. Hay que abrir el libro y encontrarse con uno mismo. A mi me fue bien, \u00bfpor qu\u00e9 a ti no? \u00a0 \u00a0 Si le\u00edste \u201cUna vida, un sue\u00f1o, una ilusi\u00f3n\u201d y echaste algo de menos, no busques m\u00e1s, lo encontrar\u00e1s aqu\u00ed.\" \/>\n<meta property=\"og:url\" content=\"https:\/\/letrame.com\/catalogo\/producto\/tu-yo-y-esa-realidad-que-nos-separa\/\" \/>\n<meta property=\"og:site_name\" content=\"Catalogo | Letrame Grupo Editorial\" \/>\n<meta property=\"article:modified_time\" content=\"2024-04-29T13:05:15+00:00\" \/>\n<meta property=\"og:image\" content=\"https:\/\/letrame.com\/catalogo\/wp-content\/uploads\/2024\/04\/redportada_tuyoesarealidad_12mm-2-compressed.jpg\" \/>\n\t<meta property=\"og:image:width\" content=\"601\" \/>\n\t<meta property=\"og:image:height\" content=\"881\" \/>\n\t<meta property=\"og:image:type\" content=\"image\/jpeg\" \/>\n<meta name=\"twitter:card\" content=\"summary_large_image\" \/>\n<meta name=\"twitter:label1\" content=\"Tiempo de lectura\" \/>\n\t<meta name=\"twitter:data1\" content=\"1 minuto\" \/>\n<script type=\"application\/ld+json\" class=\"yoast-schema-graph\">{\"@context\":\"https:\/\/schema.org\",\"@graph\":[{\"@type\":\"WebPage\",\"@id\":\"https:\/\/letrame.com\/catalogo\/producto\/tu-yo-y-esa-realidad-que-nos-separa\/\",\"url\":\"https:\/\/letrame.com\/catalogo\/producto\/tu-yo-y-esa-realidad-que-nos-separa\/\",\"name\":\"T\u00fa, yo y esa realidad que nos separa - Catalogo | Letrame Grupo Editorial\",\"isPartOf\":{\"@id\":\"https:\/\/letrame.com\/catalogo\/#website\"},\"primaryImageOfPage\":{\"@id\":\"https:\/\/letrame.com\/catalogo\/producto\/tu-yo-y-esa-realidad-que-nos-separa\/#primaryimage\"},\"image\":{\"@id\":\"https:\/\/letrame.com\/catalogo\/producto\/tu-yo-y-esa-realidad-que-nos-separa\/#primaryimage\"},\"thumbnailUrl\":\"https:\/\/letrame.com\/catalogo\/wp-content\/uploads\/2024\/04\/redportada_tuyoesarealidad_12mm-2-compressed.jpg\",\"datePublished\":\"2024-04-29T13:05:12+00:00\",\"dateModified\":\"2024-04-29T13:05:15+00:00\",\"breadcrumb\":{\"@id\":\"https:\/\/letrame.com\/catalogo\/producto\/tu-yo-y-esa-realidad-que-nos-separa\/#breadcrumb\"},\"inLanguage\":\"es\",\"potentialAction\":[{\"@type\":\"ReadAction\",\"target\":[\"https:\/\/letrame.com\/catalogo\/producto\/tu-yo-y-esa-realidad-que-nos-separa\/\"]}]},{\"@type\":\"ImageObject\",\"inLanguage\":\"es\",\"@id\":\"https:\/\/letrame.com\/catalogo\/producto\/tu-yo-y-esa-realidad-que-nos-separa\/#primaryimage\",\"url\":\"https:\/\/letrame.com\/catalogo\/wp-content\/uploads\/2024\/04\/redportada_tuyoesarealidad_12mm-2-compressed.jpg\",\"contentUrl\":\"https:\/\/letrame.com\/catalogo\/wp-content\/uploads\/2024\/04\/redportada_tuyoesarealidad_12mm-2-compressed.jpg\",\"width\":601,\"height\":881},{\"@type\":\"BreadcrumbList\",\"@id\":\"https:\/\/letrame.com\/catalogo\/producto\/tu-yo-y-esa-realidad-que-nos-separa\/#breadcrumb\",\"itemListElement\":[{\"@type\":\"ListItem\",\"position\":1,\"name\":\"Portada\",\"item\":\"https:\/\/letrame.com\/catalogo\/\"},{\"@type\":\"ListItem\",\"position\":2,\"name\":\"Cat\u00e1logo\",\"item\":\"https:\/\/letrame.com\/catalogo\/\"},{\"@type\":\"ListItem\",\"position\":3,\"name\":\"T\u00fa, yo y esa realidad que nos separa\"}]},{\"@type\":\"WebSite\",\"@id\":\"https:\/\/letrame.com\/catalogo\/#website\",\"url\":\"https:\/\/letrame.com\/catalogo\/\",\"name\":\"Catalogo | Letrame Grupo Editorial\",\"description\":\"\",\"publisher\":{\"@id\":\"https:\/\/letrame.com\/catalogo\/#organization\"},\"potentialAction\":[{\"@type\":\"SearchAction\",\"target\":{\"@type\":\"EntryPoint\",\"urlTemplate\":\"https:\/\/letrame.com\/catalogo\/?s={search_term_string}\"},\"query-input\":{\"@type\":\"PropertyValueSpecification\",\"valueRequired\":true,\"valueName\":\"search_term_string\"}}],\"inLanguage\":\"es\"},{\"@type\":\"Organization\",\"@id\":\"https:\/\/letrame.com\/catalogo\/#organization\",\"name\":\"Catalogo | Letrame Grupo Editorial\",\"url\":\"https:\/\/letrame.com\/catalogo\/\",\"logo\":{\"@type\":\"ImageObject\",\"inLanguage\":\"es\",\"@id\":\"https:\/\/letrame.com\/catalogo\/#\/schema\/logo\/image\/\",\"url\":\"https:\/\/letrame.com\/catalogo\/wp-content\/uploads\/2024\/03\/logo2.webp\",\"contentUrl\":\"https:\/\/letrame.com\/catalogo\/wp-content\/uploads\/2024\/03\/logo2.webp\",\"width\":394,\"height\":128,\"caption\":\"Catalogo | Letrame Grupo Editorial\"},\"image\":{\"@id\":\"https:\/\/letrame.com\/catalogo\/#\/schema\/logo\/image\/\"}}]}<\/script>\n<!-- \/ Yoast SEO plugin. -->","yoast_head_json":{"title":"T\u00fa, yo y esa realidad que nos separa - Catalogo | Letrame Grupo Editorial","robots":{"index":"index","follow":"follow","max-snippet":"max-snippet:-1","max-image-preview":"max-image-preview:large","max-video-preview":"max-video-preview:-1"},"canonical":"https:\/\/letrame.com\/catalogo\/producto\/tu-yo-y-esa-realidad-que-nos-separa\/","og_locale":"es_ES","og_type":"article","og_title":"T\u00fa, yo y esa realidad que nos separa - Catalogo | Letrame Grupo Editorial","og_description":"ISBN: 978-84-1144-391-3 SINOPSIS \u00bfY si lo que creemos saber es s\u00f3lo una peque\u00f1a fracci\u00f3n de la realidad? \u00bfY si la realidad fuera contada desde diferentes puntos de vista? Los personajes y yo lo vemos as\u00ed y s\u00f3lo una de las m\u00faltiples realidades nos separa. &nbsp; Este libro no es un simple libro de autoayuda. De hecho, no lo es. Tu, yo y esa realidad que nos separa es menos que eso a veces. Es m\u00e1s que eso en otras ocasiones. Lo que s\u00e9 seguro, es que te ayudar\u00e1 a ayudarte, a dejarte encontrar, a pensar y no buscar tanto. \u00bfC\u00f3mo lo s\u00e9? Porque me ha ayudado a m\u00ed, a conocerme m\u00e1s\u2026 y tu y yo, \u00a1NO SOMOS TAN DIFERENTES! \u00a0 Deber\u00e1s tomar actitudes y aptitudes en momentos que pensamos complicados y muchos de ellos respondemos con brevedad. Y, \u00bfsi el DESTINO existe y son las m\u00faltiples elecciones de esas realidades que nos separan de los dem\u00e1s? T\u00fa decides c\u00f3mo y cu\u00e1ndo empezar.  \u00a0 Quiero que te encuentres contigo y este libro es mi peque\u00f1o mundo de esperanza. \u00bfQuieres hacerlo? Arri\u00e9sgate, act\u00faa y haz que ocurra. La soluci\u00f3n est\u00e1 aqu\u00ed dentro. Es sencillo. Hay que abrir el libro y encontrarse con uno mismo. A mi me fue bien, \u00bfpor qu\u00e9 a ti no? \u00a0 \u00a0 Si le\u00edste \u201cUna vida, un sue\u00f1o, una ilusi\u00f3n\u201d y echaste algo de menos, no busques m\u00e1s, lo encontrar\u00e1s aqu\u00ed.","og_url":"https:\/\/letrame.com\/catalogo\/producto\/tu-yo-y-esa-realidad-que-nos-separa\/","og_site_name":"Catalogo | Letrame Grupo Editorial","article_modified_time":"2024-04-29T13:05:15+00:00","og_image":[{"width":601,"height":881,"url":"https:\/\/letrame.com\/catalogo\/wp-content\/uploads\/2024\/04\/redportada_tuyoesarealidad_12mm-2-compressed.jpg","type":"image\/jpeg"}],"twitter_card":"summary_large_image","twitter_misc":{"Tiempo de lectura":"1 minuto"},"schema":{"@context":"https:\/\/schema.org","@graph":[{"@type":"WebPage","@id":"https:\/\/letrame.com\/catalogo\/producto\/tu-yo-y-esa-realidad-que-nos-separa\/","url":"https:\/\/letrame.com\/catalogo\/producto\/tu-yo-y-esa-realidad-que-nos-separa\/","name":"T\u00fa, yo y esa realidad que nos separa - Catalogo | Letrame Grupo Editorial","isPartOf":{"@id":"https:\/\/letrame.com\/catalogo\/#website"},"primaryImageOfPage":{"@id":"https:\/\/letrame.com\/catalogo\/producto\/tu-yo-y-esa-realidad-que-nos-separa\/#primaryimage"},"image":{"@id":"https:\/\/letrame.com\/catalogo\/producto\/tu-yo-y-esa-realidad-que-nos-separa\/#primaryimage"},"thumbnailUrl":"https:\/\/letrame.com\/catalogo\/wp-content\/uploads\/2024\/04\/redportada_tuyoesarealidad_12mm-2-compressed.jpg","datePublished":"2024-04-29T13:05:12+00:00","dateModified":"2024-04-29T13:05:15+00:00","breadcrumb":{"@id":"https:\/\/letrame.com\/catalogo\/producto\/tu-yo-y-esa-realidad-que-nos-separa\/#breadcrumb"},"inLanguage":"es","potentialAction":[{"@type":"ReadAction","target":["https:\/\/letrame.com\/catalogo\/producto\/tu-yo-y-esa-realidad-que-nos-separa\/"]}]},{"@type":"ImageObject","inLanguage":"es","@id":"https:\/\/letrame.com\/catalogo\/producto\/tu-yo-y-esa-realidad-que-nos-separa\/#primaryimage","url":"https:\/\/letrame.com\/catalogo\/wp-content\/uploads\/2024\/04\/redportada_tuyoesarealidad_12mm-2-compressed.jpg","contentUrl":"https:\/\/letrame.com\/catalogo\/wp-content\/uploads\/2024\/04\/redportada_tuyoesarealidad_12mm-2-compressed.jpg","width":601,"height":881},{"@type":"BreadcrumbList","@id":"https:\/\/letrame.com\/catalogo\/producto\/tu-yo-y-esa-realidad-que-nos-separa\/#breadcrumb","itemListElement":[{"@type":"ListItem","position":1,"name":"Portada","item":"https:\/\/letrame.com\/catalogo\/"},{"@type":"ListItem","position":2,"name":"Cat\u00e1logo","item":"https:\/\/letrame.com\/catalogo\/"},{"@type":"ListItem","position":3,"name":"T\u00fa, yo y esa realidad que nos separa"}]},{"@type":"WebSite","@id":"https:\/\/letrame.com\/catalogo\/#website","url":"https:\/\/letrame.com\/catalogo\/","name":"Catalogo | Letrame Grupo Editorial","description":"","publisher":{"@id":"https:\/\/letrame.com\/catalogo\/#organization"},"potentialAction":[{"@type":"SearchAction","target":{"@type":"EntryPoint","urlTemplate":"https:\/\/letrame.com\/catalogo\/?s={search_term_string}"},"query-input":{"@type":"PropertyValueSpecification","valueRequired":true,"valueName":"search_term_string"}}],"inLanguage":"es"},{"@type":"Organization","@id":"https:\/\/letrame.com\/catalogo\/#organization","name":"Catalogo | Letrame Grupo Editorial","url":"https:\/\/letrame.com\/catalogo\/","logo":{"@type":"ImageObject","inLanguage":"es","@id":"https:\/\/letrame.com\/catalogo\/#\/schema\/logo\/image\/","url":"https:\/\/letrame.com\/catalogo\/wp-content\/uploads\/2024\/03\/logo2.webp","contentUrl":"https:\/\/letrame.com\/catalogo\/wp-content\/uploads\/2024\/03\/logo2.webp","width":394,"height":128,"caption":"Catalogo | Letrame Grupo Editorial"},"image":{"@id":"https:\/\/letrame.com\/catalogo\/#\/schema\/logo\/image\/"}}]}},"_links":{"self":[{"href":"https:\/\/letrame.com\/catalogo\/wp-json\/wp\/v2\/product\/98448","targetHints":{"allow":["GET"]}}],"collection":[{"href":"https:\/\/letrame.com\/catalogo\/wp-json\/wp\/v2\/product"}],"about":[{"href":"https:\/\/letrame.com\/catalogo\/wp-json\/wp\/v2\/types\/product"}],"replies":[{"embeddable":true,"href":"https:\/\/letrame.com\/catalogo\/wp-json\/wp\/v2\/comments?post=98448"}],"acf:post":[{"embeddable":true,"href":"https:\/\/letrame.com\/catalogo\/wp-json\/wp\/v2\/author_book\/76912"}],"wp:featuredmedia":[{"embeddable":true,"href":"https:\/\/letrame.com\/catalogo\/wp-json\/wp\/v2\/media\/98449"}],"wp:attachment":[{"href":"https:\/\/letrame.com\/catalogo\/wp-json\/wp\/v2\/media?parent=98448"}],"wp:term":[{"taxonomy":"libro","embeddable":true,"href":"https:\/\/letrame.com\/catalogo\/wp-json\/wp\/v2\/libro?post=98448"},{"taxonomy":"product_brand","embeddable":true,"href":"https:\/\/letrame.com\/catalogo\/wp-json\/wp\/v2\/product_brand?post=98448"},{"taxonomy":"product_cat","embeddable":true,"href":"https:\/\/letrame.com\/catalogo\/wp-json\/wp\/v2\/product_cat?post=98448"},{"taxonomy":"product_tag","embeddable":true,"href":"https:\/\/letrame.com\/catalogo\/wp-json\/wp\/v2\/product_tag?post=98448"}],"curies":[{"name":"wp","href":"https:\/\/api.w.org\/{rel}","templated":true}]}}