{"id":98442,"date":"2024-04-29T15:05:02","date_gmt":"2024-04-29T13:05:02","guid":{"rendered":"https:\/\/letrame.com\/catalogo\/producto\/poemas-y-otras-banalidades-de-mi-mente\/"},"modified":"2024-04-29T15:05:05","modified_gmt":"2024-04-29T13:05:05","slug":"poemas-y-otras-banalidades-de-mi-mente","status":"publish","type":"product","link":"https:\/\/letrame.com\/catalogo\/producto\/poemas-y-otras-banalidades-de-mi-mente\/","title":{"rendered":"Poemas y otras banalidades de mi mente"},"content":{"rendered":"<p><strong>ISBN<\/strong>: 978-84-1144-467-5<\/p>\n<p><strong>T\u00edtulo<\/strong>: Poemas y otras banalidades de mi mente<br \/>\n<strong>Fecha<\/strong>: 2022<br \/>\n<strong>P\u00e1ginas<\/strong>: 90<\/p>\n<p><strong>SINOPSIS<\/strong><\/p>\n<p>Poemas y otras banalidades de mi mente\u00a0es la primera obra po\u00e9tica escrita por David Mac\u00edas G\u00f3mez. Un poemario estructurado en tres partes: \u00abbanalidades de mi mente\u00bb donde encontraremos poemas de tem\u00e1tica variada cuya lectura nos hace tomar consciencia de diferentes aspectos de la vida; \u00abal amor de mis amores\u00bb colecci\u00f3n de poemas donde se enfrenta al amor desde diferentes puntos de vistas; y \u00abcomo Dios manda\u00bb un paseo en verso por la Pasi\u00f3n, Muerte y Resurrecci\u00f3n de Cristo.<\/p>\n<p>&nbsp;<\/p>\n<p>El poeta utiliza versos muy variados tanto de arte mayor como de arte menor, apareciendo principalmente el verso consonante y ofreciendo al lector un ritmo cadencioso que lo acompa\u00f1ar\u00e1 desde el principio hasta el final de su lectura.<\/p>\n<p>&nbsp;<\/p>\n","protected":false},"excerpt":{"rendered":"<p><strong>ISBN<\/strong>: 978-84-1144-467-5<\/p>\n<p><strong>SINOPSIS<\/strong><\/p>\n<p>Poemas y otras banalidades de mi mente\u00a0es la primera obra po\u00e9tica escrita por David Mac\u00edas G\u00f3mez. Un poemario estructurado en tres partes: \u00abbanalidades de mi mente\u00bb donde encontraremos poemas de tem\u00e1tica variada cuya lectura nos hace tomar consciencia de diferentes aspectos de la vida; \u00abal amor de mis amores\u00bb colecci\u00f3n de poemas donde se enfrenta al amor desde diferentes puntos de vistas; y \u00abcomo Dios manda\u00bb un paseo en verso por la Pasi\u00f3n, Muerte y Resurrecci\u00f3n de Cristo.<\/p>\n<p>&nbsp;<\/p>\n<p>El poeta utiliza versos muy variados tanto de arte mayor como de arte menor, apareciendo principalmente el verso consonante y ofreciendo al lector un ritmo cadencioso que lo acompa\u00f1ar\u00e1 desde el principio hasta el final de su lectura.<\/p>\n","protected":false},"featured_media":98443,"comment_status":"closed","ping_status":"open","template":"","meta":{"_acf_changed":false},"libro":[],"product_brand":[],"product_cat":[20],"product_tag":[],"class_list":{"0":"post-98442","1":"product","2":"type-product","3":"status-publish","4":"has-post-thumbnail","6":"product_cat-poesia","8":"first","9":"instock","10":"product-type-simple"},"acf":{"autor":[76907],"enlace_de_compra":""},"yoast_head":"<!-- This site is optimized with the Yoast SEO plugin v26.6 - https:\/\/yoast.com\/wordpress\/plugins\/seo\/ -->\n<title>Poemas y otras banalidades de mi mente - Catalogo | Letrame Grupo Editorial<\/title>\n<meta name=\"robots\" content=\"index, follow, max-snippet:-1, max-image-preview:large, max-video-preview:-1\" \/>\n<link rel=\"canonical\" href=\"https:\/\/letrame.com\/catalogo\/producto\/poemas-y-otras-banalidades-de-mi-mente\/\" \/>\n<meta property=\"og:locale\" content=\"es_ES\" \/>\n<meta property=\"og:type\" content=\"article\" \/>\n<meta property=\"og:title\" content=\"Poemas y otras banalidades de mi mente - Catalogo | Letrame Grupo Editorial\" \/>\n<meta property=\"og:description\" content=\"ISBN: 978-84-1144-467-5 SINOPSIS Poemas y otras banalidades de mi mente\u00a0es la primera obra po\u00e9tica escrita por David Mac\u00edas G\u00f3mez. Un poemario estructurado en tres partes: \u00abbanalidades de mi mente\u00bb donde encontraremos poemas de tem\u00e1tica variada cuya lectura nos hace tomar consciencia de diferentes aspectos de la vida; \u00abal amor de mis amores\u00bb colecci\u00f3n de poemas donde se enfrenta al amor desde diferentes puntos de vistas; y \u00abcomo Dios manda\u00bb un paseo en verso por la Pasi\u00f3n, Muerte y Resurrecci\u00f3n de Cristo. &nbsp; El poeta utiliza versos muy variados tanto de arte mayor como de arte menor, apareciendo principalmente el verso consonante y ofreciendo al lector un ritmo cadencioso que lo acompa\u00f1ar\u00e1 desde el principio hasta el final de su lectura.\" \/>\n<meta property=\"og:url\" content=\"https:\/\/letrame.com\/catalogo\/producto\/poemas-y-otras-banalidades-de-mi-mente\/\" \/>\n<meta property=\"og:site_name\" content=\"Catalogo | Letrame Grupo Editorial\" \/>\n<meta property=\"article:modified_time\" content=\"2024-04-29T13:05:05+00:00\" \/>\n<meta property=\"og:image\" content=\"https:\/\/letrame.com\/catalogo\/wp-content\/uploads\/2024\/04\/redportada_poemasyotras_575mm-3-compressed.jpg\" \/>\n\t<meta property=\"og:image:width\" content=\"601\" \/>\n\t<meta property=\"og:image:height\" content=\"868\" \/>\n\t<meta property=\"og:image:type\" content=\"image\/jpeg\" \/>\n<meta name=\"twitter:card\" content=\"summary_large_image\" \/>\n<meta name=\"twitter:label1\" content=\"Tiempo de lectura\" \/>\n\t<meta name=\"twitter:data1\" content=\"1 minuto\" \/>\n<script type=\"application\/ld+json\" class=\"yoast-schema-graph\">{\"@context\":\"https:\/\/schema.org\",\"@graph\":[{\"@type\":\"WebPage\",\"@id\":\"https:\/\/letrame.com\/catalogo\/producto\/poemas-y-otras-banalidades-de-mi-mente\/\",\"url\":\"https:\/\/letrame.com\/catalogo\/producto\/poemas-y-otras-banalidades-de-mi-mente\/\",\"name\":\"Poemas y otras banalidades de mi mente - Catalogo | Letrame Grupo Editorial\",\"isPartOf\":{\"@id\":\"https:\/\/letrame.com\/catalogo\/#website\"},\"primaryImageOfPage\":{\"@id\":\"https:\/\/letrame.com\/catalogo\/producto\/poemas-y-otras-banalidades-de-mi-mente\/#primaryimage\"},\"image\":{\"@id\":\"https:\/\/letrame.com\/catalogo\/producto\/poemas-y-otras-banalidades-de-mi-mente\/#primaryimage\"},\"thumbnailUrl\":\"https:\/\/letrame.com\/catalogo\/wp-content\/uploads\/2024\/04\/redportada_poemasyotras_575mm-3-compressed.jpg\",\"datePublished\":\"2024-04-29T13:05:02+00:00\",\"dateModified\":\"2024-04-29T13:05:05+00:00\",\"breadcrumb\":{\"@id\":\"https:\/\/letrame.com\/catalogo\/producto\/poemas-y-otras-banalidades-de-mi-mente\/#breadcrumb\"},\"inLanguage\":\"es\",\"potentialAction\":[{\"@type\":\"ReadAction\",\"target\":[\"https:\/\/letrame.com\/catalogo\/producto\/poemas-y-otras-banalidades-de-mi-mente\/\"]}]},{\"@type\":\"ImageObject\",\"inLanguage\":\"es\",\"@id\":\"https:\/\/letrame.com\/catalogo\/producto\/poemas-y-otras-banalidades-de-mi-mente\/#primaryimage\",\"url\":\"https:\/\/letrame.com\/catalogo\/wp-content\/uploads\/2024\/04\/redportada_poemasyotras_575mm-3-compressed.jpg\",\"contentUrl\":\"https:\/\/letrame.com\/catalogo\/wp-content\/uploads\/2024\/04\/redportada_poemasyotras_575mm-3-compressed.jpg\",\"width\":601,\"height\":868},{\"@type\":\"BreadcrumbList\",\"@id\":\"https:\/\/letrame.com\/catalogo\/producto\/poemas-y-otras-banalidades-de-mi-mente\/#breadcrumb\",\"itemListElement\":[{\"@type\":\"ListItem\",\"position\":1,\"name\":\"Portada\",\"item\":\"https:\/\/letrame.com\/catalogo\/\"},{\"@type\":\"ListItem\",\"position\":2,\"name\":\"Cat\u00e1logo\",\"item\":\"https:\/\/letrame.com\/catalogo\/\"},{\"@type\":\"ListItem\",\"position\":3,\"name\":\"Poemas y otras banalidades de mi mente\"}]},{\"@type\":\"WebSite\",\"@id\":\"https:\/\/letrame.com\/catalogo\/#website\",\"url\":\"https:\/\/letrame.com\/catalogo\/\",\"name\":\"Catalogo | Letrame Grupo Editorial\",\"description\":\"\",\"publisher\":{\"@id\":\"https:\/\/letrame.com\/catalogo\/#organization\"},\"potentialAction\":[{\"@type\":\"SearchAction\",\"target\":{\"@type\":\"EntryPoint\",\"urlTemplate\":\"https:\/\/letrame.com\/catalogo\/?s={search_term_string}\"},\"query-input\":{\"@type\":\"PropertyValueSpecification\",\"valueRequired\":true,\"valueName\":\"search_term_string\"}}],\"inLanguage\":\"es\"},{\"@type\":\"Organization\",\"@id\":\"https:\/\/letrame.com\/catalogo\/#organization\",\"name\":\"Catalogo | Letrame Grupo Editorial\",\"url\":\"https:\/\/letrame.com\/catalogo\/\",\"logo\":{\"@type\":\"ImageObject\",\"inLanguage\":\"es\",\"@id\":\"https:\/\/letrame.com\/catalogo\/#\/schema\/logo\/image\/\",\"url\":\"https:\/\/letrame.com\/catalogo\/wp-content\/uploads\/2024\/03\/logo2.webp\",\"contentUrl\":\"https:\/\/letrame.com\/catalogo\/wp-content\/uploads\/2024\/03\/logo2.webp\",\"width\":394,\"height\":128,\"caption\":\"Catalogo | Letrame Grupo Editorial\"},\"image\":{\"@id\":\"https:\/\/letrame.com\/catalogo\/#\/schema\/logo\/image\/\"}}]}<\/script>\n<!-- \/ Yoast SEO plugin. -->","yoast_head_json":{"title":"Poemas y otras banalidades de mi mente - Catalogo | Letrame Grupo Editorial","robots":{"index":"index","follow":"follow","max-snippet":"max-snippet:-1","max-image-preview":"max-image-preview:large","max-video-preview":"max-video-preview:-1"},"canonical":"https:\/\/letrame.com\/catalogo\/producto\/poemas-y-otras-banalidades-de-mi-mente\/","og_locale":"es_ES","og_type":"article","og_title":"Poemas y otras banalidades de mi mente - Catalogo | Letrame Grupo Editorial","og_description":"ISBN: 978-84-1144-467-5 SINOPSIS Poemas y otras banalidades de mi mente\u00a0es la primera obra po\u00e9tica escrita por David Mac\u00edas G\u00f3mez. Un poemario estructurado en tres partes: \u00abbanalidades de mi mente\u00bb donde encontraremos poemas de tem\u00e1tica variada cuya lectura nos hace tomar consciencia de diferentes aspectos de la vida; \u00abal amor de mis amores\u00bb colecci\u00f3n de poemas donde se enfrenta al amor desde diferentes puntos de vistas; y \u00abcomo Dios manda\u00bb un paseo en verso por la Pasi\u00f3n, Muerte y Resurrecci\u00f3n de Cristo. &nbsp; El poeta utiliza versos muy variados tanto de arte mayor como de arte menor, apareciendo principalmente el verso consonante y ofreciendo al lector un ritmo cadencioso que lo acompa\u00f1ar\u00e1 desde el principio hasta el final de su lectura.","og_url":"https:\/\/letrame.com\/catalogo\/producto\/poemas-y-otras-banalidades-de-mi-mente\/","og_site_name":"Catalogo | Letrame Grupo Editorial","article_modified_time":"2024-04-29T13:05:05+00:00","og_image":[{"width":601,"height":868,"url":"https:\/\/letrame.com\/catalogo\/wp-content\/uploads\/2024\/04\/redportada_poemasyotras_575mm-3-compressed.jpg","type":"image\/jpeg"}],"twitter_card":"summary_large_image","twitter_misc":{"Tiempo de lectura":"1 minuto"},"schema":{"@context":"https:\/\/schema.org","@graph":[{"@type":"WebPage","@id":"https:\/\/letrame.com\/catalogo\/producto\/poemas-y-otras-banalidades-de-mi-mente\/","url":"https:\/\/letrame.com\/catalogo\/producto\/poemas-y-otras-banalidades-de-mi-mente\/","name":"Poemas y otras banalidades de mi mente - Catalogo | Letrame Grupo Editorial","isPartOf":{"@id":"https:\/\/letrame.com\/catalogo\/#website"},"primaryImageOfPage":{"@id":"https:\/\/letrame.com\/catalogo\/producto\/poemas-y-otras-banalidades-de-mi-mente\/#primaryimage"},"image":{"@id":"https:\/\/letrame.com\/catalogo\/producto\/poemas-y-otras-banalidades-de-mi-mente\/#primaryimage"},"thumbnailUrl":"https:\/\/letrame.com\/catalogo\/wp-content\/uploads\/2024\/04\/redportada_poemasyotras_575mm-3-compressed.jpg","datePublished":"2024-04-29T13:05:02+00:00","dateModified":"2024-04-29T13:05:05+00:00","breadcrumb":{"@id":"https:\/\/letrame.com\/catalogo\/producto\/poemas-y-otras-banalidades-de-mi-mente\/#breadcrumb"},"inLanguage":"es","potentialAction":[{"@type":"ReadAction","target":["https:\/\/letrame.com\/catalogo\/producto\/poemas-y-otras-banalidades-de-mi-mente\/"]}]},{"@type":"ImageObject","inLanguage":"es","@id":"https:\/\/letrame.com\/catalogo\/producto\/poemas-y-otras-banalidades-de-mi-mente\/#primaryimage","url":"https:\/\/letrame.com\/catalogo\/wp-content\/uploads\/2024\/04\/redportada_poemasyotras_575mm-3-compressed.jpg","contentUrl":"https:\/\/letrame.com\/catalogo\/wp-content\/uploads\/2024\/04\/redportada_poemasyotras_575mm-3-compressed.jpg","width":601,"height":868},{"@type":"BreadcrumbList","@id":"https:\/\/letrame.com\/catalogo\/producto\/poemas-y-otras-banalidades-de-mi-mente\/#breadcrumb","itemListElement":[{"@type":"ListItem","position":1,"name":"Portada","item":"https:\/\/letrame.com\/catalogo\/"},{"@type":"ListItem","position":2,"name":"Cat\u00e1logo","item":"https:\/\/letrame.com\/catalogo\/"},{"@type":"ListItem","position":3,"name":"Poemas y otras banalidades de mi mente"}]},{"@type":"WebSite","@id":"https:\/\/letrame.com\/catalogo\/#website","url":"https:\/\/letrame.com\/catalogo\/","name":"Catalogo | Letrame Grupo Editorial","description":"","publisher":{"@id":"https:\/\/letrame.com\/catalogo\/#organization"},"potentialAction":[{"@type":"SearchAction","target":{"@type":"EntryPoint","urlTemplate":"https:\/\/letrame.com\/catalogo\/?s={search_term_string}"},"query-input":{"@type":"PropertyValueSpecification","valueRequired":true,"valueName":"search_term_string"}}],"inLanguage":"es"},{"@type":"Organization","@id":"https:\/\/letrame.com\/catalogo\/#organization","name":"Catalogo | Letrame Grupo Editorial","url":"https:\/\/letrame.com\/catalogo\/","logo":{"@type":"ImageObject","inLanguage":"es","@id":"https:\/\/letrame.com\/catalogo\/#\/schema\/logo\/image\/","url":"https:\/\/letrame.com\/catalogo\/wp-content\/uploads\/2024\/03\/logo2.webp","contentUrl":"https:\/\/letrame.com\/catalogo\/wp-content\/uploads\/2024\/03\/logo2.webp","width":394,"height":128,"caption":"Catalogo | Letrame Grupo Editorial"},"image":{"@id":"https:\/\/letrame.com\/catalogo\/#\/schema\/logo\/image\/"}}]}},"_links":{"self":[{"href":"https:\/\/letrame.com\/catalogo\/wp-json\/wp\/v2\/product\/98442","targetHints":{"allow":["GET"]}}],"collection":[{"href":"https:\/\/letrame.com\/catalogo\/wp-json\/wp\/v2\/product"}],"about":[{"href":"https:\/\/letrame.com\/catalogo\/wp-json\/wp\/v2\/types\/product"}],"replies":[{"embeddable":true,"href":"https:\/\/letrame.com\/catalogo\/wp-json\/wp\/v2\/comments?post=98442"}],"acf:post":[{"embeddable":true,"href":"https:\/\/letrame.com\/catalogo\/wp-json\/wp\/v2\/author_book\/76907"}],"wp:featuredmedia":[{"embeddable":true,"href":"https:\/\/letrame.com\/catalogo\/wp-json\/wp\/v2\/media\/98443"}],"wp:attachment":[{"href":"https:\/\/letrame.com\/catalogo\/wp-json\/wp\/v2\/media?parent=98442"}],"wp:term":[{"taxonomy":"libro","embeddable":true,"href":"https:\/\/letrame.com\/catalogo\/wp-json\/wp\/v2\/libro?post=98442"},{"taxonomy":"product_brand","embeddable":true,"href":"https:\/\/letrame.com\/catalogo\/wp-json\/wp\/v2\/product_brand?post=98442"},{"taxonomy":"product_cat","embeddable":true,"href":"https:\/\/letrame.com\/catalogo\/wp-json\/wp\/v2\/product_cat?post=98442"},{"taxonomy":"product_tag","embeddable":true,"href":"https:\/\/letrame.com\/catalogo\/wp-json\/wp\/v2\/product_tag?post=98442"}],"curies":[{"name":"wp","href":"https:\/\/api.w.org\/{rel}","templated":true}]}}