{"id":98431,"date":"2024-04-29T15:04:29","date_gmt":"2024-04-29T13:04:29","guid":{"rendered":"https:\/\/letrame.com\/catalogo\/producto\/horacio-un-hombre-inocente\/"},"modified":"2024-04-29T15:04:32","modified_gmt":"2024-04-29T13:04:32","slug":"horacio-un-hombre-inocente","status":"publish","type":"product","link":"https:\/\/letrame.com\/catalogo\/producto\/horacio-un-hombre-inocente\/","title":{"rendered":"Horacio: Un hombre inocente"},"content":{"rendered":"<p><strong>ISBN<\/strong>: 978-84-1144-460-6<\/p>\n<p><strong>T\u00edtulo<\/strong>: Horacio: Un hombre inocente<br \/>\n<strong>Fecha<\/strong>: 2022<br \/>\n<strong>P\u00e1ginas<\/strong>: 188<\/p>\n<p><strong>SINOPSIS<\/strong><\/p>\n<p>Horacio; el hombre inocente.<\/p>\n<p>Esta historia trata del amor, de la amistad, de la pasi\u00f3n, de la lealtad, del sexo, de la suerte y del destino. Y de la contraparte de estos sentimientos como: la delincuencia, la violencia callejera y&#8230;\u00a0 sangre. Y tambi\u00e9n la muerte&#8230; por accidente.\u00a0 Que invita a pensar&#8230; y a reflexionar sobre lo caprichosa que puede ser esta&#8230; la vida. \u00a1Y c\u00f3mo influyen las caracter\u00edsticas del hombre o la mujer&#8230; en el triunfo o el fracaso! Y cuando mucho te pondr\u00e1 a pensar en: \u00bfC\u00f3mo un hombre puede y logra confundirse ante estos dos sentimientos?\u00a0\u00a0\u00a0\u00a0\u00a0 Uno: real&#8230; que es la pasi\u00f3n.\u00a0 \u00bfY el otro? \u00bfEl enga\u00f1oso amor?\u00a0 \u00a1Bueno&#8230; solo cuando es enga\u00f1oso! \u00bfEl amor por fuerza tiene que estar ligado a la pasi\u00f3n?\u00a0 \u00bfCu\u00e1ndo es amor y cu\u00e1ndo es pasi\u00f3n? El amor tiene de su lado a un sentimiento llamado cari\u00f1o. La pasi\u00f3n tiene de su lado a dos tremendos sentimientos: el sexo&#8230;\u00a0 y el placer. El amor es perdurable cuando es grande; sincero y limpio.\u00a0 La pasi\u00f3n caduca. Y el cari\u00f1o solo es espiritual. Pero el placer&#8230;\u00a0 es real. Cuando la pasi\u00f3n perdura por mucho tiempo en una pareja \u2014en el acto de sentir a esta\u2014 florece entonces el cari\u00f1o. Y es cuando una relaci\u00f3n ya estar\u00eda encaminada para este: el amor por la interrelaci\u00f3n y el acto de conocerse a fondo; aprendiendo incluso ambos a interrelacionarse como pareja y a ser consecuentes con sus diferencias. Y luego: los hijos; los sue\u00f1os compartidos; \u00a1y m\u00e1s si existe bienaventuranza y todos los peque\u00f1os detalles que hacen que cuando muera la pasi\u00f3n&#8230; y ya se haya enraizado entre ambos el cari\u00f1o!\u00a0 Entonces s\u00ed&#8230; en esta relaci\u00f3n hombre-mujer \u2014como pareja\u2014 pueden entonces estar seguros que han descubierto \u00a1el verdadero amor!<\/p>\n<p>Jos\u00e9 Manuel Infante Guevara. Bulganin.<\/p>\n","protected":false},"excerpt":{"rendered":"<p><strong>ISBN<\/strong>: 978-84-1144-460-6<\/p>\n<p><strong>SINOPSIS<\/strong><\/p>\n<p>Horacio; el hombre inocente.<\/p>\n<p>Esta historia trata del amor, de la amistad, de la pasi\u00f3n, de la lealtad, del sexo, de la suerte y del destino. Y de la contraparte de estos sentimientos como: la delincuencia, la violencia callejera y&#8230;\u00a0 sangre. Y tambi\u00e9n la muerte&#8230; por accidente.\u00a0 Que invita a pensar&#8230; y a reflexionar sobre lo caprichosa que puede ser esta&#8230; la vida. \u00a1Y c\u00f3mo influyen las caracter\u00edsticas del hombre o la mujer&#8230; en el triunfo o el fracaso! Y cuando mucho te pondr\u00e1 a pensar en: \u00bfC\u00f3mo un hombre puede y logra confundirse ante estos dos sentimientos?\u00a0\u00a0\u00a0\u00a0\u00a0 Uno: real&#8230; que es la pasi\u00f3n.\u00a0 \u00bfY el otro? \u00bfEl enga\u00f1oso amor?\u00a0 \u00a1Bueno&#8230; solo cuando es enga\u00f1oso! \u00bfEl amor por fuerza tiene que estar ligado a la pasi\u00f3n?\u00a0 \u00bfCu\u00e1ndo es amor y cu\u00e1ndo es pasi\u00f3n? El amor tiene de su lado a un sentimiento llamado cari\u00f1o. La pasi\u00f3n tiene de su lado a dos tremendos sentimientos: el sexo&#8230;\u00a0 y el placer. El amor es perdurable cuando es grande; sincero y limpio.\u00a0 La pasi\u00f3n caduca. Y el cari\u00f1o solo es espiritual. Pero el placer&#8230;\u00a0 es real. Cuando la pasi\u00f3n perdura por mucho tiempo en una pareja \u2014en el acto de sentir a esta\u2014 florece entonces el cari\u00f1o. Y es cuando una relaci\u00f3n ya estar\u00eda encaminada para este: el amor por la interrelaci\u00f3n y el acto de conocerse a fondo; aprendiendo incluso ambos a interrelacionarse como pareja y a ser consecuentes con sus diferencias. Y luego: los hijos; los sue\u00f1os compartidos; \u00a1y m\u00e1s si existe bienaventuranza y todos los peque\u00f1os detalles que hacen que cuando muera la pasi\u00f3n&#8230; y ya se haya enraizado entre ambos el cari\u00f1o!\u00a0 Entonces s\u00ed&#8230; en esta relaci\u00f3n hombre-mujer \u2014como pareja\u2014 pueden entonces estar seguros que han descubierto \u00a1el verdadero amor!<\/p>\n<p>Jos\u00e9 Manuel Infante Guevara. Bulganin.<\/p>\n","protected":false},"featured_media":98432,"comment_status":"closed","ping_status":"open","template":"","meta":{"_acf_changed":false},"libro":[],"product_brand":[],"product_cat":[26],"product_tag":[],"class_list":{"0":"post-98431","1":"product","2":"type-product","3":"status-publish","4":"has-post-thumbnail","6":"product_cat-sin-categoria","8":"first","9":"instock","10":"product-type-simple"},"acf":{"autor":[76896],"enlace_de_compra":""},"yoast_head":"<!-- This site is optimized with the Yoast SEO plugin v27.4 - https:\/\/yoast.com\/product\/yoast-seo-wordpress\/ -->\n<title>Horacio: Un hombre inocente - Catalogo | Letrame Grupo Editorial<\/title>\n<meta name=\"robots\" content=\"index, follow, max-snippet:-1, max-image-preview:large, max-video-preview:-1\" \/>\n<link rel=\"canonical\" href=\"https:\/\/letrame.com\/catalogo\/producto\/horacio-un-hombre-inocente\/\" \/>\n<meta property=\"og:locale\" content=\"es_ES\" \/>\n<meta property=\"og:type\" content=\"article\" \/>\n<meta property=\"og:title\" content=\"Horacio: Un hombre inocente - Catalogo | Letrame Grupo Editorial\" \/>\n<meta property=\"og:description\" content=\"ISBN: 978-84-1144-460-6 SINOPSIS Horacio; el hombre inocente. Esta historia trata del amor, de la amistad, de la pasi\u00f3n, de la lealtad, del sexo, de la suerte y del destino. Y de la contraparte de estos sentimientos como: la delincuencia, la violencia callejera y...\u00a0 sangre. Y tambi\u00e9n la muerte... por accidente.\u00a0 Que invita a pensar... y a reflexionar sobre lo caprichosa que puede ser esta... la vida. \u00a1Y c\u00f3mo influyen las caracter\u00edsticas del hombre o la mujer... en el triunfo o el fracaso! Y cuando mucho te pondr\u00e1 a pensar en: \u00bfC\u00f3mo un hombre puede y logra confundirse ante estos dos sentimientos?\u00a0\u00a0\u00a0\u00a0\u00a0 Uno: real... que es la pasi\u00f3n.\u00a0 \u00bfY el otro? \u00bfEl enga\u00f1oso amor?\u00a0 \u00a1Bueno... solo cuando es enga\u00f1oso! \u00bfEl amor por fuerza tiene que estar ligado a la pasi\u00f3n?\u00a0 \u00bfCu\u00e1ndo es amor y cu\u00e1ndo es pasi\u00f3n? El amor tiene de su lado a un sentimiento llamado cari\u00f1o. La pasi\u00f3n tiene de su lado a dos tremendos sentimientos: el sexo...\u00a0 y el placer. El amor es perdurable cuando es grande; sincero y limpio.\u00a0 La pasi\u00f3n caduca. Y el cari\u00f1o solo es espiritual. Pero el placer...\u00a0 es real. Cuando la pasi\u00f3n perdura por mucho tiempo en una pareja \u2014en el acto de sentir a esta\u2014 florece entonces el cari\u00f1o. Y es cuando una relaci\u00f3n ya estar\u00eda encaminada para este: el amor por la interrelaci\u00f3n y el acto de conocerse a fondo; aprendiendo incluso ambos a interrelacionarse como pareja y a ser consecuentes con sus diferencias. Y luego: los hijos; los sue\u00f1os compartidos; \u00a1y m\u00e1s si existe bienaventuranza y todos los peque\u00f1os detalles que hacen que cuando muera la pasi\u00f3n... y ya se haya enraizado entre ambos el cari\u00f1o!\u00a0 Entonces s\u00ed... en esta relaci\u00f3n hombre-mujer \u2014como pareja\u2014 pueden entonces estar seguros que han descubierto \u00a1el verdadero amor! Jos\u00e9 Manuel Infante Guevara. Bulganin.\" \/>\n<meta property=\"og:url\" content=\"https:\/\/letrame.com\/catalogo\/producto\/horacio-un-hombre-inocente\/\" \/>\n<meta property=\"og:site_name\" content=\"Catalogo | Letrame Grupo Editorial\" \/>\n<meta property=\"article:modified_time\" content=\"2024-04-29T13:04:32+00:00\" \/>\n<meta property=\"og:image\" content=\"https:\/\/letrame.com\/catalogo\/wp-content\/uploads\/2024\/04\/redportada_horacio_974mm-1-compressed.jpg\" \/>\n\t<meta property=\"og:image:width\" content=\"601\" \/>\n\t<meta property=\"og:image:height\" content=\"881\" \/>\n\t<meta property=\"og:image:type\" content=\"image\/jpeg\" \/>\n<meta name=\"twitter:card\" content=\"summary_large_image\" \/>\n<meta name=\"twitter:label1\" content=\"Tiempo de lectura\" \/>\n\t<meta name=\"twitter:data1\" content=\"2 minutos\" \/>\n<script type=\"application\/ld+json\" class=\"yoast-schema-graph\">{\"@context\":\"https:\\\/\\\/schema.org\",\"@graph\":[{\"@type\":\"WebPage\",\"@id\":\"https:\\\/\\\/letrame.com\\\/catalogo\\\/producto\\\/horacio-un-hombre-inocente\\\/\",\"url\":\"https:\\\/\\\/letrame.com\\\/catalogo\\\/producto\\\/horacio-un-hombre-inocente\\\/\",\"name\":\"Horacio: Un hombre inocente - Catalogo | Letrame Grupo Editorial\",\"isPartOf\":{\"@id\":\"https:\\\/\\\/letrame.com\\\/catalogo\\\/#website\"},\"primaryImageOfPage\":{\"@id\":\"https:\\\/\\\/letrame.com\\\/catalogo\\\/producto\\\/horacio-un-hombre-inocente\\\/#primaryimage\"},\"image\":{\"@id\":\"https:\\\/\\\/letrame.com\\\/catalogo\\\/producto\\\/horacio-un-hombre-inocente\\\/#primaryimage\"},\"thumbnailUrl\":\"https:\\\/\\\/letrame.com\\\/catalogo\\\/wp-content\\\/uploads\\\/2024\\\/04\\\/redportada_horacio_974mm-1-compressed.jpg\",\"datePublished\":\"2024-04-29T13:04:29+00:00\",\"dateModified\":\"2024-04-29T13:04:32+00:00\",\"breadcrumb\":{\"@id\":\"https:\\\/\\\/letrame.com\\\/catalogo\\\/producto\\\/horacio-un-hombre-inocente\\\/#breadcrumb\"},\"inLanguage\":\"es\",\"potentialAction\":[{\"@type\":\"ReadAction\",\"target\":[\"https:\\\/\\\/letrame.com\\\/catalogo\\\/producto\\\/horacio-un-hombre-inocente\\\/\"]}]},{\"@type\":\"ImageObject\",\"inLanguage\":\"es\",\"@id\":\"https:\\\/\\\/letrame.com\\\/catalogo\\\/producto\\\/horacio-un-hombre-inocente\\\/#primaryimage\",\"url\":\"https:\\\/\\\/letrame.com\\\/catalogo\\\/wp-content\\\/uploads\\\/2024\\\/04\\\/redportada_horacio_974mm-1-compressed.jpg\",\"contentUrl\":\"https:\\\/\\\/letrame.com\\\/catalogo\\\/wp-content\\\/uploads\\\/2024\\\/04\\\/redportada_horacio_974mm-1-compressed.jpg\",\"width\":601,\"height\":881},{\"@type\":\"BreadcrumbList\",\"@id\":\"https:\\\/\\\/letrame.com\\\/catalogo\\\/producto\\\/horacio-un-hombre-inocente\\\/#breadcrumb\",\"itemListElement\":[{\"@type\":\"ListItem\",\"position\":1,\"name\":\"Portada\",\"item\":\"https:\\\/\\\/letrame.com\\\/catalogo\\\/\"},{\"@type\":\"ListItem\",\"position\":2,\"name\":\"Cat\u00e1logo\",\"item\":\"https:\\\/\\\/letrame.com\\\/catalogo\\\/\"},{\"@type\":\"ListItem\",\"position\":3,\"name\":\"Horacio: Un hombre inocente\"}]},{\"@type\":\"WebSite\",\"@id\":\"https:\\\/\\\/letrame.com\\\/catalogo\\\/#website\",\"url\":\"https:\\\/\\\/letrame.com\\\/catalogo\\\/\",\"name\":\"Catalogo | Letrame Grupo Editorial\",\"description\":\"\",\"publisher\":{\"@id\":\"https:\\\/\\\/letrame.com\\\/catalogo\\\/#organization\"},\"potentialAction\":[{\"@type\":\"SearchAction\",\"target\":{\"@type\":\"EntryPoint\",\"urlTemplate\":\"https:\\\/\\\/letrame.com\\\/catalogo\\\/?s={search_term_string}\"},\"query-input\":{\"@type\":\"PropertyValueSpecification\",\"valueRequired\":true,\"valueName\":\"search_term_string\"}}],\"inLanguage\":\"es\"},{\"@type\":\"Organization\",\"@id\":\"https:\\\/\\\/letrame.com\\\/catalogo\\\/#organization\",\"name\":\"Catalogo | Letrame Grupo Editorial\",\"url\":\"https:\\\/\\\/letrame.com\\\/catalogo\\\/\",\"logo\":{\"@type\":\"ImageObject\",\"inLanguage\":\"es\",\"@id\":\"https:\\\/\\\/letrame.com\\\/catalogo\\\/#\\\/schema\\\/logo\\\/image\\\/\",\"url\":\"https:\\\/\\\/letrame.com\\\/catalogo\\\/wp-content\\\/uploads\\\/2024\\\/03\\\/logo2.webp\",\"contentUrl\":\"https:\\\/\\\/letrame.com\\\/catalogo\\\/wp-content\\\/uploads\\\/2024\\\/03\\\/logo2.webp\",\"width\":394,\"height\":128,\"caption\":\"Catalogo | Letrame Grupo Editorial\"},\"image\":{\"@id\":\"https:\\\/\\\/letrame.com\\\/catalogo\\\/#\\\/schema\\\/logo\\\/image\\\/\"}}]}<\/script>\n<!-- \/ Yoast SEO plugin. -->","yoast_head_json":{"title":"Horacio: Un hombre inocente - Catalogo | Letrame Grupo Editorial","robots":{"index":"index","follow":"follow","max-snippet":"max-snippet:-1","max-image-preview":"max-image-preview:large","max-video-preview":"max-video-preview:-1"},"canonical":"https:\/\/letrame.com\/catalogo\/producto\/horacio-un-hombre-inocente\/","og_locale":"es_ES","og_type":"article","og_title":"Horacio: Un hombre inocente - Catalogo | Letrame Grupo Editorial","og_description":"ISBN: 978-84-1144-460-6 SINOPSIS Horacio; el hombre inocente. Esta historia trata del amor, de la amistad, de la pasi\u00f3n, de la lealtad, del sexo, de la suerte y del destino. Y de la contraparte de estos sentimientos como: la delincuencia, la violencia callejera y...\u00a0 sangre. Y tambi\u00e9n la muerte... por accidente.\u00a0 Que invita a pensar... y a reflexionar sobre lo caprichosa que puede ser esta... la vida. \u00a1Y c\u00f3mo influyen las caracter\u00edsticas del hombre o la mujer... en el triunfo o el fracaso! Y cuando mucho te pondr\u00e1 a pensar en: \u00bfC\u00f3mo un hombre puede y logra confundirse ante estos dos sentimientos?\u00a0\u00a0\u00a0\u00a0\u00a0 Uno: real... que es la pasi\u00f3n.\u00a0 \u00bfY el otro? \u00bfEl enga\u00f1oso amor?\u00a0 \u00a1Bueno... solo cuando es enga\u00f1oso! \u00bfEl amor por fuerza tiene que estar ligado a la pasi\u00f3n?\u00a0 \u00bfCu\u00e1ndo es amor y cu\u00e1ndo es pasi\u00f3n? El amor tiene de su lado a un sentimiento llamado cari\u00f1o. La pasi\u00f3n tiene de su lado a dos tremendos sentimientos: el sexo...\u00a0 y el placer. El amor es perdurable cuando es grande; sincero y limpio.\u00a0 La pasi\u00f3n caduca. Y el cari\u00f1o solo es espiritual. Pero el placer...\u00a0 es real. Cuando la pasi\u00f3n perdura por mucho tiempo en una pareja \u2014en el acto de sentir a esta\u2014 florece entonces el cari\u00f1o. Y es cuando una relaci\u00f3n ya estar\u00eda encaminada para este: el amor por la interrelaci\u00f3n y el acto de conocerse a fondo; aprendiendo incluso ambos a interrelacionarse como pareja y a ser consecuentes con sus diferencias. Y luego: los hijos; los sue\u00f1os compartidos; \u00a1y m\u00e1s si existe bienaventuranza y todos los peque\u00f1os detalles que hacen que cuando muera la pasi\u00f3n... y ya se haya enraizado entre ambos el cari\u00f1o!\u00a0 Entonces s\u00ed... en esta relaci\u00f3n hombre-mujer \u2014como pareja\u2014 pueden entonces estar seguros que han descubierto \u00a1el verdadero amor! Jos\u00e9 Manuel Infante Guevara. Bulganin.","og_url":"https:\/\/letrame.com\/catalogo\/producto\/horacio-un-hombre-inocente\/","og_site_name":"Catalogo | Letrame Grupo Editorial","article_modified_time":"2024-04-29T13:04:32+00:00","og_image":[{"width":601,"height":881,"url":"https:\/\/letrame.com\/catalogo\/wp-content\/uploads\/2024\/04\/redportada_horacio_974mm-1-compressed.jpg","type":"image\/jpeg"}],"twitter_card":"summary_large_image","twitter_misc":{"Tiempo de lectura":"2 minutos"},"schema":{"@context":"https:\/\/schema.org","@graph":[{"@type":"WebPage","@id":"https:\/\/letrame.com\/catalogo\/producto\/horacio-un-hombre-inocente\/","url":"https:\/\/letrame.com\/catalogo\/producto\/horacio-un-hombre-inocente\/","name":"Horacio: Un hombre inocente - Catalogo | Letrame Grupo Editorial","isPartOf":{"@id":"https:\/\/letrame.com\/catalogo\/#website"},"primaryImageOfPage":{"@id":"https:\/\/letrame.com\/catalogo\/producto\/horacio-un-hombre-inocente\/#primaryimage"},"image":{"@id":"https:\/\/letrame.com\/catalogo\/producto\/horacio-un-hombre-inocente\/#primaryimage"},"thumbnailUrl":"https:\/\/letrame.com\/catalogo\/wp-content\/uploads\/2024\/04\/redportada_horacio_974mm-1-compressed.jpg","datePublished":"2024-04-29T13:04:29+00:00","dateModified":"2024-04-29T13:04:32+00:00","breadcrumb":{"@id":"https:\/\/letrame.com\/catalogo\/producto\/horacio-un-hombre-inocente\/#breadcrumb"},"inLanguage":"es","potentialAction":[{"@type":"ReadAction","target":["https:\/\/letrame.com\/catalogo\/producto\/horacio-un-hombre-inocente\/"]}]},{"@type":"ImageObject","inLanguage":"es","@id":"https:\/\/letrame.com\/catalogo\/producto\/horacio-un-hombre-inocente\/#primaryimage","url":"https:\/\/letrame.com\/catalogo\/wp-content\/uploads\/2024\/04\/redportada_horacio_974mm-1-compressed.jpg","contentUrl":"https:\/\/letrame.com\/catalogo\/wp-content\/uploads\/2024\/04\/redportada_horacio_974mm-1-compressed.jpg","width":601,"height":881},{"@type":"BreadcrumbList","@id":"https:\/\/letrame.com\/catalogo\/producto\/horacio-un-hombre-inocente\/#breadcrumb","itemListElement":[{"@type":"ListItem","position":1,"name":"Portada","item":"https:\/\/letrame.com\/catalogo\/"},{"@type":"ListItem","position":2,"name":"Cat\u00e1logo","item":"https:\/\/letrame.com\/catalogo\/"},{"@type":"ListItem","position":3,"name":"Horacio: Un hombre inocente"}]},{"@type":"WebSite","@id":"https:\/\/letrame.com\/catalogo\/#website","url":"https:\/\/letrame.com\/catalogo\/","name":"Catalogo | Letrame Grupo Editorial","description":"","publisher":{"@id":"https:\/\/letrame.com\/catalogo\/#organization"},"potentialAction":[{"@type":"SearchAction","target":{"@type":"EntryPoint","urlTemplate":"https:\/\/letrame.com\/catalogo\/?s={search_term_string}"},"query-input":{"@type":"PropertyValueSpecification","valueRequired":true,"valueName":"search_term_string"}}],"inLanguage":"es"},{"@type":"Organization","@id":"https:\/\/letrame.com\/catalogo\/#organization","name":"Catalogo | Letrame Grupo Editorial","url":"https:\/\/letrame.com\/catalogo\/","logo":{"@type":"ImageObject","inLanguage":"es","@id":"https:\/\/letrame.com\/catalogo\/#\/schema\/logo\/image\/","url":"https:\/\/letrame.com\/catalogo\/wp-content\/uploads\/2024\/03\/logo2.webp","contentUrl":"https:\/\/letrame.com\/catalogo\/wp-content\/uploads\/2024\/03\/logo2.webp","width":394,"height":128,"caption":"Catalogo | Letrame Grupo Editorial"},"image":{"@id":"https:\/\/letrame.com\/catalogo\/#\/schema\/logo\/image\/"}}]}},"_links":{"self":[{"href":"https:\/\/letrame.com\/catalogo\/wp-json\/wp\/v2\/product\/98431","targetHints":{"allow":["GET"]}}],"collection":[{"href":"https:\/\/letrame.com\/catalogo\/wp-json\/wp\/v2\/product"}],"about":[{"href":"https:\/\/letrame.com\/catalogo\/wp-json\/wp\/v2\/types\/product"}],"replies":[{"embeddable":true,"href":"https:\/\/letrame.com\/catalogo\/wp-json\/wp\/v2\/comments?post=98431"}],"acf:post":[{"embeddable":true,"href":"https:\/\/letrame.com\/catalogo\/wp-json\/wp\/v2\/author_book\/76896"}],"wp:featuredmedia":[{"embeddable":true,"href":"https:\/\/letrame.com\/catalogo\/wp-json\/wp\/v2\/media\/98432"}],"wp:attachment":[{"href":"https:\/\/letrame.com\/catalogo\/wp-json\/wp\/v2\/media?parent=98431"}],"wp:term":[{"taxonomy":"libro","embeddable":true,"href":"https:\/\/letrame.com\/catalogo\/wp-json\/wp\/v2\/libro?post=98431"},{"taxonomy":"product_brand","embeddable":true,"href":"https:\/\/letrame.com\/catalogo\/wp-json\/wp\/v2\/product_brand?post=98431"},{"taxonomy":"product_cat","embeddable":true,"href":"https:\/\/letrame.com\/catalogo\/wp-json\/wp\/v2\/product_cat?post=98431"},{"taxonomy":"product_tag","embeddable":true,"href":"https:\/\/letrame.com\/catalogo\/wp-json\/wp\/v2\/product_tag?post=98431"}],"curies":[{"name":"wp","href":"https:\/\/api.w.org\/{rel}","templated":true}]}}